{"id":3352,"date":"2025-06-26T09:15:42","date_gmt":"2025-06-26T09:15:42","guid":{"rendered":"https:\/\/puffvapestore.com\/?post_type=product&#038;p=3352"},"modified":"2026-01-19T10:54:04","modified_gmt":"2026-01-19T10:54:04","slug":"tornado-randm-9000-gummy-bear","status":"publish","type":"product","link":"https:\/\/puffvapestore.com\/pl\/product\/tornado-randm-9000-gumowy-mis\/","title":{"rendered":"Tornado RandM 9000 - Gummy Bear"},"content":{"rendered":"<div data-elementor-type=\"wp-post\" data-elementor-id=\"3352\" class=\"elementor elementor-3352\">\n\t\t\t\t<div class=\"elementor-element elementor-element-d3f3f97 e-flex e-con-boxed e-con e-parent\" data-id=\"d3f3f97\" data-element_type=\"container\" data-e-type=\"container\">\n\t\t\t\t\t<div class=\"e-con-inner\">\n\t\t\t\t<div class=\"elementor-element elementor-element-9600b1d elementor-widget elementor-widget-text-editor\" data-id=\"9600b1d\" data-element_type=\"widget\" data-e-type=\"widget\" data-widget_type=\"text-editor.default\">\n\t\t\t\t<div class=\"elementor-widget-container\">\n\t\t\t\t\t\t\t\t\t<h2>Smak: Gummy Bear<\/h2><p>RandM Tornado 9000 Oursons G\u00e9lifi\u00e9s (Gelled Teddy Bear Taste) to e-liquid inspirowany klasycznymi s\u0142odyczami, zaprojektowany w celu odtworzenia owocowego, pikantnego i \u0142agodnego smaku kolorowych \u017celk\u00f3w.<\/p><ul><li><strong>Nuty g\u0142owy: Wybuchowy, s\u0142odki aromat mieszanych owoc\u00f3w.<\/strong><br \/>Pierwsze zaci\u0105gni\u0119cie: Od pierwszego zaci\u0105gni\u0119cia poczujesz mieszank\u0119 s\u0142odyczy r\u00f3\u017cnych owoc\u00f3w, podobn\u0105 do z\u0142o\u017conego owocowego aromatu Rainbow Gummy Bears, o smaku truskawki, pomara\u0144czy, cytryny lub owoc\u00f3w tropikalnych, zapewniaj\u0105c\u0105 \u017cywy, musuj\u0105cy smak.<\/li><li><strong>Nuta serca: galaretowata konsystencja \u017celk\u00f3w oraz r\u00f3wnowaga s\u0142odyczy i kwasowo\u015bci.<\/strong><br \/>G\u0142\u00f3wny smak: Owocowy smak stopniowo ujawnia unikalny smak Gummy Bears, symuluj\u0105c mi\u0119kk\u0105 konsystencj\u0119 prawdziwych gumowych cukierk\u00f3w, z umiarkowan\u0105 kwasowo\u015bci\u0105 (podobn\u0105 do kwasu cytrynowego lub jab\u0142kowego), aby zr\u00f3wnowa\u017cy\u0107 s\u0142odycz.<\/li><li><strong>Posmak: d\u0142ugi s\u0142odki finisz.<\/strong><br \/>Finisz: Na wydechu podniebienie pozostawia s\u0142odki posmak owocowych cukierk\u00f3w, podobny do owocowego aromatu po zjedzeniu mi\u0119kkiego cukierka, z utrzymuj\u0105c\u0105 si\u0119 s\u0142odycz\u0105 bez lepko\u015bci.<\/li><\/ul>\t\t\t\t\t\t\t\t<\/div>\n\t\t\t\t<\/div>\n\t\t\t\t\t<\/div>\n\t\t\t\t<\/div>\n\t\t<div class=\"elementor-element elementor-element-08c26f9 e-flex e-con-boxed e-con e-parent\" data-id=\"08c26f9\" data-element_type=\"container\" data-e-type=\"container\">\n\t\t\t\t\t<div class=\"e-con-inner\">\n\t\t\t\t<div class=\"elementor-element elementor-element-a005a97 elementor-widget elementor-widget-text-editor\" data-id=\"a005a97\" data-element_type=\"widget\" data-e-type=\"widget\" data-widget_type=\"text-editor.default\">\n\t\t\t\t<div class=\"elementor-widget-container\">\n\t\t\t\t\t\t\t\t\t<h2>Tornado RandM 9000 Gummy Bear<\/h2><p>Elektroniczny papieros RandM Tornado 9000 Gummy Bear charakteryzuje si\u0119 wyj\u0105tkowo d\u0142ug\u0105 \u017cywotno\u015bci\u0105 (do 9000 zaci\u0105gni\u0119\u0107), wysok\u0105 wydajno\u015bci\u0105 i unikalnym designem. Jest on wyposa\u017cony w akumulator o pojemno\u015bci 850 mAh i interfejs szybkiego \u0142adowania USB-C, dzi\u0119ki czemu mo\u017cna go w pe\u0142ni na\u0142adowa\u0107 w oko\u0142o godzin\u0119, zapewniaj\u0105c d\u0142ugotrwa\u0142e u\u017cytkowanie. Zintegrowany zbiornik na olej mie\u015bci oko\u0142o 18 ml oleju. Co wi\u0119cej, RandM Tornado 9000 Gummy Bear wykorzystuje atomizer siatkowy 0,8 oma, aby skutecznie poprawi\u0107 st\u0119\u017cenie dymu i smak.<\/p>\t\t\t\t\t\t\t\t<\/div>\n\t\t\t\t<\/div>\n\t\t\t\t\t<\/div>\n\t\t\t\t<\/div>\n\t\t<div class=\"elementor-element elementor-element-4ac287c e-flex e-con-boxed e-con e-parent\" data-id=\"4ac287c\" data-element_type=\"container\" data-e-type=\"container\">\n\t\t\t\t\t<div class=\"e-con-inner\">\n\t\t<div class=\"elementor-element elementor-element-bbd8e4a e-con-full e-flex e-con e-child\" data-id=\"bbd8e4a\" data-element_type=\"container\" data-e-type=\"container\">\n\t\t\t\t<div class=\"elementor-element elementor-element-0dc5338 elementor-widget elementor-widget-text-editor\" data-id=\"0dc5338\" data-element_type=\"widget\" data-e-type=\"widget\" data-widget_type=\"text-editor.default\">\n\t\t\t\t<div class=\"elementor-widget-container\">\n\t\t\t\t\t\t\t\t\t<h2>Cechy RandM Tornado 9000 Gummy Bear:<\/h2><ul><li>Pojemno\u015b\u0107 zaci\u0105gni\u0119cia : Do 9000 zaci\u0105gni\u0119\u0107, idealny do d\u0142ugotrwa\u0142ego u\u017cytkowania.<\/li><li>Bateria: Akumulator o pojemno\u015bci 850 mAh z funkcj\u0105 \u0142adowania typu C dla szybkiego i wydajnego \u0142adowania.<\/li><li>E-liquid: Wst\u0119pnie nape\u0142niony 18 ml e-liquidu o st\u0119\u017ceniu nikotyny 2% lub opcjonalnie 5%.<\/li><li>Technologia: Wykorzystuje zaawansowane rezystory siatkowe zapewniaj\u0105ce delikatn\u0105, r\u00f3wnomiern\u0105 par\u0119 i intensywny smak.<\/li><li>Konstrukcja: Ma\u0142y i lekki, elegancki i atrakcyjny, wyposa\u017cony w jasne diody LED RGB zapewniaj\u0105ce doskona\u0142e efekty wizualne. Nie s\u0105 wymagane \u017cadne przyciski: wystarczy wdycha\u0107, aby rozpocz\u0105\u0107, co jest przydatne dla pocz\u0105tkuj\u0105cych.<\/li><\/ul>\t\t\t\t\t\t\t\t<\/div>\n\t\t\t\t<\/div>\n\t\t\t\t<\/div>\n\t\t<div class=\"elementor-element elementor-element-8e0e87d e-con-full e-flex e-con e-child\" data-id=\"8e0e87d\" data-element_type=\"container\" data-e-type=\"container\">\n\t\t\t\t<div class=\"elementor-element elementor-element-63d978d elementor-widget elementor-widget-image-gallery\" data-id=\"63d978d\" data-element_type=\"widget\" data-e-type=\"widget\" data-widget_type=\"image-gallery.default\">\n\t\t\t\t<div class=\"elementor-widget-container\">\n\t\t\t\t\t\t\t<div class=\"elementor-image-gallery\">\n\t\t\t<div id='gallery-1' class='gallery galleryid-3352 gallery-columns-1 gallery-size-medium_large'><figure class='gallery-item'>\n\t\t\t<div class='gallery-icon landscape'>\n\t\t\t\t<img fetchpriority=\"high\" decoding=\"async\" width=\"768\" height=\"768\" src=\"https:\/\/puffvapestore.com\/wp-content\/uploads\/2025\/06\/RandM-Tornado-Vape-9000-Gummybear-pvafrt9000-768x768.jpg\" class=\"attachment-medium_large size-medium_large\" alt=\"Gumi\u015b RandM Tornado 9000\" aria-describedby=\"gallery-1-3155\" srcset=\"https:\/\/puffvapestore.com\/wp-content\/uploads\/2025\/06\/RandM-Tornado-Vape-9000-Gummybear-pvafrt9000-768x768.jpg 768w, https:\/\/puffvapestore.com\/wp-content\/uploads\/2025\/06\/RandM-Tornado-Vape-9000-Gummybear-pvafrt9000-300x300.jpg 300w, https:\/\/puffvapestore.com\/wp-content\/uploads\/2025\/06\/RandM-Tornado-Vape-9000-Gummybear-pvafrt9000-150x150.jpg 150w, https:\/\/puffvapestore.com\/wp-content\/uploads\/2025\/06\/RandM-Tornado-Vape-9000-Gummybear-pvafrt9000-600x600.jpg 600w, https:\/\/puffvapestore.com\/wp-content\/uploads\/2025\/06\/RandM-Tornado-Vape-9000-Gummybear-pvafrt9000-100x100.jpg 100w, https:\/\/puffvapestore.com\/wp-content\/uploads\/2025\/06\/RandM-Tornado-Vape-9000-Gummybear-pvafrt9000.jpg 1016w\" sizes=\"(max-width: 768px) 100vw, 768px\" \/>\n\t\t\t<\/div>\n\t\t\t\t<figcaption class='wp-caption-text gallery-caption' id='gallery-1-3155'>\n\t\t\t\tGumi\u015b RandM Tornado 9000\n\t\t\t\t<\/figcaption><\/figure>\n\t\t<\/div>\n\t\t<\/div>\n\t\t\t\t\t\t<\/div>\n\t\t\t\t<\/div>\n\t\t\t\t<\/div>\n\t\t\t\t\t<\/div>\n\t\t\t\t<\/div>\n\t\t<div class=\"elementor-element elementor-element-718b380 e-flex e-con-boxed e-con e-parent\" data-id=\"718b380\" data-element_type=\"container\" data-e-type=\"container\">\n\t\t\t\t\t<div class=\"e-con-inner\">\n\t\t\t\t<div class=\"elementor-element elementor-element-d2cc8fa elementor-widget elementor-widget-text-editor\" data-id=\"d2cc8fa\" data-element_type=\"widget\" data-e-type=\"widget\" data-widget_type=\"text-editor.default\">\n\t\t\t\t<div class=\"elementor-widget-container\">\n\t\t\t\t\t\t\t\t\t<h3>Czy \u017cywotno\u015b\u0107 baterii modelu RandM Tornado 9000 Gummy Bear jest wystarczaj\u0105ca do u\u017cycia 18 ml e-liquidu?<\/h3><p>Bateria o pojemno\u015bci 850 mAh w modelu RandM Tornado 9000 Gummy Bear zapewnia 9000 zaci\u0105gni\u0119\u0107 18 ml e-liquidu po kilku \u0142adowaniach.<\/p><p>Model RandM Tornado 9000 Gummy Bear jest wyposa\u017cony w akumulator 850 mAh i 18 ml wst\u0119pnie nape\u0142nionego e-liquidu, oferuj\u0105c oko\u0142o 9000 zaci\u0105gni\u0119\u0107. Akumulator o pojemno\u015bci 850 mAh oferuje wi\u0119ksz\u0105 pojemno\u015b\u0107 ni\u017c jednorazowe baterie i umo\u017cliwia szybkie \u0142adowanie za po\u015brednictwem portu Type-C. Bateria 850 mAh modelu RandM Tornado 9000 mo\u017ce obs\u0142u\u017cy\u0107 oko\u0142o 200 do 1000 zaci\u0105gni\u0119\u0107 na jednym pe\u0142nym na\u0142adowaniu (w zale\u017cno\u015bci od czasu trwania zaci\u0105gni\u0119cia). Pojedyncze \u0142adowanie 850 mAh nie wystarcza na pokrycie 9000 zaci\u0105gni\u0119\u0107, ale kilka \u0142adowa\u0144 mo\u017ce zrekompensowa\u0107 ten niedob\u00f3r. Co wi\u0119cej, baterie litowo-jonowe (takie jak baterie 850 mAh) zazwyczaj wytrzymuj\u0105 od 300 do 500 pe\u0142nych cykli \u0142adowania (od 0 % do 100 %), co oznacza, \u017ce ca\u0142kowita autonomia znacznie przekracza potrzeby urz\u0105dze\u0144 jednorazowych.<\/p><h3>Czy smak RandM Tornado 9000 z czasem zanika?<\/h3><p>Smak RandM Tornado 9000 nie zanika z up\u0142ywem czasu.<\/p><p>Model RandM Tornado 9000 oferuje bardzo sp\u00f3jne doznania smakowe przez ca\u0142y cykl u\u017cytkowania. Du\u017ca pojemno\u015b\u0107 18 ml e-liquidu i technologia rdzenia siatkowego 0,8 ohm zapewniaj\u0105 sta\u0142\u0105, d\u0142ugotrwa\u0142\u0105 dawk\u0119. Owocowe smaki, takie jak \u00abICE\u00bb i \u00abBlueberry Raspberry\u00bb, zachowuj\u0105 \u015bwie\u017co\u015b\u0107 i nie blakn\u0105 przez tygodnie u\u017cytkowania.<\/p><h5>R\u00f3\u017cne do\u015bwiadczenia u\u017cytkownika dla r\u00f3\u017cnych os\u00f3b<\/h5><p>Chocia\u017c technologia zosta\u0142a zaprojektowana tak, aby zachowa\u0107 sp\u00f3jny smak, wra\u017cenia u\u017cytkownika b\u0119d\u0105 si\u0119 r\u00f3\u017cni\u0107 w zale\u017cno\u015bci od osoby. Niekt\u00f3rzy u\u017cytkownicy zg\u0142aszaj\u0105, \u017ce niekt\u00f3re smaki (takie jak te zawieraj\u0105ce elementy \u00abICE\u00bb) mog\u0105 do\u015bwiadcza\u0107 zmian w smaku po d\u0142u\u017cszym u\u017cytkowaniu, takich jak zwi\u0119kszona \u015bwie\u017co\u015b\u0107 i nieco l\u017cejsze smaki owocowe. Mo\u017ce to by\u0107 zwi\u0105zane ze zm\u0119czeniem smakiem. Wi\u0119kszo\u015b\u0107 u\u017cytkownik\u00f3w elektronicznego papierosa RandM Tornado 9000 uwa\u017ca, \u017ce jego smak pozostaje stabilny przez ca\u0142y okres u\u017cytkowania. Je\u015bli znudzi ci si\u0119 smak, mo\u017cesz go zmieni\u0107. Cz\u0119sta zmiana smaku jest dobrym sposobem na z\u0142agodzenie zm\u0119czenia smakiem.<\/p>\t\t\t\t\t\t\t\t<\/div>\n\t\t\t\t<\/div>\n\t\t\t\t\t<\/div>\n\t\t\t\t<\/div>\n\t\t\t\t<\/div>","protected":false},"excerpt":{"rendered":"<p>Go\u00fbt: Gummy Bear RandM Tornado 9000 Oursons G\u00e9lifi\u00e9s (Go\u00fbt Oursons G\u00e9lifi\u00e9s) est un e-liquide inspir\u00e9 des bonbons classiques, con\u00e7u pour reproduire l&rsquo;ar\u00f4me fruit\u00e9 acidul\u00e9 et moelleux des bonbons g\u00e9lifi\u00e9s color\u00e9s. Note de t\u00eate\u00a0: Ar\u00f4me explosif et sucr\u00e9 de fruits m\u00e9lang\u00e9s. Premi\u00e8re bouff\u00e9e\u00a0: D\u00e8s la premi\u00e8re bouff\u00e9e, vous ressentirez la douceur m\u00eal\u00e9e de divers fruits, similaire [&hellip;]<\/p>\n","protected":false},"featured_media":3155,"comment_status":"open","ping_status":"closed","template":"","meta":{"site-sidebar-layout":"no-sidebar","site-content-layout":"page-builder","ast-site-content-layout":"normal-width-container","site-content-style":"default","site-sidebar-style":"default","ast-global-header-display":"","ast-banner-title-visibility":"","ast-main-header-display":"","ast-hfb-above-header-display":"","ast-hfb-below-header-display":"","ast-hfb-mobile-header-display":"","site-post-title":"disabled","ast-breadcrumbs-content":"","ast-featured-img":"disabled","footer-sml-layout":"","ast-disable-related-posts":"","theme-transparent-header-meta":"default","adv-header-id-meta":"","stick-header-meta":"default","header-above-stick-meta":"","header-main-stick-meta":"","header-below-stick-meta":"","astra-migrate-meta-layouts":"set","ast-page-background-enabled":"default","ast-page-background-meta":{"desktop":{"background-color":"","background-image":"","background-repeat":"repeat","background-position":"center center","background-size":"auto","background-attachment":"scroll","background-type":"","background-media":"","overlay-type":"","overlay-color":"","overlay-opacity":"","overlay-gradient":""},"tablet":{"background-color":"","background-image":"","background-repeat":"repeat","background-position":"center center","background-size":"auto","background-attachment":"scroll","background-type":"","background-media":"","overlay-type":"","overlay-color":"","overlay-opacity":"","overlay-gradient":""},"mobile":{"background-color":"","background-image":"","background-repeat":"repeat","background-position":"center center","background-size":"auto","background-attachment":"scroll","background-type":"","background-media":"","overlay-type":"","overlay-color":"","overlay-opacity":"","overlay-gradient":""}},"ast-content-background-meta":{"desktop":{"background-color":"var(--ast-global-color-5)","background-image":"","background-repeat":"repeat","background-position":"center center","background-size":"auto","background-attachment":"scroll","background-type":"","background-media":"","overlay-type":"","overlay-color":"","overlay-opacity":"","overlay-gradient":""},"tablet":{"background-color":"var(--ast-global-color-5)","background-image":"","background-repeat":"repeat","background-position":"center center","background-size":"auto","background-attachment":"scroll","background-type":"","background-media":"","overlay-type":"","overlay-color":"","overlay-opacity":"","overlay-gradient":""},"mobile":{"background-color":"var(--ast-global-color-5)","background-image":"","background-repeat":"repeat","background-position":"center center","background-size":"auto","background-attachment":"scroll","background-type":"","background-media":"","overlay-type":"","overlay-color":"","overlay-opacity":"","overlay-gradient":""}}},"product_brand":[42],"product_cat":[43,78,15],"product_tag":[],"class_list":{"0":"post-3352","1":"product","2":"type-product","3":"status-publish","4":"has-post-thumbnail","6":"product_brand-randm-tornado","7":"product_cat-randm-tornado-9000","8":"product_cat-puff-9k","9":"product_cat-magasin-cigarette-electronique","10":"desktop-align-center","11":"tablet-align-center","12":"mobile-align-center","13":"ast-product-gallery-layout-horizontal","14":"ast-product-gallery-with-no-image","15":"ast-product-single-variable","16":"ast-product-tabs-layout-horizontal","17":"ast-qv-on-image","19":"first","20":"outofstock","21":"sale","22":"shipping-taxable","23":"purchasable","24":"product-type-variable","25":"has-default-attributes"},"tiered_pricing_type":"fixed","tiered_pricing_fixed_rules":{"30":8.58,"60":8.13,"100":7.61,"200":7.12,"400":6.86},"tiered_pricing_product_settings":{"layout":"default","base_unit_name":{"singular":null,"plural":null},"default_variation":null},"tiered_pricing_minimum_quantity":null,"tiered_pricing_roles_data":[],"tiered_pricing_percentage_rules":[],"_links":{"self":[{"href":"https:\/\/puffvapestore.com\/pl\/wp-json\/wp\/v2\/product\/3352","targetHints":{"allow":["GET"]}}],"collection":[{"href":"https:\/\/puffvapestore.com\/pl\/wp-json\/wp\/v2\/product"}],"about":[{"href":"https:\/\/puffvapestore.com\/pl\/wp-json\/wp\/v2\/types\/product"}],"replies":[{"embeddable":true,"href":"https:\/\/puffvapestore.com\/pl\/wp-json\/wp\/v2\/comments?post=3352"}],"version-history":[{"count":8,"href":"https:\/\/puffvapestore.com\/pl\/wp-json\/wp\/v2\/product\/3352\/revisions"}],"predecessor-version":[{"id":7248,"href":"https:\/\/puffvapestore.com\/pl\/wp-json\/wp\/v2\/product\/3352\/revisions\/7248"}],"wp:featuredmedia":[{"embeddable":true,"href":"https:\/\/puffvapestore.com\/pl\/wp-json\/wp\/v2\/media\/3155"}],"wp:attachment":[{"href":"https:\/\/puffvapestore.com\/pl\/wp-json\/wp\/v2\/media?parent=3352"}],"wp:term":[{"taxonomy":"product_brand","embeddable":true,"href":"https:\/\/puffvapestore.com\/pl\/wp-json\/wp\/v2\/product_brand?post=3352"},{"taxonomy":"product_cat","embeddable":true,"href":"https:\/\/puffvapestore.com\/pl\/wp-json\/wp\/v2\/product_cat?post=3352"},{"taxonomy":"product_tag","embeddable":true,"href":"https:\/\/puffvapestore.com\/pl\/wp-json\/wp\/v2\/product_tag?post=3352"}],"curies":[{"name":"wp","href":"https:\/\/api.w.org\/{rel}","templated":true}]}}