{"id":2535,"date":"2025-06-21T08:42:06","date_gmt":"2025-06-21T08:42:06","guid":{"rendered":"https:\/\/puffvapestore.com\/?post_type=product&#038;p=2535"},"modified":"2026-01-19T10:32:53","modified_gmt":"2026-01-19T10:32:53","slug":"puff-7000-randm-tornado-strawberry-banana","status":"publish","type":"product","link":"https:\/\/puffvapestore.com\/pl\/product\/puff-7000-randm-tornado-truskawka-banan\/","title":{"rendered":"Puff 7000 Taff RandM Tornado 7K - Strawberry Banana"},"content":{"rendered":"<div data-elementor-type=\"wp-post\" data-elementor-id=\"2535\" class=\"elementor elementor-2535\">\n\t\t\t\t<div class=\"elementor-element elementor-element-d3f3f97 e-flex e-con-boxed e-con e-parent\" data-id=\"d3f3f97\" data-element_type=\"container\" data-e-type=\"container\">\n\t\t\t\t\t<div class=\"e-con-inner\">\n\t\t\t\t<div class=\"elementor-element elementor-element-9600b1d elementor-widget elementor-widget-text-editor\" data-id=\"9600b1d\" data-element_type=\"widget\" data-e-type=\"widget\" data-widget_type=\"text-editor.default\">\n\t\t\t\t<div class=\"elementor-widget-container\">\n\t\t\t\t\t\t\t\t\t<h2>Smak: truskawkowo-bananowy<\/h2><p>Smak RandM Tornado 7000 Strawberry Banana to klasyczna, delikatna owocowa mieszanka z truskawk\u0105 i bananem jako g\u0142\u00f3wnymi smakami, zaprojektowana w celu zapewnienia g\u0142adkiego, naturalnego tropikalnego smaku deseru.<\/p><ul><li><strong>Douce Fraise :<\/strong><br \/>G\u0142\u00f3wnym smakiem jest smak dojrza\u0142ych truskawek, zapewniaj\u0105cy soczyst\u0105, naturaln\u0105 s\u0142odycz przypominaj\u0105c\u0105 \u015bwie\u017co zebrane truskawki. Smak truskawkowy jest bogaty i g\u0142adki, oferuj\u0105c intensywny owocowy aromat z nut\u0105 kwasowo\u015bci, podkre\u015blaj\u0105c\u0105 czysto\u015b\u0107 jego smaku.<\/li><li><strong>Kremowy smak banan\u00f3w:<\/strong><br \/>Banan jest drugorz\u0119dnym smakiem, zapewniaj\u0105cym jedwabist\u0105, g\u0142adk\u0105 s\u0142odycz, kt\u00f3ra uzupe\u0142nia smak truskawkowy. Smak bananowy jest wyra\u017anie wyczuwalny na wydechu, z kremowym, jedwabistym smakiem, kt\u00f3ry jest bogaty i g\u0142adki, ale nie zbyt ci\u0119\u017cki.<\/li><\/ul>\t\t\t\t\t\t\t\t<\/div>\n\t\t\t\t<\/div>\n\t\t\t\t\t<\/div>\n\t\t\t\t<\/div>\n\t\t<div class=\"elementor-element elementor-element-08c26f9 e-flex e-con-boxed e-con e-parent\" data-id=\"08c26f9\" data-element_type=\"container\" data-e-type=\"container\">\n\t\t\t\t\t<div class=\"e-con-inner\">\n\t\t\t\t<div class=\"elementor-element elementor-element-a005a97 elementor-widget elementor-widget-text-editor\" data-id=\"a005a97\" data-element_type=\"widget\" data-e-type=\"widget\" data-widget_type=\"text-editor.default\">\n\t\t\t\t<div class=\"elementor-widget-container\">\n\t\t\t\t\t\t\t\t\t<h2>RandM Tornado 7K Strawberry Banana<\/h2><p>Jednorazowy papieros elektroniczny RandM Tornado 7000 Strawberry Banana jest wst\u0119pnie nape\u0142niony 14 ml wysokiej jako\u015bci e-liquidu z solami nikotyny o dw\u00f3ch mocach nikotyny: 2 % i 5 %, spe\u0142niaj\u0105c potrzeby zar\u00f3wno okazjonalnych vaper\u00f3w, jak i tych, kt\u00f3rzy szukaj\u0105 bardziej intensywnych wra\u017ce\u0144. Wbudowana bateria jest wyposa\u017cona w niezawodny port \u0142adowania typu C, kt\u00f3ry zapewnia ci\u0105g\u0142e zasilanie, pozwalaj\u0105c u\u017cytkownikom cieszy\u0107 si\u0119 ka\u017cdym zaci\u0105gni\u0119ciem. Jego stylowa, przeno\u015bna konstrukcja \u0142\u0105czy praktyczno\u015b\u0107 z d\u0142ugotrwa\u0142\u0105 wydajno\u015bci\u0105, co czyni go idealnym wyborem dla entuzjast\u00f3w elektronicznych papieros\u00f3w.<\/p>\t\t\t\t\t\t\t\t<\/div>\n\t\t\t\t<\/div>\n\t\t\t\t\t<\/div>\n\t\t\t\t<\/div>\n\t\t<div class=\"elementor-element elementor-element-4ac287c e-flex e-con-boxed e-con e-parent\" data-id=\"4ac287c\" data-element_type=\"container\" data-e-type=\"container\">\n\t\t\t\t\t<div class=\"e-con-inner\">\n\t\t<div class=\"elementor-element elementor-element-bbd8e4a e-con-full e-flex e-con e-child\" data-id=\"bbd8e4a\" data-element_type=\"container\" data-e-type=\"container\">\n\t\t\t\t<div class=\"elementor-element elementor-element-0dc5338 elementor-widget elementor-widget-text-editor\" data-id=\"0dc5338\" data-element_type=\"widget\" data-e-type=\"widget\" data-widget_type=\"text-editor.default\">\n\t\t\t\t<div class=\"elementor-widget-container\">\n\t\t\t\t\t\t\t\t\t<h2>Cechy RandM Tornado 7000 Strawberry Banana:<\/h2><ul><li><strong>Liczba zaci\u0105gni\u0119\u0107<\/strong>\u00a0Ka\u017cde urz\u0105dzenie mo\u017ce wykona\u0107 do 7000 zaci\u0105gni\u0119\u0107, co jest idealne do d\u0142ugotrwa\u0142ego u\u017cytkowania.<\/li><li><strong>Bateria\u00a0<\/strong>Akumulator 850 mAh z portem \u0142adowania typu C do szybkiego \u0142adowania (od 30 do 60 minut).<\/li><li><strong>Pojemno\u015b\u0107 e-liquidu<\/strong>\u00a0Wst\u0119pnie nape\u0142nione zbiorniki o pojemno\u015bci 14 ml z wyborem 2 soli nikotyny % lub 5 soli nikotyny %.<\/li><li><strong>Projekt\u00a0<\/strong>Przeno\u015bny, wykonany z trwa\u0142ych materia\u0142\u00f3w, posiada przezroczysty zbiornik oleju do sprawdzania pozosta\u0142ego poziomu oleju. O\u015bwietlenie RGB i wska\u017aniki LED dodaj\u0105 elegancji.<\/li><li><strong>Odporno\u015b\u0107 siatki<\/strong>\u00a0U\u017cyj rezystora Mesh, aby uzyska\u0107 sp\u00f3jny smak i produkcj\u0119 pary.<\/li><\/ul>\t\t\t\t\t\t\t\t<\/div>\n\t\t\t\t<\/div>\n\t\t\t\t<\/div>\n\t\t<div class=\"elementor-element elementor-element-8e0e87d e-con-full e-flex e-con e-child\" data-id=\"8e0e87d\" data-element_type=\"container\" data-e-type=\"container\">\n\t\t\t\t<div class=\"elementor-element elementor-element-63d978d elementor-widget elementor-widget-image-gallery\" data-id=\"63d978d\" data-element_type=\"widget\" data-e-type=\"widget\" data-widget_type=\"image-gallery.default\">\n\t\t\t\t<div class=\"elementor-widget-container\">\n\t\t\t\t\t\t\t<div class=\"elementor-image-gallery\">\n\t\t\t<div id='gallery-1' class='gallery galleryid-2535 gallery-columns-1 gallery-size-medium_large'><figure class='gallery-item'>\n\t\t\t<div class='gallery-icon landscape'>\n\t\t\t\t<img fetchpriority=\"high\" decoding=\"async\" width=\"768\" height=\"768\" src=\"https:\/\/puffvapestore.com\/wp-content\/uploads\/2025\/06\/RandM-Tornado-7000-Strawberry-Banana-pvafrt7000-768x768.jpg\" class=\"attachment-medium_large size-medium_large\" alt=\"Strawberry Banana RandM Tornado 7000\" aria-describedby=\"gallery-1-2287\" srcset=\"https:\/\/puffvapestore.com\/wp-content\/uploads\/2025\/06\/RandM-Tornado-7000-Strawberry-Banana-pvafrt7000-768x768.jpg 768w, https:\/\/puffvapestore.com\/wp-content\/uploads\/2025\/06\/RandM-Tornado-7000-Strawberry-Banana-pvafrt7000-300x300.jpg 300w, https:\/\/puffvapestore.com\/wp-content\/uploads\/2025\/06\/RandM-Tornado-7000-Strawberry-Banana-pvafrt7000-1024x1024.jpg 1024w, https:\/\/puffvapestore.com\/wp-content\/uploads\/2025\/06\/RandM-Tornado-7000-Strawberry-Banana-pvafrt7000-150x150.jpg 150w, https:\/\/puffvapestore.com\/wp-content\/uploads\/2025\/06\/RandM-Tornado-7000-Strawberry-Banana-pvafrt7000-600x600.jpg 600w, https:\/\/puffvapestore.com\/wp-content\/uploads\/2025\/06\/RandM-Tornado-7000-Strawberry-Banana-pvafrt7000-100x100.jpg 100w, https:\/\/puffvapestore.com\/wp-content\/uploads\/2025\/06\/RandM-Tornado-7000-Strawberry-Banana-pvafrt7000.jpg 1039w\" sizes=\"(max-width: 768px) 100vw, 768px\" \/>\n\t\t\t<\/div>\n\t\t\t\t<figcaption class='wp-caption-text gallery-caption' id='gallery-1-2287'>\n\t\t\t\tStrawberry Banana RandM Tornado 7000 \n\t\t\t\t<\/figcaption><\/figure>\n\t\t<\/div>\n\t\t<\/div>\n\t\t\t\t\t\t<\/div>\n\t\t\t\t<\/div>\n\t\t\t\t<\/div>\n\t\t\t\t\t<\/div>\n\t\t\t\t<\/div>\n\t\t<div class=\"elementor-element elementor-element-718b380 e-flex e-con-boxed e-con e-parent\" data-id=\"718b380\" data-element_type=\"container\" data-e-type=\"container\">\n\t\t\t\t\t<div class=\"e-con-inner\">\n\t\t\t\t<div class=\"elementor-element elementor-element-d2cc8fa elementor-widget elementor-widget-text-editor\" data-id=\"d2cc8fa\" data-element_type=\"widget\" data-e-type=\"widget\" data-widget_type=\"text-editor.default\">\n\t\t\t\t<div class=\"elementor-widget-container\">\n\t\t\t\t\t\t\t\t\t<h3>Czy RandM Tornado 7000 Strawberry Banana wydziela zapachy lub przecieka?<\/h3><p>Papierosy elektroniczne RandM Tornado 7000 Strawberry Banana s\u0105 bezwonne i nie wycieka z nich olej podczas normalnego u\u017cytkowania.<\/p><p>Elektroniczny papieros RandM Tornado 7000 Strawberry Banana posiada zintegrowan\u0105, zamkni\u0119t\u0105 konstrukcj\u0119: elementy takie jak zbiornik na olej, bateria, rezystor siatkowy i ustnik s\u0105 zintegrowane w solidnej obudowie. Wykonana z materia\u0142\u00f3w o wysokiej wytrzyma\u0142o\u015bci i precyzyjnie obrobiona skorupa poprawia nie tylko wytrzyma\u0142o\u015b\u0107 strukturaln\u0105, ale tak\u017ce odporno\u015b\u0107 na wycieki. W szczeg\u00f3lno\u015bci do przechowywania oleju wykorzystywane s\u0105 materia\u0142y przeznaczone do kontaktu z \u017cywno\u015bci\u0105, a wielowarstwowa obr\u00f3bka uszczelniaj\u0105ca skutecznie zapobiega ulatnianiu si\u0119 oleju, utlenianiu i wyciekom.<\/p><p>Aby zapobiec wyciekom oleju, RandM Tornado 7000 Strawberry Banana jest wyposa\u017cony w wysoce elastyczne, odporne na korozj\u0119 gumowe uszczelki i podk\u0142adki w wielu kluczowych punktach, w tym w po\u0142\u0105czeniu mi\u0119dzy zbiornikiem oleju a rdzeniem atomizera, ustnikiem elektronicznego papierosa itp. Dodatkowo, dolna cz\u0119\u015b\u0107 urz\u0105dzenia jest wyposa\u017cona w silikonow\u0105 zatyczk\u0119 lub naklejk\u0119 uszczelniaj\u0105c\u0105, kt\u00f3ra skutecznie poch\u0142ania zewn\u0119trzne wstrz\u0105sy i zmiany ci\u015bnienia powietrza podczas transportu lub przechowywania, a tym samym zapobiega wyciekom oleju. Ca\u0142y elektroniczny papieros jest chroniony na wiele sposob\u00f3w, w szczeg\u00f3lno\u015bci pod wzgl\u0119dem struktury uszczelnienia i doboru materia\u0142\u00f3w, aby zagwarantowa\u0107 jego stabilno\u015b\u0107 i czysto\u015b\u0107 na co dzie\u0144.<\/p><h3>Czy RandM Tornado 7000 Strawberry Banana jest kompatybilny z automatycznym startem inhalacji?<\/h3><p>Tak, elektroniczny papieros RandM Tornado 7000 Strawberry Banana jest kompatybilny z automatyczn\u0105 aktywacj\u0105 inhalacji. Konstrukcja ta nie wymaga \u017cadnych przycisk\u00f3w. Wystarczy wzi\u0105\u0107 wdech, a atomizer automatycznie si\u0119 zapali, podgrzeje e-liquid i wytworzy dym. Jego podstawow\u0105 zasad\u0105 jest integracja czujnika ci\u015bnienia powietrza. Podczas wdechu przep\u0142yw powietrza wyzwala sygna\u0142 czujnika, kt\u00f3ry natychmiast zasila bateri\u0119 i aktywuje element grzewczy, aby zako\u0144czy\u0107 proces atomizacji. Ta technologia \u00abprze\u0142\u0105cznika powietrza\u00bb jest jedn\u0105 z najbardziej powszechnych i sprawdzonych metod sterowania jednorazowymi papierosami elektronicznymi.<\/p><p>Technologia automatycznej aktywacji wdechu znacznie poprawia komfort i intuicyjno\u015b\u0107 u\u017cytkowania, szczeg\u00f3lnie dla pocz\u0105tkuj\u0105cych u\u017cytkownik\u00f3w lub tych, kt\u00f3rzy szukaj\u0105 gotowego do u\u017cycia do\u015bwiadczenia. Upraszcza korzystanie z przycisk\u00f3w i pozwala unikn\u0105\u0107 \u017cmudnych regulacji. Jest idealny do szybkiego u\u017cycia w samochodzie, podczas aktywno\u015bci na \u015bwie\u017cym powietrzu lub w trudno dost\u0119pnych sytuacjach. Co wi\u0119cej, zmniejsza ryzyko przypadkowego kontaktu, poprawia og\u00f3lne bezpiecze\u0144stwo i wyd\u0142u\u017ca \u017cywotno\u015b\u0107 urz\u0105dzenia.<\/p><p>Warto wspomnie\u0107, \u017ce system automatycznej aktywacji RandM Tornado 7000 Strawberry Banana zosta\u0142 zoptymalizowany w celu utrzymania czu\u0142ej reakcji i stabilnego wyzwalania nawet przy wielokrotnym ci\u0105g\u0142ym u\u017cytkowaniu, unikaj\u0105c op\u00f3\u017anionego wyzwalania lub awarii wyzwalacza.<\/p>\t\t\t\t\t\t\t\t<\/div>\n\t\t\t\t<\/div>\n\t\t\t\t\t<\/div>\n\t\t\t\t<\/div>\n\t\t\t\t<\/div>","protected":false},"excerpt":{"rendered":"<p>Saveur\u00a0: Strawberry Banana La saveur Fraise Banane du RandM Tornado 7000 est un m\u00e9lange fruit\u00e9 classique et d\u00e9licat, avec la fraise et la banane comme saveurs principales, con\u00e7u pour offrir une saveur de dessert tropical onctueuse et naturelle. Douce Fraise\u00a0:La saveur principale est celle de la fraise m\u00fbre, apportant une douceur juteuse et naturelle, rappelant [&hellip;]<\/p>\n","protected":false},"featured_media":2287,"comment_status":"open","ping_status":"closed","template":"","meta":{"site-sidebar-layout":"no-sidebar","site-content-layout":"page-builder","ast-site-content-layout":"normal-width-container","site-content-style":"default","site-sidebar-style":"default","ast-global-header-display":"","ast-banner-title-visibility":"","ast-main-header-display":"","ast-hfb-above-header-display":"","ast-hfb-below-header-display":"","ast-hfb-mobile-header-display":"","site-post-title":"disabled","ast-breadcrumbs-content":"","ast-featured-img":"disabled","footer-sml-layout":"","ast-disable-related-posts":"","theme-transparent-header-meta":"default","adv-header-id-meta":"","stick-header-meta":"default","header-above-stick-meta":"","header-main-stick-meta":"","header-below-stick-meta":"","astra-migrate-meta-layouts":"set","ast-page-background-enabled":"default","ast-page-background-meta":{"desktop":{"background-color":"","background-image":"","background-repeat":"repeat","background-position":"center center","background-size":"auto","background-attachment":"scroll","background-type":"","background-media":"","overlay-type":"","overlay-color":"","overlay-opacity":"","overlay-gradient":""},"tablet":{"background-color":"","background-image":"","background-repeat":"repeat","background-position":"center center","background-size":"auto","background-attachment":"scroll","background-type":"","background-media":"","overlay-type":"","overlay-color":"","overlay-opacity":"","overlay-gradient":""},"mobile":{"background-color":"","background-image":"","background-repeat":"repeat","background-position":"center center","background-size":"auto","background-attachment":"scroll","background-type":"","background-media":"","overlay-type":"","overlay-color":"","overlay-opacity":"","overlay-gradient":""}},"ast-content-background-meta":{"desktop":{"background-color":"var(--ast-global-color-5)","background-image":"","background-repeat":"repeat","background-position":"center center","background-size":"auto","background-attachment":"scroll","background-type":"","background-media":"","overlay-type":"","overlay-color":"","overlay-opacity":"","overlay-gradient":""},"tablet":{"background-color":"var(--ast-global-color-5)","background-image":"","background-repeat":"repeat","background-position":"center center","background-size":"auto","background-attachment":"scroll","background-type":"","background-media":"","overlay-type":"","overlay-color":"","overlay-opacity":"","overlay-gradient":""},"mobile":{"background-color":"var(--ast-global-color-5)","background-image":"","background-repeat":"repeat","background-position":"center center","background-size":"auto","background-attachment":"scroll","background-type":"","background-media":"","overlay-type":"","overlay-color":"","overlay-opacity":"","overlay-gradient":""}}},"product_brand":[42],"product_cat":[41,94,15],"product_tag":[],"class_list":{"0":"post-2535","1":"product","2":"type-product","3":"status-publish","4":"has-post-thumbnail","6":"product_brand-randm-tornado","7":"product_cat-randm-tornado-7000","8":"product_cat-puff-7k","9":"product_cat-magasin-cigarette-electronique","10":"desktop-align-center","11":"tablet-align-center","12":"mobile-align-center","13":"ast-product-gallery-layout-horizontal","14":"ast-product-gallery-with-no-image","15":"ast-product-single-variable","16":"ast-product-tabs-layout-horizontal","17":"ast-qv-on-image","19":"first","20":"outofstock","21":"sale","22":"shipping-taxable","23":"purchasable","24":"product-type-variable","25":"has-default-attributes"},"tiered_pricing_type":"fixed","tiered_pricing_fixed_rules":{"30":8.58,"60":8.12,"100":7.48,"200":6.98},"tiered_pricing_product_settings":{"layout":"default","base_unit_name":{"singular":null,"plural":null},"default_variation":null},"tiered_pricing_minimum_quantity":null,"tiered_pricing_roles_data":[],"tiered_pricing_percentage_rules":[],"_links":{"self":[{"href":"https:\/\/puffvapestore.com\/pl\/wp-json\/wp\/v2\/product\/2535","targetHints":{"allow":["GET"]}}],"collection":[{"href":"https:\/\/puffvapestore.com\/pl\/wp-json\/wp\/v2\/product"}],"about":[{"href":"https:\/\/puffvapestore.com\/pl\/wp-json\/wp\/v2\/types\/product"}],"replies":[{"embeddable":true,"href":"https:\/\/puffvapestore.com\/pl\/wp-json\/wp\/v2\/comments?post=2535"}],"version-history":[{"count":7,"href":"https:\/\/puffvapestore.com\/pl\/wp-json\/wp\/v2\/product\/2535\/revisions"}],"predecessor-version":[{"id":3716,"href":"https:\/\/puffvapestore.com\/pl\/wp-json\/wp\/v2\/product\/2535\/revisions\/3716"}],"wp:featuredmedia":[{"embeddable":true,"href":"https:\/\/puffvapestore.com\/pl\/wp-json\/wp\/v2\/media\/2287"}],"wp:attachment":[{"href":"https:\/\/puffvapestore.com\/pl\/wp-json\/wp\/v2\/media?parent=2535"}],"wp:term":[{"taxonomy":"product_brand","embeddable":true,"href":"https:\/\/puffvapestore.com\/pl\/wp-json\/wp\/v2\/product_brand?post=2535"},{"taxonomy":"product_cat","embeddable":true,"href":"https:\/\/puffvapestore.com\/pl\/wp-json\/wp\/v2\/product_cat?post=2535"},{"taxonomy":"product_tag","embeddable":true,"href":"https:\/\/puffvapestore.com\/pl\/wp-json\/wp\/v2\/product_tag?post=2535"}],"curies":[{"name":"wp","href":"https:\/\/api.w.org\/{rel}","templated":true}]}}