{"id":2483,"date":"2025-06-16T02:11:47","date_gmt":"2025-06-16T02:11:47","guid":{"rendered":"https:\/\/puffvapestore.com\/?post_type=product&#038;p=2483"},"modified":"2026-01-19T10:32:53","modified_gmt":"2026-01-19T10:32:53","slug":"tornado-vape-7000-vimto","status":"publish","type":"product","link":"https:\/\/puffvapestore.com\/pl\/product\/tornado-vape-7000-vimto\/","title":{"rendered":"Tornado Vape 7000 - Vimto"},"content":{"rendered":"<div data-elementor-type=\"wp-post\" data-elementor-id=\"2483\" class=\"elementor elementor-2483\">\n\t\t\t\t<div class=\"elementor-element elementor-element-d3f3f97 e-flex e-con-boxed e-con e-parent\" data-id=\"d3f3f97\" data-element_type=\"container\" data-e-type=\"container\">\n\t\t\t\t\t<div class=\"e-con-inner\">\n\t\t\t\t<div class=\"elementor-element elementor-element-9600b1d elementor-widget elementor-widget-text-editor\" data-id=\"9600b1d\" data-element_type=\"widget\" data-e-type=\"widget\" data-widget_type=\"text-editor.default\">\n\t\t\t\t<div class=\"elementor-widget-container\">\n\t\t\t\t\t\t\t\t\t<h2>Smak: Vimto<\/h2><p>Vimto to klasyczny brytyjski nap\u00f3j wytwarzany z soku z czarnej porzeczki, winogron i malin. Smak Vimto RandM Tornado 7000 odtwarza ten kultowy s\u0142odko-kwa\u015bny owocowy aromat. Ten elektroniczny papieros o smaku Vimto oferuje wyj\u0105tkowe doznania, \u0142\u0105cz\u0105c bogat\u0105 eksplozj\u0119 czerwonych owoc\u00f3w z mikrozio\u0142owym doznaniem, bogatym w niuanse i pe\u0142nym nostalgii.<\/p><h3>G\u0142\u00f3wny smak : Owoce mieszane :<\/h3><ul><li>S\u0142odycz winogron: Smak Vimto jest inspirowany bogatym smakiem winogron, oferuj\u0105c g\u0142\u0119boki, s\u0142odki owocowy aromat. Podczas wdechu kubki smakowe wyczuwaj\u0105 pe\u0142ny smak dojrza\u0142ych winogron, z umiarkowan\u0105 s\u0142odycz\u0105 i lekkim soczystym uczuciem, jak po wypiciu szklanki mro\u017conego Vimto.<\/li><li>Maliny: Maliny dodaj\u0105 \u017cywej kwasowo\u015bci do smaku, kontrastuj\u0105c ze s\u0142odycz\u0105 winogron.<\/li><li>Czarna porzeczka: Czarna porzeczka wnosi do smaku Vimto wyj\u0105tkow\u0105 g\u0142\u0119bi\u0119 i bogaty jagodowy aromat. Jej smak jest spokojniejszy ni\u017c malin, oferuj\u0105c subteln\u0105 s\u0142odko-cierpk\u0105 r\u00f3wnowag\u0119. Wraz z winogronami i malinami tworzy charakterystyczny smak klasycznego napoju Vimto.<\/li><\/ul><h3>Subtelna nuta zi\u00f3\u0142 i przypraw:<\/h3><p>Smaki Vimto nie ograniczaj\u0105 si\u0119 do owoc\u00f3w, ale zawieraj\u0105 r\u00f3wnie\u017c subtelne zio\u0142a i przyprawy, aby symulowa\u0107 unikaln\u0105 formu\u0142\u0119 smakow\u0105 napoj\u00f3w Vimto. Te subtelne aromaty pojawiaj\u0105 si\u0119 na wydechu, dodaj\u0105c odrobin\u0119 ciep\u0142a i z\u0142o\u017cono\u015bci, zbli\u017caj\u0105c smak do prawdziwego napoju, a nie tylko owocowego vape.<\/p>\t\t\t\t\t\t\t\t<\/div>\n\t\t\t\t<\/div>\n\t\t\t\t\t<\/div>\n\t\t\t\t<\/div>\n\t\t<div class=\"elementor-element elementor-element-08c26f9 e-flex e-con-boxed e-con e-parent\" data-id=\"08c26f9\" data-element_type=\"container\" data-e-type=\"container\">\n\t\t\t\t\t<div class=\"e-con-inner\">\n\t\t\t\t<div class=\"elementor-element elementor-element-a005a97 elementor-widget elementor-widget-text-editor\" data-id=\"a005a97\" data-element_type=\"widget\" data-e-type=\"widget\" data-widget_type=\"text-editor.default\">\n\t\t\t\t<div class=\"elementor-widget-container\">\n\t\t\t\t\t\t\t\t\t<h2>RandM Tornado 7000 Vimto<\/h2><p>RandM Tornado 7000 Vimto to jednorazowy papieros elektroniczny wielokrotnego nape\u0142niania, ceniony przez u\u017cytkownik\u00f3w za \u017cywotno\u015b\u0107 7000 zaci\u0105gni\u0119\u0107 i najwy\u017csz\u0105 wydajno\u015b\u0107. Jest wst\u0119pnie nape\u0142niony 14 ml e-liquidu z solami nikotyny o st\u0119\u017ceniach nikotyny 2 % i 5 %, aby zaspokoi\u0107 potrzeby r\u00f3\u017cnych palaczy. Urz\u0105dzenie jest wyposa\u017cone w akumulator i port \u0142adowania typu C.<\/p><p>Kolejn\u0105 wa\u017cn\u0105 cech\u0105 tego elektronicznego papierosa jest odporno\u015b\u0107 na siatk\u0119, kt\u00f3ra zapewnia bogatsze i bardziej jednolite doznania podczas palenia. Urz\u0105dzenie jest pozbawione przycisk\u00f3w i posiada funkcj\u0119 automatycznego uruchamiania inhalacji, co u\u0142atwia u\u017cytkowanie.<\/p>\t\t\t\t\t\t\t\t<\/div>\n\t\t\t\t<\/div>\n\t\t\t\t\t<\/div>\n\t\t\t\t<\/div>\n\t\t<div class=\"elementor-element elementor-element-4ac287c e-flex e-con-boxed e-con e-parent\" data-id=\"4ac287c\" data-element_type=\"container\" data-e-type=\"container\">\n\t\t\t\t\t<div class=\"e-con-inner\">\n\t\t<div class=\"elementor-element elementor-element-bbd8e4a e-con-full e-flex e-con e-child\" data-id=\"bbd8e4a\" data-element_type=\"container\" data-e-type=\"container\">\n\t\t\t\t<div class=\"elementor-element elementor-element-0dc5338 elementor-widget elementor-widget-text-editor\" data-id=\"0dc5338\" data-element_type=\"widget\" data-e-type=\"widget\" data-widget_type=\"text-editor.default\">\n\t\t\t\t<div class=\"elementor-widget-container\">\n\t\t\t\t\t\t\t\t\t<h2>Cechy RandM Tornado 7K Vimto:<\/h2><ul><li><strong>Liczba zaci\u0105gni\u0119\u0107<\/strong>\u00a0Ka\u017cde urz\u0105dzenie mo\u017ce wykona\u0107 do 7000 zaci\u0105gni\u0119\u0107, co jest idealne do d\u0142ugotrwa\u0142ego u\u017cytkowania.<\/li><li><strong>Bateria\u00a0<\/strong>Akumulator 850 mAh z portem \u0142adowania typu C do szybkiego \u0142adowania (od 30 do 60 minut).<\/li><li><strong>Pojemno\u015b\u0107 e-liquidu<\/strong>\u00a0Wst\u0119pnie nape\u0142nione zbiorniki o pojemno\u015bci 14 ml z wyborem 2 soli nikotyny % lub 5 soli nikotyny %.<\/li><li><strong>Projekt\u00a0<\/strong>Przeno\u015bny, wykonany z trwa\u0142ych materia\u0142\u00f3w, posiada przezroczysty zbiornik oleju do sprawdzania pozosta\u0142ego poziomu oleju. O\u015bwietlenie RGB i wska\u017aniki LED dodaj\u0105 elegancji.<\/li><li><strong>Odporno\u015b\u0107 siatki<\/strong>\u00a0U\u017cyj rezystora Mesh, aby uzyska\u0107 sp\u00f3jny smak i produkcj\u0119 pary.<\/li><\/ul>\t\t\t\t\t\t\t\t<\/div>\n\t\t\t\t<\/div>\n\t\t\t\t<\/div>\n\t\t<div class=\"elementor-element elementor-element-8e0e87d e-con-full e-flex e-con e-child\" data-id=\"8e0e87d\" data-element_type=\"container\" data-e-type=\"container\">\n\t\t\t\t<div class=\"elementor-element elementor-element-63d978d elementor-widget elementor-widget-image-gallery\" data-id=\"63d978d\" data-element_type=\"widget\" data-e-type=\"widget\" data-widget_type=\"image-gallery.default\">\n\t\t\t\t<div class=\"elementor-widget-container\">\n\t\t\t\t\t\t\t<div class=\"elementor-image-gallery\">\n\t\t\t<div id='gallery-1' class='gallery galleryid-2483 gallery-columns-1 gallery-size-medium_large'><figure class='gallery-item'>\n\t\t\t<div class='gallery-icon landscape'>\n\t\t\t\t<img fetchpriority=\"high\" decoding=\"async\" width=\"768\" height=\"768\" src=\"https:\/\/puffvapestore.com\/wp-content\/uploads\/2025\/06\/RandM-Tornado-Vape-7000-Vimto-pvafrt7000-768x768.jpg\" class=\"attachment-medium_large size-medium_large\" alt=\"Vimto RandM Tornado Vape 7000\" aria-describedby=\"gallery-1-2299\" srcset=\"https:\/\/puffvapestore.com\/wp-content\/uploads\/2025\/06\/RandM-Tornado-Vape-7000-Vimto-pvafrt7000-768x768.jpg 768w, https:\/\/puffvapestore.com\/wp-content\/uploads\/2025\/06\/RandM-Tornado-Vape-7000-Vimto-pvafrt7000-300x300.jpg 300w, https:\/\/puffvapestore.com\/wp-content\/uploads\/2025\/06\/RandM-Tornado-Vape-7000-Vimto-pvafrt7000-1024x1024.jpg 1024w, https:\/\/puffvapestore.com\/wp-content\/uploads\/2025\/06\/RandM-Tornado-Vape-7000-Vimto-pvafrt7000-150x150.jpg 150w, https:\/\/puffvapestore.com\/wp-content\/uploads\/2025\/06\/RandM-Tornado-Vape-7000-Vimto-pvafrt7000-600x600.jpg 600w, https:\/\/puffvapestore.com\/wp-content\/uploads\/2025\/06\/RandM-Tornado-Vape-7000-Vimto-pvafrt7000-100x100.jpg 100w, https:\/\/puffvapestore.com\/wp-content\/uploads\/2025\/06\/RandM-Tornado-Vape-7000-Vimto-pvafrt7000.jpg 1039w\" sizes=\"(max-width: 768px) 100vw, 768px\" \/>\n\t\t\t<\/div>\n\t\t\t\t<figcaption class='wp-caption-text gallery-caption' id='gallery-1-2299'>\n\t\t\t\tVimto RandM Tornado Vape 7000 \n\t\t\t\t<\/figcaption><\/figure>\n\t\t<\/div>\n\t\t<\/div>\n\t\t\t\t\t\t<\/div>\n\t\t\t\t<\/div>\n\t\t\t\t<\/div>\n\t\t\t\t\t<\/div>\n\t\t\t\t<\/div>\n\t\t<div class=\"elementor-element elementor-element-718b380 e-flex e-con-boxed e-con e-parent\" data-id=\"718b380\" data-element_type=\"container\" data-e-type=\"container\">\n\t\t\t\t\t<div class=\"e-con-inner\">\n\t\t\t\t<div class=\"elementor-element elementor-element-d2cc8fa elementor-widget elementor-widget-text-editor\" data-id=\"d2cc8fa\" data-element_type=\"widget\" data-e-type=\"widget\" data-widget_type=\"text-editor.default\">\n\t\t\t\t<div class=\"elementor-widget-container\">\n\t\t\t\t\t\t\t\t\t<h3>Czy RandM Tornado 7000 Vimto wydziela zapachy lub przecieka?<\/h3><p>W normalnych warunkach elektroniczny papieros RandM Tornado 7000 Vimto jest bezwonny i nie przecieka.<\/p><p>Model RandM Tornado 7000 Vimto charakteryzuje si\u0119 zintegrowan\u0105, zamkni\u0119t\u0105 konstrukcj\u0105, kt\u00f3ra obejmuje schowek na e-liquid, rezystor Mesh, bateri\u0119 i kana\u0142 przep\u0142ywu powietrza. Obudowa urz\u0105dzenia wykonana jest z wysoce odpornych materia\u0142\u00f3w, w po\u0142\u0105czeniu z zaawansowanym procesem monta\u017cu, aby zapewni\u0107 wodoszczelno\u015b\u0107 ca\u0142ej konstrukcji. Zbiornik oleju jest centralnym elementem uszczelnienia. Aby zapobiec reakcji chemicznej oleju ze \u015brodowiskiem zewn\u0119trznym lub wyciekom, zastosowano materia\u0142y przeznaczone do kontaktu z \u017cywno\u015bci\u0105. Elektroniczny papieros RandM Tornado 7000 wykorzystuje wielowarstwowe uszczelki na styku zbiornika oleju z ustnikiem, rezystorem i innymi komponentami. Uszczelki te s\u0105 wysoce elastyczne i odporne na chemikalia, skutecznie zapobiegaj\u0105c wyciekom p\u0142yn\u00f3w. Dodatkowo, sp\u00f3d urz\u0105dzenia jest wyposa\u017cony w silikonow\u0105 zatyczk\u0119 lub naklejk\u0119, kt\u00f3ra chroni zbiornik oleju podczas transportu i przechowywania, zapobiegaj\u0105c wyciekom spowodowanym zmianami ci\u015bnienia lub uderzeniami. Taka konstrukcja zapewnia solidn\u0105 podstaw\u0119 zapobiegaj\u0105c\u0105 wyciekom oleju, zapewniaj\u0105c jednocze\u015bnie, \u017ce olej nie wyparuje ani nie zostanie zanieczyszczony podczas d\u0142ugotrwa\u0142ego przechowywania. Zamkni\u0119ta konstrukcja modelu RandM Tornado 7000, analizowanego powy\u017cej, wykazuje szczeg\u00f3lnie staranne uszczelnienie, gwarantuj\u0105c brak nieprzyjemnych zapach\u00f3w lub wyciek\u00f3w oleju w normalnych warunkach.<\/p><h3>Czy RandM Tornado 7000 Vimto jest kompatybilny z automatycznym startem inhalacji?<\/h3><p>Tak, model RandM Tornado 7000 Vimto jest kompatybilny z automatycznym startem inhalacji.<\/p><p>Elektroniczny papieros RandM Tornado 7000 Vimto wykorzystuje technologi\u0119 automatycznego wyzwalania inhalacji, najbardziej rozpowszechnion\u0105 na rynku. Oznacza to, \u017ce u\u017cytkownik nie musi naciska\u0107 \u017cadnych przycisk\u00f3w. Wystarczy wykona\u0107 wdech, aby aktywowa\u0107 wewn\u0119trzny atomizer i wytworzy\u0107 dym. Podstawow\u0105 zasad\u0105 jest wykorzystanie przep\u0142ywu powietrza do uruchomienia wewn\u0119trznego czujnika, umo\u017cliwiaj\u0105c baterii automatyczne zasilanie serca atomizera w celu podgrzania e-cieczy.<\/p><p>Automatyczny spust wdechu sprawia, \u017ce korzystanie z RandM Tornado 7000 jest prostsze, bardziej intuicyjne i wygodniejsze, szczeg\u00f3lnie dla nowych u\u017cytkownik\u00f3w papieros\u00f3w elektronicznych lub w sytuacjach wymagaj\u0105cych gotowego do u\u017cycia papierosa. Na przyk\u0142ad podczas jazdy samochodem, na zewn\u0105trz lub gdy u\u017cycie r\u0105k jest niepraktyczne, u\u017cytkownicy po prostu trzymaj\u0105 ustnik i wdychaj\u0105, aby korzysta\u0107 z elektronicznego papierosa RandM Tornado 7000, bez konieczno\u015bci wyszukiwania przycisk\u00f3w lub ustawiania parametr\u00f3w, co znacznie poprawia przeno\u015bno\u015b\u0107 i wygod\u0119.<\/p>\t\t\t\t\t\t\t\t<\/div>\n\t\t\t\t<\/div>\n\t\t\t\t\t<\/div>\n\t\t\t\t<\/div>\n\t\t\t\t<\/div>","protected":false},"excerpt":{"rendered":"<p>Saveur : Vimto Vimto est une boisson britannique classique \u00e0 base de jus de cassis, de raisin et de framboise. La saveur Vimto de la RandM Tornado 7000 reproduit cet ar\u00f4me fruit\u00e9 aigre-doux embl\u00e9matique. Cette cigarette \u00e9lectronique aromatis\u00e9e Vimto offre une exp\u00e9rience unique m\u00ealant une riche explosion de fruits rouges et une sensation micro-herbac\u00e9e, riche [&hellip;]<\/p>\n","protected":false},"featured_media":2299,"comment_status":"open","ping_status":"closed","template":"","meta":{"site-sidebar-layout":"no-sidebar","site-content-layout":"page-builder","ast-site-content-layout":"normal-width-container","site-content-style":"default","site-sidebar-style":"default","ast-global-header-display":"","ast-banner-title-visibility":"","ast-main-header-display":"","ast-hfb-above-header-display":"","ast-hfb-below-header-display":"","ast-hfb-mobile-header-display":"","site-post-title":"disabled","ast-breadcrumbs-content":"","ast-featured-img":"disabled","footer-sml-layout":"","ast-disable-related-posts":"","theme-transparent-header-meta":"default","adv-header-id-meta":"","stick-header-meta":"default","header-above-stick-meta":"","header-main-stick-meta":"","header-below-stick-meta":"","astra-migrate-meta-layouts":"set","ast-page-background-enabled":"default","ast-page-background-meta":{"desktop":{"background-color":"","background-image":"","background-repeat":"repeat","background-position":"center center","background-size":"auto","background-attachment":"scroll","background-type":"","background-media":"","overlay-type":"","overlay-color":"","overlay-opacity":"","overlay-gradient":""},"tablet":{"background-color":"","background-image":"","background-repeat":"repeat","background-position":"center center","background-size":"auto","background-attachment":"scroll","background-type":"","background-media":"","overlay-type":"","overlay-color":"","overlay-opacity":"","overlay-gradient":""},"mobile":{"background-color":"","background-image":"","background-repeat":"repeat","background-position":"center center","background-size":"auto","background-attachment":"scroll","background-type":"","background-media":"","overlay-type":"","overlay-color":"","overlay-opacity":"","overlay-gradient":""}},"ast-content-background-meta":{"desktop":{"background-color":"var(--ast-global-color-5)","background-image":"","background-repeat":"repeat","background-position":"center center","background-size":"auto","background-attachment":"scroll","background-type":"","background-media":"","overlay-type":"","overlay-color":"","overlay-opacity":"","overlay-gradient":""},"tablet":{"background-color":"var(--ast-global-color-5)","background-image":"","background-repeat":"repeat","background-position":"center center","background-size":"auto","background-attachment":"scroll","background-type":"","background-media":"","overlay-type":"","overlay-color":"","overlay-opacity":"","overlay-gradient":""},"mobile":{"background-color":"var(--ast-global-color-5)","background-image":"","background-repeat":"repeat","background-position":"center center","background-size":"auto","background-attachment":"scroll","background-type":"","background-media":"","overlay-type":"","overlay-color":"","overlay-opacity":"","overlay-gradient":""}}},"product_brand":[42],"product_cat":[41,94,15],"product_tag":[],"class_list":{"0":"post-2483","1":"product","2":"type-product","3":"status-publish","4":"has-post-thumbnail","6":"product_brand-randm-tornado","7":"product_cat-randm-tornado-7000","8":"product_cat-puff-7k","9":"product_cat-magasin-cigarette-electronique","10":"desktop-align-center","11":"tablet-align-center","12":"mobile-align-center","13":"ast-product-gallery-layout-horizontal","14":"ast-product-gallery-with-no-image","15":"ast-product-single-variable","16":"ast-product-tabs-layout-horizontal","17":"ast-qv-on-image","19":"first","20":"outofstock","21":"sale","22":"shipping-taxable","23":"purchasable","24":"product-type-variable","25":"has-default-attributes"},"tiered_pricing_type":"fixed","tiered_pricing_fixed_rules":{"30":8.58,"60":8.12,"100":7.48,"200":6.98},"tiered_pricing_product_settings":{"layout":"default","base_unit_name":{"singular":null,"plural":null},"default_variation":null},"tiered_pricing_minimum_quantity":null,"tiered_pricing_roles_data":[],"tiered_pricing_percentage_rules":[],"_links":{"self":[{"href":"https:\/\/puffvapestore.com\/pl\/wp-json\/wp\/v2\/product\/2483","targetHints":{"allow":["GET"]}}],"collection":[{"href":"https:\/\/puffvapestore.com\/pl\/wp-json\/wp\/v2\/product"}],"about":[{"href":"https:\/\/puffvapestore.com\/pl\/wp-json\/wp\/v2\/types\/product"}],"replies":[{"embeddable":true,"href":"https:\/\/puffvapestore.com\/pl\/wp-json\/wp\/v2\/comments?post=2483"}],"version-history":[{"count":7,"href":"https:\/\/puffvapestore.com\/pl\/wp-json\/wp\/v2\/product\/2483\/revisions"}],"predecessor-version":[{"id":2547,"href":"https:\/\/puffvapestore.com\/pl\/wp-json\/wp\/v2\/product\/2483\/revisions\/2547"}],"wp:featuredmedia":[{"embeddable":true,"href":"https:\/\/puffvapestore.com\/pl\/wp-json\/wp\/v2\/media\/2299"}],"wp:attachment":[{"href":"https:\/\/puffvapestore.com\/pl\/wp-json\/wp\/v2\/media?parent=2483"}],"wp:term":[{"taxonomy":"product_brand","embeddable":true,"href":"https:\/\/puffvapestore.com\/pl\/wp-json\/wp\/v2\/product_brand?post=2483"},{"taxonomy":"product_cat","embeddable":true,"href":"https:\/\/puffvapestore.com\/pl\/wp-json\/wp\/v2\/product_cat?post=2483"},{"taxonomy":"product_tag","embeddable":true,"href":"https:\/\/puffvapestore.com\/pl\/wp-json\/wp\/v2\/product_tag?post=2483"}],"curies":[{"name":"wp","href":"https:\/\/api.w.org\/{rel}","templated":true}]}}