{"id":2452,"date":"2025-06-13T07:14:24","date_gmt":"2025-06-13T07:14:24","guid":{"rendered":"https:\/\/puffvapestore.com\/?post_type=product&#038;p=2452"},"modified":"2026-01-19T10:32:53","modified_gmt":"2026-01-19T10:32:53","slug":"randm-7000-vape-mango-on-ice","status":"publish","type":"product","link":"https:\/\/puffvapestore.com\/pl\/product\/randm-7000-vape-mango-on-ice\/","title":{"rendered":"RandM 7000 Vape - Mango On Ice"},"content":{"rendered":"<div data-elementor-type=\"wp-post\" data-elementor-id=\"2452\" class=\"elementor elementor-2452\">\n\t\t\t\t<div class=\"elementor-element elementor-element-d3f3f97 e-flex e-con-boxed e-con e-parent\" data-id=\"d3f3f97\" data-element_type=\"container\" data-e-type=\"container\">\n\t\t\t\t\t<div class=\"e-con-inner\">\n\t\t\t\t<div class=\"elementor-element elementor-element-9600b1d elementor-widget elementor-widget-text-editor\" data-id=\"9600b1d\" data-element_type=\"widget\" data-e-type=\"widget\" data-widget_type=\"text-editor.default\">\n\t\t\t\t<div class=\"elementor-widget-container\">\n\t\t\t\t\t\t\t\t\t<h2>Smak: Mango On Ice<\/h2><p>Istot\u0105 Mango On Ice jest harmonia s\u0142odkiego mango i \u015bwie\u017cego mentolu. Tropikalna s\u0142odycz mango zapewnia bogaty owocowy aromat, podczas gdy mentol dodaje orze\u017awiaj\u0105cej witalno\u015bci, unikaj\u0105c monotonii prostego owocowego smaku.<\/p><ul><li><strong>Owocowy aromat: bogata s\u0142odycz dojrza\u0142ego mango<\/strong><br \/>Podczas wdechu usta otacza pe\u0142na, naturalna s\u0142odycz mango, przypominaj\u0105ca gryzienie dojrza\u0142ego mango, z g\u0119stym mi\u0105\u017cszem i \u015bwie\u017c\u0105 s\u0142odko-kwa\u015bn\u0105 r\u00f3wnowag\u0105 o tropikalnym smaku. Owocowy aromat jest autentyczny i naturalny, nie sztuczny, a jego umiarkowana s\u0142odycz zadowoli mi\u0142o\u015bnik\u00f3w owoc\u00f3w, nie b\u0119d\u0105c przy tym zbyt t\u0142ust\u0105.<\/li><li><strong>Lodowaty posmak: orze\u017awiaj\u0105ca mi\u0119ta i kruszony l\u00f3d.<\/strong><br \/>Podczas wydechu \u015bwie\u017ca mi\u0119ta wywiera swoj\u0105 moc, zaszczepiaj\u0105c uczucie \u015bwie\u017co\u015bci, dzi\u0119ki czemu og\u00f3lne doznania s\u0105 bardziej orze\u017awiaj\u0105ce.<\/li><\/ul>\t\t\t\t\t\t\t\t<\/div>\n\t\t\t\t<\/div>\n\t\t\t\t\t<\/div>\n\t\t\t\t<\/div>\n\t\t<div class=\"elementor-element elementor-element-08c26f9 e-flex e-con-boxed e-con e-parent\" data-id=\"08c26f9\" data-element_type=\"container\" data-e-type=\"container\">\n\t\t\t\t\t<div class=\"e-con-inner\">\n\t\t\t\t<div class=\"elementor-element elementor-element-a005a97 elementor-widget elementor-widget-text-editor\" data-id=\"a005a97\" data-element_type=\"widget\" data-e-type=\"widget\" data-widget_type=\"text-editor.default\">\n\t\t\t\t<div class=\"elementor-widget-container\">\n\t\t\t\t\t\t\t\t\t<h2>RandM 7000 Mango On Ice<\/h2><p>RandM Tornado 7000 Mango On Ice to jednorazowy papieros elektroniczny wielokrotnego nape\u0142niania, ceniony przez u\u017cytkownik\u00f3w za \u017cywotno\u015b\u0107 7000 zaci\u0105gni\u0119\u0107 i najwy\u017csz\u0105 wydajno\u015b\u0107. Jest wst\u0119pnie nape\u0142niony 14 ml e-liquidu z solami nikotyny o st\u0119\u017ceniach nikotyny 2 % i 5 %, aby zaspokoi\u0107 potrzeby r\u00f3\u017cnych palaczy. Urz\u0105dzenie jest wyposa\u017cone w akumulator i port \u0142adowania typu C.<\/p><p>Kolejn\u0105 wa\u017cn\u0105 cech\u0105 tego elektronicznego papierosa jest odporno\u015b\u0107 na siatk\u0119, kt\u00f3ra zapewnia bogatsze i bardziej jednolite doznania podczas palenia. Urz\u0105dzenie jest pozbawione przycisk\u00f3w i posiada funkcj\u0119 automatycznego uruchamiania inhalacji, co u\u0142atwia u\u017cytkowanie.<\/p>\t\t\t\t\t\t\t\t<\/div>\n\t\t\t\t<\/div>\n\t\t\t\t\t<\/div>\n\t\t\t\t<\/div>\n\t\t<div class=\"elementor-element elementor-element-4ac287c e-flex e-con-boxed e-con e-parent\" data-id=\"4ac287c\" data-element_type=\"container\" data-e-type=\"container\">\n\t\t\t\t\t<div class=\"e-con-inner\">\n\t\t<div class=\"elementor-element elementor-element-bbd8e4a e-con-full e-flex e-con e-child\" data-id=\"bbd8e4a\" data-element_type=\"container\" data-e-type=\"container\">\n\t\t\t\t<div class=\"elementor-element elementor-element-0dc5338 elementor-widget elementor-widget-text-editor\" data-id=\"0dc5338\" data-element_type=\"widget\" data-e-type=\"widget\" data-widget_type=\"text-editor.default\">\n\t\t\t\t<div class=\"elementor-widget-container\">\n\t\t\t\t\t\t\t\t\t<h2>Cechy RandM Tornado 7000 Mango On Ice:<\/h2><ul><li><strong>Liczba zaci\u0105gni\u0119\u0107<\/strong>\u00a0Ka\u017cde urz\u0105dzenie mo\u017ce wykona\u0107 do 7000 zaci\u0105gni\u0119\u0107, co jest idealne do d\u0142ugotrwa\u0142ego u\u017cytkowania.<\/li><li><strong>Bateria\u00a0<\/strong>Akumulator 850 mAh z portem \u0142adowania typu C do szybkiego \u0142adowania (od 30 do 60 minut).<\/li><li><strong>Pojemno\u015b\u0107 e-liquidu<\/strong>\u00a0Wst\u0119pnie nape\u0142nione zbiorniki o pojemno\u015bci 14 ml z wyborem 2 soli nikotyny % lub 5 soli nikotyny %.<\/li><li><strong>Projekt\u00a0<\/strong>Przeno\u015bny, wykonany z trwa\u0142ych materia\u0142\u00f3w, posiada przezroczysty zbiornik oleju do sprawdzania pozosta\u0142ego poziomu oleju. O\u015bwietlenie RGB i wska\u017aniki LED dodaj\u0105 elegancji.<\/li><li><strong>Odporno\u015b\u0107 siatki<\/strong>\u00a0U\u017cyj rezystora Mesh, aby uzyska\u0107 sp\u00f3jny smak i produkcj\u0119 pary.<\/li><\/ul>\t\t\t\t\t\t\t\t<\/div>\n\t\t\t\t<\/div>\n\t\t\t\t<\/div>\n\t\t<div class=\"elementor-element elementor-element-8e0e87d e-con-full e-flex e-con e-child\" data-id=\"8e0e87d\" data-element_type=\"container\" data-e-type=\"container\">\n\t\t\t\t<div class=\"elementor-element elementor-element-63d978d elementor-widget elementor-widget-image-gallery\" data-id=\"63d978d\" data-element_type=\"widget\" data-e-type=\"widget\" data-widget_type=\"image-gallery.default\">\n\t\t\t\t<div class=\"elementor-widget-container\">\n\t\t\t\t\t\t\t<div class=\"elementor-image-gallery\">\n\t\t\t<div id='gallery-1' class='gallery galleryid-2452 gallery-columns-1 gallery-size-medium_large'><figure class='gallery-item'>\n\t\t\t<div class='gallery-icon landscape'>\n\t\t\t\t<img fetchpriority=\"high\" decoding=\"async\" width=\"768\" height=\"768\" src=\"https:\/\/puffvapestore.com\/wp-content\/uploads\/2025\/06\/RandM-Tornado-7000-Mango-On-Ice-pvafrt7000-768x768.jpg\" class=\"attachment-medium_large size-medium_large\" alt=\"Mango On Ice RandM Tornado 7000\" aria-describedby=\"gallery-1-2274\" srcset=\"https:\/\/puffvapestore.com\/wp-content\/uploads\/2025\/06\/RandM-Tornado-7000-Mango-On-Ice-pvafrt7000-768x768.jpg 768w, https:\/\/puffvapestore.com\/wp-content\/uploads\/2025\/06\/RandM-Tornado-7000-Mango-On-Ice-pvafrt7000-300x300.jpg 300w, https:\/\/puffvapestore.com\/wp-content\/uploads\/2025\/06\/RandM-Tornado-7000-Mango-On-Ice-pvafrt7000-1024x1024.jpg 1024w, https:\/\/puffvapestore.com\/wp-content\/uploads\/2025\/06\/RandM-Tornado-7000-Mango-On-Ice-pvafrt7000-150x150.jpg 150w, https:\/\/puffvapestore.com\/wp-content\/uploads\/2025\/06\/RandM-Tornado-7000-Mango-On-Ice-pvafrt7000-600x600.jpg 600w, https:\/\/puffvapestore.com\/wp-content\/uploads\/2025\/06\/RandM-Tornado-7000-Mango-On-Ice-pvafrt7000-100x100.jpg 100w, https:\/\/puffvapestore.com\/wp-content\/uploads\/2025\/06\/RandM-Tornado-7000-Mango-On-Ice-pvafrt7000.jpg 1039w\" sizes=\"(max-width: 768px) 100vw, 768px\" \/>\n\t\t\t<\/div>\n\t\t\t\t<figcaption class='wp-caption-text gallery-caption' id='gallery-1-2274'>\n\t\t\t\tMango On Ice RandM Tornado 7000 \n\t\t\t\t<\/figcaption><\/figure>\n\t\t<\/div>\n\t\t<\/div>\n\t\t\t\t\t\t<\/div>\n\t\t\t\t<\/div>\n\t\t\t\t<\/div>\n\t\t\t\t\t<\/div>\n\t\t\t\t<\/div>\n\t\t<div class=\"elementor-element elementor-element-718b380 e-flex e-con-boxed e-con e-parent\" data-id=\"718b380\" data-element_type=\"container\" data-e-type=\"container\">\n\t\t\t\t\t<div class=\"e-con-inner\">\n\t\t\t\t<div class=\"elementor-element elementor-element-d2cc8fa elementor-widget elementor-widget-text-editor\" data-id=\"d2cc8fa\" data-element_type=\"widget\" data-e-type=\"widget\" data-widget_type=\"text-editor.default\">\n\t\t\t\t<div class=\"elementor-widget-container\">\n\t\t\t\t\t\t\t\t\t<h3>Czy RandM Tornado 7000 Mango On Ice wydziela zapachy lub przecieka?<\/h3><p>W normalnych warunkach elektroniczny papieros RandM Tornado 7000 Mango On Ice jest bezwonny i szczelny.<\/p><p>Model RandM Tornado 7000 Mango On Ice charakteryzuje si\u0119 zintegrowan\u0105, zamkni\u0119t\u0105 konstrukcj\u0105, kt\u00f3ra obejmuje schowek na e-liquid, rezystor Mesh, bateri\u0119 i kana\u0142 przep\u0142ywu powietrza. Obudowa urz\u0105dzenia zosta\u0142a wykonana z wysoce odpornych materia\u0142\u00f3w w po\u0142\u0105czeniu z zaawansowanym procesem monta\u017cu, aby zapewni\u0107 wodoszczelno\u015b\u0107 ca\u0142ej konstrukcji. Zbiornik oleju jest centralnym elementem uszczelnienia. Aby zapobiec reakcji chemicznej oleju ze \u015brodowiskiem zewn\u0119trznym lub wyciekom, zastosowano materia\u0142y dopuszczone do kontaktu z \u017cywno\u015bci\u0105. Elektroniczny papieros RandM Tornado 7000 wykorzystuje wielowarstwowe uszczelki na styku zbiornika oleju z ustnikiem, rezystorem i innymi komponentami. Uszczelki te s\u0105 wysoce elastyczne i odporne na chemikalia, skutecznie zapobiegaj\u0105c wyciekom p\u0142yn\u00f3w. Dodatkowo, sp\u00f3d urz\u0105dzenia jest wyposa\u017cony w silikonow\u0105 zatyczk\u0119 lub naklejk\u0119, kt\u00f3ra chroni zbiornik oleju podczas transportu i przechowywania, zapobiegaj\u0105c wyciekom spowodowanym zmianami ci\u015bnienia lub uderzeniami. Taka konstrukcja zapewnia solidn\u0105 podstaw\u0119 zapobiegaj\u0105c\u0105 wyciekom oleju, zapewniaj\u0105c jednocze\u015bnie, \u017ce olej nie wyparuje ani nie zostanie zanieczyszczony podczas d\u0142ugotrwa\u0142ego przechowywania. Zamkni\u0119ta konstrukcja analizowanego powy\u017cej modelu RandM Tornado 7000 Mango On Ice wykazuje szczeg\u00f3lnie staranne uszczelnienie, gwarantuj\u0105c brak nieprzyjemnych zapach\u00f3w i wyciek\u00f3w oleju w normalnych warunkach.<\/p><h3>Czy RandM Tornado 7000 Mango On Ice jest kompatybilny z automatycznym startem inhalacji?<\/h3><p>Tak, model RandM Tornado 7000 Mango On Ice jest kompatybilny z automatycznym uruchamianiem inhalacji.<\/p><p>Elektroniczny papieros RandM Tornado 7000 wykorzystuje technologi\u0119 automatycznego wyzwalania inhalacji, najbardziej rozpowszechnion\u0105 na rynku. Oznacza to, \u017ce u\u017cytkownik nie musi naciska\u0107 \u017cadnych przycisk\u00f3w. Wystarczy wykona\u0107 wdech, aby aktywowa\u0107 wewn\u0119trzny rozpylacz i wytworzy\u0107 dym. Podstawow\u0105 zasad\u0105 jest wykorzystanie przep\u0142ywu powietrza do uruchomienia wewn\u0119trznego czujnika, umo\u017cliwiaj\u0105c baterii automatyczne zasilanie serca atomizera w celu podgrzania e-cieczy.<\/p><p>Automatyczny spust wdechu sprawia, \u017ce korzystanie z RandM Tornado 7000 Mango On Ice jest prostsze, bardziej intuicyjne i wygodniejsze, szczeg\u00f3lnie dla nowych u\u017cytkownik\u00f3w papieros\u00f3w elektronicznych lub w sytuacjach wymagaj\u0105cych gotowego do u\u017cycia papierosa. Na przyk\u0142ad podczas jazdy samochodem, na \u015bwie\u017cym powietrzu lub w sytuacjach, gdy u\u017cycie r\u0105k jest niepraktyczne, u\u017cytkownicy po prostu trzymaj\u0105 ustnik i wdychaj\u0105, aby korzysta\u0107 z elektronicznego papierosa RandM Tornado 7000, bez konieczno\u015bci szukania przycisk\u00f3w lub ustawiania parametr\u00f3w, co znacznie poprawia przeno\u015bno\u015b\u0107 i wygod\u0119.<\/p>\t\t\t\t\t\t\t\t<\/div>\n\t\t\t\t<\/div>\n\t\t\t\t\t<\/div>\n\t\t\t\t<\/div>\n\t\t\t\t<\/div>","protected":false},"excerpt":{"rendered":"<p>Saveur\u00a0: Mango On Ice L&rsquo;essence m\u00eame du Mango On Ice r\u00e9side dans l&rsquo;harmonie de la mangue sucr\u00e9e et du menthol frais. La douceur tropicale de la mangue offre un ar\u00f4me fruit\u00e9 riche, tandis que le menthol lui insuffle une vitalit\u00e9 rafra\u00eechissante, \u00e9vitant la monotonie d&rsquo;une simple saveur fruit\u00e9e. Ar\u00f4me fruit\u00e9\u00a0: douceur de mangue m\u00fbre et [&hellip;]<\/p>\n","protected":false},"featured_media":2274,"comment_status":"open","ping_status":"closed","template":"","meta":{"site-sidebar-layout":"no-sidebar","site-content-layout":"page-builder","ast-site-content-layout":"normal-width-container","site-content-style":"default","site-sidebar-style":"default","ast-global-header-display":"","ast-banner-title-visibility":"","ast-main-header-display":"","ast-hfb-above-header-display":"","ast-hfb-below-header-display":"","ast-hfb-mobile-header-display":"","site-post-title":"disabled","ast-breadcrumbs-content":"","ast-featured-img":"disabled","footer-sml-layout":"","ast-disable-related-posts":"","theme-transparent-header-meta":"default","adv-header-id-meta":"","stick-header-meta":"default","header-above-stick-meta":"","header-main-stick-meta":"","header-below-stick-meta":"","astra-migrate-meta-layouts":"set","ast-page-background-enabled":"default","ast-page-background-meta":{"desktop":{"background-color":"","background-image":"","background-repeat":"repeat","background-position":"center center","background-size":"auto","background-attachment":"scroll","background-type":"","background-media":"","overlay-type":"","overlay-color":"","overlay-opacity":"","overlay-gradient":""},"tablet":{"background-color":"","background-image":"","background-repeat":"repeat","background-position":"center center","background-size":"auto","background-attachment":"scroll","background-type":"","background-media":"","overlay-type":"","overlay-color":"","overlay-opacity":"","overlay-gradient":""},"mobile":{"background-color":"","background-image":"","background-repeat":"repeat","background-position":"center center","background-size":"auto","background-attachment":"scroll","background-type":"","background-media":"","overlay-type":"","overlay-color":"","overlay-opacity":"","overlay-gradient":""}},"ast-content-background-meta":{"desktop":{"background-color":"var(--ast-global-color-5)","background-image":"","background-repeat":"repeat","background-position":"center center","background-size":"auto","background-attachment":"scroll","background-type":"","background-media":"","overlay-type":"","overlay-color":"","overlay-opacity":"","overlay-gradient":""},"tablet":{"background-color":"var(--ast-global-color-5)","background-image":"","background-repeat":"repeat","background-position":"center center","background-size":"auto","background-attachment":"scroll","background-type":"","background-media":"","overlay-type":"","overlay-color":"","overlay-opacity":"","overlay-gradient":""},"mobile":{"background-color":"var(--ast-global-color-5)","background-image":"","background-repeat":"repeat","background-position":"center center","background-size":"auto","background-attachment":"scroll","background-type":"","background-media":"","overlay-type":"","overlay-color":"","overlay-opacity":"","overlay-gradient":""}}},"product_brand":[42],"product_cat":[41,94,15],"product_tag":[],"class_list":{"0":"post-2452","1":"product","2":"type-product","3":"status-publish","4":"has-post-thumbnail","6":"product_brand-randm-tornado","7":"product_cat-randm-tornado-7000","8":"product_cat-puff-7k","9":"product_cat-magasin-cigarette-electronique","10":"desktop-align-center","11":"tablet-align-center","12":"mobile-align-center","13":"ast-product-gallery-layout-horizontal","14":"ast-product-gallery-with-no-image","15":"ast-product-single-variable","16":"ast-product-tabs-layout-horizontal","17":"ast-qv-on-image","19":"first","20":"outofstock","21":"sale","22":"shipping-taxable","23":"purchasable","24":"product-type-variable","25":"has-default-attributes"},"tiered_pricing_type":"fixed","tiered_pricing_fixed_rules":{"30":8.58,"60":8.12,"100":7.48,"200":6.98},"tiered_pricing_product_settings":{"layout":"default","base_unit_name":{"singular":null,"plural":null},"default_variation":null},"tiered_pricing_minimum_quantity":null,"tiered_pricing_roles_data":[],"tiered_pricing_percentage_rules":[],"_links":{"self":[{"href":"https:\/\/puffvapestore.com\/pl\/wp-json\/wp\/v2\/product\/2452","targetHints":{"allow":["GET"]}}],"collection":[{"href":"https:\/\/puffvapestore.com\/pl\/wp-json\/wp\/v2\/product"}],"about":[{"href":"https:\/\/puffvapestore.com\/pl\/wp-json\/wp\/v2\/types\/product"}],"replies":[{"embeddable":true,"href":"https:\/\/puffvapestore.com\/pl\/wp-json\/wp\/v2\/comments?post=2452"}],"version-history":[{"count":7,"href":"https:\/\/puffvapestore.com\/pl\/wp-json\/wp\/v2\/product\/2452\/revisions"}],"predecessor-version":[{"id":2544,"href":"https:\/\/puffvapestore.com\/pl\/wp-json\/wp\/v2\/product\/2452\/revisions\/2544"}],"wp:featuredmedia":[{"embeddable":true,"href":"https:\/\/puffvapestore.com\/pl\/wp-json\/wp\/v2\/media\/2274"}],"wp:attachment":[{"href":"https:\/\/puffvapestore.com\/pl\/wp-json\/wp\/v2\/media?parent=2452"}],"wp:term":[{"taxonomy":"product_brand","embeddable":true,"href":"https:\/\/puffvapestore.com\/pl\/wp-json\/wp\/v2\/product_brand?post=2452"},{"taxonomy":"product_cat","embeddable":true,"href":"https:\/\/puffvapestore.com\/pl\/wp-json\/wp\/v2\/product_cat?post=2452"},{"taxonomy":"product_tag","embeddable":true,"href":"https:\/\/puffvapestore.com\/pl\/wp-json\/wp\/v2\/product_tag?post=2452"}],"curies":[{"name":"wp","href":"https:\/\/api.w.org\/{rel}","templated":true}]}}