{"id":2120,"date":"2025-04-18T12:07:59","date_gmt":"2025-04-18T12:07:59","guid":{"rendered":"https:\/\/puffvapestore.com\/?post_type=product&#038;p=2120"},"modified":"2026-01-19T10:37:33","modified_gmt":"2026-01-19T10:37:33","slug":"watermelon-ice-18k-jnr-falcon-puff","status":"publish","type":"product","link":"https:\/\/puffvapestore.com\/pl\/product\/ptys-arbuzowy-18k-jnr-falcon\/","title":{"rendered":"Watermelon Ice 18K JNR Falcon X Puff"},"content":{"rendered":"<div data-elementor-type=\"wp-post\" data-elementor-id=\"2120\" class=\"elementor elementor-2120\">\n\t\t\t\t<div class=\"elementor-element elementor-element-65af89b e-flex e-con-boxed e-con e-parent\" data-id=\"65af89b\" data-element_type=\"container\" data-e-type=\"container\">\n\t\t\t\t\t<div class=\"e-con-inner\">\n\t\t<div class=\"elementor-element elementor-element-3caab23 e-con-full e-flex e-con e-child\" data-id=\"3caab23\" data-element_type=\"container\" data-e-type=\"container\">\n\t\t\t\t<div class=\"elementor-element elementor-element-38df38c elementor-widget elementor-widget-text-editor\" data-id=\"38df38c\" data-element_type=\"widget\" data-e-type=\"widget\" data-widget_type=\"text-editor.default\">\n\t\t\t\t<div class=\"elementor-widget-container\">\n\t\t\t\t\t\t\t\t\t<h2>Specyfikacje dla JNR Falcon 18K Watermelon Ice:<\/h2><p>Puffy : Do 18 000 zaci\u0105gni\u0119\u0107<br \/>P\u0142yn: 24 ml<br \/>Poziomy nikotyny: 0 %, 2 %, 5 %<br \/>Op\u00f3r: 0,6 oma<br \/>Pojemno\u015b\u0107 baterii: 950 mAh<br \/>\u0141adowanie: Typ-C<br \/>Regulowany przep\u0142yw powietrza: Tak<br \/>Wy\u015bwietlacz cyfrowy<br \/>Podw\u00f3jna siatka i podw\u00f3jna odporno\u015b\u0107 rdzenia<br \/>Wymiary: 53,5 x 32 x 121 mm<\/p>\t\t\t\t\t\t\t\t<\/div>\n\t\t\t\t<\/div>\n\t\t\t\t<\/div>\n\t\t<div class=\"elementor-element elementor-element-c38df58 e-con-full e-flex e-con e-child\" data-id=\"c38df58\" data-element_type=\"container\" data-e-type=\"container\">\n\t\t\t\t<div class=\"elementor-element elementor-element-332ba99 elementor-widget elementor-widget-image-gallery\" data-id=\"332ba99\" data-element_type=\"widget\" data-e-type=\"widget\" data-widget_type=\"image-gallery.default\">\n\t\t\t\t<div class=\"elementor-widget-container\">\n\t\t\t\t\t\t\t<div class=\"elementor-image-gallery\">\n\t\t\t<div id='gallery-1' class='gallery galleryid-2120 gallery-columns-1 gallery-size-medium_large'><figure class='gallery-item'>\n\t\t\t<div class='gallery-icon portrait'>\n\t\t\t\t<img fetchpriority=\"high\" decoding=\"async\" width=\"654\" height=\"690\" src=\"https:\/\/puffvapestore.com\/wp-content\/uploads\/2025\/04\/pvajf18000-28.jpg\" class=\"attachment-medium_large size-medium_large\" alt=\"JNR Falcon 18k Watermelon Ice pvajf18000\" aria-describedby=\"gallery-1-1968\" srcset=\"https:\/\/puffvapestore.com\/wp-content\/uploads\/2025\/04\/pvajf18000-28.jpg 654w, https:\/\/puffvapestore.com\/wp-content\/uploads\/2025\/04\/pvajf18000-28-284x300.jpg 284w, https:\/\/puffvapestore.com\/wp-content\/uploads\/2025\/04\/pvajf18000-28-600x633.jpg 600w\" sizes=\"(max-width: 654px) 100vw, 654px\" \/>\n\t\t\t<\/div>\n\t\t\t\t<figcaption class='wp-caption-text gallery-caption' id='gallery-1-1968'>\n\t\t\t\tJNR Falcon 18k Watermelon Ice pvajf18000\n\t\t\t\t<\/figcaption><\/figure>\n\t\t<\/div>\n\t\t<\/div>\n\t\t\t\t\t\t<\/div>\n\t\t\t\t<\/div>\n\t\t\t\t<\/div>\n\t\t\t\t\t<\/div>\n\t\t\t\t<\/div>\n\t\t<div class=\"elementor-element elementor-element-824a998 e-flex e-con-boxed e-con e-parent\" data-id=\"824a998\" data-element_type=\"container\" data-e-type=\"container\">\n\t\t\t\t\t<div class=\"e-con-inner\">\n\t\t\t\t\t<\/div>\n\t\t\t\t<\/div>\n\t\t<div class=\"elementor-element elementor-element-b64795d e-flex e-con-boxed e-con e-parent\" data-id=\"b64795d\" data-element_type=\"container\" data-e-type=\"container\">\n\t\t\t\t\t<div class=\"e-con-inner\">\n\t\t\t\t<div class=\"elementor-element elementor-element-3adcd0f elementor-widget elementor-widget-n-accordion\" data-id=\"3adcd0f\" data-element_type=\"widget\" data-e-type=\"widget\" data-settings=\"{&quot;default_state&quot;:&quot;expanded&quot;,&quot;max_items_expended&quot;:&quot;one&quot;,&quot;n_accordion_animation_duration&quot;:{&quot;unit&quot;:&quot;ms&quot;,&quot;size&quot;:400,&quot;sizes&quot;:[]}}\" data-widget_type=\"nested-accordion.default\">\n\t\t\t\t<div class=\"elementor-widget-container\">\n\t\t\t\t\t\t\t<div class=\"e-n-accordion\" aria-label=\"Akordeon. Otwieranie \u0142\u0105czy za pomoc\u0105 klawisza Enter lub spacji, zamykanie za pomoc\u0105 klawisza Escape i nawigacja za pomoc\u0105 klawiszy strza\u0142ek\">\n\t\t\t\t\t\t<details id=\"e-n-accordion-item-6170\" class=\"e-n-accordion-item\" open>\n\t\t\t\t<summary class=\"e-n-accordion-item-title\" data-accordion-index=\"1\" tabindex=\"0\" aria-expanded=\"true\" aria-controls=\"e-n-accordion-item-6170\" >\n\t\t\t\t\t<span class='e-n-accordion-item-title-header'><div class=\"e-n-accordion-item-title-text\"> Cechy i funkcje JNR Falcon X 18K Watermelon Ice <\/div><\/span>\n\t\t\t\t\t\t\t<span class='e-n-accordion-item-title-icon'>\n\t\t\t<span class='e-opened' ><svg aria-hidden=\"true\" class=\"e-font-icon-svg e-fas-minus\" viewbox=\"0 0 448 512\" xmlns=\"http:\/\/www.w3.org\/2000\/svg\"><path d=\"M416 208H32c-17.67 0-32 14.33-32 32v32c0 17.67 14.33 32 32 32h384c17.67 0 32-14.33 32-32v-32c0-17.67-14.33-32-32-32z\"><\/path><\/svg><\/span>\n\t\t\t<span class='e-closed'><svg aria-hidden=\"true\" class=\"e-font-icon-svg e-fas-plus\" viewbox=\"0 0 448 512\" xmlns=\"http:\/\/www.w3.org\/2000\/svg\"><path d=\"M416 208H272V64c0-17.67-14.33-32-32-32h-32c-17.67 0-32 14.33-32 32v144H32c-17.67 0-32 14.33-32 32v32c0 17.67 14.33 32 32 32h144v144c0 17.67 14.33 32 32 32h32c17.67 0 32-14.33 32-32V304h144c17.67 0 32-14.33 32-32v-32c0-17.67-14.33-32-32-32z\"><\/path><\/svg><\/span>\n\t\t<\/span>\n\n\t\t\t\t\t\t<\/summary>\n\t\t\t\t<div role=\"region\" aria-labelledby=\"e-n-accordion-item-6170\" class=\"elementor-element elementor-element-8063191 e-con-full e-flex e-con e-child\" data-id=\"8063191\" data-element_type=\"container\" data-e-type=\"container\">\n\t\t<div role=\"region\" aria-labelledby=\"e-n-accordion-item-6170\" class=\"elementor-element elementor-element-050ba91 e-flex e-con-boxed e-con e-child\" data-id=\"050ba91\" data-element_type=\"container\" data-e-type=\"container\">\n\t\t\t\t\t<div class=\"e-con-inner\">\n\t\t\t\t<div class=\"elementor-element elementor-element-63d74fb elementor-widget elementor-widget-text-editor\" data-id=\"63d74fb\" data-element_type=\"widget\" data-e-type=\"widget\" data-widget_type=\"text-editor.default\">\n\t\t\t\t<div class=\"elementor-widget-container\">\n\t\t\t\t\t\t\t\t\t<h2>Du\u017ca pojemno\u015b\u0107 e-liquidu<\/h2><p>Model JNR Falcon-X 18K oferuje pojemno\u015b\u0107 24 ml e-liquidu, czyli wi\u0119cej ni\u017c wi\u0119kszo\u015b\u0107 jednorazowych papieros\u00f3w elektronicznych dost\u0119pnych na rynku. Ta du\u017ca pojemno\u015b\u0107 nie tylko zmniejsza potrzeb\u0119 cz\u0119stego uzupe\u0142niania, ale tak\u017ce oznacza, \u017ce mo\u017cesz pali\u0107 przez d\u0142ugi czas bez przerwy. Jest to wi\u0119c idealne rozwi\u0105zanie dla os\u00f3b poszukuj\u0105cych d\u0142ugotrwa\u0142ego u\u017cytkowania i sp\u00f3jnego smaku w pracy, w podr\u00f3\u017cy lub w czasie wolnym.<\/p><p>Model JNR Falcon-X 18K jest wyposa\u017cony w zintegrowan\u0105, wydajn\u0105 bateri\u0119 o pojemno\u015bci 950 mAh, kt\u00f3ra pozwala na ca\u0142odzienne u\u017cytkowanie. Nowoczesny port \u0142adowania typu C sprawia, \u017ce \u0142adowanie jest szybsze i bezpieczniejsze, dzi\u0119ki czemu mo\u017cna na\u0142adowa\u0107 urz\u0105dzenie bez d\u0142ugiego oczekiwania.<\/p><h2>Podw\u00f3jne rezystory Dual-Mesh Dual-Core 0,6 ohm dla lepszej pary i smaku.<\/h2><p>Model JNR Falcon-X 18K wykorzystuje rezystor Dual-Mesh Dual-Core 0,6 ohm, znacznie poprawiaj\u0105c produkcj\u0119 pary i jej grubo\u015b\u0107. Podw\u00f3jna struktura knota zapewnia bardziej r\u00f3wnomierne ogrzewanie, zapobiega powstawaniu zapach\u00f3w spalenizny i zapewnia p\u0142ynniejsze, bardziej wyrafinowane doznania podczas waporyzacji. Niezale\u017cnie od tego, czy szukasz du\u017cej ilo\u015bci pary, czy czystego smaku, JNR Falcon 18K jest idealny dla Twoich potrzeb.<\/p><h2>Elastyczny, regulowany system przep\u0142ywu powietrza dla spersonalizowanej inhalacji<\/h2><p>Model JNR Falcon-X 18K posiada innowacyjn\u0105 funkcj\u0119 regulacji przep\u0142ywu powietrza, pozwalaj\u0105c\u0105 u\u017cytkownikom na swobodne dostosowanie ilo\u015bci wdychanego powietrza do w\u0142asnych preferencji, tworz\u0105c zr\u00f3\u017cnicowane wra\u017cenia z palenia, od mocnego, g\u0142adkiego dymu po pe\u0142ny, obfity dym.<\/p><h2>D\u0142ugotrwa\u0142y, ekonomiczny i praktyczny<\/h2><p>Dzi\u0119ki zaawansowanej technologii JNR Falcon-X 18K oferuje do 18 000 zaci\u0105gni\u0119\u0107, znacznie przekraczaj\u0105c \u017cywotno\u015b\u0107 konwencjonalnych jednorazowych papieros\u00f3w elektronicznych. Jego trwa\u0142o\u015b\u0107 znacznie poprawia stosunek jako\u015bci do ceny, czyni\u0105c go idealnym dla intensywnych u\u017cytkownik\u00f3w i d\u0142ugich okres\u00f3w u\u017cytkowania. Eliminuje potrzeb\u0119 cz\u0119stej wymiany, dzi\u0119ki czemu jest zar\u00f3wno przyjazny dla \u015brodowiska, jak i ekonomiczny.<\/p><p>Zintegrowany cyfrowy wy\u015bwietlacz o wysokiej rozdzielczo\u015bci pokazuje poziom na\u0142adowania baterii i pozosta\u0142\u0105 ilo\u015b\u0107 e-cieczy w czasie rzeczywistym, daj\u0105c u\u017cytkownikom jasny obraz stanu urz\u0105dzenia. Intuicyjne informacje zwrotne upraszczaj\u0105 u\u017cytkowanie, eliminuj\u0105c przerwy spowodowane niskim poziomem na\u0142adowania baterii lub wyczerpaniem e-cieczy, zapewniaj\u0105c p\u0142ynne, bezproblemowe zaci\u0105ganie si\u0119 za ka\u017cdym razem.<\/p><p>JNR Falcon-X 18K oferuje trzy poziomy nikotyny: 0 %, 2 % i 5 %, aby zaspokoi\u0107 potrzeby i gusta ka\u017cdego u\u017cytkownika. Od czystej przyjemno\u015bci bez nikotyny po stopniowe rzucanie palenia z niskim poziomem nikotyny i wysokim zapotrzebowaniem na nikotyn\u0119, elastyczne opcje pomagaj\u0105 znale\u017a\u0107 rozwi\u0105zanie odpowiednie dla Ciebie.<\/p>\t\t\t\t\t\t\t\t<\/div>\n\t\t\t\t<\/div>\n\t\t\t\t\t<\/div>\n\t\t\t\t<\/div>\n\t\t\t\t<\/div>\n\t\t\t\t\t<\/details>\n\t\t\t\t\t\t<details id=\"e-n-accordion-item-6171\" class=\"e-n-accordion-item\" >\n\t\t\t\t<summary class=\"e-n-accordion-item-title\" data-accordion-index=\"2\" tabindex=\"-1\" aria-expanded=\"false\" aria-controls=\"e-n-accordion-item-6171\" >\n\t\t\t\t\t<span class='e-n-accordion-item-title-header'><div class=\"e-n-accordion-item-title-text\"> Puff Watermelon Ice JNR Falcon X 18K <\/div><\/span>\n\t\t\t\t\t\t\t<span class='e-n-accordion-item-title-icon'>\n\t\t\t<span class='e-opened' ><svg aria-hidden=\"true\" class=\"e-font-icon-svg e-fas-minus\" viewbox=\"0 0 448 512\" xmlns=\"http:\/\/www.w3.org\/2000\/svg\"><path d=\"M416 208H32c-17.67 0-32 14.33-32 32v32c0 17.67 14.33 32 32 32h384c17.67 0 32-14.33 32-32v-32c0-17.67-14.33-32-32-32z\"><\/path><\/svg><\/span>\n\t\t\t<span class='e-closed'><svg aria-hidden=\"true\" class=\"e-font-icon-svg e-fas-plus\" viewbox=\"0 0 448 512\" xmlns=\"http:\/\/www.w3.org\/2000\/svg\"><path d=\"M416 208H272V64c0-17.67-14.33-32-32-32h-32c-17.67 0-32 14.33-32 32v144H32c-17.67 0-32 14.33-32 32v32c0 17.67 14.33 32 32 32h144v144c0 17.67 14.33 32 32 32h32c17.67 0 32-14.33 32-32V304h144c17.67 0 32-14.33 32-32v-32c0-17.67-14.33-32-32-32z\"><\/path><\/svg><\/span>\n\t\t<\/span>\n\n\t\t\t\t\t\t<\/summary>\n\t\t\t\t<div role=\"region\" aria-labelledby=\"e-n-accordion-item-6171\" class=\"elementor-element elementor-element-231aa4f e-con-full e-flex e-con e-child\" data-id=\"231aa4f\" data-element_type=\"container\" data-e-type=\"container\">\n\t\t<div role=\"region\" aria-labelledby=\"e-n-accordion-item-6171\" class=\"elementor-element elementor-element-e726889 e-flex e-con-boxed e-con e-child\" data-id=\"e726889\" data-element_type=\"container\" data-e-type=\"container\">\n\t\t\t\t\t<div class=\"e-con-inner\">\n\t\t\t\t<div class=\"elementor-element elementor-element-55fd5fa elementor-widget elementor-widget-text-editor\" data-id=\"55fd5fa\" data-element_type=\"widget\" data-e-type=\"widget\" data-widget_type=\"text-editor.default\">\n\t\t\t\t<div class=\"elementor-widget-container\">\n\t\t\t\t\t\t\t\t\t<p>Alejki w pobli\u017cu Luwru w Pary\u017cu zawsze maj\u0105 niepowtarzalny urok. By\u0142em tam wczoraj po po\u0142udniu, z elektronicznym papierosem JNR Falcon X 18000 w r\u0119ku, aby wypr\u00f3bowa\u0107 ich smak Watermelon Icy. Szczerze m\u00f3wi\u0105c, wydajno\u015b\u0107 tego e-papierosa naprawd\u0119 przeros\u0142a moje oczekiwania.<\/p><p>To urz\u0105dzenie jest do\u015b\u0107 ma\u0142e i doskonale le\u017cy w d\u0142oni, nie b\u0119d\u0105c niepor\u0119cznym. Szczeg\u00f3lnie podoba mi si\u0119 ekran LED, kt\u00f3ry u\u0142atwia sprawdzenie poziomu na\u0142adowania baterii i liczby zaci\u0105gni\u0119\u0107. To bardzo praktyczne. Smak lodu arbuzowego jest pocz\u0105tkowo nieco s\u0142odki, ale nie t\u0142usty, a nast\u0119pnie pojawia si\u0119 uczucie ch\u0142odu, kt\u00f3re jest szczeg\u00f3lnie przyjemne do palenia latem.<\/p>\t\t\t\t\t\t\t\t<\/div>\n\t\t\t\t<\/div>\n\t\t<div role=\"region\" aria-labelledby=\"e-n-accordion-item-6171\" class=\"elementor-element elementor-element-942ccb0 e-con-full e-flex e-con e-child\" data-id=\"942ccb0\" data-element_type=\"container\" data-e-type=\"container\">\n\t\t<div role=\"region\" aria-labelledby=\"e-n-accordion-item-6171\" class=\"elementor-element elementor-element-d5e4b56 e-con-full e-flex e-con e-child\" data-id=\"d5e4b56\" data-element_type=\"container\" data-e-type=\"container\">\n\t\t\t\t<div class=\"elementor-element elementor-element-381dfcb elementor-widget elementor-widget-image-gallery\" data-id=\"381dfcb\" data-element_type=\"widget\" data-e-type=\"widget\" data-widget_type=\"image-gallery.default\">\n\t\t\t\t<div class=\"elementor-widget-container\">\n\t\t\t\t\t\t\t<div class=\"elementor-image-gallery\">\n\t\t\t<div id='gallery-1' class='gallery galleryid-2120 gallery-columns-1 gallery-size-medium_large'><figure class='gallery-item'>\n\t\t\t<div class='gallery-icon portrait'>\n\t\t\t\t<img fetchpriority=\"high\" decoding=\"async\" width=\"654\" height=\"690\" src=\"https:\/\/puffvapestore.com\/wp-content\/uploads\/2025\/04\/pvajf18000-28.jpg\" class=\"attachment-medium_large size-medium_large\" alt=\"JNR Falcon 18k Watermelon Ice pvajf18000\" aria-describedby=\"gallery-1-1968\" srcset=\"https:\/\/puffvapestore.com\/wp-content\/uploads\/2025\/04\/pvajf18000-28.jpg 654w, https:\/\/puffvapestore.com\/wp-content\/uploads\/2025\/04\/pvajf18000-28-284x300.jpg 284w, https:\/\/puffvapestore.com\/wp-content\/uploads\/2025\/04\/pvajf18000-28-600x633.jpg 600w\" sizes=\"(max-width: 654px) 100vw, 654px\" \/>\n\t\t\t<\/div>\n\t\t\t\t<figcaption class='wp-caption-text gallery-caption' id='gallery-1-1968'>\n\t\t\t\tJNR Falcon 18k Watermelon Ice pvajf18000\n\t\t\t\t<\/figcaption><\/figure>\n\t\t<\/div>\n\t\t<\/div>\n\t\t\t\t\t\t<\/div>\n\t\t\t\t<\/div>\n\t\t\t\t<\/div>\n\t\t<div role=\"region\" aria-labelledby=\"e-n-accordion-item-6171\" class=\"elementor-element elementor-element-577deeb e-con-full e-flex e-con e-child\" data-id=\"577deeb\" data-element_type=\"container\" data-e-type=\"container\">\n\t\t\t\t<div class=\"elementor-element elementor-element-5d167cf elementor-widget elementor-widget-text-editor\" data-id=\"5d167cf\" data-element_type=\"widget\" data-e-type=\"widget\" data-widget_type=\"text-editor.default\">\n\t\t\t\t<div class=\"elementor-widget-container\">\n\t\t\t\t\t\t\t\t\t<p>Odkry\u0142em, \u017ce cewka 0,6 oma dzia\u0142a dok\u0142adnie tak, jak reklamowano, z g\u0119st\u0105, r\u00f3wnomiern\u0105 par\u0105. Ustawienie przep\u0142ywu powietrza jest r\u00f3wnie\u017c bardzo wygodne i mo\u017cna je dostosowa\u0107 do w\u0142asnych preferencji. Po ca\u0142ym dniu palenia bateria o pojemno\u015bci 950 mAh jest wi\u0119cej ni\u017c wystarczaj\u0105ca i \u0142aduje si\u0119 bardzo szybko przez Type-C, dzi\u0119ki czemu mo\u017cna z niej nadal korzysta\u0107 po kr\u00f3tkim czasie.<\/p><p>Je\u015bli chodzi o smak, aromat arbuza jest bardzo naturalny, a nie sztuczny, jak w przypadku niekt\u00f3rych papieros\u00f3w elektronicznych. Wra\u017cenie lodu jest idealne, nie za zimne. Zawarto\u015b\u0107 nikotyny w 2% idealnie mi odpowiada, a uderzenie w gard\u0142o nie jest zbyt mocne.<\/p>\t\t\t\t\t\t\t\t<\/div>\n\t\t\t\t<\/div>\n\t\t\t\t<\/div>\n\t\t\t\t<\/div>\n\t\t<div role=\"region\" aria-labelledby=\"e-n-accordion-item-6171\" class=\"elementor-element elementor-element-7926c6b e-con-full e-flex e-con e-child\" data-id=\"7926c6b\" data-element_type=\"container\" data-e-type=\"container\">\n\t\t\t\t<div class=\"elementor-element elementor-element-2b41948 elementor-widget elementor-widget-text-editor\" data-id=\"2b41948\" data-element_type=\"widget\" data-e-type=\"widget\" data-widget_type=\"text-editor.default\">\n\t\t\t\t<div class=\"elementor-widget-container\">\n\t\t\t\t\t\t\t\t\t<p>Najbardziej zaskoczy\u0142a mnie \u017cywotno\u015b\u0107 e-liquidu. Oficjalna deklaracja m\u00f3wi o 18 000 zaci\u0105gni\u0119\u0107, a ja u\u017cywa\u0142em go przez dwa dni i wci\u0105\u017c czu\u0142em, \u017ce zosta\u0142o go jeszcze sporo. Pojemno\u015b\u0107 24 ml jest naprawd\u0119 du\u017ca, wi\u0119c nie musisz si\u0119 martwi\u0107, \u017ce zabraknie ci p\u0142ynu.<\/p><p>Naprawd\u0119 pasuje do palenia tego tytoniu w zau\u0142kach Pary\u017ca, zw\u0142aszcza wieczorem, gdy pali si\u0119 go podczas spaceru. Orze\u017awiaj\u0105cy smak arbuza i atmosfera Pary\u017ca \u0142\u0105cz\u0105 si\u0119 w niewyt\u0142umaczalny spos\u00f3b. Nawet je\u015bli nie jeste\u015b starym palaczem, my\u015bl\u0119, \u017ce ten elektroniczny papieros JNR Falcon X 18000 jest wart wypr\u00f3bowania, szczeg\u00f3lnie smak lod\u00f3w arbuzowych, kt\u00f3ry jest naprawd\u0119 dobry.<\/p>\t\t\t\t\t\t\t\t<\/div>\n\t\t\t\t<\/div>\n\t\t\t\t<\/div>\n\t\t\t\t\t<\/div>\n\t\t\t\t<\/div>\n\t\t\t\t<\/div>\n\t\t\t\t\t<\/details>\n\t\t\t\t\t<\/div>\n\t\t\t\t\t\t<\/div>\n\t\t\t\t<\/div>\n\t\t\t\t\t<\/div>\n\t\t\t\t<\/div>\n\t\t\t\t<\/div>","protected":false},"excerpt":{"rendered":"<p>Caract\u00e9ristiques du JNR Falcon 18K Watermelon Ice: Bouff\u00e9es : Jusqu\u2019\u00e0 18000 bouff\u00e9es Liquide : 24 ml Taux de nicotine : 0 %, 2 %, 5 % R\u00e9sistance : 0.6 ohm Capacit\u00e9 de la batterie : 950 mAh Chargement : Type-C D\u00e9bit d\u2019air r\u00e9glable : Oui Affichage num\u00e9rique R\u00e9sistance double maille et double c\u0153ur Dimensions : [&hellip;]<\/p>\n","protected":false},"featured_media":1968,"comment_status":"open","ping_status":"closed","template":"","meta":{"site-sidebar-layout":"no-sidebar","site-content-layout":"page-builder","ast-site-content-layout":"normal-width-container","site-content-style":"default","site-sidebar-style":"default","ast-global-header-display":"","ast-banner-title-visibility":"","ast-main-header-display":"","ast-hfb-above-header-display":"","ast-hfb-below-header-display":"","ast-hfb-mobile-header-display":"","site-post-title":"disabled","ast-breadcrumbs-content":"","ast-featured-img":"disabled","footer-sml-layout":"","ast-disable-related-posts":"","theme-transparent-header-meta":"default","adv-header-id-meta":"","stick-header-meta":"default","header-above-stick-meta":"","header-main-stick-meta":"","header-below-stick-meta":"","astra-migrate-meta-layouts":"set","ast-page-background-enabled":"default","ast-page-background-meta":{"desktop":{"background-color":"","background-image":"","background-repeat":"repeat","background-position":"center center","background-size":"auto","background-attachment":"scroll","background-type":"","background-media":"","overlay-type":"","overlay-color":"","overlay-opacity":"","overlay-gradient":""},"tablet":{"background-color":"","background-image":"","background-repeat":"repeat","background-position":"center center","background-size":"auto","background-attachment":"scroll","background-type":"","background-media":"","overlay-type":"","overlay-color":"","overlay-opacity":"","overlay-gradient":""},"mobile":{"background-color":"","background-image":"","background-repeat":"repeat","background-position":"center center","background-size":"auto","background-attachment":"scroll","background-type":"","background-media":"","overlay-type":"","overlay-color":"","overlay-opacity":"","overlay-gradient":""}},"ast-content-background-meta":{"desktop":{"background-color":"var(--ast-global-color-5)","background-image":"","background-repeat":"repeat","background-position":"center center","background-size":"auto","background-attachment":"scroll","background-type":"","background-media":"","overlay-type":"","overlay-color":"","overlay-opacity":"","overlay-gradient":""},"tablet":{"background-color":"var(--ast-global-color-5)","background-image":"","background-repeat":"repeat","background-position":"center center","background-size":"auto","background-attachment":"scroll","background-type":"","background-media":"","overlay-type":"","overlay-color":"","overlay-opacity":"","overlay-gradient":""},"mobile":{"background-color":"var(--ast-global-color-5)","background-image":"","background-repeat":"repeat","background-position":"center center","background-size":"auto","background-attachment":"scroll","background-type":"","background-media":"","overlay-type":"","overlay-color":"","overlay-opacity":"","overlay-gradient":""}}},"product_brand":[30],"product_cat":[40,84,77,31,15],"product_tag":[],"class_list":{"0":"post-2120","1":"product","2":"type-product","3":"status-publish","4":"has-post-thumbnail","6":"product_brand-jnr","7":"product_cat-jnr-18k","8":"product_cat-puff-18k","9":"product_cat-entrepot-de-lue","10":"product_cat-jnr-falcon","11":"product_cat-magasin-cigarette-electronique","12":"desktop-align-center","13":"tablet-align-center","14":"mobile-align-center","15":"ast-product-gallery-layout-horizontal","16":"ast-product-gallery-with-no-image","17":"ast-product-single-variable","18":"ast-product-tabs-layout-horizontal","19":"ast-qv-on-image","21":"first","22":"instock","23":"sale","24":"shipping-taxable","25":"purchasable","26":"product-type-variable","27":"has-default-attributes"},"tiered_pricing_type":"fixed","tiered_pricing_fixed_rules":{"30":10.08,"60":9.28,"100":8.13,"200":7.48,"500":7.28,"1000":6.98},"tiered_pricing_product_settings":{"layout":"default","base_unit_name":{"singular":null,"plural":null},"default_variation":null},"tiered_pricing_minimum_quantity":null,"tiered_pricing_roles_data":[],"tiered_pricing_percentage_rules":[],"_links":{"self":[{"href":"https:\/\/puffvapestore.com\/pl\/wp-json\/wp\/v2\/product\/2120","targetHints":{"allow":["GET"]}}],"collection":[{"href":"https:\/\/puffvapestore.com\/pl\/wp-json\/wp\/v2\/product"}],"about":[{"href":"https:\/\/puffvapestore.com\/pl\/wp-json\/wp\/v2\/types\/product"}],"replies":[{"embeddable":true,"href":"https:\/\/puffvapestore.com\/pl\/wp-json\/wp\/v2\/comments?post=2120"}],"version-history":[{"count":23,"href":"https:\/\/puffvapestore.com\/pl\/wp-json\/wp\/v2\/product\/2120\/revisions"}],"predecessor-version":[{"id":13604,"href":"https:\/\/puffvapestore.com\/pl\/wp-json\/wp\/v2\/product\/2120\/revisions\/13604"}],"wp:featuredmedia":[{"embeddable":true,"href":"https:\/\/puffvapestore.com\/pl\/wp-json\/wp\/v2\/media\/1968"}],"wp:attachment":[{"href":"https:\/\/puffvapestore.com\/pl\/wp-json\/wp\/v2\/media?parent=2120"}],"wp:term":[{"taxonomy":"product_brand","embeddable":true,"href":"https:\/\/puffvapestore.com\/pl\/wp-json\/wp\/v2\/product_brand?post=2120"},{"taxonomy":"product_cat","embeddable":true,"href":"https:\/\/puffvapestore.com\/pl\/wp-json\/wp\/v2\/product_cat?post=2120"},{"taxonomy":"product_tag","embeddable":true,"href":"https:\/\/puffvapestore.com\/pl\/wp-json\/wp\/v2\/product_tag?post=2120"}],"curies":[{"name":"wp","href":"https:\/\/api.w.org\/{rel}","templated":true}]}}