{"id":2113,"date":"2025-04-18T10:02:31","date_gmt":"2025-04-18T10:02:31","guid":{"rendered":"https:\/\/puffvapestore.com\/?post_type=product&#038;p=2113"},"modified":"2026-01-19T10:37:33","modified_gmt":"2026-01-19T10:37:33","slug":"white-peach-razz-18k-jnr-falcon-vape","status":"publish","type":"product","link":"https:\/\/puffvapestore.com\/pl\/product\/biala-brzoskwinia-razz-18k-jnr-falcon-vape\/","title":{"rendered":"White Peach Razz 18k JNR Falcon X Vape"},"content":{"rendered":"<div data-elementor-type=\"wp-post\" data-elementor-id=\"2113\" class=\"elementor elementor-2113\">\n\t\t\t\t<div class=\"elementor-element elementor-element-0afcbff e-flex e-con-boxed e-con e-parent\" data-id=\"0afcbff\" data-element_type=\"container\" data-e-type=\"container\">\n\t\t\t\t\t<div class=\"e-con-inner\">\n\t\t<div class=\"elementor-element elementor-element-05eab3c e-con-full e-flex e-con e-child\" data-id=\"05eab3c\" data-element_type=\"container\" data-e-type=\"container\">\n\t\t\t\t<div class=\"elementor-element elementor-element-d5ff43b elementor-widget elementor-widget-text-editor\" data-id=\"d5ff43b\" data-element_type=\"widget\" data-e-type=\"widget\" data-widget_type=\"text-editor.default\">\n\t\t\t\t<div class=\"elementor-widget-container\">\n\t\t\t\t\t\t\t\t\t<h2>Charakterystyka JNR Falcon 18K White Peach Razz:<\/h2><p>Puffy : Do 18 000 zaci\u0105gni\u0119\u0107<br \/>P\u0142yn: 24 ml<br \/>Poziomy nikotyny: 0 %, 2 %, 5 %<br \/>Op\u00f3r: 0,6 oma<br \/>Pojemno\u015b\u0107 baterii: 950 mAh<br \/>\u0141adowanie: Typ-C<br \/>Regulowany przep\u0142yw powietrza: Tak<br \/>Wy\u015bwietlacz cyfrowy<br \/>Podw\u00f3jna siatka i podw\u00f3jna odporno\u015b\u0107 rdzenia<br \/>Wymiary: 53,5 x 32 x 121 mm<\/p>\t\t\t\t\t\t\t\t<\/div>\n\t\t\t\t<\/div>\n\t\t\t\t<\/div>\n\t\t<div class=\"elementor-element elementor-element-acc5e0f e-con-full e-flex e-con e-child\" data-id=\"acc5e0f\" data-element_type=\"container\" data-e-type=\"container\">\n\t\t\t\t<div class=\"elementor-element elementor-element-9041add elementor-widget elementor-widget-image-gallery\" data-id=\"9041add\" data-element_type=\"widget\" data-e-type=\"widget\" data-widget_type=\"image-gallery.default\">\n\t\t\t\t<div class=\"elementor-widget-container\">\n\t\t\t\t\t\t\t<div class=\"elementor-image-gallery\">\n\t\t\t<div id='gallery-1' class='gallery galleryid-2113 gallery-columns-1 gallery-size-medium_large'><figure class='gallery-item'>\n\t\t\t<div class='gallery-icon portrait'>\n\t\t\t\t<img fetchpriority=\"high\" decoding=\"async\" width=\"654\" height=\"690\" src=\"https:\/\/puffvapestore.com\/wp-content\/uploads\/2025\/04\/pvajf18000-24.jpg\" class=\"attachment-medium_large size-medium_large\" alt=\"JNR Falcon 18k White Peach Razz pvajf18000\" aria-describedby=\"gallery-1-1964\" srcset=\"https:\/\/puffvapestore.com\/wp-content\/uploads\/2025\/04\/pvajf18000-24.jpg 654w, https:\/\/puffvapestore.com\/wp-content\/uploads\/2025\/04\/pvajf18000-24-284x300.jpg 284w, https:\/\/puffvapestore.com\/wp-content\/uploads\/2025\/04\/pvajf18000-24-600x633.jpg 600w\" sizes=\"(max-width: 654px) 100vw, 654px\" \/>\n\t\t\t<\/div>\n\t\t\t\t<figcaption class='wp-caption-text gallery-caption' id='gallery-1-1964'>\n\t\t\t\tJNR Falcon 18k White Peach Razz pvajf18000\n\t\t\t\t<\/figcaption><\/figure>\n\t\t<\/div>\n\t\t<\/div>\n\t\t\t\t\t\t<\/div>\n\t\t\t\t<\/div>\n\t\t\t\t<\/div>\n\t\t\t\t\t<\/div>\n\t\t\t\t<\/div>\n\t\t<div class=\"elementor-element elementor-element-720c4b4 e-flex e-con-boxed e-con e-parent\" data-id=\"720c4b4\" data-element_type=\"container\" data-e-type=\"container\">\n\t\t\t\t\t<div class=\"e-con-inner\">\n\t\t\t\t<div class=\"elementor-element elementor-element-dda71bb elementor-widget elementor-widget-n-accordion\" data-id=\"dda71bb\" data-element_type=\"widget\" data-e-type=\"widget\" data-settings=\"{&quot;default_state&quot;:&quot;expanded&quot;,&quot;max_items_expended&quot;:&quot;one&quot;,&quot;n_accordion_animation_duration&quot;:{&quot;unit&quot;:&quot;ms&quot;,&quot;size&quot;:400,&quot;sizes&quot;:[]}}\" data-widget_type=\"nested-accordion.default\">\n\t\t\t\t<div class=\"elementor-widget-container\">\n\t\t\t\t\t\t\t<div class=\"e-n-accordion\" aria-label=\"Akordeon. Otwieranie \u0142\u0105czy za pomoc\u0105 klawisza Enter lub spacji, zamykanie za pomoc\u0105 klawisza Escape i nawigacja za pomoc\u0105 klawiszy strza\u0142ek\">\n\t\t\t\t\t\t<details id=\"e-n-accordion-item-2320\" class=\"e-n-accordion-item\" open>\n\t\t\t\t<summary class=\"e-n-accordion-item-title\" data-accordion-index=\"1\" tabindex=\"0\" aria-expanded=\"true\" aria-controls=\"e-n-accordion-item-2320\" >\n\t\t\t\t\t<span class='e-n-accordion-item-title-header'><div class=\"e-n-accordion-item-title-text\"> Cechy i funkcje zegarka JNR Falcon X 18K White Peach Razz <\/div><\/span>\n\t\t\t\t\t\t\t<span class='e-n-accordion-item-title-icon'>\n\t\t\t<span class='e-opened' ><svg aria-hidden=\"true\" class=\"e-font-icon-svg e-fas-minus\" viewbox=\"0 0 448 512\" xmlns=\"http:\/\/www.w3.org\/2000\/svg\"><path d=\"M416 208H32c-17.67 0-32 14.33-32 32v32c0 17.67 14.33 32 32 32h384c17.67 0 32-14.33 32-32v-32c0-17.67-14.33-32-32-32z\"><\/path><\/svg><\/span>\n\t\t\t<span class='e-closed'><svg aria-hidden=\"true\" class=\"e-font-icon-svg e-fas-plus\" viewbox=\"0 0 448 512\" xmlns=\"http:\/\/www.w3.org\/2000\/svg\"><path d=\"M416 208H272V64c0-17.67-14.33-32-32-32h-32c-17.67 0-32 14.33-32 32v144H32c-17.67 0-32 14.33-32 32v32c0 17.67 14.33 32 32 32h144v144c0 17.67 14.33 32 32 32h32c17.67 0 32-14.33 32-32V304h144c17.67 0 32-14.33 32-32v-32c0-17.67-14.33-32-32-32z\"><\/path><\/svg><\/span>\n\t\t<\/span>\n\n\t\t\t\t\t\t<\/summary>\n\t\t\t\t<div role=\"region\" aria-labelledby=\"e-n-accordion-item-2320\" class=\"elementor-element elementor-element-667cd60 e-con-full e-flex e-con e-child\" data-id=\"667cd60\" data-element_type=\"container\" data-e-type=\"container\">\n\t\t<div role=\"region\" aria-labelledby=\"e-n-accordion-item-2320\" class=\"elementor-element elementor-element-266facc e-flex e-con-boxed e-con e-child\" data-id=\"266facc\" data-element_type=\"container\" data-e-type=\"container\">\n\t\t\t\t\t<div class=\"e-con-inner\">\n\t\t\t\t<div class=\"elementor-element elementor-element-a33a812 elementor-widget elementor-widget-text-editor\" data-id=\"a33a812\" data-element_type=\"widget\" data-e-type=\"widget\" data-widget_type=\"text-editor.default\">\n\t\t\t\t<div class=\"elementor-widget-container\">\n\t\t\t\t\t\t\t\t\t<h2>Du\u017ca pojemno\u015b\u0107 e-liquidu<\/h2><p>Model JNR Falcon-X 18K oferuje pojemno\u015b\u0107 24 ml e-liquidu, czyli wi\u0119cej ni\u017c wi\u0119kszo\u015b\u0107 jednorazowych papieros\u00f3w elektronicznych dost\u0119pnych na rynku. Ta du\u017ca pojemno\u015b\u0107 nie tylko zmniejsza potrzeb\u0119 cz\u0119stego uzupe\u0142niania, ale tak\u017ce oznacza, \u017ce mo\u017cesz pali\u0107 przez d\u0142ugi czas bez przerwy. Jest to wi\u0119c idealne rozwi\u0105zanie dla os\u00f3b poszukuj\u0105cych d\u0142ugotrwa\u0142ego u\u017cytkowania i sp\u00f3jnego smaku w pracy, w podr\u00f3\u017cy lub w czasie wolnym.<\/p><p>Model JNR Falcon-X 18K jest wyposa\u017cony w zintegrowan\u0105, wydajn\u0105 bateri\u0119 o pojemno\u015bci 950 mAh, kt\u00f3ra pozwala na ca\u0142odzienne u\u017cytkowanie. Nowoczesny port \u0142adowania typu C sprawia, \u017ce \u0142adowanie jest szybsze i bezpieczniejsze, dzi\u0119ki czemu mo\u017cna na\u0142adowa\u0107 urz\u0105dzenie bez d\u0142ugiego oczekiwania.<\/p><h2>Podw\u00f3jne rezystory Dual-Mesh Dual-Core 0,6 ohm dla lepszej pary i smaku.<\/h2><p>Model JNR Falcon-X 18K wykorzystuje rezystor Dual-Mesh Dual-Core 0,6 ohm, znacznie poprawiaj\u0105c produkcj\u0119 pary i jej grubo\u015b\u0107. Podw\u00f3jna struktura knota zapewnia bardziej r\u00f3wnomierne ogrzewanie, zapobiega powstawaniu zapach\u00f3w spalenizny i zapewnia p\u0142ynniejsze, bardziej wyrafinowane doznania podczas waporyzacji. Niezale\u017cnie od tego, czy szukasz du\u017cej ilo\u015bci pary, czy czystego smaku, JNR Falcon 18K jest idealny dla Twoich potrzeb.<\/p><h2>Elastyczny, regulowany system przep\u0142ywu powietrza dla spersonalizowanej inhalacji<\/h2><p>Model JNR Falcon-X 18K posiada innowacyjn\u0105 funkcj\u0119 regulacji przep\u0142ywu powietrza, pozwalaj\u0105c\u0105 u\u017cytkownikom na swobodne dostosowanie ilo\u015bci wdychanego powietrza do w\u0142asnych preferencji, tworz\u0105c zr\u00f3\u017cnicowane wra\u017cenia z palenia, od mocnego, g\u0142adkiego dymu po pe\u0142ny, obfity dym.<\/p><h2>D\u0142ugotrwa\u0142y, ekonomiczny i praktyczny<\/h2><p>Dzi\u0119ki zaawansowanej technologii JNR Falcon-X 18K oferuje do 18 000 zaci\u0105gni\u0119\u0107, znacznie przekraczaj\u0105c \u017cywotno\u015b\u0107 konwencjonalnych jednorazowych papieros\u00f3w elektronicznych. Jego trwa\u0142o\u015b\u0107 znacznie poprawia stosunek jako\u015bci do ceny, czyni\u0105c go idealnym dla intensywnych u\u017cytkownik\u00f3w i d\u0142ugich okres\u00f3w u\u017cytkowania. Eliminuje potrzeb\u0119 cz\u0119stej wymiany, dzi\u0119ki czemu jest zar\u00f3wno przyjazny dla \u015brodowiska, jak i ekonomiczny.<\/p><p>Zintegrowany cyfrowy wy\u015bwietlacz o wysokiej rozdzielczo\u015bci pokazuje poziom na\u0142adowania baterii i pozosta\u0142\u0105 ilo\u015b\u0107 e-cieczy w czasie rzeczywistym, daj\u0105c u\u017cytkownikom jasny obraz stanu urz\u0105dzenia. Intuicyjne informacje zwrotne upraszczaj\u0105 u\u017cytkowanie, eliminuj\u0105c przerwy spowodowane niskim poziomem na\u0142adowania baterii lub wyczerpaniem e-cieczy, zapewniaj\u0105c p\u0142ynne, bezproblemowe zaci\u0105ganie si\u0119 za ka\u017cdym razem.<\/p><p>JNR Falcon-X 18K oferuje trzy poziomy nikotyny: 0 %, 2 % i 5 %, aby zaspokoi\u0107 potrzeby i gusta ka\u017cdego u\u017cytkownika. Od czystej przyjemno\u015bci bez nikotyny po stopniowe rzucanie palenia z niskim poziomem nikotyny i wysokim zapotrzebowaniem na nikotyn\u0119, elastyczne opcje pomagaj\u0105 znale\u017a\u0107 rozwi\u0105zanie odpowiednie dla Ciebie.<\/p>\t\t\t\t\t\t\t\t<\/div>\n\t\t\t\t<\/div>\n\t\t\t\t\t<\/div>\n\t\t\t\t<\/div>\n\t\t\t\t<\/div>\n\t\t\t\t\t<\/details>\n\t\t\t\t\t\t<details id=\"e-n-accordion-item-2321\" class=\"e-n-accordion-item\" >\n\t\t\t\t<summary class=\"e-n-accordion-item-title\" data-accordion-index=\"2\" tabindex=\"-1\" aria-expanded=\"false\" aria-controls=\"e-n-accordion-item-2321\" >\n\t\t\t\t\t<span class='e-n-accordion-item-title-header'><div class=\"e-n-accordion-item-title-text\"> Puff JNR Falcon X 18K White Peach Razz <\/div><\/span>\n\t\t\t\t\t\t\t<span class='e-n-accordion-item-title-icon'>\n\t\t\t<span class='e-opened' ><svg aria-hidden=\"true\" class=\"e-font-icon-svg e-fas-minus\" viewbox=\"0 0 448 512\" xmlns=\"http:\/\/www.w3.org\/2000\/svg\"><path d=\"M416 208H32c-17.67 0-32 14.33-32 32v32c0 17.67 14.33 32 32 32h384c17.67 0 32-14.33 32-32v-32c0-17.67-14.33-32-32-32z\"><\/path><\/svg><\/span>\n\t\t\t<span class='e-closed'><svg aria-hidden=\"true\" class=\"e-font-icon-svg e-fas-plus\" viewbox=\"0 0 448 512\" xmlns=\"http:\/\/www.w3.org\/2000\/svg\"><path d=\"M416 208H272V64c0-17.67-14.33-32-32-32h-32c-17.67 0-32 14.33-32 32v144H32c-17.67 0-32 14.33-32 32v32c0 17.67 14.33 32 32 32h144v144c0 17.67 14.33 32 32 32h32c17.67 0 32-14.33 32-32V304h144c17.67 0 32-14.33 32-32v-32c0-17.67-14.33-32-32-32z\"><\/path><\/svg><\/span>\n\t\t<\/span>\n\n\t\t\t\t\t\t<\/summary>\n\t\t\t\t<div role=\"region\" aria-labelledby=\"e-n-accordion-item-2321\" class=\"elementor-element elementor-element-fa95ffa e-con-full e-flex e-con e-child\" data-id=\"fa95ffa\" data-element_type=\"container\" data-e-type=\"container\">\n\t\t<div role=\"region\" aria-labelledby=\"e-n-accordion-item-2321\" class=\"elementor-element elementor-element-a2620ae e-flex e-con-boxed e-con e-child\" data-id=\"a2620ae\" data-element_type=\"container\" data-e-type=\"container\">\n\t\t\t\t\t<div class=\"e-con-inner\">\n\t\t\t\t<div class=\"elementor-element elementor-element-55fd5fa elementor-widget elementor-widget-text-editor\" data-id=\"55fd5fa\" data-element_type=\"widget\" data-e-type=\"widget\" data-widget_type=\"text-editor.default\">\n\t\t\t\t<div class=\"elementor-widget-container\">\n\t\t\t\t\t\t\t\t\t<h2>Bia\u0142a brzoskwinia malinowa: smaczna podr\u00f3\u017c w letniej morskiej bryzie<\/h2><p>White Peach Razz - wyj\u0105tkowe doznanie smakowe zapewnione przez JNR Falcon 18000<\/p><p>Smak White Peach Raspberry to klejnot w gamie JNR Falcon, doskonale \u0142\u0105cz\u0105cy s\u0142odycz dojrza\u0142ych bia\u0142ych brzoskwi\u0144 z kwaskowato\u015bci\u0105 dzikich malin. We Francji, kraju przywi\u0105zuj\u0105cym du\u017c\u0105 wag\u0119 do jako\u015bci \u017cycia, smak ten jest szczeg\u00f3lnie popularny w\u015br\u00f3d konsument\u00f3w poszukuj\u0105cych delikatnego smaku.<\/p><p>Ka\u017cde zaci\u0105gni\u0119cie si\u0119 nikotyn\u0105 2 % jest precyzyjnie dostarczane przez podw\u00f3jn\u0105 cewk\u0119 0,6 Ohm, aby zapewni\u0107 pe\u0142n\u0105 prezentacj\u0119 owocowego smaku. S\u0142odka, mi\u0119sista bia\u0142a brzoskwinia i \u015bwie\u017ca malina przenikaj\u0105 si\u0119 na podniebieniu, z wyra\u017anymi warstwami i harmonijn\u0105 jedno\u015bci\u0105.<\/p>\t\t\t\t\t\t\t\t<\/div>\n\t\t\t\t<\/div>\n\t\t<div role=\"region\" aria-labelledby=\"e-n-accordion-item-2321\" class=\"elementor-element elementor-element-942ccb0 e-con-full e-flex e-con e-child\" data-id=\"942ccb0\" data-element_type=\"container\" data-e-type=\"container\">\n\t\t<div role=\"region\" aria-labelledby=\"e-n-accordion-item-2321\" class=\"elementor-element elementor-element-577deeb e-con-full e-flex e-con e-child\" data-id=\"577deeb\" data-element_type=\"container\" data-e-type=\"container\">\n\t\t\t\t<div class=\"elementor-element elementor-element-5d167cf elementor-widget elementor-widget-text-editor\" data-id=\"5d167cf\" data-element_type=\"widget\" data-e-type=\"widget\" data-widget_type=\"text-editor.default\">\n\t\t\t\t<div class=\"elementor-widget-container\">\n\t\t\t\t\t\t\t\t\t<p>Palenie tego papierosa na pok\u0142adzie promu by\u0142o dla mnie szczeg\u00f3lnie niezapomnianym prze\u017cyciem. Stoj\u0105c na dziobie, twarz\u0105 do b\u0142\u0119kitnego morza, morska bryza pie\u015bci twoje policzki, a ty zaci\u0105gasz si\u0119 elektronicznym papierosem White Peach Razz. Zapach owoc\u00f3w i s\u0142ono\u015b\u0107 morskiej bryzy tworz\u0105 wspania\u0142y kontrast. Funkcja regulowanego przep\u0142ywu powietrza pozwala na dostosowanie wra\u017ce\u0144 z inhalacji w dowolnym momencie w zale\u017cno\u015bci od si\u0142y morskiej bryzy, zwi\u0119kszaj\u0105c elastyczno\u015b\u0107 u\u017cytkowania. Cyfrowy wy\u015bwietlacz wyra\u017anie pokazuje pozosta\u0142\u0105 moc i liczb\u0119 zaci\u0105gni\u0119\u0107, dzi\u0119ki czemu ca\u0142a morska podr\u00f3\u017c jest beztroska.<\/p>\t\t\t\t\t\t\t\t<\/div>\n\t\t\t\t<\/div>\n\t\t\t\t<\/div>\n\t\t<div role=\"region\" aria-labelledby=\"e-n-accordion-item-2321\" class=\"elementor-element elementor-element-d5e4b56 e-con-full e-flex e-con e-child\" data-id=\"d5e4b56\" data-element_type=\"container\" data-e-type=\"container\">\n\t\t\t\t<div class=\"elementor-element elementor-element-381dfcb elementor-widget elementor-widget-image-gallery\" data-id=\"381dfcb\" data-element_type=\"widget\" data-e-type=\"widget\" data-widget_type=\"image-gallery.default\">\n\t\t\t\t<div class=\"elementor-widget-container\">\n\t\t\t\t\t\t\t<div class=\"elementor-image-gallery\">\n\t\t\t<div id='gallery-1' class='gallery galleryid-2113 gallery-columns-1 gallery-size-medium_large'><figure class='gallery-item'>\n\t\t\t<div class='gallery-icon portrait'>\n\t\t\t\t<img fetchpriority=\"high\" decoding=\"async\" width=\"654\" height=\"690\" src=\"https:\/\/puffvapestore.com\/wp-content\/uploads\/2025\/04\/pvajf18000-24.jpg\" class=\"attachment-medium_large size-medium_large\" alt=\"JNR Falcon 18k White Peach Razz pvajf18000\" aria-describedby=\"gallery-1-1964\" srcset=\"https:\/\/puffvapestore.com\/wp-content\/uploads\/2025\/04\/pvajf18000-24.jpg 654w, https:\/\/puffvapestore.com\/wp-content\/uploads\/2025\/04\/pvajf18000-24-284x300.jpg 284w, https:\/\/puffvapestore.com\/wp-content\/uploads\/2025\/04\/pvajf18000-24-600x633.jpg 600w\" sizes=\"(max-width: 654px) 100vw, 654px\" \/>\n\t\t\t<\/div>\n\t\t\t\t<figcaption class='wp-caption-text gallery-caption' id='gallery-1-1964'>\n\t\t\t\tJNR Falcon 18k White Peach Razz pvajf18000\n\t\t\t\t<\/figcaption><\/figure>\n\t\t<\/div>\n\t\t<\/div>\n\t\t\t\t\t\t<\/div>\n\t\t\t\t<\/div>\n\t\t\t\t<\/div>\n\t\t\t\t<\/div>\n\t\t<div role=\"region\" aria-labelledby=\"e-n-accordion-item-2321\" class=\"elementor-element elementor-element-3c1fb34 e-con-full e-flex e-con e-child\" data-id=\"3c1fb34\" data-element_type=\"container\" data-e-type=\"container\">\n\t\t<div role=\"region\" aria-labelledby=\"e-n-accordion-item-2321\" class=\"elementor-element elementor-element-2b9d469 e-con-full e-flex e-con e-child\" data-id=\"2b9d469\" data-element_type=\"container\" data-e-type=\"container\">\n\t\t\t\t<div class=\"elementor-element elementor-element-aa46266 elementor-widget elementor-widget-image-gallery\" data-id=\"aa46266\" data-element_type=\"widget\" data-e-type=\"widget\" data-widget_type=\"image-gallery.default\">\n\t\t\t\t<div class=\"elementor-widget-container\">\n\t\t\t\t\t\t\t<div class=\"elementor-image-gallery\">\n\t\t\t<div id='gallery-2' class='gallery galleryid-2113 gallery-columns-1 gallery-size-medium_large'><figure class='gallery-item'>\n\t\t\t<div class='gallery-icon portrait'>\n\t\t\t\t<img decoding=\"async\" width=\"654\" height=\"690\" src=\"https:\/\/puffvapestore.com\/wp-content\/uploads\/2025\/04\/pvajf18000-24.jpg\" class=\"attachment-medium_large size-medium_large\" alt=\"JNR Falcon 18k White Peach Razz pvajf18000\" aria-describedby=\"gallery-2-1964\" srcset=\"https:\/\/puffvapestore.com\/wp-content\/uploads\/2025\/04\/pvajf18000-24.jpg 654w, https:\/\/puffvapestore.com\/wp-content\/uploads\/2025\/04\/pvajf18000-24-284x300.jpg 284w, https:\/\/puffvapestore.com\/wp-content\/uploads\/2025\/04\/pvajf18000-24-600x633.jpg 600w\" sizes=\"(max-width: 654px) 100vw, 654px\" \/>\n\t\t\t<\/div>\n\t\t\t\t<figcaption class='wp-caption-text gallery-caption' id='gallery-2-1964'>\n\t\t\t\tJNR Falcon 18k White Peach Razz pvajf18000\n\t\t\t\t<\/figcaption><\/figure>\n\t\t<\/div>\n\t\t<\/div>\n\t\t\t\t\t\t<\/div>\n\t\t\t\t<\/div>\n\t\t\t\t<\/div>\n\t\t<div role=\"region\" aria-labelledby=\"e-n-accordion-item-2321\" class=\"elementor-element elementor-element-d5f00b5 e-con-full e-flex e-con e-child\" data-id=\"d5f00b5\" data-element_type=\"container\" data-e-type=\"container\">\n\t\t\t\t<div class=\"elementor-element elementor-element-b3c274b elementor-widget__width-initial elementor-widget elementor-widget-text-editor\" data-id=\"b3c274b\" data-element_type=\"widget\" data-e-type=\"widget\" data-widget_type=\"text-editor.default\">\n\t\t\t\t<div class=\"elementor-widget-container\">\n\t\t\t\t\t\t\t\t\t<p>Bateria JNR Falcon 18000 o pojemno\u015bci 950 mAh i 24 ml e-liquidu o du\u017cej pojemno\u015bci to jego praktyczne zalety. Pe\u0142ne na\u0142adowanie wystarcza na d\u0142ugi czas, a bardzo d\u0142uga \u017cywotno\u015b\u0107 baterii wynosz\u0105ca 18 000 zaci\u0105gni\u0119\u0107 oznacza r\u00f3wnie\u017c, \u017ce nie ma potrzeby cz\u0119stej wymiany urz\u0105dzenia. Konstrukcja portu \u0142adowania typu C spe\u0142nia potrzeby wsp\u00f3\u0142czesnego \u017cycia i mo\u017ce by\u0107 \u0142adowana w dowolnym miejscu, co jest bardzo wygodne.<\/p><p>Smuk\u0142y korpus o wymiarach 53,5 \u00d7 32 \u00d7 121 mm jest wygodny w trzymaniu i nie zajmuje du\u017co miejsca w kieszeni. Cewka o podw\u00f3jnych oczkach i technologia dwurdzeniowa zapewniaj\u0105, \u017ce ka\u017cde zaci\u0105gni\u0119cie si\u0119 daje pe\u0142ny, r\u00f3wnomierny dym, wzmacniaj\u0105c ekspresj\u0119 smaku White Peach Razz.<\/p>\t\t\t\t\t\t\t\t<\/div>\n\t\t\t\t<\/div>\n\t\t\t\t<\/div>\n\t\t\t\t<\/div>\n\t\t<div role=\"region\" aria-labelledby=\"e-n-accordion-item-2321\" class=\"elementor-element elementor-element-7926c6b e-con-full e-flex e-con e-child\" data-id=\"7926c6b\" data-element_type=\"container\" data-e-type=\"container\">\n\t\t\t\t<div class=\"elementor-element elementor-element-2b41948 elementor-widget elementor-widget-text-editor\" data-id=\"2b41948\" data-element_type=\"widget\" data-e-type=\"widget\" data-widget_type=\"text-editor.default\">\n\t\t\t\t<div class=\"elementor-widget-container\">\n\t\t\t\t\t\t\t\t\t<p>Ten produkt nie tylko zaspokaja g\u0142\u00f3d nikotynowy, ale tak\u017ce dodaje odrobin\u0119 szcz\u0119\u015bcia do codziennego \u017cycia dzi\u0119ki starannie opracowanemu smakowi bia\u0142ej brzoskwini i malin. Niezale\u017cnie od tego, czy jest to kr\u00f3tki relaks w pracy, czy te\u017c szukanie chwili spokoju podczas podr\u00f3\u017cy, tak jak ja, White Peach Razz mo\u017ce zapewni\u0107 ma\u0142\u0105, ale cenn\u0105 chwil\u0119 przyjemno\u015bci.<\/p><p>Je\u015bli masz do\u015b\u0107 zwyk\u0142ych smak\u00f3w i chcesz spr\u00f3bowa\u0107 wyj\u0105tkowego do\u015bwiadczenia, kt\u00f3re jest zar\u00f3wno s\u0142odkie, jak i lekko kwa\u015bne, gor\u0105co polecam wypr\u00f3bowanie White Peach Razz. D\u0142ugotrwa\u0142a przyjemno\u015b\u0107 18 000 zaci\u0105gni\u0119\u0107 zabierze Ci\u0119 w inn\u0105 podr\u00f3\u017c smakow\u0105.<\/p>\t\t\t\t\t\t\t\t<\/div>\n\t\t\t\t<\/div>\n\t\t\t\t<\/div>\n\t\t\t\t\t<\/div>\n\t\t\t\t<\/div>\n\t\t\t\t<\/div>\n\t\t\t\t\t<\/details>\n\t\t\t\t\t<\/div>\n\t\t\t\t\t\t<\/div>\n\t\t\t\t<\/div>\n\t\t\t\t\t<\/div>\n\t\t\t\t<\/div>\n\t\t\t\t<\/div>","protected":false},"excerpt":{"rendered":"<p>Caract\u00e9ristiques du JNR Falcon 18K White Peach Razz: Bouff\u00e9es : Jusqu\u2019\u00e0 18000 bouff\u00e9es Liquide : 24 ml Taux de nicotine : 0 %, 2 %, 5 % R\u00e9sistance : 0.6 ohm Capacit\u00e9 de la batterie : 950 mAh Chargement : Type-C D\u00e9bit d\u2019air r\u00e9glable : Oui Affichage num\u00e9rique R\u00e9sistance double maille et double c\u0153ur Dimensions [&hellip;]<\/p>\n","protected":false},"featured_media":1964,"comment_status":"open","ping_status":"closed","template":"","meta":{"site-sidebar-layout":"no-sidebar","site-content-layout":"page-builder","ast-site-content-layout":"normal-width-container","site-content-style":"default","site-sidebar-style":"default","ast-global-header-display":"","ast-banner-title-visibility":"","ast-main-header-display":"","ast-hfb-above-header-display":"","ast-hfb-below-header-display":"","ast-hfb-mobile-header-display":"","site-post-title":"disabled","ast-breadcrumbs-content":"","ast-featured-img":"disabled","footer-sml-layout":"","ast-disable-related-posts":"","theme-transparent-header-meta":"default","adv-header-id-meta":"","stick-header-meta":"default","header-above-stick-meta":"","header-main-stick-meta":"","header-below-stick-meta":"","astra-migrate-meta-layouts":"set","ast-page-background-enabled":"default","ast-page-background-meta":{"desktop":{"background-color":"","background-image":"","background-repeat":"repeat","background-position":"center center","background-size":"auto","background-attachment":"scroll","background-type":"","background-media":"","overlay-type":"","overlay-color":"","overlay-opacity":"","overlay-gradient":""},"tablet":{"background-color":"","background-image":"","background-repeat":"repeat","background-position":"center center","background-size":"auto","background-attachment":"scroll","background-type":"","background-media":"","overlay-type":"","overlay-color":"","overlay-opacity":"","overlay-gradient":""},"mobile":{"background-color":"","background-image":"","background-repeat":"repeat","background-position":"center center","background-size":"auto","background-attachment":"scroll","background-type":"","background-media":"","overlay-type":"","overlay-color":"","overlay-opacity":"","overlay-gradient":""}},"ast-content-background-meta":{"desktop":{"background-color":"var(--ast-global-color-5)","background-image":"","background-repeat":"repeat","background-position":"center center","background-size":"auto","background-attachment":"scroll","background-type":"","background-media":"","overlay-type":"","overlay-color":"","overlay-opacity":"","overlay-gradient":""},"tablet":{"background-color":"var(--ast-global-color-5)","background-image":"","background-repeat":"repeat","background-position":"center center","background-size":"auto","background-attachment":"scroll","background-type":"","background-media":"","overlay-type":"","overlay-color":"","overlay-opacity":"","overlay-gradient":""},"mobile":{"background-color":"var(--ast-global-color-5)","background-image":"","background-repeat":"repeat","background-position":"center center","background-size":"auto","background-attachment":"scroll","background-type":"","background-media":"","overlay-type":"","overlay-color":"","overlay-opacity":"","overlay-gradient":""}}},"product_brand":[30],"product_cat":[40,84,77,34,35,31,15],"product_tag":[],"class_list":{"0":"post-2113","1":"product","2":"type-product","3":"status-publish","4":"has-post-thumbnail","6":"product_brand-jnr","7":"product_cat-jnr-18k","8":"product_cat-puff-18k","9":"product_cat-entrepot-de-lue","10":"product_cat-puff-jnr","11":"product_cat-jnr-vape","12":"product_cat-jnr-falcon","13":"product_cat-magasin-cigarette-electronique","14":"desktop-align-center","15":"tablet-align-center","16":"mobile-align-center","17":"ast-product-gallery-layout-horizontal","18":"ast-product-gallery-with-no-image","19":"ast-product-single-variable","20":"ast-product-tabs-layout-horizontal","21":"ast-qv-on-image","23":"first","24":"instock","25":"sale","26":"shipping-taxable","27":"purchasable","28":"product-type-variable","29":"has-default-attributes"},"tiered_pricing_type":"fixed","tiered_pricing_fixed_rules":{"50":12.59,"100":11.19,"200":9.99},"tiered_pricing_product_settings":{"layout":"default","base_unit_name":{"singular":null,"plural":null},"default_variation":null},"tiered_pricing_minimum_quantity":null,"tiered_pricing_roles_data":[],"tiered_pricing_percentage_rules":[],"_links":{"self":[{"href":"https:\/\/puffvapestore.com\/pl\/wp-json\/wp\/v2\/product\/2113","targetHints":{"allow":["GET"]}}],"collection":[{"href":"https:\/\/puffvapestore.com\/pl\/wp-json\/wp\/v2\/product"}],"about":[{"href":"https:\/\/puffvapestore.com\/pl\/wp-json\/wp\/v2\/types\/product"}],"replies":[{"embeddable":true,"href":"https:\/\/puffvapestore.com\/pl\/wp-json\/wp\/v2\/comments?post=2113"}],"version-history":[{"count":23,"href":"https:\/\/puffvapestore.com\/pl\/wp-json\/wp\/v2\/product\/2113\/revisions"}],"predecessor-version":[{"id":13605,"href":"https:\/\/puffvapestore.com\/pl\/wp-json\/wp\/v2\/product\/2113\/revisions\/13605"}],"wp:featuredmedia":[{"embeddable":true,"href":"https:\/\/puffvapestore.com\/pl\/wp-json\/wp\/v2\/media\/1964"}],"wp:attachment":[{"href":"https:\/\/puffvapestore.com\/pl\/wp-json\/wp\/v2\/media?parent=2113"}],"wp:term":[{"taxonomy":"product_brand","embeddable":true,"href":"https:\/\/puffvapestore.com\/pl\/wp-json\/wp\/v2\/product_brand?post=2113"},{"taxonomy":"product_cat","embeddable":true,"href":"https:\/\/puffvapestore.com\/pl\/wp-json\/wp\/v2\/product_cat?post=2113"},{"taxonomy":"product_tag","embeddable":true,"href":"https:\/\/puffvapestore.com\/pl\/wp-json\/wp\/v2\/product_tag?post=2113"}],"curies":[{"name":"wp","href":"https:\/\/api.w.org\/{rel}","templated":true}]}}