{"id":2092,"date":"2025-04-15T01:11:59","date_gmt":"2025-04-15T01:11:59","guid":{"rendered":"https:\/\/puffvapestore.com\/?post_type=product&#038;p=2092"},"modified":"2026-01-19T10:37:33","modified_gmt":"2026-01-19T10:37:33","slug":"cherry-watermelon-freeze-vape-jnr-falcon-18000-puff","status":"publish","type":"product","link":"https:\/\/puffvapestore.com\/pl\/product\/cherry-watermelon-freeze-vape-jnr-falcon-18000-puff\/","title":{"rendered":"Cherry Watermelon Freeze Vape JNR Falcon 18000 Puff | JNR Falcon X 18K"},"content":{"rendered":"<div data-elementor-type=\"wp-post\" data-elementor-id=\"2092\" class=\"elementor elementor-2092\">\n\t\t\t\t<div class=\"elementor-element elementor-element-bed74db e-flex e-con-boxed e-con e-parent\" data-id=\"bed74db\" data-element_type=\"container\" data-e-type=\"container\">\n\t\t\t\t\t<div class=\"e-con-inner\">\n\t\t<div class=\"elementor-element elementor-element-5f377c3 e-con-full e-flex e-con e-child\" data-id=\"5f377c3\" data-element_type=\"container\" data-e-type=\"container\">\n\t\t\t\t<div class=\"elementor-element elementor-element-4c16803 elementor-widget__width-initial elementor-widget elementor-widget-text-editor\" data-id=\"4c16803\" data-element_type=\"widget\" data-e-type=\"widget\" data-widget_type=\"text-editor.default\">\n\t\t\t\t<div class=\"elementor-widget-container\">\n\t\t\t\t\t\t\t\t\t<h2>Specyfikacje dla JNR Falcon 18K Cherry Watermelon Freeze:<\/h2><p>Puffy : Do 18 000 zaci\u0105gni\u0119\u0107<br \/>P\u0142yn: 24 ml<br \/>Poziomy nikotyny: 0 %, 2 %, 5 %<br \/>Op\u00f3r: 0,6 oma<br \/>Pojemno\u015b\u0107 baterii: 950 mAh<br \/>\u0141adowanie: Typ-C<br \/>Regulowany przep\u0142yw powietrza: Tak<br \/>Wy\u015bwietlacz cyfrowy<br \/>Podw\u00f3jna siatka i podw\u00f3jna odporno\u015b\u0107 rdzenia<br \/>Wymiary: 53,5 x 32 x 121 mm<\/p>\t\t\t\t\t\t\t\t<\/div>\n\t\t\t\t<\/div>\n\t\t\t\t<\/div>\n\t\t<div class=\"elementor-element elementor-element-48c4866 e-con-full e-flex e-con e-child\" data-id=\"48c4866\" data-element_type=\"container\" data-e-type=\"container\">\n\t\t\t\t<div class=\"elementor-element elementor-element-0db737f elementor-widget elementor-widget-image-gallery\" data-id=\"0db737f\" data-element_type=\"widget\" data-e-type=\"widget\" data-widget_type=\"image-gallery.default\">\n\t\t\t\t<div class=\"elementor-widget-container\">\n\t\t\t\t\t\t\t<div class=\"elementor-image-gallery\">\n\t\t\t<div id='gallery-1' class='gallery galleryid-2092 gallery-columns-1 gallery-size-medium_large'><figure class='gallery-item'>\n\t\t\t<div class='gallery-icon portrait'>\n\t\t\t\t<img fetchpriority=\"high\" decoding=\"async\" width=\"654\" height=\"690\" src=\"https:\/\/puffvapestore.com\/wp-content\/uploads\/2025\/04\/pvajf18000-12.jpg\" class=\"attachment-medium_large size-medium_large\" alt=\"JNR Falcon 18000 Cherry Watermelon Freeze pvajf18000\" aria-describedby=\"gallery-1-1952\" srcset=\"https:\/\/puffvapestore.com\/wp-content\/uploads\/2025\/04\/pvajf18000-12.jpg 654w, https:\/\/puffvapestore.com\/wp-content\/uploads\/2025\/04\/pvajf18000-12-284x300.jpg 284w, https:\/\/puffvapestore.com\/wp-content\/uploads\/2025\/04\/pvajf18000-12-600x633.jpg 600w\" sizes=\"(max-width: 654px) 100vw, 654px\" \/>\n\t\t\t<\/div>\n\t\t\t\t<figcaption class='wp-caption-text gallery-caption' id='gallery-1-1952'>\n\t\t\t\tJNR Falcon 18000 Cherry Watermelon Freeze pvajf18000\n\t\t\t\t<\/figcaption><\/figure>\n\t\t<\/div>\n\t\t<\/div>\n\t\t\t\t\t\t<\/div>\n\t\t\t\t<\/div>\n\t\t\t\t<\/div>\n\t\t\t\t\t<\/div>\n\t\t\t\t<\/div>\n\t\t<div class=\"elementor-element elementor-element-df0932d e-flex e-con-boxed e-con e-parent\" data-id=\"df0932d\" data-element_type=\"container\" data-e-type=\"container\">\n\t\t\t\t\t<div class=\"e-con-inner\">\n\t\t\t\t<div class=\"elementor-element elementor-element-0478dd6 elementor-widget elementor-widget-n-accordion\" data-id=\"0478dd6\" data-element_type=\"widget\" data-e-type=\"widget\" data-settings=\"{&quot;default_state&quot;:&quot;expanded&quot;,&quot;max_items_expended&quot;:&quot;one&quot;,&quot;n_accordion_animation_duration&quot;:{&quot;unit&quot;:&quot;ms&quot;,&quot;size&quot;:400,&quot;sizes&quot;:[]}}\" data-widget_type=\"nested-accordion.default\">\n\t\t\t\t<div class=\"elementor-widget-container\">\n\t\t\t\t\t\t\t<div class=\"e-n-accordion\" aria-label=\"Akordeon. Otwieranie \u0142\u0105czy za pomoc\u0105 klawisza Enter lub spacji, zamykanie za pomoc\u0105 klawisza Escape i nawigacja za pomoc\u0105 klawiszy strza\u0142ek\">\n\t\t\t\t\t\t<details id=\"e-n-accordion-item-4680\" class=\"e-n-accordion-item\" open>\n\t\t\t\t<summary class=\"e-n-accordion-item-title\" data-accordion-index=\"1\" tabindex=\"0\" aria-expanded=\"true\" aria-controls=\"e-n-accordion-item-4680\" >\n\t\t\t\t\t<span class='e-n-accordion-item-title-header'><div class=\"e-n-accordion-item-title-text\"> Cechy i funkcje lod\u00f3wki JNR Falcon X 18K Cherry Watermelon Freeze <\/div><\/span>\n\t\t\t\t\t\t\t<span class='e-n-accordion-item-title-icon'>\n\t\t\t<span class='e-opened' ><svg aria-hidden=\"true\" class=\"e-font-icon-svg e-fas-minus\" viewbox=\"0 0 448 512\" xmlns=\"http:\/\/www.w3.org\/2000\/svg\"><path d=\"M416 208H32c-17.67 0-32 14.33-32 32v32c0 17.67 14.33 32 32 32h384c17.67 0 32-14.33 32-32v-32c0-17.67-14.33-32-32-32z\"><\/path><\/svg><\/span>\n\t\t\t<span class='e-closed'><svg aria-hidden=\"true\" class=\"e-font-icon-svg e-fas-plus\" viewbox=\"0 0 448 512\" xmlns=\"http:\/\/www.w3.org\/2000\/svg\"><path d=\"M416 208H272V64c0-17.67-14.33-32-32-32h-32c-17.67 0-32 14.33-32 32v144H32c-17.67 0-32 14.33-32 32v32c0 17.67 14.33 32 32 32h144v144c0 17.67 14.33 32 32 32h32c17.67 0 32-14.33 32-32V304h144c17.67 0 32-14.33 32-32v-32c0-17.67-14.33-32-32-32z\"><\/path><\/svg><\/span>\n\t\t<\/span>\n\n\t\t\t\t\t\t<\/summary>\n\t\t\t\t<div role=\"region\" aria-labelledby=\"e-n-accordion-item-4680\" class=\"elementor-element elementor-element-5ee5f76 e-con-full e-flex e-con e-child\" data-id=\"5ee5f76\" data-element_type=\"container\" data-e-type=\"container\">\n\t\t<div role=\"region\" aria-labelledby=\"e-n-accordion-item-4680\" class=\"elementor-element elementor-element-a48992f e-flex e-con-boxed e-con e-child\" data-id=\"a48992f\" data-element_type=\"container\" data-e-type=\"container\">\n\t\t\t\t\t<div class=\"e-con-inner\">\n\t\t\t\t<div class=\"elementor-element elementor-element-ed368d7 elementor-widget elementor-widget-text-editor\" data-id=\"ed368d7\" data-element_type=\"widget\" data-e-type=\"widget\" data-widget_type=\"text-editor.default\">\n\t\t\t\t<div class=\"elementor-widget-container\">\n\t\t\t\t\t\t\t\t\t<h2>Du\u017ca pojemno\u015b\u0107 e-liquidu zapewnia d\u0142ugotrwa\u0142e doznania<\/h2><p>Elektroniczny papieros JNR Falcon-X 18K oferuje do 18 000 zaci\u0105gni\u0119\u0107, gwarantuj\u0105c d\u0142ugotrwa\u0142e u\u017cytkowanie bez konieczno\u015bci cz\u0119stej wymiany urz\u0105dzenia. Niezale\u017cnie od tego, czy u\u017cywasz go codziennie, czy w podr\u00f3\u017cy, zaspokoi on Twoje cz\u0119ste potrzeby w zakresie e-liquid\u00f3w, znacznie poprawiaj\u0105c komfort i wygod\u0119.<\/p><p>Du\u017ca pojemno\u015b\u0107 24 ml e-liquidu znacznie zmniejsza potrzeb\u0119 cz\u0119stego uzupe\u0142niania, pozwalaj\u0105c cieszy\u0107 si\u0119 bogatymi, p\u0142ynnymi doznaniami przez d\u0142ugi czas. Niezale\u017cnie od tego, czy jeste\u015b okazjonalnym, czy regularnym waperem, jego d\u0142ugotrwa\u0142a konstrukcja oznacza, \u017ce nie musisz stale monitorowa\u0107 poziomu e-cieczy.<\/p><h2>Kilka poziom\u00f3w nikotyny w zale\u017cno\u015bci od potrzeb<\/h2><p>JNR Falcon-X 18K oferuje trzy poziomy nikotyny: 0 %, 2 % i 5 %, zaprojektowane tak, aby odpowiada\u0142y preferencjom smakowym i potrzebom rzucenia palenia. Niezale\u017cnie od tego, czy preferujesz czysty smak bez nikotyny, czy szukasz umiarkowanego poziomu nikotyny, z \u0142atwo\u015bci\u0105 znajdziesz poziom odpowiedni dla siebie.<\/p><h2>Precyzyjny wy\u015bwietlacz cyfrowy zapewniaj\u0105cy przejrzyste informacje na pierwszy rzut oka<\/h2><p>Model JNR Falcon-X 18K jest wyposa\u017cony w cyfrowy wy\u015bwietlacz o wysokiej rozdzielczo\u015bci, pokazuj\u0105cy kluczowe dane, takie jak poziom na\u0142adowania baterii i pozosta\u0142y poziom e-cieczy w czasie rzeczywistym. Pozwala to u\u017cytkownikom na wyra\u017ane monitorowanie stanu urz\u0105dzenia, unikaj\u0105c k\u0142opotliwych sytuacji, takich jak przerwy w zasilaniu lub wyczerpanie e-cieczy. Zwi\u0119ksza to komfort u\u017cytkowania, a tak\u017ce upraszcza zarz\u0105dzanie urz\u0105dzeniem i jego konserwacj\u0119.<\/p><p>Zintegrowana bateria litowo-jonowa o du\u017cej pojemno\u015bci 950 mAh pozwala na d\u0142u\u017csze u\u017cytkowanie, a port szybkiego \u0142adowania typu C sprawia, \u017ce \u0142adowanie jest bardziej wydajne i wygodne. Niezale\u017cnie od tego, czy jeste\u015b w pracy, w podr\u00f3\u017cy czy w \u017cyciu codziennym, moc wyj\u015bciowa jest sta\u0142a, eliminuj\u0105c obci\u0105\u017cenie zwi\u0105zane z cz\u0119stym \u0142adowaniem.<\/p><h2>Regulowany przep\u0142yw powietrza dla spersonalizowanej inhalacji<\/h2><p>Unikalny system regulacji przep\u0142ywu powietrza pozwala u\u017cytkownikom dostosowa\u0107 op\u00f3r inhalacji do swoich preferencji. Niezale\u017cnie od tego, czy wolisz mocniejsz\u0105, czy g\u0142adsz\u0105 par\u0119, mo\u017cesz \u0142atwo dostosowa\u0107 op\u00f3r inhalacji, aby uzyska\u0107 idealne wra\u017cenia z waporyzacji.<\/p><p>Model JNR Falcon-X 18K wykorzystuje zaawansowan\u0105 technologi\u0119 dwurdzeniowego rezystora o podw\u00f3jnych oczkach 0,6 oma, poprawiaj\u0105c wydajno\u015b\u0107 atomizacji i g\u0119sto\u015b\u0107 pary, zapewniaj\u0105c bogatszy, pe\u0142niejszy smak i p\u0142ynniejszy wdech. Ka\u017cde zaci\u0105gni\u0119cie wype\u0142nione jest delikatnym, g\u0142adkim dymem, spe\u0142niaj\u0105cym potrzeby mi\u0142o\u015bnik\u00f3w muzyki.<\/p>\t\t\t\t\t\t\t\t<\/div>\n\t\t\t\t<\/div>\n\t\t\t\t\t<\/div>\n\t\t\t\t<\/div>\n\t\t\t\t<\/div>\n\t\t\t\t\t<\/details>\n\t\t\t\t\t\t<details id=\"e-n-accordion-item-4681\" class=\"e-n-accordion-item\" >\n\t\t\t\t<summary class=\"e-n-accordion-item-title\" data-accordion-index=\"2\" tabindex=\"-1\" aria-expanded=\"false\" aria-controls=\"e-n-accordion-item-4681\" >\n\t\t\t\t\t<span class='e-n-accordion-item-title-header'><div class=\"e-n-accordion-item-title-text\"> Cherry Watermelon Freeze Puff JNR Falcon X 18K <\/div><\/span>\n\t\t\t\t\t\t\t<span class='e-n-accordion-item-title-icon'>\n\t\t\t<span class='e-opened' ><svg aria-hidden=\"true\" class=\"e-font-icon-svg e-fas-minus\" viewbox=\"0 0 448 512\" xmlns=\"http:\/\/www.w3.org\/2000\/svg\"><path d=\"M416 208H32c-17.67 0-32 14.33-32 32v32c0 17.67 14.33 32 32 32h384c17.67 0 32-14.33 32-32v-32c0-17.67-14.33-32-32-32z\"><\/path><\/svg><\/span>\n\t\t\t<span class='e-closed'><svg aria-hidden=\"true\" class=\"e-font-icon-svg e-fas-plus\" viewbox=\"0 0 448 512\" xmlns=\"http:\/\/www.w3.org\/2000\/svg\"><path d=\"M416 208H272V64c0-17.67-14.33-32-32-32h-32c-17.67 0-32 14.33-32 32v144H32c-17.67 0-32 14.33-32 32v32c0 17.67 14.33 32 32 32h144v144c0 17.67 14.33 32 32 32h32c17.67 0 32-14.33 32-32V304h144c17.67 0 32-14.33 32-32v-32c0-17.67-14.33-32-32-32z\"><\/path><\/svg><\/span>\n\t\t<\/span>\n\n\t\t\t\t\t\t<\/summary>\n\t\t\t\t<div role=\"region\" aria-labelledby=\"e-n-accordion-item-4681\" class=\"elementor-element elementor-element-9080659 e-con-full e-flex e-con e-child\" data-id=\"9080659\" data-element_type=\"container\" data-e-type=\"container\">\n\t\t<div role=\"region\" aria-labelledby=\"e-n-accordion-item-4681\" class=\"elementor-element elementor-element-af5488a e-flex e-con-boxed e-con e-child\" data-id=\"af5488a\" data-element_type=\"container\" data-e-type=\"container\">\n\t\t\t\t\t<div class=\"e-con-inner\">\n\t\t\t\t<div class=\"elementor-element elementor-element-55fd5fa elementor-widget elementor-widget-text-editor\" data-id=\"55fd5fa\" data-element_type=\"widget\" data-e-type=\"widget\" data-widget_type=\"text-editor.default\">\n\t\t\t\t<div class=\"elementor-widget-container\">\n\t\t\t\t\t\t\t\t\t<p>Elektroniczny papieros JNR Falcon 18000 Cherry Watermelon Freeze, stworzony na skraju lawendowych p\u00f3l Prowansji we Francji, zapewnia wyj\u0105tkowe doznania. S\u0142odycz wi\u015bni i \u015bwie\u017co\u015b\u0107 arbuza doskonale \u0142\u0105cz\u0105 si\u0119 z nut\u0105 lodu, daj\u0105c wra\u017cenie siedzenia na lawendowym polu i smakowania lokalnych letnich owoc\u00f3w.<\/p><p>Z ka\u017cdym zaci\u0105gni\u0119ciem si\u0119, podw\u00f3jna cewka siatkowa JNR Falcon 0,6 ohm precyzyjnie uwalnia warstwy smaku, na przemian bogactwo wi\u015bni i soczysto\u015b\u0107 arbuza w ustach. Regulowany system przep\u0142ywu powietrza pozwala mi kontrolowa\u0107 intensywno\u015b\u0107 smaku. Gdy zaci\u0105gam si\u0119 lekko, \u015bwie\u017co\u015b\u0107 arbuza jest bardziej widoczna, podczas gdy gdy zaci\u0105gam si\u0119 g\u0142\u0119boko, mog\u0119 poczu\u0107 bogat\u0105 s\u0142odycz wi\u015bni.<\/p>\t\t\t\t\t\t\t\t<\/div>\n\t\t\t\t<\/div>\n\t\t<div role=\"region\" aria-labelledby=\"e-n-accordion-item-4681\" class=\"elementor-element elementor-element-3c1fb34 e-con-full e-flex e-con e-child\" data-id=\"3c1fb34\" data-element_type=\"container\" data-e-type=\"container\">\n\t\t<div role=\"region\" aria-labelledby=\"e-n-accordion-item-4681\" class=\"elementor-element elementor-element-2b9d469 e-con-full e-flex e-con e-child\" data-id=\"2b9d469\" data-element_type=\"container\" data-e-type=\"container\">\n\t\t\t\t<div class=\"elementor-element elementor-element-aa46266 elementor-widget elementor-widget-image-gallery\" data-id=\"aa46266\" data-element_type=\"widget\" data-e-type=\"widget\" data-widget_type=\"image-gallery.default\">\n\t\t\t\t<div class=\"elementor-widget-container\">\n\t\t\t\t\t\t\t<div class=\"elementor-image-gallery\">\n\t\t\t<div id='gallery-1' class='gallery galleryid-2092 gallery-columns-1 gallery-size-medium_large'><figure class='gallery-item'>\n\t\t\t<div class='gallery-icon portrait'>\n\t\t\t\t<img fetchpriority=\"high\" decoding=\"async\" width=\"654\" height=\"690\" src=\"https:\/\/puffvapestore.com\/wp-content\/uploads\/2025\/04\/pvajf18000-12.jpg\" class=\"attachment-medium_large size-medium_large\" alt=\"JNR Falcon 18000 Cherry Watermelon Freeze pvajf18000\" aria-describedby=\"gallery-1-1952\" srcset=\"https:\/\/puffvapestore.com\/wp-content\/uploads\/2025\/04\/pvajf18000-12.jpg 654w, https:\/\/puffvapestore.com\/wp-content\/uploads\/2025\/04\/pvajf18000-12-284x300.jpg 284w, https:\/\/puffvapestore.com\/wp-content\/uploads\/2025\/04\/pvajf18000-12-600x633.jpg 600w\" sizes=\"(max-width: 654px) 100vw, 654px\" \/>\n\t\t\t<\/div>\n\t\t\t\t<figcaption class='wp-caption-text gallery-caption' id='gallery-1-1952'>\n\t\t\t\tJNR Falcon 18000 Cherry Watermelon Freeze pvajf18000\n\t\t\t\t<\/figcaption><\/figure>\n\t\t<\/div>\n\t\t<\/div>\n\t\t\t\t\t\t<\/div>\n\t\t\t\t<\/div>\n\t\t\t\t<\/div>\n\t\t<div role=\"region\" aria-labelledby=\"e-n-accordion-item-4681\" class=\"elementor-element elementor-element-d5f00b5 e-con-full e-flex e-con e-child\" data-id=\"d5f00b5\" data-element_type=\"container\" data-e-type=\"container\">\n\t\t\t\t<div class=\"elementor-element elementor-element-b3c274b elementor-widget__width-initial elementor-widget elementor-widget-text-editor\" data-id=\"b3c274b\" data-element_type=\"widget\" data-e-type=\"widget\" data-widget_type=\"text-editor.default\">\n\t\t\t\t<div class=\"elementor-widget-container\">\n\t\t\t\t\t\t\t\t\t<p>\u017bywotno\u015b\u0107 e-p\u0142ynu wynosz\u0105ca 18 000 zaci\u0105gni\u0119\u0107 jest imponuj\u0105ca. Nie musisz martwi\u0107 si\u0119 o \u017cywotno\u015b\u0107 baterii, gdy jeste\u015b poza domem w Prowansji. Bateria o pojemno\u015bci 950 mAh i port \u0142adowania typu C s\u0105 bardzo dobrze przemy\u015blane, umo\u017cliwiaj\u0105c szybkie \u0142adowanie nawet podczas przerwy w wiejskiej kawiarni.<\/p><p>Cyfrowy wy\u015bwietlacz wyra\u017anie pokazuje liczb\u0119 pozosta\u0142ych zaci\u0105gni\u0119\u0107 i poziom na\u0142adowania baterii, pozwalaj\u0105c mi monitorowa\u0107 zu\u017cycie przez ca\u0142y czas. Zawarto\u015b\u0107 nikotyny w 2 % jest idealna, zapewniaj\u0105c satysfakcjonuj\u0105ce doznania bez bycia zbyt silnym, doskonale uzupe\u0142niaj\u0105c spokojne do\u015bwiadczenie odwiedzania p\u00f3l lawendy.<\/p>\t\t\t\t\t\t\t\t<\/div>\n\t\t\t\t<\/div>\n\t\t\t\t<\/div>\n\t\t\t\t<\/div>\n\t\t<div role=\"region\" aria-labelledby=\"e-n-accordion-item-4681\" class=\"elementor-element elementor-element-7926c6b e-con-full e-flex e-con e-child\" data-id=\"7926c6b\" data-element_type=\"container\" data-e-type=\"container\">\n\t\t\t\t<div class=\"elementor-element elementor-element-2b41948 elementor-widget elementor-widget-text-editor\" data-id=\"2b41948\" data-element_type=\"widget\" data-e-type=\"widget\" data-widget_type=\"text-editor.default\">\n\t\t\t\t<div class=\"elementor-widget-container\">\n\t\t\t\t\t\t\t\t\t<p>Du\u017ca pojemno\u015b\u0107 24 ml zapewnia d\u0142ugotrwa\u0142e u\u017cytkowanie, a smak Cherry Watermelon Freeze jest szczeg\u00f3lnie harmonijny w Prowansji latem. Od rana do wieczora ten e-papieros JNR Falcon 18000 jest idealnym towarzyszem podczas zwiedzania francuskiej wsi.<\/p>\t\t\t\t\t\t\t\t<\/div>\n\t\t\t\t<\/div>\n\t\t\t\t<\/div>\n\t\t\t\t\t<\/div>\n\t\t\t\t<\/div>\n\t\t\t\t<\/div>\n\t\t\t\t\t<\/details>\n\t\t\t\t\t<\/div>\n\t\t\t\t\t\t<\/div>\n\t\t\t\t<\/div>\n\t\t\t\t\t<\/div>\n\t\t\t\t<\/div>\n\t\t\t\t<\/div>","protected":false},"excerpt":{"rendered":"<p>Caract\u00e9ristiques du JNR Falcon 18K Cherry Watermelon Freeze: Bouff\u00e9es : Jusqu\u2019\u00e0 18000 bouff\u00e9es Liquide : 24 ml Taux de nicotine : 0 %, 2 %, 5 % R\u00e9sistance : 0.6 ohm Capacit\u00e9 de la batterie : 950 mAh Chargement : Type-C D\u00e9bit d\u2019air r\u00e9glable : Oui Affichage num\u00e9rique R\u00e9sistance double maille et double c\u0153ur Dimensions [&hellip;]<\/p>\n","protected":false},"featured_media":1952,"comment_status":"open","ping_status":"closed","template":"","meta":{"site-sidebar-layout":"no-sidebar","site-content-layout":"page-builder","ast-site-content-layout":"normal-width-container","site-content-style":"default","site-sidebar-style":"default","ast-global-header-display":"","ast-banner-title-visibility":"","ast-main-header-display":"","ast-hfb-above-header-display":"","ast-hfb-below-header-display":"","ast-hfb-mobile-header-display":"","site-post-title":"disabled","ast-breadcrumbs-content":"","ast-featured-img":"disabled","footer-sml-layout":"","ast-disable-related-posts":"","theme-transparent-header-meta":"default","adv-header-id-meta":"","stick-header-meta":"default","header-above-stick-meta":"","header-main-stick-meta":"","header-below-stick-meta":"","astra-migrate-meta-layouts":"set","ast-page-background-enabled":"default","ast-page-background-meta":{"desktop":{"background-color":"","background-image":"","background-repeat":"repeat","background-position":"center center","background-size":"auto","background-attachment":"scroll","background-type":"","background-media":"","overlay-type":"","overlay-color":"","overlay-opacity":"","overlay-gradient":""},"tablet":{"background-color":"","background-image":"","background-repeat":"repeat","background-position":"center center","background-size":"auto","background-attachment":"scroll","background-type":"","background-media":"","overlay-type":"","overlay-color":"","overlay-opacity":"","overlay-gradient":""},"mobile":{"background-color":"","background-image":"","background-repeat":"repeat","background-position":"center center","background-size":"auto","background-attachment":"scroll","background-type":"","background-media":"","overlay-type":"","overlay-color":"","overlay-opacity":"","overlay-gradient":""}},"ast-content-background-meta":{"desktop":{"background-color":"var(--ast-global-color-5)","background-image":"","background-repeat":"repeat","background-position":"center center","background-size":"auto","background-attachment":"scroll","background-type":"","background-media":"","overlay-type":"","overlay-color":"","overlay-opacity":"","overlay-gradient":""},"tablet":{"background-color":"var(--ast-global-color-5)","background-image":"","background-repeat":"repeat","background-position":"center center","background-size":"auto","background-attachment":"scroll","background-type":"","background-media":"","overlay-type":"","overlay-color":"","overlay-opacity":"","overlay-gradient":""},"mobile":{"background-color":"var(--ast-global-color-5)","background-image":"","background-repeat":"repeat","background-position":"center center","background-size":"auto","background-attachment":"scroll","background-type":"","background-media":"","overlay-type":"","overlay-color":"","overlay-opacity":"","overlay-gradient":""}}},"product_brand":[30],"product_cat":[40,84,77,34,15],"product_tag":[],"class_list":{"0":"post-2092","1":"product","2":"type-product","3":"status-publish","4":"has-post-thumbnail","6":"product_brand-jnr","7":"product_cat-jnr-18k","8":"product_cat-puff-18k","9":"product_cat-entrepot-de-lue","10":"product_cat-puff-jnr","11":"product_cat-magasin-cigarette-electronique","12":"desktop-align-center","13":"tablet-align-center","14":"mobile-align-center","15":"ast-product-gallery-layout-horizontal","16":"ast-product-gallery-with-no-image","17":"ast-product-single-variable","18":"ast-product-tabs-layout-horizontal","19":"ast-qv-on-image","21":"first","22":"instock","23":"sale","24":"shipping-taxable","25":"purchasable","26":"product-type-variable","27":"has-default-attributes"},"tiered_pricing_type":"fixed","tiered_pricing_fixed_rules":{"30":10.08,"60":9.28,"100":8.13,"200":7.48,"500":7.28,"1000":6.98},"tiered_pricing_product_settings":{"layout":"default","base_unit_name":{"singular":null,"plural":null},"default_variation":null},"tiered_pricing_minimum_quantity":null,"tiered_pricing_roles_data":[],"tiered_pricing_percentage_rules":[],"_links":{"self":[{"href":"https:\/\/puffvapestore.com\/pl\/wp-json\/wp\/v2\/product\/2092","targetHints":{"allow":["GET"]}}],"collection":[{"href":"https:\/\/puffvapestore.com\/pl\/wp-json\/wp\/v2\/product"}],"about":[{"href":"https:\/\/puffvapestore.com\/pl\/wp-json\/wp\/v2\/types\/product"}],"replies":[{"embeddable":true,"href":"https:\/\/puffvapestore.com\/pl\/wp-json\/wp\/v2\/comments?post=2092"}],"version-history":[{"count":23,"href":"https:\/\/puffvapestore.com\/pl\/wp-json\/wp\/v2\/product\/2092\/revisions"}],"predecessor-version":[{"id":13609,"href":"https:\/\/puffvapestore.com\/pl\/wp-json\/wp\/v2\/product\/2092\/revisions\/13609"}],"wp:featuredmedia":[{"embeddable":true,"href":"https:\/\/puffvapestore.com\/pl\/wp-json\/wp\/v2\/media\/1952"}],"wp:attachment":[{"href":"https:\/\/puffvapestore.com\/pl\/wp-json\/wp\/v2\/media?parent=2092"}],"wp:term":[{"taxonomy":"product_brand","embeddable":true,"href":"https:\/\/puffvapestore.com\/pl\/wp-json\/wp\/v2\/product_brand?post=2092"},{"taxonomy":"product_cat","embeddable":true,"href":"https:\/\/puffvapestore.com\/pl\/wp-json\/wp\/v2\/product_cat?post=2092"},{"taxonomy":"product_tag","embeddable":true,"href":"https:\/\/puffvapestore.com\/pl\/wp-json\/wp\/v2\/product_tag?post=2092"}],"curies":[{"name":"wp","href":"https:\/\/api.w.org\/{rel}","templated":true}]}}