{"id":2078,"date":"2025-04-14T22:15:25","date_gmt":"2025-04-14T22:15:25","guid":{"rendered":"https:\/\/puffvapestore.com\/?post_type=product&#038;p=2078"},"modified":"2026-01-19T10:37:34","modified_gmt":"2026-01-19T10:37:34","slug":"18k-jnr-falcon-vape-cherry-ice","status":"publish","type":"product","link":"https:\/\/puffvapestore.com\/pl\/product\/18k-jnr-falcon-vape-cherry-ice\/","title":{"rendered":"18k JNR Falcon Vape Cherry Ice | JNR Falcon X 18000"},"content":{"rendered":"<div data-elementor-type=\"wp-post\" data-elementor-id=\"2078\" class=\"elementor elementor-2078\">\n\t\t\t\t<div class=\"elementor-element elementor-element-47e2034 e-flex e-con-boxed e-con e-parent\" data-id=\"47e2034\" data-element_type=\"container\" data-e-type=\"container\">\n\t\t\t\t\t<div class=\"e-con-inner\">\n\t\t<div class=\"elementor-element elementor-element-cd4e827 e-con-full e-flex e-con e-child\" data-id=\"cd4e827\" data-element_type=\"container\" data-e-type=\"container\">\n\t\t\t\t<div class=\"elementor-element elementor-element-57aa983 elementor-widget__width-initial elementor-widget elementor-widget-text-editor\" data-id=\"57aa983\" data-element_type=\"widget\" data-e-type=\"widget\" data-widget_type=\"text-editor.default\">\n\t\t\t\t<div class=\"elementor-widget-container\">\n\t\t\t\t\t\t\t\t\t<h2>Cechy modelu JNR Falcon 18K Cherry Ice:<\/h2><p>Puffy : Do 18 000 zaci\u0105gni\u0119\u0107<br \/>P\u0142yn: 24 ml<br \/>Poziomy nikotyny: 0 %, 2 %, 5 %<br \/>Op\u00f3r: 0,6 oma<br \/>Pojemno\u015b\u0107 baterii: 950 mAh<br \/>\u0141adowanie: Typ-C<br \/>Regulowany przep\u0142yw powietrza: Tak<br \/>Wy\u015bwietlacz cyfrowy<br \/>Podw\u00f3jna siatka i podw\u00f3jna odporno\u015b\u0107 rdzenia<br \/>Wymiary: 53,5 x 32 x 121 mm<\/p>\t\t\t\t\t\t\t\t<\/div>\n\t\t\t\t<\/div>\n\t\t\t\t<\/div>\n\t\t<div class=\"elementor-element elementor-element-7693e43 e-con-full e-flex e-con e-child\" data-id=\"7693e43\" data-element_type=\"container\" data-e-type=\"container\">\n\t\t\t\t<div class=\"elementor-element elementor-element-82cab76 elementor-widget elementor-widget-image-gallery\" data-id=\"82cab76\" data-element_type=\"widget\" data-e-type=\"widget\" data-widget_type=\"image-gallery.default\">\n\t\t\t\t<div class=\"elementor-widget-container\">\n\t\t\t\t\t\t\t<div class=\"elementor-image-gallery\">\n\t\t\t<div id='gallery-1' class='gallery galleryid-2078 gallery-columns-1 gallery-size-medium_large'><figure class='gallery-item'>\n\t\t\t<div class='gallery-icon portrait'>\n\t\t\t\t<img fetchpriority=\"high\" decoding=\"async\" width=\"654\" height=\"690\" src=\"https:\/\/puffvapestore.com\/wp-content\/uploads\/2025\/04\/pvajf18000-17.jpg\" class=\"attachment-medium_large size-medium_large\" alt=\"JNR Falcon 18000 29 dost\u0119pnych smak\u00f3w pvajf18000\" aria-describedby=\"gallery-1-1957\" srcset=\"https:\/\/puffvapestore.com\/wp-content\/uploads\/2025\/04\/pvajf18000-17.jpg 654w, https:\/\/puffvapestore.com\/wp-content\/uploads\/2025\/04\/pvajf18000-17-284x300.jpg 284w, https:\/\/puffvapestore.com\/wp-content\/uploads\/2025\/04\/pvajf18000-17-600x633.jpg 600w\" sizes=\"(max-width: 654px) 100vw, 654px\" \/>\n\t\t\t<\/div>\n\t\t\t\t<figcaption class='wp-caption-text gallery-caption' id='gallery-1-1957'>\n\t\t\t\tJNR Falcon 18000 29 dost\u0119pnych smak\u00f3w pvajf18000\n\t\t\t\t<\/figcaption><\/figure>\n\t\t<\/div>\n\t\t<\/div>\n\t\t\t\t\t\t<\/div>\n\t\t\t\t<\/div>\n\t\t\t\t<\/div>\n\t\t\t\t\t<\/div>\n\t\t\t\t<\/div>\n\t\t<div class=\"elementor-element elementor-element-19e44be e-flex e-con-boxed e-con e-parent\" data-id=\"19e44be\" data-element_type=\"container\" data-e-type=\"container\">\n\t\t\t\t\t<div class=\"e-con-inner\">\n\t\t\t\t<div class=\"elementor-element elementor-element-b5d3fb1 elementor-widget elementor-widget-n-accordion\" data-id=\"b5d3fb1\" data-element_type=\"widget\" data-e-type=\"widget\" data-settings=\"{&quot;default_state&quot;:&quot;expanded&quot;,&quot;max_items_expended&quot;:&quot;one&quot;,&quot;n_accordion_animation_duration&quot;:{&quot;unit&quot;:&quot;ms&quot;,&quot;size&quot;:400,&quot;sizes&quot;:[]}}\" data-widget_type=\"nested-accordion.default\">\n\t\t\t\t<div class=\"elementor-widget-container\">\n\t\t\t\t\t\t\t<div class=\"e-n-accordion\" aria-label=\"Akordeon. Otwieranie \u0142\u0105czy za pomoc\u0105 klawisza Enter lub spacji, zamykanie za pomoc\u0105 klawisza Escape i nawigacja za pomoc\u0105 klawiszy strza\u0142ek\">\n\t\t\t\t\t\t<details id=\"e-n-accordion-item-1900\" class=\"e-n-accordion-item\" open>\n\t\t\t\t<summary class=\"e-n-accordion-item-title\" data-accordion-index=\"1\" tabindex=\"0\" aria-expanded=\"true\" aria-controls=\"e-n-accordion-item-1900\" >\n\t\t\t\t\t<span class='e-n-accordion-item-title-header'><div class=\"e-n-accordion-item-title-text\"> Cechy i funkcje JNR Falcon X 18K Cherry Ice <\/div><\/span>\n\t\t\t\t\t\t\t<span class='e-n-accordion-item-title-icon'>\n\t\t\t<span class='e-opened' ><svg aria-hidden=\"true\" class=\"e-font-icon-svg e-fas-minus\" viewbox=\"0 0 448 512\" xmlns=\"http:\/\/www.w3.org\/2000\/svg\"><path d=\"M416 208H32c-17.67 0-32 14.33-32 32v32c0 17.67 14.33 32 32 32h384c17.67 0 32-14.33 32-32v-32c0-17.67-14.33-32-32-32z\"><\/path><\/svg><\/span>\n\t\t\t<span class='e-closed'><svg aria-hidden=\"true\" class=\"e-font-icon-svg e-fas-plus\" viewbox=\"0 0 448 512\" xmlns=\"http:\/\/www.w3.org\/2000\/svg\"><path d=\"M416 208H272V64c0-17.67-14.33-32-32-32h-32c-17.67 0-32 14.33-32 32v144H32c-17.67 0-32 14.33-32 32v32c0 17.67 14.33 32 32 32h144v144c0 17.67 14.33 32 32 32h32c17.67 0 32-14.33 32-32V304h144c17.67 0 32-14.33 32-32v-32c0-17.67-14.33-32-32-32z\"><\/path><\/svg><\/span>\n\t\t<\/span>\n\n\t\t\t\t\t\t<\/summary>\n\t\t\t\t<div role=\"region\" aria-labelledby=\"e-n-accordion-item-1900\" class=\"elementor-element elementor-element-2ec642b e-con-full e-flex e-con e-child\" data-id=\"2ec642b\" data-element_type=\"container\" data-e-type=\"container\">\n\t\t<div role=\"region\" aria-labelledby=\"e-n-accordion-item-1900\" class=\"elementor-element elementor-element-a58d769 e-flex e-con-boxed e-con e-child\" data-id=\"a58d769\" data-element_type=\"container\" data-e-type=\"container\">\n\t\t\t\t\t<div class=\"e-con-inner\">\n\t\t\t\t<div class=\"elementor-element elementor-element-648af64 elementor-widget elementor-widget-text-editor\" data-id=\"648af64\" data-element_type=\"widget\" data-e-type=\"widget\" data-widget_type=\"text-editor.default\">\n\t\t\t\t<div class=\"elementor-widget-container\">\n\t\t\t\t\t\t\t\t\t<h2>Du\u017ca pojemno\u015b\u0107 e-liquidu zapewnia d\u0142ugotrwa\u0142e doznania<\/h2><p>Elektroniczny papieros JNR Falcon-X 18K oferuje do 18 000 zaci\u0105gni\u0119\u0107, gwarantuj\u0105c d\u0142ugotrwa\u0142e u\u017cytkowanie bez konieczno\u015bci cz\u0119stej wymiany urz\u0105dzenia. Niezale\u017cnie od tego, czy u\u017cywasz go codziennie, czy w podr\u00f3\u017cy, zaspokoi on Twoje cz\u0119ste potrzeby w zakresie e-liquid\u00f3w, znacznie poprawiaj\u0105c komfort i wygod\u0119.<\/p><p>Du\u017ca pojemno\u015b\u0107 24 ml e-liquidu znacznie zmniejsza potrzeb\u0119 cz\u0119stego uzupe\u0142niania, pozwalaj\u0105c cieszy\u0107 si\u0119 bogatymi, p\u0142ynnymi doznaniami przez d\u0142ugi czas. Niezale\u017cnie od tego, czy jeste\u015b okazjonalnym, czy regularnym waperem, jego d\u0142ugotrwa\u0142a konstrukcja oznacza, \u017ce nie musisz stale monitorowa\u0107 poziomu e-cieczy.<\/p><h2>Kilka poziom\u00f3w nikotyny w zale\u017cno\u015bci od potrzeb<\/h2><p>JNR Falcon-X 18K oferuje trzy poziomy nikotyny: 0 %, 2 % i 5 %, zaprojektowane tak, aby odpowiada\u0142y preferencjom smakowym i potrzebom rzucenia palenia. Niezale\u017cnie od tego, czy preferujesz czysty smak bez nikotyny, czy szukasz umiarkowanego poziomu nikotyny, z \u0142atwo\u015bci\u0105 znajdziesz poziom odpowiedni dla siebie.<\/p><h2>Precyzyjny wy\u015bwietlacz cyfrowy zapewniaj\u0105cy przejrzyste informacje na pierwszy rzut oka<\/h2><p>Model JNR Falcon-X 18K jest wyposa\u017cony w cyfrowy wy\u015bwietlacz o wysokiej rozdzielczo\u015bci, pokazuj\u0105cy kluczowe dane, takie jak poziom na\u0142adowania baterii i pozosta\u0142y poziom e-cieczy w czasie rzeczywistym. Pozwala to u\u017cytkownikom na wyra\u017ane monitorowanie stanu urz\u0105dzenia, unikaj\u0105c k\u0142opotliwych sytuacji, takich jak przerwy w zasilaniu lub wyczerpanie e-cieczy. Zwi\u0119ksza to komfort u\u017cytkowania, a tak\u017ce upraszcza zarz\u0105dzanie urz\u0105dzeniem i jego konserwacj\u0119.<\/p><p>Zintegrowana bateria litowo-jonowa o du\u017cej pojemno\u015bci 950 mAh pozwala na d\u0142u\u017csze u\u017cytkowanie, a port szybkiego \u0142adowania typu C sprawia, \u017ce \u0142adowanie jest bardziej wydajne i wygodne. Niezale\u017cnie od tego, czy jeste\u015b w pracy, w podr\u00f3\u017cy czy w \u017cyciu codziennym, moc wyj\u015bciowa jest sta\u0142a, eliminuj\u0105c obci\u0105\u017cenie zwi\u0105zane z cz\u0119stym \u0142adowaniem.<\/p><h2>Regulowany przep\u0142yw powietrza dla spersonalizowanej inhalacji<\/h2><p>Unikalny system regulacji przep\u0142ywu powietrza pozwala u\u017cytkownikom dostosowa\u0107 op\u00f3r inhalacji do swoich preferencji. Niezale\u017cnie od tego, czy wolisz mocniejsz\u0105, czy g\u0142adsz\u0105 par\u0119, mo\u017cesz \u0142atwo dostosowa\u0107 op\u00f3r inhalacji, aby uzyska\u0107 idealne wra\u017cenia z waporyzacji.<\/p><p>Model JNR Falcon-X 18K wykorzystuje zaawansowan\u0105 technologi\u0119 dwurdzeniowego rezystora o podw\u00f3jnych oczkach 0,6 oma, poprawiaj\u0105c wydajno\u015b\u0107 atomizacji i g\u0119sto\u015b\u0107 pary, zapewniaj\u0105c bogatszy, pe\u0142niejszy smak i p\u0142ynniejszy wdech. Ka\u017cde zaci\u0105gni\u0119cie wype\u0142nione jest delikatnym, g\u0142adkim dymem, spe\u0142niaj\u0105cym potrzeby mi\u0142o\u015bnik\u00f3w muzyki.<\/p>\t\t\t\t\t\t\t\t<\/div>\n\t\t\t\t<\/div>\n\t\t\t\t\t<\/div>\n\t\t\t\t<\/div>\n\t\t\t\t<\/div>\n\t\t\t\t\t<\/details>\n\t\t\t\t\t\t<details id=\"e-n-accordion-item-1901\" class=\"e-n-accordion-item\" >\n\t\t\t\t<summary class=\"e-n-accordion-item-title\" data-accordion-index=\"2\" tabindex=\"-1\" aria-expanded=\"false\" aria-controls=\"e-n-accordion-item-1901\" >\n\t\t\t\t\t<span class='e-n-accordion-item-title-header'><div class=\"e-n-accordion-item-title-text\"> Puff Cherry Ice JNR Falcon X 18K <\/div><\/span>\n\t\t\t\t\t\t\t<span class='e-n-accordion-item-title-icon'>\n\t\t\t<span class='e-opened' ><svg aria-hidden=\"true\" class=\"e-font-icon-svg e-fas-minus\" viewbox=\"0 0 448 512\" xmlns=\"http:\/\/www.w3.org\/2000\/svg\"><path d=\"M416 208H32c-17.67 0-32 14.33-32 32v32c0 17.67 14.33 32 32 32h384c17.67 0 32-14.33 32-32v-32c0-17.67-14.33-32-32-32z\"><\/path><\/svg><\/span>\n\t\t\t<span class='e-closed'><svg aria-hidden=\"true\" class=\"e-font-icon-svg e-fas-plus\" viewbox=\"0 0 448 512\" xmlns=\"http:\/\/www.w3.org\/2000\/svg\"><path d=\"M416 208H272V64c0-17.67-14.33-32-32-32h-32c-17.67 0-32 14.33-32 32v144H32c-17.67 0-32 14.33-32 32v32c0 17.67 14.33 32 32 32h144v144c0 17.67 14.33 32 32 32h32c17.67 0 32-14.33 32-32V304h144c17.67 0 32-14.33 32-32v-32c0-17.67-14.33-32-32-32z\"><\/path><\/svg><\/span>\n\t\t<\/span>\n\n\t\t\t\t\t\t<\/summary>\n\t\t\t\t<div role=\"region\" aria-labelledby=\"e-n-accordion-item-1901\" class=\"elementor-element elementor-element-59ad1af e-con-full e-flex e-con e-child\" data-id=\"59ad1af\" data-element_type=\"container\" data-e-type=\"container\">\n\t\t<div role=\"region\" aria-labelledby=\"e-n-accordion-item-1901\" class=\"elementor-element elementor-element-7fae7b4 e-flex e-con-boxed e-con e-child\" data-id=\"7fae7b4\" data-element_type=\"container\" data-e-type=\"container\">\n\t\t\t\t\t<div class=\"e-con-inner\">\n\t\t\t\t<div class=\"elementor-element elementor-element-55fd5fa elementor-widget elementor-widget-text-editor\" data-id=\"55fd5fa\" data-element_type=\"widget\" data-e-type=\"widget\" data-widget_type=\"text-editor.default\">\n\t\t\t\t<div class=\"elementor-widget-container\">\n\t\t\t\t\t\t\t\t\t<h2>Cherry Ice - Elektroniczny papieros JNR Falcon X 18000<\/h2><p>Stoj\u0105c na platformie widokowej we francuskich Alpach, bior\u0105c g\u0142\u0119boki wdech z elektronicznego papierosa Cherry Ice, natychmiast zosta\u0142em podbity s\u0142odkim wi\u015bniowym aromatem i nast\u0119puj\u0105cym po nim uczuciem ch\u0142odzenia. Smak JNR Falcon X 18000 Cherry Ice to idealna nagroda po ca\u0142ym dniu w\u0119dr\u00f3wek.<\/p><p>Smak Cherry Ice jest naprawd\u0119 wyj\u0105tkowy. Zaczyna si\u0119 od bogatej wi\u015bniowej s\u0142odyczy, a nast\u0119pnie powoli przekszta\u0142ca si\u0119 w orze\u017awiaj\u0105ce lodowate uczucie, pozostawiaj\u0105c przyjemny posmak w ustach. Uwa\u017cam, \u017ce podw\u00f3jna cewka 0,6 Ohm tego e-papierosa jest naprawd\u0119 doskona\u0142a, z doskona\u0142ym uwalnianiem smaku i satysfakcjonuj\u0105c\u0105 ilo\u015bci\u0105 dymu przy ka\u017cdym zaci\u0105gni\u0119ciu.<\/p>\t\t\t\t\t\t\t\t<\/div>\n\t\t\t\t<\/div>\n\t\t<div role=\"region\" aria-labelledby=\"e-n-accordion-item-1901\" class=\"elementor-element elementor-element-3c1fb34 e-con-full e-flex e-con e-child\" data-id=\"3c1fb34\" data-element_type=\"container\" data-e-type=\"container\">\n\t\t<div role=\"region\" aria-labelledby=\"e-n-accordion-item-1901\" class=\"elementor-element elementor-element-2b9d469 e-con-full e-flex e-con e-child\" data-id=\"2b9d469\" data-element_type=\"container\" data-e-type=\"container\">\n\t\t\t\t<div class=\"elementor-element elementor-element-aa46266 elementor-widget elementor-widget-image-gallery\" data-id=\"aa46266\" data-element_type=\"widget\" data-e-type=\"widget\" data-widget_type=\"image-gallery.default\">\n\t\t\t\t<div class=\"elementor-widget-container\">\n\t\t\t\t\t\t\t<div class=\"elementor-image-gallery\">\n\t\t\t<div id='gallery-1' class='gallery galleryid-2078 gallery-columns-1 gallery-size-medium_large'><figure class='gallery-item'>\n\t\t\t<div class='gallery-icon portrait'>\n\t\t\t\t<img fetchpriority=\"high\" decoding=\"async\" width=\"654\" height=\"690\" src=\"https:\/\/puffvapestore.com\/wp-content\/uploads\/2025\/04\/pvajf18000-17.jpg\" class=\"attachment-medium_large size-medium_large\" alt=\"JNR Falcon 18000 29 dost\u0119pnych smak\u00f3w pvajf18000\" aria-describedby=\"gallery-1-1957\" srcset=\"https:\/\/puffvapestore.com\/wp-content\/uploads\/2025\/04\/pvajf18000-17.jpg 654w, https:\/\/puffvapestore.com\/wp-content\/uploads\/2025\/04\/pvajf18000-17-284x300.jpg 284w, https:\/\/puffvapestore.com\/wp-content\/uploads\/2025\/04\/pvajf18000-17-600x633.jpg 600w\" sizes=\"(max-width: 654px) 100vw, 654px\" \/>\n\t\t\t<\/div>\n\t\t\t\t<figcaption class='wp-caption-text gallery-caption' id='gallery-1-1957'>\n\t\t\t\tJNR Falcon 18000 29 dost\u0119pnych smak\u00f3w pvajf18000\n\t\t\t\t<\/figcaption><\/figure>\n\t\t<\/div>\n\t\t<\/div>\n\t\t\t\t\t\t<\/div>\n\t\t\t\t<\/div>\n\t\t\t\t<\/div>\n\t\t<div role=\"region\" aria-labelledby=\"e-n-accordion-item-1901\" class=\"elementor-element elementor-element-d5f00b5 e-con-full e-flex e-con e-child\" data-id=\"d5f00b5\" data-element_type=\"container\" data-e-type=\"container\">\n\t\t\t\t<div class=\"elementor-element elementor-element-b3c274b elementor-widget__width-initial elementor-widget elementor-widget-text-editor\" data-id=\"b3c274b\" data-element_type=\"widget\" data-e-type=\"widget\" data-widget_type=\"text-editor.default\">\n\t\t\t\t<div class=\"elementor-widget-container\">\n\t\t\t\t\t\t\t\t\t<p>Kiedy odpoczywam na szczycie g\u00f3ry, szczeg\u00f3lnie lubi\u0119 regulowa\u0107 przep\u0142yw powietrza. Czasami chc\u0119 mocniejszego smaku, a czasami l\u017cejszego. Funkcja regulowanego przep\u0142ywu powietrza w modelu JNR Falcon X jest bardzo przemy\u015blana. Dzi\u0119ki prostej regulacji mo\u017cna uzyska\u0107 r\u00f3\u017cne doznania podczas palenia.<\/p><p>Najbardziej zaskoczy\u0142a mnie trwa\u0142o\u015b\u0107 tego e-papierosa. Pojemno\u015b\u0107 e-liquidu wynosi 24 ml, a liczba zaci\u0105gni\u0119\u0107 si\u0119ga 18 000, dzi\u0119ki czemu nie musisz si\u0119 martwi\u0107, \u017ce zabraknie ci e-liquidu podczas g\u00f3rskiej wyprawy. Wy\u015bwietlacz LED jest r\u00f3wnie\u017c bardzo praktyczny. W ka\u017cdej chwili mo\u017cesz zobaczy\u0107, ile zaci\u0105gni\u0119\u0107 papierosa pozosta\u0142o i ile energii pozosta\u0142o w baterii, wi\u0119c nie b\u0119dziesz musia\u0142 stawi\u0107 czo\u0142a k\u0142opotliwej sytuacji nag\u0142ego wyczerpania energii.<\/p>\t\t\t\t\t\t\t\t<\/div>\n\t\t\t\t<\/div>\n\t\t\t\t<\/div>\n\t\t\t\t<\/div>\n\t\t<div role=\"region\" aria-labelledby=\"e-n-accordion-item-1901\" class=\"elementor-element elementor-element-7926c6b e-con-full e-flex e-con e-child\" data-id=\"7926c6b\" data-element_type=\"container\" data-e-type=\"container\">\n\t\t\t\t<div class=\"elementor-element elementor-element-2b41948 elementor-widget elementor-widget-text-editor\" data-id=\"2b41948\" data-element_type=\"widget\" data-e-type=\"widget\" data-widget_type=\"text-editor.default\">\n\t\t\t\t<div class=\"elementor-widget-container\">\n\t\t\t\t\t\t\t\t\t<p>Kiedy s\u0142o\u0144ce zachodzi, a ty stoisz na platformie widokowej, podziwiaj\u0105c g\u00f3ry w oddali, zawarto\u015b\u0107 nikotyny w Cherry Ice 2 % zapewnia odpowiedni\u0105 ilo\u015b\u0107 satysfakcji, nie za mocn\u0105 i nie za s\u0142ab\u0105. Akumulator o pojemno\u015bci 950 mAh jest po\u0142\u0105czony z szybkim \u0142adowaniem typu C, wi\u0119c nawet je\u015bli zapomnisz go na\u0142adowa\u0107, mo\u017cesz go szybko na\u0142adowa\u0107 bez op\u00f3\u017aniania u\u017cytkowania.<\/p><p>Je\u015bli, podobnie jak ja, lubisz pali\u0107 podczas aktywno\u015bci na \u015bwie\u017cym powietrzu, JNR Falcon X 18000 Cherry Ice jest zdecydowanie wart wypr\u00f3bowania. Idealne po\u0142\u0105czenie s\u0142odyczy i \u015bwie\u017co\u015bci wi\u015bni w po\u0142\u0105czeniu z pi\u0119kn\u0105 g\u00f3rsk\u0105 sceneri\u0105 to zdecydowanie niezapomniane prze\u017cycie.<\/p>\t\t\t\t\t\t\t\t<\/div>\n\t\t\t\t<\/div>\n\t\t\t\t<\/div>\n\t\t\t\t\t<\/div>\n\t\t\t\t<\/div>\n\t\t\t\t<\/div>\n\t\t\t\t\t<\/details>\n\t\t\t\t\t<\/div>\n\t\t\t\t\t\t<\/div>\n\t\t\t\t<\/div>\n\t\t\t\t\t<\/div>\n\t\t\t\t<\/div>\n\t\t\t\t<\/div>","protected":false},"excerpt":{"rendered":"<p>Caract\u00e9ristiques du JNR Falcon 18K Cherry Ice: Bouff\u00e9es : Jusqu\u2019\u00e0 18000 bouff\u00e9es Liquide : 24 ml Taux de nicotine : 0 %, 2 %, 5 % R\u00e9sistance : 0.6 ohm Capacit\u00e9 de la batterie : 950 mAh Chargement : Type-C D\u00e9bit d\u2019air r\u00e9glable : Oui Affichage num\u00e9rique R\u00e9sistance double maille et double c\u0153ur Dimensions : [&hellip;]<\/p>\n","protected":false},"featured_media":1957,"comment_status":"open","ping_status":"closed","template":"","meta":{"site-sidebar-layout":"no-sidebar","site-content-layout":"page-builder","ast-site-content-layout":"normal-width-container","site-content-style":"default","site-sidebar-style":"default","ast-global-header-display":"","ast-banner-title-visibility":"","ast-main-header-display":"","ast-hfb-above-header-display":"","ast-hfb-below-header-display":"","ast-hfb-mobile-header-display":"","site-post-title":"disabled","ast-breadcrumbs-content":"","ast-featured-img":"disabled","footer-sml-layout":"","ast-disable-related-posts":"","theme-transparent-header-meta":"default","adv-header-id-meta":"","stick-header-meta":"default","header-above-stick-meta":"","header-main-stick-meta":"","header-below-stick-meta":"","astra-migrate-meta-layouts":"set","ast-page-background-enabled":"default","ast-page-background-meta":{"desktop":{"background-color":"","background-image":"","background-repeat":"repeat","background-position":"center center","background-size":"auto","background-attachment":"scroll","background-type":"","background-media":"","overlay-type":"","overlay-color":"","overlay-opacity":"","overlay-gradient":""},"tablet":{"background-color":"","background-image":"","background-repeat":"repeat","background-position":"center center","background-size":"auto","background-attachment":"scroll","background-type":"","background-media":"","overlay-type":"","overlay-color":"","overlay-opacity":"","overlay-gradient":""},"mobile":{"background-color":"","background-image":"","background-repeat":"repeat","background-position":"center center","background-size":"auto","background-attachment":"scroll","background-type":"","background-media":"","overlay-type":"","overlay-color":"","overlay-opacity":"","overlay-gradient":""}},"ast-content-background-meta":{"desktop":{"background-color":"var(--ast-global-color-5)","background-image":"","background-repeat":"repeat","background-position":"center center","background-size":"auto","background-attachment":"scroll","background-type":"","background-media":"","overlay-type":"","overlay-color":"","overlay-opacity":"","overlay-gradient":""},"tablet":{"background-color":"var(--ast-global-color-5)","background-image":"","background-repeat":"repeat","background-position":"center center","background-size":"auto","background-attachment":"scroll","background-type":"","background-media":"","overlay-type":"","overlay-color":"","overlay-opacity":"","overlay-gradient":""},"mobile":{"background-color":"var(--ast-global-color-5)","background-image":"","background-repeat":"repeat","background-position":"center center","background-size":"auto","background-attachment":"scroll","background-type":"","background-media":"","overlay-type":"","overlay-color":"","overlay-opacity":"","overlay-gradient":""}}},"product_brand":[30],"product_cat":[40,84,77,35,15],"product_tag":[],"class_list":{"0":"post-2078","1":"product","2":"type-product","3":"status-publish","4":"has-post-thumbnail","6":"product_brand-jnr","7":"product_cat-jnr-18k","8":"product_cat-puff-18k","9":"product_cat-entrepot-de-lue","10":"product_cat-jnr-vape","11":"product_cat-magasin-cigarette-electronique","12":"desktop-align-center","13":"tablet-align-center","14":"mobile-align-center","15":"ast-product-gallery-layout-horizontal","16":"ast-product-gallery-with-no-image","17":"ast-product-single-variable","18":"ast-product-tabs-layout-horizontal","19":"ast-qv-on-image","21":"first","22":"instock","23":"sale","24":"shipping-taxable","25":"purchasable","26":"product-type-variable","27":"has-default-attributes"},"tiered_pricing_type":"fixed","tiered_pricing_fixed_rules":{"30":10.08,"60":9.28,"100":8.13,"200":7.48,"500":7.28,"1000":6.98},"tiered_pricing_product_settings":{"layout":"default","base_unit_name":{"singular":null,"plural":null},"default_variation":null},"tiered_pricing_minimum_quantity":null,"tiered_pricing_roles_data":[],"tiered_pricing_percentage_rules":[],"_links":{"self":[{"href":"https:\/\/puffvapestore.com\/pl\/wp-json\/wp\/v2\/product\/2078","targetHints":{"allow":["GET"]}}],"collection":[{"href":"https:\/\/puffvapestore.com\/pl\/wp-json\/wp\/v2\/product"}],"about":[{"href":"https:\/\/puffvapestore.com\/pl\/wp-json\/wp\/v2\/types\/product"}],"replies":[{"embeddable":true,"href":"https:\/\/puffvapestore.com\/pl\/wp-json\/wp\/v2\/comments?post=2078"}],"version-history":[{"count":22,"href":"https:\/\/puffvapestore.com\/pl\/wp-json\/wp\/v2\/product\/2078\/revisions"}],"predecessor-version":[{"id":13611,"href":"https:\/\/puffvapestore.com\/pl\/wp-json\/wp\/v2\/product\/2078\/revisions\/13611"}],"wp:featuredmedia":[{"embeddable":true,"href":"https:\/\/puffvapestore.com\/pl\/wp-json\/wp\/v2\/media\/1957"}],"wp:attachment":[{"href":"https:\/\/puffvapestore.com\/pl\/wp-json\/wp\/v2\/media?parent=2078"}],"wp:term":[{"taxonomy":"product_brand","embeddable":true,"href":"https:\/\/puffvapestore.com\/pl\/wp-json\/wp\/v2\/product_brand?post=2078"},{"taxonomy":"product_cat","embeddable":true,"href":"https:\/\/puffvapestore.com\/pl\/wp-json\/wp\/v2\/product_cat?post=2078"},{"taxonomy":"product_tag","embeddable":true,"href":"https:\/\/puffvapestore.com\/pl\/wp-json\/wp\/v2\/product_tag?post=2078"}],"curies":[{"name":"wp","href":"https:\/\/api.w.org\/{rel}","templated":true}]}}