{"id":2071,"date":"2025-04-14T19:53:36","date_gmt":"2025-04-14T19:53:36","guid":{"rendered":"https:\/\/puffvapestore.com\/?post_type=product&#038;p=2071"},"modified":"2026-01-19T10:37:34","modified_gmt":"2026-01-19T10:37:34","slug":"strawberry-kiwi-jnr-falcon-18k-puff","status":"publish","type":"product","link":"https:\/\/puffvapestore.com\/pl\/product\/truskawka-kiwi-jnr-falcon-18k-puff\/","title":{"rendered":"Strawberry Kiwi JNR Falcon 18k Puff | JNR Falcon X 18000"},"content":{"rendered":"<div data-elementor-type=\"wp-post\" data-elementor-id=\"2071\" class=\"elementor elementor-2071\">\n\t\t\t\t<div class=\"elementor-element elementor-element-bd61332 e-flex e-con-boxed e-con e-parent\" data-id=\"bd61332\" data-element_type=\"container\" data-e-type=\"container\">\n\t\t\t\t\t<div class=\"e-con-inner\">\n\t\t<div class=\"elementor-element elementor-element-d9df925 e-con-full e-flex e-con e-child\" data-id=\"d9df925\" data-element_type=\"container\" data-e-type=\"container\">\n\t\t\t\t<div class=\"elementor-element elementor-element-1e95bdb elementor-widget__width-initial elementor-widget elementor-widget-text-editor\" data-id=\"1e95bdb\" data-element_type=\"widget\" data-e-type=\"widget\" data-widget_type=\"text-editor.default\">\n\t\t\t\t<div class=\"elementor-widget-container\">\n\t\t\t\t\t\t\t\t\t<h2>Charakterystyka JNR Falcon 18K Strawberry Kiwi:<\/h2><p>Puffy : Do 18 000 zaci\u0105gni\u0119\u0107<br \/>P\u0142yn: 24 ml<br \/>Poziomy nikotyny: 0 %, 2 %, 5 %<br \/>Op\u00f3r: 0,6 oma<br \/>Pojemno\u015b\u0107 baterii: 950 mAh<br \/>\u0141adowanie: Typ-C<br \/>Regulowany przep\u0142yw powietrza: Tak<br \/>Wy\u015bwietlacz cyfrowy<br \/>Podw\u00f3jna siatka i podw\u00f3jna odporno\u015b\u0107 rdzenia<br \/>Wymiary: 53,5 x 32 x 121 mm<\/p>\t\t\t\t\t\t\t\t<\/div>\n\t\t\t\t<\/div>\n\t\t\t\t<\/div>\n\t\t<div class=\"elementor-element elementor-element-ea3cf48 e-con-full e-flex e-con e-child\" data-id=\"ea3cf48\" data-element_type=\"container\" data-e-type=\"container\">\n\t\t\t\t<div class=\"elementor-element elementor-element-1ef1549 elementor-widget elementor-widget-image-gallery\" data-id=\"1ef1549\" data-element_type=\"widget\" data-e-type=\"widget\" data-widget_type=\"image-gallery.default\">\n\t\t\t\t<div class=\"elementor-widget-container\">\n\t\t\t\t\t\t\t<div class=\"elementor-image-gallery\">\n\t\t\t<div id='gallery-1' class='gallery galleryid-2071 gallery-columns-1 gallery-size-medium_large'><figure class='gallery-item'>\n\t\t\t<div class='gallery-icon portrait'>\n\t\t\t\t<img fetchpriority=\"high\" decoding=\"async\" width=\"654\" height=\"690\" src=\"https:\/\/puffvapestore.com\/wp-content\/uploads\/2025\/04\/pvajf18000-23.jpg\" class=\"attachment-medium_large size-medium_large\" alt=\"JNR Falcon 18k Strawberry Kiwi pvajf18000\" aria-describedby=\"gallery-1-1963\" srcset=\"https:\/\/puffvapestore.com\/wp-content\/uploads\/2025\/04\/pvajf18000-23.jpg 654w, https:\/\/puffvapestore.com\/wp-content\/uploads\/2025\/04\/pvajf18000-23-284x300.jpg 284w, https:\/\/puffvapestore.com\/wp-content\/uploads\/2025\/04\/pvajf18000-23-600x633.jpg 600w\" sizes=\"(max-width: 654px) 100vw, 654px\" \/>\n\t\t\t<\/div>\n\t\t\t\t<figcaption class='wp-caption-text gallery-caption' id='gallery-1-1963'>\n\t\t\t\tJNR Falcon 18k Strawberry Kiwi pvajf18000\n\t\t\t\t<\/figcaption><\/figure>\n\t\t<\/div>\n\t\t<\/div>\n\t\t\t\t\t\t<\/div>\n\t\t\t\t<\/div>\n\t\t\t\t<\/div>\n\t\t\t\t\t<\/div>\n\t\t\t\t<\/div>\n\t\t<div class=\"elementor-element elementor-element-3349264 e-flex e-con-boxed e-con e-parent\" data-id=\"3349264\" data-element_type=\"container\" data-e-type=\"container\">\n\t\t\t\t\t<div class=\"e-con-inner\">\n\t\t\t\t<div class=\"elementor-element elementor-element-09b8c1b elementor-widget elementor-widget-n-accordion\" data-id=\"09b8c1b\" data-element_type=\"widget\" data-e-type=\"widget\" data-settings=\"{&quot;default_state&quot;:&quot;expanded&quot;,&quot;max_items_expended&quot;:&quot;one&quot;,&quot;n_accordion_animation_duration&quot;:{&quot;unit&quot;:&quot;ms&quot;,&quot;size&quot;:400,&quot;sizes&quot;:[]}}\" data-widget_type=\"nested-accordion.default\">\n\t\t\t\t<div class=\"elementor-widget-container\">\n\t\t\t\t\t\t\t<div class=\"e-n-accordion\" aria-label=\"Akordeon. Otwieranie \u0142\u0105czy za pomoc\u0105 klawisza Enter lub spacji, zamykanie za pomoc\u0105 klawisza Escape i nawigacja za pomoc\u0105 klawiszy strza\u0142ek\">\n\t\t\t\t\t\t<details id=\"e-n-accordion-item-1010\" class=\"e-n-accordion-item\" open>\n\t\t\t\t<summary class=\"e-n-accordion-item-title\" data-accordion-index=\"1\" tabindex=\"0\" aria-expanded=\"true\" aria-controls=\"e-n-accordion-item-1010\" >\n\t\t\t\t\t<span class='e-n-accordion-item-title-header'><div class=\"e-n-accordion-item-title-text\"> Cechy i funkcje zegarka JNR Falcon X 18K Strawberry Kiwi <\/div><\/span>\n\t\t\t\t\t\t\t<span class='e-n-accordion-item-title-icon'>\n\t\t\t<span class='e-opened' ><svg aria-hidden=\"true\" class=\"e-font-icon-svg e-fas-minus\" viewbox=\"0 0 448 512\" xmlns=\"http:\/\/www.w3.org\/2000\/svg\"><path d=\"M416 208H32c-17.67 0-32 14.33-32 32v32c0 17.67 14.33 32 32 32h384c17.67 0 32-14.33 32-32v-32c0-17.67-14.33-32-32-32z\"><\/path><\/svg><\/span>\n\t\t\t<span class='e-closed'><svg aria-hidden=\"true\" class=\"e-font-icon-svg e-fas-plus\" viewbox=\"0 0 448 512\" xmlns=\"http:\/\/www.w3.org\/2000\/svg\"><path d=\"M416 208H272V64c0-17.67-14.33-32-32-32h-32c-17.67 0-32 14.33-32 32v144H32c-17.67 0-32 14.33-32 32v32c0 17.67 14.33 32 32 32h144v144c0 17.67 14.33 32 32 32h32c17.67 0 32-14.33 32-32V304h144c17.67 0 32-14.33 32-32v-32c0-17.67-14.33-32-32-32z\"><\/path><\/svg><\/span>\n\t\t<\/span>\n\n\t\t\t\t\t\t<\/summary>\n\t\t\t\t<div role=\"region\" aria-labelledby=\"e-n-accordion-item-1010\" class=\"elementor-element elementor-element-3f2b372 e-con-full e-flex e-con e-child\" data-id=\"3f2b372\" data-element_type=\"container\" data-e-type=\"container\">\n\t\t<div role=\"region\" aria-labelledby=\"e-n-accordion-item-1010\" class=\"elementor-element elementor-element-53f1f53 e-flex e-con-boxed e-con e-child\" data-id=\"53f1f53\" data-element_type=\"container\" data-e-type=\"container\">\n\t\t\t\t\t<div class=\"e-con-inner\">\n\t\t\t\t<div class=\"elementor-element elementor-element-2fa5fe4 elementor-widget elementor-widget-text-editor\" data-id=\"2fa5fe4\" data-element_type=\"widget\" data-e-type=\"widget\" data-widget_type=\"text-editor.default\">\n\t\t\t\t<div class=\"elementor-widget-container\">\n\t\t\t\t\t\t\t\t\t<h2>Du\u017ca pojemno\u015b\u0107 24 ml e-liquidu<\/h2><p>Elektroniczny papieros JNR Falcon-X 18K zawiera 24 ml wysokiej jako\u015bci e-liquidu, co zwi\u0119ksza jego autonomi\u0119 w por\u00f3wnaniu z konwencjonalnymi jednorazowymi papierosami elektronicznymi. Ta du\u017ca pojemno\u015b\u0107 oznacza, \u017ce mo\u017cesz cieszy\u0107 si\u0119 d\u0142ugotrwa\u0142\u0105 par\u0105 i smakiem bez konieczno\u015bci cz\u0119stego \u0142adowania lub martwienia si\u0119 o wyczerpanie p\u0142ynu, co czyni go idealnym rozwi\u0105zaniem dla d\u0142ugich podr\u00f3\u017cy lub intensywnych u\u017cytkownik\u00f3w.<\/p><h2>Do 18 000 zaci\u0105gni\u0119\u0107<\/h2><p>Dzi\u0119ki zoptymalizowanej konstrukcji dr\u00f3g oddechowych i wydajnemu mechanizmowi atomizacji, JNR Falcon-X 18K oferuje do 18 000 zaci\u0105gni\u0119\u0107. Pojedyncze urz\u0105dzenie jest odpowiednikiem kilku konwencjonalnych jednorazowych papieros\u00f3w elektronicznych w cenie jednego, ale o d\u0142u\u017cszej \u017cywotno\u015bci.<\/p><p>Oferuj\u0105c trzy st\u0119\u017cenia nikotyny: 0 %, 2 % i 5 %, mo\u017cesz wybiera\u0107 spo\u015br\u00f3d szerokiej gamy opcji beznikotynowych, od lekkich i beznikotynowych po intensywne i satysfakcjonuj\u0105ce. Niezale\u017cnie od tego, czy jeste\u015b pocz\u0105tkuj\u0105cym, kt\u00f3ry chce kontrolowa\u0107 swoj\u0105 dawk\u0119, czy do\u015bwiadczonym waperem szukaj\u0105cym ostatecznego zastrzyku nikotyny, znajdziesz idealn\u0105 dawk\u0119.<\/p><p>Model JNR Falcon-X 18K jest wyposa\u017cony w dwurdzeniow\u0105 konstrukcj\u0119 z podw\u00f3jn\u0105 siatk\u0105 0,6 oma, kt\u00f3ra zapewnia r\u00f3wnomierne ogrzewanie i wydajn\u0105 atomizacj\u0119, zapewniaj\u0105c bogate, g\u0142adkie zaci\u0105gni\u0119cie pe\u0142ne wyra\u017anych smak\u00f3w. Podw\u00f3jna struktura siatki nie tylko poprawia wyrafinowanie smaku, ale tak\u017ce oferuje bogatsz\u0105 obj\u0119to\u015b\u0107 pary, zapewniaj\u0105c wra\u017cenia por\u00f3wnywalne z urz\u0105dzeniami z wy\u017cszej p\u00f3\u0142ki.<\/p><h2>Wyj\u0105tkowa autonomia dla beztroskiej waporyzacji<\/h2><p>Model JNR Falcon 18K jest wyposa\u017cony w akumulator litowo-jonowy o du\u017cej g\u0119sto\u015bci i pojemno\u015bci 950 mAh, kt\u00f3ry zapewnia mn\u00f3stwo energii do d\u0142ugotrwa\u0142ego u\u017cytkowania. Dzi\u0119ki technologii szybkiego \u0142adowania typu C, urz\u0105dzenie \u0142aduje si\u0119 szybko i wydajnie, umo\u017cliwiaj\u0105c szybkie przej\u015bcie od niskiego poziomu na\u0142adowania baterii do pe\u0142nego na\u0142adowania. Niezale\u017cnie od tego, czy jeste\u015b w domu, w biurze, czy w podr\u00f3\u017cy, mo\u017cesz p\u0142ynnie waporyzowa\u0107 i wyeliminowa\u0107 zmartwienia zwi\u0105zane z bateri\u0105.<\/p><p>Miniaturowy wy\u015bwietlacz cyfrowy pokazuje poziom baterii i e-cieczy w czasie rzeczywistym, zapewniaj\u0105c natychmiastowy wgl\u0105d w stan urz\u0105dzenia. Po\u017cegnaj si\u0119 z frustracjami zwi\u0105zanymi z nag\u0142\u0105 awari\u0105 baterii lub e-cieczy i ciesz si\u0119 spokojem ducha, kt\u00f3ry towarzyszy wapowaniu.<\/p><h2>Regulowany system przep\u0142ywu powietrza<\/h2><p>Model JNR Falcon-X 18K jest wyposa\u017cony w precyzyjny regulator przep\u0142ywu powietrza, kt\u00f3ry umo\u017cliwia \u0142atw\u0105 regulacj\u0119 oporu zaci\u0105gania, pozwalaj\u0105c na swobodne prze\u0142\u0105czanie mi\u0119dzy p\u0142ynnym zaci\u0105ganiem bezpo\u015brednim (DL) i ciasnym zaci\u0105ganiem (MTL), aby dopasowa\u0107 si\u0119 do nawyk\u00f3w palenia i preferencji smakowych.<\/p>\t\t\t\t\t\t\t\t<\/div>\n\t\t\t\t<\/div>\n\t\t\t\t\t<\/div>\n\t\t\t\t<\/div>\n\t\t\t\t<\/div>\n\t\t\t\t\t<\/details>\n\t\t\t\t\t\t<details id=\"e-n-accordion-item-1011\" class=\"e-n-accordion-item\" >\n\t\t\t\t<summary class=\"e-n-accordion-item-title\" data-accordion-index=\"2\" tabindex=\"-1\" aria-expanded=\"false\" aria-controls=\"e-n-accordion-item-1011\" >\n\t\t\t\t\t<span class='e-n-accordion-item-title-header'><div class=\"e-n-accordion-item-title-text\"> Puff Strawberry Kiwi JNR Falcon X 18K <\/div><\/span>\n\t\t\t\t\t\t\t<span class='e-n-accordion-item-title-icon'>\n\t\t\t<span class='e-opened' ><svg aria-hidden=\"true\" class=\"e-font-icon-svg e-fas-minus\" viewbox=\"0 0 448 512\" xmlns=\"http:\/\/www.w3.org\/2000\/svg\"><path d=\"M416 208H32c-17.67 0-32 14.33-32 32v32c0 17.67 14.33 32 32 32h384c17.67 0 32-14.33 32-32v-32c0-17.67-14.33-32-32-32z\"><\/path><\/svg><\/span>\n\t\t\t<span class='e-closed'><svg aria-hidden=\"true\" class=\"e-font-icon-svg e-fas-plus\" viewbox=\"0 0 448 512\" xmlns=\"http:\/\/www.w3.org\/2000\/svg\"><path d=\"M416 208H272V64c0-17.67-14.33-32-32-32h-32c-17.67 0-32 14.33-32 32v144H32c-17.67 0-32 14.33-32 32v32c0 17.67 14.33 32 32 32h144v144c0 17.67 14.33 32 32 32h32c17.67 0 32-14.33 32-32V304h144c17.67 0 32-14.33 32-32v-32c0-17.67-14.33-32-32-32z\"><\/path><\/svg><\/span>\n\t\t<\/span>\n\n\t\t\t\t\t\t<\/summary>\n\t\t\t\t<div role=\"region\" aria-labelledby=\"e-n-accordion-item-1011\" class=\"elementor-element elementor-element-3c767a1 e-con-full e-flex e-con e-child\" data-id=\"3c767a1\" data-element_type=\"container\" data-e-type=\"container\">\n\t\t<div role=\"region\" aria-labelledby=\"e-n-accordion-item-1011\" class=\"elementor-element elementor-element-9b6c024 e-flex e-con-boxed e-con e-child\" data-id=\"9b6c024\" data-element_type=\"container\" data-e-type=\"container\">\n\t\t\t\t\t<div class=\"e-con-inner\">\n\t\t\t\t<div class=\"elementor-element elementor-element-55fd5fa elementor-widget elementor-widget-text-editor\" data-id=\"55fd5fa\" data-element_type=\"widget\" data-e-type=\"widget\" data-widget_type=\"text-editor.default\">\n\t\t\t\t<div class=\"elementor-widget-container\">\n\t\t\t\t\t\t\t\t\t<p>Smak Strawberry Kiwi jest naprawd\u0119 jedn\u0105 z g\u0142\u00f3wnych atrakcji serii JNR Falcon 18000! Ten smak doskonale \u0142\u0105czy w sobie s\u0142odycz truskawek i \u015bwie\u017co\u015b\u0107 kiwi, pozostawiaj\u0105c niezapomniany posmak przy ka\u017cdym zaci\u0105gni\u0119ciu.<\/p>\t\t\t\t\t\t\t\t<\/div>\n\t\t\t\t<\/div>\n\t\t<div role=\"region\" aria-labelledby=\"e-n-accordion-item-1011\" class=\"elementor-element elementor-element-3c1fb34 e-con-full e-flex e-con e-child\" data-id=\"3c1fb34\" data-element_type=\"container\" data-e-type=\"container\">\n\t\t<div role=\"region\" aria-labelledby=\"e-n-accordion-item-1011\" class=\"elementor-element elementor-element-2b9d469 e-con-full e-flex e-con e-child\" data-id=\"2b9d469\" data-element_type=\"container\" data-e-type=\"container\">\n\t\t\t\t<div class=\"elementor-element elementor-element-aa46266 elementor-widget elementor-widget-image-gallery\" data-id=\"aa46266\" data-element_type=\"widget\" data-e-type=\"widget\" data-widget_type=\"image-gallery.default\">\n\t\t\t\t<div class=\"elementor-widget-container\">\n\t\t\t\t\t\t\t<div class=\"elementor-image-gallery\">\n\t\t\t<div id='gallery-1' class='gallery galleryid-2071 gallery-columns-1 gallery-size-medium_large'><figure class='gallery-item'>\n\t\t\t<div class='gallery-icon portrait'>\n\t\t\t\t<img fetchpriority=\"high\" decoding=\"async\" width=\"654\" height=\"690\" src=\"https:\/\/puffvapestore.com\/wp-content\/uploads\/2025\/04\/pvajf18000-23.jpg\" class=\"attachment-medium_large size-medium_large\" alt=\"JNR Falcon 18k Strawberry Kiwi pvajf18000\" aria-describedby=\"gallery-1-1963\" srcset=\"https:\/\/puffvapestore.com\/wp-content\/uploads\/2025\/04\/pvajf18000-23.jpg 654w, https:\/\/puffvapestore.com\/wp-content\/uploads\/2025\/04\/pvajf18000-23-284x300.jpg 284w, https:\/\/puffvapestore.com\/wp-content\/uploads\/2025\/04\/pvajf18000-23-600x633.jpg 600w\" sizes=\"(max-width: 654px) 100vw, 654px\" \/>\n\t\t\t<\/div>\n\t\t\t\t<figcaption class='wp-caption-text gallery-caption' id='gallery-1-1963'>\n\t\t\t\tJNR Falcon 18k Strawberry Kiwi pvajf18000\n\t\t\t\t<\/figcaption><\/figure>\n\t\t<\/div>\n\t\t<\/div>\n\t\t\t\t\t\t<\/div>\n\t\t\t\t<\/div>\n\t\t\t\t<\/div>\n\t\t<div role=\"region\" aria-labelledby=\"e-n-accordion-item-1011\" class=\"elementor-element elementor-element-d5f00b5 e-con-full e-flex e-con e-child\" data-id=\"d5f00b5\" data-element_type=\"container\" data-e-type=\"container\">\n\t\t\t\t<div class=\"elementor-element elementor-element-b3c274b elementor-widget__width-initial elementor-widget elementor-widget-text-editor\" data-id=\"b3c274b\" data-element_type=\"widget\" data-e-type=\"widget\" data-widget_type=\"text-editor.default\">\n\t\t\t\t<div class=\"elementor-widget-container\">\n\t\t\t\t\t\t\t\t\t<p>Wzi\u0105\u0142em go ze sob\u0105 pewnego dnia podczas spaceru nadmorsk\u0105 promenad\u0105 w Nicei i by\u0142 absolutnie niesamowity! S\u0142o\u0144ce, morska bryza i ten elektroniczny papieros to idealne po\u0142\u0105czenie. Zw\u0142aszcza gdy wieje \u015br\u00f3dziemnomorska bryza, smak truskawkowego kiwi wydaje si\u0119 by\u0107 bardziej intensywny.<\/p><p>\u017bywotno\u015b\u0107 18 000 zaci\u0105gni\u0119\u0107 si\u0119 e-liquidem w tym JNR Falcon jest naprawd\u0119 imponuj\u0105ca i nie musia\u0142em zmienia\u0107 urz\u0105dzenia przez ca\u0142e wakacje. Du\u017ca pojemno\u015b\u0107 24 ml e-liquidu i bateria 950 mAh rzeczywi\u015bcie mog\u0105 trwa\u0107 d\u0142ugo, jak reklamowano. Szczeg\u00f3lnie podoba mi si\u0119 regulowany przep\u0142yw powietrza. Czasami, je\u015bli chcesz \u0142agodniejszego smaku, mo\u017cesz ustawi\u0107 przep\u0142yw powietrza na mniejszy poziom. Je\u015bli chcesz mocniejszego smaku, mo\u017cesz zwi\u0119kszy\u0107 przep\u0142yw powietrza. Jest bardzo przyjazny dla u\u017cytkownika.<\/p>\t\t\t\t\t\t\t\t<\/div>\n\t\t\t\t<\/div>\n\t\t\t\t<\/div>\n\t\t\t\t<\/div>\n\t\t<div role=\"region\" aria-labelledby=\"e-n-accordion-item-1011\" class=\"elementor-element elementor-element-7926c6b e-con-full e-flex e-con e-child\" data-id=\"7926c6b\" data-element_type=\"container\" data-e-type=\"container\">\n\t\t\t\t<div class=\"elementor-element elementor-element-2b41948 elementor-widget elementor-widget-text-editor\" data-id=\"2b41948\" data-element_type=\"widget\" data-e-type=\"widget\" data-widget_type=\"text-editor.default\">\n\t\t\t\t<div class=\"elementor-widget-container\">\n\t\t\t\t\t\t\t\t\t<p>Wy\u015bwietlacz LED na korpusie jest r\u00f3wnie\u017c bardzo praktyczny. W ka\u017cdej chwili mo\u017cesz zobaczy\u0107, ile energii pozosta\u0142o i ile zaci\u0105gni\u0119\u0107 zosta\u0142o zu\u017cytych, co jest bardzo przemy\u015blane. Podw\u00f3jna cewka siatkowa 0,6 ohm naprawd\u0119 zapewnia bogat\u0105 par\u0119, z idealn\u0105 r\u00f3wnowag\u0105 truskawki i kiwi w ka\u017cdym zaci\u0105gni\u0119ciu.<\/p><p>Szczerze m\u00f3wi\u0105c, nie mia\u0142em wysokich oczekiwa\u0144 co do jednorazowych papieros\u00f3w elektronicznych, ale konstrukcja tego 2% jest idealna, niezbyt mocna, ale nie niewyczuwalna. Jego rozmiar jest r\u00f3wnie\u017c bardzo przeno\u015bny, nie przeszkadza w kieszeni i jest bardzo lekki w d\u0142oni.<\/p><p>Przy okazji, port \u0142adowania typu C jest naprawd\u0119 przydatny. Mog\u0119 u\u017cywa\u0107 tej samej \u0142adowarki, co m\u00f3j telefon kom\u00f3rkowy.<\/p><p>Je\u015bli lubisz elektroniczne papierosy o owocowych smakach, model JNR Falcon 18000 Strawberry Kiwi jest zdecydowanie wart wypr\u00f3bowania. Niezale\u017cnie od tego, czy jeste\u015b na wakacjach na pla\u017cy, czy u\u017cywasz go codziennie, wydajno\u015b\u0107 tego produktu nie zawiedzie!<\/p>\t\t\t\t\t\t\t\t<\/div>\n\t\t\t\t<\/div>\n\t\t\t\t<\/div>\n\t\t\t\t\t<\/div>\n\t\t\t\t<\/div>\n\t\t\t\t<\/div>\n\t\t\t\t\t<\/details>\n\t\t\t\t\t<\/div>\n\t\t\t\t\t\t<\/div>\n\t\t\t\t<\/div>\n\t\t\t\t\t<\/div>\n\t\t\t\t<\/div>\n\t\t\t\t<\/div>","protected":false},"excerpt":{"rendered":"<p>Caract\u00e9ristiques du JNR Falcon 18K Strawberry Kiwi: Bouff\u00e9es : Jusqu\u2019\u00e0 18000 bouff\u00e9es Liquide : 24 ml Taux de nicotine : 0 %, 2 %, 5 % R\u00e9sistance : 0.6 ohm Capacit\u00e9 de la batterie : 950 mAh Chargement : Type-C D\u00e9bit d\u2019air r\u00e9glable : Oui Affichage num\u00e9rique R\u00e9sistance double maille et double c\u0153ur Dimensions : [&hellip;]<\/p>\n","protected":false},"featured_media":1963,"comment_status":"open","ping_status":"closed","template":"","meta":{"site-sidebar-layout":"no-sidebar","site-content-layout":"page-builder","ast-site-content-layout":"normal-width-container","site-content-style":"default","site-sidebar-style":"default","ast-global-header-display":"","ast-banner-title-visibility":"","ast-main-header-display":"","ast-hfb-above-header-display":"","ast-hfb-below-header-display":"","ast-hfb-mobile-header-display":"","site-post-title":"disabled","ast-breadcrumbs-content":"","ast-featured-img":"disabled","footer-sml-layout":"","ast-disable-related-posts":"","theme-transparent-header-meta":"default","adv-header-id-meta":"","stick-header-meta":"default","header-above-stick-meta":"","header-main-stick-meta":"","header-below-stick-meta":"","astra-migrate-meta-layouts":"set","ast-page-background-enabled":"default","ast-page-background-meta":{"desktop":{"background-color":"","background-image":"","background-repeat":"repeat","background-position":"center center","background-size":"auto","background-attachment":"scroll","background-type":"","background-media":"","overlay-type":"","overlay-color":"","overlay-opacity":"","overlay-gradient":""},"tablet":{"background-color":"","background-image":"","background-repeat":"repeat","background-position":"center center","background-size":"auto","background-attachment":"scroll","background-type":"","background-media":"","overlay-type":"","overlay-color":"","overlay-opacity":"","overlay-gradient":""},"mobile":{"background-color":"","background-image":"","background-repeat":"repeat","background-position":"center center","background-size":"auto","background-attachment":"scroll","background-type":"","background-media":"","overlay-type":"","overlay-color":"","overlay-opacity":"","overlay-gradient":""}},"ast-content-background-meta":{"desktop":{"background-color":"var(--ast-global-color-5)","background-image":"","background-repeat":"repeat","background-position":"center center","background-size":"auto","background-attachment":"scroll","background-type":"","background-media":"","overlay-type":"","overlay-color":"","overlay-opacity":"","overlay-gradient":""},"tablet":{"background-color":"var(--ast-global-color-5)","background-image":"","background-repeat":"repeat","background-position":"center center","background-size":"auto","background-attachment":"scroll","background-type":"","background-media":"","overlay-type":"","overlay-color":"","overlay-opacity":"","overlay-gradient":""},"mobile":{"background-color":"var(--ast-global-color-5)","background-image":"","background-repeat":"repeat","background-position":"center center","background-size":"auto","background-attachment":"scroll","background-type":"","background-media":"","overlay-type":"","overlay-color":"","overlay-opacity":"","overlay-gradient":""}}},"product_brand":[30],"product_cat":[40,84,77,31,15],"product_tag":[],"class_list":{"0":"post-2071","1":"product","2":"type-product","3":"status-publish","4":"has-post-thumbnail","6":"product_brand-jnr","7":"product_cat-jnr-18k","8":"product_cat-puff-18k","9":"product_cat-entrepot-de-lue","10":"product_cat-jnr-falcon","11":"product_cat-magasin-cigarette-electronique","12":"desktop-align-center","13":"tablet-align-center","14":"mobile-align-center","15":"ast-product-gallery-layout-horizontal","16":"ast-product-gallery-with-no-image","17":"ast-product-single-variable","18":"ast-product-tabs-layout-horizontal","19":"ast-qv-on-image","21":"first","22":"instock","23":"sale","24":"shipping-taxable","25":"purchasable","26":"product-type-variable","27":"has-default-attributes"},"tiered_pricing_type":"fixed","tiered_pricing_fixed_rules":{"30":10.08,"60":9.28,"100":8.13,"200":7.48,"500":7.28,"1000":6.98},"tiered_pricing_product_settings":{"layout":"default","base_unit_name":{"singular":null,"plural":null},"default_variation":null},"tiered_pricing_minimum_quantity":null,"tiered_pricing_roles_data":[],"tiered_pricing_percentage_rules":[],"_links":{"self":[{"href":"https:\/\/puffvapestore.com\/pl\/wp-json\/wp\/v2\/product\/2071","targetHints":{"allow":["GET"]}}],"collection":[{"href":"https:\/\/puffvapestore.com\/pl\/wp-json\/wp\/v2\/product"}],"about":[{"href":"https:\/\/puffvapestore.com\/pl\/wp-json\/wp\/v2\/types\/product"}],"replies":[{"embeddable":true,"href":"https:\/\/puffvapestore.com\/pl\/wp-json\/wp\/v2\/comments?post=2071"}],"version-history":[{"count":22,"href":"https:\/\/puffvapestore.com\/pl\/wp-json\/wp\/v2\/product\/2071\/revisions"}],"predecessor-version":[{"id":13612,"href":"https:\/\/puffvapestore.com\/pl\/wp-json\/wp\/v2\/product\/2071\/revisions\/13612"}],"wp:featuredmedia":[{"embeddable":true,"href":"https:\/\/puffvapestore.com\/pl\/wp-json\/wp\/v2\/media\/1963"}],"wp:attachment":[{"href":"https:\/\/puffvapestore.com\/pl\/wp-json\/wp\/v2\/media?parent=2071"}],"wp:term":[{"taxonomy":"product_brand","embeddable":true,"href":"https:\/\/puffvapestore.com\/pl\/wp-json\/wp\/v2\/product_brand?post=2071"},{"taxonomy":"product_cat","embeddable":true,"href":"https:\/\/puffvapestore.com\/pl\/wp-json\/wp\/v2\/product_cat?post=2071"},{"taxonomy":"product_tag","embeddable":true,"href":"https:\/\/puffvapestore.com\/pl\/wp-json\/wp\/v2\/product_tag?post=2071"}],"curies":[{"name":"wp","href":"https:\/\/api.w.org\/{rel}","templated":true}]}}