{"id":2050,"date":"2025-04-12T15:26:23","date_gmt":"2025-04-12T15:26:23","guid":{"rendered":"https:\/\/puffvapestore.com\/?post_type=product&#038;p=2050"},"modified":"2026-01-19T10:37:34","modified_gmt":"2026-01-19T10:37:34","slug":"jnr-falcon-18k-puff-cherry-cola","status":"publish","type":"product","link":"https:\/\/puffvapestore.com\/pl\/product\/jnr-falcon-18k-puff-cherry-cola\/","title":{"rendered":"JNR Falcon 18k Puff Cherry Cola | JNR Falcon X 18000"},"content":{"rendered":"<div data-elementor-type=\"wp-post\" data-elementor-id=\"2050\" class=\"elementor elementor-2050\">\n\t\t\t\t<div class=\"elementor-element elementor-element-4ca192a e-flex e-con-boxed e-con e-parent\" data-id=\"4ca192a\" data-element_type=\"container\" data-e-type=\"container\">\n\t\t\t\t\t<div class=\"e-con-inner\">\n\t\t<div class=\"elementor-element elementor-element-46c6e9e e-con-full e-flex e-con e-child\" data-id=\"46c6e9e\" data-element_type=\"container\" data-e-type=\"container\">\n\t\t\t\t<div class=\"elementor-element elementor-element-c0e8939 elementor-widget elementor-widget-text-editor\" data-id=\"c0e8939\" data-element_type=\"widget\" data-e-type=\"widget\" data-widget_type=\"text-editor.default\">\n\t\t\t\t<div class=\"elementor-widget-container\">\n\t\t\t\t\t\t\t\t\t<h2>Specyfikacje dla JNR Falcon 18K Cherry Cola:<\/h2><p>Puffy : Do 18 000 zaci\u0105gni\u0119\u0107<br \/>P\u0142yn: 24 ml<br \/>Poziomy nikotyny: 0 %, 2 %, 5 %<br \/>Op\u00f3r: 0,6 oma<br \/>Pojemno\u015b\u0107 baterii: 950 mAh<br \/>\u0141adowanie: Typ-C<br \/>Regulowany przep\u0142yw powietrza: Tak<br \/>Wy\u015bwietlacz cyfrowy<br \/>Podw\u00f3jna siatka i podw\u00f3jna odporno\u015b\u0107 rdzenia<br \/>Wymiary: 53,5 x 32 x 121 mm<\/p>\t\t\t\t\t\t\t\t<\/div>\n\t\t\t\t<\/div>\n\t\t\t\t<\/div>\n\t\t<div class=\"elementor-element elementor-element-07054d0 e-con-full e-flex e-con e-child\" data-id=\"07054d0\" data-element_type=\"container\" data-e-type=\"container\">\n\t\t\t\t<div class=\"elementor-element elementor-element-7ced557 elementor-widget elementor-widget-image-gallery\" data-id=\"7ced557\" data-element_type=\"widget\" data-e-type=\"widget\" data-widget_type=\"image-gallery.default\">\n\t\t\t\t<div class=\"elementor-widget-container\">\n\t\t\t\t\t\t\t<div class=\"elementor-image-gallery\">\n\t\t\t<div id='gallery-1' class='gallery galleryid-2050 gallery-columns-1 gallery-size-medium_large'><figure class='gallery-item'>\n\t\t\t<div class='gallery-icon portrait'>\n\t\t\t\t<img fetchpriority=\"high\" decoding=\"async\" width=\"654\" height=\"690\" src=\"https:\/\/puffvapestore.com\/wp-content\/uploads\/2025\/04\/pvajf18000-11.jpg\" class=\"attachment-medium_large size-medium_large\" alt=\"JNR Falcon 18000 Cherry Cola pvajf18000\" aria-describedby=\"gallery-1-1951\" srcset=\"https:\/\/puffvapestore.com\/wp-content\/uploads\/2025\/04\/pvajf18000-11.jpg 654w, https:\/\/puffvapestore.com\/wp-content\/uploads\/2025\/04\/pvajf18000-11-284x300.jpg 284w, https:\/\/puffvapestore.com\/wp-content\/uploads\/2025\/04\/pvajf18000-11-600x633.jpg 600w\" sizes=\"(max-width: 654px) 100vw, 654px\" \/>\n\t\t\t<\/div>\n\t\t\t\t<figcaption class='wp-caption-text gallery-caption' id='gallery-1-1951'>\n\t\t\t\tJNR Falcon 18000 Cherry Cola pvajf18000\n\t\t\t\t<\/figcaption><\/figure>\n\t\t<\/div>\n\t\t<\/div>\n\t\t\t\t\t\t<\/div>\n\t\t\t\t<\/div>\n\t\t\t\t<\/div>\n\t\t\t\t\t<\/div>\n\t\t\t\t<\/div>\n\t\t<div class=\"elementor-element elementor-element-d9054f1 e-flex e-con-boxed e-con e-parent\" data-id=\"d9054f1\" data-element_type=\"container\" data-e-type=\"container\">\n\t\t\t\t\t<div class=\"e-con-inner\">\n\t\t\t\t<div class=\"elementor-element elementor-element-aa28a77 elementor-widget elementor-widget-n-accordion\" data-id=\"aa28a77\" data-element_type=\"widget\" data-e-type=\"widget\" data-settings=\"{&quot;default_state&quot;:&quot;expanded&quot;,&quot;max_items_expended&quot;:&quot;one&quot;,&quot;n_accordion_animation_duration&quot;:{&quot;unit&quot;:&quot;ms&quot;,&quot;size&quot;:400,&quot;sizes&quot;:[]}}\" data-widget_type=\"nested-accordion.default\">\n\t\t\t\t<div class=\"elementor-widget-container\">\n\t\t\t\t\t\t\t<div class=\"e-n-accordion\" aria-label=\"Akordeon. Otwieranie \u0142\u0105czy za pomoc\u0105 klawisza Enter lub spacji, zamykanie za pomoc\u0105 klawisza Escape i nawigacja za pomoc\u0105 klawiszy strza\u0142ek\">\n\t\t\t\t\t\t<details id=\"e-n-accordion-item-1780\" class=\"e-n-accordion-item\" open>\n\t\t\t\t<summary class=\"e-n-accordion-item-title\" data-accordion-index=\"1\" tabindex=\"0\" aria-expanded=\"true\" aria-controls=\"e-n-accordion-item-1780\" >\n\t\t\t\t\t<span class='e-n-accordion-item-title-header'><div class=\"e-n-accordion-item-title-text\"> Cechy i funkcje JNR Falcon X 18K Cherry Cola <\/div><\/span>\n\t\t\t\t\t\t\t<span class='e-n-accordion-item-title-icon'>\n\t\t\t<span class='e-opened' ><svg aria-hidden=\"true\" class=\"e-font-icon-svg e-fas-minus\" viewbox=\"0 0 448 512\" xmlns=\"http:\/\/www.w3.org\/2000\/svg\"><path d=\"M416 208H32c-17.67 0-32 14.33-32 32v32c0 17.67 14.33 32 32 32h384c17.67 0 32-14.33 32-32v-32c0-17.67-14.33-32-32-32z\"><\/path><\/svg><\/span>\n\t\t\t<span class='e-closed'><svg aria-hidden=\"true\" class=\"e-font-icon-svg e-fas-plus\" viewbox=\"0 0 448 512\" xmlns=\"http:\/\/www.w3.org\/2000\/svg\"><path d=\"M416 208H272V64c0-17.67-14.33-32-32-32h-32c-17.67 0-32 14.33-32 32v144H32c-17.67 0-32 14.33-32 32v32c0 17.67 14.33 32 32 32h144v144c0 17.67 14.33 32 32 32h32c17.67 0 32-14.33 32-32V304h144c17.67 0 32-14.33 32-32v-32c0-17.67-14.33-32-32-32z\"><\/path><\/svg><\/span>\n\t\t<\/span>\n\n\t\t\t\t\t\t<\/summary>\n\t\t\t\t<div role=\"region\" aria-labelledby=\"e-n-accordion-item-1780\" class=\"elementor-element elementor-element-0ebb8e8 e-con-full e-flex e-con e-child\" data-id=\"0ebb8e8\" data-element_type=\"container\" data-e-type=\"container\">\n\t\t<div role=\"region\" aria-labelledby=\"e-n-accordion-item-1780\" class=\"elementor-element elementor-element-4254c7d e-flex e-con-boxed e-con e-child\" data-id=\"4254c7d\" data-element_type=\"container\" data-e-type=\"container\">\n\t\t\t\t\t<div class=\"e-con-inner\">\n\t\t\t\t<div class=\"elementor-element elementor-element-0d5171c elementor-widget elementor-widget-text-editor\" data-id=\"0d5171c\" data-element_type=\"widget\" data-e-type=\"widget\" data-widget_type=\"text-editor.default\">\n\t\t\t\t<div class=\"elementor-widget-container\">\n\t\t\t\t\t\t\t\t\t<h2>Du\u017ca pojemno\u015b\u0107 24 ml e-liquidu<\/h2><p>Elektroniczny papieros JNR Falcon-X 18K zawiera 24 ml wysokiej jako\u015bci e-liquidu, co zwi\u0119ksza jego autonomi\u0119 w por\u00f3wnaniu z konwencjonalnymi jednorazowymi papierosami elektronicznymi. Ta du\u017ca pojemno\u015b\u0107 oznacza, \u017ce mo\u017cesz cieszy\u0107 si\u0119 d\u0142ugotrwa\u0142\u0105 par\u0105 i smakiem bez konieczno\u015bci cz\u0119stego \u0142adowania lub martwienia si\u0119 o wyczerpanie p\u0142ynu, co czyni go idealnym rozwi\u0105zaniem dla d\u0142ugich podr\u00f3\u017cy lub intensywnych u\u017cytkownik\u00f3w.<\/p><h2>Do 18 000 zaci\u0105gni\u0119\u0107<\/h2><p>Dzi\u0119ki zoptymalizowanej konstrukcji dr\u00f3g oddechowych i wydajnemu mechanizmowi atomizacji, JNR Falcon-X 18K oferuje do 18 000 zaci\u0105gni\u0119\u0107. Pojedyncze urz\u0105dzenie jest odpowiednikiem kilku konwencjonalnych jednorazowych papieros\u00f3w elektronicznych w cenie jednego, ale o d\u0142u\u017cszej \u017cywotno\u015bci.<\/p><p>Oferuj\u0105c trzy st\u0119\u017cenia nikotyny: 0 %, 2 % i 5 %, mo\u017cesz wybiera\u0107 spo\u015br\u00f3d szerokiej gamy opcji beznikotynowych, od lekkich i beznikotynowych po intensywne i satysfakcjonuj\u0105ce. Niezale\u017cnie od tego, czy jeste\u015b pocz\u0105tkuj\u0105cym, kt\u00f3ry chce kontrolowa\u0107 swoj\u0105 dawk\u0119, czy do\u015bwiadczonym waperem szukaj\u0105cym ostatecznego zastrzyku nikotyny, znajdziesz idealn\u0105 dawk\u0119.<\/p><p>Model JNR Falcon-X 18K jest wyposa\u017cony w dwurdzeniow\u0105 konstrukcj\u0119 z podw\u00f3jn\u0105 siatk\u0105 0,6 oma, kt\u00f3ra zapewnia r\u00f3wnomierne ogrzewanie i wydajn\u0105 atomizacj\u0119, zapewniaj\u0105c bogate, g\u0142adkie zaci\u0105gni\u0119cie pe\u0142ne wyra\u017anych smak\u00f3w. Podw\u00f3jna struktura siatki nie tylko poprawia wyrafinowanie smaku, ale tak\u017ce oferuje bogatsz\u0105 obj\u0119to\u015b\u0107 pary, zapewniaj\u0105c wra\u017cenia por\u00f3wnywalne z urz\u0105dzeniami z wy\u017cszej p\u00f3\u0142ki.<\/p><h2>Wyj\u0105tkowa autonomia dla beztroskiej waporyzacji<\/h2><p>Model JNR Falcon 18K jest wyposa\u017cony w akumulator litowo-jonowy o du\u017cej g\u0119sto\u015bci i pojemno\u015bci 950 mAh, kt\u00f3ry zapewnia mn\u00f3stwo energii do d\u0142ugotrwa\u0142ego u\u017cytkowania. Dzi\u0119ki technologii szybkiego \u0142adowania typu C, urz\u0105dzenie \u0142aduje si\u0119 szybko i wydajnie, umo\u017cliwiaj\u0105c szybkie przej\u015bcie od niskiego poziomu na\u0142adowania baterii do pe\u0142nego na\u0142adowania. Niezale\u017cnie od tego, czy jeste\u015b w domu, w biurze, czy w podr\u00f3\u017cy, mo\u017cesz p\u0142ynnie waporyzowa\u0107 i wyeliminowa\u0107 zmartwienia zwi\u0105zane z bateri\u0105.<\/p><p>Miniaturowy wy\u015bwietlacz cyfrowy pokazuje poziom baterii i e-cieczy w czasie rzeczywistym, zapewniaj\u0105c natychmiastowy wgl\u0105d w stan urz\u0105dzenia. Po\u017cegnaj si\u0119 z frustracjami zwi\u0105zanymi z nag\u0142\u0105 awari\u0105 baterii lub e-cieczy i ciesz si\u0119 spokojem ducha, kt\u00f3ry towarzyszy wapowaniu.<\/p><h2>Regulowany system przep\u0142ywu powietrza<\/h2><p>Model JNR Falcon-X 18K jest wyposa\u017cony w precyzyjny regulator przep\u0142ywu powietrza, kt\u00f3ry umo\u017cliwia \u0142atw\u0105 regulacj\u0119 oporu zaci\u0105gania, pozwalaj\u0105c na swobodne prze\u0142\u0105czanie mi\u0119dzy p\u0142ynnym zaci\u0105ganiem bezpo\u015brednim (DL) i ciasnym zaci\u0105ganiem (MTL), aby dopasowa\u0107 si\u0119 do nawyk\u00f3w palenia i preferencji smakowych.<\/p>\t\t\t\t\t\t\t\t<\/div>\n\t\t\t\t<\/div>\n\t\t\t\t\t<\/div>\n\t\t\t\t<\/div>\n\t\t\t\t<\/div>\n\t\t\t\t\t<\/details>\n\t\t\t\t\t\t<details id=\"e-n-accordion-item-1781\" class=\"e-n-accordion-item\" >\n\t\t\t\t<summary class=\"e-n-accordion-item-title\" data-accordion-index=\"2\" tabindex=\"-1\" aria-expanded=\"false\" aria-controls=\"e-n-accordion-item-1781\" >\n\t\t\t\t\t<span class='e-n-accordion-item-title-header'><div class=\"e-n-accordion-item-title-text\"> Puff Cherry Cola JNR Falcon X 18K <\/div><\/span>\n\t\t\t\t\t\t\t<span class='e-n-accordion-item-title-icon'>\n\t\t\t<span class='e-opened' ><svg aria-hidden=\"true\" class=\"e-font-icon-svg e-fas-minus\" viewbox=\"0 0 448 512\" xmlns=\"http:\/\/www.w3.org\/2000\/svg\"><path d=\"M416 208H32c-17.67 0-32 14.33-32 32v32c0 17.67 14.33 32 32 32h384c17.67 0 32-14.33 32-32v-32c0-17.67-14.33-32-32-32z\"><\/path><\/svg><\/span>\n\t\t\t<span class='e-closed'><svg aria-hidden=\"true\" class=\"e-font-icon-svg e-fas-plus\" viewbox=\"0 0 448 512\" xmlns=\"http:\/\/www.w3.org\/2000\/svg\"><path d=\"M416 208H272V64c0-17.67-14.33-32-32-32h-32c-17.67 0-32 14.33-32 32v144H32c-17.67 0-32 14.33-32 32v32c0 17.67 14.33 32 32 32h144v144c0 17.67 14.33 32 32 32h32c17.67 0 32-14.33 32-32V304h144c17.67 0 32-14.33 32-32v-32c0-17.67-14.33-32-32-32z\"><\/path><\/svg><\/span>\n\t\t<\/span>\n\n\t\t\t\t\t\t<\/summary>\n\t\t\t\t<div role=\"region\" aria-labelledby=\"e-n-accordion-item-1781\" class=\"elementor-element elementor-element-c13c78c e-con-full e-flex e-con e-child\" data-id=\"c13c78c\" data-element_type=\"container\" data-e-type=\"container\">\n\t\t<div role=\"region\" aria-labelledby=\"e-n-accordion-item-1781\" class=\"elementor-element elementor-element-823f7dc e-flex e-con-boxed e-con e-child\" data-id=\"823f7dc\" data-element_type=\"container\" data-e-type=\"container\">\n\t\t\t\t\t<div class=\"e-con-inner\">\n\t\t\t\t<div class=\"elementor-element elementor-element-55fd5fa elementor-widget elementor-widget-text-editor\" data-id=\"55fd5fa\" data-element_type=\"widget\" data-e-type=\"widget\" data-widget_type=\"text-editor.default\">\n\t\t\t\t<div class=\"elementor-widget-container\">\n\t\t\t\t\t\t\t\t\t<p>Smak Cherry Cola papierosa elektronicznego JNR Falcon 18000 jest jednym z najpopularniejszych smak\u00f3w w\u015br\u00f3d francuskich konsument\u00f3w tego jednorazowego papierosa elektronicznego. Smak ten doskonale \u0142\u0105czy gazowane doznania klasycznej coli z owocowym aromatem s\u0142odkich wi\u015bni, zapewniaj\u0105c wyj\u0105tkowe doznania smakowe.<\/p>\t\t\t\t\t\t\t\t<\/div>\n\t\t\t\t<\/div>\n\t\t<div role=\"region\" aria-labelledby=\"e-n-accordion-item-1781\" class=\"elementor-element elementor-element-942ccb0 e-con-full e-flex e-con e-child\" data-id=\"942ccb0\" data-element_type=\"container\" data-e-type=\"container\">\n\t\t<div role=\"region\" aria-labelledby=\"e-n-accordion-item-1781\" class=\"elementor-element elementor-element-d5e4b56 e-con-full e-flex e-con e-child\" data-id=\"d5e4b56\" data-element_type=\"container\" data-e-type=\"container\">\n\t\t\t\t<div class=\"elementor-element elementor-element-381dfcb elementor-widget elementor-widget-image-gallery\" data-id=\"381dfcb\" data-element_type=\"widget\" data-e-type=\"widget\" data-widget_type=\"image-gallery.default\">\n\t\t\t\t<div class=\"elementor-widget-container\">\n\t\t\t\t\t\t\t<div class=\"elementor-image-gallery\">\n\t\t\t<div id='gallery-2' class='gallery galleryid-2050 gallery-columns-1 gallery-size-medium_large'><figure class='gallery-item'>\n\t\t\t<div class='gallery-icon portrait'>\n\t\t\t\t<img decoding=\"async\" width=\"654\" height=\"690\" src=\"https:\/\/puffvapestore.com\/wp-content\/uploads\/2025\/04\/pvajf18000-11.jpg\" class=\"attachment-medium_large size-medium_large\" alt=\"JNR Falcon 18000 Cherry Cola pvajf18000\" aria-describedby=\"gallery-2-1951\" srcset=\"https:\/\/puffvapestore.com\/wp-content\/uploads\/2025\/04\/pvajf18000-11.jpg 654w, https:\/\/puffvapestore.com\/wp-content\/uploads\/2025\/04\/pvajf18000-11-284x300.jpg 284w, https:\/\/puffvapestore.com\/wp-content\/uploads\/2025\/04\/pvajf18000-11-600x633.jpg 600w\" sizes=\"(max-width: 654px) 100vw, 654px\" \/>\n\t\t\t<\/div>\n\t\t\t\t<figcaption class='wp-caption-text gallery-caption' id='gallery-2-1951'>\n\t\t\t\tJNR Falcon 18000 Cherry Cola pvajf18000\n\t\t\t\t<\/figcaption><\/figure>\n\t\t<\/div>\n\t\t<\/div>\n\t\t\t\t\t\t<\/div>\n\t\t\t\t<\/div>\n\t\t\t\t<\/div>\n\t\t<div role=\"region\" aria-labelledby=\"e-n-accordion-item-1781\" class=\"elementor-element elementor-element-577deeb e-con-full e-flex e-con e-child\" data-id=\"577deeb\" data-element_type=\"container\" data-e-type=\"container\">\n\t\t\t\t<div class=\"elementor-element elementor-element-5d167cf elementor-widget elementor-widget-text-editor\" data-id=\"5d167cf\" data-element_type=\"widget\" data-e-type=\"widget\" data-widget_type=\"text-editor.default\">\n\t\t\t\t<div class=\"elementor-widget-container\">\n\t\t\t\t\t\t\t\t\t<p>Podczas biwakowania w lesie, gdy zapada noc i rozpala si\u0119 ognisko, Falcon JNR o smaku Cherry Cola b\u0119dzie idealnym wyborem na chwile relaksu. Dzi\u0119ki precyzyjnej podw\u00f3jnej cewce 0,6 oma i technologii podw\u00f3jnego rdzenia, ka\u017cde zaci\u0105gni\u0119cie zapewnia zr\u00f3wnowa\u017cony, bogaty smak. \u015awie\u017co\u015b\u0107 coli i s\u0142odycz wi\u015bni mieszaj\u0105 si\u0119 w ustach, orze\u017awiaj\u0105c jak ch\u0142odne powietrze lasu.<\/p><p>Bardzo d\u0142uga \u017cywotno\u015b\u0107 baterii wynosz\u0105ca 18 000 zaci\u0105gni\u0119\u0107 i du\u017ca pojemno\u015b\u0107 24 ml zapewniaj\u0105, \u017ce nie b\u0119dziesz musia\u0142 martwi\u0107 si\u0119 o wyczerpanie elektronicznych papieros\u00f3w podczas weekendu na kempingu. Niezale\u017cnie od tego, czy odpoczywasz w namiocie, czy spacerujesz pod gwiazdami, regulowany system przep\u0142ywu powietrza JNR Falcon pozwala swobodnie dostosowa\u0107 intensywno\u015b\u0107 inhalacji do osobistych preferencji, aby zaspokoi\u0107 potrzeby r\u00f3\u017cnych scenariuszy.<\/p>\t\t\t\t\t\t\t\t<\/div>\n\t\t\t\t<\/div>\n\t\t\t\t<\/div>\n\t\t\t\t<\/div>\n\t\t<div role=\"region\" aria-labelledby=\"e-n-accordion-item-1781\" class=\"elementor-element elementor-element-7926c6b e-con-full e-flex e-con e-child\" data-id=\"7926c6b\" data-element_type=\"container\" data-e-type=\"container\">\n\t\t\t\t<div class=\"elementor-element elementor-element-2b41948 elementor-widget elementor-widget-text-editor\" data-id=\"2b41948\" data-element_type=\"widget\" data-e-type=\"widget\" data-widget_type=\"text-editor.default\">\n\t\t\t\t<div class=\"elementor-widget-container\">\n\t\t\t\t\t\t\t\t\t<p>W \u015brodku nocy cyfrowy wy\u015bwietlacz LED produktu zapewnia wyra\u017any podgl\u0105d pozosta\u0142ej energii i liczby u\u017cy\u0107, dzi\u0119ki czemu nag\u0142e awarie zasilania nie wp\u0142yn\u0105 na wra\u017cenia z biwakowania. Bateria o pojemno\u015bci 950 mAh jest po\u0142\u0105czona z portem \u0142adowania typu C, dzi\u0119ki czemu mo\u017cna \u0142atwo \u0142adowa\u0107 urz\u0105dzenie nawet w plenerze.<\/p><p>Zawarto\u015b\u0107 nikotyny 2% w tym e-papierosie o smaku Cherry Cola zapewnia odpowiedni\u0105 ilo\u015b\u0107 satysfakcji, ani zbyt mocn\u0105, ani zbyt s\u0142ab\u0105. Przeno\u015bna konstrukcja o wymiarach 53,5 \u00d7 32 \u00d7 121 mm u\u0142atwia przenoszenie i nie zajmuje zbyt wiele miejsca w kieszeni lub plecaku. Jest to praktyczny niezb\u0119dnik do aktywno\u015bci na \u015bwie\u017cym powietrzu, takich jak biwakowanie i w\u0119dr\u00f3wki.<\/p><p>Niezale\u017cnie od tego, czy cieszysz si\u0119 spokojem lasu w pojedynk\u0119, czy dzielisz szcz\u0119\u015bliwe chwile z przyjaci\u00f3\u0142mi, smak Cherry Cola JNR Falcon 18000 mo\u017ce nada\u0107 inny smak Twoim do\u015bwiadczeniom na \u015bwie\u017cym powietrzu i sprawi\u0107, \u017ce ka\u017cda wycieczka kempingowa b\u0119dzie niezapomnianym wspomnieniem.<\/p>\t\t\t\t\t\t\t\t<\/div>\n\t\t\t\t<\/div>\n\t\t\t\t<\/div>\n\t\t\t\t\t<\/div>\n\t\t\t\t<\/div>\n\t\t\t\t<\/div>\n\t\t\t\t\t<\/details>\n\t\t\t\t\t<\/div>\n\t\t\t\t\t\t<\/div>\n\t\t\t\t<\/div>\n\t\t\t\t\t<\/div>\n\t\t\t\t<\/div>\n\t\t\t\t<\/div>","protected":false},"excerpt":{"rendered":"<p>Caract\u00e9ristiques du JNR Falcon 18K Cherry Cola: Bouff\u00e9es : Jusqu\u2019\u00e0 18000 bouff\u00e9es Liquide : 24 ml Taux de nicotine : 0 %, 2 %, 5 % R\u00e9sistance : 0.6 ohm Capacit\u00e9 de la batterie : 950 mAh Chargement : Type-C D\u00e9bit d\u2019air r\u00e9glable : Oui Affichage num\u00e9rique R\u00e9sistance double maille et double c\u0153ur Dimensions : [&hellip;]<\/p>\n","protected":false},"featured_media":1951,"comment_status":"open","ping_status":"closed","template":"","meta":{"site-sidebar-layout":"no-sidebar","site-content-layout":"page-builder","ast-site-content-layout":"normal-width-container","site-content-style":"default","site-sidebar-style":"default","ast-global-header-display":"","ast-banner-title-visibility":"","ast-main-header-display":"","ast-hfb-above-header-display":"","ast-hfb-below-header-display":"","ast-hfb-mobile-header-display":"","site-post-title":"disabled","ast-breadcrumbs-content":"","ast-featured-img":"disabled","footer-sml-layout":"","ast-disable-related-posts":"","theme-transparent-header-meta":"default","adv-header-id-meta":"","stick-header-meta":"default","header-above-stick-meta":"","header-main-stick-meta":"","header-below-stick-meta":"","astra-migrate-meta-layouts":"set","ast-page-background-enabled":"default","ast-page-background-meta":{"desktop":{"background-color":"","background-image":"","background-repeat":"repeat","background-position":"center center","background-size":"auto","background-attachment":"scroll","background-type":"","background-media":"","overlay-type":"","overlay-color":"","overlay-opacity":"","overlay-gradient":""},"tablet":{"background-color":"","background-image":"","background-repeat":"repeat","background-position":"center center","background-size":"auto","background-attachment":"scroll","background-type":"","background-media":"","overlay-type":"","overlay-color":"","overlay-opacity":"","overlay-gradient":""},"mobile":{"background-color":"","background-image":"","background-repeat":"repeat","background-position":"center center","background-size":"auto","background-attachment":"scroll","background-type":"","background-media":"","overlay-type":"","overlay-color":"","overlay-opacity":"","overlay-gradient":""}},"ast-content-background-meta":{"desktop":{"background-color":"var(--ast-global-color-5)","background-image":"","background-repeat":"repeat","background-position":"center center","background-size":"auto","background-attachment":"scroll","background-type":"","background-media":"","overlay-type":"","overlay-color":"","overlay-opacity":"","overlay-gradient":""},"tablet":{"background-color":"var(--ast-global-color-5)","background-image":"","background-repeat":"repeat","background-position":"center center","background-size":"auto","background-attachment":"scroll","background-type":"","background-media":"","overlay-type":"","overlay-color":"","overlay-opacity":"","overlay-gradient":""},"mobile":{"background-color":"var(--ast-global-color-5)","background-image":"","background-repeat":"repeat","background-position":"center center","background-size":"auto","background-attachment":"scroll","background-type":"","background-media":"","overlay-type":"","overlay-color":"","overlay-opacity":"","overlay-gradient":""}}},"product_brand":[30],"product_cat":[40,84,77,34],"product_tag":[],"class_list":{"0":"post-2050","1":"product","2":"type-product","3":"status-publish","4":"has-post-thumbnail","6":"product_brand-jnr","7":"product_cat-jnr-18k","8":"product_cat-puff-18k","9":"product_cat-entrepot-de-lue","10":"product_cat-puff-jnr","11":"desktop-align-center","12":"tablet-align-center","13":"mobile-align-center","14":"ast-product-gallery-layout-horizontal","15":"ast-product-gallery-with-no-image","16":"ast-product-single-variable","17":"ast-product-tabs-layout-horizontal","18":"ast-qv-on-image","20":"first","21":"instock","22":"sale","23":"shipping-taxable","24":"purchasable","25":"product-type-variable","26":"has-default-attributes"},"tiered_pricing_type":"fixed","tiered_pricing_fixed_rules":{"30":10.08,"60":9.28,"100":8.13,"200":7.48,"500":7.28,"1000":6.98},"tiered_pricing_product_settings":{"layout":"default","base_unit_name":{"singular":null,"plural":null},"default_variation":null},"tiered_pricing_minimum_quantity":null,"tiered_pricing_roles_data":[],"tiered_pricing_percentage_rules":[],"_links":{"self":[{"href":"https:\/\/puffvapestore.com\/pl\/wp-json\/wp\/v2\/product\/2050","targetHints":{"allow":["GET"]}}],"collection":[{"href":"https:\/\/puffvapestore.com\/pl\/wp-json\/wp\/v2\/product"}],"about":[{"href":"https:\/\/puffvapestore.com\/pl\/wp-json\/wp\/v2\/types\/product"}],"replies":[{"embeddable":true,"href":"https:\/\/puffvapestore.com\/pl\/wp-json\/wp\/v2\/comments?post=2050"}],"version-history":[{"count":24,"href":"https:\/\/puffvapestore.com\/pl\/wp-json\/wp\/v2\/product\/2050\/revisions"}],"predecessor-version":[{"id":13616,"href":"https:\/\/puffvapestore.com\/pl\/wp-json\/wp\/v2\/product\/2050\/revisions\/13616"}],"wp:featuredmedia":[{"embeddable":true,"href":"https:\/\/puffvapestore.com\/pl\/wp-json\/wp\/v2\/media\/1951"}],"wp:attachment":[{"href":"https:\/\/puffvapestore.com\/pl\/wp-json\/wp\/v2\/media?parent=2050"}],"wp:term":[{"taxonomy":"product_brand","embeddable":true,"href":"https:\/\/puffvapestore.com\/pl\/wp-json\/wp\/v2\/product_brand?post=2050"},{"taxonomy":"product_cat","embeddable":true,"href":"https:\/\/puffvapestore.com\/pl\/wp-json\/wp\/v2\/product_cat?post=2050"},{"taxonomy":"product_tag","embeddable":true,"href":"https:\/\/puffvapestore.com\/pl\/wp-json\/wp\/v2\/product_tag?post=2050"}],"curies":[{"name":"wp","href":"https:\/\/api.w.org\/{rel}","templated":true}]}}