{"id":2043,"date":"2025-04-12T11:00:48","date_gmt":"2025-04-12T11:00:48","guid":{"rendered":"https:\/\/puffvapestore.com\/?post_type=product&#038;p=2043"},"modified":"2026-01-19T10:37:34","modified_gmt":"2026-01-19T10:37:34","slug":"jnr-falcon-18k-puff-mr-blue","status":"publish","type":"product","link":"https:\/\/puffvapestore.com\/pl\/product\/jnr-falcon-18k-puff-mr-niebieski\/","title":{"rendered":"JNR Falcon 18k Puff Mr. Blue | JNR Falcon X 18000"},"content":{"rendered":"<div data-elementor-type=\"wp-post\" data-elementor-id=\"2043\" class=\"elementor elementor-2043\">\n\t\t\t\t<div class=\"elementor-element elementor-element-be51bd8 e-flex e-con-boxed e-con e-parent\" data-id=\"be51bd8\" data-element_type=\"container\" data-e-type=\"container\">\n\t\t\t\t\t<div class=\"e-con-inner\">\n\t\t<div class=\"elementor-element elementor-element-159e421 e-con-full e-flex e-con e-child\" data-id=\"159e421\" data-element_type=\"container\" data-e-type=\"container\">\n\t\t\t\t<div class=\"elementor-element elementor-element-2d3781e elementor-widget__width-initial elementor-widget elementor-widget-text-editor\" data-id=\"2d3781e\" data-element_type=\"widget\" data-e-type=\"widget\" data-widget_type=\"text-editor.default\">\n\t\t\t\t<div class=\"elementor-widget-container\">\n\t\t\t\t\t\t\t\t\t<h2>Cechy modelu JNR Falcon 18K Mr. Blue:<\/h2><p>Puffy : Do 18 000 zaci\u0105gni\u0119\u0107<br \/>P\u0142yn: 24 ml<br \/>Poziomy nikotyny: 0 %, 2 %, 5 %<br \/>Op\u00f3r: 0,6 oma<br \/>Pojemno\u015b\u0107 baterii: 950 mAh<br \/>\u0141adowanie: Typ-C<br \/>Regulowany przep\u0142yw powietrza: Tak<br \/>Wy\u015bwietlacz cyfrowy<br \/>Podw\u00f3jna siatka i podw\u00f3jna odporno\u015b\u0107 rdzenia<br \/>Wymiary: 53,5 x 32 x 121 mm<\/p>\t\t\t\t\t\t\t\t<\/div>\n\t\t\t\t<\/div>\n\t\t\t\t<\/div>\n\t\t<div class=\"elementor-element elementor-element-d655e34 e-con-full e-flex e-con e-child\" data-id=\"d655e34\" data-element_type=\"container\" data-e-type=\"container\">\n\t\t\t\t<div class=\"elementor-element elementor-element-c85f8d4 elementor-widget elementor-widget-image-gallery\" data-id=\"c85f8d4\" data-element_type=\"widget\" data-e-type=\"widget\" data-widget_type=\"image-gallery.default\">\n\t\t\t\t<div class=\"elementor-widget-container\">\n\t\t\t\t\t\t\t<div class=\"elementor-image-gallery\">\n\t\t\t<div id='gallery-1' class='gallery galleryid-2043 gallery-columns-1 gallery-size-medium_large'><figure class='gallery-item'>\n\t\t\t<div class='gallery-icon portrait'>\n\t\t\t\t<img fetchpriority=\"high\" decoding=\"async\" width=\"654\" height=\"690\" src=\"https:\/\/puffvapestore.com\/wp-content\/uploads\/2025\/04\/pvajf18000-17.jpg\" class=\"attachment-medium_large size-medium_large\" alt=\"JNR Falcon 18000 29 dost\u0119pnych smak\u00f3w pvajf18000\" aria-describedby=\"gallery-1-1957\" srcset=\"https:\/\/puffvapestore.com\/wp-content\/uploads\/2025\/04\/pvajf18000-17.jpg 654w, https:\/\/puffvapestore.com\/wp-content\/uploads\/2025\/04\/pvajf18000-17-284x300.jpg 284w, https:\/\/puffvapestore.com\/wp-content\/uploads\/2025\/04\/pvajf18000-17-600x633.jpg 600w\" sizes=\"(max-width: 654px) 100vw, 654px\" \/>\n\t\t\t<\/div>\n\t\t\t\t<figcaption class='wp-caption-text gallery-caption' id='gallery-1-1957'>\n\t\t\t\tJNR Falcon 18000 29 dost\u0119pnych smak\u00f3w pvajf18000\n\t\t\t\t<\/figcaption><\/figure>\n\t\t<\/div>\n\t\t<\/div>\n\t\t\t\t\t\t<\/div>\n\t\t\t\t<\/div>\n\t\t\t\t<\/div>\n\t\t\t\t\t<\/div>\n\t\t\t\t<\/div>\n\t\t<div class=\"elementor-element elementor-element-7293b5f e-flex e-con-boxed e-con e-parent\" data-id=\"7293b5f\" data-element_type=\"container\" data-e-type=\"container\">\n\t\t\t\t\t<div class=\"e-con-inner\">\n\t\t\t\t<div class=\"elementor-element elementor-element-a872c3d elementor-widget elementor-widget-n-accordion\" data-id=\"a872c3d\" data-element_type=\"widget\" data-e-type=\"widget\" data-settings=\"{&quot;default_state&quot;:&quot;expanded&quot;,&quot;max_items_expended&quot;:&quot;one&quot;,&quot;n_accordion_animation_duration&quot;:{&quot;unit&quot;:&quot;ms&quot;,&quot;size&quot;:400,&quot;sizes&quot;:[]}}\" data-widget_type=\"nested-accordion.default\">\n\t\t\t\t<div class=\"elementor-widget-container\">\n\t\t\t\t\t\t\t<div class=\"e-n-accordion\" aria-label=\"Akordeon. Otwieranie \u0142\u0105czy za pomoc\u0105 klawisza Enter lub spacji, zamykanie za pomoc\u0105 klawisza Escape i nawigacja za pomoc\u0105 klawiszy strza\u0142ek\">\n\t\t\t\t\t\t<details id=\"e-n-accordion-item-1760\" class=\"e-n-accordion-item\" open>\n\t\t\t\t<summary class=\"e-n-accordion-item-title\" data-accordion-index=\"1\" tabindex=\"0\" aria-expanded=\"true\" aria-controls=\"e-n-accordion-item-1760\" >\n\t\t\t\t\t<span class='e-n-accordion-item-title-header'><div class=\"e-n-accordion-item-title-text\"> Cechy i funkcje JNR Falcon X 18K Mr. Blue <\/div><\/span>\n\t\t\t\t\t\t\t<span class='e-n-accordion-item-title-icon'>\n\t\t\t<span class='e-opened' ><svg aria-hidden=\"true\" class=\"e-font-icon-svg e-fas-minus\" viewbox=\"0 0 448 512\" xmlns=\"http:\/\/www.w3.org\/2000\/svg\"><path d=\"M416 208H32c-17.67 0-32 14.33-32 32v32c0 17.67 14.33 32 32 32h384c17.67 0 32-14.33 32-32v-32c0-17.67-14.33-32-32-32z\"><\/path><\/svg><\/span>\n\t\t\t<span class='e-closed'><svg aria-hidden=\"true\" class=\"e-font-icon-svg e-fas-plus\" viewbox=\"0 0 448 512\" xmlns=\"http:\/\/www.w3.org\/2000\/svg\"><path d=\"M416 208H272V64c0-17.67-14.33-32-32-32h-32c-17.67 0-32 14.33-32 32v144H32c-17.67 0-32 14.33-32 32v32c0 17.67 14.33 32 32 32h144v144c0 17.67 14.33 32 32 32h32c17.67 0 32-14.33 32-32V304h144c17.67 0 32-14.33 32-32v-32c0-17.67-14.33-32-32-32z\"><\/path><\/svg><\/span>\n\t\t<\/span>\n\n\t\t\t\t\t\t<\/summary>\n\t\t\t\t<div role=\"region\" aria-labelledby=\"e-n-accordion-item-1760\" class=\"elementor-element elementor-element-24c463c e-con-full e-flex e-con e-child\" data-id=\"24c463c\" data-element_type=\"container\" data-e-type=\"container\">\n\t\t<div role=\"region\" aria-labelledby=\"e-n-accordion-item-1760\" class=\"elementor-element elementor-element-9a4c399 e-flex e-con-boxed e-con e-child\" data-id=\"9a4c399\" data-element_type=\"container\" data-e-type=\"container\">\n\t\t\t\t\t<div class=\"e-con-inner\">\n\t\t\t\t<div class=\"elementor-element elementor-element-8b000a6 elementor-widget elementor-widget-text-editor\" data-id=\"8b000a6\" data-element_type=\"widget\" data-e-type=\"widget\" data-widget_type=\"text-editor.default\">\n\t\t\t\t<div class=\"elementor-widget-container\">\n\t\t\t\t\t\t\t\t\t<h2>Du\u017ca pojemno\u015b\u0107 24 ml e-liquidu<\/h2><p>Elektroniczny papieros JNR Falcon-X 18K zawiera 24 ml wysokiej jako\u015bci e-liquidu, co zwi\u0119ksza jego autonomi\u0119 w por\u00f3wnaniu z konwencjonalnymi jednorazowymi papierosami elektronicznymi. Ta du\u017ca pojemno\u015b\u0107 oznacza, \u017ce mo\u017cesz cieszy\u0107 si\u0119 d\u0142ugotrwa\u0142\u0105 par\u0105 i smakiem bez konieczno\u015bci cz\u0119stego \u0142adowania lub martwienia si\u0119 o wyczerpanie p\u0142ynu, co czyni go idealnym rozwi\u0105zaniem dla d\u0142ugich podr\u00f3\u017cy lub intensywnych u\u017cytkownik\u00f3w.<\/p><h2>Do 18 000 zaci\u0105gni\u0119\u0107<\/h2><p>Dzi\u0119ki zoptymalizowanej konstrukcji dr\u00f3g oddechowych i wydajnemu mechanizmowi atomizacji, JNR Falcon-X 18K oferuje do 18 000 zaci\u0105gni\u0119\u0107. Pojedyncze urz\u0105dzenie jest odpowiednikiem kilku konwencjonalnych jednorazowych papieros\u00f3w elektronicznych w cenie jednego, ale o d\u0142u\u017cszej \u017cywotno\u015bci.<\/p><p>Oferuj\u0105c trzy st\u0119\u017cenia nikotyny: 0 %, 2 % i 5 %, mo\u017cesz wybiera\u0107 spo\u015br\u00f3d szerokiej gamy opcji beznikotynowych, od lekkich i beznikotynowych po intensywne i satysfakcjonuj\u0105ce. Niezale\u017cnie od tego, czy jeste\u015b pocz\u0105tkuj\u0105cym, kt\u00f3ry chce kontrolowa\u0107 swoj\u0105 dawk\u0119, czy do\u015bwiadczonym waperem szukaj\u0105cym ostatecznego zastrzyku nikotyny, znajdziesz idealn\u0105 dawk\u0119.<\/p><p>Model JNR Falcon-X 18K jest wyposa\u017cony w dwurdzeniow\u0105 konstrukcj\u0119 z podw\u00f3jn\u0105 siatk\u0105 0,6 oma, kt\u00f3ra zapewnia r\u00f3wnomierne ogrzewanie i wydajn\u0105 atomizacj\u0119, zapewniaj\u0105c bogate, g\u0142adkie zaci\u0105gni\u0119cie pe\u0142ne wyra\u017anych smak\u00f3w. Podw\u00f3jna struktura siatki nie tylko poprawia wyrafinowanie smaku, ale tak\u017ce oferuje bogatsz\u0105 obj\u0119to\u015b\u0107 pary, zapewniaj\u0105c wra\u017cenia por\u00f3wnywalne z urz\u0105dzeniami z wy\u017cszej p\u00f3\u0142ki.<\/p><h2>Wyj\u0105tkowa autonomia dla beztroskiej waporyzacji<\/h2><p>Model JNR Falcon 18K jest wyposa\u017cony w akumulator litowo-jonowy o du\u017cej g\u0119sto\u015bci i pojemno\u015bci 950 mAh, kt\u00f3ry zapewnia mn\u00f3stwo energii do d\u0142ugotrwa\u0142ego u\u017cytkowania. Dzi\u0119ki technologii szybkiego \u0142adowania typu C, urz\u0105dzenie \u0142aduje si\u0119 szybko i wydajnie, umo\u017cliwiaj\u0105c szybkie przej\u015bcie od niskiego poziomu na\u0142adowania baterii do pe\u0142nego na\u0142adowania. Niezale\u017cnie od tego, czy jeste\u015b w domu, w biurze, czy w podr\u00f3\u017cy, mo\u017cesz p\u0142ynnie waporyzowa\u0107 i wyeliminowa\u0107 zmartwienia zwi\u0105zane z bateri\u0105.<\/p><p>Miniaturowy wy\u015bwietlacz cyfrowy pokazuje poziom baterii i e-cieczy w czasie rzeczywistym, zapewniaj\u0105c natychmiastowy wgl\u0105d w stan urz\u0105dzenia. Po\u017cegnaj si\u0119 z frustracjami zwi\u0105zanymi z nag\u0142\u0105 awari\u0105 baterii lub e-cieczy i ciesz si\u0119 spokojem ducha, kt\u00f3ry towarzyszy wapowaniu.<\/p><h2>Regulowany system przep\u0142ywu powietrza<\/h2><p>Model JNR Falcon-X 18K jest wyposa\u017cony w precyzyjny regulator przep\u0142ywu powietrza, kt\u00f3ry umo\u017cliwia \u0142atw\u0105 regulacj\u0119 oporu zaci\u0105gania, pozwalaj\u0105c na swobodne prze\u0142\u0105czanie mi\u0119dzy p\u0142ynnym zaci\u0105ganiem bezpo\u015brednim (DL) i ciasnym zaci\u0105ganiem (MTL), aby dopasowa\u0107 si\u0119 do nawyk\u00f3w palenia i preferencji smakowych.<\/p>\t\t\t\t\t\t\t\t<\/div>\n\t\t\t\t<\/div>\n\t\t\t\t\t<\/div>\n\t\t\t\t<\/div>\n\t\t\t\t<\/div>\n\t\t\t\t\t<\/details>\n\t\t\t\t\t\t<details id=\"e-n-accordion-item-1761\" class=\"e-n-accordion-item\" >\n\t\t\t\t<summary class=\"e-n-accordion-item-title\" data-accordion-index=\"2\" tabindex=\"-1\" aria-expanded=\"false\" aria-controls=\"e-n-accordion-item-1761\" >\n\t\t\t\t\t<span class='e-n-accordion-item-title-header'><div class=\"e-n-accordion-item-title-text\"> Puff Mr. Blue JNR Falcon X 18K <\/div><\/span>\n\t\t\t\t\t\t\t<span class='e-n-accordion-item-title-icon'>\n\t\t\t<span class='e-opened' ><svg aria-hidden=\"true\" class=\"e-font-icon-svg e-fas-minus\" viewbox=\"0 0 448 512\" xmlns=\"http:\/\/www.w3.org\/2000\/svg\"><path d=\"M416 208H32c-17.67 0-32 14.33-32 32v32c0 17.67 14.33 32 32 32h384c17.67 0 32-14.33 32-32v-32c0-17.67-14.33-32-32-32z\"><\/path><\/svg><\/span>\n\t\t\t<span class='e-closed'><svg aria-hidden=\"true\" class=\"e-font-icon-svg e-fas-plus\" viewbox=\"0 0 448 512\" xmlns=\"http:\/\/www.w3.org\/2000\/svg\"><path d=\"M416 208H272V64c0-17.67-14.33-32-32-32h-32c-17.67 0-32 14.33-32 32v144H32c-17.67 0-32 14.33-32 32v32c0 17.67 14.33 32 32 32h144v144c0 17.67 14.33 32 32 32h32c17.67 0 32-14.33 32-32V304h144c17.67 0 32-14.33 32-32v-32c0-17.67-14.33-32-32-32z\"><\/path><\/svg><\/span>\n\t\t<\/span>\n\n\t\t\t\t\t\t<\/summary>\n\t\t\t\t<div role=\"region\" aria-labelledby=\"e-n-accordion-item-1761\" class=\"elementor-element elementor-element-b946a06 e-con-full e-flex e-con e-child\" data-id=\"b946a06\" data-element_type=\"container\" data-e-type=\"container\">\n\t\t<div role=\"region\" aria-labelledby=\"e-n-accordion-item-1761\" class=\"elementor-element elementor-element-fb61cc7 e-flex e-con-boxed e-con e-child\" data-id=\"fb61cc7\" data-element_type=\"container\" data-e-type=\"container\">\n\t\t\t\t\t<div class=\"e-con-inner\">\n\t\t\t\t<div class=\"elementor-element elementor-element-55fd5fa elementor-widget elementor-widget-text-editor\" data-id=\"55fd5fa\" data-element_type=\"widget\" data-e-type=\"widget\" data-widget_type=\"text-editor.default\">\n\t\t\t\t<div class=\"elementor-widget-container\">\n\t\t\t\t\t\t\t\t\t<p>Elektroniczny papieros Mr. Blue o smaku JNR Falcon 18000 zawiera esencj\u0119 francuskiego \u017cycia w ka\u017cdym zaci\u0105gni\u0119ciu.<\/p><p>Wyobra\u017a sobie, \u017ce zapalasz tego e-papierosa podczas pikniku nad jeziorem we Francji. Wyj\u0105tkowy aromat jagodowo-mi\u0119towej mieszanki Mr Blue natychmiast pobudza zmys\u0142y. Powierzchnia jeziora faluje, a smak tego nikotynowego papierosa 2% nie jest ani zbyt mocny, ani zbyt md\u0142y, doskonale zaspokajaj\u0105c wszystkie kubki smakowe w ustach.<\/p>\t\t\t\t\t\t\t\t<\/div>\n\t\t\t\t<\/div>\n\t\t<div role=\"region\" aria-labelledby=\"e-n-accordion-item-1761\" class=\"elementor-element elementor-element-3c1fb34 e-con-full e-flex e-con e-child\" data-id=\"3c1fb34\" data-element_type=\"container\" data-e-type=\"container\">\n\t\t<div role=\"region\" aria-labelledby=\"e-n-accordion-item-1761\" class=\"elementor-element elementor-element-2b9d469 e-con-full e-flex e-con e-child\" data-id=\"2b9d469\" data-element_type=\"container\" data-e-type=\"container\">\n\t\t\t\t<div class=\"elementor-element elementor-element-aa46266 elementor-widget elementor-widget-image-gallery\" data-id=\"aa46266\" data-element_type=\"widget\" data-e-type=\"widget\" data-widget_type=\"image-gallery.default\">\n\t\t\t\t<div class=\"elementor-widget-container\">\n\t\t\t\t\t\t\t<div class=\"elementor-image-gallery\">\n\t\t\t<div id='gallery-1' class='gallery galleryid-2043 gallery-columns-1 gallery-size-medium_large'><figure class='gallery-item'>\n\t\t\t<div class='gallery-icon portrait'>\n\t\t\t\t<img fetchpriority=\"high\" decoding=\"async\" width=\"654\" height=\"690\" src=\"https:\/\/puffvapestore.com\/wp-content\/uploads\/2025\/04\/pvajf18000-17.jpg\" class=\"attachment-medium_large size-medium_large\" alt=\"JNR Falcon 18000 29 dost\u0119pnych smak\u00f3w pvajf18000\" aria-describedby=\"gallery-1-1957\" srcset=\"https:\/\/puffvapestore.com\/wp-content\/uploads\/2025\/04\/pvajf18000-17.jpg 654w, https:\/\/puffvapestore.com\/wp-content\/uploads\/2025\/04\/pvajf18000-17-284x300.jpg 284w, https:\/\/puffvapestore.com\/wp-content\/uploads\/2025\/04\/pvajf18000-17-600x633.jpg 600w\" sizes=\"(max-width: 654px) 100vw, 654px\" \/>\n\t\t\t<\/div>\n\t\t\t\t<figcaption class='wp-caption-text gallery-caption' id='gallery-1-1957'>\n\t\t\t\tJNR Falcon 18000 29 dost\u0119pnych smak\u00f3w pvajf18000\n\t\t\t\t<\/figcaption><\/figure>\n\t\t<\/div>\n\t\t<\/div>\n\t\t\t\t\t\t<\/div>\n\t\t\t\t<\/div>\n\t\t\t\t<\/div>\n\t\t<div role=\"region\" aria-labelledby=\"e-n-accordion-item-1761\" class=\"elementor-element elementor-element-d5f00b5 e-con-full e-flex e-con e-child\" data-id=\"d5f00b5\" data-element_type=\"container\" data-e-type=\"container\">\n\t\t\t\t<div class=\"elementor-element elementor-element-b3c274b elementor-widget__width-initial elementor-widget elementor-widget-text-editor\" data-id=\"b3c274b\" data-element_type=\"widget\" data-e-type=\"widget\" data-widget_type=\"text-editor.default\">\n\t\t\t\t<div class=\"elementor-widget-container\">\n\t\t\t\t\t\t\t\t\t<p>Dzi\u0119ki podw\u00f3jnej cewce siatkowej 0,6 Ohm w modelu JNR Falcon, aromat uwalniany przez Mr. Blue jest niezwykle sp\u00f3jny, a dym jest bogaty, ale nie duszny. Dzi\u0119ki regulacji przep\u0142ywu powietrza w urz\u0105dzeniu, s\u0142odycz jag\u00f3d i \u015bwie\u017co\u015b\u0107 mi\u0119ty s\u0105 idealnie zbalansowane na podniebieniu, podobnie jak precyzyjna kontrola nad jako\u015bci\u0105 \u017cycia we Francji.<\/p><p>Du\u017ca pojemno\u015b\u0107 24 ml gwarantuje, \u017ce czas sp\u0119dzony nad jeziorem nie zostanie przerwany na uzupe\u0142nianie e-liquidu, a maksymalna liczba 18 000 zaci\u0105gni\u0119\u0107 wystarczy, aby cieszy\u0107 si\u0119 ka\u017cdym urlopem. Dzi\u0119ki baterii o pojemno\u015bci 950 mAh i portowi szybkiego \u0142adowania typu C nie musisz martwi\u0107 si\u0119 o awarie zasilania, nawet podczas d\u0142ugich aktywno\u015bci na \u015bwie\u017cym powietrzu.<\/p>\t\t\t\t\t\t\t\t<\/div>\n\t\t\t\t<\/div>\n\t\t\t\t<\/div>\n\t\t\t\t<\/div>\n\t\t<div role=\"region\" aria-labelledby=\"e-n-accordion-item-1761\" class=\"elementor-element elementor-element-7926c6b e-con-full e-flex e-con e-child\" data-id=\"7926c6b\" data-element_type=\"container\" data-e-type=\"container\">\n\t\t\t\t<div class=\"elementor-element elementor-element-2b41948 elementor-widget elementor-widget-text-editor\" data-id=\"2b41948\" data-element_type=\"widget\" data-e-type=\"widget\" data-widget_type=\"text-editor.default\">\n\t\t\t\t<div class=\"elementor-widget-container\">\n\t\t\t\t\t\t\t\t\t<p>Cyfrowy wy\u015bwietlacz wyra\u017anie pokazuje pozosta\u0142\u0105 moc i czas pracy, dzi\u0119ki czemu w ka\u017cdej chwili mo\u017cna sprawdzi\u0107 stan urz\u0105dzenia. Kompaktowy rozmiar 53,5 \u00d7 32 \u00d7 121 mm jest idealny do transportu i z \u0142atwo\u015bci\u0105 zmie\u015bci si\u0119 w koszyku piknikowym lub kieszeni.<\/p><p>Mr. Blue to co\u015b wi\u0119cej ni\u017c smak; to uosobienie francuskiego podej\u015bcia do \u017cycia: skupienie si\u0119 na jako\u015bci i cieszenie si\u0119 chwil\u0105. Zaci\u0105gnij si\u0119 podczas pikniku nad jeziorem i pozw\u00f3l, aby ten starannie wymieszany elektroniczny papieros by\u0142 idealnym zako\u0144czeniem Twojej zmys\u0142owej uczty.<\/p>\t\t\t\t\t\t\t\t<\/div>\n\t\t\t\t<\/div>\n\t\t\t\t<\/div>\n\t\t\t\t\t<\/div>\n\t\t\t\t<\/div>\n\t\t\t\t<\/div>\n\t\t\t\t\t<\/details>\n\t\t\t\t\t<\/div>\n\t\t\t\t\t\t<\/div>\n\t\t\t\t<\/div>\n\t\t\t\t\t<\/div>\n\t\t\t\t<\/div>\n\t\t\t\t<\/div>","protected":false},"excerpt":{"rendered":"<p>Caract\u00e9ristiques du JNR Falcon 18K Mr. Blue: Bouff\u00e9es : Jusqu\u2019\u00e0 18000 bouff\u00e9es Liquide : 24 ml Taux de nicotine : 0 %, 2 %, 5 % R\u00e9sistance : 0.6 ohm Capacit\u00e9 de la batterie : 950 mAh Chargement : Type-C D\u00e9bit d\u2019air r\u00e9glable : Oui Affichage num\u00e9rique R\u00e9sistance double maille et double c\u0153ur Dimensions : [&hellip;]<\/p>\n","protected":false},"featured_media":1957,"comment_status":"open","ping_status":"closed","template":"","meta":{"site-sidebar-layout":"no-sidebar","site-content-layout":"page-builder","ast-site-content-layout":"normal-width-container","site-content-style":"default","site-sidebar-style":"default","ast-global-header-display":"","ast-banner-title-visibility":"","ast-main-header-display":"","ast-hfb-above-header-display":"","ast-hfb-below-header-display":"","ast-hfb-mobile-header-display":"","site-post-title":"disabled","ast-breadcrumbs-content":"","ast-featured-img":"disabled","footer-sml-layout":"","ast-disable-related-posts":"","theme-transparent-header-meta":"default","adv-header-id-meta":"","stick-header-meta":"default","header-above-stick-meta":"","header-main-stick-meta":"","header-below-stick-meta":"","astra-migrate-meta-layouts":"set","ast-page-background-enabled":"default","ast-page-background-meta":{"desktop":{"background-color":"","background-image":"","background-repeat":"repeat","background-position":"center center","background-size":"auto","background-attachment":"scroll","background-type":"","background-media":"","overlay-type":"","overlay-color":"","overlay-opacity":"","overlay-gradient":""},"tablet":{"background-color":"","background-image":"","background-repeat":"repeat","background-position":"center center","background-size":"auto","background-attachment":"scroll","background-type":"","background-media":"","overlay-type":"","overlay-color":"","overlay-opacity":"","overlay-gradient":""},"mobile":{"background-color":"","background-image":"","background-repeat":"repeat","background-position":"center center","background-size":"auto","background-attachment":"scroll","background-type":"","background-media":"","overlay-type":"","overlay-color":"","overlay-opacity":"","overlay-gradient":""}},"ast-content-background-meta":{"desktop":{"background-color":"var(--ast-global-color-5)","background-image":"","background-repeat":"repeat","background-position":"center center","background-size":"auto","background-attachment":"scroll","background-type":"","background-media":"","overlay-type":"","overlay-color":"","overlay-opacity":"","overlay-gradient":""},"tablet":{"background-color":"var(--ast-global-color-5)","background-image":"","background-repeat":"repeat","background-position":"center center","background-size":"auto","background-attachment":"scroll","background-type":"","background-media":"","overlay-type":"","overlay-color":"","overlay-opacity":"","overlay-gradient":""},"mobile":{"background-color":"var(--ast-global-color-5)","background-image":"","background-repeat":"repeat","background-position":"center center","background-size":"auto","background-attachment":"scroll","background-type":"","background-media":"","overlay-type":"","overlay-color":"","overlay-opacity":"","overlay-gradient":""}}},"product_brand":[30],"product_cat":[40,84,77,35,31,15],"product_tag":[],"class_list":{"0":"post-2043","1":"product","2":"type-product","3":"status-publish","4":"has-post-thumbnail","6":"product_brand-jnr","7":"product_cat-jnr-18k","8":"product_cat-puff-18k","9":"product_cat-entrepot-de-lue","10":"product_cat-jnr-vape","11":"product_cat-jnr-falcon","12":"product_cat-magasin-cigarette-electronique","13":"desktop-align-center","14":"tablet-align-center","15":"mobile-align-center","16":"ast-product-gallery-layout-horizontal","17":"ast-product-gallery-with-no-image","18":"ast-product-single-variable","19":"ast-product-tabs-layout-horizontal","20":"ast-qv-on-image","22":"first","23":"instock","24":"sale","25":"shipping-taxable","26":"purchasable","27":"product-type-variable","28":"has-default-attributes"},"tiered_pricing_type":"fixed","tiered_pricing_fixed_rules":{"30":10.08,"60":9.28,"100":8.13,"200":7.48,"500":7.28,"1000":6.98},"tiered_pricing_product_settings":{"layout":"default","base_unit_name":{"singular":null,"plural":null},"default_variation":null},"tiered_pricing_minimum_quantity":null,"tiered_pricing_roles_data":[],"tiered_pricing_percentage_rules":[],"_links":{"self":[{"href":"https:\/\/puffvapestore.com\/pl\/wp-json\/wp\/v2\/product\/2043","targetHints":{"allow":["GET"]}}],"collection":[{"href":"https:\/\/puffvapestore.com\/pl\/wp-json\/wp\/v2\/product"}],"about":[{"href":"https:\/\/puffvapestore.com\/pl\/wp-json\/wp\/v2\/types\/product"}],"replies":[{"embeddable":true,"href":"https:\/\/puffvapestore.com\/pl\/wp-json\/wp\/v2\/comments?post=2043"}],"version-history":[{"count":23,"href":"https:\/\/puffvapestore.com\/pl\/wp-json\/wp\/v2\/product\/2043\/revisions"}],"predecessor-version":[{"id":13617,"href":"https:\/\/puffvapestore.com\/pl\/wp-json\/wp\/v2\/product\/2043\/revisions\/13617"}],"wp:featuredmedia":[{"embeddable":true,"href":"https:\/\/puffvapestore.com\/pl\/wp-json\/wp\/v2\/media\/1957"}],"wp:attachment":[{"href":"https:\/\/puffvapestore.com\/pl\/wp-json\/wp\/v2\/media?parent=2043"}],"wp:term":[{"taxonomy":"product_brand","embeddable":true,"href":"https:\/\/puffvapestore.com\/pl\/wp-json\/wp\/v2\/product_brand?post=2043"},{"taxonomy":"product_cat","embeddable":true,"href":"https:\/\/puffvapestore.com\/pl\/wp-json\/wp\/v2\/product_cat?post=2043"},{"taxonomy":"product_tag","embeddable":true,"href":"https:\/\/puffvapestore.com\/pl\/wp-json\/wp\/v2\/product_tag?post=2043"}],"curies":[{"name":"wp","href":"https:\/\/api.w.org\/{rel}","templated":true}]}}