{"id":2022,"date":"2025-04-12T03:40:23","date_gmt":"2025-04-12T03:40:23","guid":{"rendered":"https:\/\/puffvapestore.com\/?post_type=product&#038;p=2022"},"modified":"2026-01-19T10:37:34","modified_gmt":"2026-01-19T10:37:34","slug":"puff-jnr-falcon-18k-sour-apple-ice","status":"publish","type":"product","link":"https:\/\/puffvapestore.com\/pl\/product\/puff-jnr-falcon-18k-kwasne-jablko-z-lodem\/","title":{"rendered":"Puff JNR Falcon 18k Sour Apple Ice | JNR Falcon X 18000"},"content":{"rendered":"<div data-elementor-type=\"wp-post\" data-elementor-id=\"2022\" class=\"elementor elementor-2022\">\n\t\t\t\t<div class=\"elementor-element elementor-element-3c1fb34 e-flex e-con-boxed e-con e-parent\" data-id=\"3c1fb34\" data-element_type=\"container\" data-e-type=\"container\">\n\t\t\t\t\t<div class=\"e-con-inner\">\n\t\t<div class=\"elementor-element elementor-element-d5f00b5 e-con-full e-flex e-con e-child\" data-id=\"d5f00b5\" data-element_type=\"container\" data-e-type=\"container\">\n\t\t\t\t<div class=\"elementor-element elementor-element-b3c274b elementor-widget__width-initial elementor-widget elementor-widget-text-editor\" data-id=\"b3c274b\" data-element_type=\"widget\" data-e-type=\"widget\" data-widget_type=\"text-editor.default\">\n\t\t\t\t<div class=\"elementor-widget-container\">\n\t\t\t\t\t\t\t\t\t<h2>Cechy modelu JNR Falcon 18K Sour Apple Ice:<\/h2><p>Puffy : Do 18 000 zaci\u0105gni\u0119\u0107<br \/>P\u0142yn: 24 ml<br \/>Poziomy nikotyny: 0 %, 2 %, 5 %<br \/>Op\u00f3r: 0,6 oma<br \/>Pojemno\u015b\u0107 baterii: 950 mAh<br \/>\u0141adowanie: Typ-C<br \/>Regulowany przep\u0142yw powietrza: Tak<br \/>Wy\u015bwietlacz cyfrowy<br \/>Podw\u00f3jna siatka i podw\u00f3jna odporno\u015b\u0107 rdzenia<br \/>Wymiary: 53,5 x 32 x 121 mm<\/p>\t\t\t\t\t\t\t\t<\/div>\n\t\t\t\t<\/div>\n\t\t\t\t<\/div>\n\t\t<div class=\"elementor-element elementor-element-2b9d469 e-con-full e-flex e-con e-child\" data-id=\"2b9d469\" data-element_type=\"container\" data-e-type=\"container\">\n\t\t\t\t<div class=\"elementor-element elementor-element-aa46266 elementor-widget elementor-widget-image-gallery\" data-id=\"aa46266\" data-element_type=\"widget\" data-e-type=\"widget\" data-widget_type=\"image-gallery.default\">\n\t\t\t\t<div class=\"elementor-widget-container\">\n\t\t\t\t\t\t\t<div class=\"elementor-image-gallery\">\n\t\t\t<div id='gallery-1' class='gallery galleryid-2022 gallery-columns-1 gallery-size-medium_large'><figure class='gallery-item'>\n\t\t\t<div class='gallery-icon portrait'>\n\t\t\t\t<img fetchpriority=\"high\" decoding=\"async\" width=\"654\" height=\"690\" src=\"https:\/\/puffvapestore.com\/wp-content\/uploads\/2025\/04\/pvajf18000-22.jpg\" class=\"attachment-medium_large size-medium_large\" alt=\"JNR Falcon 18k Sour Apple Ice pvajf18000\" aria-describedby=\"gallery-1-1962\" srcset=\"https:\/\/puffvapestore.com\/wp-content\/uploads\/2025\/04\/pvajf18000-22.jpg 654w, https:\/\/puffvapestore.com\/wp-content\/uploads\/2025\/04\/pvajf18000-22-284x300.jpg 284w, https:\/\/puffvapestore.com\/wp-content\/uploads\/2025\/04\/pvajf18000-22-600x633.jpg 600w\" sizes=\"(max-width: 654px) 100vw, 654px\" \/>\n\t\t\t<\/div>\n\t\t\t\t<figcaption class='wp-caption-text gallery-caption' id='gallery-1-1962'>\n\t\t\t\tJNR Falcon 18k Sour Apple Ice pvajf18000\n\t\t\t\t<\/figcaption><\/figure>\n\t\t<\/div>\n\t\t<\/div>\n\t\t\t\t\t\t<\/div>\n\t\t\t\t<\/div>\n\t\t\t\t<\/div>\n\t\t\t\t\t<\/div>\n\t\t\t\t<\/div>\n\t\t<div class=\"elementor-element elementor-element-28b6058 e-flex e-con-boxed e-con e-parent\" data-id=\"28b6058\" data-element_type=\"container\" data-e-type=\"container\">\n\t\t\t\t\t<div class=\"e-con-inner\">\n\t\t\t\t<div class=\"elementor-element elementor-element-518b9cf elementor-widget elementor-widget-n-accordion\" data-id=\"518b9cf\" data-element_type=\"widget\" data-e-type=\"widget\" data-settings=\"{&quot;default_state&quot;:&quot;expanded&quot;,&quot;max_items_expended&quot;:&quot;one&quot;,&quot;n_accordion_animation_duration&quot;:{&quot;unit&quot;:&quot;ms&quot;,&quot;size&quot;:400,&quot;sizes&quot;:[]}}\" data-widget_type=\"nested-accordion.default\">\n\t\t\t\t<div class=\"elementor-widget-container\">\n\t\t\t\t\t\t\t<div class=\"e-n-accordion\" aria-label=\"Akordeon. Otwieranie \u0142\u0105czy za pomoc\u0105 klawisza Enter lub spacji, zamykanie za pomoc\u0105 klawisza Escape i nawigacja za pomoc\u0105 klawiszy strza\u0142ek\">\n\t\t\t\t\t\t<details id=\"e-n-accordion-item-8550\" class=\"e-n-accordion-item\" open>\n\t\t\t\t<summary class=\"e-n-accordion-item-title\" data-accordion-index=\"1\" tabindex=\"0\" aria-expanded=\"true\" aria-controls=\"e-n-accordion-item-8550\" >\n\t\t\t\t\t<span class='e-n-accordion-item-title-header'><div class=\"e-n-accordion-item-title-text\"> Cechy i funkcje zegarka JNR Falcon X 18K Sour Apple Ice <\/div><\/span>\n\t\t\t\t\t\t\t<span class='e-n-accordion-item-title-icon'>\n\t\t\t<span class='e-opened' ><svg aria-hidden=\"true\" class=\"e-font-icon-svg e-fas-minus\" viewbox=\"0 0 448 512\" xmlns=\"http:\/\/www.w3.org\/2000\/svg\"><path d=\"M416 208H32c-17.67 0-32 14.33-32 32v32c0 17.67 14.33 32 32 32h384c17.67 0 32-14.33 32-32v-32c0-17.67-14.33-32-32-32z\"><\/path><\/svg><\/span>\n\t\t\t<span class='e-closed'><svg aria-hidden=\"true\" class=\"e-font-icon-svg e-fas-plus\" viewbox=\"0 0 448 512\" xmlns=\"http:\/\/www.w3.org\/2000\/svg\"><path d=\"M416 208H272V64c0-17.67-14.33-32-32-32h-32c-17.67 0-32 14.33-32 32v144H32c-17.67 0-32 14.33-32 32v32c0 17.67 14.33 32 32 32h144v144c0 17.67 14.33 32 32 32h32c17.67 0 32-14.33 32-32V304h144c17.67 0 32-14.33 32-32v-32c0-17.67-14.33-32-32-32z\"><\/path><\/svg><\/span>\n\t\t<\/span>\n\n\t\t\t\t\t\t<\/summary>\n\t\t\t\t<div role=\"region\" aria-labelledby=\"e-n-accordion-item-8550\" class=\"elementor-element elementor-element-3556f13 e-con-full e-flex e-con e-child\" data-id=\"3556f13\" data-element_type=\"container\" data-e-type=\"container\">\n\t\t<div role=\"region\" aria-labelledby=\"e-n-accordion-item-8550\" class=\"elementor-element elementor-element-928a202 e-flex e-con-boxed e-con e-child\" data-id=\"928a202\" data-element_type=\"container\" data-e-type=\"container\">\n\t\t\t\t\t<div class=\"e-con-inner\">\n\t\t\t\t<div class=\"elementor-element elementor-element-be1c2a2 elementor-widget elementor-widget-text-editor\" data-id=\"be1c2a2\" data-element_type=\"widget\" data-e-type=\"widget\" data-widget_type=\"text-editor.default\">\n\t\t\t\t<div class=\"elementor-widget-container\">\n\t\t\t\t\t\t\t\t\t<h2>Akumulator o bardzo d\u0142ugiej \u017cywotno\u015bci i du\u017cej pojemno\u015bci<\/h2><p>Model JNR Falcon-X 18K jest wyposa\u017cony w akumulator litowo-jonowy o du\u017cej g\u0119sto\u015bci i pojemno\u015bci 950 mAh ze zoptymalizowanym systemem zarz\u0105dzania energi\u0105, gwarantuj\u0105cym d\u0142u\u017csz\u0105 autonomi\u0119 przy ka\u017cdym \u0142adowaniu. Nawet cz\u0119sto korzystaj\u0105cy u\u017cytkownicy mog\u0105 wygodnie u\u017cywa\u0107 go przez ca\u0142y dzie\u0144 bez konieczno\u015bci cz\u0119stego \u0142adowania. Port szybkiego \u0142adowania typu C zapewnia szybkie, niezawodne i bezpieczne \u0142adowanie.<\/p><h2>Du\u017cy zbiornik o pojemno\u015bci 24 ml<\/h2><p>Pojedynczy JNR Falcon-X 18K zapewnia do 18 000 zaci\u0105gni\u0119\u0107, czyli znacznie d\u0142u\u017cej ni\u017c konwencjonalny jednorazowy papieros elektroniczny. Niezale\u017cnie od tego, czy chodzi o codzienne u\u017cytkowanie, czy d\u0142ugie podr\u00f3\u017ce, urz\u0105dzenie to zapewnia niezmienne doznania smakowe, eliminuj\u0105c potrzeb\u0119 cz\u0119stych wymian i gwarantuj\u0105c d\u0142ugotrwa\u0142\u0105 przyjemno\u015b\u0107.<\/p><p>Zbiornik o pojemno\u015bci 24 ml pozwala na d\u0142u\u017csze u\u017cytkowanie. Jest to praktyczna zaleta dla os\u00f3b, kt\u00f3re du\u017co podr\u00f3\u017cuj\u0105 lub wol\u0105 unika\u0107 cz\u0119stego uzupe\u0142niania. Zbiornik e-liquidu o du\u017cej pojemno\u015bci zmniejsza r\u00f3wnie\u017c ryzyko suchego spalenia rezystora atomizera, gwarantuj\u0105c niezmienny smak.<\/p><h2>Kilka dawek nikotyny<\/h2><p>Model JNR Falcon-X 18K oferuje trzy dawki nikotyny: 0 %, 2 % i 5 %, zaspokajaj\u0105c r\u00f3\u017cne potrzeby zwi\u0105zane z waporyzacj\u0105, od lekkiego smaku bez nikotyny po mocne uderzenie w gard\u0142o. Niezale\u017cnie od tego, czy jeste\u015b pocz\u0105tkuj\u0105cym waperem, czy do\u015bwiadczonym u\u017cytkownikiem szukaj\u0105cym bardziej satysfakcjonuj\u0105cych wra\u017ce\u0144, znajdziesz rozwi\u0105zanie smakowe odpowiednie dla siebie.<\/p><h2>Podw\u00f3jna konstrukcja siatki + podw\u00f3jny rdze\u0144<\/h2><p>Model JNR Falcon-X 18K wykorzystuje system grzewczy z podw\u00f3jn\u0105 siatk\u0105 i dwurdzeniowym rezystorem dla bardziej r\u00f3wnomiernego ogrzewania i wyrafinowanej pary. Ta podw\u00f3jna struktura siatki podgrzewa e-ciecz r\u00f3wnomiernie i natychmiastowo, minimalizuj\u0105c miejscowe przegrzanie. Dwurdzeniowa konstrukcja zapewnia d\u0142u\u017csz\u0105 \u017cywotno\u015b\u0107 rezystora i bardziej sp\u00f3jny profil smakowy. Ciesz si\u0119 bogatym smakiem i g\u0142adk\u0105 par\u0105 przy ka\u017cdym zaci\u0105gni\u0119ciu.<\/p><p>Model JNR Falcon-X 18K wyposa\u017cony jest w niskooporowy rezystor 0,6 oma, oferuj\u0105cy idealn\u0105 r\u00f3wnowag\u0119 mi\u0119dzy smakiem a obj\u0119to\u015bci\u0105 pary. Konstrukcja o niskim oporze zapewnia wi\u0119ksz\u0105 obj\u0119to\u015b\u0107 pary i p\u0142ynniejsze zaci\u0105ganie, idealne do bezpo\u015bredniej inhalacji p\u0142uc. Pozwala ona r\u00f3wnie\u017c na regulacj\u0119 przep\u0142ywu powietrza podczas zaci\u0105gania si\u0119 metod\u0105 usta-usta, oferuj\u0105c bardziej spersonalizowane doznania.<\/p><h2>Regulowany przep\u0142yw powietrza<\/h2><p>Model JNR Falcon-X 18K jest wyposa\u017cony w regulowany system przep\u0142ywu powietrza, kt\u00f3ry pozwala u\u017cytkownikom swobodnie prze\u0142\u0105cza\u0107 si\u0119 mi\u0119dzy trybem bezpo\u015bredniej inhalacji p\u0142uc o wysokiej zawarto\u015bci opar\u00f3w a trybem ciasnego zaci\u0105gania si\u0119 z ust do ust, w zale\u017cno\u015bci od preferencji. Niezale\u017cnie od tego, czy preferujesz g\u0142adk\u0105, przewiewn\u0105 inhalacj\u0119, czy bogate, skoncentrowane uderzenie w gard\u0142o, mo\u017cesz \u0142atwo znale\u017a\u0107 najbardziej komfortowe ustawienie.<\/p><p>Zintegrowany cyfrowy wy\u015bwietlacz o wysokiej rozdzielczo\u015bci pokazuje poziom na\u0142adowania baterii i poziom e-cieczy w czasie rzeczywistym, dzi\u0119ki czemu mo\u017cna wyra\u017anie monitorowa\u0107 stan urz\u0105dzenia na pierwszy rzut oka, unikaj\u0105c nieoczekiwanych przerw w zasilaniu lub suchych oparze\u0144. Intuicyjne informacje wizualne zapewniaj\u0105 bezpieczniejsze i bardziej bezstresowe u\u017cytkowanie.<\/p><p>Model JNR Falcon-X 18K o wymiarach 53,5 \u00d7 32 \u00d7 121 mm jest wyposa\u017cony w akumulator i zbiornik o du\u017cej pojemno\u015bci, a jednocze\u015bnie oferuje wygodny uchwyt i du\u017c\u0105 przeno\u015bno\u015b\u0107. Niezale\u017cnie od tego, czy znajduje si\u0119 w kieszeni, czy w torbie, \u0142atwo wsuwa si\u0119 na miejsce i zapewnia wysokiej jako\u015bci doznania vape, gdziekolwiek jeste\u015b.<\/p><p>JNR Falcon-X 18K ma eleganck\u0105 konstrukcj\u0119 z ergonomicznymi krzywiznami. Jego powierzchnia jest odporna na zu\u017cycie i antypo\u015blizgowa, co zapewnia optymalny komfort. Minimalistyczne, wysokiej klasy kolory i staranne detale sprawiaj\u0105, \u017ce jest to co\u015b wi\u0119cej ni\u017c tylko elektroniczny papieros: to stylowy dodatek, kt\u00f3ry mo\u017cna zabra\u0107 ze sob\u0105 wsz\u0119dzie.<\/p>\t\t\t\t\t\t\t\t<\/div>\n\t\t\t\t<\/div>\n\t\t\t\t\t<\/div>\n\t\t\t\t<\/div>\n\t\t\t\t<\/div>\n\t\t\t\t\t<\/details>\n\t\t\t\t\t\t<details id=\"e-n-accordion-item-8551\" class=\"e-n-accordion-item\" >\n\t\t\t\t<summary class=\"e-n-accordion-item-title\" data-accordion-index=\"2\" tabindex=\"-1\" aria-expanded=\"false\" aria-controls=\"e-n-accordion-item-8551\" >\n\t\t\t\t\t<span class='e-n-accordion-item-title-header'><div class=\"e-n-accordion-item-title-text\"> Puff Sour Apple Ice JNR Falcon X 18K <\/div><\/span>\n\t\t\t\t\t\t\t<span class='e-n-accordion-item-title-icon'>\n\t\t\t<span class='e-opened' ><svg aria-hidden=\"true\" class=\"e-font-icon-svg e-fas-minus\" viewbox=\"0 0 448 512\" xmlns=\"http:\/\/www.w3.org\/2000\/svg\"><path d=\"M416 208H32c-17.67 0-32 14.33-32 32v32c0 17.67 14.33 32 32 32h384c17.67 0 32-14.33 32-32v-32c0-17.67-14.33-32-32-32z\"><\/path><\/svg><\/span>\n\t\t\t<span class='e-closed'><svg aria-hidden=\"true\" class=\"e-font-icon-svg e-fas-plus\" viewbox=\"0 0 448 512\" xmlns=\"http:\/\/www.w3.org\/2000\/svg\"><path d=\"M416 208H272V64c0-17.67-14.33-32-32-32h-32c-17.67 0-32 14.33-32 32v144H32c-17.67 0-32 14.33-32 32v32c0 17.67 14.33 32 32 32h144v144c0 17.67 14.33 32 32 32h32c17.67 0 32-14.33 32-32V304h144c17.67 0 32-14.33 32-32v-32c0-17.67-14.33-32-32-32z\"><\/path><\/svg><\/span>\n\t\t<\/span>\n\n\t\t\t\t\t\t<\/summary>\n\t\t\t\t<div role=\"region\" aria-labelledby=\"e-n-accordion-item-8551\" class=\"elementor-element elementor-element-7b6c483 e-con-full e-flex e-con e-child\" data-id=\"7b6c483\" data-element_type=\"container\" data-e-type=\"container\">\n\t\t<div role=\"region\" aria-labelledby=\"e-n-accordion-item-8551\" class=\"elementor-element elementor-element-278dca9 e-flex e-con-boxed e-con e-child\" data-id=\"278dca9\" data-element_type=\"container\" data-e-type=\"container\">\n\t\t\t\t\t<div class=\"e-con-inner\">\n\t\t\t\t<div class=\"elementor-element elementor-element-55fd5fa elementor-widget elementor-widget-text-editor\" data-id=\"55fd5fa\" data-element_type=\"widget\" data-e-type=\"widget\" data-widget_type=\"text-editor.default\">\n\t\t\t\t<div class=\"elementor-widget-container\">\n\t\t\t\t\t\t\t\t\t<p>Latem w Pary\u017cu s\u0142o\u0144ce \u015bwieci nad Sekwan\u0105, a miasto t\u0119tni \u017cyciem, cho\u0107 jest niezwykle ruchliwe. Dla wielu francuskich pracownik\u00f3w biurowych kilka minut przed powrotem do domu po ca\u0142ym dniu pracy to rzadka chwila wytchnienia.<\/p><p>Smak Sour Apple Ice papierosa elektronicznego JNR Falcon 18000 jest stworzony do takich chwil. Stoj\u0105c obok samochodu, zaci\u0105gn\u0105\u0142em si\u0119 papierosem, a s\u0142odko-kwa\u015bny smak zielonego jab\u0142ka natychmiast rozkwit\u0142 w moich ustach, po czym nast\u0105pi\u0142 lekki ch\u0142\u00f3d rozci\u0105gaj\u0105cy si\u0119 od czubka j\u0119zyka do gard\u0142a. Uczucie to przypomina\u0142o \u0142yk mro\u017conego soku jab\u0142kowego, orze\u017awiaj\u0105cego i relaksuj\u0105cego.<\/p><p>Najwi\u0119ksz\u0105 zalet\u0105 tego e-papierosa jest jego trwa\u0142o\u015b\u0107. Du\u017ca pojemno\u015b\u0107 wynosz\u0105ca 18 000 zaci\u0105gni\u0119\u0107 oznacza, \u017ce nie musisz martwi\u0107 si\u0119 o cz\u0119ste wymiany, a 24 ml e-liquidu wystarcza na kilka tygodni codziennego u\u017cytkowania. Jako kierownik sprzeda\u017cy, kt\u00f3ry cz\u0119sto podr\u00f3\u017cuje mi\u0119dzy Pary\u017cem a Lyonem, szczeg\u00f3lnie doceniam jego zasi\u0119g. Nie nale\u017cy lekcewa\u017cy\u0107 pojemno\u015bci baterii 950 mAh. Dzi\u0119ki metodzie \u0142adowania typu C mo\u017cesz na\u0142adowa\u0107 bateri\u0119 w dowolnym momencie, nawet podczas jazdy na d\u0142ugich dystansach.<\/p>\t\t\t\t\t\t\t\t<\/div>\n\t\t\t\t<\/div>\n\t\t<div role=\"region\" aria-labelledby=\"e-n-accordion-item-8551\" class=\"elementor-element elementor-element-fcfdbde e-con-full e-flex e-con e-child\" data-id=\"fcfdbde\" data-element_type=\"container\" data-e-type=\"container\">\n\t\t<div role=\"region\" aria-labelledby=\"e-n-accordion-item-8551\" class=\"elementor-element elementor-element-94b2a6b e-con-full e-flex e-con e-child\" data-id=\"94b2a6b\" data-element_type=\"container\" data-e-type=\"container\">\n\t\t\t\t<div class=\"elementor-element elementor-element-3bb21ea elementor-widget elementor-widget-image-gallery\" data-id=\"3bb21ea\" data-element_type=\"widget\" data-e-type=\"widget\" data-widget_type=\"image-gallery.default\">\n\t\t\t\t<div class=\"elementor-widget-container\">\n\t\t\t\t\t\t\t<div class=\"elementor-image-gallery\">\n\t\t\t<div id='gallery-1' class='gallery galleryid-2022 gallery-columns-1 gallery-size-medium_large'><figure class='gallery-item'>\n\t\t\t<div class='gallery-icon portrait'>\n\t\t\t\t<img fetchpriority=\"high\" decoding=\"async\" width=\"654\" height=\"690\" src=\"https:\/\/puffvapestore.com\/wp-content\/uploads\/2025\/04\/pvajf18000-22.jpg\" class=\"attachment-medium_large size-medium_large\" alt=\"JNR Falcon 18k Sour Apple Ice pvajf18000\" aria-describedby=\"gallery-1-1962\" srcset=\"https:\/\/puffvapestore.com\/wp-content\/uploads\/2025\/04\/pvajf18000-22.jpg 654w, https:\/\/puffvapestore.com\/wp-content\/uploads\/2025\/04\/pvajf18000-22-284x300.jpg 284w, https:\/\/puffvapestore.com\/wp-content\/uploads\/2025\/04\/pvajf18000-22-600x633.jpg 600w\" sizes=\"(max-width: 654px) 100vw, 654px\" \/>\n\t\t\t<\/div>\n\t\t\t\t<figcaption class='wp-caption-text gallery-caption' id='gallery-1-1962'>\n\t\t\t\tJNR Falcon 18k Sour Apple Ice pvajf18000\n\t\t\t\t<\/figcaption><\/figure>\n\t\t<\/div>\n\t\t<\/div>\n\t\t\t\t\t\t<\/div>\n\t\t\t\t<\/div>\n\t\t\t\t<\/div>\n\t\t<div role=\"region\" aria-labelledby=\"e-n-accordion-item-8551\" class=\"elementor-element elementor-element-9b86ae6 e-con-full e-flex e-con e-child\" data-id=\"9b86ae6\" data-element_type=\"container\" data-e-type=\"container\">\n\t\t\t\t<div class=\"elementor-element elementor-element-756979a elementor-widget__width-initial elementor-widget elementor-widget-text-editor\" data-id=\"756979a\" data-element_type=\"widget\" data-e-type=\"widget\" data-widget_type=\"text-editor.default\">\n\t\t\t\t<div class=\"elementor-widget-container\">\n\t\t\t\t\t\t\t\t\t<p>Smak Sour Apple Ice jest bardzo wyrazisty dzi\u0119ki konstrukcji cewki JNR Falcon 18000 o podw\u00f3jnych oczkach 0,6 oma. W przeciwie\u0144stwie do innych produkt\u00f3w na rynku, ta dwurdzeniowa technologia mo\u017ce w pe\u0142ni uwolni\u0107 wielowarstwowy smak zielonego jab\u0142ka: najpierw chrupi\u0105c\u0105 kwaskowato\u015b\u0107, nast\u0119pnie umiarkowan\u0105 s\u0142odycz, a na koniec pozostawiaj\u0105c d\u0142ugotrwa\u0142e uczucie \u015bwie\u017co\u015bci. G\u0119sto\u015b\u0107 dymu jest idealna, niezbyt g\u0119sta, by nie zas\u0142ania\u0107 kierowcy pola widzenia.<\/p><p>Na szczeg\u00f3ln\u0105 uwag\u0119 zas\u0142uguje funkcja regulowanego przep\u0142ywu powietrza. Czasami, gdy czuj\u0119 si\u0119 zm\u0119czony po pracy, zwi\u0119kszam przep\u0142yw powietrza, aby uczucie \u015bwie\u017co\u015bci by\u0142o bardziej intensywne i bezpo\u015brednie; a w spokojny weekend mog\u0119 zmniejszy\u0107 przep\u0142yw powietrza i delektowa\u0107 si\u0119 zmieniaj\u0105cymi si\u0119 poziomami s\u0142odkiego i kwa\u015bnego smaku. To spersonalizowane do\u015bwiadczenie jest cz\u0119\u015bci\u0105 naszego francuskiego d\u0105\u017cenia do jako\u015bci \u017cycia.<\/p>\t\t\t\t\t\t\t\t<\/div>\n\t\t\t\t<\/div>\n\t\t\t\t<\/div>\n\t\t\t\t<\/div>\n\t\t<div role=\"region\" aria-labelledby=\"e-n-accordion-item-8551\" class=\"elementor-element elementor-element-7926c6b e-con-full e-flex e-con e-child\" data-id=\"7926c6b\" data-element_type=\"container\" data-e-type=\"container\">\n\t\t\t\t<div class=\"elementor-element elementor-element-2b41948 elementor-widget elementor-widget-text-editor\" data-id=\"2b41948\" data-element_type=\"widget\" data-e-type=\"widget\" data-widget_type=\"text-editor.default\">\n\t\t\t\t<div class=\"elementor-widget-container\">\n\t\t\t\t\t\t\t\t\t<p>Konstrukcja z wy\u015bwietlaczem LED jest r\u00f3wnie\u017c bardzo przemy\u015blana, eliminuj\u0105c potrzeb\u0119 zgadywania liczby pozosta\u0142ych inhalacji i mocy baterii, dzi\u0119ki czemu jest bardziej intuicyjna w u\u017cyciu. Obudowa ma wymiary 53,5 \u00d7 32 \u00d7 121 mm, co jest idealne do trzymania w d\u0142oni i nie b\u0119dzie wygl\u0105da\u0107 niepor\u0119cznie po w\u0142o\u017ceniu do kieszeni.<\/p><p>Szczerze m\u00f3wi\u0105c, wypr\u00f3bowa\u0142em ju\u017c sporo elektronicznych papieros\u00f3w, ale niewiele produkt\u00f3w mo\u017ce zaoferowa\u0107 tak \u015bwie\u017ce i naturalne doznania smakowe jak JNR Falcon 18000, jednocze\u015bnie zachowuj\u0105c satysfakcj\u0119 z nikotyny (zawarto\u015b\u0107 nikotyny w 2% jest idealna). Nawet we Francji, gdzie zakazy palenia s\u0105 coraz bardziej rygorystyczne, ten produkt pozwala mi cieszy\u0107 si\u0119 przyjemn\u0105 sjest\u0105 w kr\u00f3tkim czasie przed wyruszeniem w drog\u0119.<\/p><p>Je\u015bli masz do\u015b\u0107 monotonii tradycyjnego tytoniu lub szukasz elektronicznego papierosa, kt\u00f3ry wniesie odrobin\u0119 \u015bwie\u017co\u015bci do gor\u0105czkowego \u017cycia w mie\u015bcie, Sour Apple Ice od JNR Falcon 18000 jest zdecydowanie dobrym wyborem. To nie tylko elektroniczny papieros, to tak\u017ce moda w nowoczesnym francuskim \u017cyciu.<\/p>\t\t\t\t\t\t\t\t<\/div>\n\t\t\t\t<\/div>\n\t\t\t\t<\/div>\n\t\t\t\t\t<\/div>\n\t\t\t\t<\/div>\n\t\t\t\t<\/div>\n\t\t\t\t\t<\/details>\n\t\t\t\t\t<\/div>\n\t\t\t\t\t\t<\/div>\n\t\t\t\t<\/div>\n\t\t\t\t\t<\/div>\n\t\t\t\t<\/div>\n\t\t\t\t<\/div>","protected":false},"excerpt":{"rendered":"<p>Caract\u00e9ristiques du JNR Falcon 18K Sour Apple Ice: Bouff\u00e9es : Jusqu\u2019\u00e0 18000 bouff\u00e9es Liquide : 24 ml Taux de nicotine : 0 %, 2 %, 5 % R\u00e9sistance : 0.6 ohm Capacit\u00e9 de la batterie : 950 mAh Chargement : Type-C D\u00e9bit d\u2019air r\u00e9glable : Oui Affichage num\u00e9rique R\u00e9sistance double maille et double c\u0153ur Dimensions [&hellip;]<\/p>\n","protected":false},"featured_media":1962,"comment_status":"open","ping_status":"closed","template":"","meta":{"site-sidebar-layout":"no-sidebar","site-content-layout":"page-builder","ast-site-content-layout":"normal-width-container","site-content-style":"default","site-sidebar-style":"default","ast-global-header-display":"","ast-banner-title-visibility":"","ast-main-header-display":"","ast-hfb-above-header-display":"","ast-hfb-below-header-display":"","ast-hfb-mobile-header-display":"","site-post-title":"disabled","ast-breadcrumbs-content":"","ast-featured-img":"disabled","footer-sml-layout":"","ast-disable-related-posts":"","theme-transparent-header-meta":"default","adv-header-id-meta":"","stick-header-meta":"default","header-above-stick-meta":"","header-main-stick-meta":"","header-below-stick-meta":"","astra-migrate-meta-layouts":"set","ast-page-background-enabled":"default","ast-page-background-meta":{"desktop":{"background-color":"","background-image":"","background-repeat":"repeat","background-position":"center center","background-size":"auto","background-attachment":"scroll","background-type":"","background-media":"","overlay-type":"","overlay-color":"","overlay-opacity":"","overlay-gradient":""},"tablet":{"background-color":"","background-image":"","background-repeat":"repeat","background-position":"center center","background-size":"auto","background-attachment":"scroll","background-type":"","background-media":"","overlay-type":"","overlay-color":"","overlay-opacity":"","overlay-gradient":""},"mobile":{"background-color":"","background-image":"","background-repeat":"repeat","background-position":"center center","background-size":"auto","background-attachment":"scroll","background-type":"","background-media":"","overlay-type":"","overlay-color":"","overlay-opacity":"","overlay-gradient":""}},"ast-content-background-meta":{"desktop":{"background-color":"var(--ast-global-color-5)","background-image":"","background-repeat":"repeat","background-position":"center center","background-size":"auto","background-attachment":"scroll","background-type":"","background-media":"","overlay-type":"","overlay-color":"","overlay-opacity":"","overlay-gradient":""},"tablet":{"background-color":"var(--ast-global-color-5)","background-image":"","background-repeat":"repeat","background-position":"center center","background-size":"auto","background-attachment":"scroll","background-type":"","background-media":"","overlay-type":"","overlay-color":"","overlay-opacity":"","overlay-gradient":""},"mobile":{"background-color":"var(--ast-global-color-5)","background-image":"","background-repeat":"repeat","background-position":"center center","background-size":"auto","background-attachment":"scroll","background-type":"","background-media":"","overlay-type":"","overlay-color":"","overlay-opacity":"","overlay-gradient":""}}},"product_brand":[30],"product_cat":[40,84,77,34,15],"product_tag":[],"class_list":{"0":"post-2022","1":"product","2":"type-product","3":"status-publish","4":"has-post-thumbnail","6":"product_brand-jnr","7":"product_cat-jnr-18k","8":"product_cat-puff-18k","9":"product_cat-entrepot-de-lue","10":"product_cat-puff-jnr","11":"product_cat-magasin-cigarette-electronique","12":"desktop-align-center","13":"tablet-align-center","14":"mobile-align-center","15":"ast-product-gallery-layout-horizontal","16":"ast-product-gallery-with-no-image","17":"ast-product-single-variable","18":"ast-product-tabs-layout-horizontal","19":"ast-qv-on-image","21":"first","22":"instock","23":"sale","24":"shipping-taxable","25":"purchasable","26":"product-type-variable","27":"has-default-attributes"},"tiered_pricing_type":"fixed","tiered_pricing_fixed_rules":{"30":10.08,"60":9.28,"100":8.13,"200":7.48,"500":7.28,"1000":6.98},"tiered_pricing_product_settings":{"layout":"default","base_unit_name":{"singular":null,"plural":null},"default_variation":null},"tiered_pricing_minimum_quantity":null,"tiered_pricing_roles_data":[],"tiered_pricing_percentage_rules":[],"_links":{"self":[{"href":"https:\/\/puffvapestore.com\/pl\/wp-json\/wp\/v2\/product\/2022","targetHints":{"allow":["GET"]}}],"collection":[{"href":"https:\/\/puffvapestore.com\/pl\/wp-json\/wp\/v2\/product"}],"about":[{"href":"https:\/\/puffvapestore.com\/pl\/wp-json\/wp\/v2\/types\/product"}],"replies":[{"embeddable":true,"href":"https:\/\/puffvapestore.com\/pl\/wp-json\/wp\/v2\/comments?post=2022"}],"version-history":[{"count":23,"href":"https:\/\/puffvapestore.com\/pl\/wp-json\/wp\/v2\/product\/2022\/revisions"}],"predecessor-version":[{"id":13620,"href":"https:\/\/puffvapestore.com\/pl\/wp-json\/wp\/v2\/product\/2022\/revisions\/13620"}],"wp:featuredmedia":[{"embeddable":true,"href":"https:\/\/puffvapestore.com\/pl\/wp-json\/wp\/v2\/media\/1962"}],"wp:attachment":[{"href":"https:\/\/puffvapestore.com\/pl\/wp-json\/wp\/v2\/media?parent=2022"}],"wp:term":[{"taxonomy":"product_brand","embeddable":true,"href":"https:\/\/puffvapestore.com\/pl\/wp-json\/wp\/v2\/product_brand?post=2022"},{"taxonomy":"product_cat","embeddable":true,"href":"https:\/\/puffvapestore.com\/pl\/wp-json\/wp\/v2\/product_cat?post=2022"},{"taxonomy":"product_tag","embeddable":true,"href":"https:\/\/puffvapestore.com\/pl\/wp-json\/wp\/v2\/product_tag?post=2022"}],"curies":[{"name":"wp","href":"https:\/\/api.w.org\/{rel}","templated":true}]}}