{"id":2008,"date":"2025-04-12T01:23:52","date_gmt":"2025-04-12T01:23:52","guid":{"rendered":"https:\/\/puffvapestore.com\/?post_type=product&#038;p=2008"},"modified":"2026-01-19T10:37:34","modified_gmt":"2026-01-19T10:37:34","slug":"puff-jnr-falcon-18000-strawberry-watermelon-ice","status":"publish","type":"product","link":"https:\/\/puffvapestore.com\/pl\/product\/puff-jnr-falcon-18000-truskawka-arbuz-lod\/","title":{"rendered":"Puff JNR Falcon 18000 Strawberry Watermelon Ice | JNR Falcon X 18K"},"content":{"rendered":"<div data-elementor-type=\"wp-post\" data-elementor-id=\"2008\" class=\"elementor elementor-2008\">\n\t\t\t\t<div class=\"elementor-element elementor-element-802ad32 e-flex e-con-boxed e-con e-parent\" data-id=\"802ad32\" data-element_type=\"container\" data-e-type=\"container\">\n\t\t\t\t\t<div class=\"e-con-inner\">\n\t\t<div class=\"elementor-element elementor-element-04ce208 e-con-full e-flex e-con e-child\" data-id=\"04ce208\" data-element_type=\"container\" data-e-type=\"container\">\n\t\t\t\t<div class=\"elementor-element elementor-element-5182eba elementor-widget elementor-widget-text-editor\" data-id=\"5182eba\" data-element_type=\"widget\" data-e-type=\"widget\" data-widget_type=\"text-editor.default\">\n\t\t\t\t<div class=\"elementor-widget-container\">\n\t\t\t\t\t\t\t\t\t<h2>Charakterystyka JNR Falcon 18K Strawberry Watermelon Ice:<\/h2><p>Puffy : Do 18 000 zaci\u0105gni\u0119\u0107<br \/>P\u0142yn: 24 ml<br \/>Poziomy nikotyny: 0 %, 2 %, 5 %<br \/>Op\u00f3r: 0,6 oma<br \/>Pojemno\u015b\u0107 baterii: 950 mAh<br \/>\u0141adowanie: Typ-C<br \/>Regulowany przep\u0142yw powietrza: Tak<br \/>Wy\u015bwietlacz cyfrowy<br \/>Podw\u00f3jna siatka i podw\u00f3jna odporno\u015b\u0107 rdzenia<br \/>Wymiary: 53,5 x 32 x 121 mm<\/p>\t\t\t\t\t\t\t\t<\/div>\n\t\t\t\t<\/div>\n\t\t\t\t<\/div>\n\t\t<div class=\"elementor-element elementor-element-af5711f e-con-full e-flex e-con e-child\" data-id=\"af5711f\" data-element_type=\"container\" data-e-type=\"container\">\n\t\t\t\t<div class=\"elementor-element elementor-element-9ba78ac elementor-widget elementor-widget-image-gallery\" data-id=\"9ba78ac\" data-element_type=\"widget\" data-e-type=\"widget\" data-widget_type=\"image-gallery.default\">\n\t\t\t\t<div class=\"elementor-widget-container\">\n\t\t\t\t\t\t\t<div class=\"elementor-image-gallery\">\n\t\t\t<div id='gallery-1' class='gallery galleryid-2008 gallery-columns-1 gallery-size-medium_large'><figure class='gallery-item'>\n\t\t\t<div class='gallery-icon portrait'>\n\t\t\t\t<img fetchpriority=\"high\" decoding=\"async\" width=\"654\" height=\"690\" src=\"https:\/\/puffvapestore.com\/wp-content\/uploads\/2025\/04\/pvajf18000-27.jpg\" class=\"attachment-medium_large size-medium_large\" alt=\"JNR Falcon 18k Strawberry Watermelon Ice pvajf18000\" aria-describedby=\"gallery-1-1967\" srcset=\"https:\/\/puffvapestore.com\/wp-content\/uploads\/2025\/04\/pvajf18000-27.jpg 654w, https:\/\/puffvapestore.com\/wp-content\/uploads\/2025\/04\/pvajf18000-27-284x300.jpg 284w, https:\/\/puffvapestore.com\/wp-content\/uploads\/2025\/04\/pvajf18000-27-600x633.jpg 600w\" sizes=\"(max-width: 654px) 100vw, 654px\" \/>\n\t\t\t<\/div>\n\t\t\t\t<figcaption class='wp-caption-text gallery-caption' id='gallery-1-1967'>\n\t\t\t\tJNR Falcon 18k Strawberry Watermelon Ice pvajf18000\n\t\t\t\t<\/figcaption><\/figure>\n\t\t<\/div>\n\t\t<\/div>\n\t\t\t\t\t\t<\/div>\n\t\t\t\t<\/div>\n\t\t\t\t<\/div>\n\t\t\t\t\t<\/div>\n\t\t\t\t<\/div>\n\t\t<div class=\"elementor-element elementor-element-ccd38f6 e-flex e-con-boxed e-con e-parent\" data-id=\"ccd38f6\" data-element_type=\"container\" data-e-type=\"container\">\n\t\t\t\t\t<div class=\"e-con-inner\">\n\t\t\t\t<div class=\"elementor-element elementor-element-91ef3b5 elementor-widget elementor-widget-n-accordion\" data-id=\"91ef3b5\" data-element_type=\"widget\" data-e-type=\"widget\" data-settings=\"{&quot;default_state&quot;:&quot;expanded&quot;,&quot;max_items_expended&quot;:&quot;one&quot;,&quot;n_accordion_animation_duration&quot;:{&quot;unit&quot;:&quot;ms&quot;,&quot;size&quot;:400,&quot;sizes&quot;:[]}}\" data-widget_type=\"nested-accordion.default\">\n\t\t\t\t<div class=\"elementor-widget-container\">\n\t\t\t\t\t\t\t<div class=\"e-n-accordion\" aria-label=\"Akordeon. Otwieranie \u0142\u0105czy za pomoc\u0105 klawisza Enter lub spacji, zamykanie za pomoc\u0105 klawisza Escape i nawigacja za pomoc\u0105 klawiszy strza\u0142ek\">\n\t\t\t\t\t\t<details id=\"e-n-accordion-item-1530\" class=\"e-n-accordion-item\" open>\n\t\t\t\t<summary class=\"e-n-accordion-item-title\" data-accordion-index=\"1\" tabindex=\"0\" aria-expanded=\"true\" aria-controls=\"e-n-accordion-item-1530\" >\n\t\t\t\t\t<span class='e-n-accordion-item-title-header'><div class=\"e-n-accordion-item-title-text\"> Cechy i funkcje JNR Falcon X 18K Strawberry Watermelon Ice <\/div><\/span>\n\t\t\t\t\t\t\t<span class='e-n-accordion-item-title-icon'>\n\t\t\t<span class='e-opened' ><svg aria-hidden=\"true\" class=\"e-font-icon-svg e-fas-minus\" viewbox=\"0 0 448 512\" xmlns=\"http:\/\/www.w3.org\/2000\/svg\"><path d=\"M416 208H32c-17.67 0-32 14.33-32 32v32c0 17.67 14.33 32 32 32h384c17.67 0 32-14.33 32-32v-32c0-17.67-14.33-32-32-32z\"><\/path><\/svg><\/span>\n\t\t\t<span class='e-closed'><svg aria-hidden=\"true\" class=\"e-font-icon-svg e-fas-plus\" viewbox=\"0 0 448 512\" xmlns=\"http:\/\/www.w3.org\/2000\/svg\"><path d=\"M416 208H272V64c0-17.67-14.33-32-32-32h-32c-17.67 0-32 14.33-32 32v144H32c-17.67 0-32 14.33-32 32v32c0 17.67 14.33 32 32 32h144v144c0 17.67 14.33 32 32 32h32c17.67 0 32-14.33 32-32V304h144c17.67 0 32-14.33 32-32v-32c0-17.67-14.33-32-32-32z\"><\/path><\/svg><\/span>\n\t\t<\/span>\n\n\t\t\t\t\t\t<\/summary>\n\t\t\t\t<div role=\"region\" aria-labelledby=\"e-n-accordion-item-1530\" class=\"elementor-element elementor-element-d3b3f7c e-con-full e-flex e-con e-child\" data-id=\"d3b3f7c\" data-element_type=\"container\" data-e-type=\"container\">\n\t\t<div role=\"region\" aria-labelledby=\"e-n-accordion-item-1530\" class=\"elementor-element elementor-element-2373663 e-flex e-con-boxed e-con e-child\" data-id=\"2373663\" data-element_type=\"container\" data-e-type=\"container\">\n\t\t\t\t\t<div class=\"e-con-inner\">\n\t\t\t\t<div class=\"elementor-element elementor-element-95bb838 elementor-widget elementor-widget-text-editor\" data-id=\"95bb838\" data-element_type=\"widget\" data-e-type=\"widget\" data-widget_type=\"text-editor.default\">\n\t\t\t\t<div class=\"elementor-widget-container\">\n\t\t\t\t\t\t\t\t\t<h2>Akumulator o bardzo d\u0142ugiej \u017cywotno\u015bci i du\u017cej pojemno\u015bci<\/h2><p>Model JNR Falcon-X 18K jest wyposa\u017cony w akumulator litowo-jonowy o du\u017cej g\u0119sto\u015bci i pojemno\u015bci 950 mAh ze zoptymalizowanym systemem zarz\u0105dzania energi\u0105, gwarantuj\u0105cym d\u0142u\u017csz\u0105 autonomi\u0119 przy ka\u017cdym \u0142adowaniu. Nawet cz\u0119sto korzystaj\u0105cy u\u017cytkownicy mog\u0105 wygodnie u\u017cywa\u0107 go przez ca\u0142y dzie\u0144 bez konieczno\u015bci cz\u0119stego \u0142adowania. Port szybkiego \u0142adowania typu C zapewnia szybkie, niezawodne i bezpieczne \u0142adowanie.<\/p><h2>Du\u017cy zbiornik o pojemno\u015bci 24 ml<\/h2><p>Pojedynczy JNR Falcon-X 18K zapewnia do 18 000 zaci\u0105gni\u0119\u0107, czyli znacznie d\u0142u\u017cej ni\u017c konwencjonalny jednorazowy papieros elektroniczny. Niezale\u017cnie od tego, czy chodzi o codzienne u\u017cytkowanie, czy d\u0142ugie podr\u00f3\u017ce, urz\u0105dzenie to zapewnia niezmienne doznania smakowe, eliminuj\u0105c potrzeb\u0119 cz\u0119stych wymian i gwarantuj\u0105c d\u0142ugotrwa\u0142\u0105 przyjemno\u015b\u0107.<\/p><p>Zbiornik o pojemno\u015bci 24 ml pozwala na d\u0142u\u017csze u\u017cytkowanie. Jest to praktyczna zaleta dla os\u00f3b, kt\u00f3re du\u017co podr\u00f3\u017cuj\u0105 lub wol\u0105 unika\u0107 cz\u0119stego uzupe\u0142niania. Zbiornik e-liquidu o du\u017cej pojemno\u015bci zmniejsza r\u00f3wnie\u017c ryzyko suchego spalenia rezystora atomizera, gwarantuj\u0105c niezmienny smak.<\/p><h2>Kilka dawek nikotyny<\/h2><p>Model JNR Falcon-X 18K oferuje trzy dawki nikotyny: 0 %, 2 % i 5 %, zaspokajaj\u0105c r\u00f3\u017cne potrzeby zwi\u0105zane z waporyzacj\u0105, od lekkiego smaku bez nikotyny po mocne uderzenie w gard\u0142o. Niezale\u017cnie od tego, czy jeste\u015b pocz\u0105tkuj\u0105cym waperem, czy do\u015bwiadczonym u\u017cytkownikiem szukaj\u0105cym bardziej satysfakcjonuj\u0105cych wra\u017ce\u0144, znajdziesz rozwi\u0105zanie smakowe odpowiednie dla siebie.<\/p><h2>Podw\u00f3jna konstrukcja siatki + podw\u00f3jny rdze\u0144<\/h2><p>Model JNR Falcon-X 18K wykorzystuje system grzewczy z podw\u00f3jn\u0105 siatk\u0105 i dwurdzeniowym rezystorem dla bardziej r\u00f3wnomiernego ogrzewania i wyrafinowanej pary. Ta podw\u00f3jna struktura siatki podgrzewa e-ciecz r\u00f3wnomiernie i natychmiastowo, minimalizuj\u0105c miejscowe przegrzanie. Dwurdzeniowa konstrukcja zapewnia d\u0142u\u017csz\u0105 \u017cywotno\u015b\u0107 rezystora i bardziej sp\u00f3jny profil smakowy. Ciesz si\u0119 bogatym smakiem i g\u0142adk\u0105 par\u0105 przy ka\u017cdym zaci\u0105gni\u0119ciu.<\/p><p>Model JNR Falcon-X 18K wyposa\u017cony jest w niskooporowy rezystor 0,6 oma, oferuj\u0105cy idealn\u0105 r\u00f3wnowag\u0119 mi\u0119dzy smakiem a obj\u0119to\u015bci\u0105 pary. Konstrukcja o niskim oporze zapewnia wi\u0119ksz\u0105 obj\u0119to\u015b\u0107 pary i p\u0142ynniejsze zaci\u0105ganie, idealne do bezpo\u015bredniej inhalacji p\u0142uc. Pozwala ona r\u00f3wnie\u017c na regulacj\u0119 przep\u0142ywu powietrza podczas zaci\u0105gania si\u0119 metod\u0105 usta-usta, oferuj\u0105c bardziej spersonalizowane doznania.<\/p><h2>Regulowany przep\u0142yw powietrza<\/h2><p>Model JNR Falcon-X 18K jest wyposa\u017cony w regulowany system przep\u0142ywu powietrza, kt\u00f3ry pozwala u\u017cytkownikom swobodnie prze\u0142\u0105cza\u0107 si\u0119 mi\u0119dzy trybem bezpo\u015bredniej inhalacji p\u0142uc o wysokiej zawarto\u015bci opar\u00f3w a trybem ciasnego zaci\u0105gania si\u0119 z ust do ust, w zale\u017cno\u015bci od preferencji. Niezale\u017cnie od tego, czy preferujesz g\u0142adk\u0105, przewiewn\u0105 inhalacj\u0119, czy bogate, skoncentrowane uderzenie w gard\u0142o, mo\u017cesz \u0142atwo znale\u017a\u0107 najbardziej komfortowe ustawienie.<\/p><p>Zintegrowany cyfrowy wy\u015bwietlacz o wysokiej rozdzielczo\u015bci pokazuje poziom na\u0142adowania baterii i poziom e-cieczy w czasie rzeczywistym, dzi\u0119ki czemu mo\u017cna wyra\u017anie monitorowa\u0107 stan urz\u0105dzenia na pierwszy rzut oka, unikaj\u0105c nieoczekiwanych przerw w zasilaniu lub suchych oparze\u0144. Intuicyjne informacje wizualne zapewniaj\u0105 bezpieczniejsze i bardziej bezstresowe u\u017cytkowanie.<\/p><p>Model JNR Falcon-X 18K o wymiarach 53,5 \u00d7 32 \u00d7 121 mm jest wyposa\u017cony w akumulator i zbiornik o du\u017cej pojemno\u015bci, a jednocze\u015bnie oferuje wygodny uchwyt i du\u017c\u0105 przeno\u015bno\u015b\u0107. Niezale\u017cnie od tego, czy znajduje si\u0119 w kieszeni, czy w torbie, \u0142atwo wsuwa si\u0119 na miejsce i zapewnia wysokiej jako\u015bci doznania vape, gdziekolwiek jeste\u015b.<\/p><p>JNR Falcon-X 18K ma eleganck\u0105 konstrukcj\u0119 z ergonomicznymi krzywiznami. Jego powierzchnia jest odporna na zu\u017cycie i antypo\u015blizgowa, co zapewnia optymalny komfort. Minimalistyczne, wysokiej klasy kolory i staranne detale sprawiaj\u0105, \u017ce jest to co\u015b wi\u0119cej ni\u017c tylko elektroniczny papieros: to stylowy dodatek, kt\u00f3ry mo\u017cna zabra\u0107 ze sob\u0105 wsz\u0119dzie.<\/p>\t\t\t\t\t\t\t\t<\/div>\n\t\t\t\t<\/div>\n\t\t\t\t\t<\/div>\n\t\t\t\t<\/div>\n\t\t\t\t<\/div>\n\t\t\t\t\t<\/details>\n\t\t\t\t\t\t<details id=\"e-n-accordion-item-1531\" class=\"e-n-accordion-item\" >\n\t\t\t\t<summary class=\"e-n-accordion-item-title\" data-accordion-index=\"2\" tabindex=\"-1\" aria-expanded=\"false\" aria-controls=\"e-n-accordion-item-1531\" >\n\t\t\t\t\t<span class='e-n-accordion-item-title-header'><div class=\"e-n-accordion-item-title-text\"> Strawberry Watermelon Ice JNR Falcon X 18K <\/div><\/span>\n\t\t\t\t\t\t\t<span class='e-n-accordion-item-title-icon'>\n\t\t\t<span class='e-opened' ><svg aria-hidden=\"true\" class=\"e-font-icon-svg e-fas-minus\" viewbox=\"0 0 448 512\" xmlns=\"http:\/\/www.w3.org\/2000\/svg\"><path d=\"M416 208H32c-17.67 0-32 14.33-32 32v32c0 17.67 14.33 32 32 32h384c17.67 0 32-14.33 32-32v-32c0-17.67-14.33-32-32-32z\"><\/path><\/svg><\/span>\n\t\t\t<span class='e-closed'><svg aria-hidden=\"true\" class=\"e-font-icon-svg e-fas-plus\" viewbox=\"0 0 448 512\" xmlns=\"http:\/\/www.w3.org\/2000\/svg\"><path d=\"M416 208H272V64c0-17.67-14.33-32-32-32h-32c-17.67 0-32 14.33-32 32v144H32c-17.67 0-32 14.33-32 32v32c0 17.67 14.33 32 32 32h144v144c0 17.67 14.33 32 32 32h32c17.67 0 32-14.33 32-32V304h144c17.67 0 32-14.33 32-32v-32c0-17.67-14.33-32-32-32z\"><\/path><\/svg><\/span>\n\t\t<\/span>\n\n\t\t\t\t\t\t<\/summary>\n\t\t\t\t<div role=\"region\" aria-labelledby=\"e-n-accordion-item-1531\" class=\"elementor-element elementor-element-a796dfc e-con-full e-flex e-con e-child\" data-id=\"a796dfc\" data-element_type=\"container\" data-e-type=\"container\">\n\t\t<div role=\"region\" aria-labelledby=\"e-n-accordion-item-1531\" class=\"elementor-element elementor-element-0f769d2 e-flex e-con-boxed e-con e-child\" data-id=\"0f769d2\" data-element_type=\"container\" data-e-type=\"container\">\n\t\t\t\t\t<div class=\"e-con-inner\">\n\t\t\t\t<div class=\"elementor-element elementor-element-55fd5fa elementor-widget elementor-widget-text-editor\" data-id=\"55fd5fa\" data-element_type=\"widget\" data-e-type=\"widget\" data-widget_type=\"text-editor.default\">\n\t\t\t\t<div class=\"elementor-widget-container\">\n\t\t\t\t\t\t\t\t\t<p>Czekaj\u0105c na poci\u0105g przed parysk\u0105 stacj\u0105 metra, z lud\u017ami przychodz\u0105cymi i odchodz\u0105cymi wok\u00f3\u0142 mnie, zwyk\u0142em wyjmowa\u0107 mojego elektronicznego papierosa JNR Falcon 18000 z kieszeni i wybiera\u0107 m\u00f3j ulubiony smak lod\u00f3w truskawkowych i arbuzowych. Ten elektroniczny papieros naprawd\u0119 zaoszcz\u0119dzi\u0142 mi irytuj\u0105cego czasu oczekiwania.<\/p><p>Po\u0142\u0105czenie smaku lod\u00f3w truskawkowych i arbuzowych jest absolutnie niesamowite! Pierwszy powiew dymu wydobywa s\u0142odycz truskawki, nast\u0119pnie soczysto\u015b\u0107 arbuza, a na koniec pozostawia na podniebieniu nut\u0119 mi\u0119towej \u015bwie\u017co\u015bci. Stoj\u0105c przed upaln\u0105 stacj\u0105 metra, to uczucie \u015bwie\u017co\u015bci jest szczeg\u00f3lnie komfortowe.<\/p>\t\t\t\t\t\t\t\t<\/div>\n\t\t\t\t<\/div>\n\t\t<div role=\"region\" aria-labelledby=\"e-n-accordion-item-1531\" class=\"elementor-element elementor-element-942ccb0 e-con-full e-flex e-con e-child\" data-id=\"942ccb0\" data-element_type=\"container\" data-e-type=\"container\">\n\t\t<div role=\"region\" aria-labelledby=\"e-n-accordion-item-1531\" class=\"elementor-element elementor-element-d5e4b56 e-con-full e-flex e-con e-child\" data-id=\"d5e4b56\" data-element_type=\"container\" data-e-type=\"container\">\n\t\t\t\t<div class=\"elementor-element elementor-element-381dfcb elementor-widget elementor-widget-image-gallery\" data-id=\"381dfcb\" data-element_type=\"widget\" data-e-type=\"widget\" data-widget_type=\"image-gallery.default\">\n\t\t\t\t<div class=\"elementor-widget-container\">\n\t\t\t\t\t\t\t<div class=\"elementor-image-gallery\">\n\t\t\t<div id='gallery-1' class='gallery galleryid-2008 gallery-columns-1 gallery-size-medium_large'><figure class='gallery-item'>\n\t\t\t<div class='gallery-icon portrait'>\n\t\t\t\t<img fetchpriority=\"high\" decoding=\"async\" width=\"654\" height=\"690\" src=\"https:\/\/puffvapestore.com\/wp-content\/uploads\/2025\/04\/pvajf18000-27.jpg\" class=\"attachment-medium_large size-medium_large\" alt=\"JNR Falcon 18k Strawberry Watermelon Ice pvajf18000\" aria-describedby=\"gallery-1-1967\" srcset=\"https:\/\/puffvapestore.com\/wp-content\/uploads\/2025\/04\/pvajf18000-27.jpg 654w, https:\/\/puffvapestore.com\/wp-content\/uploads\/2025\/04\/pvajf18000-27-284x300.jpg 284w, https:\/\/puffvapestore.com\/wp-content\/uploads\/2025\/04\/pvajf18000-27-600x633.jpg 600w\" sizes=\"(max-width: 654px) 100vw, 654px\" \/>\n\t\t\t<\/div>\n\t\t\t\t<figcaption class='wp-caption-text gallery-caption' id='gallery-1-1967'>\n\t\t\t\tJNR Falcon 18k Strawberry Watermelon Ice pvajf18000\n\t\t\t\t<\/figcaption><\/figure>\n\t\t<\/div>\n\t\t<\/div>\n\t\t\t\t\t\t<\/div>\n\t\t\t\t<\/div>\n\t\t\t\t<\/div>\n\t\t<div role=\"region\" aria-labelledby=\"e-n-accordion-item-1531\" class=\"elementor-element elementor-element-577deeb e-con-full e-flex e-con e-child\" data-id=\"577deeb\" data-element_type=\"container\" data-e-type=\"container\">\n\t\t\t\t<div class=\"elementor-element elementor-element-5d167cf elementor-widget elementor-widget-text-editor\" data-id=\"5d167cf\" data-element_type=\"widget\" data-e-type=\"widget\" data-widget_type=\"text-editor.default\">\n\t\t\t\t<div class=\"elementor-widget-container\">\n\t\t\t\t\t\t\t\t\t<p>Szczerze m\u00f3wi\u0105c, pr\u00f3bowa\u0142em wielu papieros\u00f3w elektronicznych, ale technologia podw\u00f3jnej cewki siatkowej JNR naprawd\u0119 sprawia, \u017ce smak jest czystszy. Op\u00f3r 0,6 oma sprawia, \u017ce dym jest pe\u0142ny i g\u0142adki. Lubi\u0119 regulowa\u0107 system przep\u0142ywu powietrza. Czasami chc\u0119, aby dym by\u0142 g\u0119stszy, a czasami g\u0142adszy. Mo\u017ce to by\u0107 ca\u0142kowicie oparte na moich w\u0142asnych preferencjach.<\/p><p>Najlepsza jest \u017cywotno\u015b\u0107 baterii! 18 000 zaci\u0105gni\u0119\u0107 oznacza, \u017ce musz\u0119 j\u0105 wymienia\u0107 co dwa tygodnie. 24 ml e-liquidu to spora ilo\u015b\u0107, wi\u0119c nie musisz si\u0119 martwi\u0107, \u017ce si\u0119 wyczerpie. Cz\u0119sto u\u017cywam go w podr\u00f3\u017cy i nigdy nie zdarzy\u0142o mi si\u0119, by bateria wyczerpa\u0142a si\u0119 do po\u0142owy. Nawet je\u015bli bateria jest roz\u0142adowana, \u0142adowanie typu C mo\u017ce j\u0105 szybko na\u0142adowa\u0107.<\/p><p>Wy\u015bwietlacz LED jest bardzo praktyczny. Mo\u017cesz zobaczy\u0107, ile zaci\u0105gni\u0119\u0107 i ile pozosta\u0142o baterii, bez konieczno\u015bci zgadywania. Osobi\u015bcie uwa\u017cam, \u017ce st\u0119\u017cenie nikotyny w 2% jest w sam raz, zapewniaj\u0105c silne uczucie satysfakcji, ale nie za mocne.<\/p>\t\t\t\t\t\t\t\t<\/div>\n\t\t\t\t<\/div>\n\t\t\t\t<\/div>\n\t\t\t\t<\/div>\n\t\t<div role=\"region\" aria-labelledby=\"e-n-accordion-item-1531\" class=\"elementor-element elementor-element-7926c6b e-con-full e-flex e-con e-child\" data-id=\"7926c6b\" data-element_type=\"container\" data-e-type=\"container\">\n\t\t\t\t<div class=\"elementor-element elementor-element-2b41948 elementor-widget elementor-widget-text-editor\" data-id=\"2b41948\" data-element_type=\"widget\" data-e-type=\"widget\" data-widget_type=\"text-editor.default\">\n\t\t\t\t<div class=\"elementor-widget-container\">\n\t\t\t\t\t\t\t\t\t<p>Rozmiar tego e-papierosa jest idealny, bardzo wygodnie trzyma si\u0119 go w d\u0142oni, a jego wygl\u0105d jest r\u00f3wnie\u017c bardzo modny. Korzystanie z niego w kawiarni lub podczas oczekiwania na metro jest naturalne i nie rzuca si\u0119 w oczy.<\/p><p>Je\u015bli r\u00f3wnie\u017c lubisz owocowe smaki i masz ochot\u0119 na orze\u017awiaj\u0105ce doznania, lody truskawkowe i arbuzowe s\u0105 zdecydowanie warte wypr\u00f3bowania. Zw\u0142aszcza latem to ratunek. Jako\u015b\u0107 tytoniu JNR Falcon 18000 i ten smak to idealne po\u0142\u0105czenie, kt\u00f3re sprawia, \u017ce ka\u017cde palenie jest przyjemne.<\/p>\t\t\t\t\t\t\t\t<\/div>\n\t\t\t\t<\/div>\n\t\t\t\t<\/div>\n\t\t\t\t\t<\/div>\n\t\t\t\t<\/div>\n\t\t\t\t<\/div>\n\t\t\t\t\t<\/details>\n\t\t\t\t\t<\/div>\n\t\t\t\t\t\t<\/div>\n\t\t\t\t<\/div>\n\t\t\t\t\t<\/div>\n\t\t\t\t<\/div>\n\t\t\t\t<\/div>","protected":false},"excerpt":{"rendered":"<p>Caract\u00e9ristiques du JNR Falcon 18K Strawberry Watermelon Ice: Bouff\u00e9es : Jusqu\u2019\u00e0 18000 bouff\u00e9es Liquide : 24 ml Taux de nicotine : 0 %, 2 %, 5 % R\u00e9sistance : 0.6 ohm Capacit\u00e9 de la batterie : 950 mAh Chargement : Type-C D\u00e9bit d\u2019air r\u00e9glable : Oui Affichage num\u00e9rique R\u00e9sistance double maille et double c\u0153ur Dimensions [&hellip;]<\/p>\n","protected":false},"featured_media":1967,"comment_status":"open","ping_status":"closed","template":"","meta":{"site-sidebar-layout":"no-sidebar","site-content-layout":"page-builder","ast-site-content-layout":"normal-width-container","site-content-style":"default","site-sidebar-style":"default","ast-global-header-display":"","ast-banner-title-visibility":"","ast-main-header-display":"","ast-hfb-above-header-display":"","ast-hfb-below-header-display":"","ast-hfb-mobile-header-display":"","site-post-title":"disabled","ast-breadcrumbs-content":"","ast-featured-img":"disabled","footer-sml-layout":"","ast-disable-related-posts":"","theme-transparent-header-meta":"default","adv-header-id-meta":"","stick-header-meta":"default","header-above-stick-meta":"","header-main-stick-meta":"","header-below-stick-meta":"","astra-migrate-meta-layouts":"set","ast-page-background-enabled":"default","ast-page-background-meta":{"desktop":{"background-color":"","background-image":"","background-repeat":"repeat","background-position":"center center","background-size":"auto","background-attachment":"scroll","background-type":"","background-media":"","overlay-type":"","overlay-color":"","overlay-opacity":"","overlay-gradient":""},"tablet":{"background-color":"","background-image":"","background-repeat":"repeat","background-position":"center center","background-size":"auto","background-attachment":"scroll","background-type":"","background-media":"","overlay-type":"","overlay-color":"","overlay-opacity":"","overlay-gradient":""},"mobile":{"background-color":"","background-image":"","background-repeat":"repeat","background-position":"center center","background-size":"auto","background-attachment":"scroll","background-type":"","background-media":"","overlay-type":"","overlay-color":"","overlay-opacity":"","overlay-gradient":""}},"ast-content-background-meta":{"desktop":{"background-color":"var(--ast-global-color-5)","background-image":"","background-repeat":"repeat","background-position":"center center","background-size":"auto","background-attachment":"scroll","background-type":"","background-media":"","overlay-type":"","overlay-color":"","overlay-opacity":"","overlay-gradient":""},"tablet":{"background-color":"var(--ast-global-color-5)","background-image":"","background-repeat":"repeat","background-position":"center center","background-size":"auto","background-attachment":"scroll","background-type":"","background-media":"","overlay-type":"","overlay-color":"","overlay-opacity":"","overlay-gradient":""},"mobile":{"background-color":"var(--ast-global-color-5)","background-image":"","background-repeat":"repeat","background-position":"center center","background-size":"auto","background-attachment":"scroll","background-type":"","background-media":"","overlay-type":"","overlay-color":"","overlay-opacity":"","overlay-gradient":""}}},"product_brand":[30],"product_cat":[40,84,77,34,35,31,15],"product_tag":[],"class_list":{"0":"post-2008","1":"product","2":"type-product","3":"status-publish","4":"has-post-thumbnail","6":"product_brand-jnr","7":"product_cat-jnr-18k","8":"product_cat-puff-18k","9":"product_cat-entrepot-de-lue","10":"product_cat-puff-jnr","11":"product_cat-jnr-vape","12":"product_cat-jnr-falcon","13":"product_cat-magasin-cigarette-electronique","14":"desktop-align-center","15":"tablet-align-center","16":"mobile-align-center","17":"ast-product-gallery-layout-horizontal","18":"ast-product-gallery-with-no-image","19":"ast-product-single-variable","20":"ast-product-tabs-layout-horizontal","21":"ast-qv-on-image","23":"first","24":"instock","25":"sale","26":"shipping-taxable","27":"purchasable","28":"product-type-variable","29":"has-default-attributes"},"tiered_pricing_type":"fixed","tiered_pricing_fixed_rules":{"30":10.08,"60":9.28,"100":8.13,"200":7.48,"500":7.28,"1000":6.98},"tiered_pricing_product_settings":{"layout":"default","base_unit_name":{"singular":null,"plural":null},"default_variation":null},"tiered_pricing_minimum_quantity":null,"tiered_pricing_roles_data":[],"tiered_pricing_percentage_rules":[],"_links":{"self":[{"href":"https:\/\/puffvapestore.com\/pl\/wp-json\/wp\/v2\/product\/2008","targetHints":{"allow":["GET"]}}],"collection":[{"href":"https:\/\/puffvapestore.com\/pl\/wp-json\/wp\/v2\/product"}],"about":[{"href":"https:\/\/puffvapestore.com\/pl\/wp-json\/wp\/v2\/types\/product"}],"replies":[{"embeddable":true,"href":"https:\/\/puffvapestore.com\/pl\/wp-json\/wp\/v2\/comments?post=2008"}],"version-history":[{"count":22,"href":"https:\/\/puffvapestore.com\/pl\/wp-json\/wp\/v2\/product\/2008\/revisions"}],"predecessor-version":[{"id":13622,"href":"https:\/\/puffvapestore.com\/pl\/wp-json\/wp\/v2\/product\/2008\/revisions\/13622"}],"wp:featuredmedia":[{"embeddable":true,"href":"https:\/\/puffvapestore.com\/pl\/wp-json\/wp\/v2\/media\/1967"}],"wp:attachment":[{"href":"https:\/\/puffvapestore.com\/pl\/wp-json\/wp\/v2\/media?parent=2008"}],"wp:term":[{"taxonomy":"product_brand","embeddable":true,"href":"https:\/\/puffvapestore.com\/pl\/wp-json\/wp\/v2\/product_brand?post=2008"},{"taxonomy":"product_cat","embeddable":true,"href":"https:\/\/puffvapestore.com\/pl\/wp-json\/wp\/v2\/product_cat?post=2008"},{"taxonomy":"product_tag","embeddable":true,"href":"https:\/\/puffvapestore.com\/pl\/wp-json\/wp\/v2\/product_tag?post=2008"}],"curies":[{"name":"wp","href":"https:\/\/api.w.org\/{rel}","templated":true}]}}