{"id":1847,"date":"2025-03-29T08:35:50","date_gmt":"2025-03-29T08:35:50","guid":{"rendered":"https:\/\/puffvapestore.com\/?post_type=product&#038;p=1847"},"modified":"2026-04-20T11:03:34","modified_gmt":"2026-04-20T11:03:34","slug":"jnr-falcon-16000-strawberry-banana","status":"publish","type":"product","link":"https:\/\/puffvapestore.com\/pl\/product\/jnr-falcon-16000-banan-truskawkowy\/","title":{"rendered":"JNR Falcon 16000 Truskawkowo-bananowy"},"content":{"rendered":"<div data-elementor-type=\"wp-post\" data-elementor-id=\"1847\" class=\"elementor elementor-1847\">\n\t\t\t\t<div class=\"elementor-element elementor-element-824a998 e-flex e-con-boxed e-con e-parent\" data-id=\"824a998\" data-element_type=\"container\" data-e-type=\"container\">\n\t\t\t\t\t<div class=\"e-con-inner\">\n\t\t\t\t<div class=\"elementor-element elementor-element-55fd5fa elementor-widget elementor-widget-text-editor\" data-id=\"55fd5fa\" data-element_type=\"widget\" data-e-type=\"widget\" data-widget_type=\"text-editor.default\">\n\t\t\t\t<div class=\"elementor-widget-container\">\n\t\t\t\t\t\t\t\t\t<h2>JNR Falcon 16000 Banan truskawkowy<\/h2><p>We Francji gastronomia jest sztuk\u0105, a \u015bwiat vape nie jest wyj\u0105tkiem. Je\u015bli jeste\u015b entuzjast\u0105 elektronicznych papieros\u00f3w, kt\u00f3ry wie, jak cieszy\u0107 si\u0119 \u017cyciem, <strong>JNR Falcon 16000 Truskawkowo-bananowy<\/strong> z pewno\u015bci\u0105 stanie si\u0119 Twoim ulubionym. To nie tylko elektroniczny papieros, to tak\u017ce uczta dla kubk\u00f3w smakowych, doskonale \u0142\u0105cz\u0105ca s\u0142odycz dojrza\u0142ych truskawek z delikatno\u015bci\u0105 banan\u00f3w. Ka\u017cde zaci\u0105gni\u0119cie si\u0119 dymem jest jak wykwintny deser na ulicach Pary\u017ca, kt\u00f3remu nie mo\u017cna si\u0119 oprze\u0107.<\/p>\t\t\t\t\t\t\t\t<\/div>\n\t\t\t\t<\/div>\n\t\t\t\t\t<\/div>\n\t\t\t\t<\/div>\n\t\t<div class=\"elementor-element elementor-element-942ccb0 e-flex e-con-boxed e-con e-parent\" data-id=\"942ccb0\" data-element_type=\"container\" data-e-type=\"container\">\n\t\t\t\t\t<div class=\"e-con-inner\">\n\t\t<div class=\"elementor-element elementor-element-577deeb e-con-full e-flex e-con e-child\" data-id=\"577deeb\" data-element_type=\"container\" data-e-type=\"container\">\n\t\t\t\t<div class=\"elementor-element elementor-element-5d167cf elementor-widget elementor-widget-text-editor\" data-id=\"5d167cf\" data-element_type=\"widget\" data-e-type=\"widget\" data-widget_type=\"text-editor.default\">\n\t\t\t\t<div class=\"elementor-widget-container\">\n\t\t\t\t\t\t\t\t\t<h2>Szczeg\u00f3\u0142y JNR Falcon 16000 Strawberry Banana<\/h2><p>Puffy : Do 16 000 zaci\u0105gni\u0119\u0107<br \/>P\u0142yn: 22 ml<br \/>Poziomy nikotyny: 0 %, 2 %, 5 %<br \/>Op\u00f3r: 1,0 ohm<br \/>Pojemno\u015b\u0107 baterii: 850 mAh<br \/>\u0141adowanie: Typ-C<br \/>Podw\u00f3jna siatka i podw\u00f3jna odporno\u015b\u0107 rdzenia<br \/>Wymiary: 53,5 x 32 x 110 mm<\/p>\t\t\t\t\t\t\t\t<\/div>\n\t\t\t\t<\/div>\n\t\t\t\t<\/div>\n\t\t<div class=\"elementor-element elementor-element-d5e4b56 e-con-full e-flex e-con e-child\" data-id=\"d5e4b56\" data-element_type=\"container\" data-e-type=\"container\">\n\t\t\t\t<div class=\"elementor-element elementor-element-381dfcb elementor-widget elementor-widget-image-gallery\" data-id=\"381dfcb\" data-element_type=\"widget\" data-e-type=\"widget\" data-widget_type=\"image-gallery.default\">\n\t\t\t\t<div class=\"elementor-widget-container\">\n\t\t\t\t\t\t\t<div class=\"elementor-image-gallery\">\n\t\t\t<div id='gallery-1' class='gallery galleryid-1847 gallery-columns-1 gallery-size-medium_large'><figure class='gallery-item'>\n\t\t\t<div class='gallery-icon portrait'>\n\t\t\t\t<img fetchpriority=\"high\" decoding=\"async\" width=\"654\" height=\"690\" src=\"https:\/\/puffvapestore.com\/wp-content\/uploads\/2025\/03\/pvajf16000-11.jpg\" class=\"attachment-medium_large size-medium_large\" alt=\"JNR Falcon 16K Strawberry Banana\" aria-describedby=\"gallery-1-1558\" srcset=\"https:\/\/puffvapestore.com\/wp-content\/uploads\/2025\/03\/pvajf16000-11.jpg 654w, https:\/\/puffvapestore.com\/wp-content\/uploads\/2025\/03\/pvajf16000-11-284x300.jpg 284w, https:\/\/puffvapestore.com\/wp-content\/uploads\/2025\/03\/pvajf16000-11-600x633.jpg 600w\" sizes=\"(max-width: 654px) 100vw, 654px\" \/>\n\t\t\t<\/div>\n\t\t\t\t<figcaption class='wp-caption-text gallery-caption' id='gallery-1-1558'>\n\t\t\t\tJNR Falcon 16K Strawberry Banana\n\t\t\t\t<\/figcaption><\/figure>\n\t\t<\/div>\n\t\t<\/div>\n\t\t\t\t\t\t<\/div>\n\t\t\t\t<\/div>\n\t\t\t\t<\/div>\n\t\t\t\t\t<\/div>\n\t\t\t\t<\/div>\n\t\t<div class=\"elementor-element elementor-element-7926c6b e-flex e-con-boxed e-con e-parent\" data-id=\"7926c6b\" data-element_type=\"container\" data-e-type=\"container\">\n\t\t\t\t\t<div class=\"e-con-inner\">\n\t\t\t\t<div class=\"elementor-element elementor-element-2b41948 elementor-widget elementor-widget-text-editor\" data-id=\"2b41948\" data-element_type=\"widget\" data-e-type=\"widget\" data-widget_type=\"text-editor.default\">\n\t\t\t\t<div class=\"elementor-widget-container\">\n\t\t\t\t\t\t\t\t\t<h2>Strawberry Banana: francuski deser w bran\u017cy papieros\u00f3w elektronicznych<\/h2><p>Francuzi maj\u0105 bezkompromisowe podej\u015bcie do smaku, a JNR Falcon 16000 Strawberry Banana idealnie do tego pasuje.<\/p><ul><li><strong>\u015awie\u017cy, owocowy aromat truskawek<\/strong> Jakby dopiero co zerwane z prowansalskiego sadu, pulchne i soczyste, z nut\u0105 kwasowo\u015bci, pozostawiaj\u0105ce nieko\u0144cz\u0105cy si\u0119 posmak.<\/li><li><strong>Aksamitna s\u0142odycz banan\u00f3w<\/strong> Podobnie jak domowy bananowy koktajl mleczny w paryskiej kawiarni, jest g\u0142adki, s\u0142odki i ma delikatny, \u0142agodny smak.<\/li><li><strong>Idealne po\u0142\u0105czenie<\/strong> S\u0142odycz truskawek i ciep\u0142o banan\u00f3w \u0142\u0105cz\u0105 si\u0119, tworz\u0105c smak, kt\u00f3ry jest zar\u00f3wno orze\u017awiaj\u0105cy, jak i pob\u0142a\u017cliwy. Ka\u017cde zaci\u0105gni\u0119cie si\u0119 dymem jest jak podr\u00f3\u017c smakosza po starannie przygotowanym deserze.<\/li><\/ul><p>Je\u015bli uwielbiasz delikatno\u015b\u0107 francuskich makaronik\u00f3w, kochasz czysto\u015b\u0107 \u015bwie\u017cych owoc\u00f3w i t\u0119sknisz za satysfakcj\u0105 z jedwabistych koktajli mlecznych, to <strong>JNR Falcon 16000 Banan truskawkowy<\/strong> jest z pewno\u015bci\u0105 najlepszym wyborem.<\/p><p>Francuzi wiedz\u0105, jak cieszy\u0107 si\u0119 \u017cyciem, a <strong>JNR Falcon 16000 Banan truskawkowy<\/strong> to prawdziwy rarytas w \u015bwiecie waporyzacji. Niezale\u017cnie od tego, czy delektujesz si\u0119 nim przy porannej fili\u017cance kawy, czy relaksuj\u0105cym zaci\u0105gni\u0119ciu si\u0119 podczas spaceru wzd\u0142u\u017c Sekwany, mo\u017ce on doda\u0107 odrobin\u0119 s\u0142odkiej przyjemno\u015bci do Twojego codziennego \u017cycia.<\/p>\t\t\t\t\t\t\t\t<\/div>\n\t\t\t\t<\/div>\n\t\t\t\t\t<\/div>\n\t\t\t\t<\/div>\n\t\t\t\t<\/div>","protected":false},"excerpt":{"rendered":"<p>JNR Falcon 16000 Fraise Banane En France, la gastronomie est un art, et le monde de la vape ne fait pas exception. Si vous \u00eates un passionn\u00e9 de cigarette \u00e9lectronique qui sait profiter de la vie, JNR Falcon 16000 Strawberry Banana sera certainement votre pr\u00e9f\u00e9r\u00e9. Ce n&rsquo;est pas seulement une cigarette \u00e9lectronique, c&rsquo;est aussi un [&hellip;]<\/p>\n","protected":false},"featured_media":1558,"comment_status":"open","ping_status":"closed","template":"","meta":{"site-sidebar-layout":"no-sidebar","site-content-layout":"page-builder","ast-site-content-layout":"normal-width-container","site-content-style":"default","site-sidebar-style":"default","ast-global-header-display":"","ast-banner-title-visibility":"","ast-main-header-display":"","ast-hfb-above-header-display":"","ast-hfb-below-header-display":"","ast-hfb-mobile-header-display":"","site-post-title":"disabled","ast-breadcrumbs-content":"","ast-featured-img":"disabled","footer-sml-layout":"","ast-disable-related-posts":"","theme-transparent-header-meta":"default","adv-header-id-meta":"","stick-header-meta":"default","header-above-stick-meta":"","header-main-stick-meta":"","header-below-stick-meta":"","astra-migrate-meta-layouts":"set","ast-page-background-enabled":"default","ast-page-background-meta":{"desktop":{"background-color":"","background-image":"","background-repeat":"repeat","background-position":"center center","background-size":"auto","background-attachment":"scroll","background-type":"","background-media":"","overlay-type":"","overlay-color":"","overlay-opacity":"","overlay-gradient":""},"tablet":{"background-color":"","background-image":"","background-repeat":"repeat","background-position":"center center","background-size":"auto","background-attachment":"scroll","background-type":"","background-media":"","overlay-type":"","overlay-color":"","overlay-opacity":"","overlay-gradient":""},"mobile":{"background-color":"","background-image":"","background-repeat":"repeat","background-position":"center center","background-size":"auto","background-attachment":"scroll","background-type":"","background-media":"","overlay-type":"","overlay-color":"","overlay-opacity":"","overlay-gradient":""}},"ast-content-background-meta":{"desktop":{"background-color":"var(--ast-global-color-5)","background-image":"","background-repeat":"repeat","background-position":"center center","background-size":"auto","background-attachment":"scroll","background-type":"","background-media":"","overlay-type":"","overlay-color":"","overlay-opacity":"","overlay-gradient":""},"tablet":{"background-color":"var(--ast-global-color-5)","background-image":"","background-repeat":"repeat","background-position":"center center","background-size":"auto","background-attachment":"scroll","background-type":"","background-media":"","overlay-type":"","overlay-color":"","overlay-opacity":"","overlay-gradient":""},"mobile":{"background-color":"var(--ast-global-color-5)","background-image":"","background-repeat":"repeat","background-position":"center center","background-size":"auto","background-attachment":"scroll","background-type":"","background-media":"","overlay-type":"","overlay-color":"","overlay-opacity":"","overlay-gradient":""}}},"product_brand":[30],"product_cat":[15,81,77,36],"product_tag":[],"class_list":{"0":"post-1847","1":"product","2":"type-product","3":"status-publish","4":"has-post-thumbnail","6":"product_brand-jnr","7":"product_cat-magasin-cigarette-electronique","8":"product_cat-puff-16k","9":"product_cat-entrepot-de-lue","10":"product_cat-jnr-16k","11":"desktop-align-center","12":"tablet-align-center","13":"mobile-align-center","14":"ast-product-gallery-layout-horizontal","15":"ast-product-gallery-with-no-image","16":"ast-product-single-variable","17":"ast-product-tabs-layout-horizontal","18":"ast-qv-on-image","20":"first","21":"instock","22":"sale","23":"shipping-taxable","24":"purchasable","25":"product-type-variable","26":"has-default-attributes"},"tiered_pricing_type":"fixed","tiered_pricing_fixed_rules":{"30":9.88,"60":9.26,"100":8.06,"200":7.38,"500":6.98,"1000":6.8},"tiered_pricing_product_settings":{"layout":"default","base_unit_name":{"singular":null,"plural":null},"default_variation":null},"tiered_pricing_minimum_quantity":null,"tiered_pricing_roles_data":[],"tiered_pricing_percentage_rules":[],"_links":{"self":[{"href":"https:\/\/puffvapestore.com\/pl\/wp-json\/wp\/v2\/product\/1847","targetHints":{"allow":["GET"]}}],"collection":[{"href":"https:\/\/puffvapestore.com\/pl\/wp-json\/wp\/v2\/product"}],"about":[{"href":"https:\/\/puffvapestore.com\/pl\/wp-json\/wp\/v2\/types\/product"}],"replies":[{"embeddable":true,"href":"https:\/\/puffvapestore.com\/pl\/wp-json\/wp\/v2\/comments?post=1847"}],"version-history":[{"count":16,"href":"https:\/\/puffvapestore.com\/pl\/wp-json\/wp\/v2\/product\/1847\/revisions"}],"predecessor-version":[{"id":17685,"href":"https:\/\/puffvapestore.com\/pl\/wp-json\/wp\/v2\/product\/1847\/revisions\/17685"}],"wp:featuredmedia":[{"embeddable":true,"href":"https:\/\/puffvapestore.com\/pl\/wp-json\/wp\/v2\/media\/1558"}],"wp:attachment":[{"href":"https:\/\/puffvapestore.com\/pl\/wp-json\/wp\/v2\/media?parent=1847"}],"wp:term":[{"taxonomy":"product_brand","embeddable":true,"href":"https:\/\/puffvapestore.com\/pl\/wp-json\/wp\/v2\/product_brand?post=1847"},{"taxonomy":"product_cat","embeddable":true,"href":"https:\/\/puffvapestore.com\/pl\/wp-json\/wp\/v2\/product_cat?post=1847"},{"taxonomy":"product_tag","embeddable":true,"href":"https:\/\/puffvapestore.com\/pl\/wp-json\/wp\/v2\/product_tag?post=1847"}],"curies":[{"name":"wp","href":"https:\/\/api.w.org\/{rel}","templated":true}]}}