{"id":1840,"date":"2025-03-28T13:25:09","date_gmt":"2025-03-28T13:25:09","guid":{"rendered":"https:\/\/puffvapestore.com\/?post_type=product&#038;p=1840"},"modified":"2026-04-20T11:03:41","modified_gmt":"2026-04-20T11:03:41","slug":"puff-jnr-falcon-16000-watermelon-bubblegum","status":"publish","type":"product","link":"https:\/\/puffvapestore.com\/pl\/product\/puff-jnr-falcon-16000-arbuz-guma-balonowa\/","title":{"rendered":"Puff JNR Falcon 16000 Watermelon Bubblegum"},"content":{"rendered":"<div data-elementor-type=\"wp-post\" data-elementor-id=\"1840\" class=\"elementor elementor-1840\">\n\t\t\t\t<div class=\"elementor-element elementor-element-824a998 e-flex e-con-boxed e-con e-parent\" data-id=\"824a998\" data-element_type=\"container\" data-e-type=\"container\">\n\t\t\t\t\t<div class=\"e-con-inner\">\n\t\t\t\t<div class=\"elementor-element elementor-element-55fd5fa elementor-widget elementor-widget-text-editor\" data-id=\"55fd5fa\" data-element_type=\"widget\" data-e-type=\"widget\" data-widget_type=\"text-editor.default\">\n\t\t\t\t<div class=\"elementor-widget-container\">\n\t\t\t\t\t\t\t\t\t<h2>Puff JNR Falcon 16000 Watermelon Bubblegum<\/h2><p>We Francji elektroniczny papieros to nie tylko alternatywa dla rzucenia palenia, ale tak\u017ce styl, postawa i przygoda smakowa. Odwied\u017a <strong>Smak Watermelon Bubblegum od JNR Falcon 16000<\/strong> jest idealnym przyk\u0142adem tej przygody. To nie tylko elektroniczny papieros, to podr\u00f3\u017c w czasie smaku. Zaci\u0105gni\u0119cie si\u0119 dymem przenosi w czasy beztroskiego dzieci\u0144stwa, a zaci\u0105gni\u0119cie si\u0119 dymem pogr\u0105\u017ca w s\u0142odkich wspomnieniach letnich popo\u0142udni.<\/p>\t\t\t\t\t\t\t\t<\/div>\n\t\t\t\t<\/div>\n\t\t\t\t\t<\/div>\n\t\t\t\t<\/div>\n\t\t<div class=\"elementor-element elementor-element-942ccb0 e-flex e-con-boxed e-con e-parent\" data-id=\"942ccb0\" data-element_type=\"container\" data-e-type=\"container\">\n\t\t\t\t\t<div class=\"e-con-inner\">\n\t\t<div class=\"elementor-element elementor-element-577deeb e-con-full e-flex e-con e-child\" data-id=\"577deeb\" data-element_type=\"container\" data-e-type=\"container\">\n\t\t\t\t<div class=\"elementor-element elementor-element-5d167cf elementor-widget elementor-widget-text-editor\" data-id=\"5d167cf\" data-element_type=\"widget\" data-e-type=\"widget\" data-widget_type=\"text-editor.default\">\n\t\t\t\t<div class=\"elementor-widget-container\">\n\t\t\t\t\t\t\t\t\t<h2>Szczeg\u00f3\u0142y JNR Falcon 16000 Watermelon Bubblegum<\/h2><p>Puffy : Do 16 000 zaci\u0105gni\u0119\u0107<br \/>P\u0142yn: 22 ml<br \/>Poziomy nikotyny: 0 %, 2 %, 5 %<br \/>Op\u00f3r: 1,0 ohm<br \/>Pojemno\u015b\u0107 baterii: 850 mAh<br \/>\u0141adowanie: Typ-C<br \/>Podw\u00f3jna siatka i podw\u00f3jna odporno\u015b\u0107 rdzenia<br \/>Wymiary: 53,5 x 32 x 110 mm<\/p>\t\t\t\t\t\t\t\t<\/div>\n\t\t\t\t<\/div>\n\t\t\t\t<\/div>\n\t\t<div class=\"elementor-element elementor-element-d5e4b56 e-con-full e-flex e-con e-child\" data-id=\"d5e4b56\" data-element_type=\"container\" data-e-type=\"container\">\n\t\t\t\t<div class=\"elementor-element elementor-element-381dfcb elementor-widget elementor-widget-image-gallery\" data-id=\"381dfcb\" data-element_type=\"widget\" data-e-type=\"widget\" data-widget_type=\"image-gallery.default\">\n\t\t\t\t<div class=\"elementor-widget-container\">\n\t\t\t\t\t\t\t<div class=\"elementor-image-gallery\">\n\t\t\t<div id='gallery-1' class='gallery galleryid-1840 gallery-columns-1 gallery-size-medium_large'><figure class='gallery-item'>\n\t\t\t<div class='gallery-icon portrait'>\n\t\t\t\t<img fetchpriority=\"high\" decoding=\"async\" width=\"654\" height=\"690\" src=\"https:\/\/puffvapestore.com\/wp-content\/uploads\/2025\/03\/pvajf16000-4.jpg\" class=\"attachment-medium_large size-medium_large\" alt=\"JNR Falcon 16K Watermelon Bubblegum\" aria-describedby=\"gallery-1-1551\" srcset=\"https:\/\/puffvapestore.com\/wp-content\/uploads\/2025\/03\/pvajf16000-4.jpg 654w, https:\/\/puffvapestore.com\/wp-content\/uploads\/2025\/03\/pvajf16000-4-284x300.jpg 284w, https:\/\/puffvapestore.com\/wp-content\/uploads\/2025\/03\/pvajf16000-4-600x633.jpg 600w\" sizes=\"(max-width: 654px) 100vw, 654px\" \/>\n\t\t\t<\/div>\n\t\t\t\t<figcaption class='wp-caption-text gallery-caption' id='gallery-1-1551'>\n\t\t\t\tJNR Falcon 16K Watermelon Bubblegum\n\t\t\t\t<\/figcaption><\/figure>\n\t\t<\/div>\n\t\t<\/div>\n\t\t\t\t\t\t<\/div>\n\t\t\t\t<\/div>\n\t\t\t\t<\/div>\n\t\t\t\t\t<\/div>\n\t\t\t\t<\/div>\n\t\t<div class=\"elementor-element elementor-element-7926c6b e-flex e-con-boxed e-con e-parent\" data-id=\"7926c6b\" data-element_type=\"container\" data-e-type=\"container\">\n\t\t\t\t\t<div class=\"e-con-inner\">\n\t\t\t\t<div class=\"elementor-element elementor-element-2b41948 elementor-widget elementor-widget-text-editor\" data-id=\"2b41948\" data-element_type=\"widget\" data-e-type=\"widget\" data-widget_type=\"text-editor.default\">\n\t\t\t\t<div class=\"elementor-widget-container\">\n\t\t\t\t\t\t\t\t\t<h2>Gdy orze\u017awiaj\u0105cy smak arbuza spotyka si\u0119 ze s\u0142odycz\u0105 gumy balonowej<\/h2><p>Wyobra\u017a sobie siebie w promieniach s\u0142o\u0144ca na po\u0142udniu Francji, trzymaj\u0105cego w d\u0142oniach kawa\u0142ek soczystego, \u015bwie\u017co pokrojonego arbuza, kt\u00f3rego s\u0142odki aromat wype\u0142nia powietrze. A ten arbuzowy smak gumy do \u017cucia jest jak zamkni\u0119cie tej letniej \u015bwie\u017co\u015bci w ka\u017cdym zaci\u0105gni\u0119ciu si\u0119 dymem.<\/p><p><strong>Gdy tylko we\u017amiesz pierwszego bucha, poczujesz orze\u017awiaj\u0105cy smak soku arbuzowego.<\/strong><br \/>R\u00f3wnowaga mi\u0119dzy kwasowo\u015bci\u0105 i s\u0142odycz\u0105 jest idealna, podobnie jak arbuz \u015bwie\u017co wyj\u0119ty z lod\u00f3wki, z subteln\u0105 soczysto\u015bci\u0105, kt\u00f3ra natychmiast orze\u017awia.<\/p><p><strong>Potem powoli pojawi\u0142a si\u0119 s\u0142odycz gumy do \u017cucia<\/strong><br \/>Czy pami\u0119tasz rado\u015b\u0107 z \u017cucia gumy w dzieci\u0144stwie? Zwiewna s\u0142odycz utrzymuje si\u0119 w ustach przez d\u0142ugi czas, daj\u0105c uczucie pe\u0142nej satysfakcji. Ten e-papieros doskonale odtwarza to uczucie, sprawiaj\u0105c, \u017ce chce si\u0119 zaci\u0105ga\u0107 kolejnym zaci\u0105gni\u0119ciem.<\/p><p><strong>Wreszcie, posmak arbuza i gumy do \u017cucia przeplata si\u0119 ze sob\u0105.<\/strong><br \/>Nie jest ani zbyt s\u0142odki, ani zbyt szybki, pozostawiaj\u0105c trwa\u0142\u0105 s\u0142odycz, dzi\u0119ki czemu ka\u017cdy wydychany dym jest uczt\u0105 dla kubk\u00f3w smakowych.<\/p><h3>Francuska filozofia elektronicznego papierosa: wykwintne doznania smakowe<\/h3><p>Francuzi przywi\u0105zuj\u0105 du\u017c\u0105 wag\u0119 do jedzenia, smaku i rytua\u0142\u00f3w \u017cycia. Odwied\u017a <strong>Smak JNR Falcon 16000 Arbuz Bubblegum<\/strong> zosta\u0142 zaprojektowany z my\u015bl\u0105 o tego rodzaju wykwintno\u015bci. To nie tylko elektroniczny papieros, to \u00abrado\u015b\u0107 \u017cycia\u00bb.<\/p><p>W Pary\u017cu - spaceruj\u0105c wzd\u0142u\u017c Sekwany, delektuj si\u0119 tym e-papierosem ze wspomnieniami z dzieci\u0144stwa i poczuj s\u0142odk\u0105 mieszank\u0119 romantyzmu i smaku miasta.<\/p><p>Na po\u0142udniu Francji - Gdy zachodzi s\u0142o\u0144ce, ze szklank\u0105 mro\u017conej lemoniady w d\u0142oni i powiewem <strong>Puff JNR Falcon 16000 Watermelon Bubblegum<\/strong> sprawiaj\u0105, \u017ce smak lata jest pe\u0142niejszy.<\/p><p>Carnival - Czy pami\u0119tasz uczucie \u017cucia gumy w weso\u0142ym miasteczku jako dziecko, czekaj\u0105c z niecierpliwo\u015bci\u0105, a\u017c wielkie ko\u0142o p\u00f3jdzie w g\u00f3r\u0119? Ten elektroniczny papieros mo\u017ce natychmiast przenie\u015b\u0107 Ci\u0119 z powrotem do tych beztroskich chwil.<\/p>\t\t\t\t\t\t\t\t<\/div>\n\t\t\t\t<\/div>\n\t\t\t\t\t<\/div>\n\t\t\t\t<\/div>\n\t\t\t\t<\/div>","protected":false},"excerpt":{"rendered":"<p>Puff JNR Falcon 16000 Past\u00e8que Bubblegum En France, la cigarette \u00e9lectronique n\u2019est pas seulement une alternative au sevrage tabagique, mais aussi un style, une attitude et une aventure gustative. La saveur Watermelon Bubblegum du JNR Falcon 16000 est l&rsquo;exemple parfait de cette aventure. Ce n\u2019est pas seulement une cigarette \u00e9lectronique, mais aussi un voyage dans [&hellip;]<\/p>\n","protected":false},"featured_media":1551,"comment_status":"open","ping_status":"closed","template":"","meta":{"site-sidebar-layout":"no-sidebar","site-content-layout":"page-builder","ast-site-content-layout":"normal-width-container","site-content-style":"default","site-sidebar-style":"default","ast-global-header-display":"","ast-banner-title-visibility":"","ast-main-header-display":"","ast-hfb-above-header-display":"","ast-hfb-below-header-display":"","ast-hfb-mobile-header-display":"","site-post-title":"disabled","ast-breadcrumbs-content":"","ast-featured-img":"disabled","footer-sml-layout":"","ast-disable-related-posts":"","theme-transparent-header-meta":"default","adv-header-id-meta":"","stick-header-meta":"default","header-above-stick-meta":"","header-main-stick-meta":"","header-below-stick-meta":"","astra-migrate-meta-layouts":"set","ast-page-background-enabled":"default","ast-page-background-meta":{"desktop":{"background-color":"","background-image":"","background-repeat":"repeat","background-position":"center center","background-size":"auto","background-attachment":"scroll","background-type":"","background-media":"","overlay-type":"","overlay-color":"","overlay-opacity":"","overlay-gradient":""},"tablet":{"background-color":"","background-image":"","background-repeat":"repeat","background-position":"center center","background-size":"auto","background-attachment":"scroll","background-type":"","background-media":"","overlay-type":"","overlay-color":"","overlay-opacity":"","overlay-gradient":""},"mobile":{"background-color":"","background-image":"","background-repeat":"repeat","background-position":"center center","background-size":"auto","background-attachment":"scroll","background-type":"","background-media":"","overlay-type":"","overlay-color":"","overlay-opacity":"","overlay-gradient":""}},"ast-content-background-meta":{"desktop":{"background-color":"var(--ast-global-color-5)","background-image":"","background-repeat":"repeat","background-position":"center center","background-size":"auto","background-attachment":"scroll","background-type":"","background-media":"","overlay-type":"","overlay-color":"","overlay-opacity":"","overlay-gradient":""},"tablet":{"background-color":"var(--ast-global-color-5)","background-image":"","background-repeat":"repeat","background-position":"center center","background-size":"auto","background-attachment":"scroll","background-type":"","background-media":"","overlay-type":"","overlay-color":"","overlay-opacity":"","overlay-gradient":""},"mobile":{"background-color":"var(--ast-global-color-5)","background-image":"","background-repeat":"repeat","background-position":"center center","background-size":"auto","background-attachment":"scroll","background-type":"","background-media":"","overlay-type":"","overlay-color":"","overlay-opacity":"","overlay-gradient":""}}},"product_brand":[30],"product_cat":[15,81,77,36],"product_tag":[],"class_list":{"0":"post-1840","1":"product","2":"type-product","3":"status-publish","4":"has-post-thumbnail","6":"product_brand-jnr","7":"product_cat-magasin-cigarette-electronique","8":"product_cat-puff-16k","9":"product_cat-entrepot-de-lue","10":"product_cat-jnr-16k","11":"desktop-align-center","12":"tablet-align-center","13":"mobile-align-center","14":"ast-product-gallery-layout-horizontal","15":"ast-product-gallery-with-no-image","16":"ast-product-single-variable","17":"ast-product-tabs-layout-horizontal","18":"ast-qv-on-image","20":"first","21":"instock","22":"sale","23":"shipping-taxable","24":"purchasable","25":"product-type-variable","26":"has-default-attributes"},"tiered_pricing_type":"fixed","tiered_pricing_fixed_rules":{"30":9.88,"60":9.26,"100":8.06,"200":7.38,"500":6.98,"1000":6.8},"tiered_pricing_product_settings":{"layout":"default","base_unit_name":{"singular":null,"plural":null},"default_variation":null},"tiered_pricing_minimum_quantity":null,"tiered_pricing_roles_data":[],"tiered_pricing_percentage_rules":[],"_links":{"self":[{"href":"https:\/\/puffvapestore.com\/pl\/wp-json\/wp\/v2\/product\/1840","targetHints":{"allow":["GET"]}}],"collection":[{"href":"https:\/\/puffvapestore.com\/pl\/wp-json\/wp\/v2\/product"}],"about":[{"href":"https:\/\/puffvapestore.com\/pl\/wp-json\/wp\/v2\/types\/product"}],"replies":[{"embeddable":true,"href":"https:\/\/puffvapestore.com\/pl\/wp-json\/wp\/v2\/comments?post=1840"}],"version-history":[{"count":16,"href":"https:\/\/puffvapestore.com\/pl\/wp-json\/wp\/v2\/product\/1840\/revisions"}],"predecessor-version":[{"id":17689,"href":"https:\/\/puffvapestore.com\/pl\/wp-json\/wp\/v2\/product\/1840\/revisions\/17689"}],"wp:featuredmedia":[{"embeddable":true,"href":"https:\/\/puffvapestore.com\/pl\/wp-json\/wp\/v2\/media\/1551"}],"wp:attachment":[{"href":"https:\/\/puffvapestore.com\/pl\/wp-json\/wp\/v2\/media?parent=1840"}],"wp:term":[{"taxonomy":"product_brand","embeddable":true,"href":"https:\/\/puffvapestore.com\/pl\/wp-json\/wp\/v2\/product_brand?post=1840"},{"taxonomy":"product_cat","embeddable":true,"href":"https:\/\/puffvapestore.com\/pl\/wp-json\/wp\/v2\/product_cat?post=1840"},{"taxonomy":"product_tag","embeddable":true,"href":"https:\/\/puffvapestore.com\/pl\/wp-json\/wp\/v2\/product_tag?post=1840"}],"curies":[{"name":"wp","href":"https:\/\/api.w.org\/{rel}","templated":true}]}}