{"id":1826,"date":"2025-03-26T07:03:09","date_gmt":"2025-03-26T07:03:09","guid":{"rendered":"https:\/\/puffvapestore.com\/?post_type=product&#038;p=1826"},"modified":"2026-04-20T11:06:31","modified_gmt":"2026-04-20T11:06:31","slug":"jnr-falcon-16000-strawberry-ice","status":"publish","type":"product","link":"https:\/\/puffvapestore.com\/pl\/product\/jnr-falcon-16000-lod-truskawkowy\/","title":{"rendered":"JNR Falcon 16000 L\u00f3d truskawkowy"},"content":{"rendered":"<div data-elementor-type=\"wp-post\" data-elementor-id=\"1826\" class=\"elementor elementor-1826\">\n\t\t\t\t<div class=\"elementor-element elementor-element-824a998 e-flex e-con-boxed e-con e-parent\" data-id=\"824a998\" data-element_type=\"container\" data-e-type=\"container\">\n\t\t\t\t\t<div class=\"e-con-inner\">\n\t\t\t\t<div class=\"elementor-element elementor-element-55fd5fa elementor-widget elementor-widget-text-editor\" data-id=\"55fd5fa\" data-element_type=\"widget\" data-e-type=\"widget\" data-widget_type=\"text-editor.default\">\n\t\t\t\t<div class=\"elementor-widget-container\">\n\t\t\t\t\t\t\t\t\t<h2>JNR Falcon 16000 Lody truskawkowe<\/h2><p>Wyobra\u017a sobie, \u017ce siedzisz w gor\u0105ce letnie popo\u0142udnie nad Sekwan\u0105 w Pary\u017cu, trzymaj\u0105c w d\u0142oni \u015bwie\u017co zrobione truskawkowe mojito, wieje bryza, a powietrze wype\u0142nia s\u0142odki owocowy aromat. To jest w\u0142a\u015bnie do\u015bwiadczenie oferowane przez <strong>JNR Falcon 16000 - Strawberry Ice<\/strong>. Kiedy wdychasz dym, czujesz si\u0119 jak w pijackim francuskim letnim \u015bnie.<\/p>\t\t\t\t\t\t\t\t<\/div>\n\t\t\t\t<\/div>\n\t\t\t\t\t<\/div>\n\t\t\t\t<\/div>\n\t\t<div class=\"elementor-element elementor-element-942ccb0 e-flex e-con-boxed e-con e-parent\" data-id=\"942ccb0\" data-element_type=\"container\" data-e-type=\"container\">\n\t\t\t\t\t<div class=\"e-con-inner\">\n\t\t<div class=\"elementor-element elementor-element-577deeb e-con-full e-flex e-con e-child\" data-id=\"577deeb\" data-element_type=\"container\" data-e-type=\"container\">\n\t\t\t\t<div class=\"elementor-element elementor-element-5d167cf elementor-widget elementor-widget-text-editor\" data-id=\"5d167cf\" data-element_type=\"widget\" data-e-type=\"widget\" data-widget_type=\"text-editor.default\">\n\t\t\t\t<div class=\"elementor-widget-container\">\n\t\t\t\t\t\t\t\t\t<h2>Szczeg\u00f3\u0142y JNR Falcon 16000 Strawberry Ice<\/h2><p>Puffy : Do 16 000 zaci\u0105gni\u0119\u0107<br \/>P\u0142yn: 22 ml<br \/>Poziomy nikotyny: 0 %, 2 %, 5 %<br \/>Op\u00f3r: 1,0 ohm<br \/>Pojemno\u015b\u0107 baterii: 850 mAh<br \/>\u0141adowanie: Typ-C<br \/>Podw\u00f3jna siatka i podw\u00f3jna odporno\u015b\u0107 rdzenia<br \/>Wymiary: 53,5 x 32 x 110 mm<\/p>\t\t\t\t\t\t\t\t<\/div>\n\t\t\t\t<\/div>\n\t\t\t\t<\/div>\n\t\t<div class=\"elementor-element elementor-element-d5e4b56 e-con-full e-flex e-con e-child\" data-id=\"d5e4b56\" data-element_type=\"container\" data-e-type=\"container\">\n\t\t\t\t<div class=\"elementor-element elementor-element-381dfcb elementor-widget elementor-widget-image-gallery\" data-id=\"381dfcb\" data-element_type=\"widget\" data-e-type=\"widget\" data-widget_type=\"image-gallery.default\">\n\t\t\t\t<div class=\"elementor-widget-container\">\n\t\t\t\t\t\t\t<div class=\"elementor-image-gallery\">\n\t\t\t<div id='gallery-1' class='gallery galleryid-1826 gallery-columns-1 gallery-size-medium_large'><figure class='gallery-item'>\n\t\t\t<div class='gallery-icon portrait'>\n\t\t\t\t<img fetchpriority=\"high\" decoding=\"async\" width=\"654\" height=\"690\" src=\"https:\/\/puffvapestore.com\/wp-content\/uploads\/2025\/03\/pvajf16000-14.jpg\" class=\"attachment-medium_large size-medium_large\" alt=\"JNR Falcon 16K Strawberry Ice\" aria-describedby=\"gallery-1-1561\" srcset=\"https:\/\/puffvapestore.com\/wp-content\/uploads\/2025\/03\/pvajf16000-14.jpg 654w, https:\/\/puffvapestore.com\/wp-content\/uploads\/2025\/03\/pvajf16000-14-284x300.jpg 284w, https:\/\/puffvapestore.com\/wp-content\/uploads\/2025\/03\/pvajf16000-14-600x633.jpg 600w\" sizes=\"(max-width: 654px) 100vw, 654px\" \/>\n\t\t\t<\/div>\n\t\t\t\t<figcaption class='wp-caption-text gallery-caption' id='gallery-1-1561'>\n\t\t\t\tJNR Falcon 16K Strawberry Ice\n\t\t\t\t<\/figcaption><\/figure>\n\t\t<\/div>\n\t\t<\/div>\n\t\t\t\t\t\t<\/div>\n\t\t\t\t<\/div>\n\t\t\t\t<\/div>\n\t\t\t\t\t<\/div>\n\t\t\t\t<\/div>\n\t\t<div class=\"elementor-element elementor-element-7926c6b e-flex e-con-boxed e-con e-parent\" data-id=\"7926c6b\" data-element_type=\"container\" data-e-type=\"container\">\n\t\t\t\t\t<div class=\"e-con-inner\">\n\t\t\t\t<div class=\"elementor-element elementor-element-2b41948 elementor-widget elementor-widget-text-editor\" data-id=\"2b41948\" data-element_type=\"widget\" data-e-type=\"widget\" data-widget_type=\"text-editor.default\">\n\t\t\t\t<div class=\"elementor-widget-container\">\n\t\t\t\t\t\t\t\t\t<h2>Dlaczego lody truskawkowe? Poniewa\u017c Francuzi wiedz\u0105, jak traktowa\u0107 samych siebie!<\/h2><p>Francuzi nigdy nie id\u0105 na kompromis w poszukiwaniu smaku; jedzenie, wino, perfumy... wszystko musi zwraca\u0107 uwag\u0119 na warstwowo\u015b\u0107, r\u00f3wnowag\u0119 i posmak. The <strong>Smak Strawberry Ice od JNR Falcon 16000<\/strong> jest idealnym uciele\u015bnieniem tego wyj\u0105tkowego zadania.<\/p><h3>S\u0142odycz naturalnych truskawek po\u0142\u0105czona z orze\u017awiaj\u0105cym ch\u0142odem<\/h3><p>Strawberry Ice nie ma sztucznej s\u0142odyczy syropu, ale jest jak \u015bwie\u017co zebrane truskawki, kt\u00f3re s\u0105 delikatnie rozgniatane na czubku j\u0119zyka, uwalniaj\u0105c owocowy aromat i lekk\u0105 kwaskowato\u015b\u0107. Nast\u0119pnie powoli pojawia si\u0119 uczucie \u015bwie\u017co\u015bci, jak \u0142yk sch\u0142odzonego szampana w gor\u0105cy letni dzie\u0144, sprawiaj\u0105c, \u017ce chce si\u0119 wzi\u0105\u0107 kolejnego \u0142yka.<\/p><h2>JNR Falcon 16000 - L\u00f3d truskawkowy: obowi\u0105zkowy element francuskiego lata<\/h2><p>Francuzi wci\u0105\u017c \u017cyj\u0105 jak w romantycznym filmie, a JNR Falcon 16000 - Strawberry Ice to specjalny produkt z tego filmu. To nie tylko smak elektronicznego papierosa, ale tak\u017ce wyb\u00f3r stylu \u017cycia: \u015bwie\u017cy, elegancki i niezapomniany.<\/p><p>Niezale\u017cnie od tego, czy spacerujesz ulicami Pary\u017ca, czy sp\u0119dzasz wakacje na wybrze\u017cu po\u0142udniowej Francji, powiew \u015bwie\u017cego powietrza z pewno\u015bci\u0105 umili Ci dzie\u0144. <strong>JNR Falcon 16000 L\u00f3d truskawkowy<\/strong> natychmiast zanurzy Ci\u0119 w spokojnym francuskim stylu \u017cycia.<\/p>\t\t\t\t\t\t\t\t<\/div>\n\t\t\t\t<\/div>\n\t\t\t\t\t<\/div>\n\t\t\t\t<\/div>\n\t\t\t\t<\/div>","protected":false},"excerpt":{"rendered":"<p>JNR Falcon 16000 Glace \u00e0 la fraise Imaginez qu&rsquo;un apr\u00e8s-midi d&rsquo;\u00e9t\u00e9 chaud, vous \u00eates assis au bord de la Seine \u00e0 Paris, tenant un mojito \u00e0 la fraise fra\u00eechement pr\u00e9par\u00e9 dans votre main, avec la brise qui souffle et l&rsquo;air rempli d&rsquo;un doux ar\u00f4me fruit\u00e9. C&rsquo;est l&rsquo;exp\u00e9rience offerte par le JNR Falcon 16000 \u2013 Strawberry [&hellip;]<\/p>\n","protected":false},"featured_media":1561,"comment_status":"open","ping_status":"closed","template":"","meta":{"site-sidebar-layout":"no-sidebar","site-content-layout":"page-builder","ast-site-content-layout":"normal-width-container","site-content-style":"default","site-sidebar-style":"default","ast-global-header-display":"","ast-banner-title-visibility":"","ast-main-header-display":"","ast-hfb-above-header-display":"","ast-hfb-below-header-display":"","ast-hfb-mobile-header-display":"","site-post-title":"disabled","ast-breadcrumbs-content":"","ast-featured-img":"disabled","footer-sml-layout":"","ast-disable-related-posts":"","theme-transparent-header-meta":"default","adv-header-id-meta":"","stick-header-meta":"default","header-above-stick-meta":"","header-main-stick-meta":"","header-below-stick-meta":"","astra-migrate-meta-layouts":"set","ast-page-background-enabled":"default","ast-page-background-meta":{"desktop":{"background-color":"","background-image":"","background-repeat":"repeat","background-position":"center center","background-size":"auto","background-attachment":"scroll","background-type":"","background-media":"","overlay-type":"","overlay-color":"","overlay-opacity":"","overlay-gradient":""},"tablet":{"background-color":"","background-image":"","background-repeat":"repeat","background-position":"center center","background-size":"auto","background-attachment":"scroll","background-type":"","background-media":"","overlay-type":"","overlay-color":"","overlay-opacity":"","overlay-gradient":""},"mobile":{"background-color":"","background-image":"","background-repeat":"repeat","background-position":"center center","background-size":"auto","background-attachment":"scroll","background-type":"","background-media":"","overlay-type":"","overlay-color":"","overlay-opacity":"","overlay-gradient":""}},"ast-content-background-meta":{"desktop":{"background-color":"var(--ast-global-color-5)","background-image":"","background-repeat":"repeat","background-position":"center center","background-size":"auto","background-attachment":"scroll","background-type":"","background-media":"","overlay-type":"","overlay-color":"","overlay-opacity":"","overlay-gradient":""},"tablet":{"background-color":"var(--ast-global-color-5)","background-image":"","background-repeat":"repeat","background-position":"center center","background-size":"auto","background-attachment":"scroll","background-type":"","background-media":"","overlay-type":"","overlay-color":"","overlay-opacity":"","overlay-gradient":""},"mobile":{"background-color":"var(--ast-global-color-5)","background-image":"","background-repeat":"repeat","background-position":"center center","background-size":"auto","background-attachment":"scroll","background-type":"","background-media":"","overlay-type":"","overlay-color":"","overlay-opacity":"","overlay-gradient":""}}},"product_brand":[30],"product_cat":[15,81,77,36],"product_tag":[],"class_list":{"0":"post-1826","1":"product","2":"type-product","3":"status-publish","4":"has-post-thumbnail","6":"product_brand-jnr","7":"product_cat-magasin-cigarette-electronique","8":"product_cat-puff-16k","9":"product_cat-entrepot-de-lue","10":"product_cat-jnr-16k","11":"desktop-align-center","12":"tablet-align-center","13":"mobile-align-center","14":"ast-product-gallery-layout-horizontal","15":"ast-product-gallery-with-no-image","16":"ast-product-single-variable","17":"ast-product-tabs-layout-horizontal","18":"ast-qv-on-image","20":"first","21":"instock","22":"sale","23":"shipping-taxable","24":"purchasable","25":"product-type-variable","26":"has-default-attributes"},"tiered_pricing_type":"fixed","tiered_pricing_fixed_rules":{"30":9.88,"60":9.26,"100":8.06,"200":7.38,"500":6.98,"1000":6.8},"tiered_pricing_product_settings":{"layout":"default","base_unit_name":{"singular":null,"plural":null},"default_variation":null},"tiered_pricing_minimum_quantity":null,"tiered_pricing_roles_data":[],"tiered_pricing_percentage_rules":[],"_links":{"self":[{"href":"https:\/\/puffvapestore.com\/pl\/wp-json\/wp\/v2\/product\/1826","targetHints":{"allow":["GET"]}}],"collection":[{"href":"https:\/\/puffvapestore.com\/pl\/wp-json\/wp\/v2\/product"}],"about":[{"href":"https:\/\/puffvapestore.com\/pl\/wp-json\/wp\/v2\/types\/product"}],"replies":[{"embeddable":true,"href":"https:\/\/puffvapestore.com\/pl\/wp-json\/wp\/v2\/comments?post=1826"}],"version-history":[{"count":16,"href":"https:\/\/puffvapestore.com\/pl\/wp-json\/wp\/v2\/product\/1826\/revisions"}],"predecessor-version":[{"id":17695,"href":"https:\/\/puffvapestore.com\/pl\/wp-json\/wp\/v2\/product\/1826\/revisions\/17695"}],"wp:featuredmedia":[{"embeddable":true,"href":"https:\/\/puffvapestore.com\/pl\/wp-json\/wp\/v2\/media\/1561"}],"wp:attachment":[{"href":"https:\/\/puffvapestore.com\/pl\/wp-json\/wp\/v2\/media?parent=1826"}],"wp:term":[{"taxonomy":"product_brand","embeddable":true,"href":"https:\/\/puffvapestore.com\/pl\/wp-json\/wp\/v2\/product_brand?post=1826"},{"taxonomy":"product_cat","embeddable":true,"href":"https:\/\/puffvapestore.com\/pl\/wp-json\/wp\/v2\/product_cat?post=1826"},{"taxonomy":"product_tag","embeddable":true,"href":"https:\/\/puffvapestore.com\/pl\/wp-json\/wp\/v2\/product_tag?post=1826"}],"curies":[{"name":"wp","href":"https:\/\/api.w.org\/{rel}","templated":true}]}}