{"id":1819,"date":"2025-03-26T01:55:05","date_gmt":"2025-03-26T01:55:05","guid":{"rendered":"https:\/\/puffvapestore.com\/?post_type=product&#038;p=1819"},"modified":"2026-04-20T11:06:44","modified_gmt":"2026-04-20T11:06:44","slug":"jnr-falcon-16000-cherry-berry","status":"publish","type":"product","link":"https:\/\/puffvapestore.com\/pl\/product\/jnr-falcon-16000-jagoda-wisniowa\/","title":{"rendered":"JNR Falcon 16000 Cherry Berry"},"content":{"rendered":"<div data-elementor-type=\"wp-post\" data-elementor-id=\"1819\" class=\"elementor elementor-1819\">\n\t\t\t\t<div class=\"elementor-element elementor-element-824a998 e-flex e-con-boxed e-con e-parent\" data-id=\"824a998\" data-element_type=\"container\" data-e-type=\"container\">\n\t\t\t\t\t<div class=\"e-con-inner\">\n\t\t\t\t<div class=\"elementor-element elementor-element-55fd5fa elementor-widget elementor-widget-text-editor\" data-id=\"55fd5fa\" data-element_type=\"widget\" data-e-type=\"widget\" data-widget_type=\"text-editor.default\">\n\t\t\t\t<div class=\"elementor-widget-container\">\n\t\t\t\t\t\t\t\t\t<h2>JNR Falcon 16000 Cherry Berry<\/h2><p>We Francji cieszenie si\u0119 \u017cyciem jest sztuk\u0105, a elektroniczny papieros <strong>JNR Falcon 16000 Cherry Berry<\/strong> jest uciele\u015bnieniem tej sztuki. To nie tylko elektroniczny papieros, ale podr\u00f3\u017c smakowa, wci\u0105gaj\u0105ce owocowe do\u015bwiadczenie, kt\u00f3re sprawia, \u017ce ka\u017cde zaci\u0105gni\u0119cie si\u0119 dymem przypomina uczt\u0119 francuskich deser\u00f3w.<\/p><h3>Idealne po\u0142\u0105czenie wi\u015bni i jag\u00f3d sprawia, \u017ce kubki smakowe ta\u0144cz\u0105<\/h3><p>Gdyby francuskie zami\u0142owanie do dobrego jedzenia mo\u017cna by\u0142o wydestylowa\u0107 w jednym smaku vape, by\u0142by to <strong>Cherry Berry<\/strong>. Lekka kwaskowato\u015b\u0107 wi\u015bni i s\u0142odycz jag\u00f3d mieszaj\u0105 si\u0119 ze sob\u0105 jak starannie przygotowany owocowy koktajl, z orze\u017awiaj\u0105c\u0105 stymulacj\u0105 pierwszej mi\u0142o\u015bci i utrzymuj\u0105cym si\u0119 s\u0142odkim posmakiem. Za ka\u017cdym razem, gdy wdychasz dym, jest to uczta dla zmys\u0142\u00f3w, dzi\u0119ki kt\u00f3rej czujesz si\u0119 jak w prowansalskich sadach, ze s\u0142o\u0144cem i aromatem owoc\u00f3w.<\/p>\t\t\t\t\t\t\t\t<\/div>\n\t\t\t\t<\/div>\n\t\t\t\t\t<\/div>\n\t\t\t\t<\/div>\n\t\t<div class=\"elementor-element elementor-element-942ccb0 e-flex e-con-boxed e-con e-parent\" data-id=\"942ccb0\" data-element_type=\"container\" data-e-type=\"container\">\n\t\t\t\t\t<div class=\"e-con-inner\">\n\t\t<div class=\"elementor-element elementor-element-577deeb e-con-full e-flex e-con e-child\" data-id=\"577deeb\" data-element_type=\"container\" data-e-type=\"container\">\n\t\t\t\t<div class=\"elementor-element elementor-element-5d167cf elementor-widget elementor-widget-text-editor\" data-id=\"5d167cf\" data-element_type=\"widget\" data-e-type=\"widget\" data-widget_type=\"text-editor.default\">\n\t\t\t\t<div class=\"elementor-widget-container\">\n\t\t\t\t\t\t\t\t\t<h2>Szczeg\u00f3\u0142y JNR Falcon 16000 Cherry Berry<\/h2><p>Puffy : Do 16 000 zaci\u0105gni\u0119\u0107<br \/>P\u0142yn: 22 ml<br \/>Poziomy nikotyny: 0 %, 2 %, 5 %<br \/>Op\u00f3r: 1,0 ohm<br \/>Pojemno\u015b\u0107 baterii: 850 mAh<br \/>\u0141adowanie: Typ-C<br \/>Podw\u00f3jna siatka i podw\u00f3jna odporno\u015b\u0107 rdzenia<br \/>Wymiary: 53,5 x 32 x 110 mm<\/p>\t\t\t\t\t\t\t\t<\/div>\n\t\t\t\t<\/div>\n\t\t\t\t<\/div>\n\t\t<div class=\"elementor-element elementor-element-d5e4b56 e-con-full e-flex e-con e-child\" data-id=\"d5e4b56\" data-element_type=\"container\" data-e-type=\"container\">\n\t\t\t\t<div class=\"elementor-element elementor-element-381dfcb elementor-widget elementor-widget-image-gallery\" data-id=\"381dfcb\" data-element_type=\"widget\" data-e-type=\"widget\" data-widget_type=\"image-gallery.default\">\n\t\t\t\t<div class=\"elementor-widget-container\">\n\t\t\t\t\t\t\t<div class=\"elementor-image-gallery\">\n\t\t\t<div id='gallery-1' class='gallery galleryid-1819 gallery-columns-1 gallery-size-medium_large'><figure class='gallery-item'>\n\t\t\t<div class='gallery-icon portrait'>\n\t\t\t\t<img fetchpriority=\"high\" decoding=\"async\" width=\"654\" height=\"690\" src=\"https:\/\/puffvapestore.com\/wp-content\/uploads\/2025\/03\/pvajf16000-15.jpg\" class=\"attachment-medium_large size-medium_large\" alt=\"JNR Falcon 16K Cherry Berry\" aria-describedby=\"gallery-1-1562\" srcset=\"https:\/\/puffvapestore.com\/wp-content\/uploads\/2025\/03\/pvajf16000-15.jpg 654w, https:\/\/puffvapestore.com\/wp-content\/uploads\/2025\/03\/pvajf16000-15-284x300.jpg 284w, https:\/\/puffvapestore.com\/wp-content\/uploads\/2025\/03\/pvajf16000-15-600x633.jpg 600w\" sizes=\"(max-width: 654px) 100vw, 654px\" \/>\n\t\t\t<\/div>\n\t\t\t\t<figcaption class='wp-caption-text gallery-caption' id='gallery-1-1562'>\n\t\t\t\tJNR Falcon 16K Cherry Berry\n\t\t\t\t<\/figcaption><\/figure>\n\t\t<\/div>\n\t\t<\/div>\n\t\t\t\t\t\t<\/div>\n\t\t\t\t<\/div>\n\t\t\t\t<\/div>\n\t\t\t\t\t<\/div>\n\t\t\t\t<\/div>\n\t\t<div class=\"elementor-element elementor-element-7926c6b e-flex e-con-boxed e-con e-parent\" data-id=\"7926c6b\" data-element_type=\"container\" data-e-type=\"container\">\n\t\t\t\t\t<div class=\"e-con-inner\">\n\t\t\t\t<div class=\"elementor-element elementor-element-2b41948 elementor-widget elementor-widget-text-editor\" data-id=\"2b41948\" data-element_type=\"widget\" data-e-type=\"widget\" data-widget_type=\"text-editor.default\">\n\t\t\t\t<div class=\"elementor-widget-container\">\n\t\t\t\t\t\t\t\t\t<h3>16 000 k\u0142\u0119b\u00f3w dymu towarzysz\u0105cych ka\u017cdej nocy w Pary\u017cu<\/h3><p>Pewnej nocy w Pary\u017cu, bryza wieje wzd\u0142u\u017c Sekwany, siedzisz w kawiarni na \u015bwie\u017cym powietrzu, ze znajomymi przyjaci\u00f3\u0142mi u boku i kieliszkiem czerwonego wina \u015bwie\u017co nalanego na st\u00f3\u0142. W d\u0142oni trzymasz <strong>JNR Falcon 16000 Cherry Berry<\/strong>. Zaraz po zaci\u0105gni\u0119ciu si\u0119, aromat wi\u015bni i jag\u00f3d unosi si\u0119 w ustach, jakby chcia\u0142 uczyni\u0107 noc bardziej romantyczn\u0105. D\u0142ugotrwa\u0142e do\u015bwiadczenie 16 000 zaci\u0105gni\u0119\u0107 sprawia, \u017ce nie musisz martwi\u0107 si\u0119 o wymian\u0119 urz\u0105dzenia, po prostu zanurz si\u0119 w tej podr\u00f3\u017cy francuskich smak\u00f3w.<\/p><h3>Wydajna bateria i dwa porty \u0142adowania sprawiaj\u0105, \u017ce czekanie to ju\u017c przesz\u0142o\u015b\u0107<\/h3><p>JNR Falcon 16000 Cherry Berry jest nie tylko pyszny, ale i wydajny. Bateria o du\u017cej pojemno\u015bci 850 mAh gwarantuje d\u0142ugotrwa\u0142e u\u017cytkowanie, dzi\u0119ki czemu nawet fani e-papieros\u00f3w nie musz\u0105 cz\u0119sto \u0142adowa\u0107 urz\u0105dzenia. Podw\u00f3jne porty \u0142adowania Type-C i Lightning u\u0142atwiaj\u0105 \u0142adowanie MacBooka lub iPhone'a, \u017cegnaj\u0105c si\u0119 ze zmartwieniem \u00abgdzie jest \u0142adowarka?\u00bb.\u00bb<\/p><h3>Du\u017cy dym + cewka o podw\u00f3jnych oczkach, ka\u017cde zaci\u0105gni\u0119cie to wci\u0105gaj\u0105ca przyjemno\u015b\u0107<\/h3><p>Je\u015bli lubisz g\u0142adkie palenie, JNR Falcon 16000 Cherry Berry nigdy Ci\u0119 nie zawiedzie. Technologia podw\u00f3jnej cewki siatkowej zapewnia g\u0142adszy, pe\u0142niejszy dym, a ka\u017cde zaci\u0105gni\u0119cie jest tak g\u0142adkie, jak \u0142agodne wino. Niezale\u017cnie od tego, czy idziesz ulic\u0105, cieszysz si\u0119 porannym \u015bwiat\u0142em na balkonie, czy rozmawiasz z przyjaci\u00f3\u0142mi na wieczornej imprezie, mo\u017ce by\u0107 idealnym towarzyszem w Twojej d\u0142oni.<\/p><h3>Symbol francuskiej elegancji, idealnie dopasowany do wsp\u00f3\u0142czesnego \u017cycia<\/h3><p>Francuzi nigdy nie poszli na kompromis w d\u0105\u017ceniu do estetyki i <strong>JNR Falcon 16000 Cherry Berry<\/strong> nie jest wyj\u0105tkiem. Prosty, wykwintny design, g\u0142adkie linie i wysokiej jako\u015bci tekstura, idealnie dopasowane do Twojego stylu \u017cycia. To nie tylko elektroniczny papieros, to podej\u015bcie do \u017cycia: eleganckie, wyrafinowane i wyrafinowane.<\/p>\t\t\t\t\t\t\t\t<\/div>\n\t\t\t\t<\/div>\n\t\t\t\t\t<\/div>\n\t\t\t\t<\/div>\n\t\t\t\t<\/div>","protected":false},"excerpt":{"rendered":"<p>JNR Falcon 16000 Cherry Berry En France, profiter de la vie est un art, et la cigarette \u00e9lectronique JNR Falcon 16000 Cherry Berry est l&rsquo;incarnation de cet art. Ce n\u2019est pas seulement une cigarette \u00e9lectronique, mais un voyage gustatif, une exp\u00e9rience fruit\u00e9e immersive qui fait que chaque bouff\u00e9e de fum\u00e9e ressemble \u00e0 un festin de [&hellip;]<\/p>\n","protected":false},"featured_media":1562,"comment_status":"open","ping_status":"closed","template":"","meta":{"site-sidebar-layout":"no-sidebar","site-content-layout":"page-builder","ast-site-content-layout":"normal-width-container","site-content-style":"default","site-sidebar-style":"default","ast-global-header-display":"","ast-banner-title-visibility":"","ast-main-header-display":"","ast-hfb-above-header-display":"","ast-hfb-below-header-display":"","ast-hfb-mobile-header-display":"","site-post-title":"disabled","ast-breadcrumbs-content":"","ast-featured-img":"disabled","footer-sml-layout":"","ast-disable-related-posts":"","theme-transparent-header-meta":"default","adv-header-id-meta":"","stick-header-meta":"default","header-above-stick-meta":"","header-main-stick-meta":"","header-below-stick-meta":"","astra-migrate-meta-layouts":"set","ast-page-background-enabled":"default","ast-page-background-meta":{"desktop":{"background-color":"","background-image":"","background-repeat":"repeat","background-position":"center center","background-size":"auto","background-attachment":"scroll","background-type":"","background-media":"","overlay-type":"","overlay-color":"","overlay-opacity":"","overlay-gradient":""},"tablet":{"background-color":"","background-image":"","background-repeat":"repeat","background-position":"center center","background-size":"auto","background-attachment":"scroll","background-type":"","background-media":"","overlay-type":"","overlay-color":"","overlay-opacity":"","overlay-gradient":""},"mobile":{"background-color":"","background-image":"","background-repeat":"repeat","background-position":"center center","background-size":"auto","background-attachment":"scroll","background-type":"","background-media":"","overlay-type":"","overlay-color":"","overlay-opacity":"","overlay-gradient":""}},"ast-content-background-meta":{"desktop":{"background-color":"var(--ast-global-color-5)","background-image":"","background-repeat":"repeat","background-position":"center center","background-size":"auto","background-attachment":"scroll","background-type":"","background-media":"","overlay-type":"","overlay-color":"","overlay-opacity":"","overlay-gradient":""},"tablet":{"background-color":"var(--ast-global-color-5)","background-image":"","background-repeat":"repeat","background-position":"center center","background-size":"auto","background-attachment":"scroll","background-type":"","background-media":"","overlay-type":"","overlay-color":"","overlay-opacity":"","overlay-gradient":""},"mobile":{"background-color":"var(--ast-global-color-5)","background-image":"","background-repeat":"repeat","background-position":"center center","background-size":"auto","background-attachment":"scroll","background-type":"","background-media":"","overlay-type":"","overlay-color":"","overlay-opacity":"","overlay-gradient":""}}},"product_brand":[30],"product_cat":[15,81,77,36],"product_tag":[],"class_list":{"0":"post-1819","1":"product","2":"type-product","3":"status-publish","4":"has-post-thumbnail","6":"product_brand-jnr","7":"product_cat-magasin-cigarette-electronique","8":"product_cat-puff-16k","9":"product_cat-entrepot-de-lue","10":"product_cat-jnr-16k","11":"desktop-align-center","12":"tablet-align-center","13":"mobile-align-center","14":"ast-product-gallery-layout-horizontal","15":"ast-product-gallery-with-no-image","16":"ast-product-single-variable","17":"ast-product-tabs-layout-horizontal","18":"ast-qv-on-image","20":"first","21":"instock","22":"sale","23":"shipping-taxable","24":"purchasable","25":"product-type-variable","26":"has-default-attributes"},"tiered_pricing_type":"fixed","tiered_pricing_fixed_rules":{"30":9.88,"60":9.26,"100":8.06,"200":7.38,"500":6.98,"1000":6.8},"tiered_pricing_product_settings":{"layout":"default","base_unit_name":{"singular":null,"plural":null},"default_variation":null},"tiered_pricing_minimum_quantity":null,"tiered_pricing_roles_data":[],"tiered_pricing_percentage_rules":[],"_links":{"self":[{"href":"https:\/\/puffvapestore.com\/pl\/wp-json\/wp\/v2\/product\/1819","targetHints":{"allow":["GET"]}}],"collection":[{"href":"https:\/\/puffvapestore.com\/pl\/wp-json\/wp\/v2\/product"}],"about":[{"href":"https:\/\/puffvapestore.com\/pl\/wp-json\/wp\/v2\/types\/product"}],"replies":[{"embeddable":true,"href":"https:\/\/puffvapestore.com\/pl\/wp-json\/wp\/v2\/comments?post=1819"}],"version-history":[{"count":16,"href":"https:\/\/puffvapestore.com\/pl\/wp-json\/wp\/v2\/product\/1819\/revisions"}],"predecessor-version":[{"id":17707,"href":"https:\/\/puffvapestore.com\/pl\/wp-json\/wp\/v2\/product\/1819\/revisions\/17707"}],"wp:featuredmedia":[{"embeddable":true,"href":"https:\/\/puffvapestore.com\/pl\/wp-json\/wp\/v2\/media\/1562"}],"wp:attachment":[{"href":"https:\/\/puffvapestore.com\/pl\/wp-json\/wp\/v2\/media?parent=1819"}],"wp:term":[{"taxonomy":"product_brand","embeddable":true,"href":"https:\/\/puffvapestore.com\/pl\/wp-json\/wp\/v2\/product_brand?post=1819"},{"taxonomy":"product_cat","embeddable":true,"href":"https:\/\/puffvapestore.com\/pl\/wp-json\/wp\/v2\/product_cat?post=1819"},{"taxonomy":"product_tag","embeddable":true,"href":"https:\/\/puffvapestore.com\/pl\/wp-json\/wp\/v2\/product_tag?post=1819"}],"curies":[{"name":"wp","href":"https:\/\/api.w.org\/{rel}","templated":true}]}}