{"id":1739,"date":"2025-03-24T22:00:07","date_gmt":"2025-03-24T22:00:07","guid":{"rendered":"https:\/\/puffvapestore.com\/?post_type=product&#038;p=1739"},"modified":"2026-04-20T11:07:04","modified_gmt":"2026-04-20T11:07:04","slug":"jnr-falcon-16000-hubba-bubba-strawberry","status":"publish","type":"product","link":"https:\/\/puffvapestore.com\/pl\/product\/jnr-falcon-16000-hubba-bubba-strawberry\/","title":{"rendered":"JNR Falcon 16000 Hubba Bubba Strawberry"},"content":{"rendered":"<div data-elementor-type=\"wp-post\" data-elementor-id=\"1739\" class=\"elementor elementor-1739\">\n\t\t\t\t<div class=\"elementor-element elementor-element-824a998 e-flex e-con-boxed e-con e-parent\" data-id=\"824a998\" data-element_type=\"container\" data-e-type=\"container\">\n\t\t\t\t\t<div class=\"e-con-inner\">\n\t\t\t\t<div class=\"elementor-element elementor-element-55fd5fa elementor-widget elementor-widget-text-editor\" data-id=\"55fd5fa\" data-element_type=\"widget\" data-e-type=\"widget\" data-widget_type=\"text-editor.default\">\n\t\t\t\t<div class=\"elementor-widget-container\">\n\t\t\t\t\t\t\t\t\t<h2>JNR Falcon 16000 Glebogryzarka Hubba Bubba<\/h2><p>Pami\u0119tasz te gigantyczne r\u00f3\u017cowe kulki z gumy do \u017cucia? Dmucha\u0142y ogromne ba\u0144ki, wype\u0142niaj\u0105c zapachem ca\u0142y plac zabaw. The <strong>JNR Falcon 16000 - Hubba Bubba Strawberry<\/strong> to w\u0142a\u015bnie taki produkt... ale w formie elektronicznego papierosa. Jedno zaci\u0105gni\u0119cie i jest jak bilet do s\u0142odkich wspomnie\u0144 z dzieci\u0144stwa, z soczyst\u0105 truskawk\u0105 i nut\u0105 retro odpustu.<\/p><p>Ale nie pope\u0142nij b\u0142\u0119du: pod zabawnym wygl\u0105dem zewn\u0119trznym Falcon 16K jest naprawd\u0119 wyrafinowan\u0105 maszyn\u0105. Wytrzymuje 16 000 zaci\u0105gni\u0119\u0107, czyli znacznie d\u0142u\u017cej ni\u017c jakakolwiek paczka gumy do \u017cucia.<\/p>\t\t\t\t\t\t\t\t<\/div>\n\t\t\t\t<\/div>\n\t\t\t\t\t<\/div>\n\t\t\t\t<\/div>\n\t\t<div class=\"elementor-element elementor-element-942ccb0 e-flex e-con-boxed e-con e-parent\" data-id=\"942ccb0\" data-element_type=\"container\" data-e-type=\"container\">\n\t\t\t\t\t<div class=\"e-con-inner\">\n\t\t<div class=\"elementor-element elementor-element-577deeb e-con-full e-flex e-con e-child\" data-id=\"577deeb\" data-element_type=\"container\" data-e-type=\"container\">\n\t\t\t\t<div class=\"elementor-element elementor-element-5d167cf elementor-widget elementor-widget-text-editor\" data-id=\"5d167cf\" data-element_type=\"widget\" data-e-type=\"widget\" data-widget_type=\"text-editor.default\">\n\t\t\t\t<div class=\"elementor-widget-container\">\n\t\t\t\t\t\t\t\t\t<h2>Szczeg\u00f3\u0142y JNR Falcon 16000 Hubba Bubba Strawberry<\/h2><p>Puffy : Do 16 000 zaci\u0105gni\u0119\u0107<br \/>P\u0142yn: 22 ml<br \/>Poziomy nikotyny: 0 %, 2 %, 5 %<br \/>Op\u00f3r: 1,0 ohm<br \/>Pojemno\u015b\u0107 baterii: 850 mAh<br \/>\u0141adowanie: Typ-C<br \/>Podw\u00f3jna siatka i podw\u00f3jna odporno\u015b\u0107 rdzenia<br \/>Wymiary: 53,5 x 32 x 110 mm<\/p>\t\t\t\t\t\t\t\t<\/div>\n\t\t\t\t<\/div>\n\t\t\t\t<\/div>\n\t\t<div class=\"elementor-element elementor-element-d5e4b56 e-con-full e-flex e-con e-child\" data-id=\"d5e4b56\" data-element_type=\"container\" data-e-type=\"container\">\n\t\t\t\t<div class=\"elementor-element elementor-element-381dfcb elementor-widget elementor-widget-image-gallery\" data-id=\"381dfcb\" data-element_type=\"widget\" data-e-type=\"widget\" data-widget_type=\"image-gallery.default\">\n\t\t\t\t<div class=\"elementor-widget-container\">\n\t\t\t\t\t\t\t<div class=\"elementor-image-gallery\">\n\t\t\t<div id='gallery-1' class='gallery galleryid-1739 gallery-columns-1 gallery-size-medium_large'><figure class='gallery-item'>\n\t\t\t<div class='gallery-icon portrait'>\n\t\t\t\t<img fetchpriority=\"high\" decoding=\"async\" width=\"654\" height=\"690\" src=\"https:\/\/puffvapestore.com\/wp-content\/uploads\/2025\/03\/pvajf16000-25.jpg\" class=\"attachment-medium_large size-medium_large\" alt=\"JNR Falcon 16K Hubba Bubba Strawberry\" aria-describedby=\"gallery-1-1572\" srcset=\"https:\/\/puffvapestore.com\/wp-content\/uploads\/2025\/03\/pvajf16000-25.jpg 654w, https:\/\/puffvapestore.com\/wp-content\/uploads\/2025\/03\/pvajf16000-25-284x300.jpg 284w, https:\/\/puffvapestore.com\/wp-content\/uploads\/2025\/03\/pvajf16000-25-600x633.jpg 600w\" sizes=\"(max-width: 654px) 100vw, 654px\" \/>\n\t\t\t<\/div>\n\t\t\t\t<figcaption class='wp-caption-text gallery-caption' id='gallery-1-1572'>\n\t\t\t\tJNR Falcon 16K Hubba Bubba Strawberry\n\t\t\t\t<\/figcaption><\/figure>\n\t\t<\/div>\n\t\t<\/div>\n\t\t\t\t\t\t<\/div>\n\t\t\t\t<\/div>\n\t\t\t\t<\/div>\n\t\t\t\t\t<\/div>\n\t\t\t\t<\/div>\n\t\t<div class=\"elementor-element elementor-element-7926c6b e-flex e-con-boxed e-con e-parent\" data-id=\"7926c6b\" data-element_type=\"container\" data-e-type=\"container\">\n\t\t\t\t\t<div class=\"e-con-inner\">\n\t\t\t\t<div class=\"elementor-element elementor-element-2b41948 elementor-widget elementor-widget-text-editor\" data-id=\"2b41948\" data-element_type=\"widget\" data-e-type=\"widget\" data-widget_type=\"text-editor.default\">\n\t\t\t\t<div class=\"elementor-widget-container\">\n\t\t\t\t\t\t\t\t\t<h3>Dlaczego ten smak jest tak nieodparty?<\/h3><ul><li>Super pyszne truskawki z odpowiedni\u0105 ilo\u015bci\u0105 s\u0142odyczy, przypominaj\u0105ce nasze ulubione s\u0142odycze z m\u0142odo\u015bci.<\/li><li>Odrobina nostalgii, idealna dla tych, kt\u00f3rzy lubi\u0105 s\u0142odkie, ale nie za s\u0142odkie smaki.<\/li><li>Idealna r\u00f3wnowaga s\u0142odyczy i mocy oznacza, \u017ce mo\u017cesz cieszy\u0107 si\u0119 elektronicznym papierosem, kt\u00f3ry nigdy Ci si\u0119 nie znudzi.<\/li><\/ul><h3>JNR Falcon 16000 Hubba Bubba Strawberry to urz\u0105dzenie, kt\u00f3re pasuje do smaku<\/h3><p>Poniewa\u017c dobry gust zas\u0142uguje na dobry sprz\u0119t <strong>JNR Falcon 16000 Hubba Bubba Strawberry<\/strong> nie idzie na \u017cadne kompromisy:<\/p><ul><li><strong>Akumulator 850 mAh<\/strong> - Nigdy nie zabraknie ci energii.<\/li><li><strong>22 ml e-liquidu<\/strong> - poniewa\u017c do\u015bwiadczy\u0142e\u015b frustracji zwi\u0105zanej z \u017cuciem gumy i zbyt szybkim ko\u0144czeniem gry.<\/li><li><strong>Technologia podw\u00f3jnej cewki siatkowej<\/strong> - dla ultra-precyzyjnego odwzorowania smaku i du\u017cej ilo\u015bci pary.<\/li><li><strong>Szybkie \u0142adowanie za pomoc\u0105 z\u0142\u0105czy Type-C i Lightning<\/strong> - maksymalna elastyczno\u015b\u0107 i koniec z zagubionymi kablami.<\/li><li><strong>Wykwintny kryszta\u0142owy design<\/strong> - Je\u015bli chcesz waporyzowa\u0107 w dobrym stylu, musisz robi\u0107 to prawid\u0142owo.<\/li><li><strong>Regulowany przep\u0142yw powietrza<\/strong> - To, czy wolisz ciasny, czy przewiewny przep\u0142yw, zale\u017cy od Ciebie.<\/li><\/ul><h3>Hubba Bubba Strawberry: wi\u0119cej ni\u017c smak, to do\u015bwiadczenie<\/h3><p><strong>JNR Falcon 16000 - Hubba Bubba Strawberry<\/strong> to co\u015b wi\u0119cej ni\u017c e-papieros, to chmurowa wersja madeleines Prousta. Przypomina o czasach, gdy jedynym zmartwieniem by\u0142o to, czy potrafisz wydmucha\u0107 ba\u0144k\u0119 wi\u0119ksz\u0105 ni\u017c tw\u00f3j s\u0105siad.<\/p><p>Szukasz chwili czystej s\u0142odkiej przyjemno\u015bci?<\/p>\t\t\t\t\t\t\t\t<\/div>\n\t\t\t\t<\/div>\n\t\t\t\t\t<\/div>\n\t\t\t\t<\/div>\n\t\t\t\t<\/div>","protected":false},"excerpt":{"rendered":"<p>JNR Falcon 16000 Hubba Bubba Fraise Vous vous souvenez de ces boules de chewing-gum roses g\u00e9antes ? Ils ont fait d&rsquo;\u00e9normes bulles, remplissant toute l&rsquo;aire de jeux de parfum. Le JNR Falcon 16000 \u2013 Hubba Bubba Strawberry est un tel produit\u2026 mais sous forme de cigarette \u00e9lectronique. Une seule bouff\u00e9e et c&rsquo;est comme un aller [&hellip;]<\/p>\n","protected":false},"featured_media":1572,"comment_status":"open","ping_status":"closed","template":"","meta":{"site-sidebar-layout":"no-sidebar","site-content-layout":"page-builder","ast-site-content-layout":"normal-width-container","site-content-style":"default","site-sidebar-style":"default","ast-global-header-display":"","ast-banner-title-visibility":"","ast-main-header-display":"","ast-hfb-above-header-display":"","ast-hfb-below-header-display":"","ast-hfb-mobile-header-display":"","site-post-title":"disabled","ast-breadcrumbs-content":"","ast-featured-img":"disabled","footer-sml-layout":"","ast-disable-related-posts":"","theme-transparent-header-meta":"default","adv-header-id-meta":"","stick-header-meta":"default","header-above-stick-meta":"","header-main-stick-meta":"","header-below-stick-meta":"","astra-migrate-meta-layouts":"set","ast-page-background-enabled":"default","ast-page-background-meta":{"desktop":{"background-color":"","background-image":"","background-repeat":"repeat","background-position":"center center","background-size":"auto","background-attachment":"scroll","background-type":"","background-media":"","overlay-type":"","overlay-color":"","overlay-opacity":"","overlay-gradient":""},"tablet":{"background-color":"","background-image":"","background-repeat":"repeat","background-position":"center center","background-size":"auto","background-attachment":"scroll","background-type":"","background-media":"","overlay-type":"","overlay-color":"","overlay-opacity":"","overlay-gradient":""},"mobile":{"background-color":"","background-image":"","background-repeat":"repeat","background-position":"center center","background-size":"auto","background-attachment":"scroll","background-type":"","background-media":"","overlay-type":"","overlay-color":"","overlay-opacity":"","overlay-gradient":""}},"ast-content-background-meta":{"desktop":{"background-color":"var(--ast-global-color-5)","background-image":"","background-repeat":"repeat","background-position":"center center","background-size":"auto","background-attachment":"scroll","background-type":"","background-media":"","overlay-type":"","overlay-color":"","overlay-opacity":"","overlay-gradient":""},"tablet":{"background-color":"var(--ast-global-color-5)","background-image":"","background-repeat":"repeat","background-position":"center center","background-size":"auto","background-attachment":"scroll","background-type":"","background-media":"","overlay-type":"","overlay-color":"","overlay-opacity":"","overlay-gradient":""},"mobile":{"background-color":"var(--ast-global-color-5)","background-image":"","background-repeat":"repeat","background-position":"center center","background-size":"auto","background-attachment":"scroll","background-type":"","background-media":"","overlay-type":"","overlay-color":"","overlay-opacity":"","overlay-gradient":""}}},"product_brand":[30],"product_cat":[15,81,77,34,35,36],"product_tag":[],"class_list":{"0":"post-1739","1":"product","2":"type-product","3":"status-publish","4":"has-post-thumbnail","6":"product_brand-jnr","7":"product_cat-magasin-cigarette-electronique","8":"product_cat-puff-16k","9":"product_cat-entrepot-de-lue","10":"product_cat-puff-jnr","11":"product_cat-jnr-vape","12":"product_cat-jnr-16k","13":"desktop-align-center","14":"tablet-align-center","15":"mobile-align-center","16":"ast-product-gallery-layout-horizontal","17":"ast-product-gallery-with-no-image","18":"ast-product-single-variable","19":"ast-product-tabs-layout-horizontal","20":"ast-qv-on-image","22":"first","23":"instock","24":"sale","25":"shipping-taxable","26":"purchasable","27":"product-type-variable","28":"has-default-attributes"},"tiered_pricing_type":"fixed","tiered_pricing_fixed_rules":{"30":9.88,"60":9.26,"100":8.06,"200":7.38,"500":6.98,"1000":6.8},"tiered_pricing_product_settings":{"layout":"default","base_unit_name":{"singular":null,"plural":null},"default_variation":null},"tiered_pricing_minimum_quantity":null,"tiered_pricing_roles_data":[],"tiered_pricing_percentage_rules":[],"_links":{"self":[{"href":"https:\/\/puffvapestore.com\/pl\/wp-json\/wp\/v2\/product\/1739","targetHints":{"allow":["GET"]}}],"collection":[{"href":"https:\/\/puffvapestore.com\/pl\/wp-json\/wp\/v2\/product"}],"about":[{"href":"https:\/\/puffvapestore.com\/pl\/wp-json\/wp\/v2\/types\/product"}],"replies":[{"embeddable":true,"href":"https:\/\/puffvapestore.com\/pl\/wp-json\/wp\/v2\/comments?post=1739"}],"version-history":[{"count":14,"href":"https:\/\/puffvapestore.com\/pl\/wp-json\/wp\/v2\/product\/1739\/revisions"}],"predecessor-version":[{"id":17719,"href":"https:\/\/puffvapestore.com\/pl\/wp-json\/wp\/v2\/product\/1739\/revisions\/17719"}],"wp:featuredmedia":[{"embeddable":true,"href":"https:\/\/puffvapestore.com\/pl\/wp-json\/wp\/v2\/media\/1572"}],"wp:attachment":[{"href":"https:\/\/puffvapestore.com\/pl\/wp-json\/wp\/v2\/media?parent=1739"}],"wp:term":[{"taxonomy":"product_brand","embeddable":true,"href":"https:\/\/puffvapestore.com\/pl\/wp-json\/wp\/v2\/product_brand?post=1739"},{"taxonomy":"product_cat","embeddable":true,"href":"https:\/\/puffvapestore.com\/pl\/wp-json\/wp\/v2\/product_cat?post=1739"},{"taxonomy":"product_tag","embeddable":true,"href":"https:\/\/puffvapestore.com\/pl\/wp-json\/wp\/v2\/product_tag?post=1739"}],"curies":[{"name":"wp","href":"https:\/\/api.w.org\/{rel}","templated":true}]}}