{"id":1733,"date":"2025-03-24T15:54:06","date_gmt":"2025-03-24T15:54:06","guid":{"rendered":"https:\/\/puffvapestore.com\/?post_type=product&#038;p=1733"},"modified":"2026-04-20T11:06:57","modified_gmt":"2026-04-20T11:06:57","slug":"puff-16k-jnr-falcon-16000-white-peach-razz","status":"publish","type":"product","link":"https:\/\/puffvapestore.com\/pl\/product\/puff-16k-jnr-falcon-16000-bialy-brzoskwiniowy-razz\/","title":{"rendered":"Puff 16k JNR Falcon 16000 White Peach Razz"},"content":{"rendered":"<div data-elementor-type=\"wp-post\" data-elementor-id=\"1733\" class=\"elementor elementor-1733\">\n\t\t\t\t<div class=\"elementor-element elementor-element-824a998 e-flex e-con-boxed e-con e-parent\" data-id=\"824a998\" data-element_type=\"container\" data-e-type=\"container\">\n\t\t\t\t\t<div class=\"e-con-inner\">\n\t\t\t\t<div class=\"elementor-element elementor-element-55fd5fa elementor-widget elementor-widget-text-editor\" data-id=\"55fd5fa\" data-element_type=\"widget\" data-e-type=\"widget\" data-widget_type=\"text-editor.default\">\n\t\t\t\t<div class=\"elementor-widget-container\">\n\t\t\t\t\t\t\t\t\t<h2>Puff 16k JNR Falcon 16000 White Peach Razz<\/h2><p>Gdyby White Peach Razz by\u0142 osob\u0105, by\u0142by eleganckim, zrelaksowanym pary\u017caninem, zdolnym do dyskusji na temat filozofii z kieliszkiem wina w r\u0119ku podczas zaimprowizowanej wycieczki nad Morze \u015ar\u00f3dziemne. <strong>Puff 16k JNR Falcon 16000 White Peach Razz<\/strong> to idealne po\u0142\u0105czenie s\u0142odyczy i bogactwa, z delikatno\u015bci\u0105 dojrza\u0142ej bia\u0142ej brzoskwini przeplataj\u0105cej si\u0119 z trudn\u0105 do pomini\u0119cia kwasowo\u015bci\u0105 malin.<\/p>\t\t\t\t\t\t\t\t<\/div>\n\t\t\t\t<\/div>\n\t\t\t\t\t<\/div>\n\t\t\t\t<\/div>\n\t\t<div class=\"elementor-element elementor-element-942ccb0 e-flex e-con-boxed e-con e-parent\" data-id=\"942ccb0\" data-element_type=\"container\" data-e-type=\"container\">\n\t\t\t\t\t<div class=\"e-con-inner\">\n\t\t<div class=\"elementor-element elementor-element-577deeb e-con-full e-flex e-con e-child\" data-id=\"577deeb\" data-element_type=\"container\" data-e-type=\"container\">\n\t\t\t\t<div class=\"elementor-element elementor-element-5d167cf elementor-widget elementor-widget-text-editor\" data-id=\"5d167cf\" data-element_type=\"widget\" data-e-type=\"widget\" data-widget_type=\"text-editor.default\">\n\t\t\t\t<div class=\"elementor-widget-container\">\n\t\t\t\t\t\t\t\t\t<h2>Szczeg\u00f3\u0142y JNR Falcon 16000 White Peach Razz<\/h2><p>Puffy : Do 16 000 zaci\u0105gni\u0119\u0107<br \/>P\u0142yn: 22 ml<br \/>Poziomy nikotyny: 0 %, 2 %, 5 %<br \/>Op\u00f3r: 1,0 ohm<br \/>Pojemno\u015b\u0107 baterii: 850 mAh<br \/>\u0141adowanie: Typ-C<br \/>Podw\u00f3jna siatka i podw\u00f3jna odporno\u015b\u0107 rdzenia<br \/>Wymiary: 53,5 x 32 x 110 mm<\/p>\t\t\t\t\t\t\t\t<\/div>\n\t\t\t\t<\/div>\n\t\t\t\t<\/div>\n\t\t<div class=\"elementor-element elementor-element-d5e4b56 e-con-full e-flex e-con e-child\" data-id=\"d5e4b56\" data-element_type=\"container\" data-e-type=\"container\">\n\t\t\t\t<div class=\"elementor-element elementor-element-381dfcb elementor-widget elementor-widget-image-gallery\" data-id=\"381dfcb\" data-element_type=\"widget\" data-e-type=\"widget\" data-widget_type=\"image-gallery.default\">\n\t\t\t\t<div class=\"elementor-widget-container\">\n\t\t\t\t\t\t\t<div class=\"elementor-image-gallery\">\n\t\t\t<div id='gallery-1' class='gallery galleryid-1733 gallery-columns-1 gallery-size-medium_large'><figure class='gallery-item'>\n\t\t\t<div class='gallery-icon portrait'>\n\t\t\t\t<img fetchpriority=\"high\" decoding=\"async\" width=\"654\" height=\"690\" src=\"https:\/\/puffvapestore.com\/wp-content\/uploads\/2025\/03\/pvajf16000-20.jpg\" class=\"attachment-medium_large size-medium_large\" alt=\"JNR Falcon 16K White Peach Razz\" aria-describedby=\"gallery-1-1567\" srcset=\"https:\/\/puffvapestore.com\/wp-content\/uploads\/2025\/03\/pvajf16000-20.jpg 654w, https:\/\/puffvapestore.com\/wp-content\/uploads\/2025\/03\/pvajf16000-20-284x300.jpg 284w, https:\/\/puffvapestore.com\/wp-content\/uploads\/2025\/03\/pvajf16000-20-600x633.jpg 600w\" sizes=\"(max-width: 654px) 100vw, 654px\" \/>\n\t\t\t<\/div>\n\t\t\t\t<figcaption class='wp-caption-text gallery-caption' id='gallery-1-1567'>\n\t\t\t\tJNR Falcon 16K White Peach Razz\n\t\t\t\t<\/figcaption><\/figure>\n\t\t<\/div>\n\t\t<\/div>\n\t\t\t\t\t\t<\/div>\n\t\t\t\t<\/div>\n\t\t\t\t<\/div>\n\t\t\t\t\t<\/div>\n\t\t\t\t<\/div>\n\t\t<div class=\"elementor-element elementor-element-7926c6b e-flex e-con-boxed e-con e-parent\" data-id=\"7926c6b\" data-element_type=\"container\" data-e-type=\"container\">\n\t\t\t\t\t<div class=\"e-con-inner\">\n\t\t\t\t<div class=\"elementor-element elementor-element-2b41948 elementor-widget elementor-widget-text-editor\" data-id=\"2b41948\" data-element_type=\"widget\" data-e-type=\"widget\" data-widget_type=\"text-editor.default\">\n\t\t\t\t<div class=\"elementor-widget-container\">\n\t\t\t\t\t\t\t\t\t<h3>Smak, kt\u00f3ry przyci\u0105ga wzrok<\/h3><p>Z jednej strony ta aksamitna, delikatna, niemal nostalgiczna bia\u0142a brzoskwinia przywo\u0142uje na my\u015bl s\u0142oneczne stragany prowansalskich targ\u00f3w i domowe niedzielne desery. Z drugiej strony malina jest bardziej odwa\u017cna, budz\u0105c zesp\u00f3\u0142 eksplozj\u0105 kwasowo\u015bci, jak nag\u0142y wybuch \u015bmiechu podczas uroczystej kolacji.<\/p><p>Jakie s\u0105 wyniki? To <strong>E-papieros Puff 16k JNR Falcon 16000 White Peach Razz<\/strong> nigdy Ci\u0119 nie znudzi i mo\u017ce przej\u015b\u0107 od \u0142agodnego do energicznego w mgnieniu oka, dzi\u0119ki czemu ka\u017cde zaci\u0105gni\u0119cie si\u0119 jest naprawd\u0119 przyjemn\u0105 chwil\u0105.<\/p><h3>Dlaczego Francuzi tak bardzo lubi\u0105 White Peach Raz?<\/h3><p>Poniewa\u017c tutaj lubimy, gdy nasze jedzenie jest smaczne, ale nie przesadzone. Lubimy kontrasty, subtelne po\u0142\u0105czenia i ma\u0142e zmiany, kt\u00f3re robi\u0105 du\u017c\u0105 r\u00f3\u017cnic\u0119. White Peach Raz jest jak pyszny deser z ciasta: nie za s\u0142odki, nie za md\u0142y, zawsze idealnie wywa\u017cony.<\/p><p>To <strong>E-papieros Puff 16k JNR Falcon 16000 White Peach Razz<\/strong> jest idealna do picia kawy na tarasie lub palenia podczas spaceru po pla\u017cy. Jej smak jest fascynuj\u0105cy i uzale\u017cniaj\u0105cy, nigdy si\u0119 nie znudzi.<\/p><p>Kr\u00f3tko m\u00f3wi\u0105c, je\u015bli szukasz e-papierosa z charakterem bez przesady, Puff 16k JNR Falcon 16000 White Peach Razz jest w\u0142a\u015bnie dla Ciebie.<\/p>\t\t\t\t\t\t\t\t<\/div>\n\t\t\t\t<\/div>\n\t\t\t\t\t<\/div>\n\t\t\t\t<\/div>\n\t\t\t\t<\/div>","protected":false},"excerpt":{"rendered":"<p>Puff 16k JNR Falcon 16000 Blanc P\u00eache Razz Si White Peach Razz \u00e9tait une personne, il serait un Parisien \u00e9l\u00e9gant et d\u00e9contract\u00e9, capable de discuter de philosophie avec un verre de vin \u00e0 la main tout en faisant un voyage impromptu en M\u00e9diterran\u00e9e. Puff 16k JNR Falcon 16000 White Peach Razz est le m\u00e9lange parfait [&hellip;]<\/p>\n","protected":false},"featured_media":1567,"comment_status":"open","ping_status":"closed","template":"","meta":{"site-sidebar-layout":"no-sidebar","site-content-layout":"page-builder","ast-site-content-layout":"normal-width-container","site-content-style":"default","site-sidebar-style":"default","ast-global-header-display":"","ast-banner-title-visibility":"","ast-main-header-display":"","ast-hfb-above-header-display":"","ast-hfb-below-header-display":"","ast-hfb-mobile-header-display":"","site-post-title":"disabled","ast-breadcrumbs-content":"","ast-featured-img":"disabled","footer-sml-layout":"","ast-disable-related-posts":"","theme-transparent-header-meta":"default","adv-header-id-meta":"","stick-header-meta":"default","header-above-stick-meta":"","header-main-stick-meta":"","header-below-stick-meta":"","astra-migrate-meta-layouts":"set","ast-page-background-enabled":"default","ast-page-background-meta":{"desktop":{"background-color":"","background-image":"","background-repeat":"repeat","background-position":"center center","background-size":"auto","background-attachment":"scroll","background-type":"","background-media":"","overlay-type":"","overlay-color":"","overlay-opacity":"","overlay-gradient":""},"tablet":{"background-color":"","background-image":"","background-repeat":"repeat","background-position":"center center","background-size":"auto","background-attachment":"scroll","background-type":"","background-media":"","overlay-type":"","overlay-color":"","overlay-opacity":"","overlay-gradient":""},"mobile":{"background-color":"","background-image":"","background-repeat":"repeat","background-position":"center center","background-size":"auto","background-attachment":"scroll","background-type":"","background-media":"","overlay-type":"","overlay-color":"","overlay-opacity":"","overlay-gradient":""}},"ast-content-background-meta":{"desktop":{"background-color":"var(--ast-global-color-5)","background-image":"","background-repeat":"repeat","background-position":"center center","background-size":"auto","background-attachment":"scroll","background-type":"","background-media":"","overlay-type":"","overlay-color":"","overlay-opacity":"","overlay-gradient":""},"tablet":{"background-color":"var(--ast-global-color-5)","background-image":"","background-repeat":"repeat","background-position":"center center","background-size":"auto","background-attachment":"scroll","background-type":"","background-media":"","overlay-type":"","overlay-color":"","overlay-opacity":"","overlay-gradient":""},"mobile":{"background-color":"var(--ast-global-color-5)","background-image":"","background-repeat":"repeat","background-position":"center center","background-size":"auto","background-attachment":"scroll","background-type":"","background-media":"","overlay-type":"","overlay-color":"","overlay-opacity":"","overlay-gradient":""}}},"product_brand":[30],"product_cat":[36,81,77,34,32,15],"product_tag":[],"class_list":{"0":"post-1733","1":"product","2":"type-product","3":"status-publish","4":"has-post-thumbnail","6":"product_brand-jnr","7":"product_cat-jnr-16k","8":"product_cat-puff-16k","9":"product_cat-entrepot-de-lue","10":"product_cat-puff-jnr","11":"product_cat-puff-jnr-16k","12":"product_cat-magasin-cigarette-electronique","13":"desktop-align-center","14":"tablet-align-center","15":"mobile-align-center","16":"ast-product-gallery-layout-horizontal","17":"ast-product-gallery-with-no-image","18":"ast-product-single-variable","19":"ast-product-tabs-layout-horizontal","20":"ast-qv-on-image","22":"first","23":"instock","24":"sale","25":"shipping-taxable","26":"purchasable","27":"product-type-variable","28":"has-default-attributes"},"tiered_pricing_type":"fixed","tiered_pricing_fixed_rules":{"30":9.88,"60":9.26,"100":8.06,"200":7.38,"500":6.98,"1000":6.8},"tiered_pricing_product_settings":{"layout":"default","base_unit_name":{"singular":null,"plural":null},"default_variation":null},"tiered_pricing_minimum_quantity":null,"tiered_pricing_roles_data":[],"tiered_pricing_percentage_rules":[],"_links":{"self":[{"href":"https:\/\/puffvapestore.com\/pl\/wp-json\/wp\/v2\/product\/1733","targetHints":{"allow":["GET"]}}],"collection":[{"href":"https:\/\/puffvapestore.com\/pl\/wp-json\/wp\/v2\/product"}],"about":[{"href":"https:\/\/puffvapestore.com\/pl\/wp-json\/wp\/v2\/types\/product"}],"replies":[{"embeddable":true,"href":"https:\/\/puffvapestore.com\/pl\/wp-json\/wp\/v2\/comments?post=1733"}],"version-history":[{"count":14,"href":"https:\/\/puffvapestore.com\/pl\/wp-json\/wp\/v2\/product\/1733\/revisions"}],"predecessor-version":[{"id":17715,"href":"https:\/\/puffvapestore.com\/pl\/wp-json\/wp\/v2\/product\/1733\/revisions\/17715"}],"wp:featuredmedia":[{"embeddable":true,"href":"https:\/\/puffvapestore.com\/pl\/wp-json\/wp\/v2\/media\/1567"}],"wp:attachment":[{"href":"https:\/\/puffvapestore.com\/pl\/wp-json\/wp\/v2\/media?parent=1733"}],"wp:term":[{"taxonomy":"product_brand","embeddable":true,"href":"https:\/\/puffvapestore.com\/pl\/wp-json\/wp\/v2\/product_brand?post=1733"},{"taxonomy":"product_cat","embeddable":true,"href":"https:\/\/puffvapestore.com\/pl\/wp-json\/wp\/v2\/product_cat?post=1733"},{"taxonomy":"product_tag","embeddable":true,"href":"https:\/\/puffvapestore.com\/pl\/wp-json\/wp\/v2\/product_tag?post=1733"}],"curies":[{"name":"wp","href":"https:\/\/api.w.org\/{rel}","templated":true}]}}