{"id":1728,"date":"2025-03-24T03:48:17","date_gmt":"2025-03-24T03:48:17","guid":{"rendered":"https:\/\/puffvapestore.com\/?post_type=product&#038;p=1728"},"modified":"2026-04-20T11:07:10","modified_gmt":"2026-04-20T11:07:10","slug":"puff-16k-jnr-falcon-berry-burst","status":"publish","type":"product","link":"https:\/\/puffvapestore.com\/pl\/product\/puff-16k-jnr-falcon-berry-burst\/","title":{"rendered":"Puff 16k JNR Falcon Berry Burst"},"content":{"rendered":"<div data-elementor-type=\"wp-post\" data-elementor-id=\"1728\" class=\"elementor elementor-1728\">\n\t\t\t\t<div class=\"elementor-element elementor-element-824a998 e-flex e-con-boxed e-con e-parent\" data-id=\"824a998\" data-element_type=\"container\" data-e-type=\"container\">\n\t\t\t\t\t<div class=\"e-con-inner\">\n\t\t\t\t<div class=\"elementor-element elementor-element-55fd5fa elementor-widget elementor-widget-text-editor\" data-id=\"55fd5fa\" data-element_type=\"widget\" data-e-type=\"widget\" data-widget_type=\"text-editor.default\">\n\t\t\t\t<div class=\"elementor-widget-container\">\n\t\t\t\t\t\t\t\t\t<h2>Puff 16k JNR Falcon Berry Burst<\/h2><p>We Francji smak jest sztuk\u0105, a \u015bwiat elektronicznych papieros\u00f3w r\u00f3wnie\u017c k\u0142adzie nacisk na warstwy i wyrafinowanie. <strong>JNR Falcon 16000 Berry Burst<\/strong> to elektroniczny papieros zaprojektowany z my\u015bl\u0105 o wymagaj\u0105cych kubkach smakowych - kiedy wdychasz pierwszy k\u0142\u0105b dymu, czujesz si\u0119 jak w prowansalskim sadzie, gdzie dojrza\u0142e jagody l\u015bni\u0105 w s\u0142o\u0144cu, czekaj\u0105c na s\u0142odk\u0105 eksplozj\u0119.<\/p><h3>Berry Burst: uczta dla zmys\u0142\u00f3w, podobna do francuskiego deseru.<\/h3><p>Wyobra\u017a sobie, \u017ce jest spokojne popo\u0142udnie, siedzisz na tarasie kawiarni na rogu ulicy w Pary\u017cu, a na stole w\u0142a\u015bnie podano francusk\u0105 tart\u0119 jagodow\u0105. Pierwszy powiew dymu to mieszanka s\u0142odyczy i kwa\u015bno\u015bci, z aromatem malin i je\u017cyn kwitn\u0105cych na czubku j\u0119zyka, podczas gdy jagoda dodaje odrobin\u0119 okr\u0105g\u0142o\u015bci i \u0142agodno\u015bci. Berry Burst to takie do\u015bwiadczenie - nie jest monotonne i s\u0142odkie, ale bogata symfonia owocowych smak\u00f3w, dzi\u0119ki czemu ka\u017cdy wdech Puff 16k JNR Falcon Berry Burst jest podr\u00f3\u017c\u0105 smakow\u0105.<\/p>\t\t\t\t\t\t\t\t<\/div>\n\t\t\t\t<\/div>\n\t\t\t\t\t<\/div>\n\t\t\t\t<\/div>\n\t\t<div class=\"elementor-element elementor-element-942ccb0 e-flex e-con-boxed e-con e-parent\" data-id=\"942ccb0\" data-element_type=\"container\" data-e-type=\"container\">\n\t\t\t\t\t<div class=\"e-con-inner\">\n\t\t<div class=\"elementor-element elementor-element-577deeb e-con-full e-flex e-con e-child\" data-id=\"577deeb\" data-element_type=\"container\" data-e-type=\"container\">\n\t\t\t\t<div class=\"elementor-element elementor-element-5d167cf elementor-widget elementor-widget-text-editor\" data-id=\"5d167cf\" data-element_type=\"widget\" data-e-type=\"widget\" data-widget_type=\"text-editor.default\">\n\t\t\t\t<div class=\"elementor-widget-container\">\n\t\t\t\t\t\t\t\t\t<h2>Szczeg\u00f3\u0142y JNR Falcon 16000 Berry Burst<\/h2><p>Puffy : Do 16 000 zaci\u0105gni\u0119\u0107<br \/>P\u0142yn: 22 ml<br \/>Poziomy nikotyny: 0 %, 2 %, 5 %<br \/>Op\u00f3r: 1,0 ohm<br \/>Pojemno\u015b\u0107 baterii: 850 mAh<br \/>\u0141adowanie: Typ-C<br \/>Podw\u00f3jna siatka i podw\u00f3jna odporno\u015b\u0107 rdzenia<br \/>Wymiary: 53,5 x 32 x 110 mm<\/p>\t\t\t\t\t\t\t\t<\/div>\n\t\t\t\t<\/div>\n\t\t\t\t<\/div>\n\t\t<div class=\"elementor-element elementor-element-d5e4b56 e-con-full e-flex e-con e-child\" data-id=\"d5e4b56\" data-element_type=\"container\" data-e-type=\"container\">\n\t\t\t\t<div class=\"elementor-element elementor-element-381dfcb elementor-widget elementor-widget-image-gallery\" data-id=\"381dfcb\" data-element_type=\"widget\" data-e-type=\"widget\" data-widget_type=\"image-gallery.default\">\n\t\t\t\t<div class=\"elementor-widget-container\">\n\t\t\t\t\t\t\t<div class=\"elementor-image-gallery\">\n\t\t\t<div id='gallery-1' class='gallery galleryid-1728 gallery-columns-1 gallery-size-medium_large'><figure class='gallery-item'>\n\t\t\t<div class='gallery-icon portrait'>\n\t\t\t\t<img fetchpriority=\"high\" decoding=\"async\" width=\"654\" height=\"690\" src=\"https:\/\/puffvapestore.com\/wp-content\/uploads\/2025\/03\/pvajf16000-23.jpg\" class=\"attachment-medium_large size-medium_large\" alt=\"JNR Falcon 16K Berry Burst\" aria-describedby=\"gallery-1-1570\" srcset=\"https:\/\/puffvapestore.com\/wp-content\/uploads\/2025\/03\/pvajf16000-23.jpg 654w, https:\/\/puffvapestore.com\/wp-content\/uploads\/2025\/03\/pvajf16000-23-284x300.jpg 284w, https:\/\/puffvapestore.com\/wp-content\/uploads\/2025\/03\/pvajf16000-23-600x633.jpg 600w\" sizes=\"(max-width: 654px) 100vw, 654px\" \/>\n\t\t\t<\/div>\n\t\t\t\t<figcaption class='wp-caption-text gallery-caption' id='gallery-1-1570'>\n\t\t\t\tJNR Falcon 16K Berry Burst\n\t\t\t\t<\/figcaption><\/figure>\n\t\t<\/div>\n\t\t<\/div>\n\t\t\t\t\t\t<\/div>\n\t\t\t\t<\/div>\n\t\t\t\t<\/div>\n\t\t\t\t\t<\/div>\n\t\t\t\t<\/div>\n\t\t<div class=\"elementor-element elementor-element-7926c6b e-flex e-con-boxed e-con e-parent\" data-id=\"7926c6b\" data-element_type=\"container\" data-e-type=\"container\">\n\t\t\t\t\t<div class=\"e-con-inner\">\n\t\t\t\t<div class=\"elementor-element elementor-element-2b41948 elementor-widget elementor-widget-text-editor\" data-id=\"2b41948\" data-element_type=\"widget\" data-e-type=\"widget\" data-widget_type=\"text-editor.default\">\n\t\t\t\t<div class=\"elementor-widget-container\">\n\t\t\t\t\t\t\t\t\t<h3>Dlaczego Berry Burst pasuje do francuskiego stylu \u017cycia?<\/h3><p>Francuzi zwracaj\u0105 uwag\u0119 na czysto\u015b\u0107 smaku, a tak\u017ce szukaj\u0105 wyj\u0105tkowego relaksu. Dzi\u0119ki doskona\u0142ej technologii cewki o podw\u00f3jnych oczkach, <strong>JNR Falcon 16000 Berry Burst<\/strong> precyzyjnie wychwytuje ka\u017cdy \u015blad jagodowego aromatu i zapewnia najbardziej autentyczny smak, tak jak \u015bwie\u017co zmiksowany koktajl jagodowy, g\u0142adki na podniebieniu i z d\u0142ugim posmakiem. Niezale\u017cnie od tego, czy jest to wiecz\u00f3r nad Sekwan\u0105, czy letnie popo\u0142udnie w Prowansji, mo\u017ce by\u0107 ozdob\u0105 smak\u00f3w w Twoich r\u0119kach.<\/p><h3>Elegancja i praktyczno\u015b\u0107 id\u0105 w parze - francuski kunszt w papierosach elektronicznych<\/h3><p>Kiedy m\u00f3wimy o Francji, jak mo\u017cemy nie m\u00f3wi\u0107 o designie? <strong>Puff 16k JNR Falcon Berry Burst<\/strong> posiada unikaln\u0105, r\u0119cznie wykonan\u0105 kryszta\u0142ow\u0105 pow\u0142ok\u0119, kt\u00f3ra nie tylko wygl\u0105da delikatnie, ale tak\u017ce odbija dyskretny blask w \u015bwietle s\u0142onecznym, podobnie jak starannie wyrze\u017abiony flakon perfum, kt\u00f3ry jest zar\u00f3wno nowoczesny, jak i klasyczny. Zintegrowany akumulator o pojemno\u015bci 850 mAh, w po\u0142\u0105czeniu z dwoma interfejsami Type-C i Lightning, umo\u017cliwia \u0142adowanie w dowolnym momencie i zachowanie ci\u0105g\u0142o\u015bci wra\u017ce\u0144, niezale\u017cnie od tego, czy relaksujesz si\u0119 w domu, czy spacerujesz ulic\u0105.<\/p>\t\t\t\t\t\t\t\t<\/div>\n\t\t\t\t<\/div>\n\t\t\t\t\t<\/div>\n\t\t\t\t<\/div>\n\t\t\t\t<\/div>","protected":false},"excerpt":{"rendered":"<p>Puff 16k JNR Falcon Berry Burst En France, le go\u00fbt est un art, et le monde de la cigarette \u00e9lectronique met \u00e9galement l&rsquo;accent sur les couches et le raffinement. JNR Falcon 16000 Berry Burst est une cigarette \u00e9lectronique con\u00e7ue pour les papilles exigeantes &#8211; lorsque vous inhalez la premi\u00e8re bouff\u00e9e de fum\u00e9e, vous avez l&rsquo;impression [&hellip;]<\/p>\n","protected":false},"featured_media":1570,"comment_status":"open","ping_status":"closed","template":"","meta":{"site-sidebar-layout":"no-sidebar","site-content-layout":"page-builder","ast-site-content-layout":"normal-width-container","site-content-style":"default","site-sidebar-style":"default","ast-global-header-display":"","ast-banner-title-visibility":"","ast-main-header-display":"","ast-hfb-above-header-display":"","ast-hfb-below-header-display":"","ast-hfb-mobile-header-display":"","site-post-title":"disabled","ast-breadcrumbs-content":"","ast-featured-img":"disabled","footer-sml-layout":"","ast-disable-related-posts":"","theme-transparent-header-meta":"default","adv-header-id-meta":"","stick-header-meta":"default","header-above-stick-meta":"","header-main-stick-meta":"","header-below-stick-meta":"","astra-migrate-meta-layouts":"set","ast-page-background-enabled":"default","ast-page-background-meta":{"desktop":{"background-color":"","background-image":"","background-repeat":"repeat","background-position":"center center","background-size":"auto","background-attachment":"scroll","background-type":"","background-media":"","overlay-type":"","overlay-color":"","overlay-opacity":"","overlay-gradient":""},"tablet":{"background-color":"","background-image":"","background-repeat":"repeat","background-position":"center center","background-size":"auto","background-attachment":"scroll","background-type":"","background-media":"","overlay-type":"","overlay-color":"","overlay-opacity":"","overlay-gradient":""},"mobile":{"background-color":"","background-image":"","background-repeat":"repeat","background-position":"center center","background-size":"auto","background-attachment":"scroll","background-type":"","background-media":"","overlay-type":"","overlay-color":"","overlay-opacity":"","overlay-gradient":""}},"ast-content-background-meta":{"desktop":{"background-color":"var(--ast-global-color-5)","background-image":"","background-repeat":"repeat","background-position":"center center","background-size":"auto","background-attachment":"scroll","background-type":"","background-media":"","overlay-type":"","overlay-color":"","overlay-opacity":"","overlay-gradient":""},"tablet":{"background-color":"var(--ast-global-color-5)","background-image":"","background-repeat":"repeat","background-position":"center center","background-size":"auto","background-attachment":"scroll","background-type":"","background-media":"","overlay-type":"","overlay-color":"","overlay-opacity":"","overlay-gradient":""},"mobile":{"background-color":"var(--ast-global-color-5)","background-image":"","background-repeat":"repeat","background-position":"center center","background-size":"auto","background-attachment":"scroll","background-type":"","background-media":"","overlay-type":"","overlay-color":"","overlay-opacity":"","overlay-gradient":""}}},"product_brand":[30],"product_cat":[15,81,77,35,36],"product_tag":[],"class_list":{"0":"post-1728","1":"product","2":"type-product","3":"status-publish","4":"has-post-thumbnail","6":"product_brand-jnr","7":"product_cat-magasin-cigarette-electronique","8":"product_cat-puff-16k","9":"product_cat-entrepot-de-lue","10":"product_cat-jnr-vape","11":"product_cat-jnr-16k","12":"desktop-align-center","13":"tablet-align-center","14":"mobile-align-center","15":"ast-product-gallery-layout-horizontal","16":"ast-product-gallery-with-no-image","17":"ast-product-single-variable","18":"ast-product-tabs-layout-horizontal","19":"ast-qv-on-image","21":"first","22":"instock","23":"sale","24":"shipping-taxable","25":"purchasable","26":"product-type-variable","27":"has-default-attributes"},"tiered_pricing_type":"fixed","tiered_pricing_fixed_rules":{"30":9.88,"60":9.26,"100":8.06,"200":7.38,"500":6.98,"1000":6.8},"tiered_pricing_product_settings":{"layout":"default","base_unit_name":{"singular":null,"plural":null},"default_variation":null},"tiered_pricing_minimum_quantity":null,"tiered_pricing_roles_data":[],"tiered_pricing_percentage_rules":[],"_links":{"self":[{"href":"https:\/\/puffvapestore.com\/pl\/wp-json\/wp\/v2\/product\/1728","targetHints":{"allow":["GET"]}}],"collection":[{"href":"https:\/\/puffvapestore.com\/pl\/wp-json\/wp\/v2\/product"}],"about":[{"href":"https:\/\/puffvapestore.com\/pl\/wp-json\/wp\/v2\/types\/product"}],"replies":[{"embeddable":true,"href":"https:\/\/puffvapestore.com\/pl\/wp-json\/wp\/v2\/comments?post=1728"}],"version-history":[{"count":15,"href":"https:\/\/puffvapestore.com\/pl\/wp-json\/wp\/v2\/product\/1728\/revisions"}],"predecessor-version":[{"id":17723,"href":"https:\/\/puffvapestore.com\/pl\/wp-json\/wp\/v2\/product\/1728\/revisions\/17723"}],"wp:featuredmedia":[{"embeddable":true,"href":"https:\/\/puffvapestore.com\/pl\/wp-json\/wp\/v2\/media\/1570"}],"wp:attachment":[{"href":"https:\/\/puffvapestore.com\/pl\/wp-json\/wp\/v2\/media?parent=1728"}],"wp:term":[{"taxonomy":"product_brand","embeddable":true,"href":"https:\/\/puffvapestore.com\/pl\/wp-json\/wp\/v2\/product_brand?post=1728"},{"taxonomy":"product_cat","embeddable":true,"href":"https:\/\/puffvapestore.com\/pl\/wp-json\/wp\/v2\/product_cat?post=1728"},{"taxonomy":"product_tag","embeddable":true,"href":"https:\/\/puffvapestore.com\/pl\/wp-json\/wp\/v2\/product_tag?post=1728"}],"curies":[{"name":"wp","href":"https:\/\/api.w.org\/{rel}","templated":true}]}}