{"id":1722,"date":"2025-03-23T21:42:13","date_gmt":"2025-03-23T21:42:13","guid":{"rendered":"https:\/\/puffvapestore.com\/?post_type=product&#038;p=1722"},"modified":"2026-04-20T11:07:16","modified_gmt":"2026-04-20T11:07:16","slug":"jnr-falcon-16000-watermelon-ice","status":"publish","type":"product","link":"https:\/\/puffvapestore.com\/pl\/product\/jnr-falcon-16000-lod-arbuzowy\/","title":{"rendered":"JNR Falcon 16000 Watermelon Ice"},"content":{"rendered":"<div data-elementor-type=\"wp-post\" data-elementor-id=\"1722\" class=\"elementor elementor-1722\">\n\t\t\t\t<div class=\"elementor-element elementor-element-824a998 e-flex e-con-boxed e-con e-parent\" data-id=\"824a998\" data-element_type=\"container\" data-e-type=\"container\">\n\t\t\t\t\t<div class=\"e-con-inner\">\n\t\t\t\t<div class=\"elementor-element elementor-element-55fd5fa elementor-widget elementor-widget-text-editor\" data-id=\"55fd5fa\" data-element_type=\"widget\" data-e-type=\"widget\" data-widget_type=\"text-editor.default\">\n\t\t\t\t<div class=\"elementor-widget-container\">\n\t\t\t\t\t\t\t\t\t<h2>JNR Falcon 16000 Watermelon Ice<\/h2><p>Wyobra\u017a sobie, \u017ce siedzisz nad brzegiem Sekwany, s\u0142o\u0144ce w\u0142a\u015bnie zasz\u0142o, a powietrze jest jeszcze ciep\u0142e. W tym momencie wyjmujesz JNR Falcon 16000 Watermelon Ice z kieszeni i zaci\u0105gasz si\u0119 lekko papierosem - natychmiast s\u0142odycz arbuza rozkwita na czubku j\u0119zyka, a ch\u0142odny oddech ze\u015blizguje si\u0119 do gard\u0142a, jak nag\u0142y powiew w letni\u0105 noc, kt\u00f3ry usuwa ca\u0142y upa\u0142.<\/p><h3>Arbuz + lody = najlepszy letni przysmak<\/h3><p>Lato we Francji jest gor\u0105ce. Czy to w winnicach pod pal\u0105cym s\u0142o\u0144cem na po\u0142udniu Francji, czy w b\u0105belkach na imprezie na dachu w Pary\u017cu, odrobina ch\u0142odu jest niezb\u0119dna. <strong>Watermelon Ice to dok\u0142adnie ten rodzaj orze\u017awienia.<\/strong> - Nie jest to zbyt ostre mi\u0119towe chili, ale \u015bwie\u017co pokrojony arbuz, kt\u00f3ry by\u0142 w lod\u00f3wce przez jaki\u015b czas, a kiedy bierzesz k\u0119s, s\u0142odycz i \u015bwie\u017co\u015b\u0107 s\u0105 idealnie po\u0142\u0105czone, tak orze\u017awiaj\u0105ce, \u017ce nie mo\u017cesz powstrzyma\u0107 si\u0119 od wzi\u0119cia kolejnego \u0142yka.<\/p>\t\t\t\t\t\t\t\t<\/div>\n\t\t\t\t<\/div>\n\t\t\t\t\t<\/div>\n\t\t\t\t<\/div>\n\t\t<div class=\"elementor-element elementor-element-942ccb0 e-flex e-con-boxed e-con e-parent\" data-id=\"942ccb0\" data-element_type=\"container\" data-e-type=\"container\">\n\t\t\t\t\t<div class=\"e-con-inner\">\n\t\t<div class=\"elementor-element elementor-element-577deeb e-con-full e-flex e-con e-child\" data-id=\"577deeb\" data-element_type=\"container\" data-e-type=\"container\">\n\t\t\t\t<div class=\"elementor-element elementor-element-5d167cf elementor-widget elementor-widget-text-editor\" data-id=\"5d167cf\" data-element_type=\"widget\" data-e-type=\"widget\" data-widget_type=\"text-editor.default\">\n\t\t\t\t<div class=\"elementor-widget-container\">\n\t\t\t\t\t\t\t\t\t<h2>Szczeg\u00f3\u0142y JNR Falcon 16000 Watermelon Ice<\/h2><p>Puffy : Do 16 000 zaci\u0105gni\u0119\u0107<br \/>P\u0142yn: 22 ml<br \/>Poziomy nikotyny: 0 %, 2 %, 5 %<br \/>Op\u00f3r: 1,0 ohm<br \/>Pojemno\u015b\u0107 baterii: 850 mAh<br \/>\u0141adowanie: Typ-C<br \/>Podw\u00f3jna siatka i podw\u00f3jna odporno\u015b\u0107 rdzenia<br \/>Wymiary: 53,5 x 32 x 110 mm<\/p>\t\t\t\t\t\t\t\t<\/div>\n\t\t\t\t<\/div>\n\t\t\t\t<\/div>\n\t\t<div class=\"elementor-element elementor-element-d5e4b56 e-con-full e-flex e-con e-child\" data-id=\"d5e4b56\" data-element_type=\"container\" data-e-type=\"container\">\n\t\t\t\t<div class=\"elementor-element elementor-element-381dfcb elementor-widget elementor-widget-image-gallery\" data-id=\"381dfcb\" data-element_type=\"widget\" data-e-type=\"widget\" data-widget_type=\"image-gallery.default\">\n\t\t\t\t<div class=\"elementor-widget-container\">\n\t\t\t\t\t\t\t<div class=\"elementor-image-gallery\">\n\t\t\t<div id='gallery-1' class='gallery galleryid-1722 gallery-columns-1 gallery-size-medium_large'><figure class='gallery-item'>\n\t\t\t<div class='gallery-icon portrait'>\n\t\t\t\t<img fetchpriority=\"high\" decoding=\"async\" width=\"654\" height=\"690\" src=\"https:\/\/puffvapestore.com\/wp-content\/uploads\/2025\/03\/pvajf16000-26.jpg\" class=\"attachment-medium_large size-medium_large\" alt=\"JNR Falcon 16K Watermelon Ice\" aria-describedby=\"gallery-1-1573\" srcset=\"https:\/\/puffvapestore.com\/wp-content\/uploads\/2025\/03\/pvajf16000-26.jpg 654w, https:\/\/puffvapestore.com\/wp-content\/uploads\/2025\/03\/pvajf16000-26-284x300.jpg 284w, https:\/\/puffvapestore.com\/wp-content\/uploads\/2025\/03\/pvajf16000-26-600x633.jpg 600w\" sizes=\"(max-width: 654px) 100vw, 654px\" \/>\n\t\t\t<\/div>\n\t\t\t\t<figcaption class='wp-caption-text gallery-caption' id='gallery-1-1573'>\n\t\t\t\tJNR Falcon 16K Watermelon Ice\n\t\t\t\t<\/figcaption><\/figure>\n\t\t<\/div>\n\t\t<\/div>\n\t\t\t\t\t\t<\/div>\n\t\t\t\t<\/div>\n\t\t\t\t<\/div>\n\t\t\t\t\t<\/div>\n\t\t\t\t<\/div>\n\t\t<div class=\"elementor-element elementor-element-7926c6b e-flex e-con-boxed e-con e-parent\" data-id=\"7926c6b\" data-element_type=\"container\" data-e-type=\"container\">\n\t\t\t\t\t<div class=\"e-con-inner\">\n\t\t\t\t<div class=\"elementor-element elementor-element-2b41948 elementor-widget elementor-widget-text-editor\" data-id=\"2b41948\" data-element_type=\"widget\" data-e-type=\"widget\" data-widget_type=\"text-editor.default\">\n\t\t\t\t<div class=\"elementor-widget-container\">\n\t\t\t\t\t\t\t\t\t<h3>16 000 zaci\u0105gni\u0119\u0107, co wystarczy na ca\u0142e lato<\/h3><p>Model JNR Falcon 16000 nie zosta\u0142 nazwany przypadkowo, a dzi\u0119ki 22 ml e-cieczy i \u017cywotno\u015bci 16 000 zaci\u0105gni\u0119\u0107 oznacza to, \u017ce nawet je\u015bli codziennie b\u0119dziesz delektowa\u0107 si\u0119 arbuzowym ch\u0142odem, wystarczy on na d\u0142ugi czas. Rozmowa z przyjaci\u00f3\u0142mi do p\u00f3\u017anej nocy w kawiarni na \u015bwie\u017cym powietrzu? \u017baden problem. <strong>JNR Falcon 16000 Watermelon Ice<\/strong> mo\u017ce towarzyszy\u0107 Ci przy kolejnej fili\u017cance espresso. Wybierasz si\u0119 na wakacje na Korsyk\u0119? Nie martw si\u0119, nie stanie si\u0119 to przed ko\u0144cem wakacji.<\/p><h3>Dym jest g\u0119sty, jak rozpylony sok z arbuza<\/h3><p>Sam smak nie wystarczy, kluczowa jest tekstura. Model JNR Falcon 16000 wykorzystuje podw\u00f3jn\u0105 cewk\u0119 siatkow\u0105 1 \u03a9, kt\u00f3ra sprawia, \u017ce dym jest delikatniejszy i g\u0142adszy, podobnie jak szklanka prawdziwego soku arbuzowego rozpylonego w powietrzu, a ka\u017cde zaci\u0105gni\u0119cie si\u0119 dymem jest bogate i g\u0142adkie. Ponadto przep\u0142yw powietrza jest regulowany, dzi\u0119ki czemu mo\u017cna wybra\u0107 lekki powiew lub g\u0119st\u0105 mgie\u0142k\u0119, wszystko zale\u017cy od preferencji.<\/p><h3>Francuski design, odpowiednia ilo\u015b\u0107 wyrafinowania<\/h3><p>Francuskie d\u0105\u017cenie do pi\u0119kna, od architektury po mod\u0119, do ka\u017cdego przedmiotu w ich r\u0119kach. Model JNR Falcon 16000 ma krystalicznie czyst\u0105 obudow\u0119, kt\u00f3ra jest zar\u00f3wno nowoczesna, jak i elegancka. Idealnie pasuje do stolika kawowego i jest \u0142atwy do trzymania. Odwied\u017a <strong>JNR Falcon 16000 Watermelon Ice<\/strong> nie jest typem krzykliwego, efektownego gracza, ale rodzajem dyskretnego, ale wykwintnego artyku\u0142u, kt\u00f3ry sprawia, \u017ce ludzie chc\u0105 spojrze\u0107 po raz drugi.<\/p>\t\t\t\t\t\t\t\t<\/div>\n\t\t\t\t<\/div>\n\t\t\t\t\t<\/div>\n\t\t\t\t<\/div>\n\t\t\t\t<\/div>","protected":false},"excerpt":{"rendered":"<p>JNR Falcon 16000 Watermelon Ice Imaginez que vous \u00eates assis sur les rives de la Seine, le soleil vient de se coucher et l&rsquo;air conserve encore la chaleur de la journ\u00e9e. \u00c0 ce moment-l\u00e0, vous sortez le JNR Falcon 16000 Watermelon Ice de votre poche et prenez une l\u00e9g\u00e8re bouff\u00e9e de cigarette &#8211; instantan\u00e9ment, la [&hellip;]<\/p>\n","protected":false},"featured_media":1573,"comment_status":"open","ping_status":"closed","template":"","meta":{"site-sidebar-layout":"no-sidebar","site-content-layout":"page-builder","ast-site-content-layout":"normal-width-container","site-content-style":"default","site-sidebar-style":"default","ast-global-header-display":"","ast-banner-title-visibility":"","ast-main-header-display":"","ast-hfb-above-header-display":"","ast-hfb-below-header-display":"","ast-hfb-mobile-header-display":"","site-post-title":"disabled","ast-breadcrumbs-content":"","ast-featured-img":"disabled","footer-sml-layout":"","ast-disable-related-posts":"","theme-transparent-header-meta":"default","adv-header-id-meta":"","stick-header-meta":"default","header-above-stick-meta":"","header-main-stick-meta":"","header-below-stick-meta":"","astra-migrate-meta-layouts":"set","ast-page-background-enabled":"default","ast-page-background-meta":{"desktop":{"background-color":"","background-image":"","background-repeat":"repeat","background-position":"center center","background-size":"auto","background-attachment":"scroll","background-type":"","background-media":"","overlay-type":"","overlay-color":"","overlay-opacity":"","overlay-gradient":""},"tablet":{"background-color":"","background-image":"","background-repeat":"repeat","background-position":"center center","background-size":"auto","background-attachment":"scroll","background-type":"","background-media":"","overlay-type":"","overlay-color":"","overlay-opacity":"","overlay-gradient":""},"mobile":{"background-color":"","background-image":"","background-repeat":"repeat","background-position":"center center","background-size":"auto","background-attachment":"scroll","background-type":"","background-media":"","overlay-type":"","overlay-color":"","overlay-opacity":"","overlay-gradient":""}},"ast-content-background-meta":{"desktop":{"background-color":"var(--ast-global-color-5)","background-image":"","background-repeat":"repeat","background-position":"center center","background-size":"auto","background-attachment":"scroll","background-type":"","background-media":"","overlay-type":"","overlay-color":"","overlay-opacity":"","overlay-gradient":""},"tablet":{"background-color":"var(--ast-global-color-5)","background-image":"","background-repeat":"repeat","background-position":"center center","background-size":"auto","background-attachment":"scroll","background-type":"","background-media":"","overlay-type":"","overlay-color":"","overlay-opacity":"","overlay-gradient":""},"mobile":{"background-color":"var(--ast-global-color-5)","background-image":"","background-repeat":"repeat","background-position":"center center","background-size":"auto","background-attachment":"scroll","background-type":"","background-media":"","overlay-type":"","overlay-color":"","overlay-opacity":"","overlay-gradient":""}}},"product_brand":[30],"product_cat":[15,81,77,35,36],"product_tag":[],"class_list":{"0":"post-1722","1":"product","2":"type-product","3":"status-publish","4":"has-post-thumbnail","6":"product_brand-jnr","7":"product_cat-magasin-cigarette-electronique","8":"product_cat-puff-16k","9":"product_cat-entrepot-de-lue","10":"product_cat-jnr-vape","11":"product_cat-jnr-16k","12":"desktop-align-center","13":"tablet-align-center","14":"mobile-align-center","15":"ast-product-gallery-layout-horizontal","16":"ast-product-gallery-with-no-image","17":"ast-product-single-variable","18":"ast-product-tabs-layout-horizontal","19":"ast-qv-on-image","21":"first","22":"instock","23":"sale","24":"shipping-taxable","25":"purchasable","26":"product-type-variable","27":"has-default-attributes"},"tiered_pricing_type":"fixed","tiered_pricing_fixed_rules":{"30":9.88,"60":9.26,"100":8.06,"200":7.38,"500":6.98,"1000":6.8},"tiered_pricing_product_settings":{"layout":"default","base_unit_name":{"singular":null,"plural":null},"default_variation":null},"tiered_pricing_minimum_quantity":null,"tiered_pricing_roles_data":[],"tiered_pricing_percentage_rules":[],"_links":{"self":[{"href":"https:\/\/puffvapestore.com\/pl\/wp-json\/wp\/v2\/product\/1722","targetHints":{"allow":["GET"]}}],"collection":[{"href":"https:\/\/puffvapestore.com\/pl\/wp-json\/wp\/v2\/product"}],"about":[{"href":"https:\/\/puffvapestore.com\/pl\/wp-json\/wp\/v2\/types\/product"}],"replies":[{"embeddable":true,"href":"https:\/\/puffvapestore.com\/pl\/wp-json\/wp\/v2\/comments?post=1722"}],"version-history":[{"count":14,"href":"https:\/\/puffvapestore.com\/pl\/wp-json\/wp\/v2\/product\/1722\/revisions"}],"predecessor-version":[{"id":17727,"href":"https:\/\/puffvapestore.com\/pl\/wp-json\/wp\/v2\/product\/1722\/revisions\/17727"}],"wp:featuredmedia":[{"embeddable":true,"href":"https:\/\/puffvapestore.com\/pl\/wp-json\/wp\/v2\/media\/1573"}],"wp:attachment":[{"href":"https:\/\/puffvapestore.com\/pl\/wp-json\/wp\/v2\/media?parent=1722"}],"wp:term":[{"taxonomy":"product_brand","embeddable":true,"href":"https:\/\/puffvapestore.com\/pl\/wp-json\/wp\/v2\/product_brand?post=1722"},{"taxonomy":"product_cat","embeddable":true,"href":"https:\/\/puffvapestore.com\/pl\/wp-json\/wp\/v2\/product_cat?post=1722"},{"taxonomy":"product_tag","embeddable":true,"href":"https:\/\/puffvapestore.com\/pl\/wp-json\/wp\/v2\/product_tag?post=1722"}],"curies":[{"name":"wp","href":"https:\/\/api.w.org\/{rel}","templated":true}]}}