{"id":1710,"date":"2025-03-23T15:28:03","date_gmt":"2025-03-23T15:28:03","guid":{"rendered":"https:\/\/puffvapestore.com\/?post_type=product&#038;p=1710"},"modified":"2026-04-20T11:07:23","modified_gmt":"2026-04-20T11:07:23","slug":"vape-jnr-falcon-16000-strawberry-kiwi","status":"publish","type":"product","link":"https:\/\/puffvapestore.com\/pl\/product\/vape-jnr-falcon-16000-truskawka-kiwi\/","title":{"rendered":"Vape JNR Falcon 16000 Strawberry Kiwi"},"content":{"rendered":"<div data-elementor-type=\"wp-post\" data-elementor-id=\"1710\" class=\"elementor elementor-1710\">\n\t\t\t\t<div class=\"elementor-element elementor-element-824a998 e-flex e-con-boxed e-con e-parent\" data-id=\"824a998\" data-element_type=\"container\" data-e-type=\"container\">\n\t\t\t\t\t<div class=\"e-con-inner\">\n\t\t\t\t<div class=\"elementor-element elementor-element-55fd5fa elementor-widget elementor-widget-text-editor\" data-id=\"55fd5fa\" data-element_type=\"widget\" data-e-type=\"widget\" data-widget_type=\"text-editor.default\">\n\t\t\t\t<div class=\"elementor-widget-container\">\n\t\t\t\t\t\t\t\t\t<h2>Vape JNR Falcon 16000 Kiwi Strawberry<\/h2><p>Je\u015bli istnieje przewodnik Michelin po bran\u017cy papieros\u00f3w elektronicznych, to jest nim w\u0142a\u015bnie ten. <strong>JNR Falcon 16000 Truskawka Kiwi<\/strong> to zdecydowanie trzygwiazdkowa egzystencja. W ko\u0144cu Francuzi s\u0142yn\u0105 z wysokich standard\u00f3w, je\u015bli chodzi o smak. Wszystko, co wk\u0142adaj\u0105 do ust, musi by\u0107 smaczne!<\/p><p>Czy kiedykolwiek pr\u00f3bowa\u0142e\u015b ugry\u017a\u0107 \u015bwie\u017c\u0105 truskawk\u0119 i lekko kwa\u015bne kiwi? Najpierw s\u0142odycz truskawki jest jak francuska piosenka, mi\u0119kka i delikatna, a nast\u0119pnie lekka kwaskowato\u015b\u0107 kiwi dodaje odrobin\u0119 lekko\u015bci, jak spotkanie z improwizowanym wyst\u0119pem na ulicach Montmartre - taki jest urok Strawberry Kiwi, s\u0142odki, ale nie t\u0142usty, z odpowiedni\u0105 ilo\u015bci\u0105 kwaskowato\u015bci, jak idealnie wymieszany letni koktajl.<\/p>\t\t\t\t\t\t\t\t<\/div>\n\t\t\t\t<\/div>\n\t\t\t\t\t<\/div>\n\t\t\t\t<\/div>\n\t\t<div class=\"elementor-element elementor-element-942ccb0 e-flex e-con-boxed e-con e-parent\" data-id=\"942ccb0\" data-element_type=\"container\" data-e-type=\"container\">\n\t\t\t\t\t<div class=\"e-con-inner\">\n\t\t<div class=\"elementor-element elementor-element-577deeb e-con-full e-flex e-con e-child\" data-id=\"577deeb\" data-element_type=\"container\" data-e-type=\"container\">\n\t\t\t\t<div class=\"elementor-element elementor-element-5d167cf elementor-widget elementor-widget-text-editor\" data-id=\"5d167cf\" data-element_type=\"widget\" data-e-type=\"widget\" data-widget_type=\"text-editor.default\">\n\t\t\t\t<div class=\"elementor-widget-container\">\n\t\t\t\t\t\t\t\t\t<h2>Szczeg\u00f3\u0142y JNR Falcon 16000 Strawberry Kiwi<\/h2><p>Puffy : Do 16 000 zaci\u0105gni\u0119\u0107<br \/>P\u0142yn: 22 ml<br \/>Poziomy nikotyny: 0 %, 2 %, 5 %<br \/>Op\u00f3r: 1,0 ohm<br \/>Pojemno\u015b\u0107 baterii: 850 mAh<br \/>\u0141adowanie: Typ-C<br \/>Podw\u00f3jna siatka i podw\u00f3jna odporno\u015b\u0107 rdzenia<br \/>Wymiary: 53,5 x 32 x 110 mm<\/p>\t\t\t\t\t\t\t\t<\/div>\n\t\t\t\t<\/div>\n\t\t\t\t<\/div>\n\t\t<div class=\"elementor-element elementor-element-d5e4b56 e-con-full e-flex e-con e-child\" data-id=\"d5e4b56\" data-element_type=\"container\" data-e-type=\"container\">\n\t\t\t\t<div class=\"elementor-element elementor-element-381dfcb elementor-widget elementor-widget-image-gallery\" data-id=\"381dfcb\" data-element_type=\"widget\" data-e-type=\"widget\" data-widget_type=\"image-gallery.default\">\n\t\t\t\t<div class=\"elementor-widget-container\">\n\t\t\t\t\t\t\t<div class=\"elementor-image-gallery\">\n\t\t\t<div id='gallery-1' class='gallery galleryid-1710 gallery-columns-1 gallery-size-medium_large'><figure class='gallery-item'>\n\t\t\t<div class='gallery-icon portrait'>\n\t\t\t\t<img fetchpriority=\"high\" decoding=\"async\" width=\"654\" height=\"690\" src=\"https:\/\/puffvapestore.com\/wp-content\/uploads\/2025\/03\/pvajf16000-22.jpg\" class=\"attachment-medium_large size-medium_large\" alt=\"JNR Falcon 16K Strawberry Kiwi\" aria-describedby=\"gallery-1-1569\" srcset=\"https:\/\/puffvapestore.com\/wp-content\/uploads\/2025\/03\/pvajf16000-22.jpg 654w, https:\/\/puffvapestore.com\/wp-content\/uploads\/2025\/03\/pvajf16000-22-284x300.jpg 284w, https:\/\/puffvapestore.com\/wp-content\/uploads\/2025\/03\/pvajf16000-22-600x633.jpg 600w\" sizes=\"(max-width: 654px) 100vw, 654px\" \/>\n\t\t\t<\/div>\n\t\t\t\t<figcaption class='wp-caption-text gallery-caption' id='gallery-1-1569'>\n\t\t\t\tJNR Falcon 16K Strawberry Kiwi\n\t\t\t\t<\/figcaption><\/figure>\n\t\t<\/div>\n\t\t<\/div>\n\t\t\t\t\t\t<\/div>\n\t\t\t\t<\/div>\n\t\t\t\t<\/div>\n\t\t\t\t\t<\/div>\n\t\t\t\t<\/div>\n\t\t<div class=\"elementor-element elementor-element-7926c6b e-flex e-con-boxed e-con e-parent\" data-id=\"7926c6b\" data-element_type=\"container\" data-e-type=\"container\">\n\t\t\t\t\t<div class=\"e-con-inner\">\n\t\t\t\t<div class=\"elementor-element elementor-element-2b41948 elementor-widget elementor-widget-text-editor\" data-id=\"2b41948\" data-element_type=\"widget\" data-e-type=\"widget\" data-widget_type=\"text-editor.default\">\n\t\t\t\t<div class=\"elementor-widget-container\">\n\t\t\t\t\t\t\t\t\t<h3>Smak to jedno, do\u015bwiadczenie to drugie<\/h3><p>Oczywi\u015bcie Francuzi zwracaj\u0105 uwag\u0119 nie tylko na smak, ale tak\u017ce na do\u015bwiadczenie. JNR Falcon 16000 to nie tylko szybki elektroniczny papieros. Dzi\u0119ki du\u017cej pojemno\u015bci 22 ml e-liquidu i akumulatorowi 850 mAh oferuje d\u0142ugotrwa\u0142\u0105 przyjemno\u015b\u0107 16 000 zaci\u0105gni\u0119\u0107!<\/p><p>Co wi\u0119cej, cewka o podw\u00f3jnych oczkach sprawia, \u017ce dym jest bogatszy, a smak czystszy, a ka\u017cde zaci\u0105gni\u0119cie si\u0119 dymem przypomina \u015bwie\u017co wyci\u015bni\u0119ty sok zamiast taniego syropu owocowego. Co najlepsze, przep\u0142yw powietrza jest regulowany. Niezale\u017cnie od tego, czy wolisz mocne uderzenie w gard\u0142o, czy g\u0142adki, kremowy smak, mo\u017cesz dostosowa\u0107 go do swoich upodoba\u0144, tak jak idealne espresso.<\/p><h3>To nie tylko elektroniczny papieros, to uciele\u015bnienie francuskiego stylu \u017cycia.<\/h3><p>We Francji elektroniczny papieros to nie tylko nawyk, ale postawa, poszukiwanie wolno\u015bci, smaku i elegancji.<strong> JNR Falcon 16000 Truskawka Kiwi<\/strong> to nie tylko e-papieros, to spokojne popo\u0142udnie na rogu paryskiej ulicy, pijacka degustacja w winnicy na po\u0142udniu Francji i historia, kt\u00f3r\u0105 warto si\u0119 delektowa\u0107.<\/p><p>Je\u015bli wi\u0119c chcesz czego\u015b wi\u0119cej ni\u017c tylko \u00abk\u0142\u0119bu dymu\u00bb, ale prawdziwej podr\u00f3\u017cy smakowej, to Strawberry Kiwi jest zdecydowanie warte wypr\u00f3bowania!<\/p>\t\t\t\t\t\t\t\t<\/div>\n\t\t\t\t<\/div>\n\t\t\t\t\t<\/div>\n\t\t\t\t<\/div>\n\t\t\t\t<\/div>","protected":false},"excerpt":{"rendered":"<p>Vape JNR Falcon 16000 Fraise Kiwi S&rsquo;il existe un guide Michelin dans l&rsquo;industrie de la cigarette \u00e9lectronique, alors le JNR Falcon 16000 Strawberry Kiwi est d\u00e9finitivement une existence de niveau trois \u00e9toiles. Apr\u00e8s tout, les Fran\u00e7ais sont r\u00e9put\u00e9s pour leur exigence en mati\u00e8re de saveurs. Tout ce qu&rsquo;ils mettent dans leur bouche doit \u00eatre savoureux\u00a0! [&hellip;]<\/p>\n","protected":false},"featured_media":1569,"comment_status":"open","ping_status":"closed","template":"","meta":{"site-sidebar-layout":"no-sidebar","site-content-layout":"page-builder","ast-site-content-layout":"normal-width-container","site-content-style":"default","site-sidebar-style":"default","ast-global-header-display":"","ast-banner-title-visibility":"","ast-main-header-display":"","ast-hfb-above-header-display":"","ast-hfb-below-header-display":"","ast-hfb-mobile-header-display":"","site-post-title":"disabled","ast-breadcrumbs-content":"","ast-featured-img":"disabled","footer-sml-layout":"","ast-disable-related-posts":"","theme-transparent-header-meta":"default","adv-header-id-meta":"","stick-header-meta":"default","header-above-stick-meta":"","header-main-stick-meta":"","header-below-stick-meta":"","astra-migrate-meta-layouts":"set","ast-page-background-enabled":"default","ast-page-background-meta":{"desktop":{"background-color":"","background-image":"","background-repeat":"repeat","background-position":"center center","background-size":"auto","background-attachment":"scroll","background-type":"","background-media":"","overlay-type":"","overlay-color":"","overlay-opacity":"","overlay-gradient":""},"tablet":{"background-color":"","background-image":"","background-repeat":"repeat","background-position":"center center","background-size":"auto","background-attachment":"scroll","background-type":"","background-media":"","overlay-type":"","overlay-color":"","overlay-opacity":"","overlay-gradient":""},"mobile":{"background-color":"","background-image":"","background-repeat":"repeat","background-position":"center center","background-size":"auto","background-attachment":"scroll","background-type":"","background-media":"","overlay-type":"","overlay-color":"","overlay-opacity":"","overlay-gradient":""}},"ast-content-background-meta":{"desktop":{"background-color":"var(--ast-global-color-5)","background-image":"","background-repeat":"repeat","background-position":"center center","background-size":"auto","background-attachment":"scroll","background-type":"","background-media":"","overlay-type":"","overlay-color":"","overlay-opacity":"","overlay-gradient":""},"tablet":{"background-color":"var(--ast-global-color-5)","background-image":"","background-repeat":"repeat","background-position":"center center","background-size":"auto","background-attachment":"scroll","background-type":"","background-media":"","overlay-type":"","overlay-color":"","overlay-opacity":"","overlay-gradient":""},"mobile":{"background-color":"var(--ast-global-color-5)","background-image":"","background-repeat":"repeat","background-position":"center center","background-size":"auto","background-attachment":"scroll","background-type":"","background-media":"","overlay-type":"","overlay-color":"","overlay-opacity":"","overlay-gradient":""}}},"product_brand":[30],"product_cat":[36,81,77,34,31,32,15],"product_tag":[],"class_list":{"0":"post-1710","1":"product","2":"type-product","3":"status-publish","4":"has-post-thumbnail","6":"product_brand-jnr","7":"product_cat-jnr-16k","8":"product_cat-puff-16k","9":"product_cat-entrepot-de-lue","10":"product_cat-puff-jnr","11":"product_cat-jnr-falcon","12":"product_cat-puff-jnr-16k","13":"product_cat-magasin-cigarette-electronique","14":"desktop-align-center","15":"tablet-align-center","16":"mobile-align-center","17":"ast-product-gallery-layout-horizontal","18":"ast-product-gallery-with-no-image","19":"ast-product-single-variable","20":"ast-product-tabs-layout-horizontal","21":"ast-qv-on-image","23":"first","24":"instock","25":"sale","26":"shipping-taxable","27":"purchasable","28":"product-type-variable","29":"has-default-attributes"},"tiered_pricing_type":"fixed","tiered_pricing_fixed_rules":{"30":9.88,"60":9.26,"100":8.06,"200":7.38,"500":6.98,"1000":6.8},"tiered_pricing_product_settings":{"layout":"default","base_unit_name":{"singular":null,"plural":null},"default_variation":null},"tiered_pricing_minimum_quantity":null,"tiered_pricing_roles_data":[],"tiered_pricing_percentage_rules":[],"_links":{"self":[{"href":"https:\/\/puffvapestore.com\/pl\/wp-json\/wp\/v2\/product\/1710","targetHints":{"allow":["GET"]}}],"collection":[{"href":"https:\/\/puffvapestore.com\/pl\/wp-json\/wp\/v2\/product"}],"about":[{"href":"https:\/\/puffvapestore.com\/pl\/wp-json\/wp\/v2\/types\/product"}],"replies":[{"embeddable":true,"href":"https:\/\/puffvapestore.com\/pl\/wp-json\/wp\/v2\/comments?post=1710"}],"version-history":[{"count":14,"href":"https:\/\/puffvapestore.com\/pl\/wp-json\/wp\/v2\/product\/1710\/revisions"}],"predecessor-version":[{"id":17731,"href":"https:\/\/puffvapestore.com\/pl\/wp-json\/wp\/v2\/product\/1710\/revisions\/17731"}],"wp:featuredmedia":[{"embeddable":true,"href":"https:\/\/puffvapestore.com\/pl\/wp-json\/wp\/v2\/media\/1569"}],"wp:attachment":[{"href":"https:\/\/puffvapestore.com\/pl\/wp-json\/wp\/v2\/media?parent=1710"}],"wp:term":[{"taxonomy":"product_brand","embeddable":true,"href":"https:\/\/puffvapestore.com\/pl\/wp-json\/wp\/v2\/product_brand?post=1710"},{"taxonomy":"product_cat","embeddable":true,"href":"https:\/\/puffvapestore.com\/pl\/wp-json\/wp\/v2\/product_cat?post=1710"},{"taxonomy":"product_tag","embeddable":true,"href":"https:\/\/puffvapestore.com\/pl\/wp-json\/wp\/v2\/product_tag?post=1710"}],"curies":[{"name":"wp","href":"https:\/\/api.w.org\/{rel}","templated":true}]}}