{"id":1704,"date":"2025-03-23T13:20:38","date_gmt":"2025-03-23T13:20:38","guid":{"rendered":"https:\/\/puffvapestore.com\/?post_type=product&#038;p=1704"},"modified":"2026-04-20T11:07:34","modified_gmt":"2026-04-20T11:07:34","slug":"puff-jnr-falcon-16000-sakura-grape","status":"publish","type":"product","link":"https:\/\/puffvapestore.com\/pl\/product\/puff-jnr-falcon-16000-sakura-grape\/","title":{"rendered":"Puff JNR Falcon 16000 Sakura Grape"},"content":{"rendered":"<div data-elementor-type=\"wp-post\" data-elementor-id=\"1704\" class=\"elementor elementor-1704\">\n\t\t\t\t<div class=\"elementor-element elementor-element-824a998 e-flex e-con-boxed e-con e-parent\" data-id=\"824a998\" data-element_type=\"container\" data-e-type=\"container\">\n\t\t\t\t\t<div class=\"e-con-inner\">\n\t\t\t\t<div class=\"elementor-element elementor-element-55fd5fa elementor-widget elementor-widget-text-editor\" data-id=\"55fd5fa\" data-element_type=\"widget\" data-e-type=\"widget\" data-widget_type=\"text-editor.default\">\n\t\t\t\t<div class=\"elementor-widget-container\">\n\t\t\t\t\t\t\t\t\t<h2>Puff JNR Falcon 16000 Sakura Grape<\/h2><p>Je\u015bli wiosna ma zapach, to prawdopodobnie jest to zapach <strong>Winogrono Sakura<\/strong> - \u015awie\u017cy zapach kwiatu wi\u015bni, zmieszany ze s\u0142odycz\u0105 dojrza\u0142ych winogron, jak popo\u0142udnie w Pary\u017cu, kiedy trzymasz w d\u0142oni \u015bwie\u017co nape\u0142nione czerwone wino Bordeaux, a kwiat wi\u015bni obok ciebie opada na wietrze. To nie jest zwyk\u0142y elektroniczny papieros, to podr\u00f3\u017c smakowa, od alei kwitn\u0105cej wi\u015bni w Japonii po winnice Francji.<\/p>\t\t\t\t\t\t\t\t<\/div>\n\t\t\t\t<\/div>\n\t\t\t\t\t<\/div>\n\t\t\t\t<\/div>\n\t\t<div class=\"elementor-element elementor-element-942ccb0 e-flex e-con-boxed e-con e-parent\" data-id=\"942ccb0\" data-element_type=\"container\" data-e-type=\"container\">\n\t\t\t\t\t<div class=\"e-con-inner\">\n\t\t<div class=\"elementor-element elementor-element-577deeb e-con-full e-flex e-con e-child\" data-id=\"577deeb\" data-element_type=\"container\" data-e-type=\"container\">\n\t\t\t\t<div class=\"elementor-element elementor-element-5d167cf elementor-widget elementor-widget-text-editor\" data-id=\"5d167cf\" data-element_type=\"widget\" data-e-type=\"widget\" data-widget_type=\"text-editor.default\">\n\t\t\t\t<div class=\"elementor-widget-container\">\n\t\t\t\t\t\t\t\t\t<h2>Szczeg\u00f3\u0142y JNR Falcon 16000 Sakura Grape<\/h2><p>Puffy : Do 16 000 zaci\u0105gni\u0119\u0107<br \/>P\u0142yn: 22 ml<br \/>Poziomy nikotyny: 0 %, 2 %, 5 %<br \/>Op\u00f3r: 1,0 ohm<br \/>Pojemno\u015b\u0107 baterii: 850 mAh<br \/>\u0141adowanie: Typ-C<br \/>Podw\u00f3jna siatka i podw\u00f3jna odporno\u015b\u0107 rdzenia<br \/>Wymiary: 53,5 x 32 x 110 mm<\/p>\t\t\t\t\t\t\t\t<\/div>\n\t\t\t\t<\/div>\n\t\t\t\t<\/div>\n\t\t<div class=\"elementor-element elementor-element-d5e4b56 e-con-full e-flex e-con e-child\" data-id=\"d5e4b56\" data-element_type=\"container\" data-e-type=\"container\">\n\t\t\t\t<div class=\"elementor-element elementor-element-381dfcb elementor-widget elementor-widget-image-gallery\" data-id=\"381dfcb\" data-element_type=\"widget\" data-e-type=\"widget\" data-widget_type=\"image-gallery.default\">\n\t\t\t\t<div class=\"elementor-widget-container\">\n\t\t\t\t\t\t\t<div class=\"elementor-image-gallery\">\n\t\t\t<div id='gallery-1' class='gallery galleryid-1704 gallery-columns-1 gallery-size-medium_large'><figure class='gallery-item'>\n\t\t\t<div class='gallery-icon portrait'>\n\t\t\t\t<img fetchpriority=\"high\" decoding=\"async\" width=\"654\" height=\"690\" src=\"https:\/\/puffvapestore.com\/wp-content\/uploads\/2025\/03\/pvajf16000-30.jpg\" class=\"attachment-medium_large size-medium_large\" alt=\"JNR Falcon 16K Sakura Grape\" aria-describedby=\"gallery-1-1577\" srcset=\"https:\/\/puffvapestore.com\/wp-content\/uploads\/2025\/03\/pvajf16000-30.jpg 654w, https:\/\/puffvapestore.com\/wp-content\/uploads\/2025\/03\/pvajf16000-30-284x300.jpg 284w, https:\/\/puffvapestore.com\/wp-content\/uploads\/2025\/03\/pvajf16000-30-600x633.jpg 600w\" sizes=\"(max-width: 654px) 100vw, 654px\" \/>\n\t\t\t<\/div>\n\t\t\t\t<figcaption class='wp-caption-text gallery-caption' id='gallery-1-1577'>\n\t\t\t\tJNR Falcon 16K Sakura Grape\n\t\t\t\t<\/figcaption><\/figure>\n\t\t<\/div>\n\t\t<\/div>\n\t\t\t\t\t\t<\/div>\n\t\t\t\t<\/div>\n\t\t\t\t<\/div>\n\t\t\t\t\t<\/div>\n\t\t\t\t<\/div>\n\t\t<div class=\"elementor-element elementor-element-7926c6b e-flex e-con-boxed e-con e-parent\" data-id=\"7926c6b\" data-element_type=\"container\" data-e-type=\"container\">\n\t\t\t\t\t<div class=\"e-con-inner\">\n\t\t\t\t<div class=\"elementor-element elementor-element-2b41948 elementor-widget elementor-widget-text-editor\" data-id=\"2b41948\" data-element_type=\"widget\" data-e-type=\"widget\" data-widget_type=\"text-editor.default\">\n\t\t\t\t<div class=\"elementor-widget-container\">\n\t\t\t\t\t\t\t\t\t<h3>Puff JNR Falcon 16000 Sakura Grape jest delikatny i odwa\u017cny<\/h3><p>Sakura Grape to nie tylko elektroniczny papieros o owocowym smaku, jego smak jest wielowarstwowy. Ju\u017c od pierwszego zaci\u0105gni\u0119cia si\u0119 papierosem poczujesz elegancki aromat kwiatu wi\u015bni, przypominaj\u0105cy kwiaty, kt\u00f3re w\u0142a\u015bnie rozkwit\u0142y wczesn\u0105 wiosn\u0105, mi\u0119kkie i delikatne. Nast\u0119pnie powoli wy\u0142ania si\u0119 s\u0142odycz winogron, nie t\u0142usty smak tanich s\u0142odyczy, ale czerwone wino z Bordeaux, z odpowiednim owocowym aromatem i lekk\u0105 kwaskowato\u015bci\u0105, sprawiaj\u0105c, \u017ce ludzie chc\u0105 wzi\u0105\u0107 kolejny \u0142yk papierosa.<\/p><p>Ten smak jest jak francuski humor, elegancki i pow\u015bci\u0105gliwy na powierzchni, ale pe\u0142en osobowo\u015bci i g\u0142\u0119bi. Nie bombarduje kubk\u00f3w smakowych nadmiern\u0105 s\u0142odycz\u0105, ale przypomina raczej starannie zaplanowany taniec, w kt\u00f3rym ka\u017cdy krok jest precyzyjny, a ka\u017cdy oddech pozostawia na podniebieniu d\u0142ugotrwa\u0142e uczucie.<\/p><h3>16 000 zaci\u0105gni\u0119\u0107 papierosem wystarcza na d\u0142u\u017cej ni\u017c francuska kolacja<\/h3><p>La <strong>JNR Falcon 16000<\/strong> nie jest rodzajem elektronicznego papierosa, kt\u00f3ry mo\u017cna pali\u0107 przez dwa dni bez wypalenia. Jego du\u017ca pojemno\u015b\u0107 22 ml i akumulator 850 mAh zapewniaj\u0105 niezwyk\u0142e do\u015bwiadczenie 16 000 zaci\u0105gni\u0119\u0107. Innymi s\u0142owy, wystarczy on na niezliczone pogaw\u0119dki nad Sekwan\u0105, kilka debat filozoficznych o p\u00f3\u0142nocy, a nawet na ca\u0142y sezon ulubionego francuskiego serialu.<\/p><p>Co wi\u0119cej, nie tylko ma d\u0142ug\u0105 \u017cywotno\u015b\u0107 baterii, ale jest r\u00f3wnie\u017c wyposa\u017cony w <strong>Podw\u00f3jne \u0142adowanie typu C i Lightning<\/strong>, Dzi\u0119ki temu jest kompatybilny z prawie wszystkimi urz\u0105dzeniami do \u0142adowania. Innymi s\u0142owy, telefon kom\u00f3rkowy i elektroniczny papieros mog\u0105 korzysta\u0107 z jednego kabla do \u0142adowania, co jest minimalistyczne i wydajne oraz ca\u0142kowicie zgodne z parysk\u0105 filozofi\u0105 \u017cycia - moda i praktyczno\u015b\u0107 wsp\u00f3\u0142istniej\u0105.<\/p><h3>To nie tylko kwestia elektronicznych papieros\u00f3w, to nastawienie<\/h3><p>Oczywi\u015bcie, opr\u00f3cz smaku i \u017cywotno\u015bci baterii, na uwag\u0119 zas\u0142uguje r\u00f3wnie\u017c jego design. Jego kryszta\u0142owe wyko\u0144czenie nadaje mu nowoczesny wygl\u0105d i sprawia, \u017ce w d\u0142oni czuje si\u0119 jak dzie\u0142o sztuki. Umieszczony na stoliku kawowym lub w kieszeni garnituru, emanuje swobodn\u0105 elegancj\u0105.<\/p><p>Nie wspominaj\u0105c ju\u017c o technologii cewki o podw\u00f3jnych oczkach, kt\u00f3ra zapewnia, \u017ce ka\u017cda inhalacja dymem jest g\u0142adka i r\u00f3wnomierna, z g\u0119stym dymem i delikatnym smakiem. W po\u0142\u0105czeniu z regulowanym systemem przep\u0142ywu powietrza, niezale\u017cnie od tego, czy lubisz p\u0142ynne, d\u0142ugie zaci\u0105ganie si\u0119, czy bardziej bezpo\u015brednie uderzenie w gard\u0142o, mo\u017ce dok\u0142adnie spe\u0142ni\u0107 Twoje potrzeby.<\/p>\t\t\t\t\t\t\t\t<\/div>\n\t\t\t\t<\/div>\n\t\t\t\t\t<\/div>\n\t\t\t\t<\/div>\n\t\t\t\t<\/div>","protected":false},"excerpt":{"rendered":"<p>Puff JNR Falcon 16000 Sakura Grape Si le printemps a une odeur, c&rsquo;est probablement l&rsquo;odeur du raisin Sakura &#8211; le parfum frais des fleurs de cerisier, m\u00eal\u00e9 \u00e0 la douceur des raisins m\u00fbrs, comme un apr\u00e8s-midi \u00e0 Paris, tenant un vin rouge de Bordeaux fra\u00eechement rempli dans votre main, et les fleurs de cerisier \u00e0 [&hellip;]<\/p>\n","protected":false},"featured_media":1577,"comment_status":"open","ping_status":"closed","template":"","meta":{"site-sidebar-layout":"no-sidebar","site-content-layout":"page-builder","ast-site-content-layout":"normal-width-container","site-content-style":"default","site-sidebar-style":"default","ast-global-header-display":"","ast-banner-title-visibility":"","ast-main-header-display":"","ast-hfb-above-header-display":"","ast-hfb-below-header-display":"","ast-hfb-mobile-header-display":"","site-post-title":"disabled","ast-breadcrumbs-content":"","ast-featured-img":"disabled","footer-sml-layout":"","ast-disable-related-posts":"","theme-transparent-header-meta":"default","adv-header-id-meta":"","stick-header-meta":"default","header-above-stick-meta":"","header-main-stick-meta":"","header-below-stick-meta":"","astra-migrate-meta-layouts":"set","ast-page-background-enabled":"default","ast-page-background-meta":{"desktop":{"background-color":"","background-image":"","background-repeat":"repeat","background-position":"center center","background-size":"auto","background-attachment":"scroll","background-type":"","background-media":"","overlay-type":"","overlay-color":"","overlay-opacity":"","overlay-gradient":""},"tablet":{"background-color":"","background-image":"","background-repeat":"repeat","background-position":"center center","background-size":"auto","background-attachment":"scroll","background-type":"","background-media":"","overlay-type":"","overlay-color":"","overlay-opacity":"","overlay-gradient":""},"mobile":{"background-color":"","background-image":"","background-repeat":"repeat","background-position":"center center","background-size":"auto","background-attachment":"scroll","background-type":"","background-media":"","overlay-type":"","overlay-color":"","overlay-opacity":"","overlay-gradient":""}},"ast-content-background-meta":{"desktop":{"background-color":"var(--ast-global-color-5)","background-image":"","background-repeat":"repeat","background-position":"center center","background-size":"auto","background-attachment":"scroll","background-type":"","background-media":"","overlay-type":"","overlay-color":"","overlay-opacity":"","overlay-gradient":""},"tablet":{"background-color":"var(--ast-global-color-5)","background-image":"","background-repeat":"repeat","background-position":"center center","background-size":"auto","background-attachment":"scroll","background-type":"","background-media":"","overlay-type":"","overlay-color":"","overlay-opacity":"","overlay-gradient":""},"mobile":{"background-color":"var(--ast-global-color-5)","background-image":"","background-repeat":"repeat","background-position":"center center","background-size":"auto","background-attachment":"scroll","background-type":"","background-media":"","overlay-type":"","overlay-color":"","overlay-opacity":"","overlay-gradient":""}}},"product_brand":[30],"product_cat":[15,81,77,34,35,36,31],"product_tag":[],"class_list":{"0":"post-1704","1":"product","2":"type-product","3":"status-publish","4":"has-post-thumbnail","6":"product_brand-jnr","7":"product_cat-magasin-cigarette-electronique","8":"product_cat-puff-16k","9":"product_cat-entrepot-de-lue","10":"product_cat-puff-jnr","11":"product_cat-jnr-vape","12":"product_cat-jnr-16k","13":"product_cat-jnr-falcon","14":"desktop-align-center","15":"tablet-align-center","16":"mobile-align-center","17":"ast-product-gallery-layout-horizontal","18":"ast-product-gallery-with-no-image","19":"ast-product-single-variable","20":"ast-product-tabs-layout-horizontal","21":"ast-qv-on-image","23":"first","24":"instock","25":"sale","26":"shipping-taxable","27":"purchasable","28":"product-type-variable","29":"has-default-attributes"},"tiered_pricing_type":"fixed","tiered_pricing_fixed_rules":{"30":9.88,"60":9.26,"100":8.06,"200":7.38,"500":6.98,"1000":6.8},"tiered_pricing_product_settings":{"layout":"default","base_unit_name":{"singular":null,"plural":null},"default_variation":null},"tiered_pricing_minimum_quantity":null,"tiered_pricing_roles_data":[],"tiered_pricing_percentage_rules":[],"_links":{"self":[{"href":"https:\/\/puffvapestore.com\/pl\/wp-json\/wp\/v2\/product\/1704","targetHints":{"allow":["GET"]}}],"collection":[{"href":"https:\/\/puffvapestore.com\/pl\/wp-json\/wp\/v2\/product"}],"about":[{"href":"https:\/\/puffvapestore.com\/pl\/wp-json\/wp\/v2\/types\/product"}],"replies":[{"embeddable":true,"href":"https:\/\/puffvapestore.com\/pl\/wp-json\/wp\/v2\/comments?post=1704"}],"version-history":[{"count":18,"href":"https:\/\/puffvapestore.com\/pl\/wp-json\/wp\/v2\/product\/1704\/revisions"}],"predecessor-version":[{"id":17739,"href":"https:\/\/puffvapestore.com\/pl\/wp-json\/wp\/v2\/product\/1704\/revisions\/17739"}],"wp:featuredmedia":[{"embeddable":true,"href":"https:\/\/puffvapestore.com\/pl\/wp-json\/wp\/v2\/media\/1577"}],"wp:attachment":[{"href":"https:\/\/puffvapestore.com\/pl\/wp-json\/wp\/v2\/media?parent=1704"}],"wp:term":[{"taxonomy":"product_brand","embeddable":true,"href":"https:\/\/puffvapestore.com\/pl\/wp-json\/wp\/v2\/product_brand?post=1704"},{"taxonomy":"product_cat","embeddable":true,"href":"https:\/\/puffvapestore.com\/pl\/wp-json\/wp\/v2\/product_cat?post=1704"},{"taxonomy":"product_tag","embeddable":true,"href":"https:\/\/puffvapestore.com\/pl\/wp-json\/wp\/v2\/product_tag?post=1704"}],"curies":[{"name":"wp","href":"https:\/\/api.w.org\/{rel}","templated":true}]}}