{"id":1692,"date":"2025-03-23T04:49:39","date_gmt":"2025-03-23T04:49:39","guid":{"rendered":"https:\/\/puffvapestore.com\/?post_type=product&#038;p=1692"},"modified":"2026-04-20T11:07:46","modified_gmt":"2026-04-20T11:07:46","slug":"jnr-falcon-16000-mango-passion-fruit","status":"publish","type":"product","link":"https:\/\/puffvapestore.com\/pl\/product\/jnr-falcon-16000-mango-passion-fruit\/","title":{"rendered":"JNR Falcon 16000 Jednorazowy papieros elektroniczny Mango Passion Fruit"},"content":{"rendered":"<div data-elementor-type=\"wp-post\" data-elementor-id=\"1692\" class=\"elementor elementor-1692\">\n\t\t\t\t<div class=\"elementor-element elementor-element-824a998 e-flex e-con-boxed e-con e-parent\" data-id=\"824a998\" data-element_type=\"container\" data-e-type=\"container\">\n\t\t\t\t\t<div class=\"e-con-inner\">\n\t\t\t\t<div class=\"elementor-element elementor-element-55fd5fa elementor-widget elementor-widget-text-editor\" data-id=\"55fd5fa\" data-element_type=\"widget\" data-e-type=\"widget\" data-widget_type=\"text-editor.default\">\n\t\t\t\t<div class=\"elementor-widget-container\">\n\t\t\t\t\t\t\t\t\t<h2>Papieros JNR Falcon 16000 Jet Black Mango Passion Fruit<\/h2><p>Wyobra\u017a sobie, \u017ce siedzisz nad brzegiem Sekwany o zmierzchu na ulicach Pary\u017ca, trzymaj\u0105c w d\u0142oni \u015bwie\u017co przygotowany koktajl, a w powietrzu unosi si\u0119 delikatny s\u0142odki zapach - dok\u0142adnie takie uczucie wywo\u0142uje <strong>JNR Falcon 16000 Mango Passion Fruit<\/strong>. Po jednym zaci\u0105gni\u0119ciu tropikalny styl francuskich Karaib\u00f3w eksploduje na czubku j\u0119zyka. S\u0142odycz mango i kwaskowato\u015b\u0107 marakui idealnie \u0142\u0105cz\u0105 si\u0119 ze sob\u0105, s\u0105 nieokie\u0142znane i wykwintne, jak letnia impreza na po\u0142udniu Francji, ciep\u0142a i uzale\u017cniaj\u0105ca.<\/p>\t\t\t\t\t\t\t\t<\/div>\n\t\t\t\t<\/div>\n\t\t\t\t\t<\/div>\n\t\t\t\t<\/div>\n\t\t<div class=\"elementor-element elementor-element-942ccb0 e-flex e-con-boxed e-con e-parent\" data-id=\"942ccb0\" data-element_type=\"container\" data-e-type=\"container\">\n\t\t\t\t\t<div class=\"e-con-inner\">\n\t\t<div class=\"elementor-element elementor-element-577deeb e-con-full e-flex e-con e-child\" data-id=\"577deeb\" data-element_type=\"container\" data-e-type=\"container\">\n\t\t\t\t<div class=\"elementor-element elementor-element-5d167cf elementor-widget elementor-widget-text-editor\" data-id=\"5d167cf\" data-element_type=\"widget\" data-e-type=\"widget\" data-widget_type=\"text-editor.default\">\n\t\t\t\t<div class=\"elementor-widget-container\">\n\t\t\t\t\t\t\t\t\t<h2>Szczeg\u00f3\u0142y JNR Falcon 16000 Mango Passion Fruit<\/h2><p>Puffy : Do 16 000 zaci\u0105gni\u0119\u0107<br \/>P\u0142yn: 22 ml<br \/>Poziomy nikotyny: 0 %, 2 %, 5 %<br \/>Op\u00f3r: 1,0 ohm<br \/>Pojemno\u015b\u0107 baterii: 850 mAh<br \/>\u0141adowanie: Typ-C<br \/>Podw\u00f3jna siatka i podw\u00f3jna odporno\u015b\u0107 rdzenia<br \/>Wymiary: 53,5 x 32 x 110 mm<\/p>\t\t\t\t\t\t\t\t<\/div>\n\t\t\t\t<\/div>\n\t\t\t\t<\/div>\n\t\t<div class=\"elementor-element elementor-element-d5e4b56 e-con-full e-flex e-con e-child\" data-id=\"d5e4b56\" data-element_type=\"container\" data-e-type=\"container\">\n\t\t\t\t<div class=\"elementor-element elementor-element-381dfcb elementor-widget elementor-widget-image-gallery\" data-id=\"381dfcb\" data-element_type=\"widget\" data-e-type=\"widget\" data-widget_type=\"image-gallery.default\">\n\t\t\t\t<div class=\"elementor-widget-container\">\n\t\t\t\t\t\t\t<div class=\"elementor-image-gallery\">\n\t\t\t<div id='gallery-1' class='gallery galleryid-1692 gallery-columns-1 gallery-size-medium_large'><figure class='gallery-item'>\n\t\t\t<div class='gallery-icon portrait'>\n\t\t\t\t<img fetchpriority=\"high\" decoding=\"async\" width=\"654\" height=\"690\" src=\"https:\/\/puffvapestore.com\/wp-content\/uploads\/2025\/03\/pvajf16000-36.jpg\" class=\"attachment-medium_large size-medium_large\" alt=\"JNR Falcon 16K Mango Passion Fruit\" aria-describedby=\"gallery-1-1583\" srcset=\"https:\/\/puffvapestore.com\/wp-content\/uploads\/2025\/03\/pvajf16000-36.jpg 654w, https:\/\/puffvapestore.com\/wp-content\/uploads\/2025\/03\/pvajf16000-36-284x300.jpg 284w, https:\/\/puffvapestore.com\/wp-content\/uploads\/2025\/03\/pvajf16000-36-600x633.jpg 600w\" sizes=\"(max-width: 654px) 100vw, 654px\" \/>\n\t\t\t<\/div>\n\t\t\t\t<figcaption class='wp-caption-text gallery-caption' id='gallery-1-1583'>\n\t\t\t\tJNR Falcon 16K Mango Passion Fruit\n\t\t\t\t<\/figcaption><\/figure>\n\t\t<\/div>\n\t\t<\/div>\n\t\t\t\t\t\t<\/div>\n\t\t\t\t<\/div>\n\t\t\t\t<\/div>\n\t\t\t\t\t<\/div>\n\t\t\t\t<\/div>\n\t\t<div class=\"elementor-element elementor-element-7926c6b e-flex e-con-boxed e-con e-parent\" data-id=\"7926c6b\" data-element_type=\"container\" data-e-type=\"container\">\n\t\t\t\t\t<div class=\"e-con-inner\">\n\t\t\t\t<div class=\"elementor-element elementor-element-2b41948 elementor-widget elementor-widget-text-editor\" data-id=\"2b41948\" data-element_type=\"widget\" data-e-type=\"widget\" data-widget_type=\"text-editor.default\">\n\t\t\t\t<div class=\"elementor-widget-container\">\n\t\t\t\t\t\t\t\t\t<h3>Dlaczego JNR Falcon 16000 Mango Passion Fruit jest \u00abdeserem gwiazd\u00bb w bran\u017cy papieros\u00f3w elektronicznych?<\/h3><h4>Smak, jak barma\u0144skie arcydzie\u0142o<\/h4><p>To nie jest zwyk\u0142y owocowy zapach, ale starannie wymieszana tropikalna ekstrawagancja. Kremowa s\u0142odycz mango i lekko cierpka, orze\u017awiaj\u0105ca marakuja \u0142\u0105cz\u0105 si\u0119 w idealnej r\u00f3wnowadze - ani zbyt s\u0142odkie, ani zbyt pobudzaj\u0105ce, podobnie jak szklanka wy\u015bmienitego koktajlu \u015bwie\u017co przygotowanego w regionie Bask\u00f3w, dzi\u0119ki czemu ka\u017cda inhalacja dymu jest luksusow\u0105 podr\u00f3\u017c\u0105 smakow\u0105.<\/p><h4>\u017bywotno\u015b\u0107 baterii jest jak butelka szampana, kt\u00f3ra nigdy si\u0119 nie ko\u0144czy<\/h4><p>16 000 wra\u017ce\u0144 z palenia, jak wiecz\u00f3r, kt\u00f3ry nigdy si\u0119 nie ko\u0144czy, zawsze w najlepszym wydaniu. Wyposa\u017cony w e-liquid o du\u017cej pojemno\u015bci 22 ml, nie musisz cz\u0119sto zmienia\u0107 urz\u0105dze\u0144 i mo\u017cesz skoncentrowa\u0107 si\u0119 na cieszeniu si\u0119 ka\u017cd\u0105 chwil\u0105 smaku.<\/p><h4>\u0141adowanie tak szybkie i wydajne jak w paryskim metrze<\/h4><p>Podw\u00f3jne \u0142adowanie Type-C i Lightning u\u0142atwia \u0142adowanie, niezale\u017cnie od tego, czy jeste\u015b fanem Apple, czy Androida, i nie musisz szale\u0107 z powodu braku odpowiedniego kabla do \u0142adowania. Akumulator o pojemno\u015bci 850 mAh oznacza, \u017ce mo\u017cesz w pe\u0142ni na\u0142adowa\u0107 sw\u00f3j telefon kiedykolwiek i gdziekolwiek chcesz, tak jak noszenie przy sobie ekspresu do kawy, kt\u00f3ry jest zawsze w trybie gotowo\u015bci i nigdy nie pozwala na \u00abutrat\u0119 zasilania\u00bb.<\/p><h4>Dym g\u0119sty jak poranna mg\u0142a na Montmartre<\/h4><p>Technologia podw\u00f3jnej cewki siatkowej sprawia, \u017ce smak jest delikatniejszy, a ka\u017cde zaci\u0105gni\u0119cie si\u0119 dymem zapewnia jedwabi\u015bcie g\u0142adk\u0105 konsystencj\u0119, jednocze\u015bnie uwalniaj\u0105c pe\u0142ny dym, aby stworzy\u0107 prawdziwie wci\u0105gaj\u0105ce doznania podczas palenia. Regulowany przep\u0142yw powietrza daje swobod\u0119 wyboru mocnego uderzenia w gard\u0142o lub lekkiego, g\u0142adkiego doznania, podobnie jak francuska dba\u0142o\u015b\u0107 o kaw\u0119 - espresso i Americano, wszystko zale\u017cy od nastroju.<\/p><h3>JNR Falcon 16000 Mango Passion Fruit: Dodaj francuskiego akcentu do swojego \u017cycia<\/h3><p>Ten elektroniczny papieros to nie tylko urz\u0105dzenie do dostarczania nikotyny, to styl \u017cycia, poszukiwanie smaku i nastawienie. Jest dla tych, kt\u00f3rzy ciesz\u0105 si\u0119 \u017cyciem, szukaj\u0105 szczeg\u00f3\u0142\u00f3w i lubi\u0105 odkrywa\u0107. Niezale\u017cnie od tego, czy siedzisz na tarasie kawiarni w Pary\u017cu, na promenadzie w Nicei czy w bistro w Lyonie, b\u0119dzie to Tw\u00f3j idealny towarzysz.<\/p>\t\t\t\t\t\t\t\t<\/div>\n\t\t\t\t<\/div>\n\t\t\t\t\t<\/div>\n\t\t\t\t<\/div>\n\t\t\t\t<\/div>","protected":false},"excerpt":{"rendered":"<p>Cigarette JNR Falcon 16000 Jet Black Mangue Fruit de la Passion Imaginez-vous assis au bord de la Seine au cr\u00e9puscule dans les rues de Paris, tenant un cocktail fra\u00eechement pr\u00e9par\u00e9 \u00e0 la main et un l\u00e9ger parfum sucr\u00e9 dans l&rsquo;air &#8211; c&rsquo;est exactement la sensation apport\u00e9e par JNR Falcon 16000 Mango Passion Fruit. Apr\u00e8s une [&hellip;]<\/p>\n","protected":false},"featured_media":1583,"comment_status":"open","ping_status":"closed","template":"","meta":{"site-sidebar-layout":"no-sidebar","site-content-layout":"page-builder","ast-site-content-layout":"normal-width-container","site-content-style":"default","site-sidebar-style":"default","ast-global-header-display":"","ast-banner-title-visibility":"","ast-main-header-display":"","ast-hfb-above-header-display":"","ast-hfb-below-header-display":"","ast-hfb-mobile-header-display":"","site-post-title":"disabled","ast-breadcrumbs-content":"","ast-featured-img":"disabled","footer-sml-layout":"","ast-disable-related-posts":"","theme-transparent-header-meta":"default","adv-header-id-meta":"","stick-header-meta":"default","header-above-stick-meta":"","header-main-stick-meta":"","header-below-stick-meta":"","astra-migrate-meta-layouts":"set","ast-page-background-enabled":"default","ast-page-background-meta":{"desktop":{"background-color":"","background-image":"","background-repeat":"repeat","background-position":"center center","background-size":"auto","background-attachment":"scroll","background-type":"","background-media":"","overlay-type":"","overlay-color":"","overlay-opacity":"","overlay-gradient":""},"tablet":{"background-color":"","background-image":"","background-repeat":"repeat","background-position":"center center","background-size":"auto","background-attachment":"scroll","background-type":"","background-media":"","overlay-type":"","overlay-color":"","overlay-opacity":"","overlay-gradient":""},"mobile":{"background-color":"","background-image":"","background-repeat":"repeat","background-position":"center center","background-size":"auto","background-attachment":"scroll","background-type":"","background-media":"","overlay-type":"","overlay-color":"","overlay-opacity":"","overlay-gradient":""}},"ast-content-background-meta":{"desktop":{"background-color":"var(--ast-global-color-5)","background-image":"","background-repeat":"repeat","background-position":"center center","background-size":"auto","background-attachment":"scroll","background-type":"","background-media":"","overlay-type":"","overlay-color":"","overlay-opacity":"","overlay-gradient":""},"tablet":{"background-color":"var(--ast-global-color-5)","background-image":"","background-repeat":"repeat","background-position":"center center","background-size":"auto","background-attachment":"scroll","background-type":"","background-media":"","overlay-type":"","overlay-color":"","overlay-opacity":"","overlay-gradient":""},"mobile":{"background-color":"var(--ast-global-color-5)","background-image":"","background-repeat":"repeat","background-position":"center center","background-size":"auto","background-attachment":"scroll","background-type":"","background-media":"","overlay-type":"","overlay-color":"","overlay-opacity":"","overlay-gradient":""}}},"product_brand":[30],"product_cat":[15,81,77,36,32],"product_tag":[],"class_list":{"0":"post-1692","1":"product","2":"type-product","3":"status-publish","4":"has-post-thumbnail","6":"product_brand-jnr","7":"product_cat-magasin-cigarette-electronique","8":"product_cat-puff-16k","9":"product_cat-entrepot-de-lue","10":"product_cat-jnr-16k","11":"product_cat-puff-jnr-16k","12":"desktop-align-center","13":"tablet-align-center","14":"mobile-align-center","15":"ast-product-gallery-layout-horizontal","16":"ast-product-gallery-with-no-image","17":"ast-product-single-variable","18":"ast-product-tabs-layout-horizontal","19":"ast-qv-on-image","21":"first","22":"instock","23":"sale","24":"shipping-taxable","25":"purchasable","26":"product-type-variable","27":"has-default-attributes"},"tiered_pricing_type":"fixed","tiered_pricing_fixed_rules":{"30":9.88,"60":9.26,"100":8.06,"200":7.38,"500":6.98,"1000":6.8},"tiered_pricing_product_settings":{"layout":"default","base_unit_name":{"singular":null,"plural":null},"default_variation":null},"tiered_pricing_minimum_quantity":null,"tiered_pricing_roles_data":[],"tiered_pricing_percentage_rules":[],"_links":{"self":[{"href":"https:\/\/puffvapestore.com\/pl\/wp-json\/wp\/v2\/product\/1692","targetHints":{"allow":["GET"]}}],"collection":[{"href":"https:\/\/puffvapestore.com\/pl\/wp-json\/wp\/v2\/product"}],"about":[{"href":"https:\/\/puffvapestore.com\/pl\/wp-json\/wp\/v2\/types\/product"}],"replies":[{"embeddable":true,"href":"https:\/\/puffvapestore.com\/pl\/wp-json\/wp\/v2\/comments?post=1692"}],"version-history":[{"count":18,"href":"https:\/\/puffvapestore.com\/pl\/wp-json\/wp\/v2\/product\/1692\/revisions"}],"predecessor-version":[{"id":17747,"href":"https:\/\/puffvapestore.com\/pl\/wp-json\/wp\/v2\/product\/1692\/revisions\/17747"}],"wp:featuredmedia":[{"embeddable":true,"href":"https:\/\/puffvapestore.com\/pl\/wp-json\/wp\/v2\/media\/1583"}],"wp:attachment":[{"href":"https:\/\/puffvapestore.com\/pl\/wp-json\/wp\/v2\/media?parent=1692"}],"wp:term":[{"taxonomy":"product_brand","embeddable":true,"href":"https:\/\/puffvapestore.com\/pl\/wp-json\/wp\/v2\/product_brand?post=1692"},{"taxonomy":"product_cat","embeddable":true,"href":"https:\/\/puffvapestore.com\/pl\/wp-json\/wp\/v2\/product_cat?post=1692"},{"taxonomy":"product_tag","embeddable":true,"href":"https:\/\/puffvapestore.com\/pl\/wp-json\/wp\/v2\/product_tag?post=1692"}],"curies":[{"name":"wp","href":"https:\/\/api.w.org\/{rel}","templated":true}]}}