{"id":1686,"date":"2025-03-23T02:42:11","date_gmt":"2025-03-23T02:42:11","guid":{"rendered":"https:\/\/puffvapestore.com\/?post_type=product&#038;p=1686"},"modified":"2026-04-20T11:07:52","modified_gmt":"2026-04-20T11:07:52","slug":"jnr-falcon-16000-cigarette-electronique-jetable-blueberry-red-raspberry","status":"publish","type":"product","link":"https:\/\/puffvapestore.com\/pl\/product\/jnr-falcon-16000-jednorazowy-elektroniczny-papieros-jagoda-czerwona-malina\/","title":{"rendered":"JNR Falcon 16000 Jednorazowy papieros elektroniczny Blueberry Red Raspberry"},"content":{"rendered":"<div data-elementor-type=\"wp-post\" data-elementor-id=\"1686\" class=\"elementor elementor-1686\">\n\t\t\t\t<div class=\"elementor-element elementor-element-824a998 e-flex e-con-boxed e-con e-parent\" data-id=\"824a998\" data-element_type=\"container\" data-e-type=\"container\">\n\t\t\t\t\t<div class=\"e-con-inner\">\n\t\t\t\t<div class=\"elementor-element elementor-element-55fd5fa elementor-widget elementor-widget-text-editor\" data-id=\"55fd5fa\" data-element_type=\"widget\" data-e-type=\"widget\" data-widget_type=\"text-editor.default\">\n\t\t\t\t<div class=\"elementor-widget-container\">\n\t\t\t\t\t\t\t\t\t<h2>Jednorazowy papieros elektroniczny JNR Falcon 16000 Blueberry Red Raspberry<\/h2><p>Francuzi wiedz\u0105, jak cieszy\u0107 si\u0119 \u017cyciem. La <strong>Smak Blueberry Red Raspberry od JNR Falcon 16000<\/strong> jest idealn\u0105 interpretacj\u0105 tej filozofii - ka\u017cde zaci\u0105gni\u0119cie si\u0119 dymem jest jak kradzie\u017c p\u00f3\u0142dniowego wypoczynku w prowansalskich sadach, poniewa\u017c g\u0142\u0119boka s\u0142odycz bor\u00f3wek i lekko kwa\u015bne, \u015bwie\u017ce czerwone maliny przeplataj\u0105 si\u0119, przynosz\u0105c w\u0119drown\u0105 podr\u00f3\u017c do kubk\u00f3w smakowych.<\/p>\t\t\t\t\t\t\t\t<\/div>\n\t\t\t\t<\/div>\n\t\t\t\t\t<\/div>\n\t\t\t\t<\/div>\n\t\t<div class=\"elementor-element elementor-element-942ccb0 e-flex e-con-boxed e-con e-parent\" data-id=\"942ccb0\" data-element_type=\"container\" data-e-type=\"container\">\n\t\t\t\t\t<div class=\"e-con-inner\">\n\t\t<div class=\"elementor-element elementor-element-577deeb e-con-full e-flex e-con e-child\" data-id=\"577deeb\" data-element_type=\"container\" data-e-type=\"container\">\n\t\t\t\t<div class=\"elementor-element elementor-element-5d167cf elementor-widget elementor-widget-text-editor\" data-id=\"5d167cf\" data-element_type=\"widget\" data-e-type=\"widget\" data-widget_type=\"text-editor.default\">\n\t\t\t\t<div class=\"elementor-widget-container\">\n\t\t\t\t\t\t\t\t\t<h2>Szczeg\u00f3\u0142y JNR Falcon 16000 Blueberry Red Raspberry<\/h2><p>Puffy : Do 16 000 zaci\u0105gni\u0119\u0107<br \/>P\u0142yn: 22 ml<br \/>Poziomy nikotyny: 0 %, 2 %, 5 %<br \/>Op\u00f3r: 1,0 ohm<br \/>Pojemno\u015b\u0107 baterii: 850 mAh<br \/>\u0141adowanie: Typ-C<br \/>Podw\u00f3jna siatka i podw\u00f3jna odporno\u015b\u0107 rdzenia<br \/>Wymiary: 53,5 x 32 x 110 mm<\/p>\t\t\t\t\t\t\t\t<\/div>\n\t\t\t\t<\/div>\n\t\t\t\t<\/div>\n\t\t<div class=\"elementor-element elementor-element-d5e4b56 e-con-full e-flex e-con e-child\" data-id=\"d5e4b56\" data-element_type=\"container\" data-e-type=\"container\">\n\t\t\t\t<div class=\"elementor-element elementor-element-381dfcb elementor-widget elementor-widget-image-gallery\" data-id=\"381dfcb\" data-element_type=\"widget\" data-e-type=\"widget\" data-widget_type=\"image-gallery.default\">\n\t\t\t\t<div class=\"elementor-widget-container\">\n\t\t\t\t\t\t\t<div class=\"elementor-image-gallery\">\n\t\t\t<div id='gallery-1' class='gallery galleryid-1686 gallery-columns-1 gallery-size-medium_large'><figure class='gallery-item'>\n\t\t\t<div class='gallery-icon portrait'>\n\t\t\t\t<img fetchpriority=\"high\" decoding=\"async\" width=\"654\" height=\"690\" src=\"https:\/\/puffvapestore.com\/wp-content\/uploads\/2025\/03\/pvajf16000-31.jpg\" class=\"attachment-medium_large size-medium_large\" alt=\"JNR Falcon 16K Blueberry Red Raspberry\" aria-describedby=\"gallery-1-1578\" srcset=\"https:\/\/puffvapestore.com\/wp-content\/uploads\/2025\/03\/pvajf16000-31.jpg 654w, https:\/\/puffvapestore.com\/wp-content\/uploads\/2025\/03\/pvajf16000-31-284x300.jpg 284w, https:\/\/puffvapestore.com\/wp-content\/uploads\/2025\/03\/pvajf16000-31-600x633.jpg 600w\" sizes=\"(max-width: 654px) 100vw, 654px\" \/>\n\t\t\t<\/div>\n\t\t\t\t<figcaption class='wp-caption-text gallery-caption' id='gallery-1-1578'>\n\t\t\t\tJNR Falcon 16K Blueberry Red Raspberry\n\t\t\t\t<\/figcaption><\/figure>\n\t\t<\/div>\n\t\t<\/div>\n\t\t\t\t\t\t<\/div>\n\t\t\t\t<\/div>\n\t\t\t\t<\/div>\n\t\t\t\t\t<\/div>\n\t\t\t\t<\/div>\n\t\t<div class=\"elementor-element elementor-element-7926c6b e-flex e-con-boxed e-con e-parent\" data-id=\"7926c6b\" data-element_type=\"container\" data-e-type=\"container\">\n\t\t\t\t\t<div class=\"e-con-inner\">\n\t\t\t\t<div class=\"elementor-element elementor-element-2b41948 elementor-widget elementor-widget-text-editor\" data-id=\"2b41948\" data-element_type=\"widget\" data-e-type=\"widget\" data-widget_type=\"text-editor.default\">\n\t\t\t\t<div class=\"elementor-widget-container\">\n\t\t\t\t\t\t\t\t\t<h3>Kiedy elektroniczny papieros staje si\u0119 r\u00f3wnie\u017c rodzajem \u00abfrancuskiego deseru\u00bb<\/h3><p>Wyobra\u017a sobie, \u017ce siedzisz w kawiarni na \u015bwie\u017cym powietrzu nad brzegiem Sekwany w Pary\u017cu, z fili\u017cank\u0105 \u015bwie\u017co zmielonego espresso w d\u0142oni i aromatem \u015bwie\u017co upieczonych rogalik\u00f3w w powietrzu. W tym momencie, <strong>zaci\u0105gni\u0119cie si\u0119 papierosem JNR Falcon 16000<\/strong>, Owocowy, \u0142agodny aromat jag\u00f3d natychmiast otula czubek j\u0119zyka, po czym nast\u0119puje subtelny s\u0142odko-kwa\u015bny smak czerwonych malin, jakby \u0142y\u017cka starannie przygotowanego d\u017cemu zosta\u0142a rozsmarowana na mi\u0119kkim chlebie posmarowanym mas\u0142em. To nie tylko elektroniczny papieros, to romantyczne spotkanie ze smakiem.<\/p><h3>Co sprawia, \u017ce ten smak jest tak wyj\u0105tkowy?<\/h3><ul><li>\u0141agodna s\u0142odycz jag\u00f3d jest tak bogata i z\u0142o\u017cona jak czerwone wino Bordeaux, przynosz\u0105c dar natury, kt\u00f3ry sprawia, \u017ce ka\u017cde zaci\u0105gni\u0119cie si\u0119 dymem jest pe\u0142ne g\u0142\u0119bi.<\/li><li>Lekko cierpki owocowy aromat czerwonych malin, odrobina duszy francuskich deser\u00f3w, dodaje witalno\u015bci i lekko\u015bci ca\u0142emu smakowi.<\/li><li>Idealne po\u0142\u0105czenie tych dw\u00f3ch sk\u0142adnik\u00f3w tworzy ciep\u0142y, ale orze\u017awiaj\u0105cy smak, kt\u00f3remu nie mo\u017cna si\u0119 oprze\u0107.<\/li><\/ul><h3>Po\u0142\u0105czenie technologii i francuskiej elegancji<\/h3><p>Oczywi\u015bcie JNR Falcon 16000 oferuje znacznie wi\u0119cej ni\u017c tylko niesamowity smak. Technologia Dual Mesh Coil zapewnia pe\u0142ny, aromatyczny dym przy ka\u017cdym zaci\u0105gni\u0119ciu, a regulowany system przep\u0142ywu powietrza pozwala wybra\u0107 intensywne lub lekkie doznania podczas waporyzacji. W po\u0142\u0105czeniu z akumulatorem 850 mAh i dwoma portami \u0142adowania Type-C i Lightning, ten e-papieros odzwierciedla klasyczny design, kt\u00f3ry kochaj\u0105 Francuzi - elegancki bez uszczerbku dla praktyczno\u015bci.<\/p>\t\t\t\t\t\t\t\t<\/div>\n\t\t\t\t<\/div>\n\t\t\t\t\t<\/div>\n\t\t\t\t<\/div>\n\t\t\t\t<\/div>","protected":false},"excerpt":{"rendered":"<p>Cigarette \u00e9lectronique jetable JNR Falcon 16000 Myrtille Rouge Framboise S&rsquo;il y a une chose que les Fran\u00e7ais savent, c&rsquo;est profiter de la vie. La saveur Myrtille Rouge Framboise du JNR Falcon 16000 est l&rsquo;interpr\u00e9tation parfaite de cette philosophie &#8211; chaque bouff\u00e9e de fum\u00e9e est comme voler une demi-journ\u00e9e de loisirs dans les vergers de Provence, [&hellip;]<\/p>\n","protected":false},"featured_media":1578,"comment_status":"open","ping_status":"closed","template":"","meta":{"site-sidebar-layout":"no-sidebar","site-content-layout":"page-builder","ast-site-content-layout":"normal-width-container","site-content-style":"default","site-sidebar-style":"default","ast-global-header-display":"","ast-banner-title-visibility":"","ast-main-header-display":"","ast-hfb-above-header-display":"","ast-hfb-below-header-display":"","ast-hfb-mobile-header-display":"","site-post-title":"disabled","ast-breadcrumbs-content":"","ast-featured-img":"disabled","footer-sml-layout":"","ast-disable-related-posts":"","theme-transparent-header-meta":"default","adv-header-id-meta":"","stick-header-meta":"default","header-above-stick-meta":"","header-main-stick-meta":"","header-below-stick-meta":"","astra-migrate-meta-layouts":"set","ast-page-background-enabled":"default","ast-page-background-meta":{"desktop":{"background-color":"","background-image":"","background-repeat":"repeat","background-position":"center center","background-size":"auto","background-attachment":"scroll","background-type":"","background-media":"","overlay-type":"","overlay-color":"","overlay-opacity":"","overlay-gradient":""},"tablet":{"background-color":"","background-image":"","background-repeat":"repeat","background-position":"center center","background-size":"auto","background-attachment":"scroll","background-type":"","background-media":"","overlay-type":"","overlay-color":"","overlay-opacity":"","overlay-gradient":""},"mobile":{"background-color":"","background-image":"","background-repeat":"repeat","background-position":"center center","background-size":"auto","background-attachment":"scroll","background-type":"","background-media":"","overlay-type":"","overlay-color":"","overlay-opacity":"","overlay-gradient":""}},"ast-content-background-meta":{"desktop":{"background-color":"var(--ast-global-color-5)","background-image":"","background-repeat":"repeat","background-position":"center center","background-size":"auto","background-attachment":"scroll","background-type":"","background-media":"","overlay-type":"","overlay-color":"","overlay-opacity":"","overlay-gradient":""},"tablet":{"background-color":"var(--ast-global-color-5)","background-image":"","background-repeat":"repeat","background-position":"center center","background-size":"auto","background-attachment":"scroll","background-type":"","background-media":"","overlay-type":"","overlay-color":"","overlay-opacity":"","overlay-gradient":""},"mobile":{"background-color":"var(--ast-global-color-5)","background-image":"","background-repeat":"repeat","background-position":"center center","background-size":"auto","background-attachment":"scroll","background-type":"","background-media":"","overlay-type":"","overlay-color":"","overlay-opacity":"","overlay-gradient":""}}},"product_brand":[30],"product_cat":[15,81,77,34,36,31],"product_tag":[],"class_list":{"0":"post-1686","1":"product","2":"type-product","3":"status-publish","4":"has-post-thumbnail","6":"product_brand-jnr","7":"product_cat-magasin-cigarette-electronique","8":"product_cat-puff-16k","9":"product_cat-entrepot-de-lue","10":"product_cat-puff-jnr","11":"product_cat-jnr-16k","12":"product_cat-jnr-falcon","13":"desktop-align-center","14":"tablet-align-center","15":"mobile-align-center","16":"ast-product-gallery-layout-horizontal","17":"ast-product-gallery-with-no-image","18":"ast-product-single-variable","19":"ast-product-tabs-layout-horizontal","20":"ast-qv-on-image","22":"first","23":"instock","24":"sale","25":"shipping-taxable","26":"purchasable","27":"product-type-variable","28":"has-default-attributes"},"tiered_pricing_type":"fixed","tiered_pricing_fixed_rules":{"30":9.88,"60":9.26,"100":8.06,"200":7.38,"500":6.98,"1000":6.8},"tiered_pricing_product_settings":{"layout":"default","base_unit_name":{"singular":null,"plural":null},"default_variation":null},"tiered_pricing_minimum_quantity":null,"tiered_pricing_roles_data":[],"tiered_pricing_percentage_rules":[],"_links":{"self":[{"href":"https:\/\/puffvapestore.com\/pl\/wp-json\/wp\/v2\/product\/1686","targetHints":{"allow":["GET"]}}],"collection":[{"href":"https:\/\/puffvapestore.com\/pl\/wp-json\/wp\/v2\/product"}],"about":[{"href":"https:\/\/puffvapestore.com\/pl\/wp-json\/wp\/v2\/types\/product"}],"replies":[{"embeddable":true,"href":"https:\/\/puffvapestore.com\/pl\/wp-json\/wp\/v2\/comments?post=1686"}],"version-history":[{"count":18,"href":"https:\/\/puffvapestore.com\/pl\/wp-json\/wp\/v2\/product\/1686\/revisions"}],"predecessor-version":[{"id":17751,"href":"https:\/\/puffvapestore.com\/pl\/wp-json\/wp\/v2\/product\/1686\/revisions\/17751"}],"wp:featuredmedia":[{"embeddable":true,"href":"https:\/\/puffvapestore.com\/pl\/wp-json\/wp\/v2\/media\/1578"}],"wp:attachment":[{"href":"https:\/\/puffvapestore.com\/pl\/wp-json\/wp\/v2\/media?parent=1686"}],"wp:term":[{"taxonomy":"product_brand","embeddable":true,"href":"https:\/\/puffvapestore.com\/pl\/wp-json\/wp\/v2\/product_brand?post=1686"},{"taxonomy":"product_cat","embeddable":true,"href":"https:\/\/puffvapestore.com\/pl\/wp-json\/wp\/v2\/product_cat?post=1686"},{"taxonomy":"product_tag","embeddable":true,"href":"https:\/\/puffvapestore.com\/pl\/wp-json\/wp\/v2\/product_tag?post=1686"}],"curies":[{"name":"wp","href":"https:\/\/api.w.org\/{rel}","templated":true}]}}