{"id":1674,"date":"2025-03-22T09:27:00","date_gmt":"2025-03-22T09:27:00","guid":{"rendered":"https:\/\/puffvapestore.com\/?post_type=product&#038;p=1674"},"modified":"2026-04-20T11:08:10","modified_gmt":"2026-04-20T11:08:10","slug":"jnr-falcon-16000-vape-blue-razz-ice","status":"publish","type":"product","link":"https:\/\/puffvapestore.com\/pl\/product\/jnr-falcon-16000-vape-blue-razz-ice\/","title":{"rendered":"JNR Falcon 16000 Vape Blue Razz Ice"},"content":{"rendered":"<div data-elementor-type=\"wp-post\" data-elementor-id=\"1674\" class=\"elementor elementor-1674\">\n\t\t\t\t<div class=\"elementor-element elementor-element-824a998 e-flex e-con-boxed e-con e-parent\" data-id=\"824a998\" data-element_type=\"container\" data-e-type=\"container\">\n\t\t\t\t\t<div class=\"e-con-inner\">\n\t\t\t\t<div class=\"elementor-element elementor-element-55fd5fa elementor-widget elementor-widget-text-editor\" data-id=\"55fd5fa\" data-element_type=\"widget\" data-e-type=\"widget\" data-widget_type=\"text-editor.default\">\n\t\t\t\t<div class=\"elementor-widget-container\">\n\t\t\t\t\t\t\t\t\t<h2>JNR Falcon 16000 Vape Blue Razz Ice<\/h2><p>Wyobra\u017a sobie, \u017ce siedzisz wieczorem nad brzegiem Sekwany w Pary\u017cu, z delikatn\u0105 bryz\u0105 i \u015bwie\u017co przygotowanym koktajlem w d\u0142oni. Gdy tylko poczujesz powiew <strong>JNR Falcon 16000 Blue Razz Ice<\/strong>, S\u0142odko-gorzki aromat niebieskich malin eksploduje na podniebieniu. Lodowate uczucie, kt\u00f3re po nim nast\u0119puje, przypomina wycieczk\u0119 w Alpy w \u015brodku lata: \u015bwie\u017ce, stymuluj\u0105ce i uzale\u017cniaj\u0105ce. To nie tylko elektroniczny papieros, to smakowa przygoda i obalenie tradycyjnych smak\u00f3w.<\/p><h3>Niebieska malina + lodowa \u015bwie\u017co\u015b\u0107 = idealne po\u0142\u0105czenie<\/h3><p>We Francji lubimy warstwy smaku, a Blue Razz Ice doskonale to oddaje. Nie jest to md\u0142y, zwyk\u0142y owocowy smak, ale starannie zaaran\u017cowana symfonia smak\u00f3w. Po pierwsze, niebieskie maliny wnosz\u0105 unikalny owocowy smak, kt\u00f3ry le\u017cy gdzie\u015b pomi\u0119dzy s\u0142odkim a cierpkim, stymuluj\u0105c kubki smakowe, ale nie przyt\u0142aczaj\u0105c. \u015awie\u017co\u015b\u0107 pojawia si\u0119 cicho, nadaj\u0105c temu e-papierosowi orze\u017awiaj\u0105cy charakter, kt\u00f3ry nie jest nadmiernie stymuluj\u0105cy, ale wystarczaj\u0105cy, aby utrzyma\u0107 go na d\u0142u\u017cej.<\/p>\t\t\t\t\t\t\t\t<\/div>\n\t\t\t\t<\/div>\n\t\t\t\t\t<\/div>\n\t\t\t\t<\/div>\n\t\t<div class=\"elementor-element elementor-element-942ccb0 e-flex e-con-boxed e-con e-parent\" data-id=\"942ccb0\" data-element_type=\"container\" data-e-type=\"container\">\n\t\t\t\t\t<div class=\"e-con-inner\">\n\t\t<div class=\"elementor-element elementor-element-577deeb e-con-full e-flex e-con e-child\" data-id=\"577deeb\" data-element_type=\"container\" data-e-type=\"container\">\n\t\t\t\t<div class=\"elementor-element elementor-element-5d167cf elementor-widget elementor-widget-text-editor\" data-id=\"5d167cf\" data-element_type=\"widget\" data-e-type=\"widget\" data-widget_type=\"text-editor.default\">\n\t\t\t\t<div class=\"elementor-widget-container\">\n\t\t\t\t\t\t\t\t\t<h2>Szczeg\u00f3\u0142y JNR Falcon 16000 Blue Razz Ice<\/h2><p>Puffy : Do 16 000 zaci\u0105gni\u0119\u0107<br \/>P\u0142yn: 22 ml<br \/>Poziomy nikotyny: 0 %, 2 %, 5 %<br \/>Op\u00f3r: 1,0 ohm<br \/>Pojemno\u015b\u0107 baterii: 850 mAh<br \/>\u0141adowanie: Typ-C<br \/>Podw\u00f3jna siatka i podw\u00f3jna odporno\u015b\u0107 rdzenia<br \/>Wymiary: 53,5 x 32 x 110 mm<\/p>\t\t\t\t\t\t\t\t<\/div>\n\t\t\t\t<\/div>\n\t\t\t\t<\/div>\n\t\t<div class=\"elementor-element elementor-element-d5e4b56 e-con-full e-flex e-con e-child\" data-id=\"d5e4b56\" data-element_type=\"container\" data-e-type=\"container\">\n\t\t\t\t<div class=\"elementor-element elementor-element-381dfcb elementor-widget elementor-widget-image-gallery\" data-id=\"381dfcb\" data-element_type=\"widget\" data-e-type=\"widget\" data-widget_type=\"image-gallery.default\">\n\t\t\t\t<div class=\"elementor-widget-container\">\n\t\t\t\t\t\t\t<div class=\"elementor-image-gallery\">\n\t\t\t<div id='gallery-1' class='gallery galleryid-1674 gallery-columns-1 gallery-size-medium_large'><figure class='gallery-item'>\n\t\t\t<div class='gallery-icon portrait'>\n\t\t\t\t<img fetchpriority=\"high\" decoding=\"async\" width=\"654\" height=\"690\" src=\"https:\/\/puffvapestore.com\/wp-content\/uploads\/2025\/03\/pvajf16000-9.jpg\" class=\"attachment-medium_large size-medium_large\" alt=\"JNR Falcon 16K Blue Razz Ice\" aria-describedby=\"gallery-1-1556\" srcset=\"https:\/\/puffvapestore.com\/wp-content\/uploads\/2025\/03\/pvajf16000-9.jpg 654w, https:\/\/puffvapestore.com\/wp-content\/uploads\/2025\/03\/pvajf16000-9-284x300.jpg 284w, https:\/\/puffvapestore.com\/wp-content\/uploads\/2025\/03\/pvajf16000-9-600x633.jpg 600w\" sizes=\"(max-width: 654px) 100vw, 654px\" \/>\n\t\t\t<\/div>\n\t\t\t\t<figcaption class='wp-caption-text gallery-caption' id='gallery-1-1556'>\n\t\t\t\tJNR Falcon 16K Blue Razz Ice\n\t\t\t\t<\/figcaption><\/figure>\n\t\t<\/div>\n\t\t<\/div>\n\t\t\t\t\t\t<\/div>\n\t\t\t\t<\/div>\n\t\t\t\t<\/div>\n\t\t\t\t\t<\/div>\n\t\t\t\t<\/div>\n\t\t<div class=\"elementor-element elementor-element-7926c6b e-flex e-con-boxed e-con e-parent\" data-id=\"7926c6b\" data-element_type=\"container\" data-e-type=\"container\">\n\t\t\t\t\t<div class=\"e-con-inner\">\n\t\t\t\t<div class=\"elementor-element elementor-element-2b41948 elementor-widget elementor-widget-text-editor\" data-id=\"2b41948\" data-element_type=\"widget\" data-e-type=\"widget\" data-widget_type=\"text-editor.default\">\n\t\t\t\t<div class=\"elementor-widget-container\">\n\t\t\t\t\t\t\t\t\t<h3>Francuska elegancja, idealna dla Ciebie<\/h3><p>Le <strong>JNR Falcon 16000 Vape Blue Razz Ice<\/strong> nie tylko wyr\u00f3\u017cnia si\u0119 pod wzgl\u0119dem funkcjonalno\u015bci, ale jego krystalicznie czysty design spe\u0142nia r\u00f3wnie\u017c najwy\u017csze wymagania estetyczne Francuz\u00f3w. Niezale\u017cnie od tego, czy jest to rozmowa w kawiarni, czy w neonowych \u015bwiat\u0142ach wieczoru o p\u00f3\u0142nocy, mo\u017ce sta\u0107 si\u0119 wyrazem Twojego stylu. W ko\u0144cu we Francji smak i moda id\u0105 w parze.<\/p><h3>Dlaczego JNR Falcon 16000 Vape Blue Razz Ice?<\/h3><ul><li><strong>Wi\u0119cej ni\u017c s\u0142odycz<\/strong> - S\u0142odko-kwa\u015bna r\u00f3wnowaga niebieskich malin jest niezapomniana.<\/li><li><strong>B\u0142ogos\u0142awie\u0144stwo doznania lodu<\/strong> - Od\u015bwie\u017caj\u0105cy i kompletny, odpowiedni na ka\u017cd\u0105 okazj\u0119<\/li><li><strong>Bardzo d\u0142uga \u017cywotno\u015b\u0107 baterii<\/strong> - 16 000 razy, koniec z cz\u0119stymi problemami z wymian\u0105<\/li><li><strong>Znakomity design<\/strong> - Elegancki kryszta\u0142owy wygl\u0105d, dyskretny luksus<\/li><\/ul><h3>Zdefiniuj na nowo swoje wra\u017cenia z palenia<\/h3><p>Francuzi wiedz\u0105, jak cieszy\u0107 si\u0119 \u017cyciem, a <strong>JNR Falcon 16000 Blue Razz Ice<\/strong> jest dla ludzi, kt\u00f3rzy chc\u0105 jako\u015bci \u017cycia. To nie tylko elektroniczny papieros, ale postawa, wytrwa\u0142o\u015b\u0107 w smaku i d\u0105\u017cenie do wolno\u015bci.<\/p><p>Powiew Blue Razz Ice sprawia, \u017ce \u015bwiat staje si\u0119 nieco ch\u0142odniejszy.<\/p>\t\t\t\t\t\t\t\t<\/div>\n\t\t\t\t<\/div>\n\t\t\t\t\t<\/div>\n\t\t\t\t<\/div>\n\t\t\t\t<\/div>","protected":false},"excerpt":{"rendered":"<p>JNR Falcon 16000 Vape Bleu Razz Ice Imaginez que vous \u00eates assis au bord de la Seine \u00e0 Paris le soir, avec une douce brise qui souffle et un cocktail fra\u00eechement pr\u00e9par\u00e9 \u00e0 la main. D\u00e8s que vous prenez une bouff\u00e9e de JNR Falcon 16000 Blue Razz Ice, l&rsquo;ar\u00f4me sucr\u00e9-amer des framboises bleues explose en [&hellip;]<\/p>\n","protected":false},"featured_media":1556,"comment_status":"open","ping_status":"closed","template":"","meta":{"site-sidebar-layout":"no-sidebar","site-content-layout":"page-builder","ast-site-content-layout":"normal-width-container","site-content-style":"default","site-sidebar-style":"default","ast-global-header-display":"","ast-banner-title-visibility":"","ast-main-header-display":"","ast-hfb-above-header-display":"","ast-hfb-below-header-display":"","ast-hfb-mobile-header-display":"","site-post-title":"disabled","ast-breadcrumbs-content":"","ast-featured-img":"disabled","footer-sml-layout":"","ast-disable-related-posts":"","theme-transparent-header-meta":"default","adv-header-id-meta":"","stick-header-meta":"default","header-above-stick-meta":"","header-main-stick-meta":"","header-below-stick-meta":"","astra-migrate-meta-layouts":"set","ast-page-background-enabled":"default","ast-page-background-meta":{"desktop":{"background-color":"","background-image":"","background-repeat":"repeat","background-position":"center center","background-size":"auto","background-attachment":"scroll","background-type":"","background-media":"","overlay-type":"","overlay-color":"","overlay-opacity":"","overlay-gradient":""},"tablet":{"background-color":"","background-image":"","background-repeat":"repeat","background-position":"center center","background-size":"auto","background-attachment":"scroll","background-type":"","background-media":"","overlay-type":"","overlay-color":"","overlay-opacity":"","overlay-gradient":""},"mobile":{"background-color":"","background-image":"","background-repeat":"repeat","background-position":"center center","background-size":"auto","background-attachment":"scroll","background-type":"","background-media":"","overlay-type":"","overlay-color":"","overlay-opacity":"","overlay-gradient":""}},"ast-content-background-meta":{"desktop":{"background-color":"var(--ast-global-color-5)","background-image":"","background-repeat":"repeat","background-position":"center center","background-size":"auto","background-attachment":"scroll","background-type":"","background-media":"","overlay-type":"","overlay-color":"","overlay-opacity":"","overlay-gradient":""},"tablet":{"background-color":"var(--ast-global-color-5)","background-image":"","background-repeat":"repeat","background-position":"center center","background-size":"auto","background-attachment":"scroll","background-type":"","background-media":"","overlay-type":"","overlay-color":"","overlay-opacity":"","overlay-gradient":""},"mobile":{"background-color":"var(--ast-global-color-5)","background-image":"","background-repeat":"repeat","background-position":"center center","background-size":"auto","background-attachment":"scroll","background-type":"","background-media":"","overlay-type":"","overlay-color":"","overlay-opacity":"","overlay-gradient":""}}},"product_brand":[30],"product_cat":[15,81,77,36,31,32],"product_tag":[],"class_list":{"0":"post-1674","1":"product","2":"type-product","3":"status-publish","4":"has-post-thumbnail","6":"product_brand-jnr","7":"product_cat-magasin-cigarette-electronique","8":"product_cat-puff-16k","9":"product_cat-entrepot-de-lue","10":"product_cat-jnr-16k","11":"product_cat-jnr-falcon","12":"product_cat-puff-jnr-16k","13":"desktop-align-center","14":"tablet-align-center","15":"mobile-align-center","16":"ast-product-gallery-layout-horizontal","17":"ast-product-gallery-with-no-image","18":"ast-product-single-variable","19":"ast-product-tabs-layout-horizontal","20":"ast-qv-on-image","22":"first","23":"instock","24":"sale","25":"shipping-taxable","26":"purchasable","27":"product-type-variable","28":"has-default-attributes"},"tiered_pricing_type":"fixed","tiered_pricing_fixed_rules":{"30":9.88,"60":9.26,"100":8.06,"200":7.38,"500":6.98,"1000":6.8},"tiered_pricing_product_settings":{"layout":"default","base_unit_name":{"singular":null,"plural":null},"default_variation":null},"tiered_pricing_minimum_quantity":null,"tiered_pricing_roles_data":[],"tiered_pricing_percentage_rules":[],"_links":{"self":[{"href":"https:\/\/puffvapestore.com\/pl\/wp-json\/wp\/v2\/product\/1674","targetHints":{"allow":["GET"]}}],"collection":[{"href":"https:\/\/puffvapestore.com\/pl\/wp-json\/wp\/v2\/product"}],"about":[{"href":"https:\/\/puffvapestore.com\/pl\/wp-json\/wp\/v2\/types\/product"}],"replies":[{"embeddable":true,"href":"https:\/\/puffvapestore.com\/pl\/wp-json\/wp\/v2\/comments?post=1674"}],"version-history":[{"count":18,"href":"https:\/\/puffvapestore.com\/pl\/wp-json\/wp\/v2\/product\/1674\/revisions"}],"predecessor-version":[{"id":17763,"href":"https:\/\/puffvapestore.com\/pl\/wp-json\/wp\/v2\/product\/1674\/revisions\/17763"}],"wp:featuredmedia":[{"embeddable":true,"href":"https:\/\/puffvapestore.com\/pl\/wp-json\/wp\/v2\/media\/1556"}],"wp:attachment":[{"href":"https:\/\/puffvapestore.com\/pl\/wp-json\/wp\/v2\/media?parent=1674"}],"wp:term":[{"taxonomy":"product_brand","embeddable":true,"href":"https:\/\/puffvapestore.com\/pl\/wp-json\/wp\/v2\/product_brand?post=1674"},{"taxonomy":"product_cat","embeddable":true,"href":"https:\/\/puffvapestore.com\/pl\/wp-json\/wp\/v2\/product_cat?post=1674"},{"taxonomy":"product_tag","embeddable":true,"href":"https:\/\/puffvapestore.com\/pl\/wp-json\/wp\/v2\/product_tag?post=1674"}],"curies":[{"name":"wp","href":"https:\/\/api.w.org\/{rel}","templated":true}]}}