{"id":1668,"date":"2025-03-22T06:18:18","date_gmt":"2025-03-22T06:18:18","guid":{"rendered":"https:\/\/puffvapestore.com\/?post_type=product&#038;p=1668"},"modified":"2026-04-20T11:08:22","modified_gmt":"2026-04-20T11:08:22","slug":"jnr-falcon-vape-16000-blackberry-red-raspberry","status":"publish","type":"product","link":"https:\/\/puffvapestore.com\/pl\/product\/jnr-falcon-vape-16000-jezyna-czerwona-malina\/","title":{"rendered":"JNR Falcon Vape 16000 Blackberry Red Raspberry"},"content":{"rendered":"<div data-elementor-type=\"wp-post\" data-elementor-id=\"1668\" class=\"elementor elementor-1668\">\n\t\t\t\t<div class=\"elementor-element elementor-element-824a998 e-flex e-con-boxed e-con e-parent\" data-id=\"824a998\" data-element_type=\"container\" data-e-type=\"container\">\n\t\t\t\t\t<div class=\"e-con-inner\">\n\t\t\t\t<div class=\"elementor-element elementor-element-55fd5fa elementor-widget elementor-widget-text-editor\" data-id=\"55fd5fa\" data-element_type=\"widget\" data-e-type=\"widget\" data-widget_type=\"text-editor.default\">\n\t\t\t\t<div class=\"elementor-widget-container\">\n\t\t\t\t\t\t\t\t\t<h2>JNR Falcon Vape 16000 Blackberry Red Raspberry<\/h2><p>We Francji gotowanie to nie tylko przyjemno\u015b\u0107 smakowania, to tak\u017ce sztuka. Kiedy g\u0142\u0119boka s\u0142odycz je\u017cyn spotyka si\u0119 z subteln\u0105 kwasowo\u015bci\u0105 czerwonych malin, rozpoczyna si\u0119 romantyczne spotkanie smak\u00f3w. To <strong>Aromat papierosa elektronicznego Red Mulberry Raspberry<\/strong> jest jak podr\u00f3\u017c przez sady francuskiej wsi. Ka\u017cde zaci\u0105gni\u0119cie si\u0119 dymem pozwala delektowa\u0107 si\u0119 naturalnym, dojrza\u0142ym aromatem owoc\u00f3w.<\/p><h3>Je\u017cyna i czerwona malina, symfonia francuskich smak\u00f3w<\/h3><p>Wyobra\u017a sobie poranny spacer po prowansalskich sadach, powietrze wype\u0142nione aromatem \u015bwie\u017co zebranych je\u017cyn i czerwonych malin. Je\u017cyny wnosz\u0105 nieco dzikiej s\u0142odyczy, niczym \u0142agodny d\u017cem jagodowy, g\u0119sty i g\u0142\u0119boki. Czerwone maliny dodaj\u0105 figlarnej cierpko\u015bci, czyni\u0105c og\u00f3lny smak bardziej zr\u00f3wnowa\u017conym, ani zbyt s\u0142odkim, ani trac\u0105cym warstwowy owocowy smak.<\/p><p>To nie tylko smak, ale do\u015bwiadczenie - jak zam\u00f3wienie specjalnego koktajlu o smaku jagodowym w ma\u0142ej kawiarni na lewym brzegu Pary\u017ca i delektowanie si\u0119 warstwami mieszanki, kt\u00f3r\u0105 zawiera, s\u0142uchaj\u0105c melodyjnej muzyki jazzowej.<\/p>\t\t\t\t\t\t\t\t<\/div>\n\t\t\t\t<\/div>\n\t\t\t\t\t<\/div>\n\t\t\t\t<\/div>\n\t\t<div class=\"elementor-element elementor-element-942ccb0 e-flex e-con-boxed e-con e-parent\" data-id=\"942ccb0\" data-element_type=\"container\" data-e-type=\"container\">\n\t\t\t\t\t<div class=\"e-con-inner\">\n\t\t<div class=\"elementor-element elementor-element-577deeb e-con-full e-flex e-con e-child\" data-id=\"577deeb\" data-element_type=\"container\" data-e-type=\"container\">\n\t\t\t\t<div class=\"elementor-element elementor-element-5d167cf elementor-widget elementor-widget-text-editor\" data-id=\"5d167cf\" data-element_type=\"widget\" data-e-type=\"widget\" data-widget_type=\"text-editor.default\">\n\t\t\t\t<div class=\"elementor-widget-container\">\n\t\t\t\t\t\t\t\t\t<h2>Szczeg\u00f3\u0142y JNR Falcon 16000 Blackberry Red Raspberry<\/h2><p>Puffy : Do 16 000 zaci\u0105gni\u0119\u0107<br \/>P\u0142yn: 22 ml<br \/>Poziomy nikotyny: 0 %, 2 %, 5 %<br \/>Op\u00f3r: 1,0 ohm<br \/>Pojemno\u015b\u0107 baterii: 850 mAh<br \/>\u0141adowanie: Typ-C<br \/>Podw\u00f3jna siatka i podw\u00f3jna odporno\u015b\u0107 rdzenia<br \/>Wymiary: 53,5 x 32 x 110 mm<\/p>\t\t\t\t\t\t\t\t<\/div>\n\t\t\t\t<\/div>\n\t\t\t\t<\/div>\n\t\t<div class=\"elementor-element elementor-element-d5e4b56 e-con-full e-flex e-con e-child\" data-id=\"d5e4b56\" data-element_type=\"container\" data-e-type=\"container\">\n\t\t\t\t<div class=\"elementor-element elementor-element-381dfcb elementor-widget elementor-widget-image-gallery\" data-id=\"381dfcb\" data-element_type=\"widget\" data-e-type=\"widget\" data-widget_type=\"image-gallery.default\">\n\t\t\t\t<div class=\"elementor-widget-container\">\n\t\t\t\t\t\t\t<div class=\"elementor-image-gallery\">\n\t\t\t<div id='gallery-1' class='gallery galleryid-1668 gallery-columns-1 gallery-size-medium_large'><figure class='gallery-item'>\n\t\t\t<div class='gallery-icon portrait'>\n\t\t\t\t<img fetchpriority=\"high\" decoding=\"async\" width=\"654\" height=\"690\" src=\"https:\/\/puffvapestore.com\/wp-content\/uploads\/2025\/03\/pvajf16000-13.jpg\" class=\"attachment-medium_large size-medium_large\" alt=\"JNR Falcon 16K Blackberry Red Raspberry\" aria-describedby=\"gallery-1-1560\" srcset=\"https:\/\/puffvapestore.com\/wp-content\/uploads\/2025\/03\/pvajf16000-13.jpg 654w, https:\/\/puffvapestore.com\/wp-content\/uploads\/2025\/03\/pvajf16000-13-284x300.jpg 284w, https:\/\/puffvapestore.com\/wp-content\/uploads\/2025\/03\/pvajf16000-13-600x633.jpg 600w\" sizes=\"(max-width: 654px) 100vw, 654px\" \/>\n\t\t\t<\/div>\n\t\t\t\t<figcaption class='wp-caption-text gallery-caption' id='gallery-1-1560'>\n\t\t\t\tJNR Falcon 16K Blackberry Red Raspberry\n\t\t\t\t<\/figcaption><\/figure>\n\t\t<\/div>\n\t\t<\/div>\n\t\t\t\t\t\t<\/div>\n\t\t\t\t<\/div>\n\t\t\t\t<\/div>\n\t\t\t\t\t<\/div>\n\t\t\t\t<\/div>\n\t\t<div class=\"elementor-element elementor-element-7926c6b e-flex e-con-boxed e-con e-parent\" data-id=\"7926c6b\" data-element_type=\"container\" data-e-type=\"container\">\n\t\t\t\t\t<div class=\"e-con-inner\">\n\t\t\t\t<div class=\"elementor-element elementor-element-2b41948 elementor-widget elementor-widget-text-editor\" data-id=\"2b41948\" data-element_type=\"widget\" data-e-type=\"widget\" data-widget_type=\"text-editor.default\">\n\t\t\t\t<div class=\"elementor-widget-container\">\n\t\t\t\t\t\t\t\t\t<h3>JNR Falcon Vape 16000 Blackberry Red Raspberry - D\u0142u\u017cszy smak, wi\u0119cej przyjemno\u015bci<\/h3><p>Oczywi\u015bcie pyszne doznania nie musz\u0105 by\u0107 ograniczone czasem. JNR Falcon 16000 pozwala cieszy\u0107 si\u0119 wy\u015bmienitym smakiem tego czerwonego owocu przez 16 000 zaci\u0105gni\u0119\u0107, a ka\u017cda inhalacja to francuska wizyta dla kubk\u00f3w smakowych.<\/p><ul><li>Dzi\u0119ki du\u017cej pojemno\u015bci 22 ml nie trzeba go cz\u0119sto wymienia\u0107 i mo\u017cna w pe\u0142ni zanurzy\u0107 si\u0119 w zapachu jag\u00f3d.<\/li><li>Technologia cewki o podw\u00f3jnych oczkach dok\u0142adnie odwzorowuje delikatny smak je\u017cyn i czerwonych malin, a ka\u017cde zaci\u0105gni\u0119cie si\u0119 dymem jest tak \u015bwie\u017ce, jak \u015bwie\u017co zerwane owoce.<\/li><li>Konstrukcja z mo\u017cliwo\u015bci\u0105 \u0142adowania (bateria 850 mAh, kompatybilno\u015b\u0107 z Type-C i Lightning), dzi\u0119ki czemu mo\u017cesz cieszy\u0107 si\u0119 nieprzerwan\u0105, wci\u0105gaj\u0105c\u0105 francusk\u0105 zabaw\u0105 nad zatok\u0105 w dowolnym miejscu i czasie.<\/li><li>Przep\u0142yw powietrza jest regulowany, wi\u0119c niezale\u017cnie od tego, czy lubisz bogaty, pe\u0142ny dym, czy lekki, g\u0142adki smak, mo\u017cesz go dowolnie kontrolowa\u0107.<\/li><li>R\u0119cznie wykonany kryszta\u0142owy design to nie tylko elektroniczny papieros, to tak\u017ce symbol smaku, doskonale wpisuj\u0105cy si\u0119 w elegancki francuski styl.<\/li><\/ul><h3>Dlaczego Blackberry Red Raspberry?<\/h3><p>We Francji przyjemno\u015b\u0107 smaku jest sposobem na \u017cycie. <strong>Je\u015bli wybierzesz Blackberry Red Raspberr<\/strong>y, wybierasz wyrafinowane do\u015bwiadczenie waporyzacji z francuskim akcentem. Nie jest to zwyk\u0142y smak e-papierosa, ale smakowa eksploracja dojrza\u0142ych aromat\u00f3w owocowych, eleganckich warstw i d\u0142ugiego posmaku.<\/p><p>Niezale\u017cnie od tego, czy jeste\u015b nad brzegiem Sekwany w popo\u0142udniowym s\u0142o\u0144cu, czy na Polach Elizejskich z migaj\u0105cymi neonami w nocy, ten jagodowy aromat stanie si\u0119 najbardziej wykwintnym towarzyszem w Twoich r\u0119kach, sprawiaj\u0105c, \u017ce ka\u017cdy wdech b\u0119dzie smakowit\u0105 podr\u00f3\u017c\u0105.<\/p>\t\t\t\t\t\t\t\t<\/div>\n\t\t\t\t<\/div>\n\t\t\t\t\t<\/div>\n\t\t\t\t<\/div>\n\t\t\t\t<\/div>","protected":false},"excerpt":{"rendered":"<p>JNR Falcon Vape 16000 M\u00fbre Rouge Framboise En France, la cuisine n\u2019est pas seulement un plaisir gustatif, mais aussi un art. Lorsque la douceur profonde des m\u00fbres rencontre l&rsquo;acidit\u00e9 subtile des framboises rouges, une rencontre romantique de saveurs commence. Cette saveur de cigarette \u00e9lectronique M\u00fbre Rouge Framboise est comme un voyage \u00e0 travers les vergers [&hellip;]<\/p>\n","protected":false},"featured_media":1560,"comment_status":"open","ping_status":"closed","template":"","meta":{"site-sidebar-layout":"no-sidebar","site-content-layout":"page-builder","ast-site-content-layout":"normal-width-container","site-content-style":"default","site-sidebar-style":"default","ast-global-header-display":"","ast-banner-title-visibility":"","ast-main-header-display":"","ast-hfb-above-header-display":"","ast-hfb-below-header-display":"","ast-hfb-mobile-header-display":"","site-post-title":"disabled","ast-breadcrumbs-content":"","ast-featured-img":"disabled","footer-sml-layout":"","ast-disable-related-posts":"","theme-transparent-header-meta":"default","adv-header-id-meta":"","stick-header-meta":"default","header-above-stick-meta":"","header-main-stick-meta":"","header-below-stick-meta":"","astra-migrate-meta-layouts":"set","ast-page-background-enabled":"default","ast-page-background-meta":{"desktop":{"background-color":"","background-image":"","background-repeat":"repeat","background-position":"center center","background-size":"auto","background-attachment":"scroll","background-type":"","background-media":"","overlay-type":"","overlay-color":"","overlay-opacity":"","overlay-gradient":""},"tablet":{"background-color":"","background-image":"","background-repeat":"repeat","background-position":"center center","background-size":"auto","background-attachment":"scroll","background-type":"","background-media":"","overlay-type":"","overlay-color":"","overlay-opacity":"","overlay-gradient":""},"mobile":{"background-color":"","background-image":"","background-repeat":"repeat","background-position":"center center","background-size":"auto","background-attachment":"scroll","background-type":"","background-media":"","overlay-type":"","overlay-color":"","overlay-opacity":"","overlay-gradient":""}},"ast-content-background-meta":{"desktop":{"background-color":"var(--ast-global-color-5)","background-image":"","background-repeat":"repeat","background-position":"center center","background-size":"auto","background-attachment":"scroll","background-type":"","background-media":"","overlay-type":"","overlay-color":"","overlay-opacity":"","overlay-gradient":""},"tablet":{"background-color":"var(--ast-global-color-5)","background-image":"","background-repeat":"repeat","background-position":"center center","background-size":"auto","background-attachment":"scroll","background-type":"","background-media":"","overlay-type":"","overlay-color":"","overlay-opacity":"","overlay-gradient":""},"mobile":{"background-color":"var(--ast-global-color-5)","background-image":"","background-repeat":"repeat","background-position":"center center","background-size":"auto","background-attachment":"scroll","background-type":"","background-media":"","overlay-type":"","overlay-color":"","overlay-opacity":"","overlay-gradient":""}}},"product_brand":[30],"product_cat":[15,81,77,34,35,36,31,32],"product_tag":[],"class_list":{"0":"post-1668","1":"product","2":"type-product","3":"status-publish","4":"has-post-thumbnail","6":"product_brand-jnr","7":"product_cat-magasin-cigarette-electronique","8":"product_cat-puff-16k","9":"product_cat-entrepot-de-lue","10":"product_cat-puff-jnr","11":"product_cat-jnr-vape","12":"product_cat-jnr-16k","13":"product_cat-jnr-falcon","14":"product_cat-puff-jnr-16k","15":"desktop-align-center","16":"tablet-align-center","17":"mobile-align-center","18":"ast-product-gallery-layout-horizontal","19":"ast-product-gallery-with-no-image","20":"ast-product-single-variable","21":"ast-product-tabs-layout-horizontal","22":"ast-qv-on-image","24":"first","25":"instock","26":"sale","27":"shipping-taxable","28":"purchasable","29":"product-type-variable","30":"has-default-attributes"},"tiered_pricing_type":"fixed","tiered_pricing_fixed_rules":{"30":9.88,"60":9.26,"100":8.06,"200":7.38,"500":6.98,"1000":6.8},"tiered_pricing_product_settings":{"layout":"default","base_unit_name":{"singular":null,"plural":null},"default_variation":null},"tiered_pricing_minimum_quantity":null,"tiered_pricing_roles_data":[],"tiered_pricing_percentage_rules":[],"_links":{"self":[{"href":"https:\/\/puffvapestore.com\/pl\/wp-json\/wp\/v2\/product\/1668","targetHints":{"allow":["GET"]}}],"collection":[{"href":"https:\/\/puffvapestore.com\/pl\/wp-json\/wp\/v2\/product"}],"about":[{"href":"https:\/\/puffvapestore.com\/pl\/wp-json\/wp\/v2\/types\/product"}],"replies":[{"embeddable":true,"href":"https:\/\/puffvapestore.com\/pl\/wp-json\/wp\/v2\/comments?post=1668"}],"version-history":[{"count":18,"href":"https:\/\/puffvapestore.com\/pl\/wp-json\/wp\/v2\/product\/1668\/revisions"}],"predecessor-version":[{"id":17771,"href":"https:\/\/puffvapestore.com\/pl\/wp-json\/wp\/v2\/product\/1668\/revisions\/17771"}],"wp:featuredmedia":[{"embeddable":true,"href":"https:\/\/puffvapestore.com\/pl\/wp-json\/wp\/v2\/media\/1560"}],"wp:attachment":[{"href":"https:\/\/puffvapestore.com\/pl\/wp-json\/wp\/v2\/media?parent=1668"}],"wp:term":[{"taxonomy":"product_brand","embeddable":true,"href":"https:\/\/puffvapestore.com\/pl\/wp-json\/wp\/v2\/product_brand?post=1668"},{"taxonomy":"product_cat","embeddable":true,"href":"https:\/\/puffvapestore.com\/pl\/wp-json\/wp\/v2\/product_cat?post=1668"},{"taxonomy":"product_tag","embeddable":true,"href":"https:\/\/puffvapestore.com\/pl\/wp-json\/wp\/v2\/product_tag?post=1668"}],"curies":[{"name":"wp","href":"https:\/\/api.w.org\/{rel}","templated":true}]}}