{"id":1660,"date":"2025-03-22T03:45:28","date_gmt":"2025-03-22T03:45:28","guid":{"rendered":"https:\/\/puffvapestore.com\/?post_type=product&#038;p=1660"},"modified":"2026-04-20T11:08:16","modified_gmt":"2026-04-20T11:08:16","slug":"jnr-falcon-16k-watermelon-mango-peach","status":"publish","type":"product","link":"https:\/\/puffvapestore.com\/pl\/product\/jnr-falcon-16k-arbuz-mango-brzoskwinia\/","title":{"rendered":"JNR Falcon 16K Arbuz Mango Brzoskwinia"},"content":{"rendered":"<div data-elementor-type=\"wp-post\" data-elementor-id=\"1660\" class=\"elementor elementor-1660\">\n\t\t\t\t<div class=\"elementor-element elementor-element-824a998 e-flex e-con-boxed e-con e-parent\" data-id=\"824a998\" data-element_type=\"container\" data-e-type=\"container\">\n\t\t\t\t\t<div class=\"e-con-inner\">\n\t\t\t\t<div class=\"elementor-element elementor-element-55fd5fa elementor-widget elementor-widget-text-editor\" data-id=\"55fd5fa\" data-element_type=\"widget\" data-e-type=\"widget\" data-widget_type=\"text-editor.default\">\n\t\t\t\t<div class=\"elementor-widget-container\">\n\t\t\t\t\t\t\t\t\t<h2>JNR Falcon 16K Arbuz Mango Brzoskwinia<\/h2><p>Je\u015bli lato we Francji ma jaki\u015b smak, to musi to by\u0107 \u015bwie\u017co\u015b\u0107 arbuza, s\u0142odycz mango i kremowo\u015b\u0107 brzoskwini. Po\u0142\u0105czenie tych trzech element\u00f3w jest jak wakacje na Lazurowym Wybrze\u017cu: relaksuj\u0105ce, s\u0142oneczne i pe\u0142ne energii. Model JNR Falcon 16K Watermelon Mango Peach sprawia, \u017ce masz to wszystko w kieszeni. Ka\u017cde zaci\u0105gni\u0119cie si\u0119 dymem to idealne odwzorowanie francuskiego lata.<\/p><h3>Wyobra\u017a sobie...<\/h3><p>Siedzisz nad brzegiem Sekwany w Pary\u017cu, bryza owiewa Ci twarz. W\u0105chasz JNR Falcon 16K Watermelon Mango Peach. \u015awie\u017co\u015b\u0107 arbuza najpierw wyskakuje na czubek j\u0119zyka, jak mi\u0105\u017csz owocu, kt\u00f3ry jeszcze nie wysech\u0142 od porannej rosy. Nast\u0119pnie uderza nami\u0119tne, nieokie\u0142znane mango, przypominaj\u0105ce z\u0142ote sady pod s\u0142o\u0144cem po\u0142udniowej Francji. Wreszcie, mi\u0119kki brzoskwiniowy finisz jest jak leniwy popo\u0142udniowy deser w Prowansji, s\u0142odki i d\u0142ugotrwa\u0142y.<\/p>\t\t\t\t\t\t\t\t<\/div>\n\t\t\t\t<\/div>\n\t\t\t\t\t<\/div>\n\t\t\t\t<\/div>\n\t\t<div class=\"elementor-element elementor-element-942ccb0 e-flex e-con-boxed e-con e-parent\" data-id=\"942ccb0\" data-element_type=\"container\" data-e-type=\"container\">\n\t\t\t\t\t<div class=\"e-con-inner\">\n\t\t<div class=\"elementor-element elementor-element-577deeb e-con-full e-flex e-con e-child\" data-id=\"577deeb\" data-element_type=\"container\" data-e-type=\"container\">\n\t\t\t\t<div class=\"elementor-element elementor-element-5d167cf elementor-widget elementor-widget-text-editor\" data-id=\"5d167cf\" data-element_type=\"widget\" data-e-type=\"widget\" data-widget_type=\"text-editor.default\">\n\t\t\t\t<div class=\"elementor-widget-container\">\n\t\t\t\t\t\t\t\t\t<h2>Szczeg\u00f3\u0142y dotycz\u0105ce JNR Falcon 16000<\/h2><p>Puffy : Do 16 000 zaci\u0105gni\u0119\u0107<br \/>P\u0142yn: 22 ml<br \/>Poziomy nikotyny: 0 %, 2 %, 5 %<br \/>Op\u00f3r: 1,0 ohm<br \/>Pojemno\u015b\u0107 baterii: 850 mAh<br \/>\u0141adowanie: Typ-C<br \/>Podw\u00f3jna siatka i podw\u00f3jna odporno\u015b\u0107 rdzenia<br \/>Wymiary: 53,5 x 32 x 110 mm<\/p>\t\t\t\t\t\t\t\t<\/div>\n\t\t\t\t<\/div>\n\t\t\t\t<\/div>\n\t\t<div class=\"elementor-element elementor-element-d5e4b56 e-con-full e-flex e-con e-child\" data-id=\"d5e4b56\" data-element_type=\"container\" data-e-type=\"container\">\n\t\t\t\t<div class=\"elementor-element elementor-element-381dfcb elementor-widget elementor-widget-image-gallery\" data-id=\"381dfcb\" data-element_type=\"widget\" data-e-type=\"widget\" data-widget_type=\"image-gallery.default\">\n\t\t\t\t<div class=\"elementor-widget-container\">\n\t\t\t\t\t\t\t<div class=\"elementor-image-gallery\">\n\t\t\t<div id='gallery-1' class='gallery galleryid-1660 gallery-columns-1 gallery-size-medium_large'><figure class='gallery-item'>\n\t\t\t<div class='gallery-icon portrait'>\n\t\t\t\t<img fetchpriority=\"high\" decoding=\"async\" width=\"654\" height=\"690\" src=\"https:\/\/puffvapestore.com\/wp-content\/uploads\/2025\/03\/pvajf16000-2.jpg\" class=\"attachment-medium_large size-medium_large\" alt=\"JNR Falcon 16K Arbuz Mango Brzoskwinia\" aria-describedby=\"gallery-1-1549\" srcset=\"https:\/\/puffvapestore.com\/wp-content\/uploads\/2025\/03\/pvajf16000-2.jpg 654w, https:\/\/puffvapestore.com\/wp-content\/uploads\/2025\/03\/pvajf16000-2-284x300.jpg 284w, https:\/\/puffvapestore.com\/wp-content\/uploads\/2025\/03\/pvajf16000-2-600x633.jpg 600w\" sizes=\"(max-width: 654px) 100vw, 654px\" \/>\n\t\t\t<\/div>\n\t\t\t\t<figcaption class='wp-caption-text gallery-caption' id='gallery-1-1549'>\n\t\t\t\tpvajf16000 2\n\t\t\t\t<\/figcaption><\/figure>\n\t\t<\/div>\n\t\t<\/div>\n\t\t\t\t\t\t<\/div>\n\t\t\t\t<\/div>\n\t\t\t\t<\/div>\n\t\t\t\t\t<\/div>\n\t\t\t\t<\/div>\n\t\t<div class=\"elementor-element elementor-element-7926c6b e-flex e-con-boxed e-con e-parent\" data-id=\"7926c6b\" data-element_type=\"container\" data-e-type=\"container\">\n\t\t\t\t\t<div class=\"e-con-inner\">\n\t\t\t\t<div class=\"elementor-element elementor-element-2b41948 elementor-widget elementor-widget-text-editor\" data-id=\"2b41948\" data-element_type=\"widget\" data-e-type=\"widget\" data-widget_type=\"text-editor.default\">\n\t\t\t\t<div class=\"elementor-widget-container\">\n\t\t\t\t\t\t\t\t\t<h2>Co sprawia, \u017ce ten smak jest tak wyj\u0105tkowy?<\/h2><p>We Francji chodzi o r\u00f3wnowag\u0119, niezale\u017cnie od tego, czy chodzi o jedzenie, wino czy smak elektronicznych papieros\u00f3w. Arbuz Mango Brzoskwinia to nie tylko prosty talerz owoc\u00f3w, ale starannie przygotowana symfonia smak\u00f3w:<\/p><ul><li>Arbuz dodaje \u015bwie\u017co\u015bci bez nadmiernej s\u0142odyczy i doskonale gasi pragnienie; ;<\/li><li>Mango dodaje tropikalnego smaku i natychmiast rozgrzewa kubki smakowe;<\/li><li>Brzoskwinia jest wyko\u0144czeniem, mi\u0119kkim i delikatnym, jak odrobina francuskiej elegancji.<\/li><\/ul><h3>JNR Falcon 16K, nie tylko smak, ale i nastawienie<\/h3><p>Du\u017ca pojemno\u015b\u0107 22 ml wystarczy na d\u0142ugie lato; ; <strong>16 000 zaci\u0105gni\u0119\u0107 tytoniu<\/strong>, Dzi\u0119ki akumulatorowi i dw\u00f3m portom \u0142adowania Type-C i Lightning nie musisz si\u0119 martwi\u0107 o zbyt szybkie zako\u0144czenie pracy, dzi\u0119ki czemu mo\u017cesz pozosta\u0107 w doskona\u0142ej kondycji w dowolnym miejscu i czasie. Nie wspominaj\u0105c o g\u0142adkim dymie zapewnianym przez podw\u00f3jne cewki siatkowe, ka\u017cdy wdech z <strong>Elektroniczny papieros JNR Falcon 16K Arbuz Mango Brzoskwinia<\/strong> jest jak delektowanie si\u0119 idealnie wymieszanym koktajlem - bogatym, g\u0142adkim i zapadaj\u0105cym w pami\u0119\u0107.<\/p><p>We Francji sztuka \u017cycia polega na szczeg\u00f3\u0142ach, a JNR Falcon 16K Watermelon Mango Peach to \u00abgwiazdorski deser\u00bb w \u015bwiecie elektronicznych papieros\u00f3w - ka\u017cde zaci\u0105gni\u0119cie jest warte delektowania si\u0119.<\/p>\t\t\t\t\t\t\t\t<\/div>\n\t\t\t\t<\/div>\n\t\t\t\t\t<\/div>\n\t\t\t\t<\/div>\n\t\t\t\t<\/div>","protected":false},"excerpt":{"rendered":"<p>JNR Falcon 16K Watermelon Mango Peach Si l\u2019\u00e9t\u00e9 en France a un go\u00fbt, ce doit \u00eatre la fra\u00eecheur de la past\u00e8que, la douceur de la mangue et l\u2019onctuosit\u00e9 de la p\u00eache. La combinaison de ces trois \u00e9l\u00e9ments est comme des vacances sur la C\u00f4te d&rsquo;Azur : relaxantes, ensoleill\u00e9es et pleines d&rsquo;\u00e9nergie. Le JNR Falcon 16K [&hellip;]<\/p>\n","protected":false},"featured_media":1549,"comment_status":"open","ping_status":"closed","template":"","meta":{"site-sidebar-layout":"no-sidebar","site-content-layout":"page-builder","ast-site-content-layout":"normal-width-container","site-content-style":"default","site-sidebar-style":"default","ast-global-header-display":"","ast-banner-title-visibility":"","ast-main-header-display":"","ast-hfb-above-header-display":"","ast-hfb-below-header-display":"","ast-hfb-mobile-header-display":"","site-post-title":"disabled","ast-breadcrumbs-content":"","ast-featured-img":"disabled","footer-sml-layout":"","ast-disable-related-posts":"","theme-transparent-header-meta":"default","adv-header-id-meta":"","stick-header-meta":"default","header-above-stick-meta":"","header-main-stick-meta":"","header-below-stick-meta":"","astra-migrate-meta-layouts":"set","ast-page-background-enabled":"default","ast-page-background-meta":{"desktop":{"background-color":"","background-image":"","background-repeat":"repeat","background-position":"center center","background-size":"auto","background-attachment":"scroll","background-type":"","background-media":"","overlay-type":"","overlay-color":"","overlay-opacity":"","overlay-gradient":""},"tablet":{"background-color":"","background-image":"","background-repeat":"repeat","background-position":"center center","background-size":"auto","background-attachment":"scroll","background-type":"","background-media":"","overlay-type":"","overlay-color":"","overlay-opacity":"","overlay-gradient":""},"mobile":{"background-color":"","background-image":"","background-repeat":"repeat","background-position":"center center","background-size":"auto","background-attachment":"scroll","background-type":"","background-media":"","overlay-type":"","overlay-color":"","overlay-opacity":"","overlay-gradient":""}},"ast-content-background-meta":{"desktop":{"background-color":"var(--ast-global-color-5)","background-image":"","background-repeat":"repeat","background-position":"center center","background-size":"auto","background-attachment":"scroll","background-type":"","background-media":"","overlay-type":"","overlay-color":"","overlay-opacity":"","overlay-gradient":""},"tablet":{"background-color":"var(--ast-global-color-5)","background-image":"","background-repeat":"repeat","background-position":"center center","background-size":"auto","background-attachment":"scroll","background-type":"","background-media":"","overlay-type":"","overlay-color":"","overlay-opacity":"","overlay-gradient":""},"mobile":{"background-color":"var(--ast-global-color-5)","background-image":"","background-repeat":"repeat","background-position":"center center","background-size":"auto","background-attachment":"scroll","background-type":"","background-media":"","overlay-type":"","overlay-color":"","overlay-opacity":"","overlay-gradient":""}}},"product_brand":[30],"product_cat":[36,81,77,34,35,32,15],"product_tag":[],"class_list":{"0":"post-1660","1":"product","2":"type-product","3":"status-publish","4":"has-post-thumbnail","6":"product_brand-jnr","7":"product_cat-jnr-16k","8":"product_cat-puff-16k","9":"product_cat-entrepot-de-lue","10":"product_cat-puff-jnr","11":"product_cat-jnr-vape","12":"product_cat-puff-jnr-16k","13":"product_cat-magasin-cigarette-electronique","14":"desktop-align-center","15":"tablet-align-center","16":"mobile-align-center","17":"ast-product-gallery-layout-horizontal","18":"ast-product-gallery-with-no-image","19":"ast-product-single-variable","20":"ast-product-tabs-layout-horizontal","21":"ast-qv-on-image","23":"first","24":"instock","25":"sale","26":"shipping-taxable","27":"purchasable","28":"product-type-variable","29":"has-default-attributes"},"tiered_pricing_type":"fixed","tiered_pricing_fixed_rules":{"30":9.88,"60":9.26,"100":8.06,"200":7.38,"500":6.98,"1000":6.8},"tiered_pricing_product_settings":{"layout":"default","base_unit_name":{"singular":null,"plural":null},"default_variation":null},"tiered_pricing_minimum_quantity":null,"tiered_pricing_roles_data":[],"tiered_pricing_percentage_rules":[],"_links":{"self":[{"href":"https:\/\/puffvapestore.com\/pl\/wp-json\/wp\/v2\/product\/1660","targetHints":{"allow":["GET"]}}],"collection":[{"href":"https:\/\/puffvapestore.com\/pl\/wp-json\/wp\/v2\/product"}],"about":[{"href":"https:\/\/puffvapestore.com\/pl\/wp-json\/wp\/v2\/types\/product"}],"replies":[{"embeddable":true,"href":"https:\/\/puffvapestore.com\/pl\/wp-json\/wp\/v2\/comments?post=1660"}],"version-history":[{"count":14,"href":"https:\/\/puffvapestore.com\/pl\/wp-json\/wp\/v2\/product\/1660\/revisions"}],"predecessor-version":[{"id":17767,"href":"https:\/\/puffvapestore.com\/pl\/wp-json\/wp\/v2\/product\/1660\/revisions\/17767"}],"wp:featuredmedia":[{"embeddable":true,"href":"https:\/\/puffvapestore.com\/pl\/wp-json\/wp\/v2\/media\/1549"}],"wp:attachment":[{"href":"https:\/\/puffvapestore.com\/pl\/wp-json\/wp\/v2\/media?parent=1660"}],"wp:term":[{"taxonomy":"product_brand","embeddable":true,"href":"https:\/\/puffvapestore.com\/pl\/wp-json\/wp\/v2\/product_brand?post=1660"},{"taxonomy":"product_cat","embeddable":true,"href":"https:\/\/puffvapestore.com\/pl\/wp-json\/wp\/v2\/product_cat?post=1660"},{"taxonomy":"product_tag","embeddable":true,"href":"https:\/\/puffvapestore.com\/pl\/wp-json\/wp\/v2\/product_tag?post=1660"}],"curies":[{"name":"wp","href":"https:\/\/api.w.org\/{rel}","templated":true}]}}