{"id":3,"date":"2025-03-23T09:13:23","date_gmt":"2025-03-23T09:13:23","guid":{"rendered":"https:\/\/puffvapestore.com\/?page_id=3"},"modified":"2025-03-24T07:27:33","modified_gmt":"2025-03-24T07:27:33","slug":"politique-de-confidentialite","status":"publish","type":"page","link":"https:\/\/puffvapestore.com\/pl\/polityka-prywatnosci\/","title":{"rendered":"polityka prywatno\u015bci"},"content":{"rendered":"<div data-elementor-type=\"wp-page\" data-elementor-id=\"3\" class=\"elementor elementor-3\">\n\t\t\t\t<div class=\"elementor-element elementor-element-84991eb e-flex e-con-boxed e-con e-parent\" data-id=\"84991eb\" data-element_type=\"container\" data-e-type=\"container\">\n\t\t\t\t\t<div class=\"e-con-inner\">\n\t\t<div class=\"elementor-element elementor-element-9e8c2e3 e-con-full e-flex e-con e-child\" data-id=\"9e8c2e3\" data-element_type=\"container\" data-e-type=\"container\">\n\t\t\t\t<div class=\"elementor-element elementor-element-77c916f elementor-widget elementor-widget-text-editor\" data-id=\"77c916f\" data-element_type=\"widget\" data-e-type=\"widget\" data-widget_type=\"text-editor.default\">\n\t\t\t\t<div class=\"elementor-widget-container\">\n\t\t\t\t\t\t\t\t\t<h1>polityka prywatno\u015bci<\/h1><p>Niniejsza Polityka prywatno\u015bci wyja\u015bnia, w jaki spos\u00f3b (\u00abWitryna\u00bb, \u00abmy\u00bb lub \u00abnas\u00bb) gromadzimy, wykorzystujemy i ujawniamy dane osobowe u\u017cytkownika podczas odwiedzania, korzystania z naszych us\u0142ug lub dokonywania zakup\u00f3w w naszej witrynie internetowej (\u00abWitryna\u00bb) lub w inny spos\u00f3b komunikujemy si\u0119 z nami w sprawie Witryny (\u0142\u0105cznie \u00abUs\u0142ugi\u00bb). Dla cel\u00f3w niniejszej Polityki Prywatno\u015bci, \u00abty\u00bb, \u00abtw\u00f3j\u00bb i \u00abtw\u00f3j\u00bb odnosz\u0105 si\u0119 do ciebie jako u\u017cytkownika Us\u0142ug, niezale\u017cnie od tego, czy jeste\u015b klientem, odwiedzaj\u0105cym Witryn\u0119, czy inn\u0105 osob\u0105, kt\u00f3rej informacje zbieramy zgodnie z niniejsz\u0105 Polityk\u0105 Prywatno\u015bci.<\/p><h2>W jaki spos\u00f3b gromadzimy i wykorzystujemy dane osobowe u\u017cytkownik\u00f3w<\/h2><p>W celu \u015bwiadczenia Us\u0142ug zbieramy dane osobowe u\u017cytkownika z r\u00f3\u017cnych \u017ar\u00f3de\u0142, jak opisano poni\u017cej. Gromadzone i wykorzystywane przez nas informacje zale\u017c\u0105 od sposobu interakcji u\u017cytkownika z nami.<\/p><p>Opr\u00f3cz konkretnych zastosowa\u0144 okre\u015blonych poni\u017cej, mo\u017cemy wykorzystywa\u0107 gromadzone przez nas informacje o u\u017cytkowniku w celu komunikowania si\u0119 z u\u017cytkownikiem, \u015bwiadczenia lub ulepszania Us\u0142ug, przestrzegania wszelkich obowi\u0105zuj\u0105cych zobowi\u0105za\u0144 prawnych, egzekwowania obowi\u0105zuj\u0105cych Warunk\u00f3w \u015bwiadczenia us\u0142ug oraz ochrony lub obrony Us\u0142ug, naszych praw oraz praw naszych u\u017cytkownik\u00f3w lub innych os\u00f3b.<\/p><h2>Gromadzone przez nas dane osobowe<\/h2><p>Rodzaje danych osobowych, kt\u00f3re uzyskujemy na temat u\u017cytkownika, zale\u017c\u0105 od sposobu, w jaki u\u017cytkownik wchodzi w interakcj\u0119 z nasz\u0105 witryn\u0105 internetow\u0105 i korzysta z naszych us\u0142ug. U\u017cywaj\u0105c terminu \u00abdane osobowe\u00bb, mamy na my\u015bli informacje, kt\u00f3re identyfikuj\u0105 u\u017cytkownika, odnosz\u0105 si\u0119 do niego, opisuj\u0105 go lub mog\u0105 by\u0107 z nim powi\u0105zane. W poni\u017cszych sekcjach opisano konkretne kategorie i rodzaje gromadzonych przez nas danych osobowych.<\/p><h2>Informacje zbierane bezpo\u015brednio od u\u017cytkownika<\/h2><p>Informacje przekazywane nam bezpo\u015brednio za po\u015brednictwem naszych Us\u0142ug mog\u0105 obejmowa\u0107:<\/p><p>Dane kontaktowe, w tym imi\u0119 i nazwisko, adres, numer telefonu i adres e-mail.<br \/>Informacje o zam\u00f3wieniu obejmuj\u0105 imi\u0119 i nazwisko, adres rozliczeniowy, adres dostawy, potwierdzenie p\u0142atno\u015bci, adres e-mail i numer telefonu.<br \/>Informacje o koncie obejmuj\u0105 nazw\u0119 u\u017cytkownika, has\u0142o, pytania zabezpieczaj\u0105ce i inne informacje wykorzystywane do cel\u00f3w bezpiecze\u0144stwa konta.<br \/>Informacje dotycz\u0105ce obs\u0142ugi klienta obejmuj\u0105 informacje, kt\u00f3re u\u017cytkownik zdecyduje si\u0119 poda\u0107 w komunikacji z nami, na przyk\u0142ad wysy\u0142aj\u0105c wiadomo\u015b\u0107 za po\u015brednictwem Us\u0142ug.<br \/>Niekt\u00f3re funkcje Us\u0142ug mog\u0105 wymaga\u0107 od u\u017cytkownika podania pewnych informacji o sobie bezpo\u015brednio nam. U\u017cytkownik mo\u017ce zrezygnowa\u0107 z podawania tych informacji, ale mo\u017ce to uniemo\u017cliwi\u0107 mu korzystanie z tych funkcji lub uzyskiwanie do nich dost\u0119pu.<\/p><h2>Gromadzone przez nas informacje o u\u017cytkowaniu<\/h2><p>Mo\u017cemy r\u00f3wnie\u017c automatycznie gromadzi\u0107 pewne informacje o interakcjach u\u017cytkownika z Us\u0142ug\u0105 (\u00abDane o u\u017cytkowaniu\u00bb). W tym celu mo\u017cemy wykorzystywa\u0107 pliki cookie, piksele i podobne technologie (\u00abPliki cookie\u00bb). Dane o u\u017cytkowaniu mog\u0105 obejmowa\u0107 informacje o tym, w jaki spos\u00f3b u\u017cytkownik uzyskuje dost\u0119p do naszej witryny internetowej i korzysta z niej oraz ze swojego konta, w tym informacje o urz\u0105dzeniu, informacje o przegl\u0105darce, informacje o po\u0142\u0105czeniu sieciowym, adres IP i inne informacje o interakcji u\u017cytkownika z Us\u0142ug\u0105.<\/p><h2>Jak wykorzystujemy dane osobowe u\u017cytkownik\u00f3w<\/h2><p>Dostarczanie produkt\u00f3w i us\u0142ug. U\u017cywamy danych osobowych u\u017cytkownika do \u015bwiadczenia us\u0142ug na jego rzecz w celu wykonania naszej umowy z u\u017cytkownikiem, w tym przetwarzania p\u0142atno\u015bci, realizacji zam\u00f3wie\u0144, wysy\u0142ania powiadomie\u0144 zwi\u0105zanych z kontem, zakupami, zwrotami, wymianami lub innymi transakcjami, tworzenia, utrzymywania i zarz\u0105dzania kontem, organizowania wysy\u0142ek, u\u0142atwiania zwrot\u00f3w i wymian oraz innych funkcji zwi\u0105zanych z kontem.<\/p><p>Marketing i reklama. Mo\u017cemy wykorzystywa\u0107 dane osobowe u\u017cytkownika do cel\u00f3w marketingowych i promocyjnych, takich jak wysy\u0142anie wiadomo\u015bci marketingowych, reklamowych i promocyjnych poczt\u0105 elektroniczn\u0105, SMS-em lub poczt\u0105 tradycyjn\u0105 oraz wy\u015bwietlanie reklam produkt\u00f3w lub us\u0142ug. Mo\u017ce to obejmowa\u0107 wykorzystanie danych osobowych u\u017cytkownika w celu lepszego dostosowania us\u0142ug i reklam w naszej witrynie i innych witrynach. Je\u015bli u\u017cytkownik znajduje si\u0119 na terenie Europejskiego Obszaru Gospodarczego (EOG), podstaw\u0105 prawn\u0105 tych dzia\u0142a\u0144 zwi\u0105zanych z przetwarzaniem danych jest nasz uzasadniony interes w sprzeda\u017cy naszych produkt\u00f3w, zgodnie z art. 6 ust. 1 lit. f) RODO. Artyku\u0142 6(1)(f) RODO.<\/p><p>Bezpiecze\u0144stwo i zapobieganie oszustwom. U\u017cywamy danych osobowych u\u017cytkownika w celu wykrywania, badania lub podejmowania dzia\u0142a\u0144 zwi\u0105zanych z mo\u017cliwymi nieuczciwymi, nielegalnymi lub z\u0142o\u015bliwymi dzia\u0142aniami. Je\u015bli u\u017cytkownik zdecyduje si\u0119 korzysta\u0107 z Us\u0142ug i utworzy\u0107 konto, jest odpowiedzialny za utrzymanie bezpiecze\u0144stwa swoich danych uwierzytelniaj\u0105cych do konta. Zdecydowanie zalecamy, aby u\u017cytkownik nie udost\u0119pnia\u0142 swojej nazwy u\u017cytkownika, has\u0142a ani innych informacji dost\u0119powych. Je\u015bli uwa\u017casz, \u017ce Twoje konto zosta\u0142o naruszone, skontaktuj si\u0119 z nami natychmiast. Je\u015bli u\u017cytkownik znajduje si\u0119 na terenie Europejskiego Obszaru Gospodarczego (EOG), podstaw\u0105 prawn\u0105 tych dzia\u0142a\u0144 zwi\u0105zanych z przetwarzaniem danych jest nasz uzasadniony interes w utrzymaniu bezpiecze\u0144stwa naszej strony internetowej dla u\u017cytkownika i innych klient\u00f3w zgodnie z art. 6. Artyku\u0142 6(1)(f) RODO.<\/p><p>Komunikacja z u\u017cytkownikiem i ulepszanie Us\u0142ug. U\u017cywamy danych osobowych u\u017cytkownika w celu zapewnienia mu obs\u0142ugi klienta i ulepszenia naszych us\u0142ug. W naszym prawnie uzasadnionym interesie le\u017cy zapewnienie, \u017ce reagujemy na potrzeby u\u017cytkownik\u00f3w i \u015bwiadczymy im skuteczne us\u0142ugi oraz utrzymujemy z nimi relacje biznesowe zgodnie z art. 6. Artyku\u0142 6(1)(f) RODO.<\/p><h2>Zarz\u0105dzanie plikami cookie i innymi identyfikatorami<\/h2><p>Witryny internetowe wykorzystuj\u0105 pliki \u00abcookie\u00bb i inne podobne narz\u0119dzia w celu poprawy jako\u015bci zakup\u00f3w, \u015bwiadczenia us\u0142ug i zrozumienia, w jaki spos\u00f3b klienci korzystaj\u0105 z naszych us\u0142ug, aby\u015bmy mogli wprowadza\u0107 ulepszenia.<\/p><p>Menu \u00abPomoc\u00bb wi\u0119kszo\u015bci przegl\u0105darek i urz\u0105dze\u0144 zawiera instrukcje, jak uniemo\u017cliwi\u0107 przegl\u0105darce lub urz\u0105dzeniu akceptowanie nowych plik\u00f3w cookie, jak zarz\u0105dza\u0107 powiadomieniami o otrzymaniu nowego pliku cookie oraz jak ca\u0142kowicie dezaktywowa\u0107 pliki cookie. Poniewa\u017c pliki cookie umo\u017cliwiaj\u0105 korzystanie z niekt\u00f3rych istotnych us\u0142ug, zalecamy ich aktywacj\u0119. Na przyk\u0142ad, je\u015bli u\u017cytkownik zablokuje lub odrzuci nasze pliki cookie, nie b\u0119dzie m\u00f3g\u0142 dodawa\u0107 produkt\u00f3w do koszyka, sfinalizowa\u0107 zam\u00f3wienia ani korzysta\u0107 z us\u0142ug wymagaj\u0105cych uwierzytelnienia.<\/p><p>Je\u015bli u\u017cytkownik chce przegl\u0105da\u0107 nasz\u0105 witryn\u0119, ale nie chce, aby jego aktywno\u015b\u0107 zwi\u0105zana z przegl\u0105daniem by\u0142a powi\u0105zana z jego kontem, mo\u017ce wylogowa\u0107 si\u0119 ze swojego konta i wy\u0142\u0105czy\u0107 pliki cookie w przegl\u0105darce.<\/p><p>Cel gromadzenia danych: Gromadzimy te dane, aby zapewni\u0107 prawid\u0142owe wy\u015bwietlanie strony internetowej na urz\u0105dzeniu u\u017cytkownika oraz analizowa\u0107 korzystanie ze strony internetowej w celu jej optymalizacji.<\/p><p>W jaki spos\u00f3b gromadzimy dane: Podczas korzystania z naszej witryny internetowej automatycznie gromadzimy dane za pomoc\u0105 plik\u00f3w cookie, plik\u00f3w dziennika, sygna\u0142\u00f3w nawigacyjnych w sieci Web, znacznik\u00f3w, pikseli lub innych cyfrowych technologii \u015bledzenia.<\/p><p>Wykorzystanie danych osobowych: Wykorzystujemy dane osobowe u\u017cytkownika w celu \u015bwiadczenia naszych us\u0142ug, w tym sprzeda\u017cy produkt\u00f3w, przetwarzania p\u0142atno\u015bci, realizacji zam\u00f3wie\u0144 oraz dostarczania nowych produkt\u00f3w i ofert.<\/p><p>Kontakt z nami : Aby dowiedzie\u0107 si\u0119 wi\u0119cej o naszych praktykach ochrony prywatno\u015bci lub zg\u0142osi\u0107 jakiekolwiek pytania lub w\u0105tpliwo\u015bci, prosimy o kontakt za po\u015brednictwem oficjalnego adresu e-mail.<\/p>\t\t\t\t\t\t\t\t<\/div>\n\t\t\t\t<\/div>\n\t\t\t\t<\/div>\n\t\t\t\t\t<\/div>\n\t\t\t\t<\/div>\n\t\t\t\t<\/div>","protected":false},"excerpt":{"rendered":"<p>politique de confidentialit\u00e9 Cette politique de confidentialit\u00e9 explique comment nous (le \u00ab Site \u00bb, \u00ab nous \u00bb ou \u00ab nos \u00bb) collectons, utilisons et divulguons vos informations personnelles lorsque vous visitez, utilisez nos services ou effectuez un achat sur notre site Web (le \u00ab Site \u00bb) ou communiquez autrement avec nous concernant le Site (collectivement, [&hellip;]<\/p>\n","protected":false},"author":1,"featured_media":0,"parent":0,"menu_order":12,"comment_status":"closed","ping_status":"open","template":"","meta":{"site-sidebar-layout":"no-sidebar","site-content-layout":"page-builder","ast-site-content-layout":"full-width-container","site-content-style":"default","site-sidebar-style":"default","ast-global-header-display":"","ast-banner-title-visibility":"","ast-main-header-display":"","ast-hfb-above-header-display":"","ast-hfb-below-header-display":"","ast-hfb-mobile-header-display":"","site-post-title":"disabled","ast-breadcrumbs-content":"","ast-featured-img":"disabled","footer-sml-layout":"","ast-disable-related-posts":"","theme-transparent-header-meta":"","adv-header-id-meta":"","stick-header-meta":"","header-above-stick-meta":"","header-main-stick-meta":"","header-below-stick-meta":"","astra-migrate-meta-layouts":"set","ast-page-background-enabled":"default","ast-page-background-meta":{"desktop":{"background-color":"","background-image":"","background-repeat":"repeat","background-position":"center center","background-size":"auto","background-attachment":"scroll","background-type":"","background-media":"","overlay-type":"","overlay-color":"","overlay-opacity":"","overlay-gradient":""},"tablet":{"background-color":"","background-image":"","background-repeat":"repeat","background-position":"center center","background-size":"auto","background-attachment":"scroll","background-type":"","background-media":"","overlay-type":"","overlay-color":"","overlay-opacity":"","overlay-gradient":""},"mobile":{"background-color":"","background-image":"","background-repeat":"repeat","background-position":"center center","background-size":"auto","background-attachment":"scroll","background-type":"","background-media":"","overlay-type":"","overlay-color":"","overlay-opacity":"","overlay-gradient":""}},"ast-content-background-meta":{"desktop":{"background-color":"var(--ast-global-color-5)","background-image":"","background-repeat":"repeat","background-position":"center center","background-size":"auto","background-attachment":"scroll","background-type":"","background-media":"","overlay-type":"","overlay-color":"","overlay-opacity":"","overlay-gradient":""},"tablet":{"background-color":"var(--ast-global-color-5)","background-image":"","background-repeat":"repeat","background-position":"center center","background-size":"auto","background-attachment":"scroll","background-type":"","background-media":"","overlay-type":"","overlay-color":"","overlay-opacity":"","overlay-gradient":""},"mobile":{"background-color":"var(--ast-global-color-5)","background-image":"","background-repeat":"repeat","background-position":"center center","background-size":"auto","background-attachment":"scroll","background-type":"","background-media":"","overlay-type":"","overlay-color":"","overlay-opacity":"","overlay-gradient":""}},"footnotes":""},"class_list":["post-3","page","type-page","status-publish","hentry"],"_links":{"self":[{"href":"https:\/\/puffvapestore.com\/pl\/wp-json\/wp\/v2\/pages\/3","targetHints":{"allow":["GET"]}}],"collection":[{"href":"https:\/\/puffvapestore.com\/pl\/wp-json\/wp\/v2\/pages"}],"about":[{"href":"https:\/\/puffvapestore.com\/pl\/wp-json\/wp\/v2\/types\/page"}],"author":[{"embeddable":true,"href":"https:\/\/puffvapestore.com\/pl\/wp-json\/wp\/v2\/users\/1"}],"replies":[{"embeddable":true,"href":"https:\/\/puffvapestore.com\/pl\/wp-json\/wp\/v2\/comments?post=3"}],"version-history":[{"count":4,"href":"https:\/\/puffvapestore.com\/pl\/wp-json\/wp\/v2\/pages\/3\/revisions"}],"predecessor-version":[{"id":1757,"href":"https:\/\/puffvapestore.com\/pl\/wp-json\/wp\/v2\/pages\/3\/revisions\/1757"}],"wp:attachment":[{"href":"https:\/\/puffvapestore.com\/pl\/wp-json\/wp\/v2\/media?parent=3"}],"curies":[{"name":"wp","href":"https:\/\/api.w.org\/{rel}","templated":true}]}}