{"id":1752,"date":"2025-03-24T07:37:06","date_gmt":"2025-03-24T07:37:06","guid":{"rendered":"https:\/\/puffvapestore.com\/?page_id=1752"},"modified":"2025-03-24T07:42:16","modified_gmt":"2025-03-24T07:42:16","slug":"livraison","status":"publish","type":"page","link":"https:\/\/puffvapestore.com\/pl\/dostawa\/","title":{"rendered":"Informacje o dostawie"},"content":{"rendered":"<div data-elementor-type=\"wp-page\" data-elementor-id=\"1752\" class=\"elementor elementor-1752\">\n\t\t\t\t<div class=\"elementor-element elementor-element-b106341 e-flex e-con-boxed e-con e-parent\" data-id=\"b106341\" data-element_type=\"container\" data-e-type=\"container\">\n\t\t\t\t\t<div class=\"e-con-inner\">\n\t\t<div class=\"elementor-element elementor-element-2048edd e-con-full e-flex e-con e-child\" data-id=\"2048edd\" data-element_type=\"container\" data-e-type=\"container\">\n\t\t\t\t<div class=\"elementor-element elementor-element-f39cc7f elementor-widget elementor-widget-text-editor\" data-id=\"f39cc7f\" data-element_type=\"widget\" data-e-type=\"widget\" data-widget_type=\"text-editor.default\">\n\t\t\t\t<div class=\"elementor-widget-container\">\n\t\t\t\t\t\t\t\t\t<h1>Informacje o dostawie<\/h1><p>Dok\u0142adamy wszelkich stara\u0144, aby zapewni\u0107 ka\u017cdemu klientowi doskona\u0142e wra\u017cenia z zakup\u00f3w, od zam\u00f3wienia po dostaw\u0119, a ka\u017cde \u0142\u0105cze ma by\u0107 wydajne i wygodne.<\/p><h2>Z\u0142\u00f3\u017c zam\u00f3wienie ju\u017c teraz, a my szybko je do Ciebie dostarczymy!<\/h2><p>Gdy tylko nadejdzie zam\u00f3wienie, nasi eksperci magazynowi wkraczaj\u0105 do akcji i pakuj\u0105 produkty w rekordowym czasie! Twoje zam\u00f3wienie zostanie wys\u0142ane w ci\u0105gu 1-3 dni roboczych. Co z szybko\u015bci\u0105 dostawy? Og\u00f3lnie rzecz bior\u0105c, zam\u00f3wienie mo\u017ce zosta\u0107 dostarczone w ci\u0105gu 3 do 5 dni roboczych. Je\u015bli masz szcz\u0119\u015bcie, mo\u017ce nawet zapuka\u0107 do Twoich drzwi w ci\u0105gu 1-2 dni! (Musimy r\u00f3wnie\u017c zrobi\u0107 sobie przerw\u0119 w weekend, wi\u0119c nie b\u0119dziemy wysy\u0142a\u0107 \u017cadnych towar\u00f3w).<\/p><h2>Zmieni\u0107 zam\u00f3wienie? Pospiesz si\u0119 i wykorzystaj ten czas!<\/h2><p>Wci\u0105\u017c zastanawiasz si\u0119, czy wpisa\u0142e\u015b z\u0142y adres lub czy chcesz zmieni\u0107 kolor? \u017baden problem! Dop\u00f3ki zam\u00f3wienie nie zosta\u0142o wys\u0142ane, mo\u017cesz anulowa\u0107 lub zmieni\u0107 adres dostawy w dowolnym momencie. Skontaktuj si\u0119 z nami jak najszybciej za po\u015brednictwem naszego oficjalnego adresu e-mail, a my do\u0142o\u017cymy wszelkich stara\u0144, aby dostosowa\u0107 si\u0119 do Twoich potrzeb. Je\u015bli jednak zam\u00f3wienie zosta\u0142o ju\u017c wys\u0142ane z magazynu, mo\u017cesz tylko czeka\u0107, a\u017c bezpiecznie do Ciebie dotrze, a my nie mo\u017cemy ju\u017c wprowadza\u0107 zmian ani dokonywa\u0107 zwrot\u00f3w!<\/p><h2>Wa\u017cny jest w\u0142a\u015bciwy adres!<\/h2><p>Twoja przesy\u0142ka zostanie dostarczona na adres podany przy kasie, wi\u0119c wype\u0142nij go przed dokonaniem p\u0142atno\u015bci, aby upewni\u0107 si\u0119, \u017ce adres jest prawid\u0142owy!<\/p><h2>Masz jakie\u015b pytania? Odwied\u017a nas!<\/h2><p>Je\u015bli napotkasz jakiekolwiek problemy podczas procesu zakupu lub je\u015bli masz jakiekolwiek pytania, nie wahaj si\u0119 z nami skontaktowa\u0107. Skontaktujemy si\u0119 z Tob\u0105 tak szybko, jak to mo\u017cliwe, aby pom\u00f3c Ci rozwi\u0105za\u0107 wszelkie problemy i sprawi\u0107, \u017ce zakupy b\u0119d\u0105 tak proste i przyjemne, jak to tylko mo\u017cliwe!<\/p>\t\t\t\t\t\t\t\t<\/div>\n\t\t\t\t<\/div>\n\t\t\t\t<\/div>\n\t\t\t\t\t<\/div>\n\t\t\t\t<\/div>\n\t\t\t\t<\/div>","protected":false},"excerpt":{"rendered":"<p>Informations sur la livraison Nous nous engageons \u00e0 offrir \u00e0 chaque client une excellente exp\u00e9rience d&rsquo;achat, de la commande \u00e0 la livraison, chaque lien s&rsquo;efforce d&rsquo;\u00eatre efficace et pratique. Passez votre commande maintenant et nous vous la livrerons rapidement ! D\u00e8s l&rsquo;arriv\u00e9e de votre commande, nos experts en entrep\u00f4t se mettent imm\u00e9diatement en action et [&hellip;]<\/p>\n","protected":false},"author":1,"featured_media":0,"parent":0,"menu_order":1,"comment_status":"closed","ping_status":"closed","template":"","meta":{"site-sidebar-layout":"no-sidebar","site-content-layout":"page-builder","ast-site-content-layout":"full-width-container","site-content-style":"default","site-sidebar-style":"default","ast-global-header-display":"","ast-banner-title-visibility":"","ast-main-header-display":"","ast-hfb-above-header-display":"","ast-hfb-below-header-display":"","ast-hfb-mobile-header-display":"","site-post-title":"disabled","ast-breadcrumbs-content":"","ast-featured-img":"disabled","footer-sml-layout":"","ast-disable-related-posts":"","theme-transparent-header-meta":"","adv-header-id-meta":"","stick-header-meta":"","header-above-stick-meta":"","header-main-stick-meta":"","header-below-stick-meta":"","astra-migrate-meta-layouts":"set","ast-page-background-enabled":"default","ast-page-background-meta":{"desktop":{"background-color":"","background-image":"","background-repeat":"repeat","background-position":"center center","background-size":"auto","background-attachment":"scroll","background-type":"","background-media":"","overlay-type":"","overlay-color":"","overlay-opacity":"","overlay-gradient":""},"tablet":{"background-color":"","background-image":"","background-repeat":"repeat","background-position":"center center","background-size":"auto","background-attachment":"scroll","background-type":"","background-media":"","overlay-type":"","overlay-color":"","overlay-opacity":"","overlay-gradient":""},"mobile":{"background-color":"","background-image":"","background-repeat":"repeat","background-position":"center center","background-size":"auto","background-attachment":"scroll","background-type":"","background-media":"","overlay-type":"","overlay-color":"","overlay-opacity":"","overlay-gradient":""}},"ast-content-background-meta":{"desktop":{"background-color":"var(--ast-global-color-5)","background-image":"","background-repeat":"repeat","background-position":"center center","background-size":"auto","background-attachment":"scroll","background-type":"","background-media":"","overlay-type":"","overlay-color":"","overlay-opacity":"","overlay-gradient":""},"tablet":{"background-color":"var(--ast-global-color-5)","background-image":"","background-repeat":"repeat","background-position":"center center","background-size":"auto","background-attachment":"scroll","background-type":"","background-media":"","overlay-type":"","overlay-color":"","overlay-opacity":"","overlay-gradient":""},"mobile":{"background-color":"var(--ast-global-color-5)","background-image":"","background-repeat":"repeat","background-position":"center center","background-size":"auto","background-attachment":"scroll","background-type":"","background-media":"","overlay-type":"","overlay-color":"","overlay-opacity":"","overlay-gradient":""}},"footnotes":""},"class_list":["post-1752","page","type-page","status-publish","hentry"],"_links":{"self":[{"href":"https:\/\/puffvapestore.com\/pl\/wp-json\/wp\/v2\/pages\/1752","targetHints":{"allow":["GET"]}}],"collection":[{"href":"https:\/\/puffvapestore.com\/pl\/wp-json\/wp\/v2\/pages"}],"about":[{"href":"https:\/\/puffvapestore.com\/pl\/wp-json\/wp\/v2\/types\/page"}],"author":[{"embeddable":true,"href":"https:\/\/puffvapestore.com\/pl\/wp-json\/wp\/v2\/users\/1"}],"replies":[{"embeddable":true,"href":"https:\/\/puffvapestore.com\/pl\/wp-json\/wp\/v2\/comments?post=1752"}],"version-history":[{"count":4,"href":"https:\/\/puffvapestore.com\/pl\/wp-json\/wp\/v2\/pages\/1752\/revisions"}],"predecessor-version":[{"id":1767,"href":"https:\/\/puffvapestore.com\/pl\/wp-json\/wp\/v2\/pages\/1752\/revisions\/1767"}],"wp:attachment":[{"href":"https:\/\/puffvapestore.com\/pl\/wp-json\/wp\/v2\/media?parent=1752"}],"curies":[{"name":"wp","href":"https:\/\/api.w.org\/{rel}","templated":true}]}}