{"id":6835,"date":"2025-08-17T04:01:37","date_gmt":"2025-08-17T04:01:37","guid":{"rendered":"https:\/\/puffvapestore.com\/?post_type=product&#038;p=6835"},"modified":"2026-01-19T10:31:54","modified_gmt":"2026-01-19T10:31:54","slug":"love-66-bang-king-35k-offre-un-arome-sucre-et-fruite","status":"publish","type":"product","link":"https:\/\/puffvapestore.com\/nl\/product\/love-66-bang-king-35k-biedt-een-zoet-en-fruitig-aroma\/","title":{"rendered":"Liefde 66 - Bang King 35000"},"content":{"rendered":"<div data-elementor-type=\"wp-post\" data-elementor-id=\"6835\" class=\"elementor elementor-6835\">\n\t\t\t\t<div class=\"elementor-element elementor-element-08c26f9 e-flex e-con-boxed e-con e-parent\" data-id=\"08c26f9\" data-element_type=\"container\" data-e-type=\"container\">\n\t\t\t\t\t<div class=\"e-con-inner\">\n\t\t\t\t<div class=\"elementor-element elementor-element-a005a97 elementor-widget elementor-widget-text-editor\" data-id=\"a005a97\" data-element_type=\"widget\" data-e-type=\"widget\" data-widget_type=\"text-editor.default\">\n\t\t\t\t<div class=\"elementor-widget-container\">\n\t\t\t\t\t\t\t\t\t<p>Bang King 35000 Love 66 staat bekend om zijn rijke, complexe smaak. De algehele balans biedt een zoet, fruitig aroma met een verfrissende, licht verkoelende sensatie, ideaal voor liefhebbers van complexe smaken.<\/p><h2>Details van Love 66 smaak<\/h2><p><strong>Fruitige noten<\/strong><br \/>De Love 66 elektronische sigaret biedt een uitgesproken fruitige smaak, voornamelijk gebaseerd op rijpe bessen zoals bosbessen en bramen, met een natuurlijk zoetzure smaak. Zodra je dampt, voel je aanvankelijk een fruitige zoetheid en een licht zuurtje, wat zorgt voor een rijke, complexe ervaring zonder eentonig te zijn.<\/p><p><strong>Zacht en fris<\/strong><br \/>Love 66 heeft een gematigde zoetheid, rond maar niet overdreven, die het fruitige aroma perfect aanvult. Een vleugje munt of een lichte frisheid doordringt de zoetheid en cre\u00ebert een verfrissende en aangename algemene smaak. De frisheid bij het inhaleren irriteert de keel niet en accentueert de frisheid in de mond.<\/p><p><strong>Subtiele aroma's van tabak en noten<\/strong><br \/>Naast de fruitige en zoete noten biedt Love 66 ook een subtiel tabaksaroma, vergelijkbaar met een licht geroosterde notensmaak, die diepte en complexiteit toevoegt. Dit subtiele nootachtige aroma geeft het gehemelte dimensie en warmte.<\/p><p><strong>Finale<\/strong><br \/>De afdronk is schoon, met een subtiele fruitige en mintachtige frisheid. Het aroma blijft matig hangen, zonder in de weg te zitten bij het volgende trekje en zonder te licht te zijn.<\/p><h2>LED-scherm met hoge definitie<\/h2><p>De Bang King 35000 Love 66 heeft een innovatief, intelligent LED display dat de status van het apparaat in real-time weergeeft. Dit gebruiksvriendelijke display toont belangrijke informatie zoals de resterende levensduur van de batterij en het niveau van de e-vloeistof, zodat gebruikers gemakkelijk hun verbruik kunnen controleren. Het display is praktisch en zorgt voor optimaal gebruik in het geval van een lege batterij of een laag e-liquid niveau.<\/p><h2>Grote e-vloeistof capaciteit<\/h2><p>De Bang King 35000 Love 66 is voorgevuld met 23 ml eersteklas e-liquid, waardoor langdurig gebruik zonder bijvullen gegarandeerd is. Deze grote capaciteit is ideaal voor mensen die op zoek zijn naar een langdurige, probleemloze ervaring, of ze nu af en toe of intensief gebruiken. Het voorgevulde ontwerp elimineert het gedoe van handmatig bijvullen van e-liquid en biedt een eenvoudige, gebruiksklare oplossing.<\/p><p>De Bang King 35000 is ontworpen met het oog op duurzaamheid en biedt een indrukwekkende 35.000 trekjes per eenheid. Dit hoge aantal trekjes maakt het een van de meest duurzame elektronische wegwerpsigaretten op de markt, die voldoet aan de behoeften van gebruikers die de voorkeur geven aan langdurig gebruik zonder het apparaat vaak te vervangen. Een hoge pufcyclus zorgt voor langdurige, consistente prestaties, waardoor het een betaalbare keuze is voor vapers.<\/p><h2>Meerdere nicotinedoseringen en Mesh-weerstandstechnologie<\/h2><p>De Bang King 35000 Love 66 biedt verschillende nicotinedoseringen voor elke behoefte: 0 %, 2 %, 3 % en 5 %. Of je nu op zoek bent naar een nicotinevrije ervaring of een intensere vape, deze opties bieden veel flexibiliteit, zowel voor beginners die stoppen met traditionele sigaretten als voor ervaren vapers die op zoek zijn naar een gepersonaliseerde ervaring. Dit assortiment voorziet in verschillende behoeften en spreekt een breed publiek aan.<\/p><p>Het hart van de Bang King 35000 wordt gevormd door een 0,6 \u03a9 Mesh-weerstand die is ontworpen om de smaak en dampproductie te optimaliseren. Het grotere oppervlak van de Mesh-weerstand zorgt voor een gelijkmatige verwarming, voor een consistente, rijke smaak en een soepele, comfortabele vape-ervaring. Deze geavanceerde technologie verbetert de algehele vaping ervaring en biedt superieure smaak en prestaties in vergelijking met traditionele weerstanden.<\/p><h2>Oplaadbare batterij<\/h2><p>De Bang King 35000 Love 66 is uitgerust met een 1000 mAh oplaadbare batterij, die het gemak van een elektronische wegwerpsigaret combineert met de duurzaamheid van een oplaadbare batterij. De batterij met hoge capaciteit maakt langdurig gebruik mogelijk en de Type-C oplaadpoort zorgt voor snel en effici\u00ebnt opladen. Deze functie minimaliseert downtime, zodat gebruikers zonder onderbreking kunnen dampen.<\/p>\t\t\t\t\t\t\t\t<\/div>\n\t\t\t\t<\/div>\n\t\t\t\t\t<\/div>\n\t\t\t\t<\/div>\n\t\t\t\t<\/div>","protected":false},"excerpt":{"rendered":"<p>La Bang King 35000 Love 66 est r\u00e9put\u00e9e pour sa saveur riche et complexe. Son \u00e9quilibre global offre un ar\u00f4me sucr\u00e9 et fruit\u00e9 avec une sensation rafra\u00eechissante et l\u00e9g\u00e8rement rafra\u00eechissante, id\u00e9ale pour les amateurs de saveurs complexes. D\u00e9tails de la saveur Love 66 Notes fruit\u00e9es La cigarette \u00e9lectronique Love 66 offre une saveur fruit\u00e9e prononc\u00e9e, [&hellip;]<\/p>\n","protected":false},"featured_media":6665,"comment_status":"open","ping_status":"closed","template":"","meta":{"site-sidebar-layout":"no-sidebar","site-content-layout":"page-builder","ast-site-content-layout":"normal-width-container","site-content-style":"default","site-sidebar-style":"default","ast-global-header-display":"","ast-banner-title-visibility":"","ast-main-header-display":"","ast-hfb-above-header-display":"","ast-hfb-below-header-display":"","ast-hfb-mobile-header-display":"","site-post-title":"disabled","ast-breadcrumbs-content":"","ast-featured-img":"disabled","footer-sml-layout":"","ast-disable-related-posts":"","theme-transparent-header-meta":"default","adv-header-id-meta":"","stick-header-meta":"default","header-above-stick-meta":"","header-main-stick-meta":"","header-below-stick-meta":"","astra-migrate-meta-layouts":"set","ast-page-background-enabled":"default","ast-page-background-meta":{"desktop":{"background-color":"","background-image":"","background-repeat":"repeat","background-position":"center center","background-size":"auto","background-attachment":"scroll","background-type":"","background-media":"","overlay-type":"","overlay-color":"","overlay-opacity":"","overlay-gradient":""},"tablet":{"background-color":"","background-image":"","background-repeat":"repeat","background-position":"center center","background-size":"auto","background-attachment":"scroll","background-type":"","background-media":"","overlay-type":"","overlay-color":"","overlay-opacity":"","overlay-gradient":""},"mobile":{"background-color":"","background-image":"","background-repeat":"repeat","background-position":"center center","background-size":"auto","background-attachment":"scroll","background-type":"","background-media":"","overlay-type":"","overlay-color":"","overlay-opacity":"","overlay-gradient":""}},"ast-content-background-meta":{"desktop":{"background-color":"var(--ast-global-color-5)","background-image":"","background-repeat":"repeat","background-position":"center center","background-size":"auto","background-attachment":"scroll","background-type":"","background-media":"","overlay-type":"","overlay-color":"","overlay-opacity":"","overlay-gradient":""},"tablet":{"background-color":"var(--ast-global-color-5)","background-image":"","background-repeat":"repeat","background-position":"center center","background-size":"auto","background-attachment":"scroll","background-type":"","background-media":"","overlay-type":"","overlay-color":"","overlay-opacity":"","overlay-gradient":""},"mobile":{"background-color":"var(--ast-global-color-5)","background-image":"","background-repeat":"repeat","background-position":"center center","background-size":"auto","background-attachment":"scroll","background-type":"","background-media":"","overlay-type":"","overlay-color":"","overlay-opacity":"","overlay-gradient":""}}},"product_brand":[52],"product_cat":[57,105,15],"product_tag":[],"class_list":{"0":"post-6835","1":"product","2":"type-product","3":"status-publish","4":"has-post-thumbnail","6":"product_brand-bang-king","7":"product_cat-bang-king-35k-resistance-mesh","8":"product_cat-puff-35k","9":"product_cat-magasin-cigarette-electronique","10":"desktop-align-center","11":"tablet-align-center","12":"mobile-align-center","13":"ast-product-gallery-layout-horizontal","14":"ast-product-gallery-with-no-image","15":"ast-product-single-variable","16":"ast-product-tabs-layout-horizontal","17":"ast-qv-on-image","19":"first","20":"instock","21":"sale","22":"shipping-taxable","23":"purchasable","24":"product-type-variable","25":"has-default-attributes"},"tiered_pricing_type":"fixed","tiered_pricing_fixed_rules":{"50":6.83,"100":6.22},"tiered_pricing_product_settings":{"layout":"default","base_unit_name":{"singular":null,"plural":null},"default_variation":null},"tiered_pricing_minimum_quantity":null,"tiered_pricing_roles_data":[],"tiered_pricing_percentage_rules":[],"_links":{"self":[{"href":"https:\/\/puffvapestore.com\/nl\/wp-json\/wp\/v2\/product\/6835","targetHints":{"allow":["GET"]}}],"collection":[{"href":"https:\/\/puffvapestore.com\/nl\/wp-json\/wp\/v2\/product"}],"about":[{"href":"https:\/\/puffvapestore.com\/nl\/wp-json\/wp\/v2\/types\/product"}],"replies":[{"embeddable":true,"href":"https:\/\/puffvapestore.com\/nl\/wp-json\/wp\/v2\/comments?post=6835"}],"version-history":[{"count":7,"href":"https:\/\/puffvapestore.com\/nl\/wp-json\/wp\/v2\/product\/6835\/revisions"}],"predecessor-version":[{"id":7225,"href":"https:\/\/puffvapestore.com\/nl\/wp-json\/wp\/v2\/product\/6835\/revisions\/7225"}],"wp:featuredmedia":[{"embeddable":true,"href":"https:\/\/puffvapestore.com\/nl\/wp-json\/wp\/v2\/media\/6665"}],"wp:attachment":[{"href":"https:\/\/puffvapestore.com\/nl\/wp-json\/wp\/v2\/media?parent=6835"}],"wp:term":[{"taxonomy":"product_brand","embeddable":true,"href":"https:\/\/puffvapestore.com\/nl\/wp-json\/wp\/v2\/product_brand?post=6835"},{"taxonomy":"product_cat","embeddable":true,"href":"https:\/\/puffvapestore.com\/nl\/wp-json\/wp\/v2\/product_cat?post=6835"},{"taxonomy":"product_tag","embeddable":true,"href":"https:\/\/puffvapestore.com\/nl\/wp-json\/wp\/v2\/product_tag?post=6835"}],"curies":[{"name":"wp","href":"https:\/\/api.w.org\/{rel}","templated":true}]}}