{"id":6820,"date":"2025-08-23T11:50:03","date_gmt":"2025-08-23T11:50:03","guid":{"rendered":"https:\/\/puffvapestore.com\/?post_type=product&#038;p=6820"},"modified":"2026-01-19T10:31:54","modified_gmt":"2026-01-19T10:31:54","slug":"lemon-mint-bang-king-35k-avec-sa-fraicheur-mentholee-qui-se-diffuse-progressivement","status":"publish","type":"product","link":"https:\/\/puffvapestore.com\/nl\/product\/citroenmunt-bang-king-35k-met-zijn-geleidelijk-verspreidende-muntfrisheid\/","title":{"rendered":"Citroen Mint - Bang King 35000"},"content":{"rendered":"<div data-elementor-type=\"wp-post\" data-elementor-id=\"6820\" class=\"elementor elementor-6820\">\n\t\t\t\t<div class=\"elementor-element elementor-element-08c26f9 e-flex e-con-boxed e-con e-parent\" data-id=\"08c26f9\" data-element_type=\"container\" data-e-type=\"container\">\n\t\t\t\t\t<div class=\"e-con-inner\">\n\t\t\t\t<div class=\"elementor-element elementor-element-a005a97 elementor-widget elementor-widget-text-editor\" data-id=\"a005a97\" data-element_type=\"widget\" data-e-type=\"widget\" data-widget_type=\"text-editor.default\">\n\t\t\t\t<div class=\"elementor-widget-container\">\n\t\t\t\t\t\t\t\t\t<p>Bang King 35000 Lemon Mint, met zijn levendige, pittige citroenbasis, geleidelijk verspreidende muntfrisheid en gematigd vleugje zoet, biedt een duidelijke, complexe afdronk met een aanhoudende nasmaak.<\/p><h2>De zuurgraad van citroen<\/h2><p>De belangrijkste attractie van de Bang King 35000 Lemon Mint e-sigaret is de levendige, pittige citroensmaak. In tegenstelling tot de monotone zuurgraad van traditionele citroensnoepjes, biedt dit snoepje een natuurlijke, verfrissende citroenschil smaak, met een subtiel vleugje schil en een balans van zoetheid en zuurgraad van het vruchtvlees. De zuurgraad is knapperig maar niet bitter, alsof je in een schijfje vers geplukte citroen bijt, waarbij de mond onmiddellijk oplicht door de heldere citroensmaak.<\/p><h2>Muntfrisheid<\/h2><p>De zuurheid van citroen wordt gecombineerd met de ijzige frisheid van munt. Het zuivere aroma laat een doordringende frisheid achter die de hitte en wrangheid in de mond snel verdrijft. De frisheid van de munt is progressief en overheerst aanvankelijk niet, maar verspreidt zich geleidelijk achter de zuurgraad van de citroen, waardoor een complexe smaakervaring ontstaat.<\/p><h2>Suiker en evenwicht<\/h2><p>De zoetheid brengt evenwicht in Bang King 35000 Lemon Mint. Zonder te sterk te zijn, verzacht het de zuurheid van de citroen en munt, waardoor het niet te eentonig wordt. De zoetheid rondt de smaken van citroen en munt af en zorgt voor een zachter mondgevoel.<\/p><p>Na het roken blijven een lichte citroengeur en een vleugje frisse menthol in de mond hangen, met een lange, rijke en complexe afdronk. De verfrissende muntsmaak vervaagt geleidelijk, terwijl het fruitige citroenaroma in de mond blijft hangen en je achterlaat met een eindeloze nasmaak.<\/p><h2>Grote vloeistofcapaciteit en batterij met hoge capaciteit<\/h2><p>De Bang King 35000 Lemon Mint wordt geleverd met 23 ml voorgevulde e-vloeistof, waardoor je niet vaak hoeft bij te vullen en een lang, zorgeloos gebruik garandeert. De grote capaciteit garandeert een consistente smaak en langdurige verneveling.<\/p><p>Uitgerust met een high-capacity 1000 mAh lithium batterij en Type-C snel opladen compatibiliteit, biedt het uitgebreide autonomie en snel opladen voor uw dagelijkse vaping behoeften.<\/p><p>Elke Bang King 35000 Lemon Mint elektronische sigaret biedt tot 35.000 trekjes, wat langer is dan conventionele producten op de markt, ideaal voor intensieve gebruikers of langeafstandsreizigers.<\/p><h2>Krachtige verstuiverweerstand<\/h2><p>De Bang King 35000 Lemon Mint heeft een 0.6 \u03a9 mesh weerstand voor een gelijkmatige verwarming en een hoog dampvolume, wat zorgt voor een intensere smaak en soepeler inhaleren.<\/p><h2>Intelligent LED-scherm<\/h2><p>Het onafhankelijke intelligente LED-display toont het batterijniveau en de resterende hoeveelheid e-liquid in realtime, zodat gebruikers de status van het apparaat duidelijk kunnen controleren en onverwachte stroomonderbrekingen of lage e-liquid niveaus kunnen voorkomen.<\/p><h2>Een keuze uit nicotineconcentraties<\/h2><p>De Bang King 35000 Lemon Mint biedt verschillende nicotinedoseringen: 0 %, 2 %, 3 % en 5 %, om aan de behoeften van alle gebruikers te voldoen, van de nicotinevrije ervaring tot de nicotinerijke keelhit.<\/p><h2>Beveiligingssysteem<\/h2><p>De Bang King 35000 Lemon Mint heeft een ingebouwde droogbrandbeveiliging die automatisch stopt met verwarmen als de e-vloeistof op is, waardoor schade aan de weerstand van de verstuiver wordt voorkomen en de veiligheid van de gebruiker wordt gewaarborgd.<\/p><p>De Bang King 35000 Lemon Mint heeft een ergonomische, ronde behuizing die prettig in de hand ligt en een delicate, krasbestendige, antislipafwerking voor eenvoudig transport en gebruik.<\/p>\t\t\t\t\t\t\t\t<\/div>\n\t\t\t\t<\/div>\n\t\t\t\t\t<\/div>\n\t\t\t\t<\/div>\n\t\t\t\t<\/div>","protected":false},"excerpt":{"rendered":"<p>La Bang King 35000 Citron Menthe, avec sa base citronn\u00e9e vive et acidul\u00e9e, sa fra\u00eecheur menthol\u00e9e qui se diffuse progressivement et sa touche de douceur mod\u00e9r\u00e9e, offre un arri\u00e8re-go\u00fbt distinct et complexe, avec un arri\u00e8re-go\u00fbt persistant. L&rsquo;acidit\u00e9 du citron Le principal atout de la e-cigarette Bang King 35000 Citron Menthe est son ar\u00f4me citronn\u00e9 vif [&hellip;]<\/p>\n","protected":false},"featured_media":6664,"comment_status":"open","ping_status":"closed","template":"","meta":{"site-sidebar-layout":"no-sidebar","site-content-layout":"page-builder","ast-site-content-layout":"normal-width-container","site-content-style":"default","site-sidebar-style":"default","ast-global-header-display":"","ast-banner-title-visibility":"","ast-main-header-display":"","ast-hfb-above-header-display":"","ast-hfb-below-header-display":"","ast-hfb-mobile-header-display":"","site-post-title":"disabled","ast-breadcrumbs-content":"","ast-featured-img":"disabled","footer-sml-layout":"","ast-disable-related-posts":"","theme-transparent-header-meta":"default","adv-header-id-meta":"","stick-header-meta":"default","header-above-stick-meta":"","header-main-stick-meta":"","header-below-stick-meta":"","astra-migrate-meta-layouts":"set","ast-page-background-enabled":"default","ast-page-background-meta":{"desktop":{"background-color":"","background-image":"","background-repeat":"repeat","background-position":"center center","background-size":"auto","background-attachment":"scroll","background-type":"","background-media":"","overlay-type":"","overlay-color":"","overlay-opacity":"","overlay-gradient":""},"tablet":{"background-color":"","background-image":"","background-repeat":"repeat","background-position":"center center","background-size":"auto","background-attachment":"scroll","background-type":"","background-media":"","overlay-type":"","overlay-color":"","overlay-opacity":"","overlay-gradient":""},"mobile":{"background-color":"","background-image":"","background-repeat":"repeat","background-position":"center center","background-size":"auto","background-attachment":"scroll","background-type":"","background-media":"","overlay-type":"","overlay-color":"","overlay-opacity":"","overlay-gradient":""}},"ast-content-background-meta":{"desktop":{"background-color":"var(--ast-global-color-5)","background-image":"","background-repeat":"repeat","background-position":"center center","background-size":"auto","background-attachment":"scroll","background-type":"","background-media":"","overlay-type":"","overlay-color":"","overlay-opacity":"","overlay-gradient":""},"tablet":{"background-color":"var(--ast-global-color-5)","background-image":"","background-repeat":"repeat","background-position":"center center","background-size":"auto","background-attachment":"scroll","background-type":"","background-media":"","overlay-type":"","overlay-color":"","overlay-opacity":"","overlay-gradient":""},"mobile":{"background-color":"var(--ast-global-color-5)","background-image":"","background-repeat":"repeat","background-position":"center center","background-size":"auto","background-attachment":"scroll","background-type":"","background-media":"","overlay-type":"","overlay-color":"","overlay-opacity":"","overlay-gradient":""}}},"product_brand":[52],"product_cat":[57,105,15],"product_tag":[],"class_list":{"0":"post-6820","1":"product","2":"type-product","3":"status-publish","4":"has-post-thumbnail","6":"product_brand-bang-king","7":"product_cat-bang-king-35k-resistance-mesh","8":"product_cat-puff-35k","9":"product_cat-magasin-cigarette-electronique","10":"desktop-align-center","11":"tablet-align-center","12":"mobile-align-center","13":"ast-product-gallery-layout-horizontal","14":"ast-product-gallery-with-no-image","15":"ast-product-single-variable","16":"ast-product-tabs-layout-horizontal","17":"ast-qv-on-image","19":"first","20":"instock","21":"sale","22":"shipping-taxable","23":"purchasable","24":"product-type-variable","25":"has-default-attributes"},"tiered_pricing_type":"fixed","tiered_pricing_fixed_rules":{"50":6.83,"100":6.22},"tiered_pricing_product_settings":{"layout":"default","base_unit_name":{"singular":null,"plural":null},"default_variation":null},"tiered_pricing_minimum_quantity":null,"tiered_pricing_roles_data":[],"tiered_pricing_percentage_rules":[],"_links":{"self":[{"href":"https:\/\/puffvapestore.com\/nl\/wp-json\/wp\/v2\/product\/6820","targetHints":{"allow":["GET"]}}],"collection":[{"href":"https:\/\/puffvapestore.com\/nl\/wp-json\/wp\/v2\/product"}],"about":[{"href":"https:\/\/puffvapestore.com\/nl\/wp-json\/wp\/v2\/types\/product"}],"replies":[{"embeddable":true,"href":"https:\/\/puffvapestore.com\/nl\/wp-json\/wp\/v2\/comments?post=6820"}],"version-history":[{"count":7,"href":"https:\/\/puffvapestore.com\/nl\/wp-json\/wp\/v2\/product\/6820\/revisions"}],"predecessor-version":[{"id":7224,"href":"https:\/\/puffvapestore.com\/nl\/wp-json\/wp\/v2\/product\/6820\/revisions\/7224"}],"wp:featuredmedia":[{"embeddable":true,"href":"https:\/\/puffvapestore.com\/nl\/wp-json\/wp\/v2\/media\/6664"}],"wp:attachment":[{"href":"https:\/\/puffvapestore.com\/nl\/wp-json\/wp\/v2\/media?parent=6820"}],"wp:term":[{"taxonomy":"product_brand","embeddable":true,"href":"https:\/\/puffvapestore.com\/nl\/wp-json\/wp\/v2\/product_brand?post=6820"},{"taxonomy":"product_cat","embeddable":true,"href":"https:\/\/puffvapestore.com\/nl\/wp-json\/wp\/v2\/product_cat?post=6820"},{"taxonomy":"product_tag","embeddable":true,"href":"https:\/\/puffvapestore.com\/nl\/wp-json\/wp\/v2\/product_tag?post=6820"}],"curies":[{"name":"wp","href":"https:\/\/api.w.org\/{rel}","templated":true}]}}