{"id":6798,"date":"2025-08-23T02:32:08","date_gmt":"2025-08-23T02:32:08","guid":{"rendered":"https:\/\/puffvapestore.com\/?post_type=product&#038;p=6798"},"modified":"2026-01-19T10:31:54","modified_gmt":"2026-01-19T10:31:54","slug":"strawberry-watermelon-bang-king-35000-allie-la-douceur-intense-de-la-fraise","status":"publish","type":"product","link":"https:\/\/puffvapestore.com\/nl\/product\/aardbei-watermeloen-bang-king-35000-combineert-de-intense-zoetheid-van-aardbei\/","title":{"rendered":"Aardbei Watermeloen - Bang King 35000"},"content":{"rendered":"<div data-elementor-type=\"wp-post\" data-elementor-id=\"6798\" class=\"elementor elementor-6798\">\n\t\t\t\t<div class=\"elementor-element elementor-element-08c26f9 e-flex e-con-boxed e-con e-parent\" data-id=\"08c26f9\" data-element_type=\"container\" data-e-type=\"container\">\n\t\t\t\t\t<div class=\"e-con-inner\">\n\t\t\t\t<div class=\"elementor-element elementor-element-a005a97 elementor-widget elementor-widget-text-editor\" data-id=\"a005a97\" data-element_type=\"widget\" data-e-type=\"widget\" data-widget_type=\"text-editor.default\">\n\t\t\t\t<div class=\"elementor-widget-container\">\n\t\t\t\t\t\t\t\t\t<p>De Bang King 35000 Strawberry Watermelon elektronische sigaret combineert de intense zoetheid van aardbeien met de sappige frisheid van watermeloen. Het aroma is zoet en verfrissend, met een lichte watermeloensmaak.<\/p><p>Aardbei: Biedt een levendige, zoete smaak, typisch voor de natuurlijke, zachte zoetheid van rijpe aardbeien. Denk aan verse aardbeien geplukt in de vroege zomer, met een rijke maar niet overheersende smaak.<\/p><p>Watermeloen: Verfrissend en sappig, met een subtiele sensatie van frisheid, als een verfrissend zomerfruit. Het gehemelte is licht, een beetje waterig en de zoetheid is zacht.<\/p><p>Elektronische sigarettenervaring: Zoet en verfrissend, het fruitige aroma van aardbeien mengt zich harmonieus met de sappige frisheid van watermeloen.<\/p><p>Smaak: De zoetheid van de aardbei komt als eerste, gevolgd door een frisse, sappige nasmaak.<\/p><p>Algehele indruk: zoet, verfrissend en discreet, ideaal voor liefhebbers van fruitige smaken die de voorkeur geven aan een lichtere, meer verfrissende smaak.<\/p><h2>Grote vloeistofcapaciteit en batterij met hoge capaciteit<\/h2><p>De Bang King 35000 Strawberry Watermelon wordt geleverd met 23 ml voorgevulde e-vloeistof, waardoor je niet vaak hoeft bij te vullen en een lang, zorgeloos gebruik garandeert. De grote capaciteit garandeert een consistente smaak en langdurige verneveling.<\/p><p>Uitgerust met een high-capacity 1000 mAh lithium batterij en Type-C snel opladen compatibiliteit, biedt het uitgebreide autonomie en snel opladen voor uw dagelijkse vaping behoeften.<\/p><p>Elke Bang King 35000 Strawberry Watermelon elektronische sigaret biedt tot 35.000 trekjes, wat langer is dan conventionele producten op de markt, ideaal voor intensieve gebruikers of langeafstandsreizigers.<\/p><h2>Krachtige verstuiverweerstand<\/h2><p>De Bang King 35000 Strawberry Watermelon heeft een 0.6 \u03a9 mesh weerstand voor gelijkmatige verwarming en een hoog dampvolume, wat zorgt voor een intensere smaak en een zachtere inhalatie.<\/p><h2>Intelligent LED-scherm<\/h2><p>Het onafhankelijke intelligente LED-display toont het batterijniveau en de resterende hoeveelheid e-liquid in realtime, zodat gebruikers de status van het apparaat duidelijk kunnen controleren en onverwachte stroomonderbrekingen of lage e-liquid niveaus kunnen voorkomen.<\/p><h2>Een keuze uit nicotineconcentraties<\/h2><p>De Bang King 35000 biedt verschillende nicotinedoseringen: 0 %, 2 %, 3 % en 5 %, om aan de behoeften van alle gebruikers te voldoen, van de nicotinevrije ervaring tot de nicotinerijke keelhit.<\/p><h2>Beveiligingssysteem<\/h2><p>De Bang King 35000 Strawberry Watermelon heeft een ingebouwd droogbrandbeveiligingssysteem dat automatisch stopt met verwarmen als de e-vloeistof op is, waardoor schade aan de weerstand van de verstuiver wordt voorkomen en de veiligheid van de gebruiker wordt gewaarborgd.<\/p><p>De Bang King 35000 Strawberry Watermelon heeft een ergonomische, ronde behuizing die prettig in de hand ligt en een delicate, krasbestendige, anti-slip afwerking voor eenvoudig transport en gebruik.<\/p>\t\t\t\t\t\t\t\t<\/div>\n\t\t\t\t<\/div>\n\t\t\t\t\t<\/div>\n\t\t\t\t<\/div>\n\t\t\t\t<\/div>","protected":false},"excerpt":{"rendered":"<p>La cigarette \u00e9lectronique Bang King 35000 Fraise Past\u00e8que allie la douceur intense de la fraise \u00e0 la fra\u00eecheur juteuse de la past\u00e8que. L&rsquo;ar\u00f4me est doux et rafra\u00eechissant, avec une l\u00e9g\u00e8re saveur de past\u00e8que aqueuse. Fraise\u00a0: Offre un ar\u00f4me vif et sucr\u00e9, typique de la douceur naturelle et moelleuse des fraises m\u00fbres. Imaginez des fraises fra\u00eeches [&hellip;]<\/p>\n","protected":false},"featured_media":6669,"comment_status":"open","ping_status":"closed","template":"","meta":{"site-sidebar-layout":"no-sidebar","site-content-layout":"page-builder","ast-site-content-layout":"normal-width-container","site-content-style":"default","site-sidebar-style":"default","ast-global-header-display":"","ast-banner-title-visibility":"","ast-main-header-display":"","ast-hfb-above-header-display":"","ast-hfb-below-header-display":"","ast-hfb-mobile-header-display":"","site-post-title":"disabled","ast-breadcrumbs-content":"","ast-featured-img":"disabled","footer-sml-layout":"","ast-disable-related-posts":"","theme-transparent-header-meta":"default","adv-header-id-meta":"","stick-header-meta":"default","header-above-stick-meta":"","header-main-stick-meta":"","header-below-stick-meta":"","astra-migrate-meta-layouts":"set","ast-page-background-enabled":"default","ast-page-background-meta":{"desktop":{"background-color":"","background-image":"","background-repeat":"repeat","background-position":"center center","background-size":"auto","background-attachment":"scroll","background-type":"","background-media":"","overlay-type":"","overlay-color":"","overlay-opacity":"","overlay-gradient":""},"tablet":{"background-color":"","background-image":"","background-repeat":"repeat","background-position":"center center","background-size":"auto","background-attachment":"scroll","background-type":"","background-media":"","overlay-type":"","overlay-color":"","overlay-opacity":"","overlay-gradient":""},"mobile":{"background-color":"","background-image":"","background-repeat":"repeat","background-position":"center center","background-size":"auto","background-attachment":"scroll","background-type":"","background-media":"","overlay-type":"","overlay-color":"","overlay-opacity":"","overlay-gradient":""}},"ast-content-background-meta":{"desktop":{"background-color":"var(--ast-global-color-5)","background-image":"","background-repeat":"repeat","background-position":"center center","background-size":"auto","background-attachment":"scroll","background-type":"","background-media":"","overlay-type":"","overlay-color":"","overlay-opacity":"","overlay-gradient":""},"tablet":{"background-color":"var(--ast-global-color-5)","background-image":"","background-repeat":"repeat","background-position":"center center","background-size":"auto","background-attachment":"scroll","background-type":"","background-media":"","overlay-type":"","overlay-color":"","overlay-opacity":"","overlay-gradient":""},"mobile":{"background-color":"var(--ast-global-color-5)","background-image":"","background-repeat":"repeat","background-position":"center center","background-size":"auto","background-attachment":"scroll","background-type":"","background-media":"","overlay-type":"","overlay-color":"","overlay-opacity":"","overlay-gradient":""}}},"product_brand":[52],"product_cat":[57,105,15],"product_tag":[],"class_list":{"0":"post-6798","1":"product","2":"type-product","3":"status-publish","4":"has-post-thumbnail","6":"product_brand-bang-king","7":"product_cat-bang-king-35k-resistance-mesh","8":"product_cat-puff-35k","9":"product_cat-magasin-cigarette-electronique","10":"desktop-align-center","11":"tablet-align-center","12":"mobile-align-center","13":"ast-product-gallery-layout-horizontal","14":"ast-product-gallery-with-no-image","15":"ast-product-single-variable","16":"ast-product-tabs-layout-horizontal","17":"ast-qv-on-image","19":"first","20":"instock","21":"sale","22":"shipping-taxable","23":"purchasable","24":"product-type-variable","25":"has-default-attributes"},"tiered_pricing_type":"fixed","tiered_pricing_fixed_rules":{"50":6.83,"100":6.22},"tiered_pricing_product_settings":{"layout":"default","base_unit_name":{"singular":null,"plural":null},"default_variation":null},"tiered_pricing_minimum_quantity":null,"tiered_pricing_roles_data":[],"tiered_pricing_percentage_rules":[],"_links":{"self":[{"href":"https:\/\/puffvapestore.com\/nl\/wp-json\/wp\/v2\/product\/6798","targetHints":{"allow":["GET"]}}],"collection":[{"href":"https:\/\/puffvapestore.com\/nl\/wp-json\/wp\/v2\/product"}],"about":[{"href":"https:\/\/puffvapestore.com\/nl\/wp-json\/wp\/v2\/types\/product"}],"replies":[{"embeddable":true,"href":"https:\/\/puffvapestore.com\/nl\/wp-json\/wp\/v2\/comments?post=6798"}],"version-history":[{"count":7,"href":"https:\/\/puffvapestore.com\/nl\/wp-json\/wp\/v2\/product\/6798\/revisions"}],"predecessor-version":[{"id":7222,"href":"https:\/\/puffvapestore.com\/nl\/wp-json\/wp\/v2\/product\/6798\/revisions\/7222"}],"wp:featuredmedia":[{"embeddable":true,"href":"https:\/\/puffvapestore.com\/nl\/wp-json\/wp\/v2\/media\/6669"}],"wp:attachment":[{"href":"https:\/\/puffvapestore.com\/nl\/wp-json\/wp\/v2\/media?parent=6798"}],"wp:term":[{"taxonomy":"product_brand","embeddable":true,"href":"https:\/\/puffvapestore.com\/nl\/wp-json\/wp\/v2\/product_brand?post=6798"},{"taxonomy":"product_cat","embeddable":true,"href":"https:\/\/puffvapestore.com\/nl\/wp-json\/wp\/v2\/product_cat?post=6798"},{"taxonomy":"product_tag","embeddable":true,"href":"https:\/\/puffvapestore.com\/nl\/wp-json\/wp\/v2\/product_tag?post=6798"}],"curies":[{"name":"wp","href":"https:\/\/api.w.org\/{rel}","templated":true}]}}