{"id":6787,"date":"2025-08-18T11:23:02","date_gmt":"2025-08-18T11:23:02","guid":{"rendered":"https:\/\/puffvapestore.com\/?post_type=product&#038;p=6787"},"modified":"2026-01-19T10:31:54","modified_gmt":"2026-01-19T10:31:54","slug":"bang-king-35k-blue-razz-ice-offre-un-arome-equilibre-de-framboise-bleue","status":"publish","type":"product","link":"https:\/\/puffvapestore.com\/nl\/product\/bang-king-35k-blue-razz-ice-biedt-een-evenwichtig-aroma-van-blauwe-framboos\/","title":{"rendered":"Bang King 35000 - Blauw bruisend ijs"},"content":{"rendered":"<div data-elementor-type=\"wp-post\" data-elementor-id=\"6787\" class=\"elementor elementor-6787\">\n\t\t\t\t<div class=\"elementor-element elementor-element-08c26f9 e-flex e-con-boxed e-con e-parent\" data-id=\"08c26f9\" data-element_type=\"container\" data-e-type=\"container\">\n\t\t\t\t\t<div class=\"e-con-inner\">\n\t\t\t\t<div class=\"elementor-element elementor-element-a005a97 elementor-widget elementor-widget-text-editor\" data-id=\"a005a97\" data-element_type=\"widget\" data-e-type=\"widget\" data-widget_type=\"text-editor.default\">\n\t\t\t\t<div class=\"elementor-widget-container\">\n\t\t\t\t\t\t\t\t\t<p>De Bang King 35000 Blue Razz Ice elektronische sigaret biedt een uitgebalanceerde blauwe frambozensmaak vanaf het eerste trekje, en levert een fruitige, sappige en verfrissende smaak vanaf het eerste trekje, gevolgd door een koele, muntachtige sensatie die zich snel verspreidt door de keel voor een soepele, heldere en langdurige verfrissende ervaring.<\/p><h2>Hoofdnoot : Zoetzure blauwe framboos<\/h2><p>De belangrijkste smaak is een zoete en pittige \u00abbosbes\u00bb-smaak, vergelijkbaar met de fruitige, licht wrange smaak van blauwe frambozen. Dit zorgt meteen vanaf het eerste trekje voor een verfrissende balans tussen fruitig aroma en zoetheid.<\/p><h2>IJs: Een verfrissende boost van munt en ijs<\/h2><p>Een duidelijke ijssensatie wordt toegevoegd aan de fruitsmaak, waardoor een verfrissende en stimulerende sensatie ontstaat, vergelijkbaar met die van een munt- of ijsnevel. Het voegt diepte toe aan de smaak en laat een verfrissende sensatie achter in de mond en keel bij het inhaleren.<\/p><h2>Smaak : Mild en helder<\/h2><p>De formule legt de nadruk op zachtheid en frisheid, met een lichte weerstand bij het inhaleren en een afwezigheid van hardheid. De afwezigheid van onaangename nasmaak en hardheid biedt een pure, kristalheldere ervaring.<\/p><h2>Bijzonderheden van Blue Razz ijssmaak<\/h2><h3>Fris fruitig aroma + ijzige nasmaak<\/h3><p>Zoete en pittige bosbessenaroma's dringen eerst de mond binnen, gevolgd door een snelle ijzige sensatie, waardoor een \u00abfruitige ijsstorm\u00bb ontstaat bij het inhaleren: een zoete, verfrissende mix van frisheid die je naar meer doet verlangen.<\/p><h3>Geschikt voor fans van menthol, munt of ijssmaken.<\/h3><p>Als je de voorkeur geeft aan een zoete, fruitige smaak met een ijzige afdronk, dan is Blue Razz Ice de belichaming van deze stijl: een verfrissende fruitige ervaring zonder te sterk of te zwaar te zijn.<\/p><h2>Grote vloeistofcapaciteit en batterij met hoge capaciteit<\/h2><p>De Bang King 35000 Blue Razz Ice wordt geleverd met 23 ml voorgevulde e-vloeistof, waardoor je niet vaak hoeft bij te vullen en een lang, zorgeloos gebruik garandeert. De grote capaciteit garandeert een consistente smaak en langdurige verneveling.<\/p><p>Uitgerust met een high-capacity 1000 mAh lithium batterij en Type-C snel opladen compatibiliteit, biedt het uitgebreide autonomie en snel opladen voor uw dagelijkse vaping behoeften.<\/p><p>Elke Bang King 35000 Blue Razz Ice elektronische sigaret biedt tot 35.000 trekjes, wat langer is dan conventionele producten op de markt, ideaal voor intensieve gebruikers of langeafstandsreizigers.<\/p><h2>Krachtige verstuiverweerstand<\/h2><p>De Bang King 35000 Blue Razz Ice heeft een 0.6 \u03a9 mesh weerstand voor een gelijkmatige verwarming en een hoog dampvolume, wat zorgt voor een intensere smaak en een zachtere inhalatie.<\/p><h2>Intelligent LED-scherm<\/h2><p>Het onafhankelijke intelligente LED-display toont het batterijniveau en de resterende hoeveelheid e-liquid in realtime, zodat gebruikers de status van het apparaat duidelijk kunnen controleren en onverwachte stroomonderbrekingen of lage e-liquid niveaus kunnen voorkomen.<\/p><h2>Een keuze uit nicotineconcentraties<\/h2><p>De Bang King 35000 Blue Razz Ice biedt verschillende nicotinedoseringen: 0 %, 2 %, 3 % en 5 %, om aan de behoeften van alle gebruikers te voldoen, van de nicotinevrije ervaring tot de nicotinerijke keelhit.<\/p><h2>Beveiligingssysteem<\/h2><p>De Bang King 35000 heeft een ingebouwde droogbrandbeveiliging die automatisch stopt met verwarmen als de e-vloeistof op is, waardoor schade aan de weerstand van de verstuiver wordt voorkomen en de veiligheid van de gebruiker wordt gewaarborgd.<\/p><p>De Bang King 35000 heeft een ergonomische, ronde behuizing die prettig in de hand ligt en een delicate, krasbestendige, antislipafwerking voor eenvoudig transport en gebruik.<\/p>\t\t\t\t\t\t\t\t<\/div>\n\t\t\t\t<\/div>\n\t\t\t\t\t<\/div>\n\t\t\t\t<\/div>\n\t\t\t\t<\/div>","protected":false},"excerpt":{"rendered":"<p>La cigarette \u00e9lectronique Bang King 35000 Blue Razz Ice offre un ar\u00f4me \u00e9quilibr\u00e9 de framboise bleue d\u00e8s la premi\u00e8re bouff\u00e9e, offrant une saveur fruit\u00e9e, juteuse et rafra\u00eechissante d\u00e8s la premi\u00e8re bouff\u00e9e, suivie d&rsquo;une sensation fra\u00eeche et menthol\u00e9e qui se propage rapidement en gorge, pour une exp\u00e9rience rafra\u00eechissante douce, claire et durable. Note principale\u00a0: Framboise bleue [&hellip;]<\/p>\n","protected":false},"featured_media":6658,"comment_status":"open","ping_status":"closed","template":"","meta":{"site-sidebar-layout":"no-sidebar","site-content-layout":"page-builder","ast-site-content-layout":"normal-width-container","site-content-style":"default","site-sidebar-style":"default","ast-global-header-display":"","ast-banner-title-visibility":"","ast-main-header-display":"","ast-hfb-above-header-display":"","ast-hfb-below-header-display":"","ast-hfb-mobile-header-display":"","site-post-title":"disabled","ast-breadcrumbs-content":"","ast-featured-img":"disabled","footer-sml-layout":"","ast-disable-related-posts":"","theme-transparent-header-meta":"default","adv-header-id-meta":"","stick-header-meta":"default","header-above-stick-meta":"","header-main-stick-meta":"","header-below-stick-meta":"","astra-migrate-meta-layouts":"set","ast-page-background-enabled":"default","ast-page-background-meta":{"desktop":{"background-color":"","background-image":"","background-repeat":"repeat","background-position":"center center","background-size":"auto","background-attachment":"scroll","background-type":"","background-media":"","overlay-type":"","overlay-color":"","overlay-opacity":"","overlay-gradient":""},"tablet":{"background-color":"","background-image":"","background-repeat":"repeat","background-position":"center center","background-size":"auto","background-attachment":"scroll","background-type":"","background-media":"","overlay-type":"","overlay-color":"","overlay-opacity":"","overlay-gradient":""},"mobile":{"background-color":"","background-image":"","background-repeat":"repeat","background-position":"center center","background-size":"auto","background-attachment":"scroll","background-type":"","background-media":"","overlay-type":"","overlay-color":"","overlay-opacity":"","overlay-gradient":""}},"ast-content-background-meta":{"desktop":{"background-color":"var(--ast-global-color-5)","background-image":"","background-repeat":"repeat","background-position":"center center","background-size":"auto","background-attachment":"scroll","background-type":"","background-media":"","overlay-type":"","overlay-color":"","overlay-opacity":"","overlay-gradient":""},"tablet":{"background-color":"var(--ast-global-color-5)","background-image":"","background-repeat":"repeat","background-position":"center center","background-size":"auto","background-attachment":"scroll","background-type":"","background-media":"","overlay-type":"","overlay-color":"","overlay-opacity":"","overlay-gradient":""},"mobile":{"background-color":"var(--ast-global-color-5)","background-image":"","background-repeat":"repeat","background-position":"center center","background-size":"auto","background-attachment":"scroll","background-type":"","background-media":"","overlay-type":"","overlay-color":"","overlay-opacity":"","overlay-gradient":""}}},"product_brand":[52],"product_cat":[57,105,15],"product_tag":[],"class_list":{"0":"post-6787","1":"product","2":"type-product","3":"status-publish","4":"has-post-thumbnail","6":"product_brand-bang-king","7":"product_cat-bang-king-35k-resistance-mesh","8":"product_cat-puff-35k","9":"product_cat-magasin-cigarette-electronique","10":"desktop-align-center","11":"tablet-align-center","12":"mobile-align-center","13":"ast-product-gallery-layout-horizontal","14":"ast-product-gallery-with-no-image","15":"ast-product-single-variable","16":"ast-product-tabs-layout-horizontal","17":"ast-qv-on-image","19":"first","20":"instock","21":"sale","22":"shipping-taxable","23":"purchasable","24":"product-type-variable","25":"has-default-attributes"},"tiered_pricing_type":"fixed","tiered_pricing_fixed_rules":{"50":6.83,"100":6.22},"tiered_pricing_product_settings":{"layout":"default","base_unit_name":{"singular":null,"plural":null},"default_variation":null},"tiered_pricing_minimum_quantity":null,"tiered_pricing_roles_data":[],"tiered_pricing_percentage_rules":[],"_links":{"self":[{"href":"https:\/\/puffvapestore.com\/nl\/wp-json\/wp\/v2\/product\/6787","targetHints":{"allow":["GET"]}}],"collection":[{"href":"https:\/\/puffvapestore.com\/nl\/wp-json\/wp\/v2\/product"}],"about":[{"href":"https:\/\/puffvapestore.com\/nl\/wp-json\/wp\/v2\/types\/product"}],"replies":[{"embeddable":true,"href":"https:\/\/puffvapestore.com\/nl\/wp-json\/wp\/v2\/comments?post=6787"}],"version-history":[{"count":7,"href":"https:\/\/puffvapestore.com\/nl\/wp-json\/wp\/v2\/product\/6787\/revisions"}],"predecessor-version":[{"id":7221,"href":"https:\/\/puffvapestore.com\/nl\/wp-json\/wp\/v2\/product\/6787\/revisions\/7221"}],"wp:featuredmedia":[{"embeddable":true,"href":"https:\/\/puffvapestore.com\/nl\/wp-json\/wp\/v2\/media\/6658"}],"wp:attachment":[{"href":"https:\/\/puffvapestore.com\/nl\/wp-json\/wp\/v2\/media?parent=6787"}],"wp:term":[{"taxonomy":"product_brand","embeddable":true,"href":"https:\/\/puffvapestore.com\/nl\/wp-json\/wp\/v2\/product_brand?post=6787"},{"taxonomy":"product_cat","embeddable":true,"href":"https:\/\/puffvapestore.com\/nl\/wp-json\/wp\/v2\/product_cat?post=6787"},{"taxonomy":"product_tag","embeddable":true,"href":"https:\/\/puffvapestore.com\/nl\/wp-json\/wp\/v2\/product_tag?post=6787"}],"curies":[{"name":"wp","href":"https:\/\/api.w.org\/{rel}","templated":true}]}}