{"id":6746,"date":"2025-08-15T06:18:15","date_gmt":"2025-08-15T06:18:15","guid":{"rendered":"https:\/\/puffvapestore.com\/?post_type=product&#038;p=6746"},"modified":"2026-01-19T10:31:54","modified_gmt":"2026-01-19T10:31:54","slug":"bang-king-35000-double-apple-arome-fruite-riche-et-complexe","status":"publish","type":"product","link":"https:\/\/puffvapestore.com\/nl\/product\/bang-king-35000-dubbele-appel-rijk-en-complex-fruitig-aroma\/","title":{"rendered":"Bang King 35000 - Dubbele appel"},"content":{"rendered":"<div data-elementor-type=\"wp-post\" data-elementor-id=\"6746\" class=\"elementor elementor-6746\">\n\t\t\t\t<div class=\"elementor-element elementor-element-08c26f9 e-flex e-con-boxed e-con e-parent\" data-id=\"08c26f9\" data-element_type=\"container\" data-e-type=\"container\">\n\t\t\t\t\t<div class=\"e-con-inner\">\n\t\t\t\t<div class=\"elementor-element elementor-element-a005a97 elementor-widget elementor-widget-text-editor\" data-id=\"a005a97\" data-element_type=\"widget\" data-e-type=\"widget\" data-widget_type=\"text-editor.default\">\n\t\t\t\t<div class=\"elementor-widget-container\">\n\t\t\t\t\t\t\t\t\t<p>De belangrijkste smaak van Bang King 35000 Double Apple is dubbele appel en biedt een rijk, complex fruitig aroma met een perfecte balans tussen zoetheid en zuurgraad. Deze tabak wordt aangevuld door een zachte, milde tabaksbasis, die de verfrissende zoetheid van het fruit combineert met de zwaarte van de tabak.<\/p><h2>Met dubbele appelsmaak<\/h2><p>Het hart van deze tabak is de \u00abDouble Apple\u00bb smaak, een fusie van aroma's van rode en groene appels. De rode appel brengt een zachte, licht nectarine zoetheid, terwijl de groene appel een fris, licht wrang fruitig aroma brengt, wat een opvallend contrast en evenwicht cre\u00ebert.<\/p><h2>Rijk, complex fruitig aroma<\/h2><p>Bij het inhaleren is de eerste sensatie een rijk appelaroma, vermengd met zoetheid en zuurheid, maar zonder te uitgesproken te zijn, waardoor het geheel een levendige toets krijgt. Naarmate de rook intenser wordt, wordt het fruitige aroma steeds verfijnder en zachter en onthult het een natuurlijke fruitige zoetheid.<\/p><h2>Zoete noten van tabak<\/h2><p>Hoewel de fruitige smaak overheerst, blijft de intrinsieke tabakssmaak aanwezig die rijkdom en body toevoegt aan Double Apple.<\/p><p>Naast de hoofdsmaak voegt een subtiel vleugje kaneel of kruidnagel een vleugje complexiteit toe, waardoor de smaak van Double Apple evenwichtiger en voller wordt.<\/p><h2>Smaakdetails :<\/h2><p>Bij het inademen ontwaakt het frisse appelaroma onmiddellijk het gehemelte en cre\u00ebert het een aangename boomgaardsfeer.<\/p><p>De rook is zacht en romig, zonder keelirritatie, ideaal voor langdurig gebruik.<\/p><p>De afdronk, met zijn tonen van zoete appel en subtiele tabak, is ongelooflijk hardnekkig.<\/p><p>De afdronk is zacht in de mond en het aroma blijft net lang genoeg hangen, zonder te snel te vervagen of te lang te duren om misselijkmakend te worden.<\/p><h2>Batterij met lange levensduur en oplaadbare batterij met hoge capaciteit<\/h2><p>De BANG KING 35000 Double Apple is een elektronische vaporizer voor eenmalig gebruik met een hoge capaciteit, ontworpen voor een langdurige ervaring en onvergelijkbare smaken. Elke BANG KING 35000 elektronische sigaret biedt tot 35.000 trekjes. De ingebouwde oplaadbare batterij met hoge capaciteit en het extra grote reservoir voor e-vloeistof garanderen een volle, zachte inhalatie.<\/p><p>Dankzij de krachtige 1000 mAh oplaadbare lithium batterij en Type-C snellaadpoort hoef je je nooit meer zorgen te maken over een defecte batterij. De extra grote 23ml voorgevulde e-liquid tank, gecombineerd met Mesh Coil technologie en een geoptimaliseerde 0.6 \u03a9 weerstand, zorgt voor een gelijkmatige verwarming, rijke smaak en royaal dampvolume.<\/p><h2>LED-scherm en meerdere nicotineniveaus<\/h2><p>De BANG KING 35000 Double Apple heeft een intelligent LED display dat de resterende batterijlading en het e-liquid niveau in real-time weergeeft, zodat je de status van het apparaat altijd in de gaten kunt houden. De unieke Anti-Dry-Burn technologie voorkomt effectief brandluchtjes wanneer het e-liquid niveau laag is, waardoor de levensduur van de verstuiverweerstand wordt verlengd.<\/p><p>De BANG KING 35000 Double Apple biedt verschillende nicotineniveaus: 0 %, 2 %, 3 % en 5 %, om aan de verschillende behoeften van gebruikers te voldoen. Of je nu een nicotinevrije roker bent die op zoek is naar een pure smaak of een ervaren roker die de voorkeur geeft aan de voldoening van een krachtige vape, je zult de ideale keuze vinden.<\/p><p>De BANG KING 35000 (DSK032) valt op tussen de topklasse elektronische wegwerpverdampers met zijn verfijnde ontwerp, duurzame batterij en talloze smaakopties. Voor dagelijks gebruik of op reis, hij biedt een soepele, stabiele en langdurige vape-ervaring.<\/p><h2>Specificaties van de BANG KING 35000 Dual Apple :<\/h2><p>Aantal trekjes : Tot 35.000<\/p><p>Batterijcapaciteit: 1.000 mAh oplaadbaar (Type-C)<\/p><p>Vloeistofinhoud: 23 ml voorgevuld<\/p><p>Verstuiver: 0,6 \u03a9 gaasweerstand<\/p><p>Display: Intelligent LED-display (batterijniveau\/vloeistofniveau)<\/p><p>Bescherming: Bescherming tegen verbranding<\/p><p>Nicotineniveaus: 0 %, 2 %, 3 %, 5 %<\/p>\t\t\t\t\t\t\t\t<\/div>\n\t\t\t\t<\/div>\n\t\t\t\t\t<\/div>\n\t\t\t\t<\/div>\n\t\t\t\t<\/div>","protected":false},"excerpt":{"rendered":"<p>La saveur principale du Bang King 35000 Double Pomme est la pomme double, offrant un ar\u00f4me fruit\u00e9 riche et complexe, avec un \u00e9quilibre parfait entre douceur et acidit\u00e9. Ce tabac est compl\u00e9t\u00e9 par une base de tabac doux et moelleux, alliant la douceur rafra\u00eechissante du fruit \u00e0 la lourdeur du tabac. Avec la saveur Double [&hellip;]<\/p>\n","protected":false},"featured_media":6661,"comment_status":"open","ping_status":"closed","template":"","meta":{"site-sidebar-layout":"no-sidebar","site-content-layout":"page-builder","ast-site-content-layout":"normal-width-container","site-content-style":"default","site-sidebar-style":"default","ast-global-header-display":"","ast-banner-title-visibility":"","ast-main-header-display":"","ast-hfb-above-header-display":"","ast-hfb-below-header-display":"","ast-hfb-mobile-header-display":"","site-post-title":"disabled","ast-breadcrumbs-content":"","ast-featured-img":"disabled","footer-sml-layout":"","ast-disable-related-posts":"","theme-transparent-header-meta":"default","adv-header-id-meta":"","stick-header-meta":"default","header-above-stick-meta":"","header-main-stick-meta":"","header-below-stick-meta":"","astra-migrate-meta-layouts":"set","ast-page-background-enabled":"default","ast-page-background-meta":{"desktop":{"background-color":"","background-image":"","background-repeat":"repeat","background-position":"center center","background-size":"auto","background-attachment":"scroll","background-type":"","background-media":"","overlay-type":"","overlay-color":"","overlay-opacity":"","overlay-gradient":""},"tablet":{"background-color":"","background-image":"","background-repeat":"repeat","background-position":"center center","background-size":"auto","background-attachment":"scroll","background-type":"","background-media":"","overlay-type":"","overlay-color":"","overlay-opacity":"","overlay-gradient":""},"mobile":{"background-color":"","background-image":"","background-repeat":"repeat","background-position":"center center","background-size":"auto","background-attachment":"scroll","background-type":"","background-media":"","overlay-type":"","overlay-color":"","overlay-opacity":"","overlay-gradient":""}},"ast-content-background-meta":{"desktop":{"background-color":"var(--ast-global-color-5)","background-image":"","background-repeat":"repeat","background-position":"center center","background-size":"auto","background-attachment":"scroll","background-type":"","background-media":"","overlay-type":"","overlay-color":"","overlay-opacity":"","overlay-gradient":""},"tablet":{"background-color":"var(--ast-global-color-5)","background-image":"","background-repeat":"repeat","background-position":"center center","background-size":"auto","background-attachment":"scroll","background-type":"","background-media":"","overlay-type":"","overlay-color":"","overlay-opacity":"","overlay-gradient":""},"mobile":{"background-color":"var(--ast-global-color-5)","background-image":"","background-repeat":"repeat","background-position":"center center","background-size":"auto","background-attachment":"scroll","background-type":"","background-media":"","overlay-type":"","overlay-color":"","overlay-opacity":"","overlay-gradient":""}}},"product_brand":[52],"product_cat":[57,105,15],"product_tag":[],"class_list":{"0":"post-6746","1":"product","2":"type-product","3":"status-publish","4":"has-post-thumbnail","6":"product_brand-bang-king","7":"product_cat-bang-king-35k-resistance-mesh","8":"product_cat-puff-35k","9":"product_cat-magasin-cigarette-electronique","10":"desktop-align-center","11":"tablet-align-center","12":"mobile-align-center","13":"ast-product-gallery-layout-horizontal","14":"ast-product-gallery-with-no-image","15":"ast-product-single-variable","16":"ast-product-tabs-layout-horizontal","17":"ast-qv-on-image","19":"first","20":"instock","21":"sale","22":"shipping-taxable","23":"purchasable","24":"product-type-variable","25":"has-default-attributes"},"tiered_pricing_type":"fixed","tiered_pricing_fixed_rules":{"50":6.83,"100":6.22},"tiered_pricing_product_settings":{"layout":"default","base_unit_name":{"singular":null,"plural":null},"default_variation":null},"tiered_pricing_minimum_quantity":null,"tiered_pricing_roles_data":[],"tiered_pricing_percentage_rules":[],"_links":{"self":[{"href":"https:\/\/puffvapestore.com\/nl\/wp-json\/wp\/v2\/product\/6746","targetHints":{"allow":["GET"]}}],"collection":[{"href":"https:\/\/puffvapestore.com\/nl\/wp-json\/wp\/v2\/product"}],"about":[{"href":"https:\/\/puffvapestore.com\/nl\/wp-json\/wp\/v2\/types\/product"}],"replies":[{"embeddable":true,"href":"https:\/\/puffvapestore.com\/nl\/wp-json\/wp\/v2\/comments?post=6746"}],"version-history":[{"count":7,"href":"https:\/\/puffvapestore.com\/nl\/wp-json\/wp\/v2\/product\/6746\/revisions"}],"predecessor-version":[{"id":7218,"href":"https:\/\/puffvapestore.com\/nl\/wp-json\/wp\/v2\/product\/6746\/revisions\/7218"}],"wp:featuredmedia":[{"embeddable":true,"href":"https:\/\/puffvapestore.com\/nl\/wp-json\/wp\/v2\/media\/6661"}],"wp:attachment":[{"href":"https:\/\/puffvapestore.com\/nl\/wp-json\/wp\/v2\/media?parent=6746"}],"wp:term":[{"taxonomy":"product_brand","embeddable":true,"href":"https:\/\/puffvapestore.com\/nl\/wp-json\/wp\/v2\/product_brand?post=6746"},{"taxonomy":"product_cat","embeddable":true,"href":"https:\/\/puffvapestore.com\/nl\/wp-json\/wp\/v2\/product_cat?post=6746"},{"taxonomy":"product_tag","embeddable":true,"href":"https:\/\/puffvapestore.com\/nl\/wp-json\/wp\/v2\/product_tag?post=6746"}],"curies":[{"name":"wp","href":"https:\/\/api.w.org\/{rel}","templated":true}]}}