{"id":6683,"date":"2025-08-14T05:04:16","date_gmt":"2025-08-14T05:04:16","guid":{"rendered":"https:\/\/puffvapestore.com\/?post_type=product&#038;p=6683"},"modified":"2026-01-19T10:31:53","modified_gmt":"2026-01-19T10:31:53","slug":"bang-king-35000-avec-23-ml-de-e-liquide-prerempli","status":"publish","type":"product","link":"https:\/\/puffvapestore.com\/nl\/product\/bang-king-35000-met-23-ml-e-vloeistof-prerempli\/","title":{"rendered":"BANG KING 35000: Biedt 35.000 trekjes, wordt geleverd met 23 ml voorgevulde e-vloeistof, een 0,6 \u03a9 gaasweerstand en een high-definition LED-scherm."},"content":{"rendered":"<div data-elementor-type=\"wp-post\" data-elementor-id=\"6683\" class=\"elementor elementor-6683\">\n\t\t\t\t<div class=\"elementor-element elementor-element-08c26f9 e-flex e-con-boxed e-con e-parent\" data-id=\"08c26f9\" data-element_type=\"container\" data-e-type=\"container\">\n\t\t\t\t\t<div class=\"e-con-inner\">\n\t\t\t\t<div class=\"elementor-element elementor-element-a005a97 elementor-widget elementor-widget-text-editor\" data-id=\"a005a97\" data-element_type=\"widget\" data-e-type=\"widget\" data-widget_type=\"text-editor.default\">\n\t\t\t\t<div class=\"elementor-widget-container\">\n\t\t\t\t\t\t\t\t\t<h2>Batterij met lange levensduur en oplaadbare batterij met hoge capaciteit<\/h2><p>De BANG KING 35000 is een elektronische vaporizer voor eenmalig gebruik met een hoge capaciteit, ontworpen voor een langdurige ervaring en onvergelijkbare smaken. Elke BANG KING 35000 elektronische sigaret biedt tot 35.000 trekjes. De ingebouwde oplaadbare batterij met hoge capaciteit en het extra grote e-liquid reservoir garanderen een volle, zachte inhalatie.<\/p><p>Dankzij de krachtige 1000 mAh oplaadbare lithium batterij en Type-C snellaadpoort hoef je je nooit meer zorgen te maken over een defecte batterij. De extra grote 23ml voorgevulde e-liquid tank, gecombineerd met Mesh Coil technologie en een geoptimaliseerde 0.6 \u03a9 weerstand, zorgt voor een gelijkmatige verwarming, rijke smaak en royaal dampvolume.<\/p><h2>LED-scherm en meerdere nicotineniveaus<\/h2><p>De BANG KING 35000 heeft een intelligent LED-display dat de resterende batterijlading en het niveau van de e-vloeistof in realtime weergeeft, zodat je de status van het apparaat altijd in de gaten kunt houden. De unieke Anti-Dry-Burn technologie voorkomt effectief brandluchtjes wanneer het e-liquid niveau laag is, waardoor de levensduur van de verstuiverweerstand wordt verlengd.<\/p><p>De BANG KING 35000 biedt verschillende nicotineniveaus: 0 %, 2 %, 3 % en 5 %, om aan de verschillende behoeften van gebruikers te voldoen. Of je nu een nicotinevrije roker bent die op zoek is naar een pure smaak of een ervaren roker die de voorkeur geeft aan de voldoening van een krachtige vape, je zult de ideale keuze vinden.<\/p><p>De BANG KING 35000 (DSK032) valt op tussen de topklasse elektronische wegwerpverdampers met zijn verfijnde ontwerp, duurzame batterij en talloze smaakopties. Voor dagelijks gebruik of op reis, hij biedt een soepele, stabiele en langdurige vape-ervaring.<\/p><h2>Specificaties van de BANG KING 35000 :<\/h2><p>Aantal trekjes : Tot 35.000<\/p><p>Batterijcapaciteit: 1.000 mAh oplaadbaar (Type-C)<\/p><p>Vloeistofinhoud: 23 ml voorgevuld<\/p><p>Verstuiver: 0,6 \u03a9 gaasweerstand<\/p><p>Display: Intelligent LED-display (batterijniveau\/vloeistofniveau)<\/p><p>Bescherming: Bescherming tegen verbranding<\/p><p>Nicotineniveaus: 0 %, 2 %, 3 %, 5 %<\/p><h2>De BANG KING 35000 serie omvat 12 verschillende smaken.<\/h2><p>De BANG KING 35000 serie bevat 12 verschillende smaken om aan de voorkeuren van elke gebruiker te voldoen. Allereerst biedt het assortiment fruitige smaken een verscheidenheid aan klassieke combinaties, zoals \u00abBlue Razz Ice\u00bb, \u00abBlueberry Ice\u00bb, \u00abRaspberry Ice\u00bb, \u00abPeach Ice\u00bb, \u00abStrawberry Kiwi\u00bb, \u00abStrawberry Mango\u00bb, \u00abStrawberry Watermelon\u00bb en \u00abWatermelon\u00bb. Deze smaken bieden een verfrissende, verkoelende sensatie met een uitgebalanceerde bitterzoete smaak, perfect voor fans van fruitige en ijzige sensaties.<\/p><p>Ten tweede biedt BANG KING 35000 ook unieke smaken zoals \u00abDouble Apple\u00bb en \u00abLemon Mint\u00bb. De eerste biedt een rijk appelaroma, terwijl de tweede de zuurheid van citroen combineert met de frisheid van munt, waardoor een rijke, complexe smaak ontstaat. Energy Drink\u00ab ten slotte biedt een vertrouwde en stimulerende smaakervaring voor fans van energiedrankjes.<\/p><p>Tot slot is \u00abLove 66\u00bb een originelere smaak in het assortiment, met een nogal mysterieuze naam. Mogelijk is het een fusie van verschillende smaken, waardoor het een unieke smaakpositionering heeft, ideaal voor wie graag nieuwe smaken ontdekt. De BANG KING 35000-serie is overwegend fruitig en verfrissend en biedt een verscheidenheid aan smaken om aan de behoeften van verschillende consumentengroepen te voldoen.<\/p>\t\t\t\t\t\t\t\t<\/div>\n\t\t\t\t<\/div>\n\t\t\t\t\t<\/div>\n\t\t\t\t<\/div>\n\t\t\t\t<\/div>","protected":false},"excerpt":{"rendered":"<p>Batterie longue dur\u00e9e et batterie rechargeable grande capacit\u00e9 Le BANG KING 35000 est un vaporisateur \u00e9lectronique jetable haute capacit\u00e9 con\u00e7u pour une exp\u00e9rience longue dur\u00e9e et des saveurs incomparables. Chaque cigarette \u00e9lectronique BANG KING 35000 offre jusqu&rsquo;\u00e0 35000 bouff\u00e9es. Sa batterie rechargeable grande capacit\u00e9 int\u00e9gr\u00e9e et son r\u00e9servoir d&rsquo;e-liquide extra-large garantissent une inhalation ample et [&hellip;]<\/p>\n","protected":false},"featured_media":6663,"comment_status":"open","ping_status":"closed","template":"","meta":{"site-sidebar-layout":"no-sidebar","site-content-layout":"page-builder","ast-site-content-layout":"normal-width-container","site-content-style":"default","site-sidebar-style":"default","ast-global-header-display":"","ast-banner-title-visibility":"","ast-main-header-display":"","ast-hfb-above-header-display":"","ast-hfb-below-header-display":"","ast-hfb-mobile-header-display":"","site-post-title":"disabled","ast-breadcrumbs-content":"","ast-featured-img":"disabled","footer-sml-layout":"","ast-disable-related-posts":"","theme-transparent-header-meta":"default","adv-header-id-meta":"","stick-header-meta":"default","header-above-stick-meta":"","header-main-stick-meta":"","header-below-stick-meta":"","astra-migrate-meta-layouts":"set","ast-page-background-enabled":"default","ast-page-background-meta":{"desktop":{"background-color":"","background-image":"","background-repeat":"repeat","background-position":"center center","background-size":"auto","background-attachment":"scroll","background-type":"","background-media":"","overlay-type":"","overlay-color":"","overlay-opacity":"","overlay-gradient":""},"tablet":{"background-color":"","background-image":"","background-repeat":"repeat","background-position":"center center","background-size":"auto","background-attachment":"scroll","background-type":"","background-media":"","overlay-type":"","overlay-color":"","overlay-opacity":"","overlay-gradient":""},"mobile":{"background-color":"","background-image":"","background-repeat":"repeat","background-position":"center center","background-size":"auto","background-attachment":"scroll","background-type":"","background-media":"","overlay-type":"","overlay-color":"","overlay-opacity":"","overlay-gradient":""}},"ast-content-background-meta":{"desktop":{"background-color":"var(--ast-global-color-5)","background-image":"","background-repeat":"repeat","background-position":"center center","background-size":"auto","background-attachment":"scroll","background-type":"","background-media":"","overlay-type":"","overlay-color":"","overlay-opacity":"","overlay-gradient":""},"tablet":{"background-color":"var(--ast-global-color-5)","background-image":"","background-repeat":"repeat","background-position":"center center","background-size":"auto","background-attachment":"scroll","background-type":"","background-media":"","overlay-type":"","overlay-color":"","overlay-opacity":"","overlay-gradient":""},"mobile":{"background-color":"var(--ast-global-color-5)","background-image":"","background-repeat":"repeat","background-position":"center center","background-size":"auto","background-attachment":"scroll","background-type":"","background-media":"","overlay-type":"","overlay-color":"","overlay-opacity":"","overlay-gradient":""}}},"product_brand":[52],"product_cat":[57,105,15],"product_tag":[],"class_list":{"0":"post-6683","1":"product","2":"type-product","3":"status-publish","4":"has-post-thumbnail","6":"product_brand-bang-king","7":"product_cat-bang-king-35k-resistance-mesh","8":"product_cat-puff-35k","9":"product_cat-magasin-cigarette-electronique","10":"desktop-align-center","11":"tablet-align-center","12":"mobile-align-center","13":"ast-product-gallery-layout-horizontal","14":"ast-product-single-variable","15":"ast-product-tabs-layout-horizontal","16":"ast-qv-on-image","18":"first","19":"instock","20":"sale","21":"shipping-taxable","22":"purchasable","23":"product-type-variable","24":"has-default-attributes"},"tiered_pricing_type":"fixed","tiered_pricing_fixed_rules":{"50":6.83,"100":6.22},"tiered_pricing_product_settings":{"layout":"default","base_unit_name":{"singular":null,"plural":null},"default_variation":null},"tiered_pricing_minimum_quantity":null,"tiered_pricing_roles_data":[],"tiered_pricing_percentage_rules":[],"_links":{"self":[{"href":"https:\/\/puffvapestore.com\/nl\/wp-json\/wp\/v2\/product\/6683","targetHints":{"allow":["GET"]}}],"collection":[{"href":"https:\/\/puffvapestore.com\/nl\/wp-json\/wp\/v2\/product"}],"about":[{"href":"https:\/\/puffvapestore.com\/nl\/wp-json\/wp\/v2\/types\/product"}],"replies":[{"embeddable":true,"href":"https:\/\/puffvapestore.com\/nl\/wp-json\/wp\/v2\/comments?post=6683"}],"version-history":[{"count":7,"href":"https:\/\/puffvapestore.com\/nl\/wp-json\/wp\/v2\/product\/6683\/revisions"}],"predecessor-version":[{"id":7230,"href":"https:\/\/puffvapestore.com\/nl\/wp-json\/wp\/v2\/product\/6683\/revisions\/7230"}],"wp:featuredmedia":[{"embeddable":true,"href":"https:\/\/puffvapestore.com\/nl\/wp-json\/wp\/v2\/media\/6663"}],"wp:attachment":[{"href":"https:\/\/puffvapestore.com\/nl\/wp-json\/wp\/v2\/media?parent=6683"}],"wp:term":[{"taxonomy":"product_brand","embeddable":true,"href":"https:\/\/puffvapestore.com\/nl\/wp-json\/wp\/v2\/product_brand?post=6683"},{"taxonomy":"product_cat","embeddable":true,"href":"https:\/\/puffvapestore.com\/nl\/wp-json\/wp\/v2\/product_cat?post=6683"},{"taxonomy":"product_tag","embeddable":true,"href":"https:\/\/puffvapestore.com\/nl\/wp-json\/wp\/v2\/product_tag?post=6683"}],"curies":[{"name":"wp","href":"https:\/\/api.w.org\/{rel}","templated":true}]}}