{"id":6598,"date":"2025-08-08T06:11:19","date_gmt":"2025-08-08T06:11:19","guid":{"rendered":"https:\/\/puffvapestore.com\/?post_type=product&#038;p=6598"},"modified":"2026-01-19T10:52:38","modified_gmt":"2026-01-19T10:52:38","slug":"fraise-kiwi-bang-king-15k-offre-un-arome-fruite-et-rafraichissant","status":"publish","type":"product","link":"https:\/\/puffvapestore.com\/nl\/product\/aardbei-kiwi-bang-king-15k-biedt-een-fruitig-en-verfrissend-aroma\/","title":{"rendered":"Bang King 15K - Aardbei Kiwi"},"content":{"rendered":"<div data-elementor-type=\"wp-post\" data-elementor-id=\"6598\" class=\"elementor elementor-6598\">\n\t\t\t\t<div class=\"elementor-element elementor-element-08c26f9 e-flex e-con-boxed e-con e-parent\" data-id=\"08c26f9\" data-element_type=\"container\" data-e-type=\"container\">\n\t\t\t\t\t<div class=\"e-con-inner\">\n\t\t\t\t<div class=\"elementor-element elementor-element-a005a97 elementor-widget elementor-widget-text-editor\" data-id=\"a005a97\" data-element_type=\"widget\" data-e-type=\"widget\" data-widget_type=\"text-editor.default\">\n\t\t\t\t<div class=\"elementor-widget-container\">\n\t\t\t\t\t\t\t\t\t<p>De smaak Aardbei Kiwi van Bang King 15000 sluit perfect aan bij deze Franse sensibiliteit: fris en fruitig, met een vleugje zoet en zuur, als een muzikale noot die danst tussen je lippen en tanden, verfrissend zonder monotoon te zijn.<\/p><h2>Smaakkenmerken aardbei :<\/h2><p>Zoet en sappig: Het eerste trekje van de rook onthult een rijke aardbeiensmaak, met een vleugje zoetheid dat lijkt op dat van een aardbeienbonbon, dichter bij de natuurlijke fruitige smaak van verse aardbeien.<\/p><p>Zacht en romig: In tegenstelling tot de zuurheid van wilde aardbeien is de aardbeiensmaak zacht en mild, doet denken aan rijpe aardbeienjam, rijk zonder overheersend te zijn.<\/p><h2>Smaakkenmerken van kiwi's :<\/h2><p>Scherpe en verfrissende zuurgraad: Na de aardbei volgt al snel de zuurgraad van de kiwi, die zorgt voor een lichte tinteling op de tong en de algehele fruitige smaak versterkt.<\/p><h2>Algehele smaak van aardbei kiwi :<\/h2><p>Balans tussen zoetheid en zuurgraad: De zoetheid van de aardbei en de zuurgraad van de kiwi combineren op natuurlijke wijze, zonder te wedijveren, voor een zeer verfrissende en sappige ervaring.<\/p><p>Rijk maar niet overweldigend: Ondanks de fruitige mix is de smaak niet zwaar of plakkerig, waardoor het ideaal is om lang te inhaleren.<\/p><p>Langdurig in de mond: Het aroma is rijk bij het inhaleren en bij het uitademen blijft de aardbeiensmaak hangen in de mond en neus, terwijl de kiwi een fris gevoel achterlaat met een verfrissende \u00abglas versgeperst sap\u00bb nasmaak.<\/p><h2>Elegant, ergonomisch ontwerp<\/h2><p>De Bang King 15000 Strawberry Kiwi heeft een slank ontwerp en ergonomische behuizing, die zorgen voor een comfortabele grip en eenvoudige draagbaarheid. Het moderne ontwerp is niet alleen esthetisch verantwoord, maar optimaliseert ook de gebruikerservaring, waardoor het ideaal is voor langdurig gebruik. Het oppervlak van het apparaat is zorgvuldig behandeld voor een antislip, duurzame afwerking, waardoor het ideaal is voor een breed scala aan gelegenheden, van het dagelijkse woon-werkverkeer tot etentjes met vrienden.<\/p><h2>Grote capaciteit voorgevulde e-vloeistof<\/h2><p>De Bang King 15000 Strawberry Kiwi heeft een capaciteit van 25 ml voorgevulde e-vloeistof, veel meer dan veel vergelijkbare producten op de markt. Deze royale capaciteit vermindert de noodzaak om regelmatig e-liquid te verversen en zorgt voor een soepele, langdurige vaping ervaring. De e-liquid maakt gebruik van een hoogwaardige formule, die een rijke smaak en langdurige smaak biedt om aan de verschillende behoeften van gebruikers te voldoen.<\/p><p>Om tegemoet te komen aan de verschillende voorkeuren van gebruikers is Bang King 15000 verkrijgbaar in vier sterktes nicotinezouten: 0 %, 2 %, 3 % en 5 %. De nicotinevrije optie is geschikt voor consumenten die op zoek zijn naar een puurdere smaak, terwijl de optie met hoge sterkte ontworpen is voor diegenen die op zoek zijn naar een intensere nicotinesensatie. Dankzij deze flexibiliteit kunnen gebruikers de sterkte kiezen die het beste bij hun voorkeuren past.<\/p><h2>Mesh weerstandstechnologie<\/h2><p>Deze elektronische sigaret heeft een geavanceerde Mesh-weerstand die zorgt voor een gelijkmatigere verstuiving en een stabielere verwarming dan traditionele weerstanden. Dit ontwerp garandeert een rijke, smaakvolle trek, terwijl het de levensduur van het apparaat effectief verlengt en het risico op brandwonden of onregelmatige smaak vermindert.<\/p><h2>Extreme duur van puffen<\/h2><p>De Bang King 15000 Strawberry Kiwi biedt tot 15.000 trekjes, een indrukwekkend cijfer dat het een van de langst meegaande elektronische sigaretten op de markt maakt. Of je nu een zware roker of een occasionele gebruiker bent, deze elektronische sigaret biedt een uitzonderlijke autonomie, zodat je niet vaak hervullingen hoeft aan te brengen en het apparaat niet hoeft te vervangen.<\/p><h2>Milieuvriendelijk navulbaar ontwerp<\/h2><p>De Bang King 15000 Strawberry Kiwi is milieuvriendelijk en heeft een ge\u00efntegreerde oplaadbare batterij van 550 mAh met hoge prestaties, compatibel met snel opladen via een USB-C-poort. Dit ontwerp verlengt niet alleen de levensduur van het apparaat, maar vermindert ook de milieu-impact van gebruikte batterijen, wat onze toewijding aan duurzame ontwikkeling aantoont.<\/p><p>Compact, lichtgewicht en draagbaar, deze elektronische sigaret is gemakkelijk overal mee naartoe te nemen. De behuizing is gemaakt van zeer sterke materialen die bestand zijn tegen dagelijkse schokken en krassen, wat een lange levensduur garandeert. Of je hem nu in een zak of rugzak stopt, de Bang King 15000 behoudt zijn uitstekende prestaties.<\/p><h2>Snel opladen en effici\u00ebnt batterijbeheer<\/h2><p>De 550 mAh batterij biedt niet alleen een hoge capaciteit, maar bevat ook een intelligent beheersysteem dat het energieverbruik optimaliseert en zorgt voor een constante stroomtoevoer bij elke oplaadbeurt. De USB-C poort ondersteunt snel opladen, waardoor de batterij in 30 tot 60 minuten volledig kan worden opgeladen. Dit verkort de wachttijd en geeft gebruikers de gemoedsrust om te roken wanneer ze maar willen.<\/p>\t\t\t\t\t\t\t\t<\/div>\n\t\t\t\t<\/div>\n\t\t\t\t\t<\/div>\n\t\t\t\t<\/div>\n\t\t\t\t<\/div>","protected":false},"excerpt":{"rendered":"<p>La saveur Fraise Kiwi de Bang King 15000 s&rsquo;inscrit parfaitement dans cette sensibilit\u00e9 fran\u00e7aise\u00a0: fra\u00eeche et fruit\u00e9e, avec une touche aigre-douce, telle une note de musique dansant entre les l\u00e8vres et les dents, rafra\u00eechissante sans \u00eatre monotone. Caract\u00e9ristiques de la saveur Fraise\u00a0: Sucr\u00e9e et juteuse\u00a0: La premi\u00e8re bouff\u00e9e de fum\u00e9e d\u00e9voile un ar\u00f4me riche de [&hellip;]<\/p>\n","protected":false},"featured_media":6249,"comment_status":"open","ping_status":"closed","template":"","meta":{"site-sidebar-layout":"no-sidebar","site-content-layout":"page-builder","ast-site-content-layout":"normal-width-container","site-content-style":"default","site-sidebar-style":"default","ast-global-header-display":"","ast-banner-title-visibility":"","ast-main-header-display":"","ast-hfb-above-header-display":"","ast-hfb-below-header-display":"","ast-hfb-mobile-header-display":"","site-post-title":"disabled","ast-breadcrumbs-content":"","ast-featured-img":"disabled","footer-sml-layout":"","ast-disable-related-posts":"","theme-transparent-header-meta":"default","adv-header-id-meta":"","stick-header-meta":"default","header-above-stick-meta":"","header-main-stick-meta":"","header-below-stick-meta":"","astra-migrate-meta-layouts":"set","ast-page-background-enabled":"default","ast-page-background-meta":{"desktop":{"background-color":"","background-image":"","background-repeat":"repeat","background-position":"center center","background-size":"auto","background-attachment":"scroll","background-type":"","background-media":"","overlay-type":"","overlay-color":"","overlay-opacity":"","overlay-gradient":""},"tablet":{"background-color":"","background-image":"","background-repeat":"repeat","background-position":"center center","background-size":"auto","background-attachment":"scroll","background-type":"","background-media":"","overlay-type":"","overlay-color":"","overlay-opacity":"","overlay-gradient":""},"mobile":{"background-color":"","background-image":"","background-repeat":"repeat","background-position":"center center","background-size":"auto","background-attachment":"scroll","background-type":"","background-media":"","overlay-type":"","overlay-color":"","overlay-opacity":"","overlay-gradient":""}},"ast-content-background-meta":{"desktop":{"background-color":"var(--ast-global-color-5)","background-image":"","background-repeat":"repeat","background-position":"center center","background-size":"auto","background-attachment":"scroll","background-type":"","background-media":"","overlay-type":"","overlay-color":"","overlay-opacity":"","overlay-gradient":""},"tablet":{"background-color":"var(--ast-global-color-5)","background-image":"","background-repeat":"repeat","background-position":"center center","background-size":"auto","background-attachment":"scroll","background-type":"","background-media":"","overlay-type":"","overlay-color":"","overlay-opacity":"","overlay-gradient":""},"mobile":{"background-color":"var(--ast-global-color-5)","background-image":"","background-repeat":"repeat","background-position":"center center","background-size":"auto","background-attachment":"scroll","background-type":"","background-media":"","overlay-type":"","overlay-color":"","overlay-opacity":"","overlay-gradient":""}}},"product_brand":[52],"product_cat":[56,80,15],"product_tag":[],"class_list":{"0":"post-6598","1":"product","2":"type-product","3":"status-publish","4":"has-post-thumbnail","6":"product_brand-bang-king","7":"product_cat-bang-king-15000-est-equipee-dune-resistance-mesh-nouvelle-generation","8":"product_cat-puff-15k","9":"product_cat-magasin-cigarette-electronique","10":"desktop-align-center","11":"tablet-align-center","12":"mobile-align-center","13":"ast-product-gallery-layout-horizontal","14":"ast-product-gallery-with-no-image","15":"ast-product-single-variable","16":"ast-product-tabs-layout-horizontal","17":"ast-qv-on-image","19":"first","20":"instock","21":"sale","22":"shipping-taxable","23":"purchasable","24":"product-type-variable","25":"has-default-attributes"},"tiered_pricing_type":"fixed","tiered_pricing_fixed_rules":{"50":6.05,"100":5.59},"tiered_pricing_product_settings":{"layout":"default","base_unit_name":{"singular":null,"plural":null},"default_variation":null},"tiered_pricing_minimum_quantity":null,"tiered_pricing_roles_data":[],"tiered_pricing_percentage_rules":[],"_links":{"self":[{"href":"https:\/\/puffvapestore.com\/nl\/wp-json\/wp\/v2\/product\/6598","targetHints":{"allow":["GET"]}}],"collection":[{"href":"https:\/\/puffvapestore.com\/nl\/wp-json\/wp\/v2\/product"}],"about":[{"href":"https:\/\/puffvapestore.com\/nl\/wp-json\/wp\/v2\/types\/product"}],"replies":[{"embeddable":true,"href":"https:\/\/puffvapestore.com\/nl\/wp-json\/wp\/v2\/comments?post=6598"}],"version-history":[{"count":7,"href":"https:\/\/puffvapestore.com\/nl\/wp-json\/wp\/v2\/product\/6598\/revisions"}],"predecessor-version":[{"id":6620,"href":"https:\/\/puffvapestore.com\/nl\/wp-json\/wp\/v2\/product\/6598\/revisions\/6620"}],"wp:featuredmedia":[{"embeddable":true,"href":"https:\/\/puffvapestore.com\/nl\/wp-json\/wp\/v2\/media\/6249"}],"wp:attachment":[{"href":"https:\/\/puffvapestore.com\/nl\/wp-json\/wp\/v2\/media?parent=6598"}],"wp:term":[{"taxonomy":"product_brand","embeddable":true,"href":"https:\/\/puffvapestore.com\/nl\/wp-json\/wp\/v2\/product_brand?post=6598"},{"taxonomy":"product_cat","embeddable":true,"href":"https:\/\/puffvapestore.com\/nl\/wp-json\/wp\/v2\/product_cat?post=6598"},{"taxonomy":"product_tag","embeddable":true,"href":"https:\/\/puffvapestore.com\/nl\/wp-json\/wp\/v2\/product_tag?post=6598"}],"curies":[{"name":"wp","href":"https:\/\/api.w.org\/{rel}","templated":true}]}}