{"id":6575,"date":"2025-08-12T05:19:26","date_gmt":"2025-08-12T05:19:26","guid":{"rendered":"https:\/\/puffvapestore.com\/?post_type=product&#038;p=6575"},"modified":"2026-01-19T10:52:38","modified_gmt":"2026-01-19T10:52:38","slug":"cool-mint-bang-king-15000-une-menthe-rafraichissante","status":"publish","type":"product","link":"https:\/\/puffvapestore.com\/nl\/product\/cool-mint-bang-king-15000-een-verfrissende-mint\/","title":{"rendered":"Bang King 15K - Koel Mint"},"content":{"rendered":"<div data-elementor-type=\"wp-post\" data-elementor-id=\"6575\" class=\"elementor elementor-6575\">\n\t\t\t\t<div class=\"elementor-element elementor-element-08c26f9 e-flex e-con-boxed e-con e-parent\" data-id=\"08c26f9\" data-element_type=\"container\" data-e-type=\"container\">\n\t\t\t\t\t<div class=\"e-con-inner\">\n\t\t\t\t<div class=\"elementor-element elementor-element-a005a97 elementor-widget elementor-widget-text-editor\" data-id=\"a005a97\" data-element_type=\"widget\" data-e-type=\"widget\" data-widget_type=\"text-editor.default\">\n\t\t\t\t<div class=\"elementor-widget-container\">\n\t\t\t\t\t\t\t\t\t<p>Het aroma van Fresh Mint biedt, net als de nachtelijke bries langs de Seine, een verfrissende sensatie die doordringt tot in het hart. Het is niet alleen maar mentholachtige frisheid, het wordt versterkt door subtiele noten: een eerste vleugje ijzige frisheid, gevolgd door pure, onvervalste frisheid, zoals de ochtendlucht op een Parijse straathoek, die een natuurlijke frisheid en een zuchtje vrijheid brengt.<\/p><h2>Ervaring met elektronische sigaretten :<\/h2><p>Het eerste vleugje Menthe Fra\u00eeche damp verspreidt al snel een verfrissende koelte, als een hap ijskoude lucht die door de keel stroomt en diep in de huid doordringt.<\/p><p>Zonder overdreven zoetheid of onaangename noten is de smaak puur en onvervalst.<\/p><h2>Tussendoortje :<\/h2><p>Het muntachtige aroma verspreidt zich over het gehemelte, vergelijkbaar met de sensatie van het kauwen op verse munt.<\/p><p>Het is niet alleen verfrissend, maar heeft ook een subtiel kruidachtig aroma, wat zorgt voor een natuurlijke, zachte finish.<\/p><h2>Afdronk :<\/h2><p>Een gevoel van aanhoudende koelte in de keel, zonder branderigheid of irritatie; een zacht, ijzig gevoel.<\/p><p>Bij het uitademen blijft een vleugje munt in de neus hangen, wat een schone, verfrissende en onaangename geur achterlaat.<\/p><h2>Elegant, ergonomisch ontwerp<\/h2><p>De Bang King 15000 Cool Mint heeft een gestroomlijnd ontwerp en ergonomische behuizing, die zorgen voor een comfortabele grip en eenvoudige draagbaarheid. Het moderne ontwerp is niet alleen esthetisch verantwoord, maar optimaliseert ook de gebruikerservaring, waardoor het ideaal is voor langdurig gebruik. Het oppervlak van het apparaat is zorgvuldig behandeld voor een anti-slip, duurzame afwerking, waardoor het ideaal is voor een breed scala aan gelegenheden, van het dagelijkse woon-werkverkeer tot etentjes met vrienden.<\/p><h2>Grote capaciteit voorgevulde e-vloeistof<\/h2><p>De Bang King 15000 Cool Mint heeft een capaciteit van 25 ml voorgevulde e-liquid, veel meer dan veel vergelijkbare producten op de markt. Deze royale capaciteit vermindert de noodzaak om regelmatig e-liquid te verversen en zorgt voor een soepele, langdurige vaping ervaring. De e-liquid maakt gebruik van een hoogwaardige formule, die een rijke smaak en langdurige smaak biedt om aan de verschillende behoeften van gebruikers te voldoen.<\/p><p>Om tegemoet te komen aan de verschillende voorkeuren van gebruikers is Bang King 15000 verkrijgbaar in vier sterktes nicotinezouten: 0 %, 2 %, 3 % en 5 %. De nicotinevrije optie is geschikt voor consumenten die op zoek zijn naar een puurdere smaak, terwijl de optie met hoge sterkte ontworpen is voor diegenen die op zoek zijn naar een intensere nicotinesensatie. Dankzij deze flexibiliteit kunnen gebruikers de sterkte kiezen die het beste bij hun voorkeuren past.<\/p><h2>Mesh weerstandstechnologie<\/h2><p>Deze elektronische sigaret heeft een geavanceerde Mesh-weerstand die zorgt voor een gelijkmatigere verstuiving en een stabielere verwarming dan traditionele weerstanden. Dit ontwerp garandeert een rijke, smaakvolle trek, terwijl het de levensduur van het apparaat effectief verlengt en het risico op brandwonden of onregelmatige smaak vermindert.<\/p><h2>Extreme duur van puffen<\/h2><p>De Bang King 15000 Cool Mint biedt tot 15.000 trekjes, een indrukwekkend cijfer dat het een van de langst meegaande elektronische sigaretten op de markt maakt. Of u nu een zware roker bent of slechts af en toe rookt, deze elektronische sigaret biedt een uitzonderlijke autonomie, zodat u niet vaak hoeft bij te vullen en het apparaat niet hoeft te vervangen.<\/p><h2>Milieuvriendelijk navulbaar ontwerp<\/h2><p>De Bang King 15000 is milieuvriendelijk en heeft een ge\u00efntegreerde oplaadbare batterij van 550 mAh met hoge prestaties, compatibel met snelladen via een USB-C poort. Dit ontwerp verlengt niet alleen de levensduur van het apparaat, maar vermindert ook de milieu-impact van gebruikte batterijen, wat onze toewijding aan duurzame ontwikkeling aantoont.<\/p><p>Compact, lichtgewicht en draagbaar, deze elektronische sigaret is gemakkelijk overal mee naartoe te nemen. De behuizing is gemaakt van zeer sterke materialen die bestand zijn tegen dagelijkse schokken en krassen, wat een lange levensduur garandeert. Of je hem nu in een zak of rugzak stopt, de Bang King 15000 behoudt zijn uitstekende prestaties.<\/p><h2>Snel opladen en effici\u00ebnt batterijbeheer<\/h2><p>De 550 mAh batterij biedt niet alleen een hoge capaciteit, maar bevat ook een intelligent beheersysteem dat het energieverbruik optimaliseert en zorgt voor een constante stroomtoevoer bij elke oplaadbeurt. De USB-C poort ondersteunt snel opladen, waardoor de batterij in 30 tot 60 minuten volledig kan worden opgeladen. Dit verkort de wachttijd en geeft gebruikers de gemoedsrust om te roken wanneer ze maar willen.<\/p>\t\t\t\t\t\t\t\t<\/div>\n\t\t\t\t<\/div>\n\t\t\t\t\t<\/div>\n\t\t\t\t<\/div>\n\t\t\t\t<\/div>","protected":false},"excerpt":{"rendered":"<p>L&rsquo;ar\u00f4me Menthe Fra\u00eeche, telle la brise nocturne le long de la Seine, offre une sensation rafra\u00eechissante qui p\u00e9n\u00e8tre en c\u0153ur. Ce n&rsquo;est pas seulement une fra\u00eecheur menthol\u00e9e ; il est agr\u00e9ment\u00e9 de notes subtiles : une premi\u00e8re bouff\u00e9e de fra\u00eecheur glaciale, suivie d&rsquo;une fra\u00eecheur pure et pure, telle l&rsquo;air matinal au coin d&rsquo;une rue parisienne, [&hellip;]<\/p>\n","protected":false},"featured_media":6238,"comment_status":"open","ping_status":"closed","template":"","meta":{"site-sidebar-layout":"no-sidebar","site-content-layout":"page-builder","ast-site-content-layout":"normal-width-container","site-content-style":"default","site-sidebar-style":"default","ast-global-header-display":"","ast-banner-title-visibility":"","ast-main-header-display":"","ast-hfb-above-header-display":"","ast-hfb-below-header-display":"","ast-hfb-mobile-header-display":"","site-post-title":"disabled","ast-breadcrumbs-content":"","ast-featured-img":"disabled","footer-sml-layout":"","ast-disable-related-posts":"","theme-transparent-header-meta":"default","adv-header-id-meta":"","stick-header-meta":"default","header-above-stick-meta":"","header-main-stick-meta":"","header-below-stick-meta":"","astra-migrate-meta-layouts":"set","ast-page-background-enabled":"default","ast-page-background-meta":{"desktop":{"background-color":"","background-image":"","background-repeat":"repeat","background-position":"center center","background-size":"auto","background-attachment":"scroll","background-type":"","background-media":"","overlay-type":"","overlay-color":"","overlay-opacity":"","overlay-gradient":""},"tablet":{"background-color":"","background-image":"","background-repeat":"repeat","background-position":"center center","background-size":"auto","background-attachment":"scroll","background-type":"","background-media":"","overlay-type":"","overlay-color":"","overlay-opacity":"","overlay-gradient":""},"mobile":{"background-color":"","background-image":"","background-repeat":"repeat","background-position":"center center","background-size":"auto","background-attachment":"scroll","background-type":"","background-media":"","overlay-type":"","overlay-color":"","overlay-opacity":"","overlay-gradient":""}},"ast-content-background-meta":{"desktop":{"background-color":"var(--ast-global-color-5)","background-image":"","background-repeat":"repeat","background-position":"center center","background-size":"auto","background-attachment":"scroll","background-type":"","background-media":"","overlay-type":"","overlay-color":"","overlay-opacity":"","overlay-gradient":""},"tablet":{"background-color":"var(--ast-global-color-5)","background-image":"","background-repeat":"repeat","background-position":"center center","background-size":"auto","background-attachment":"scroll","background-type":"","background-media":"","overlay-type":"","overlay-color":"","overlay-opacity":"","overlay-gradient":""},"mobile":{"background-color":"var(--ast-global-color-5)","background-image":"","background-repeat":"repeat","background-position":"center center","background-size":"auto","background-attachment":"scroll","background-type":"","background-media":"","overlay-type":"","overlay-color":"","overlay-opacity":"","overlay-gradient":""}}},"product_brand":[52],"product_cat":[56,80,15],"product_tag":[],"class_list":{"0":"post-6575","1":"product","2":"type-product","3":"status-publish","4":"has-post-thumbnail","6":"product_brand-bang-king","7":"product_cat-bang-king-15000-est-equipee-dune-resistance-mesh-nouvelle-generation","8":"product_cat-puff-15k","9":"product_cat-magasin-cigarette-electronique","10":"desktop-align-center","11":"tablet-align-center","12":"mobile-align-center","13":"ast-product-gallery-layout-horizontal","14":"ast-product-gallery-with-no-image","15":"ast-product-single-variable","16":"ast-product-tabs-layout-horizontal","17":"ast-qv-on-image","19":"first","20":"instock","21":"sale","22":"shipping-taxable","23":"purchasable","24":"product-type-variable","25":"has-default-attributes"},"tiered_pricing_type":"fixed","tiered_pricing_fixed_rules":{"50":6.05,"100":5.59},"tiered_pricing_product_settings":{"layout":"default","base_unit_name":{"singular":null,"plural":null},"default_variation":null},"tiered_pricing_minimum_quantity":null,"tiered_pricing_roles_data":[],"tiered_pricing_percentage_rules":[],"_links":{"self":[{"href":"https:\/\/puffvapestore.com\/nl\/wp-json\/wp\/v2\/product\/6575","targetHints":{"allow":["GET"]}}],"collection":[{"href":"https:\/\/puffvapestore.com\/nl\/wp-json\/wp\/v2\/product"}],"about":[{"href":"https:\/\/puffvapestore.com\/nl\/wp-json\/wp\/v2\/types\/product"}],"replies":[{"embeddable":true,"href":"https:\/\/puffvapestore.com\/nl\/wp-json\/wp\/v2\/comments?post=6575"}],"version-history":[{"count":7,"href":"https:\/\/puffvapestore.com\/nl\/wp-json\/wp\/v2\/product\/6575\/revisions"}],"predecessor-version":[{"id":6622,"href":"https:\/\/puffvapestore.com\/nl\/wp-json\/wp\/v2\/product\/6575\/revisions\/6622"}],"wp:featuredmedia":[{"embeddable":true,"href":"https:\/\/puffvapestore.com\/nl\/wp-json\/wp\/v2\/media\/6238"}],"wp:attachment":[{"href":"https:\/\/puffvapestore.com\/nl\/wp-json\/wp\/v2\/media?parent=6575"}],"wp:term":[{"taxonomy":"product_brand","embeddable":true,"href":"https:\/\/puffvapestore.com\/nl\/wp-json\/wp\/v2\/product_brand?post=6575"},{"taxonomy":"product_cat","embeddable":true,"href":"https:\/\/puffvapestore.com\/nl\/wp-json\/wp\/v2\/product_cat?post=6575"},{"taxonomy":"product_tag","embeddable":true,"href":"https:\/\/puffvapestore.com\/nl\/wp-json\/wp\/v2\/product_tag?post=6575"}],"curies":[{"name":"wp","href":"https:\/\/api.w.org\/{rel}","templated":true}]}}