{"id":6559,"date":"2025-08-07T09:06:44","date_gmt":"2025-08-07T09:06:44","guid":{"rendered":"https:\/\/puffvapestore.com\/?post_type=product&#038;p=6559"},"modified":"2026-01-19T10:52:38","modified_gmt":"2026-01-19T10:52:38","slug":"pasteque-bubblegum-bang-king-15k-un-doux-melange-daromes-fruites-et-de-douceur","status":"publish","type":"product","link":"https:\/\/puffvapestore.com\/nl\/product\/pasteque-bubblegum-bang-king-15k-een-zachte-mix-van-fruitige-aromas-en-zoetheid\/","title":{"rendered":"Bang King 15K - Watermeloen Bubblegum"},"content":{"rendered":"<div data-elementor-type=\"wp-post\" data-elementor-id=\"6559\" class=\"elementor elementor-6559\">\n\t\t\t\t<div class=\"elementor-element elementor-element-08c26f9 e-flex e-con-boxed e-con e-parent\" data-id=\"08c26f9\" data-element_type=\"container\" data-e-type=\"container\">\n\t\t\t\t\t<div class=\"e-con-inner\">\n\t\t\t\t<div class=\"elementor-element elementor-element-a005a97 elementor-widget elementor-widget-text-editor\" data-id=\"a005a97\" data-element_type=\"widget\" data-e-type=\"widget\" data-widget_type=\"text-editor.default\">\n\t\t\t\t<div class=\"elementor-widget-container\">\n\t\t\t\t\t\t\t\t\t<p>Bubblegum watermelon combineert de zoetheid van de kindertijd met zomerse frisheid. Vanaf het eerste vleugje brengt een levendig, sappig aroma van watermeloen, zoet maar niet overweldigend, een gevoel van frisheid. Daarna komt langzaam een zachte, zoete noot van kauwgom naar boven, die een ontspannen, vrolijke sfeer oproept, zoals in een Parijs caf\u00e9, badend in de zon op de terrasstoelen.<\/p><h2>Watermeloen topnoot: zoet, sappig en fris<\/h2><p>Het eerste vleugje rook brengt een verfrissend watermeloenaroma met zich mee, alsof je in een perfect rijpe watermeloen bijt, vers uit de koelkast. Het aroma is natuurlijk fruitig, met een subtiele, vezelige textuur en een verfrissend waterige afdronk.<\/p><p>De zoetheid wordt in evenwicht gehouden door een vleugje zuur, zoals de schil van een echte watermeloen, die doet denken aan een boomgaard op een zomerse ochtend.<\/p><h2>Bubbelgom hart en finish: Een zoet aroma dat herinneringen oproept aan de kindertijd<\/h2><p>Terwijl de rook zich in de mond nestelt, komt de kauwgomsmaak geleidelijk naar boven: een klassiek roze kauwgomaroma, zoet maar niet overweldigend.<\/p><p>Deze zoetheid, die perfect samengaat met de smaak van watermeloen, is niet overheersend, maar cre\u00ebert een lichte, zachte sensatie, als een zoete bel in de mond.<\/p><p>De kauwgomsmaak is niet alleen zoet, maar heeft een romige, zachte textuur die de algehele ervaring compleet maakt.<\/p><h2>Navulbaar, milieuvriendelijk ontwerp<\/h2><p>Met de ingebouwde oplaadbare USB-C-batterij vermindert het de milieu-impact van elektronische wegwerpsigaretten. Gebruikers kunnen de batterij snel opladen en het gebruik altijd en overal hervatten, waardoor praktisch en duurzaam worden gecombineerd. Dit ontwerp bespaart niet alleen geld, het is ook milieuvriendelijk.<\/p><p>De Bang King 15000 Watermelon Bubblegum heeft een slank, ergonomisch ontwerp voor een comfortabele grip en een lange levensduur. De lichtgewicht behuizing en moderne kleuren verbeteren de gebruikerservaring en geven blijk van individualiteit en stijl. De behuizing is zorgvuldig behandeld voor slijtvastheid en antislipeigenschappen, waardoor esthetiek en functionaliteit worden gecombineerd.<\/p><h2>Grote capaciteit voorgevulde e-vloeistof<\/h2><p>Elke Bang King 15000 Watermelon Bubblegum is voorgevuld met 25 ml hoogwaardige e-vloeistof, aanzienlijk meer dan conventionele elektronische sigaretten, voor langdurig gebruik. De e-liquid is gemaakt van hoogwaardige ingredi\u00ebnten en biedt een zacht keelgevoel en een grote verscheidenheid aan smaken, voor consistente tevredenheid bij elk trekje.<\/p><h2>Verschillende nicotineconcentraties beschikbaar<\/h2><p>De Bang King 15000 Watermelon Bubblegum biedt vier sterktes nicotinezouten: 0 %, 2 %, 3 % en 5 %, om aan de behoeften van verschillende vapers te voldoen. De 0 % nicotinevrije optie is ideaal voor degenen die op zoek zijn naar een puurdere smaak, terwijl de 5 % nicotineoptie een bevredigende ervaring biedt voor regelmatige dampers. Deze flexibiliteit betekent dat iedereen de ervaring kan vinden die bij hem past.<\/p><p>E\u00e9n enkele elektronische sigaret Bang King 15000 geeft tot 15.000 trekjes, en dankzij de uitzonderlijke autonomie hoeft u het apparaat niet vaak te vervangen. Voor dagelijks gebruik of op reis, deze elektronische sigaret biedt langdurig comfort en vereenvoudigt het bijvullen.<\/p><h2>Mesh weerstandstechnologie<\/h2><p>Deze elektronische sigaret is voorzien van een geavanceerde Mesh-weerstand, die een gelijkmatigere verstuiving en stabielere verwarming biedt dan traditionele weerstanden, waardoor een soepele, authentieke damp wordt gegarandeerd. De Mesh-structuur verlengt ook de levensduur van de weerstand en vermindert verbrande geurtjes, waardoor je bij elke trek verzekerd bent van een vape van hoge kwaliteit.<\/p><p>De Bang King 15000 is compact en lichtgewicht en is gemakkelijk mee te nemen, zodat hij netjes in een zak of rugzak past. Hij is gemaakt van materialen met een hoge weerstand, is valbestendig en duurzaam en behoudt zijn uiterlijk en prestaties, zelfs bij veelvuldig dagelijks gebruik.<\/p><h2>Oplaadbare batterij met hoge capaciteit<\/h2><p>De Bang King 15000 is uitgerust met een ge\u00efntegreerde batterij van ongeveer 550 mAh en biedt een indrukwekkende batterijlevensduur. Dankzij de USB-C snellaadtechnologie kunnen gebruikers hun telefoon snel opladen, waardoor de wachttijd korter wordt. Een batterijbeheersysteem optimaliseert het energieverbruik en zorgt voor een stabiele, langdurige werking.<\/p>\t\t\t\t\t\t\t\t<\/div>\n\t\t\t\t<\/div>\n\t\t\t\t\t<\/div>\n\t\t\t\t<\/div>\n\t\t\t\t<\/div>","protected":false},"excerpt":{"rendered":"<p>La past\u00e8que Bubblegum allie la douceur de l&rsquo;enfance \u00e0 la fra\u00eecheur estivale. D\u00e8s la premi\u00e8re bouff\u00e9e, un ar\u00f4me vif et juteux de past\u00e8que, doux mais sans \u00eatre envahissant, apporte une sensation de fra\u00eecheur. Puis, une note douce et sucr\u00e9e de bubble gum \u00e9merge lentement, \u00e9voquant une atmosph\u00e8re d\u00e9tendue et joyeuse, comme dans un caf\u00e9 parisien, [&hellip;]<\/p>\n","protected":false},"featured_media":6254,"comment_status":"open","ping_status":"closed","template":"","meta":{"site-sidebar-layout":"no-sidebar","site-content-layout":"page-builder","ast-site-content-layout":"normal-width-container","site-content-style":"default","site-sidebar-style":"default","ast-global-header-display":"","ast-banner-title-visibility":"","ast-main-header-display":"","ast-hfb-above-header-display":"","ast-hfb-below-header-display":"","ast-hfb-mobile-header-display":"","site-post-title":"disabled","ast-breadcrumbs-content":"","ast-featured-img":"disabled","footer-sml-layout":"","ast-disable-related-posts":"","theme-transparent-header-meta":"default","adv-header-id-meta":"","stick-header-meta":"default","header-above-stick-meta":"","header-main-stick-meta":"","header-below-stick-meta":"","astra-migrate-meta-layouts":"set","ast-page-background-enabled":"default","ast-page-background-meta":{"desktop":{"background-color":"","background-image":"","background-repeat":"repeat","background-position":"center center","background-size":"auto","background-attachment":"scroll","background-type":"","background-media":"","overlay-type":"","overlay-color":"","overlay-opacity":"","overlay-gradient":""},"tablet":{"background-color":"","background-image":"","background-repeat":"repeat","background-position":"center center","background-size":"auto","background-attachment":"scroll","background-type":"","background-media":"","overlay-type":"","overlay-color":"","overlay-opacity":"","overlay-gradient":""},"mobile":{"background-color":"","background-image":"","background-repeat":"repeat","background-position":"center center","background-size":"auto","background-attachment":"scroll","background-type":"","background-media":"","overlay-type":"","overlay-color":"","overlay-opacity":"","overlay-gradient":""}},"ast-content-background-meta":{"desktop":{"background-color":"var(--ast-global-color-5)","background-image":"","background-repeat":"repeat","background-position":"center center","background-size":"auto","background-attachment":"scroll","background-type":"","background-media":"","overlay-type":"","overlay-color":"","overlay-opacity":"","overlay-gradient":""},"tablet":{"background-color":"var(--ast-global-color-5)","background-image":"","background-repeat":"repeat","background-position":"center center","background-size":"auto","background-attachment":"scroll","background-type":"","background-media":"","overlay-type":"","overlay-color":"","overlay-opacity":"","overlay-gradient":""},"mobile":{"background-color":"var(--ast-global-color-5)","background-image":"","background-repeat":"repeat","background-position":"center center","background-size":"auto","background-attachment":"scroll","background-type":"","background-media":"","overlay-type":"","overlay-color":"","overlay-opacity":"","overlay-gradient":""}}},"product_brand":[52],"product_cat":[56,80,15],"product_tag":[],"class_list":{"0":"post-6559","1":"product","2":"type-product","3":"status-publish","4":"has-post-thumbnail","6":"product_brand-bang-king","7":"product_cat-bang-king-15000-est-equipee-dune-resistance-mesh-nouvelle-generation","8":"product_cat-puff-15k","9":"product_cat-magasin-cigarette-electronique","10":"desktop-align-center","11":"tablet-align-center","12":"mobile-align-center","13":"ast-product-gallery-layout-horizontal","14":"ast-product-gallery-with-no-image","15":"ast-product-single-variable","16":"ast-product-tabs-layout-horizontal","17":"ast-qv-on-image","19":"first","20":"instock","21":"sale","22":"shipping-taxable","23":"purchasable","24":"product-type-variable","25":"has-default-attributes"},"tiered_pricing_type":"fixed","tiered_pricing_fixed_rules":{"50":6.05,"100":5.59},"tiered_pricing_product_settings":{"layout":"default","base_unit_name":{"singular":null,"plural":null},"default_variation":null},"tiered_pricing_minimum_quantity":null,"tiered_pricing_roles_data":[],"tiered_pricing_percentage_rules":[],"_links":{"self":[{"href":"https:\/\/puffvapestore.com\/nl\/wp-json\/wp\/v2\/product\/6559","targetHints":{"allow":["GET"]}}],"collection":[{"href":"https:\/\/puffvapestore.com\/nl\/wp-json\/wp\/v2\/product"}],"about":[{"href":"https:\/\/puffvapestore.com\/nl\/wp-json\/wp\/v2\/types\/product"}],"replies":[{"embeddable":true,"href":"https:\/\/puffvapestore.com\/nl\/wp-json\/wp\/v2\/comments?post=6559"}],"version-history":[{"count":7,"href":"https:\/\/puffvapestore.com\/nl\/wp-json\/wp\/v2\/product\/6559\/revisions"}],"predecessor-version":[{"id":6623,"href":"https:\/\/puffvapestore.com\/nl\/wp-json\/wp\/v2\/product\/6559\/revisions\/6623"}],"wp:featuredmedia":[{"embeddable":true,"href":"https:\/\/puffvapestore.com\/nl\/wp-json\/wp\/v2\/media\/6254"}],"wp:attachment":[{"href":"https:\/\/puffvapestore.com\/nl\/wp-json\/wp\/v2\/media?parent=6559"}],"wp:term":[{"taxonomy":"product_brand","embeddable":true,"href":"https:\/\/puffvapestore.com\/nl\/wp-json\/wp\/v2\/product_brand?post=6559"},{"taxonomy":"product_cat","embeddable":true,"href":"https:\/\/puffvapestore.com\/nl\/wp-json\/wp\/v2\/product_cat?post=6559"},{"taxonomy":"product_tag","embeddable":true,"href":"https:\/\/puffvapestore.com\/nl\/wp-json\/wp\/v2\/product_tag?post=6559"}],"curies":[{"name":"wp","href":"https:\/\/api.w.org\/{rel}","templated":true}]}}