{"id":6533,"date":"2025-08-07T03:51:14","date_gmt":"2025-08-07T03:51:14","guid":{"rendered":"https:\/\/puffvapestore.com\/?post_type=product&#038;p=6533"},"modified":"2026-01-19T10:52:39","modified_gmt":"2026-01-19T10:52:39","slug":"peach-ice-bang-king-15000-sucree-et-rafraichissante","status":"publish","type":"product","link":"https:\/\/puffvapestore.com\/nl\/product\/perzikijs-bang-king-15000-zoet-en-verfrissend\/","title":{"rendered":"Perzikijs - Bang King 15K"},"content":{"rendered":"<div data-elementor-type=\"wp-post\" data-elementor-id=\"6533\" class=\"elementor elementor-6533\">\n\t\t\t\t<div class=\"elementor-element elementor-element-08c26f9 e-flex e-con-boxed e-con e-parent\" data-id=\"08c26f9\" data-element_type=\"container\" data-e-type=\"container\">\n\t\t\t\t\t<div class=\"e-con-inner\">\n\t\t\t\t<div class=\"elementor-element elementor-element-a005a97 elementor-widget elementor-widget-text-editor\" data-id=\"a005a97\" data-element_type=\"widget\" data-e-type=\"widget\" data-widget_type=\"text-editor.default\">\n\t\t\t\t<div class=\"elementor-widget-container\">\n\t\t\t\t\t\t\t\t\t<p>De unieke smaak van P\u00eache Glac\u00e9e ligt in zijn discrete zoetheid, die een verfrissende afdronk biedt, zoals het nippen van een licht gekoelde perzikcocktail aan de Seine. Zijn lichtheid en aanwezigheid maken het tot een rustgevende en verfrissende, gezellige ervaring.<\/p><h2>Perzik Smaak :<\/h2><p>Authentieke fruitigheid: Het eerste vleugje rook onthult het natuurlijke aroma van rijpe perziken, met een gematigde zoetheid die niet misselijkmakend is.<\/p><p>Zoet en zacht: Rijk en zacht in de mond, met een volle, vlezige textuur die doet denken aan het proeven van een sappige witte perzik.<\/p><p>Licht bloemig aroma: bij het proeven komt een subtiele perzikachtige bloemige afdronk naar voren die de algemene elegantie van de smaak versterkt.<\/p><h2>IJs :<\/h2><p>Snelle afkoeling: Een merkbaar koel gevoel wordt gevoeld bij het inademen, vooral in de keel, zonder te sterk te zijn.<\/p><p>Langdurige verfrissing: De sensatie van frisheid blijft hangen bij het uitademen, helpt de zoetheid van de perzik te neutraliseren en laat een evenwichtige, verfrissende nasmaak achter.<\/p><h2>Algehele balans van de smaak van perzikijs :<\/h2><p>De zoetheid van de perzik en de frisheid van de munt combineren perfect, waardoor de rijkdom van de fruitsmaak behouden blijft terwijl het een verfrissende ijservaring oplevert.<\/p><h2>Navulbaar, milieuvriendelijk ontwerp<\/h2><p>Met de ingebouwde oplaadbare USB-C-batterij vermindert het de milieu-impact van elektronische wegwerpsigaretten. Gebruikers kunnen de batterij snel opladen en het gebruik altijd en overal hervatten, waardoor praktisch en duurzaam worden gecombineerd. Dit ontwerp bespaart niet alleen geld, het is ook milieuvriendelijk.<\/p><p>De Bang King 15000 Peach Ice heeft een slank, ergonomisch ontwerp dat zorgt voor een comfortabele grip en een lange levensduur. De lichtgewicht behuizing en moderne kleuren verbeteren de gebruikerservaring en geven blijk van individualiteit en stijl. De behuizing is zorgvuldig behandeld voor slijtvastheid en antislipeigenschappen en combineert esthetiek en functionaliteit.<\/p><h2>Grote capaciteit voorgevulde e-vloeistof<\/h2><p>Elke Bang King 15000 Peach Ice is voorgevuld met 25 ml hoogwaardige e-vloeistof, aanzienlijk meer dan conventionele elektronische sigaretten, voor langdurig gebruik. De e-liquid is gemaakt van hoogwaardige ingredi\u00ebnten en biedt een zacht keelgevoel en een grote verscheidenheid aan smaken, voor consistente tevredenheid bij elk trekje.<\/p><h2>Verschillende nicotineconcentraties beschikbaar<\/h2><p>De Bang King 15000 Peach Ice biedt vier sterktes nicotinezouten: 0 %, 2 %, 3 % en 5 %, om aan de behoeften van verschillende vapers te voldoen. De 0 % nicotinevrije optie is ideaal voor degenen die op zoek zijn naar een puurdere smaak, terwijl de 5 % nicotineoptie een bevredigende ervaring biedt voor regelmatige dampers. Deze flexibiliteit betekent dat iedereen de ervaring kan vinden die bij hem of haar past.<\/p><p>E\u00e9n enkele elektronische sigaret Bang King 15000 Peach Ice geeft tot 15.000 trekjes, en dankzij de uitzonderlijke autonomie hoef je het apparaat niet vaak te vervangen. Voor dagelijks gebruik of op reis, deze elektronische sigaret biedt langdurig comfort en vereenvoudigt het bijvullen.<\/p><h2>Mesh weerstandstechnologie<\/h2><p>Deze elektronische sigaret is voorzien van een geavanceerde Mesh-weerstand, die een gelijkmatigere verstuiving en stabielere verwarming biedt dan traditionele weerstanden, waardoor een soepele, authentieke damp wordt gegarandeerd. De Mesh-structuur verlengt ook de levensduur van de weerstand en vermindert verbrande geurtjes, waardoor je bij elke trek verzekerd bent van een vape van hoge kwaliteit.<\/p><p>De Bang King 15000 Peach Ice is compact en lichtgewicht, gemakkelijk mee te nemen en past netjes in een zak of rugzak. Hij is gemaakt van materialen met een hoge weerstand, is valbestendig en duurzaam en behoudt zijn uiterlijk en prestaties, zelfs bij veelvuldig dagelijks gebruik.<\/p><h2>Oplaadbare batterij met hoge capaciteit<\/h2><p>De Bang King 15000 Peach Ice is uitgerust met een ingebouwde batterij van ongeveer 550 mAh en biedt een indrukwekkende batterijlevensduur. Dankzij de USB-C snellaadtechnologie kunnen gebruikers hun telefoon snel opladen, waardoor de wachttijd korter wordt. Een batterijbeheersysteem optimaliseert het energieverbruik en zorgt voor een stabiele, langdurige werking.<\/p>\t\t\t\t\t\t\t\t<\/div>\n\t\t\t\t<\/div>\n\t\t\t\t\t<\/div>\n\t\t\t\t<\/div>\n\t\t\t\t<\/div>","protected":false},"excerpt":{"rendered":"<p>La saveur unique de la P\u00eache Glac\u00e9e r\u00e9side dans sa douceur discr\u00e8te, offrant une finale rafra\u00eechissante, comme siroter un cocktail de p\u00eaches l\u00e9g\u00e8rement frais au bord de la Seine. Sa l\u00e9g\u00e8ret\u00e9 et sa pr\u00e9sence en font une exp\u00e9rience conviviale apaisante et rafra\u00eechissante. Saveur P\u00eache\u00a0: Fruit\u00e9 authentique\u00a0: La premi\u00e8re bouff\u00e9e de fum\u00e9e r\u00e9v\u00e8le l&rsquo;ar\u00f4me naturel des [&hellip;]<\/p>\n","protected":false},"featured_media":6244,"comment_status":"open","ping_status":"closed","template":"","meta":{"site-sidebar-layout":"no-sidebar","site-content-layout":"page-builder","ast-site-content-layout":"normal-width-container","site-content-style":"default","site-sidebar-style":"default","ast-global-header-display":"","ast-banner-title-visibility":"","ast-main-header-display":"","ast-hfb-above-header-display":"","ast-hfb-below-header-display":"","ast-hfb-mobile-header-display":"","site-post-title":"disabled","ast-breadcrumbs-content":"","ast-featured-img":"disabled","footer-sml-layout":"","ast-disable-related-posts":"","theme-transparent-header-meta":"default","adv-header-id-meta":"","stick-header-meta":"default","header-above-stick-meta":"","header-main-stick-meta":"","header-below-stick-meta":"","astra-migrate-meta-layouts":"set","ast-page-background-enabled":"default","ast-page-background-meta":{"desktop":{"background-color":"","background-image":"","background-repeat":"repeat","background-position":"center center","background-size":"auto","background-attachment":"scroll","background-type":"","background-media":"","overlay-type":"","overlay-color":"","overlay-opacity":"","overlay-gradient":""},"tablet":{"background-color":"","background-image":"","background-repeat":"repeat","background-position":"center center","background-size":"auto","background-attachment":"scroll","background-type":"","background-media":"","overlay-type":"","overlay-color":"","overlay-opacity":"","overlay-gradient":""},"mobile":{"background-color":"","background-image":"","background-repeat":"repeat","background-position":"center center","background-size":"auto","background-attachment":"scroll","background-type":"","background-media":"","overlay-type":"","overlay-color":"","overlay-opacity":"","overlay-gradient":""}},"ast-content-background-meta":{"desktop":{"background-color":"var(--ast-global-color-5)","background-image":"","background-repeat":"repeat","background-position":"center center","background-size":"auto","background-attachment":"scroll","background-type":"","background-media":"","overlay-type":"","overlay-color":"","overlay-opacity":"","overlay-gradient":""},"tablet":{"background-color":"var(--ast-global-color-5)","background-image":"","background-repeat":"repeat","background-position":"center center","background-size":"auto","background-attachment":"scroll","background-type":"","background-media":"","overlay-type":"","overlay-color":"","overlay-opacity":"","overlay-gradient":""},"mobile":{"background-color":"var(--ast-global-color-5)","background-image":"","background-repeat":"repeat","background-position":"center center","background-size":"auto","background-attachment":"scroll","background-type":"","background-media":"","overlay-type":"","overlay-color":"","overlay-opacity":"","overlay-gradient":""}}},"product_brand":[52],"product_cat":[56,80,15],"product_tag":[],"class_list":{"0":"post-6533","1":"product","2":"type-product","3":"status-publish","4":"has-post-thumbnail","6":"product_brand-bang-king","7":"product_cat-bang-king-15000-est-equipee-dune-resistance-mesh-nouvelle-generation","8":"product_cat-puff-15k","9":"product_cat-magasin-cigarette-electronique","10":"desktop-align-center","11":"tablet-align-center","12":"mobile-align-center","13":"ast-product-gallery-layout-horizontal","14":"ast-product-gallery-with-no-image","15":"ast-product-single-variable","16":"ast-product-tabs-layout-horizontal","17":"ast-qv-on-image","19":"first","20":"instock","21":"sale","22":"shipping-taxable","23":"purchasable","24":"product-type-variable","25":"has-default-attributes"},"tiered_pricing_type":"fixed","tiered_pricing_fixed_rules":{"50":6.05,"100":5.59},"tiered_pricing_product_settings":{"layout":"default","base_unit_name":{"singular":null,"plural":null},"default_variation":null},"tiered_pricing_minimum_quantity":null,"tiered_pricing_roles_data":[],"tiered_pricing_percentage_rules":[],"_links":{"self":[{"href":"https:\/\/puffvapestore.com\/nl\/wp-json\/wp\/v2\/product\/6533","targetHints":{"allow":["GET"]}}],"collection":[{"href":"https:\/\/puffvapestore.com\/nl\/wp-json\/wp\/v2\/product"}],"about":[{"href":"https:\/\/puffvapestore.com\/nl\/wp-json\/wp\/v2\/types\/product"}],"replies":[{"embeddable":true,"href":"https:\/\/puffvapestore.com\/nl\/wp-json\/wp\/v2\/comments?post=6533"}],"version-history":[{"count":7,"href":"https:\/\/puffvapestore.com\/nl\/wp-json\/wp\/v2\/product\/6533\/revisions"}],"predecessor-version":[{"id":6625,"href":"https:\/\/puffvapestore.com\/nl\/wp-json\/wp\/v2\/product\/6533\/revisions\/6625"}],"wp:featuredmedia":[{"embeddable":true,"href":"https:\/\/puffvapestore.com\/nl\/wp-json\/wp\/v2\/media\/6244"}],"wp:attachment":[{"href":"https:\/\/puffvapestore.com\/nl\/wp-json\/wp\/v2\/media?parent=6533"}],"wp:term":[{"taxonomy":"product_brand","embeddable":true,"href":"https:\/\/puffvapestore.com\/nl\/wp-json\/wp\/v2\/product_brand?post=6533"},{"taxonomy":"product_cat","embeddable":true,"href":"https:\/\/puffvapestore.com\/nl\/wp-json\/wp\/v2\/product_cat?post=6533"},{"taxonomy":"product_tag","embeddable":true,"href":"https:\/\/puffvapestore.com\/nl\/wp-json\/wp\/v2\/product_tag?post=6533"}],"curies":[{"name":"wp","href":"https:\/\/api.w.org\/{rel}","templated":true}]}}