{"id":6522,"date":"2025-08-07T01:25:40","date_gmt":"2025-08-07T01:25:40","guid":{"rendered":"https:\/\/puffvapestore.com\/?post_type=product&#038;p=6522"},"modified":"2026-01-19T10:52:38","modified_gmt":"2026-01-19T10:52:38","slug":"aloe-grape-bang-king-15000-moderement-sucre","status":"publish","type":"product","link":"https:\/\/puffvapestore.com\/nl\/product\/aloe-druif-bang-king-15000-matig-suiker\/","title":{"rendered":"Alo\u00eb Druif - Bang King 15K"},"content":{"rendered":"<div data-elementor-type=\"wp-post\" data-elementor-id=\"6522\" class=\"elementor elementor-6522\">\n\t\t\t\t<div class=\"elementor-element elementor-element-08c26f9 e-flex e-con-boxed e-con e-parent\" data-id=\"08c26f9\" data-element_type=\"container\" data-e-type=\"container\">\n\t\t\t\t\t<div class=\"e-con-inner\">\n\t\t\t\t<div class=\"elementor-element elementor-element-a005a97 elementor-widget elementor-widget-text-editor\" data-id=\"a005a97\" data-element_type=\"widget\" data-e-type=\"widget\" data-widget_type=\"text-editor.default\">\n\t\t\t\t<div class=\"elementor-widget-container\">\n\t\t\t\t\t\t\t\t\t<p>De Aloe Raisin smaak van Bang King 15000 biedt een authentiek, matig zoet fruitig aroma met een verfrissende, aanhoudende smaak, ideaal voor diegenen die de voorkeur geven aan een natuurlijke, frisse smaak. Als je de voorkeur geeft aan een niet misselijkmakende, licht verfrissende en authentiek fruitige vaping-ervaring, dan is deze Aloe Raisin smaak zeker een kijkje waard.<\/p><h2>Druivensmaak - Hoofdnoot<\/h2><p>Matig zoet: In tegenstelling tot sommige druivensmaken biedt de druivensmaak van Bang King een natuurlijk fruitig aroma met een licht zuurtje, dichter bij de authentieke smaak van verse paarse druiven.<\/p><p>Rijk fruitig: Vanaf de eerste slok levert de rook een rijk, sappig aroma met duidelijke nuances en een bedwelmende sensatie, die doet denken aan de uitbarstende sensatie van vers geplette druiven.<\/p><p>Soepel en zacht: De textuur van de druiven in de rook irriteert de keel niet en laat een zijdezachte, aanhoudende afdronk achter.<\/p><h2>Alo\u00eb vera-aroma: een subtiele, kenmerkende noot<\/h2><p>Fris kruidachtig: Alo\u00eb vera heeft een licht fris kruidachtig aroma, vergelijkbaar met de frisheid van komkommer of suikerrietsap, en voegt een vleugje frisheid toe aan het geheel.<\/p><p>Subtiel, zonder overdaad: Alo\u00eb vera maskeert de druivensmaak niet, maar verschijnt tussen het inhaleren en uitademen, waarbij het de mond smeert en reinigt en een pure, niet-vette smaakervaring achterlaat.<\/p><h2>Navulbaar, milieuvriendelijk ontwerp<\/h2><p>Met de ingebouwde oplaadbare USB-C-batterij vermindert het de milieu-impact van elektronische wegwerpsigaretten. Gebruikers kunnen de batterij snel opladen en het gebruik altijd en overal hervatten, waardoor praktisch en duurzaam worden gecombineerd. Dit ontwerp bespaart niet alleen geld, het is ook milieuvriendelijk.<\/p><p>De Bang King 15000 Aloe Grape heeft een slank, ergonomisch ontwerp dat zorgt voor een comfortabele grip en een lange levensduur. De lichtgewicht behuizing en moderne kleuren verbeteren de gebruikerservaring en geven blijk van individualiteit en stijl. De behuizing is zorgvuldig behandeld voor slijtvastheid en antislipeigenschappen en combineert esthetiek en functionaliteit.<\/p><h2>Grote capaciteit voorgevulde e-vloeistof<\/h2><p>Elke Bang King 15000 Aloe Grape is voorgevuld met 25 ml hoogwaardige e-vloeistof, aanzienlijk meer dan conventionele elektronische sigaretten, voor langdurig gebruik. De e-liquid is gemaakt van hoogwaardige ingredi\u00ebnten en biedt een zacht keelgevoel en een grote verscheidenheid aan smaken, voor consistente tevredenheid bij elk trekje.<\/p><h2>Verschillende nicotineconcentraties beschikbaar<\/h2><p>De Bang King 15000 Aloe Grape biedt vier sterktes nicotinezouten: 0 %, 2 %, 3 % en 5 %, om aan de behoeften van verschillende vapers te voldoen. De 0 % nicotinevrije optie is ideaal voor mensen die op zoek zijn naar een puurdere smaak, terwijl de 5 % nicotineoptie een bevredigende ervaring biedt voor regelmatige dampers. Deze flexibiliteit betekent dat iedereen de ervaring kan vinden die bij hem of haar past.<\/p><p>E\u00e9n enkele elektronische sigaret Bang King 15000 geeft tot 15.000 trekjes, en dankzij de uitzonderlijke autonomie hoeft u het apparaat niet vaak te vervangen. Voor dagelijks gebruik of op reis, deze elektronische sigaret biedt langdurig comfort en vereenvoudigt het bijvullen.<\/p><h2>Mesh weerstandstechnologie<\/h2><p>Deze elektronische sigaret is voorzien van een geavanceerde Mesh-weerstand, die een gelijkmatigere verstuiving en stabielere verwarming biedt dan traditionele weerstanden, waardoor een soepele, authentieke damp wordt gegarandeerd. De Mesh-structuur verlengt ook de levensduur van de weerstand en vermindert verbrande geurtjes, waardoor je bij elke trek verzekerd bent van een vape van hoge kwaliteit.<\/p><p>De Bang King 15000 Aloe Grape is compact en licht en kan gemakkelijk worden meegenomen in een zak of rugzak. Hij is gemaakt van materialen met een hoge weerstand, is valbestendig en duurzaam en behoudt zijn uiterlijk en prestaties, zelfs bij veelvuldig dagelijks gebruik.<\/p><h2>Oplaadbare batterij met hoge capaciteit<\/h2><p>De Bang King 15000 is uitgerust met een ge\u00efntegreerde batterij van ongeveer 550 mAh en biedt een indrukwekkende batterijlevensduur. Dankzij de USB-C snellaadtechnologie kunnen gebruikers hun telefoon snel opladen, waardoor de wachttijd korter wordt. Een batterijbeheersysteem optimaliseert het energieverbruik en zorgt voor een stabiele, langdurige werking.<\/p>\t\t\t\t\t\t\t\t<\/div>\n\t\t\t\t<\/div>\n\t\t\t\t\t<\/div>\n\t\t\t\t<\/div>\n\t\t\t\t<\/div>","protected":false},"excerpt":{"rendered":"<p>L&rsquo;ar\u00f4me Aloe Raisin du Bang King 15000 offre un ar\u00f4me fruit\u00e9 authentique et mod\u00e9r\u00e9ment sucr\u00e9, avec une saveur rafra\u00eechissante et persistante, id\u00e9al pour ceux qui pr\u00e9f\u00e8rent un go\u00fbt naturel et frais. Si vous pr\u00e9f\u00e9rez une exp\u00e9rience de vapotage non \u00e9coeurante, l\u00e9g\u00e8rement rafra\u00eechissante et authentiquement fruit\u00e9e, cet ar\u00f4me Aloe Raisin vaut vraiment le d\u00e9tour. Ar\u00f4me Raisin [&hellip;]<\/p>\n","protected":false},"featured_media":6234,"comment_status":"open","ping_status":"closed","template":"","meta":{"site-sidebar-layout":"no-sidebar","site-content-layout":"page-builder","ast-site-content-layout":"normal-width-container","site-content-style":"default","site-sidebar-style":"default","ast-global-header-display":"","ast-banner-title-visibility":"","ast-main-header-display":"","ast-hfb-above-header-display":"","ast-hfb-below-header-display":"","ast-hfb-mobile-header-display":"","site-post-title":"disabled","ast-breadcrumbs-content":"","ast-featured-img":"disabled","footer-sml-layout":"","ast-disable-related-posts":"","theme-transparent-header-meta":"default","adv-header-id-meta":"","stick-header-meta":"default","header-above-stick-meta":"","header-main-stick-meta":"","header-below-stick-meta":"","astra-migrate-meta-layouts":"set","ast-page-background-enabled":"default","ast-page-background-meta":{"desktop":{"background-color":"","background-image":"","background-repeat":"repeat","background-position":"center center","background-size":"auto","background-attachment":"scroll","background-type":"","background-media":"","overlay-type":"","overlay-color":"","overlay-opacity":"","overlay-gradient":""},"tablet":{"background-color":"","background-image":"","background-repeat":"repeat","background-position":"center center","background-size":"auto","background-attachment":"scroll","background-type":"","background-media":"","overlay-type":"","overlay-color":"","overlay-opacity":"","overlay-gradient":""},"mobile":{"background-color":"","background-image":"","background-repeat":"repeat","background-position":"center center","background-size":"auto","background-attachment":"scroll","background-type":"","background-media":"","overlay-type":"","overlay-color":"","overlay-opacity":"","overlay-gradient":""}},"ast-content-background-meta":{"desktop":{"background-color":"var(--ast-global-color-5)","background-image":"","background-repeat":"repeat","background-position":"center center","background-size":"auto","background-attachment":"scroll","background-type":"","background-media":"","overlay-type":"","overlay-color":"","overlay-opacity":"","overlay-gradient":""},"tablet":{"background-color":"var(--ast-global-color-5)","background-image":"","background-repeat":"repeat","background-position":"center center","background-size":"auto","background-attachment":"scroll","background-type":"","background-media":"","overlay-type":"","overlay-color":"","overlay-opacity":"","overlay-gradient":""},"mobile":{"background-color":"var(--ast-global-color-5)","background-image":"","background-repeat":"repeat","background-position":"center center","background-size":"auto","background-attachment":"scroll","background-type":"","background-media":"","overlay-type":"","overlay-color":"","overlay-opacity":"","overlay-gradient":""}}},"product_brand":[52],"product_cat":[56,80,15],"product_tag":[],"class_list":{"0":"post-6522","1":"product","2":"type-product","3":"status-publish","4":"has-post-thumbnail","6":"product_brand-bang-king","7":"product_cat-bang-king-15000-est-equipee-dune-resistance-mesh-nouvelle-generation","8":"product_cat-puff-15k","9":"product_cat-magasin-cigarette-electronique","10":"desktop-align-center","11":"tablet-align-center","12":"mobile-align-center","13":"ast-product-gallery-layout-horizontal","14":"ast-product-gallery-with-no-image","15":"ast-product-single-variable","16":"ast-product-tabs-layout-horizontal","17":"ast-qv-on-image","19":"first","20":"instock","21":"sale","22":"shipping-taxable","23":"purchasable","24":"product-type-variable","25":"has-default-attributes"},"tiered_pricing_type":"fixed","tiered_pricing_fixed_rules":{"50":6.05,"100":5.59},"tiered_pricing_product_settings":{"layout":"default","base_unit_name":{"singular":null,"plural":null},"default_variation":null},"tiered_pricing_minimum_quantity":null,"tiered_pricing_roles_data":[],"tiered_pricing_percentage_rules":[],"_links":{"self":[{"href":"https:\/\/puffvapestore.com\/nl\/wp-json\/wp\/v2\/product\/6522","targetHints":{"allow":["GET"]}}],"collection":[{"href":"https:\/\/puffvapestore.com\/nl\/wp-json\/wp\/v2\/product"}],"about":[{"href":"https:\/\/puffvapestore.com\/nl\/wp-json\/wp\/v2\/types\/product"}],"replies":[{"embeddable":true,"href":"https:\/\/puffvapestore.com\/nl\/wp-json\/wp\/v2\/comments?post=6522"}],"version-history":[{"count":7,"href":"https:\/\/puffvapestore.com\/nl\/wp-json\/wp\/v2\/product\/6522\/revisions"}],"predecessor-version":[{"id":6626,"href":"https:\/\/puffvapestore.com\/nl\/wp-json\/wp\/v2\/product\/6522\/revisions\/6626"}],"wp:featuredmedia":[{"embeddable":true,"href":"https:\/\/puffvapestore.com\/nl\/wp-json\/wp\/v2\/media\/6234"}],"wp:attachment":[{"href":"https:\/\/puffvapestore.com\/nl\/wp-json\/wp\/v2\/media?parent=6522"}],"wp:term":[{"taxonomy":"product_brand","embeddable":true,"href":"https:\/\/puffvapestore.com\/nl\/wp-json\/wp\/v2\/product_brand?post=6522"},{"taxonomy":"product_cat","embeddable":true,"href":"https:\/\/puffvapestore.com\/nl\/wp-json\/wp\/v2\/product_cat?post=6522"},{"taxonomy":"product_tag","embeddable":true,"href":"https:\/\/puffvapestore.com\/nl\/wp-json\/wp\/v2\/product_tag?post=6522"}],"curies":[{"name":"wp","href":"https:\/\/api.w.org\/{rel}","templated":true}]}}