{"id":6484,"date":"2025-08-11T03:03:09","date_gmt":"2025-08-11T03:03:09","guid":{"rendered":"https:\/\/puffvapestore.com\/?post_type=product&#038;p=6484"},"modified":"2026-01-19T10:52:38","modified_gmt":"2026-01-19T10:52:38","slug":"cherry-pop-bang-king-15000-offre-une-saveur-sucree-acidulee-et-fruitee","status":"publish","type":"product","link":"https:\/\/puffvapestore.com\/nl\/product\/cherry-pop-bang-king-15000-biedt-een-zoete-pittige-en-fruitige-smaak\/","title":{"rendered":"Kersenpop - Bang King 15K"},"content":{"rendered":"<div data-elementor-type=\"wp-post\" data-elementor-id=\"6484\" class=\"elementor elementor-6484\">\n\t\t\t\t<div class=\"elementor-element elementor-element-08c26f9 e-flex e-con-boxed e-con e-parent\" data-id=\"08c26f9\" data-element_type=\"container\" data-e-type=\"container\">\n\t\t\t\t\t<div class=\"e-con-inner\">\n\t\t\t\t<div class=\"elementor-element elementor-element-a005a97 elementor-widget elementor-widget-text-editor\" data-id=\"a005a97\" data-element_type=\"widget\" data-e-type=\"widget\" data-widget_type=\"text-editor.default\">\n\t\t\t\t<div class=\"elementor-widget-container\">\n\t\t\t\t\t\t\t\t\t<p>Cherry Pop is geen gewone fruitsmaak. Hij doet denken aan een vers gesneden kersentaartje uit een Parijse patisserie, gezoet met een licht zuurtje. Zodra de rook je mond binnenkomt, voel je het kersensap zachtjes bruisen op je tong. Vergeleken met de traditionele, monotone smaak van tabak, biedt deze smaak onbeschrijflijk plezier voor Europeanen met haast, als een pauze van het leven aan de Seine.<\/p><p>Cherry Pop is een zoete, wrange en fruitige melange met een verfrissende frisdranknoot, ontworpen om de verfrissende energie na te bootsen die je voelt als je een blikje gekoelde frisdrank met kersen opent.<\/p><h2>Belangrijkste smaak : Rijpe kers<\/h2><p>De smaak is vol, met aroma's van zwarte kersen en een vlezige textuur.<\/p><p>Een lichte toets van gekonfijte kers in een zoete wijn versterkt zijn rijkdom.<\/p><p>Het fruitige aroma explodeert onmiddellijk bij de eerste inademing en cre\u00ebert een sensatie van \u00absinaasappelsap\u00bb.<\/p><h2>Bijsmaak : Sprankelende soda<\/h2><p>De smaak heeft een duidelijke textuur die doet denken aan een ijskoude frisdrank.<\/p><p>Deze sprankelende sensatie is niet agressief in de keel, maar eerder een sensatie van ijzige microbelletjes in de mond, waardoor een verfrissende en smakelijke mix ontstaat.<\/p><h2>Uitgebalanceerde zoetheid en zuurgraad<\/h2><p>Cherry Pop heeft een hoge zoetheid, zonder te stroperig te zijn, met een knapperige, zoete zoetheid.<\/p><p>De subtiele zuurgraad (vergelijkbaar met die van een citroen) voegt diepte toe en voorkomt misselijkmakende sensaties.<\/p><h2>Afdronk en nasmaak<\/h2><p>De kersensmaak blijft hangen bij het uitademen, met een verfrissend vleugje frisdrank.<\/p><p>De smaak blijft fris, zelfs na meerdere trekjes, waardoor het gehemelte niet moe wordt.<\/p><h2>Grote opslagcapaciteit voor e-vloeistof<\/h2><p>De Bang King 15000 Cherry Pop is voorgevuld met 25 ml hoogwaardige nicotine e-vloeistof, een zeldzame capaciteit voor vergelijkbare producten. Dit zorgt voor een lange levensduur en vermindert de noodzaak om het apparaat vaak te vervangen.<\/p><p>Elke Bang King 15000 Cherry Pop e-sigaret biedt tot 15.000 trekjes, veel meer dan de meeste elektronische wegwerpsigaretten op de markt, waardoor het de benchmark is voor ultralange autonomie.<\/p><h2>Verschillende nicotinedoseringen beschikbaar<\/h2><p>Om tegemoet te komen aan de voorkeuren en behoeften van gebruikers om te stoppen met roken, is Bang King 15000 Cherry Pop verkrijgbaar in vier nicotinezoutsterktes: 0 %, 2 %, 3 % en 5 %. Of je nu helemaal wilt stoppen met roken of kiest voor een hogere dosering, je vindt ongetwijfeld de ideale optie.<\/p><p>Deze e-sigaret maakt gebruik van een nieuwe generatie gaasweerstand voor een gelijkmatige verwarming van de e-vloeistof en effici\u00ebnte verneveling. Vergeleken met traditionele weerstanden biedt het fijnere verneveling, rijkere smaak en een groter dampvolume, wat de gebruikerservaring verbetert.<\/p><h2>Milieuvriendelijk, navulbaar ontwerp<\/h2><p>Hij heeft een ge\u00efntegreerde batterij van 550 mAh die snel kan worden opgeladen via USB-C. Dit oplaadbare ontwerp verlengt de levensduur aanzienlijk en is milieuvriendelijker dan wegwerpapparaten, waardoor het voldoet aan de duurzaamheidseisen van moderne gebruikers.<\/p><p>De Bang King 15000 Cherry Pop heeft een ergonomisch ontwerp en een moderne uitstraling. Het gevoel, de textuur en de esthetiek weerspiegelen de focus op de gebruikerservaring en combineren comfort en stijl.<\/p><p>Ondanks de krachtige functies en grote opslagcapaciteit behoudt de Bang King 15000 Cherry Pop een compact, draagbaar ontwerp dat gemakkelijk mee te nemen is en geschikt is voor alle levensstijlen. Bovendien is hij gemaakt van duurzame materialen, dus hij is valbestendig en gaat lang mee, waardoor langdurig, stabiel gebruik gegarandeerd is.<\/p>\t\t\t\t\t\t\t\t<\/div>\n\t\t\t\t<\/div>\n\t\t\t\t\t<\/div>\n\t\t\t\t<\/div>\n\t\t\t\t<\/div>","protected":false},"excerpt":{"rendered":"<p>La Cherry Pop n&rsquo;est pas une saveur fruit\u00e9e ordinaire. Elle \u00e9voque un g\u00e2teau aux cerises fra\u00eechement coup\u00e9, sorti d&rsquo;une p\u00e2tisserie parisienne, sucr\u00e9 avec une l\u00e9g\u00e8re acidit\u00e9. D\u00e8s que la fum\u00e9e entre en bouche, vous sentez le jus de cerise p\u00e9tiller doucement sur votre langue. Compar\u00e9e \u00e0 la saveur traditionnelle et monotone du tabac, cette saveur [&hellip;]<\/p>\n","protected":false},"featured_media":6237,"comment_status":"open","ping_status":"closed","template":"","meta":{"site-sidebar-layout":"no-sidebar","site-content-layout":"page-builder","ast-site-content-layout":"normal-width-container","site-content-style":"default","site-sidebar-style":"default","ast-global-header-display":"","ast-banner-title-visibility":"","ast-main-header-display":"","ast-hfb-above-header-display":"","ast-hfb-below-header-display":"","ast-hfb-mobile-header-display":"","site-post-title":"disabled","ast-breadcrumbs-content":"","ast-featured-img":"disabled","footer-sml-layout":"","ast-disable-related-posts":"","theme-transparent-header-meta":"default","adv-header-id-meta":"","stick-header-meta":"default","header-above-stick-meta":"","header-main-stick-meta":"","header-below-stick-meta":"","astra-migrate-meta-layouts":"set","ast-page-background-enabled":"default","ast-page-background-meta":{"desktop":{"background-color":"","background-image":"","background-repeat":"repeat","background-position":"center center","background-size":"auto","background-attachment":"scroll","background-type":"","background-media":"","overlay-type":"","overlay-color":"","overlay-opacity":"","overlay-gradient":""},"tablet":{"background-color":"","background-image":"","background-repeat":"repeat","background-position":"center center","background-size":"auto","background-attachment":"scroll","background-type":"","background-media":"","overlay-type":"","overlay-color":"","overlay-opacity":"","overlay-gradient":""},"mobile":{"background-color":"","background-image":"","background-repeat":"repeat","background-position":"center center","background-size":"auto","background-attachment":"scroll","background-type":"","background-media":"","overlay-type":"","overlay-color":"","overlay-opacity":"","overlay-gradient":""}},"ast-content-background-meta":{"desktop":{"background-color":"var(--ast-global-color-5)","background-image":"","background-repeat":"repeat","background-position":"center center","background-size":"auto","background-attachment":"scroll","background-type":"","background-media":"","overlay-type":"","overlay-color":"","overlay-opacity":"","overlay-gradient":""},"tablet":{"background-color":"var(--ast-global-color-5)","background-image":"","background-repeat":"repeat","background-position":"center center","background-size":"auto","background-attachment":"scroll","background-type":"","background-media":"","overlay-type":"","overlay-color":"","overlay-opacity":"","overlay-gradient":""},"mobile":{"background-color":"var(--ast-global-color-5)","background-image":"","background-repeat":"repeat","background-position":"center center","background-size":"auto","background-attachment":"scroll","background-type":"","background-media":"","overlay-type":"","overlay-color":"","overlay-opacity":"","overlay-gradient":""}}},"product_brand":[52],"product_cat":[56,80,15],"product_tag":[],"class_list":{"0":"post-6484","1":"product","2":"type-product","3":"status-publish","4":"has-post-thumbnail","6":"product_brand-bang-king","7":"product_cat-bang-king-15000-est-equipee-dune-resistance-mesh-nouvelle-generation","8":"product_cat-puff-15k","9":"product_cat-magasin-cigarette-electronique","10":"desktop-align-center","11":"tablet-align-center","12":"mobile-align-center","13":"ast-product-gallery-layout-horizontal","14":"ast-product-gallery-with-no-image","15":"ast-product-single-variable","16":"ast-product-tabs-layout-horizontal","17":"ast-qv-on-image","19":"first","20":"instock","21":"sale","22":"shipping-taxable","23":"purchasable","24":"product-type-variable","25":"has-default-attributes"},"tiered_pricing_type":"fixed","tiered_pricing_fixed_rules":{"50":6.05,"100":5.59},"tiered_pricing_product_settings":{"layout":"default","base_unit_name":{"singular":null,"plural":null},"default_variation":null},"tiered_pricing_minimum_quantity":null,"tiered_pricing_roles_data":[],"tiered_pricing_percentage_rules":[],"_links":{"self":[{"href":"https:\/\/puffvapestore.com\/nl\/wp-json\/wp\/v2\/product\/6484","targetHints":{"allow":["GET"]}}],"collection":[{"href":"https:\/\/puffvapestore.com\/nl\/wp-json\/wp\/v2\/product"}],"about":[{"href":"https:\/\/puffvapestore.com\/nl\/wp-json\/wp\/v2\/types\/product"}],"replies":[{"embeddable":true,"href":"https:\/\/puffvapestore.com\/nl\/wp-json\/wp\/v2\/comments?post=6484"}],"version-history":[{"count":7,"href":"https:\/\/puffvapestore.com\/nl\/wp-json\/wp\/v2\/product\/6484\/revisions"}],"predecessor-version":[{"id":6628,"href":"https:\/\/puffvapestore.com\/nl\/wp-json\/wp\/v2\/product\/6484\/revisions\/6628"}],"wp:featuredmedia":[{"embeddable":true,"href":"https:\/\/puffvapestore.com\/nl\/wp-json\/wp\/v2\/media\/6237"}],"wp:attachment":[{"href":"https:\/\/puffvapestore.com\/nl\/wp-json\/wp\/v2\/media?parent=6484"}],"wp:term":[{"taxonomy":"product_brand","embeddable":true,"href":"https:\/\/puffvapestore.com\/nl\/wp-json\/wp\/v2\/product_brand?post=6484"},{"taxonomy":"product_cat","embeddable":true,"href":"https:\/\/puffvapestore.com\/nl\/wp-json\/wp\/v2\/product_cat?post=6484"},{"taxonomy":"product_tag","embeddable":true,"href":"https:\/\/puffvapestore.com\/nl\/wp-json\/wp\/v2\/product_tag?post=6484"}],"curies":[{"name":"wp","href":"https:\/\/api.w.org\/{rel}","templated":true}]}}