{"id":6458,"date":"2025-08-05T05:55:26","date_gmt":"2025-08-05T05:55:26","guid":{"rendered":"https:\/\/puffvapestore.com\/?post_type=product&#038;p=6458"},"modified":"2026-01-19T10:52:38","modified_gmt":"2026-01-19T10:52:38","slug":"peach-mango-bang-king-15k-vous-offre-une-touche-de-soleil-tropical","status":"publish","type":"product","link":"https:\/\/puffvapestore.com\/nl\/product\/peach-mango-bang-king-15k-geeft-je-een-vleugje-tropische-zonneschijn\/","title":{"rendered":"Perzik Mango - Bang King 15000"},"content":{"rendered":"<div data-elementor-type=\"wp-post\" data-elementor-id=\"6458\" class=\"elementor elementor-6458\">\n\t\t\t\t<div class=\"elementor-element elementor-element-08c26f9 e-flex e-con-boxed e-con e-parent\" data-id=\"08c26f9\" data-element_type=\"container\" data-e-type=\"container\">\n\t\t\t\t\t<div class=\"e-con-inner\">\n\t\t\t\t<div class=\"elementor-element elementor-element-a005a97 elementor-widget elementor-widget-text-editor\" data-id=\"a005a97\" data-element_type=\"widget\" data-e-type=\"widget\" data-widget_type=\"text-editor.default\">\n\t\t\t\t<div class=\"elementor-widget-container\">\n\t\t\t\t\t\t\t\t\t<p>De Peach Mango smaak van Bang King 15000 biedt een perfecte mix van tropische zoetheid en Franse elegantie. Vanaf het eerste trekje bloeit het zachte aroma van perzik op in de mond, gevolgd door een rijke mangosmaak die een vleugje tropische zonneschijn brengt.<\/p><p>Terwijl je de Bang King 15000 in je hand houdt, trek je er zachtjes aan en adem je een rookwolk uit met de zoete aroma's van perzik en mango, die langzaam vervliegt en het hectische tempo van de moderne stad lijkt te vertragen.<\/p><p>Kenmerken van perzik: Bij het inhaleren is de eerste sensatie het zoete aroma van rijpe, zachte, sappige witte perziken, met een natuurlijke fruitige smaak die lijkt op het vruchtvlees van vers gesneden gele of witte perziken.<\/p><p>Kenmerken van mango: Na het perzikaroma komt de mangosmaak langzaam naar boven, in de richting van een rijpe Alphonso mango, met een licht melkachtige textuur en een rijk, zoet aroma van tropisch fruit.<\/p><p>Zoetzure balans: De mangosmaak heeft een licht zuurtje dat de zoetheid van de perzik in evenwicht brengt, waardoor de smaak diepte krijgt zonder monotoon te worden.<\/p><h2>Grote opslagcapaciteit voor e-vloeistof<\/h2><p>De Bang King 15000 is voorgevuld met 25 ml hoogwaardige nicotine e-liquid, een zeldzame capaciteit voor vergelijkbare producten. Dit zorgt voor een lange levensduur en vermindert de noodzaak om het apparaat vaak te vervangen.<\/p><p>Elke Bang King 15000 e-sigaret biedt tot 15.000 trekjes, veel meer dan de meeste elektronische wegwerpsigaretten op de markt, waardoor het de benchmark is voor ultralange autonomie.<\/p><h2>Verschillende nicotinedoseringen beschikbaar<\/h2><p>Om tegemoet te komen aan de voorkeuren en behoeften van gebruikers om te stoppen met roken, is de Bang King 15000 verkrijgbaar in vier nicotinezoutsterktes: 0 %, 2 %, 3 % en 5 %. Of je nu helemaal wilt stoppen met roken of kiest voor een hogere dosering, je zult zeker de ideale optie vinden.<\/p><p>Deze e-sigaret maakt gebruik van een nieuwe generatie gaasweerstand voor een gelijkmatige verwarming van de e-vloeistof en effici\u00ebnte verneveling. Vergeleken met traditionele weerstanden biedt het fijnere verneveling, rijkere smaak en een groter dampvolume, wat de gebruikerservaring verbetert.<\/p><h2>Milieuvriendelijk, navulbaar ontwerp<\/h2><p>Hij heeft een ge\u00efntegreerde batterij van 550 mAh die snel kan worden opgeladen via USB-C. Dit oplaadbare ontwerp verlengt de levensduur aanzienlijk en is milieuvriendelijker dan wegwerpapparaten, waardoor het voldoet aan de duurzaamheidseisen van moderne gebruikers.<\/p><p>De Bang King 15000 heeft een ergonomisch ontwerp en moderne esthetiek. Het gevoel, de textuur en de esthetiek weerspiegelen de focus op de gebruikerservaring en combineren comfort en stijl.<\/p><p>Ondanks de krachtige functies en grote opslagcapaciteit heeft de Bang King 15000 een compact, draagbaar ontwerp dat gemakkelijk mee te nemen is en geschikt is voor elke levensstijl. Bovendien is hij gemaakt van duurzame materialen, dus hij is valbestendig en gaat lang mee, waardoor langdurig, stabiel gebruik gegarandeerd is.<\/p>\t\t\t\t\t\t\t\t<\/div>\n\t\t\t\t<\/div>\n\t\t\t\t\t<\/div>\n\t\t\t\t<\/div>\n\t\t\t\t<\/div>","protected":false},"excerpt":{"rendered":"<p>La saveur P\u00eache Mangue du Bang King 15000 offre un m\u00e9lange parfait de douceur tropicale et d&rsquo;\u00e9l\u00e9gance fran\u00e7aise. D\u00e8s la premi\u00e8re bouff\u00e9e, l&rsquo;ar\u00f4me onctueux de la p\u00eache s&rsquo;\u00e9panouit en bouche, suivi d&rsquo;une riche saveur de mangue, apportant une touche de soleil tropical. En tenant le Bang King 15000 en main, vous prenez une l\u00e9g\u00e8re bouff\u00e9e, [&hellip;]<\/p>\n","protected":false},"featured_media":6245,"comment_status":"open","ping_status":"closed","template":"","meta":{"site-sidebar-layout":"no-sidebar","site-content-layout":"page-builder","ast-site-content-layout":"normal-width-container","site-content-style":"default","site-sidebar-style":"default","ast-global-header-display":"","ast-banner-title-visibility":"","ast-main-header-display":"","ast-hfb-above-header-display":"","ast-hfb-below-header-display":"","ast-hfb-mobile-header-display":"","site-post-title":"disabled","ast-breadcrumbs-content":"","ast-featured-img":"disabled","footer-sml-layout":"","ast-disable-related-posts":"","theme-transparent-header-meta":"default","adv-header-id-meta":"","stick-header-meta":"default","header-above-stick-meta":"","header-main-stick-meta":"","header-below-stick-meta":"","astra-migrate-meta-layouts":"set","ast-page-background-enabled":"default","ast-page-background-meta":{"desktop":{"background-color":"","background-image":"","background-repeat":"repeat","background-position":"center center","background-size":"auto","background-attachment":"scroll","background-type":"","background-media":"","overlay-type":"","overlay-color":"","overlay-opacity":"","overlay-gradient":""},"tablet":{"background-color":"","background-image":"","background-repeat":"repeat","background-position":"center center","background-size":"auto","background-attachment":"scroll","background-type":"","background-media":"","overlay-type":"","overlay-color":"","overlay-opacity":"","overlay-gradient":""},"mobile":{"background-color":"","background-image":"","background-repeat":"repeat","background-position":"center center","background-size":"auto","background-attachment":"scroll","background-type":"","background-media":"","overlay-type":"","overlay-color":"","overlay-opacity":"","overlay-gradient":""}},"ast-content-background-meta":{"desktop":{"background-color":"var(--ast-global-color-5)","background-image":"","background-repeat":"repeat","background-position":"center center","background-size":"auto","background-attachment":"scroll","background-type":"","background-media":"","overlay-type":"","overlay-color":"","overlay-opacity":"","overlay-gradient":""},"tablet":{"background-color":"var(--ast-global-color-5)","background-image":"","background-repeat":"repeat","background-position":"center center","background-size":"auto","background-attachment":"scroll","background-type":"","background-media":"","overlay-type":"","overlay-color":"","overlay-opacity":"","overlay-gradient":""},"mobile":{"background-color":"var(--ast-global-color-5)","background-image":"","background-repeat":"repeat","background-position":"center center","background-size":"auto","background-attachment":"scroll","background-type":"","background-media":"","overlay-type":"","overlay-color":"","overlay-opacity":"","overlay-gradient":""}}},"product_brand":[52],"product_cat":[56,80,15],"product_tag":[],"class_list":{"0":"post-6458","1":"product","2":"type-product","3":"status-publish","4":"has-post-thumbnail","6":"product_brand-bang-king","7":"product_cat-bang-king-15000-est-equipee-dune-resistance-mesh-nouvelle-generation","8":"product_cat-puff-15k","9":"product_cat-magasin-cigarette-electronique","10":"desktop-align-center","11":"tablet-align-center","12":"mobile-align-center","13":"ast-product-gallery-layout-horizontal","14":"ast-product-gallery-with-no-image","15":"ast-product-single-variable","16":"ast-product-tabs-layout-horizontal","17":"ast-qv-on-image","19":"first","20":"instock","21":"sale","22":"shipping-taxable","23":"purchasable","24":"product-type-variable","25":"has-default-attributes"},"tiered_pricing_type":"fixed","tiered_pricing_fixed_rules":{"50":6.05,"100":5.59},"tiered_pricing_product_settings":{"layout":"default","base_unit_name":{"singular":null,"plural":null},"default_variation":null},"tiered_pricing_minimum_quantity":null,"tiered_pricing_roles_data":[],"tiered_pricing_percentage_rules":[],"_links":{"self":[{"href":"https:\/\/puffvapestore.com\/nl\/wp-json\/wp\/v2\/product\/6458","targetHints":{"allow":["GET"]}}],"collection":[{"href":"https:\/\/puffvapestore.com\/nl\/wp-json\/wp\/v2\/product"}],"about":[{"href":"https:\/\/puffvapestore.com\/nl\/wp-json\/wp\/v2\/types\/product"}],"replies":[{"embeddable":true,"href":"https:\/\/puffvapestore.com\/nl\/wp-json\/wp\/v2\/comments?post=6458"}],"version-history":[{"count":6,"href":"https:\/\/puffvapestore.com\/nl\/wp-json\/wp\/v2\/product\/6458\/revisions"}],"predecessor-version":[{"id":6468,"href":"https:\/\/puffvapestore.com\/nl\/wp-json\/wp\/v2\/product\/6458\/revisions\/6468"}],"wp:featuredmedia":[{"embeddable":true,"href":"https:\/\/puffvapestore.com\/nl\/wp-json\/wp\/v2\/media\/6245"}],"wp:attachment":[{"href":"https:\/\/puffvapestore.com\/nl\/wp-json\/wp\/v2\/media?parent=6458"}],"wp:term":[{"taxonomy":"product_brand","embeddable":true,"href":"https:\/\/puffvapestore.com\/nl\/wp-json\/wp\/v2\/product_brand?post=6458"},{"taxonomy":"product_cat","embeddable":true,"href":"https:\/\/puffvapestore.com\/nl\/wp-json\/wp\/v2\/product_cat?post=6458"},{"taxonomy":"product_tag","embeddable":true,"href":"https:\/\/puffvapestore.com\/nl\/wp-json\/wp\/v2\/product_tag?post=6458"}],"curies":[{"name":"wp","href":"https:\/\/api.w.org\/{rel}","templated":true}]}}