{"id":6444,"date":"2025-08-05T03:52:26","date_gmt":"2025-08-05T03:52:26","guid":{"rendered":"https:\/\/puffvapestore.com\/?post_type=product&#038;p=6444"},"modified":"2026-01-19T10:52:39","modified_gmt":"2026-01-19T10:52:39","slug":"strawberry-watermelon-bang-king-15k-est-tres-populaire-parmi-les-fruitees","status":"publish","type":"product","link":"https:\/\/puffvapestore.com\/nl\/product\/aardbei-watermeloen-bang-king-15k-is-erg-populair-bij-fruittelers\/","title":{"rendered":"Aardbei Watermeloen - Bang King 15000"},"content":{"rendered":"<div data-elementor-type=\"wp-post\" data-elementor-id=\"6444\" class=\"elementor elementor-6444\">\n\t\t\t\t<div class=\"elementor-element elementor-element-08c26f9 e-flex e-con-boxed e-con e-parent\" data-id=\"08c26f9\" data-element_type=\"container\" data-e-type=\"container\">\n\t\t\t\t\t<div class=\"e-con-inner\">\n\t\t\t\t<div class=\"elementor-element elementor-element-a005a97 elementor-widget elementor-widget-text-editor\" data-id=\"a005a97\" data-element_type=\"widget\" data-e-type=\"widget\" data-widget_type=\"text-editor.default\">\n\t\t\t\t<div class=\"elementor-widget-container\">\n\t\t\t\t\t\t\t\t\t<p>Ik opende deze Bang King 15000 e-sigaret met aardbeien watermeloen smaak en nam een trekje. Eerlijk gezegd was het eerste trekje ongelooflijk. De aardbeienzoetheid was authentiek, verre van de goedkope zoetheid van een snoepje, maar eerder het aroma van vers gesneden fruit, met het sap nog aanwezig in het vruchtvlees. De watermeloensmaak volgde, met een verfrissende en perfect uitgebalanceerde smaak, waardoor het trekje niet misselijkmakend was en zelfs licht dorstlessend.<\/p><h2>Tot 15.000 trekjes<\/h2><p>De Bang King 15000 Strawberry Watermelon staat bekend om zijn hoge pufcapaciteit en biedt tot 15K pufjes per elektronische sigaret. Het is een van de elektronische wegwerpsigaretten met de langste levensduur op de markt, waardoor de behoefte aan vervanging drastisch wordt verminderd en gebruikers een plezierige, langdurige ervaring hebben.<\/p><p>Hij is voorzien van een hoogwaardige lithiumbatterij van 550 mAh met USB-C snellaadfunctie, waardoor hij milieuvriendelijk is. Gebruikers kunnen de batterij meerdere keren opladen via USB-C, zodat de batterij lang genoeg meegaat voordat de e-vloeistof op is.<\/p><h2>Grote voorgevulde capaciteit van 25 ml<\/h2><p>Elke Bang King 15000 Strawberry Watermelon elektronische sigaret is voorgevuld met 25 ml van hoge kwaliteit nicotine-gezouten e-vloeistof, een capaciteit onge\u00ebvenaard in zijn categorie. Dit ontwerp verlengt niet alleen de levensduur, maar vermindert ook de nood aan regelmatige vervangingen.<\/p><h2>Verschillende nicotinedoseringen - Naar eigen voorkeur<\/h2><p>Om aan de behoeften van iedere gebruiker te voldoen, is Bang King 15000 Strawberry Watermelon verkrijgbaar in vier nicotinezoutsterktes:<\/p><p>0 % (nicotinevrij)<\/p><p>2 % (licht)<\/p><p>3 % (medium)<\/p><p>5 % (sterk)<\/p><p>Dankzij deze flexibele selectie kunnen gebruikers kiezen op basis van hun plannen om te stoppen met roken of hun gewoonten.<\/p><h2>Mesh weerstandstechnologie - Een zuiverdere verspreiding van aroma's<\/h2><p>De Bang King 15000 Strawberry Watermelon maakt gebruik van een geavanceerde mesh-weerstandsstructuur, die zorgt voor een snellere verwarming en een gelijkmatigere warmteverdeling. Dit maximaliseert de verspreiding van de smaken van de e-liquid, wat een soepele, rijke sensatie en een diepe, rijke hit garandeert bij elke trek.<\/p><p>Deze elektronische sigaret heeft een slank, ergonomisch ontwerp dat comfortabel in de palm van je hand past, zodat je hem zelfs na lange perioden zonder vermoeidheid kunt gebruiken. De robuuste constructie en het zachte gevoel, in combinatie met het minimalistische, moderne ontwerp, maken het geschikt voor een breed scala van toepassingen.<\/p><h2>Draagbaar en duurzaam - altijd en overal een rookervaring<\/h2><p>Ondanks de grote capaciteit heeft de Bang King 15000 Strawberry Watermelon een compact formaat voor optimale draagbaarheid en past hij gemakkelijk in een zak of tas. De robuuste constructie is goed bestand tegen dagelijkse stoten en slijtage, waardoor hij ideaal is voor dagelijks gebruik, op reis of onderweg.<\/p>\t\t\t\t\t\t\t\t<\/div>\n\t\t\t\t<\/div>\n\t\t\t\t\t<\/div>\n\t\t\t\t<\/div>\n\t\t\t\t<\/div>","protected":false},"excerpt":{"rendered":"<p>J&rsquo;ai ouvert cette e-cigarette Bang King 15000 saveur Fraise Past\u00e8que et j&rsquo;ai tir\u00e9 une petite bouff\u00e9e. Honn\u00eatement, la premi\u00e8re bouff\u00e9e \u00e9tait incroyable. La douceur de la fraise \u00e9tait authentique, loin de la douceur bon march\u00e9 d&rsquo;un bonbon, mais plut\u00f4t l&rsquo;ar\u00f4me d&rsquo;un fruit fra\u00eechement coup\u00e9, avec le jus encore pr\u00e9sent \u00e0 la chair. La saveur de [&hellip;]<\/p>\n","protected":false},"featured_media":6250,"comment_status":"open","ping_status":"closed","template":"","meta":{"site-sidebar-layout":"no-sidebar","site-content-layout":"page-builder","ast-site-content-layout":"normal-width-container","site-content-style":"default","site-sidebar-style":"default","ast-global-header-display":"","ast-banner-title-visibility":"","ast-main-header-display":"","ast-hfb-above-header-display":"","ast-hfb-below-header-display":"","ast-hfb-mobile-header-display":"","site-post-title":"disabled","ast-breadcrumbs-content":"","ast-featured-img":"disabled","footer-sml-layout":"","ast-disable-related-posts":"","theme-transparent-header-meta":"default","adv-header-id-meta":"","stick-header-meta":"default","header-above-stick-meta":"","header-main-stick-meta":"","header-below-stick-meta":"","astra-migrate-meta-layouts":"set","ast-page-background-enabled":"default","ast-page-background-meta":{"desktop":{"background-color":"","background-image":"","background-repeat":"repeat","background-position":"center center","background-size":"auto","background-attachment":"scroll","background-type":"","background-media":"","overlay-type":"","overlay-color":"","overlay-opacity":"","overlay-gradient":""},"tablet":{"background-color":"","background-image":"","background-repeat":"repeat","background-position":"center center","background-size":"auto","background-attachment":"scroll","background-type":"","background-media":"","overlay-type":"","overlay-color":"","overlay-opacity":"","overlay-gradient":""},"mobile":{"background-color":"","background-image":"","background-repeat":"repeat","background-position":"center center","background-size":"auto","background-attachment":"scroll","background-type":"","background-media":"","overlay-type":"","overlay-color":"","overlay-opacity":"","overlay-gradient":""}},"ast-content-background-meta":{"desktop":{"background-color":"var(--ast-global-color-5)","background-image":"","background-repeat":"repeat","background-position":"center center","background-size":"auto","background-attachment":"scroll","background-type":"","background-media":"","overlay-type":"","overlay-color":"","overlay-opacity":"","overlay-gradient":""},"tablet":{"background-color":"var(--ast-global-color-5)","background-image":"","background-repeat":"repeat","background-position":"center center","background-size":"auto","background-attachment":"scroll","background-type":"","background-media":"","overlay-type":"","overlay-color":"","overlay-opacity":"","overlay-gradient":""},"mobile":{"background-color":"var(--ast-global-color-5)","background-image":"","background-repeat":"repeat","background-position":"center center","background-size":"auto","background-attachment":"scroll","background-type":"","background-media":"","overlay-type":"","overlay-color":"","overlay-opacity":"","overlay-gradient":""}}},"product_brand":[52],"product_cat":[56,80,15],"product_tag":[],"class_list":{"0":"post-6444","1":"product","2":"type-product","3":"status-publish","4":"has-post-thumbnail","6":"product_brand-bang-king","7":"product_cat-bang-king-15000-est-equipee-dune-resistance-mesh-nouvelle-generation","8":"product_cat-puff-15k","9":"product_cat-magasin-cigarette-electronique","10":"desktop-align-center","11":"tablet-align-center","12":"mobile-align-center","13":"ast-product-gallery-layout-horizontal","14":"ast-product-gallery-with-no-image","15":"ast-product-single-variable","16":"ast-product-tabs-layout-horizontal","17":"ast-qv-on-image","19":"first","20":"instock","21":"sale","22":"shipping-taxable","23":"purchasable","24":"product-type-variable","25":"has-default-attributes"},"tiered_pricing_type":"fixed","tiered_pricing_fixed_rules":{"50":6.05,"100":5.59},"tiered_pricing_product_settings":{"layout":"default","base_unit_name":{"singular":null,"plural":null},"default_variation":null},"tiered_pricing_minimum_quantity":null,"tiered_pricing_roles_data":[],"tiered_pricing_percentage_rules":[],"_links":{"self":[{"href":"https:\/\/puffvapestore.com\/nl\/wp-json\/wp\/v2\/product\/6444","targetHints":{"allow":["GET"]}}],"collection":[{"href":"https:\/\/puffvapestore.com\/nl\/wp-json\/wp\/v2\/product"}],"about":[{"href":"https:\/\/puffvapestore.com\/nl\/wp-json\/wp\/v2\/types\/product"}],"replies":[{"embeddable":true,"href":"https:\/\/puffvapestore.com\/nl\/wp-json\/wp\/v2\/comments?post=6444"}],"version-history":[{"count":6,"href":"https:\/\/puffvapestore.com\/nl\/wp-json\/wp\/v2\/product\/6444\/revisions"}],"predecessor-version":[{"id":6454,"href":"https:\/\/puffvapestore.com\/nl\/wp-json\/wp\/v2\/product\/6444\/revisions\/6454"}],"wp:featuredmedia":[{"embeddable":true,"href":"https:\/\/puffvapestore.com\/nl\/wp-json\/wp\/v2\/media\/6250"}],"wp:attachment":[{"href":"https:\/\/puffvapestore.com\/nl\/wp-json\/wp\/v2\/media?parent=6444"}],"wp:term":[{"taxonomy":"product_brand","embeddable":true,"href":"https:\/\/puffvapestore.com\/nl\/wp-json\/wp\/v2\/product_brand?post=6444"},{"taxonomy":"product_cat","embeddable":true,"href":"https:\/\/puffvapestore.com\/nl\/wp-json\/wp\/v2\/product_cat?post=6444"},{"taxonomy":"product_tag","embeddable":true,"href":"https:\/\/puffvapestore.com\/nl\/wp-json\/wp\/v2\/product_tag?post=6444"}],"curies":[{"name":"wp","href":"https:\/\/api.w.org\/{rel}","templated":true}]}}