{"id":6385,"date":"2025-08-04T05:07:36","date_gmt":"2025-08-04T05:07:36","guid":{"rendered":"https:\/\/puffvapestore.com\/?post_type=product&#038;p=6385"},"modified":"2026-01-19T10:52:39","modified_gmt":"2026-01-19T10:52:39","slug":"bang-king-15000-double-pomme-sinspire-de-la-chicha-classique-double-pomme","status":"publish","type":"product","link":"https:\/\/puffvapestore.com\/nl\/product\/bang-king-15000-dubbele-appel-sinspire-van-de-klassieke-dubbele-appel-shisha\/","title":{"rendered":"Bang King 15000 - Dubbele appel"},"content":{"rendered":"<div data-elementor-type=\"wp-post\" data-elementor-id=\"6385\" class=\"elementor elementor-6385\">\n\t\t\t\t<div class=\"elementor-element elementor-element-08c26f9 e-flex e-con-boxed e-con e-parent\" data-id=\"08c26f9\" data-element_type=\"container\" data-e-type=\"container\">\n\t\t\t\t\t<div class=\"e-con-inner\">\n\t\t\t\t<div class=\"elementor-element elementor-element-a005a97 elementor-widget elementor-widget-text-editor\" data-id=\"a005a97\" data-element_type=\"widget\" data-e-type=\"widget\" data-widget_type=\"text-editor.default\">\n\t\t\t\t<div class=\"elementor-widget-container\">\n\t\t\t\t\t\t\t\t\t<p>Bang King 15000 Double Apple is een smaak voor elektronische sigaretten ge\u00efnspireerd op de klassieke Double Apple shisha, een smaak die populair is bij shisha liefhebbers in het Midden-Oosten en over de hele wereld.<\/p><h2>Fruitige aroma's<\/h2><h3>Een evenwichtige combinatie van rode en groene appels:<\/h3><p>De eerste inhalatie onthult een knapperige, licht wrange smaak van groene appel. Het zoete, zachte aroma van rode appel openbaart zich geleidelijk, waardoor een zoetzuur appelduo ontstaat dat van nature verfrissend is.<\/p><p>De smaak is authentiek, dicht bij het fruitige aroma van een vers gesneden appel, zonder de overdreven zoetheid van kunstmatige sappen.<\/p><h2>Een gevoel van frisheid<\/h2><h3>Subtiele, muntachtige afdronk:<\/h3><p>Kort na het inhaleren verspreidt zich een zachte frisheid door de keel en neusholtes, waardoor een verfrissend zuivere inhalatie-ervaring ontstaat.<\/p><p>Deze frisse sensatie is geen sterk, ijskoud trekje, maar eerder een aangename, frisse, niet-acrobatische ervaring, vergelijkbaar met de kruidige, muntachtige aroma's van traditionele chichas.<\/p><h2>Kruidenbasisnoten<\/h2><h3>Subtiele tonen van anijs en zoethout:<\/h3><p>Deze subtiele noot overheerst de fruitige appelsmaak niet, maar dient eerder als basis en voegt complexiteit en een exotische smaak toe.<\/p><p>Dit geeft de algehele smaak een complexer gevoel, in tegenstelling tot een eenvoudige fruitige smaak die doet denken aan chicha.<\/p><h2>Specificaties van de Bang King 15000 Double Apple<\/h2><p>Trekjes: Elke elektronische sigaret Bang King 15000 Double Apple kan tot 15.000 trekjes bevatten.<\/p><p>Ge\u00efntegreerde batterij: Ca. 550 mAh, oplaadbaar via USB-C poort.<\/p><p>Voorgevulde e-vloeistof: inhoud ca. 25 ml.<\/p><p>Weerstandstype: Mesh-weerstand voor gelijkmatige verstuiving en stabiele verwarming.<\/p><h2>Verschillende nicotinedoseringen verkrijgbaar.<\/h2><p>De Bang King 15000 Double Apple biedt vier doseringen nicotinezout: 0 %, 2 %, 3 % en 5 %, om aan de behoeften van elke gebruiker te voldoen. Of je nicotine nu helemaal wilt vermijden of de voorkeur geeft aan een intensere ervaring, je vindt altijd de dosering die bij je past. Dankzij deze flexibiliteit kunnen gebruikers hun nicotine-inname aanpassen aan hun persoonlijke behoeften of geleidelijk afbouwen voor een persoonlijke ervaring.<\/p><h2>Draagbaar en duurzaam ontwerp<\/h2><p>Deze elektronische sigaret heeft een draagbaar ontwerp en een lichtgewicht behuizing, waardoor hij gemakkelijk mee te nemen is. Voor woon-werkverkeer of lange reizen, hij past gemakkelijk in een zak of rugzak. De behuizing van de Bang King 15000 is gemaakt van zorgvuldig geselecteerde materialen, waardoor het een duurzame structuur heeft die bestand is tegen schokken en slijtage door dagelijks gebruik, waardoor betrouwbaarheid op lange termijn gegarandeerd is.<\/p><h2>Milieuvriendelijk navulbaar ontwerp<\/h2><p>De Bang King 15000 Double Apple is uitgerust met een type C snellaadpoort, die garant staat voor snel opladen en compatibiliteit met moderne elektronische apparaten. Gebruikers kunnen hun apparaat altijd en overal opladen. Vergeleken met traditionele elektronische wegwerpsigaretten vermindert dit oplaadbare ontwerp de hoeveelheid afval aanzienlijk en verlengt het de levensduur van het apparaat, waardoor het de milieuprincipes respecteert en bijdraagt aan duurzame ontwikkeling.<\/p><h2>Verstelbare luchtstroom<\/h2><p>De elektronische sigaret heeft een instelbaar luchtstroomsysteem, waardoor gebruikers de inhalatieweerstand vrij kunnen aanpassen aan hun voorkeuren, van een stevige inhalatie tot een lichte.<\/p><h2>Elegant, ergonomisch ontwerp<\/h2><p>De Bang King 15000 legt de nadruk op functionaliteit en heeft een modern ontwerp met strakke lijnen en een verscheidenheid aan kleuren die passen bij de esthetische voorkeuren van elke gebruiker. Het ergonomische ontwerp zorgt voor een comfortabele grip en moeiteloos gebruik, zelfs na lange perioden.<\/p>\t\t\t\t\t\t\t\t<\/div>\n\t\t\t\t<\/div>\n\t\t\t\t\t<\/div>\n\t\t\t\t<\/div>\n\t\t\t\t<\/div>","protected":false},"excerpt":{"rendered":"<p>La Bang King 15000 Double Pomme est une saveur de cigarette \u00e9lectronique inspir\u00e9e de la chicha classique Double Pomme, un ar\u00f4me populaire aupr\u00e8s des amateurs de chicha au Moyen-Orient et dans le monde entier. Ar\u00f4mes fruit\u00e9s Une combinaison \u00e9quilibr\u00e9e de pommes rouges et vertes\u00a0: L&rsquo;inhalation initiale r\u00e9v\u00e8le une saveur de pomme verte croquante, l\u00e9g\u00e8rement acidul\u00e9e. [&hellip;]<\/p>\n","protected":false},"featured_media":6241,"comment_status":"open","ping_status":"closed","template":"","meta":{"site-sidebar-layout":"no-sidebar","site-content-layout":"page-builder","ast-site-content-layout":"normal-width-container","site-content-style":"default","site-sidebar-style":"default","ast-global-header-display":"","ast-banner-title-visibility":"","ast-main-header-display":"","ast-hfb-above-header-display":"","ast-hfb-below-header-display":"","ast-hfb-mobile-header-display":"","site-post-title":"disabled","ast-breadcrumbs-content":"","ast-featured-img":"disabled","footer-sml-layout":"","ast-disable-related-posts":"","theme-transparent-header-meta":"default","adv-header-id-meta":"","stick-header-meta":"default","header-above-stick-meta":"","header-main-stick-meta":"","header-below-stick-meta":"","astra-migrate-meta-layouts":"set","ast-page-background-enabled":"default","ast-page-background-meta":{"desktop":{"background-color":"","background-image":"","background-repeat":"repeat","background-position":"center center","background-size":"auto","background-attachment":"scroll","background-type":"","background-media":"","overlay-type":"","overlay-color":"","overlay-opacity":"","overlay-gradient":""},"tablet":{"background-color":"","background-image":"","background-repeat":"repeat","background-position":"center center","background-size":"auto","background-attachment":"scroll","background-type":"","background-media":"","overlay-type":"","overlay-color":"","overlay-opacity":"","overlay-gradient":""},"mobile":{"background-color":"","background-image":"","background-repeat":"repeat","background-position":"center center","background-size":"auto","background-attachment":"scroll","background-type":"","background-media":"","overlay-type":"","overlay-color":"","overlay-opacity":"","overlay-gradient":""}},"ast-content-background-meta":{"desktop":{"background-color":"var(--ast-global-color-5)","background-image":"","background-repeat":"repeat","background-position":"center center","background-size":"auto","background-attachment":"scroll","background-type":"","background-media":"","overlay-type":"","overlay-color":"","overlay-opacity":"","overlay-gradient":""},"tablet":{"background-color":"var(--ast-global-color-5)","background-image":"","background-repeat":"repeat","background-position":"center center","background-size":"auto","background-attachment":"scroll","background-type":"","background-media":"","overlay-type":"","overlay-color":"","overlay-opacity":"","overlay-gradient":""},"mobile":{"background-color":"var(--ast-global-color-5)","background-image":"","background-repeat":"repeat","background-position":"center center","background-size":"auto","background-attachment":"scroll","background-type":"","background-media":"","overlay-type":"","overlay-color":"","overlay-opacity":"","overlay-gradient":""}}},"product_brand":[52],"product_cat":[56,80,15],"product_tag":[],"class_list":{"0":"post-6385","1":"product","2":"type-product","3":"status-publish","4":"has-post-thumbnail","6":"product_brand-bang-king","7":"product_cat-bang-king-15000-est-equipee-dune-resistance-mesh-nouvelle-generation","8":"product_cat-puff-15k","9":"product_cat-magasin-cigarette-electronique","10":"desktop-align-center","11":"tablet-align-center","12":"mobile-align-center","13":"ast-product-gallery-layout-horizontal","14":"ast-product-gallery-with-no-image","15":"ast-product-single-variable","16":"ast-product-tabs-layout-horizontal","17":"ast-qv-on-image","19":"first","20":"instock","21":"sale","22":"shipping-taxable","23":"purchasable","24":"product-type-variable","25":"has-default-attributes"},"tiered_pricing_type":"fixed","tiered_pricing_fixed_rules":{"50":6.05,"100":5.59},"tiered_pricing_product_settings":{"layout":"default","base_unit_name":{"singular":null,"plural":null},"default_variation":null},"tiered_pricing_minimum_quantity":null,"tiered_pricing_roles_data":[],"tiered_pricing_percentage_rules":[],"_links":{"self":[{"href":"https:\/\/puffvapestore.com\/nl\/wp-json\/wp\/v2\/product\/6385","targetHints":{"allow":["GET"]}}],"collection":[{"href":"https:\/\/puffvapestore.com\/nl\/wp-json\/wp\/v2\/product"}],"about":[{"href":"https:\/\/puffvapestore.com\/nl\/wp-json\/wp\/v2\/types\/product"}],"replies":[{"embeddable":true,"href":"https:\/\/puffvapestore.com\/nl\/wp-json\/wp\/v2\/comments?post=6385"}],"version-history":[{"count":6,"href":"https:\/\/puffvapestore.com\/nl\/wp-json\/wp\/v2\/product\/6385\/revisions"}],"predecessor-version":[{"id":6395,"href":"https:\/\/puffvapestore.com\/nl\/wp-json\/wp\/v2\/product\/6385\/revisions\/6395"}],"wp:featuredmedia":[{"embeddable":true,"href":"https:\/\/puffvapestore.com\/nl\/wp-json\/wp\/v2\/media\/6241"}],"wp:attachment":[{"href":"https:\/\/puffvapestore.com\/nl\/wp-json\/wp\/v2\/media?parent=6385"}],"wp:term":[{"taxonomy":"product_brand","embeddable":true,"href":"https:\/\/puffvapestore.com\/nl\/wp-json\/wp\/v2\/product_brand?post=6385"},{"taxonomy":"product_cat","embeddable":true,"href":"https:\/\/puffvapestore.com\/nl\/wp-json\/wp\/v2\/product_cat?post=6385"},{"taxonomy":"product_tag","embeddable":true,"href":"https:\/\/puffvapestore.com\/nl\/wp-json\/wp\/v2\/product_tag?post=6385"}],"curies":[{"name":"wp","href":"https:\/\/api.w.org\/{rel}","templated":true}]}}