{"id":6184,"date":"2025-08-02T03:42:18","date_gmt":"2025-08-02T03:42:18","guid":{"rendered":"https:\/\/puffvapestore.com\/?post_type=product&#038;p=6184"},"modified":"2026-01-19T10:36:11","modified_gmt":"2026-01-19T10:36:11","slug":"red-bull-watermelon-bubble-candy-bang-king-30k-un-gout-sucre-et-rafraichissant","status":"publish","type":"product","link":"https:\/\/puffvapestore.com\/nl\/product\/red-bull-watermeloen-bubbelsnoepje-bang-king-30k-een-zoete-en-verfrissende-smaak\/","title":{"rendered":"Red Bull &amp; Watermeloen Bubbelsnoepje - Bang King 30000 Dubbele Smaak"},"content":{"rendered":"<div data-elementor-type=\"wp-post\" data-elementor-id=\"6184\" class=\"elementor elementor-6184\">\n\t\t\t\t<div class=\"elementor-element elementor-element-08c26f9 e-flex e-con-boxed e-con e-parent\" data-id=\"08c26f9\" data-element_type=\"container\" data-e-type=\"container\">\n\t\t\t\t\t<div class=\"e-con-inner\">\n\t\t\t\t<div class=\"elementor-element elementor-element-a005a97 elementor-widget elementor-widget-text-editor\" data-id=\"a005a97\" data-element_type=\"widget\" data-e-type=\"widget\" data-widget_type=\"text-editor.default\">\n\t\t\t\t<div class=\"elementor-widget-container\">\n\t\t\t\t\t\t\t\t\t<p>De combinatie \u00abWatermelon en Red Bull Bubbles\u00bb in de elektronische sigaretten BangKing30K laat je twee totaal verschillende smaken ontdekken: een verfrissende energiedrank en een fruitige, zoete en leuke kauwgomsmaak.<\/p><h2>Smaak 1: Red Bull (energiedrank smaak)<\/h2><p>De eerste sensatie is de licht zoetzure, koolzuursmaak die typisch is voor klassieke energiedrankjes. Hoewel er geen echte bubbels zijn, simuleert het \u00abgeborrel\u00bb van de rook de sensatie van een ijskoude Red Bull.<\/p><p><strong>Zoet-pittige verhouding<\/strong><br \/>De zoetheid is duidelijk aanwezig, maar niet overdreven, vergezeld van een verfrissend zuurtje, alsof de toevoeging van citroen de smaak heeft versterkt, waardoor de algehele smaak lichter en energieker is geworden.<\/p><p><strong>Subtiele nasmaak<\/strong><br \/>Het lichte karamel- of moutaroma verdikt de rokerige textuur en verdwijnt langzaam, waardoor een gevoel van frisheid achterblijft dat een blijvende indruk achterlaat.<\/p><h2>Smaak 2: Watermeloensnoepjes<\/h2><p><strong>Een zoete rook komt in de mond<\/strong><br \/>Vanaf het eerste vleugje ruik je het frisse, sappige aroma van watermeloen - een beetje zoals plakjes watermeloen vers uit de koelkast, zoet, waterig en helder.<\/p><p><strong>De zoete sensatie van kauwgom<\/strong><br \/>Dan wordt de zoetheid omhuld door een nostalgisch kauwgomaroma - meer uitgesproken, zonder vettig te zijn, met een lichte rondheid van synthetisch snoep, zoals de kauwgom die ik vroeger als kind verslond.<\/p><p><strong>Smaakniveau<\/strong><br \/>Het natuurlijke fruitige aroma van watermeloen en de kunstmatige zoetheid van kauwgom gaan harmonieus samen. Het contrast is subtiel maar duidelijk, zodat de zoetheid in de mond snel verandert van \u00abnatuurlijk\u00bb naar \u2019kinderlijk\u00ab, wat zorgt voor een plezierige smaakervaring.<\/p><p><strong>Verfrissende nasmaak<\/strong><br \/>De afdronk is nog steeds licht fris, als een mix van watermeloenijs en kauwgom, met een vleugje frisheid.<\/p><h2>Scenario's voor het gebruik van smaken<\/h2><p>Ochtend of vermoeidheid: kies de Red Bull smaak om je zintuigen en geest direct wakker te maken.<\/p><p>Als je vrij, ontspannen of nostalgisch bent: kies voor de Watermelon Bubble Candy smaak om te genieten van zoet fruit en kauwgom.<\/p><h2>Dubbele smaak, dubbele ervaring<\/h2><p>De Bang King 30000 Red Bull &amp; Watermelon Bubble Candy heeft een innovatief systeem met twee smaken, zodat je op elk moment van de ene naar de andere smaak kunt overschakelen.<\/p><p>De 36 ml e-vloeistoftank, die veel groter is dan bij conventionele producten, zorgt voor een volledige, soepele inhalatie, waardoor je minder vaak hoeft te verversen en een langdurig gebruik garandeert.<\/p><h2>Talrijke trekjes: tot 30.000 trekjes<\/h2><p>De Bang King 30000 Red Bull &amp; Watermelon Bubble Candy biedt tot 30K trekjes, langer dan traditionele elektronische wegwerpsigaretten. Het is de ideale keuze voor intensieve gebruikers die hun apparatuur niet vaak hoeven te vervangen.<\/p><p>Ingebouwde oplaadbare lithiumbatterij van 550 mAh met USB-C snellaadinterface voor effici\u00ebnter, veiliger en stabieler opladen en langer gebruik. Dankzij het energiebeheersysteem gaan de batterij langer mee en is het opladen effici\u00ebnter.<\/p><h2>Verwarmde netstructuur, rijke smaak<\/h2><p>De Bang King 30000 Red Bull &amp; Watermelon Bubble Candy maakt gebruik van een geavanceerde 1.0 \u03a9 Mesh Coil (Mesh Coil) verstuivingsspoel, die de verstuivingseffici\u00ebntie drastisch verbetert, de rook delicater maakt en de smaak zuiverder, terwijl het grote rookvolume en de delicate smaak worden opgevangen, voor een bijna echte sigarettevredenheid.<\/p><p>Er zijn vier niveaus van nicotineconcentratie (0 %, 2 %, 3 % en 5 %) beschikbaar om te voldoen aan de verschillende behoeften van gebruikers die de overgang naar stoppen met roken maken en zware rokers, en hen in staat te stellen om vrij de intensiteit te kiezen die bij hen past.<\/p><p>De Bang King 30000 heeft strakke lijnen, een comfortabel gevoel en optimale lichtheid en draagbaarheid, ideaal voor dagelijks gebruik of op reis.<\/p>\t\t\t\t\t\t\t\t<\/div>\n\t\t\t\t<\/div>\n\t\t\t\t\t<\/div>\n\t\t\t\t<\/div>\n\t\t\t\t<\/div>","protected":false},"excerpt":{"rendered":"<p>La combinaison \u00ab\u00a0Bonbons Bubbles Past\u00e8que et Red Bull\u00a0\u00bb des cigarettes \u00e9lectroniques BangKing30K vous permet de d\u00e9couvrir deux saveurs compl\u00e8tement diff\u00e9rentes\u00a0: une boisson \u00e9nergisante rafra\u00eechissante et une saveur fruit\u00e9e et sucr\u00e9e et amusante de chewing-gum. Saveur 1\u00a0: Red Bull (saveur boisson \u00e9nergisante) La premi\u00e8re sensation ressentie est le l\u00e9ger go\u00fbt aigre-doux et acide carbonique propre aux [&hellip;]<\/p>\n","protected":false},"featured_media":5977,"comment_status":"open","ping_status":"closed","template":"","meta":{"site-sidebar-layout":"no-sidebar","site-content-layout":"page-builder","ast-site-content-layout":"normal-width-container","site-content-style":"default","site-sidebar-style":"default","ast-global-header-display":"","ast-banner-title-visibility":"","ast-main-header-display":"","ast-hfb-above-header-display":"","ast-hfb-below-header-display":"","ast-hfb-mobile-header-display":"","site-post-title":"disabled","ast-breadcrumbs-content":"","ast-featured-img":"disabled","footer-sml-layout":"","ast-disable-related-posts":"","theme-transparent-header-meta":"default","adv-header-id-meta":"","stick-header-meta":"default","header-above-stick-meta":"","header-main-stick-meta":"","header-below-stick-meta":"","astra-migrate-meta-layouts":"set","ast-page-background-enabled":"default","ast-page-background-meta":{"desktop":{"background-color":"","background-image":"","background-repeat":"repeat","background-position":"center center","background-size":"auto","background-attachment":"scroll","background-type":"","background-media":"","overlay-type":"","overlay-color":"","overlay-opacity":"","overlay-gradient":""},"tablet":{"background-color":"","background-image":"","background-repeat":"repeat","background-position":"center center","background-size":"auto","background-attachment":"scroll","background-type":"","background-media":"","overlay-type":"","overlay-color":"","overlay-opacity":"","overlay-gradient":""},"mobile":{"background-color":"","background-image":"","background-repeat":"repeat","background-position":"center center","background-size":"auto","background-attachment":"scroll","background-type":"","background-media":"","overlay-type":"","overlay-color":"","overlay-opacity":"","overlay-gradient":""}},"ast-content-background-meta":{"desktop":{"background-color":"var(--ast-global-color-5)","background-image":"","background-repeat":"repeat","background-position":"center center","background-size":"auto","background-attachment":"scroll","background-type":"","background-media":"","overlay-type":"","overlay-color":"","overlay-opacity":"","overlay-gradient":""},"tablet":{"background-color":"var(--ast-global-color-5)","background-image":"","background-repeat":"repeat","background-position":"center center","background-size":"auto","background-attachment":"scroll","background-type":"","background-media":"","overlay-type":"","overlay-color":"","overlay-opacity":"","overlay-gradient":""},"mobile":{"background-color":"var(--ast-global-color-5)","background-image":"","background-repeat":"repeat","background-position":"center center","background-size":"auto","background-attachment":"scroll","background-type":"","background-media":"","overlay-type":"","overlay-color":"","overlay-opacity":"","overlay-gradient":""}}},"product_brand":[52],"product_cat":[55,86,15],"product_tag":[],"class_list":{"0":"post-6184","1":"product","2":"type-product","3":"status-publish","4":"has-post-thumbnail","6":"product_brand-bang-king","7":"product_cat-bang-king-30000-double-saveur-offre-jusqua-36ml-de-liquide","8":"product_cat-puff-30k","9":"product_cat-magasin-cigarette-electronique","10":"desktop-align-center","11":"tablet-align-center","12":"mobile-align-center","13":"ast-product-gallery-layout-horizontal","14":"ast-product-gallery-with-no-image","15":"ast-product-single-variable","16":"ast-product-tabs-layout-horizontal","17":"ast-qv-on-image","19":"first","20":"instock","21":"sale","22":"shipping-taxable","23":"purchasable","24":"product-type-variable","25":"has-default-attributes"},"tiered_pricing_type":"fixed","tiered_pricing_fixed_rules":{"50":7.33,"100":6.66},"tiered_pricing_product_settings":{"layout":"default","base_unit_name":{"singular":null,"plural":null},"default_variation":null},"tiered_pricing_minimum_quantity":null,"tiered_pricing_roles_data":[],"tiered_pricing_percentage_rules":[],"_links":{"self":[{"href":"https:\/\/puffvapestore.com\/nl\/wp-json\/wp\/v2\/product\/6184","targetHints":{"allow":["GET"]}}],"collection":[{"href":"https:\/\/puffvapestore.com\/nl\/wp-json\/wp\/v2\/product"}],"about":[{"href":"https:\/\/puffvapestore.com\/nl\/wp-json\/wp\/v2\/types\/product"}],"replies":[{"embeddable":true,"href":"https:\/\/puffvapestore.com\/nl\/wp-json\/wp\/v2\/comments?post=6184"}],"version-history":[{"count":8,"href":"https:\/\/puffvapestore.com\/nl\/wp-json\/wp\/v2\/product\/6184\/revisions"}],"predecessor-version":[{"id":6630,"href":"https:\/\/puffvapestore.com\/nl\/wp-json\/wp\/v2\/product\/6184\/revisions\/6630"}],"wp:featuredmedia":[{"embeddable":true,"href":"https:\/\/puffvapestore.com\/nl\/wp-json\/wp\/v2\/media\/5977"}],"wp:attachment":[{"href":"https:\/\/puffvapestore.com\/nl\/wp-json\/wp\/v2\/media?parent=6184"}],"wp:term":[{"taxonomy":"product_brand","embeddable":true,"href":"https:\/\/puffvapestore.com\/nl\/wp-json\/wp\/v2\/product_brand?post=6184"},{"taxonomy":"product_cat","embeddable":true,"href":"https:\/\/puffvapestore.com\/nl\/wp-json\/wp\/v2\/product_cat?post=6184"},{"taxonomy":"product_tag","embeddable":true,"href":"https:\/\/puffvapestore.com\/nl\/wp-json\/wp\/v2\/product_tag?post=6184"}],"curies":[{"name":"wp","href":"https:\/\/api.w.org\/{rel}","templated":true}]}}