{"id":6173,"date":"2025-08-01T12:31:43","date_gmt":"2025-08-01T12:31:43","guid":{"rendered":"https:\/\/puffvapestore.com\/?post_type=product&#038;p=6173"},"modified":"2026-01-19T10:36:11","modified_gmt":"2026-01-19T10:36:11","slug":"strawberry-kiwi-sour-apple-raspberry-bang-king-30k-allie-un-arome-fruite-doux","status":"publish","type":"product","link":"https:\/\/puffvapestore.com\/nl\/product\/aardbei-kiwi-zure-appel-framboos-bang-king-30k-combineert-een-zoetig-fruitig-aroma-met-een-fruitige-smaak\/","title":{"rendered":"Aardbei Kiwi &amp; Zure Appel Framboos - Bang King 30000 Dubbele Smaak"},"content":{"rendered":"<div data-elementor-type=\"wp-post\" data-elementor-id=\"6173\" class=\"elementor elementor-6173\">\n\t\t\t\t<div class=\"elementor-element elementor-element-08c26f9 e-flex e-con-boxed e-con e-parent\" data-id=\"08c26f9\" data-element_type=\"container\" data-e-type=\"container\">\n\t\t\t\t\t<div class=\"e-con-inner\">\n\t\t\t\t<div class=\"elementor-element elementor-element-a005a97 elementor-widget elementor-widget-text-editor\" data-id=\"a005a97\" data-element_type=\"widget\" data-e-type=\"widget\" data-widget_type=\"text-editor.default\">\n\t\t\t\t<div class=\"elementor-widget-container\">\n\t\t\t\t\t\t\t\t\t<p>De smaakcombinatie \u00abStrawberry Kiwi &amp; Acidulated Apple Raspberry\u00bb in de elektronische sigaret BangKing30K cre\u00ebert een unieke, subtiele, bitterzoete ervaring, waardoor je op elk moment kunt vari\u00ebren in genot: zoet fruitig aroma en stimulerend zuurtje.<\/p><h2>Smaak 1: Aardbei Kiwi<\/h2><p><strong>Eerste inademing<\/strong><br \/>De zoetheid en sappigheid van aardbeien zijn aanwezig, net als een vers geplukte rijpe aardbei, waardoor je meteen een warme, zoete fruitsmaak krijgt.<\/p><p><strong>Zoet en zuur evenwicht in het midden van het gehemelte<\/strong><br \/>Dit wordt gevolgd door de lichte zuurgraad en het fruitige aroma van de kiwi, die een vleugje friszuur aan het geheel toevoegt en de zoetheid van de aardbeien neutraliseert, waardoor het geheel complexer wordt.<\/p><p><strong>Verfrissende afdronk<\/strong><br \/>De afdronk biedt een lichte sensatie van frisheid en laat een verfrissende afdronk achter in de mond, niet te sterk of overheersend, zeer evenwichtig en natuurlijk.<\/p><h3>Samenvatting van smaakkenmerken<\/h3><p>Matige zoetheid, rijk fruitig aroma<\/p><p>Milde, niet-irriterende wrangheid<\/p><h2>Smaak 2: Appel-framboos<\/h2><p><strong>Een pittige aanval<\/strong><br \/>De scherpe zuurheid van knapperig zure appels is het eerste wat je opvalt, en het zoete vruchtvlees geeft de indruk dat je in een koude groene appel bijt, waardoor je smaakpapillen meteen geprikkeld worden.<\/p><p><strong>Frambozensmaak in het midden en aan het einde van de mond<\/strong><br \/>Terwijl het zuur van de appel in de mond blijft hangen, ontwikkelt zich een licht frambozenaroma, dat zorgt voor een zachter fruitig zuurtje en warme smaken van rood fruit, zoals het zuur van de appel en het zoet van de framboos die in de mond dansen.<\/p><p><strong>Zuurgraad en balans<\/strong><br \/>De toevoeging van frambozen verzacht de zuurgraad van de appel niet, maar voegt een vleugje zoet toe, waardoor de algehele zuurgraad hoog is, niet scherp of doordringend, maar wrang en smaakvol.<\/p><p><strong>Nasmaak<\/strong><br \/>Het fruitige aroma verspreidt zich door de rook en laat een zoetzure nasmaak achter in de mond, als een zoetzuur sapje.<\/p><h3>Kan worden gebruikt in een groot aantal contexten<\/h3><p>Voor een zoete, fruitige smaak kies je Strawberry Kiwi voor een verfrissende balans.<\/p><p>Op zoek naar stimulatie en verfrissing? Schakel met \u00e9\u00e9n klik over naar de pittige appel-framboos smaak en voel direct de zuurgraad.<\/p><h2>Dubbele smaak, dubbele ervaring<\/h2><p>De Bang King 30000 Strawberry Kiwi &amp; Sour Apple Raspberry heeft een innovatief systeem met twee smaken, zodat je op elk moment van de ene naar de andere smaak kunt overschakelen.<\/p><p>De 36 ml e-vloeistoftank, die veel groter is dan bij conventionele producten, zorgt voor een volledige, soepele inhalatie, waardoor je minder vaak hoeft te verversen en een langdurig gebruik garandeert.<\/p><h2>Talrijke trekjes: tot 30.000 trekjes<\/h2><p>De Bang King 30000 Strawberry Kiwi &amp; Sour Apple Raspberry biedt tot 30K trekjes, langer dan traditionele elektronische wegwerpsigaretten. Het is de ideale keuze voor intensieve gebruikers die hun apparatuur niet vaak hoeven te vervangen.<\/p><p>Ingebouwde oplaadbare lithiumbatterij van 550 mAh met USB-C snellaadinterface voor effici\u00ebnter, veiliger en stabieler opladen en langer gebruik. Dankzij het energiebeheersysteem gaan de batterij langer mee en is het opladen effici\u00ebnter.<\/p><h2>Verwarmde netstructuur, rijke smaak<\/h2><p>De Bang King 30000 Strawberry Kiwi &amp; Sour Apple Raspberry maakt gebruik van een geavanceerde 1.0 \u03a9 Mesh Coil (Mesh Coil) verstuivingsspoel, die de verstuivingseffici\u00ebntie drastisch verbetert, de rook delicater maakt en de smaak zuiverder, terwijl het grote rookvolume en de delicate smaak worden opgevangen, voor een bijna echte sigarettevredenheid.<\/p><p>Er zijn vier niveaus van nicotineconcentratie (0 %, 2 %, 3 % en 5 %) beschikbaar om te voldoen aan de verschillende behoeften van gebruikers die de overgang naar stoppen met roken maken en zware rokers, en hen in staat te stellen om vrij de intensiteit te kiezen die bij hen past.<\/p><p>De Bang King 30000 Strawberry Kiwi &amp; Sour Apple Raspberry heeft strakke lijnen, een comfortabel gevoel en optimale lichtheid en draagbaarheid, ideaal voor dagelijks gebruik of op reis.<\/p>\t\t\t\t\t\t\t\t<\/div>\n\t\t\t\t<\/div>\n\t\t\t\t\t<\/div>\n\t\t\t\t<\/div>\n\t\t\t\t<\/div>","protected":false},"excerpt":{"rendered":"<p>La combinaison de saveurs \u00ab Fraise Kiwi &amp; Pomme Acidul\u00e9e Framboise \u00bb de la cigarette \u00e9lectronique BangKing30K cr\u00e9e une exp\u00e9rience unique, aigre-douce et subtile, vous permettant de varier les plaisirs \u00e0 tout moment\u00a0: ar\u00f4me fruit\u00e9 doux et acidit\u00e9 stimulante. Ar\u00f4me 1\u00a0: Fraise Kiwi Premi\u00e8re inhalationLa douceur et la jutosit\u00e9 des fraises sont pr\u00e9sentes, comme une [&hellip;]<\/p>\n","protected":false},"featured_media":5980,"comment_status":"open","ping_status":"closed","template":"","meta":{"site-sidebar-layout":"no-sidebar","site-content-layout":"page-builder","ast-site-content-layout":"normal-width-container","site-content-style":"default","site-sidebar-style":"default","ast-global-header-display":"","ast-banner-title-visibility":"","ast-main-header-display":"","ast-hfb-above-header-display":"","ast-hfb-below-header-display":"","ast-hfb-mobile-header-display":"","site-post-title":"disabled","ast-breadcrumbs-content":"","ast-featured-img":"disabled","footer-sml-layout":"","ast-disable-related-posts":"","theme-transparent-header-meta":"default","adv-header-id-meta":"","stick-header-meta":"default","header-above-stick-meta":"","header-main-stick-meta":"","header-below-stick-meta":"","astra-migrate-meta-layouts":"set","ast-page-background-enabled":"default","ast-page-background-meta":{"desktop":{"background-color":"","background-image":"","background-repeat":"repeat","background-position":"center center","background-size":"auto","background-attachment":"scroll","background-type":"","background-media":"","overlay-type":"","overlay-color":"","overlay-opacity":"","overlay-gradient":""},"tablet":{"background-color":"","background-image":"","background-repeat":"repeat","background-position":"center center","background-size":"auto","background-attachment":"scroll","background-type":"","background-media":"","overlay-type":"","overlay-color":"","overlay-opacity":"","overlay-gradient":""},"mobile":{"background-color":"","background-image":"","background-repeat":"repeat","background-position":"center center","background-size":"auto","background-attachment":"scroll","background-type":"","background-media":"","overlay-type":"","overlay-color":"","overlay-opacity":"","overlay-gradient":""}},"ast-content-background-meta":{"desktop":{"background-color":"var(--ast-global-color-5)","background-image":"","background-repeat":"repeat","background-position":"center center","background-size":"auto","background-attachment":"scroll","background-type":"","background-media":"","overlay-type":"","overlay-color":"","overlay-opacity":"","overlay-gradient":""},"tablet":{"background-color":"var(--ast-global-color-5)","background-image":"","background-repeat":"repeat","background-position":"center center","background-size":"auto","background-attachment":"scroll","background-type":"","background-media":"","overlay-type":"","overlay-color":"","overlay-opacity":"","overlay-gradient":""},"mobile":{"background-color":"var(--ast-global-color-5)","background-image":"","background-repeat":"repeat","background-position":"center center","background-size":"auto","background-attachment":"scroll","background-type":"","background-media":"","overlay-type":"","overlay-color":"","overlay-opacity":"","overlay-gradient":""}}},"product_brand":[52],"product_cat":[55,86,15],"product_tag":[],"class_list":{"0":"post-6173","1":"product","2":"type-product","3":"status-publish","4":"has-post-thumbnail","6":"product_brand-bang-king","7":"product_cat-bang-king-30000-double-saveur-offre-jusqua-36ml-de-liquide","8":"product_cat-puff-30k","9":"product_cat-magasin-cigarette-electronique","10":"desktop-align-center","11":"tablet-align-center","12":"mobile-align-center","13":"ast-product-gallery-layout-horizontal","14":"ast-product-gallery-with-no-image","15":"ast-product-single-variable","16":"ast-product-tabs-layout-horizontal","17":"ast-qv-on-image","19":"first","20":"instock","21":"sale","22":"shipping-taxable","23":"purchasable","24":"product-type-variable","25":"has-default-attributes"},"tiered_pricing_type":"fixed","tiered_pricing_fixed_rules":{"50":7.33,"100":6.66},"tiered_pricing_product_settings":{"layout":"default","base_unit_name":{"singular":null,"plural":null},"default_variation":null},"tiered_pricing_minimum_quantity":null,"tiered_pricing_roles_data":[],"tiered_pricing_percentage_rules":[],"_links":{"self":[{"href":"https:\/\/puffvapestore.com\/nl\/wp-json\/wp\/v2\/product\/6173","targetHints":{"allow":["GET"]}}],"collection":[{"href":"https:\/\/puffvapestore.com\/nl\/wp-json\/wp\/v2\/product"}],"about":[{"href":"https:\/\/puffvapestore.com\/nl\/wp-json\/wp\/v2\/types\/product"}],"replies":[{"embeddable":true,"href":"https:\/\/puffvapestore.com\/nl\/wp-json\/wp\/v2\/comments?post=6173"}],"version-history":[{"count":7,"href":"https:\/\/puffvapestore.com\/nl\/wp-json\/wp\/v2\/product\/6173\/revisions"}],"predecessor-version":[{"id":6629,"href":"https:\/\/puffvapestore.com\/nl\/wp-json\/wp\/v2\/product\/6173\/revisions\/6629"}],"wp:featuredmedia":[{"embeddable":true,"href":"https:\/\/puffvapestore.com\/nl\/wp-json\/wp\/v2\/media\/5980"}],"wp:attachment":[{"href":"https:\/\/puffvapestore.com\/nl\/wp-json\/wp\/v2\/media?parent=6173"}],"wp:term":[{"taxonomy":"product_brand","embeddable":true,"href":"https:\/\/puffvapestore.com\/nl\/wp-json\/wp\/v2\/product_brand?post=6173"},{"taxonomy":"product_cat","embeddable":true,"href":"https:\/\/puffvapestore.com\/nl\/wp-json\/wp\/v2\/product_cat?post=6173"},{"taxonomy":"product_tag","embeddable":true,"href":"https:\/\/puffvapestore.com\/nl\/wp-json\/wp\/v2\/product_tag?post=6173"}],"curies":[{"name":"wp","href":"https:\/\/api.w.org\/{rel}","templated":true}]}}