{"id":6136,"date":"2025-08-01T03:04:45","date_gmt":"2025-08-01T03:04:45","guid":{"rendered":"https:\/\/puffvapestore.com\/?post_type=product&#038;p=6136"},"modified":"2026-01-19T10:36:11","modified_gmt":"2026-01-19T10:36:11","slug":"blueberry-ice-black-dragon-ice-bang-king-30k-est-facile-a-utiliser-et-repond-a-tous-les-gouts","status":"publish","type":"product","link":"https:\/\/puffvapestore.com\/nl\/product\/blueberry-ice-black-dragon-ice-bang-king-30k-is-eenvoudig-te-gebruiken-en-is-geschikt-voor-alle-smaken\/","title":{"rendered":"Bosbessenijs &amp; Zwart drakenijs - Bang King 30K"},"content":{"rendered":"<div data-elementor-type=\"wp-post\" data-elementor-id=\"6136\" class=\"elementor elementor-6136\">\n\t\t\t\t<div class=\"elementor-element elementor-element-08c26f9 e-flex e-con-boxed e-con e-parent\" data-id=\"08c26f9\" data-element_type=\"container\" data-e-type=\"container\">\n\t\t\t\t\t<div class=\"e-con-inner\">\n\t\t\t\t<div class=\"elementor-element elementor-element-a005a97 elementor-widget elementor-widget-text-editor\" data-id=\"a005a97\" data-element_type=\"widget\" data-e-type=\"widget\" data-widget_type=\"text-editor.default\">\n\t\t\t\t<div class=\"elementor-widget-container\">\n\t\t\t\t\t\t\t\t\t<p>De Bang King 30K is uitgerust met een smaakkeuzeschakelaar. Stel hem eenvoudig in om te schakelen tussen Blueberry Ice Cream en Black Dragon Ice Cream. Hij is gemakkelijk te gebruiken en komt tegemoet aan alle smaken.<\/p><h2>Bosbessen ijs<\/h2><p>Fruitige smaakeigenschappen: op basis van verse bosbessen, zoet maar niet vet, met een natuurlijk fruitige, pittige smaak.<\/p><p>Bevroren ervaring: De verfrissende sensatie van muntijs blijft tijdens het hele proces hangen, alsof je je in een bosbessentuin bevindt die bedekt is met ijs en sneeuw.<\/p><p>Smaakdetails : De zoetheid van de bosbessen wordt gevoeld zodra het in de mond komt, daarna verspreidt de frisheid van de munt zich snel, waardoor er een gevoel van zachtheid in de mond achterblijft en een frisse nasmaak.<\/p><h2>Zwarte draak ijs<\/h2><p>Fruitige kenmerken: Een rijk genuanceerde mix van donkere bessensmaken zoals braam en drakenfruit, met een subtiel fruitig zuurtje en een rokerig randje.<\/p><p>Bevroren ervaring: Een sterk gevoel van frisheid, alsof je midden in de hitte geniet van een feest van ijs en sneeuw.<\/p><p>Smaakdetails : Vanaf de eerste smaak proef je een diep fruitig aroma, gevolgd door een sterke ijssensatie, een fris gevoel in de keel en een lang aanhoudende nasmaak.<\/p><h2>Dubbele smaakwisselfunctie<\/h2><p>De Bang King 30000 Blueberry Ice &amp; Black Dragon Ice is uitgerust met een innovatieve dubbele smaakwisselfunctie. Gebruikers kunnen twee verschillende smaken ontdekken in dezelfde elektronische sigaret en gemakkelijk wisselen, altijd en overal, voor een gevarieerde rookervaring. Deze functie is bijzonder geschikt voor gebruikers die graag verschillende smaken uitproberen. Ze kunnen genieten van een rijke smaak zonder verschillende apparaten mee te hoeven nemen, wat het comfort en het plezier van het gebruik aanzienlijk vergroot.<\/p><h2>Verschillende nicotineconcentraties<\/h2><p>Om aan de behoeften van elke gebruiker te voldoen, biedt de Bang King 30000 Blueberry Ice &amp; Black Dragon Ice verschillende nicotineconcentraties, waaronder 0 % (nicotinevrij), 2 %, 3 % en 5 %. Of je nu op zoek bent naar een pure smaak of bijzondere nicotinebevrediging, deze elektronische sigaret voldoet aan al je behoeften, van beginners tot enthousiastelingen.<\/p><p>De Bang King 30000 heeft een zeer grote capaciteit van 36 ml e-liquid, veel groter dan de capaciteit van de huidige elektronische sigaretten op de markt. Dit ontwerp garandeert langdurig gebruik zonder veelvuldig vervangen of bijvullen van e-liquid, ideaal voor lange reizen of intensieve gebruikers, voor blijvende tevredenheid.<\/p><p>Met zijn 1.0 \u03a9 mesh weerstand verstuiver biedt de Bang King 30000 Blueberry Ice &amp; Black Dragon Ice de perfecte balans tussen smaak en rookvolume. De mesh-technologie verbetert de verstuivingseffici\u00ebntie van de e-vloeistof en garandeert een rijke smaak en delicate rook bij elk trekje, ideaal voor gebruikers die op zoek zijn naar een hoogwaardige vaping-ervaring.<\/p><h2>Batterij met lange levensduur en handig opladen<\/h2><p>Uitgerust met een hoogwaardige 550 mAh batterij, biedt de Bang King 30000 Blueberry Ice &amp; Black Dragon Ice een stabiele batterijlevensduur voor zorgeloos gebruik 24\/7. Bovendien ondersteunt de USB-C poort snel opladen, waardoor de wachttijd korter wordt en de batterij snel kan worden opgeladen om te voldoen aan de behoeften van de snelle levensstijl van vandaag.<\/p><p>Met \u00e9\u00e9n enkele Bang King 30000 elektronische sigaret kun je tot wel 30.000 trekjes roken, en de ultralange levensduur maakt het een van de duurzaamste opties op de markt. Of je hem nu elke dag gebruikt of op een lange reis, dit apparaat blijft betrouwbaar, zodat je hem niet vaak hoeft te vervangen.<\/p>\t\t\t\t\t\t\t\t<\/div>\n\t\t\t\t<\/div>\n\t\t\t\t\t<\/div>\n\t\t\t\t<\/div>\n\t\t\t\t<\/div>","protected":false},"excerpt":{"rendered":"<p>Le Bang King 30K est \u00e9quip\u00e9 d&rsquo;un s\u00e9lecteur de saveurs. Il suffit de le r\u00e9gler pour passer de la saveur Glace \u00e0 la myrtille \u00e0 la saveur Glace au dragon noir. Facile \u00e0 utiliser et r\u00e9pond \u00e0 tous les go\u00fbts. Glace \u00e0 la myrtille Caract\u00e9ristiques de l&rsquo;ar\u00f4me fruit\u00e9\u00a0: bas\u00e9 sur des myrtilles fra\u00eeches, sucr\u00e9es mais [&hellip;]<\/p>\n","protected":false},"featured_media":5972,"comment_status":"open","ping_status":"closed","template":"","meta":{"site-sidebar-layout":"no-sidebar","site-content-layout":"page-builder","ast-site-content-layout":"normal-width-container","site-content-style":"default","site-sidebar-style":"default","ast-global-header-display":"","ast-banner-title-visibility":"","ast-main-header-display":"","ast-hfb-above-header-display":"","ast-hfb-below-header-display":"","ast-hfb-mobile-header-display":"","site-post-title":"disabled","ast-breadcrumbs-content":"","ast-featured-img":"disabled","footer-sml-layout":"","ast-disable-related-posts":"","theme-transparent-header-meta":"default","adv-header-id-meta":"","stick-header-meta":"default","header-above-stick-meta":"","header-main-stick-meta":"","header-below-stick-meta":"","astra-migrate-meta-layouts":"set","ast-page-background-enabled":"default","ast-page-background-meta":{"desktop":{"background-color":"","background-image":"","background-repeat":"repeat","background-position":"center center","background-size":"auto","background-attachment":"scroll","background-type":"","background-media":"","overlay-type":"","overlay-color":"","overlay-opacity":"","overlay-gradient":""},"tablet":{"background-color":"","background-image":"","background-repeat":"repeat","background-position":"center center","background-size":"auto","background-attachment":"scroll","background-type":"","background-media":"","overlay-type":"","overlay-color":"","overlay-opacity":"","overlay-gradient":""},"mobile":{"background-color":"","background-image":"","background-repeat":"repeat","background-position":"center center","background-size":"auto","background-attachment":"scroll","background-type":"","background-media":"","overlay-type":"","overlay-color":"","overlay-opacity":"","overlay-gradient":""}},"ast-content-background-meta":{"desktop":{"background-color":"var(--ast-global-color-5)","background-image":"","background-repeat":"repeat","background-position":"center center","background-size":"auto","background-attachment":"scroll","background-type":"","background-media":"","overlay-type":"","overlay-color":"","overlay-opacity":"","overlay-gradient":""},"tablet":{"background-color":"var(--ast-global-color-5)","background-image":"","background-repeat":"repeat","background-position":"center center","background-size":"auto","background-attachment":"scroll","background-type":"","background-media":"","overlay-type":"","overlay-color":"","overlay-opacity":"","overlay-gradient":""},"mobile":{"background-color":"var(--ast-global-color-5)","background-image":"","background-repeat":"repeat","background-position":"center center","background-size":"auto","background-attachment":"scroll","background-type":"","background-media":"","overlay-type":"","overlay-color":"","overlay-opacity":"","overlay-gradient":""}}},"product_brand":[52],"product_cat":[55,86,15],"product_tag":[],"class_list":{"0":"post-6136","1":"product","2":"type-product","3":"status-publish","4":"has-post-thumbnail","6":"product_brand-bang-king","7":"product_cat-bang-king-30000-double-saveur-offre-jusqua-36ml-de-liquide","8":"product_cat-puff-30k","9":"product_cat-magasin-cigarette-electronique","10":"desktop-align-center","11":"tablet-align-center","12":"mobile-align-center","13":"ast-product-gallery-layout-horizontal","14":"ast-product-gallery-with-no-image","15":"ast-product-single-variable","16":"ast-product-tabs-layout-horizontal","17":"ast-qv-on-image","19":"first","20":"instock","21":"sale","22":"shipping-taxable","23":"purchasable","24":"product-type-variable","25":"has-default-attributes"},"tiered_pricing_type":"fixed","tiered_pricing_fixed_rules":{"50":7.33,"100":6.66},"tiered_pricing_product_settings":{"layout":"default","base_unit_name":{"singular":null,"plural":null},"default_variation":null},"tiered_pricing_minimum_quantity":null,"tiered_pricing_roles_data":[],"tiered_pricing_percentage_rules":[],"_links":{"self":[{"href":"https:\/\/puffvapestore.com\/nl\/wp-json\/wp\/v2\/product\/6136","targetHints":{"allow":["GET"]}}],"collection":[{"href":"https:\/\/puffvapestore.com\/nl\/wp-json\/wp\/v2\/product"}],"about":[{"href":"https:\/\/puffvapestore.com\/nl\/wp-json\/wp\/v2\/types\/product"}],"replies":[{"embeddable":true,"href":"https:\/\/puffvapestore.com\/nl\/wp-json\/wp\/v2\/comments?post=6136"}],"version-history":[{"count":7,"href":"https:\/\/puffvapestore.com\/nl\/wp-json\/wp\/v2\/product\/6136\/revisions"}],"predecessor-version":[{"id":6456,"href":"https:\/\/puffvapestore.com\/nl\/wp-json\/wp\/v2\/product\/6136\/revisions\/6456"}],"wp:featuredmedia":[{"embeddable":true,"href":"https:\/\/puffvapestore.com\/nl\/wp-json\/wp\/v2\/media\/5972"}],"wp:attachment":[{"href":"https:\/\/puffvapestore.com\/nl\/wp-json\/wp\/v2\/media?parent=6136"}],"wp:term":[{"taxonomy":"product_brand","embeddable":true,"href":"https:\/\/puffvapestore.com\/nl\/wp-json\/wp\/v2\/product_brand?post=6136"},{"taxonomy":"product_cat","embeddable":true,"href":"https:\/\/puffvapestore.com\/nl\/wp-json\/wp\/v2\/product_cat?post=6136"},{"taxonomy":"product_tag","embeddable":true,"href":"https:\/\/puffvapestore.com\/nl\/wp-json\/wp\/v2\/product_tag?post=6136"}],"curies":[{"name":"wp","href":"https:\/\/api.w.org\/{rel}","templated":true}]}}