{"id":6125,"date":"2025-08-01T01:56:34","date_gmt":"2025-08-01T01:56:34","guid":{"rendered":"https:\/\/puffvapestore.com\/?post_type=product&#038;p=6125"},"modified":"2026-01-19T10:36:11","modified_gmt":"2026-01-19T10:36:11","slug":"strawberry-watermelon-grape-ice-bang-king-30k-offre-un-gout-stable-et-persistant-alliant-arome","status":"publish","type":"product","link":"https:\/\/puffvapestore.com\/nl\/product\/aardbeien-watermeloen-druivenijs-bang-king-30k-biedt-een-stabiele-langdurige-smaak-die-aroma-combineert\/","title":{"rendered":"Aardbei en watermeloen &amp; druivenijs - Bang King 30K"},"content":{"rendered":"<div data-elementor-type=\"wp-post\" data-elementor-id=\"6125\" class=\"elementor elementor-6125\">\n\t\t\t\t<div class=\"elementor-element elementor-element-08c26f9 e-flex e-con-boxed e-con e-parent\" data-id=\"08c26f9\" data-element_type=\"container\" data-e-type=\"container\">\n\t\t\t\t\t<div class=\"e-con-inner\">\n\t\t\t\t<div class=\"elementor-element elementor-element-a005a97 elementor-widget elementor-widget-text-editor\" data-id=\"a005a97\" data-element_type=\"widget\" data-e-type=\"widget\" data-widget_type=\"text-editor.default\">\n\t\t\t\t<div class=\"elementor-widget-container\">\n\t\t\t\t\t\t\t\t\t<p>De Bang King 30K is verkrijgbaar in twee smaken: \u00abAardbei en watermeloen\u00bb en \u00abDruivenijs\u00bb. De eerste is zoet en sappig, terwijl de tweede ijzig en licht wrang is. Je kunt gemakkelijk van smaak wisselen. Uitgerust met een e-liquid met grote capaciteit en een LED-scherm, biedt het een stabiele, aanhoudende smaak, die een fruitig aroma combineert met een sensatie van frisheid. Deze dual-mode elektronische sigaret is ideaal om fruitige smaken te controleren.<\/p><h2>Aardbei + Watermeloen<\/h2><p>Fruitige smaak: Deze smaak van elektronische sigaretten combineert de zoetheid van rijpe aardbeien met de zoetheid en sappigheid van watermeloen, waardoor een typische fruitige zomercombinatie ontstaat.<\/p><p>Evenwichtige smaak: De aardbeien bieden een ronde, vlezige sensatie, terwijl de watermeloen voor een verfrissend gevoel zorgt. De twee vullen elkaar harmonieus aan en de aanzet is zacht en rijk genuanceerd.<\/p><h2>Druivenijs<\/h2><p>IJzige afdronk: De verfrissende sensatie is duidelijk, als een sluier van muntachtig ijs die het puntje van de tong omhult en voor een frisse afdronk zorgt.<\/p><p>Licht zure druiven: Een licht zuurtje achteraan in de mond versterkt het evenwicht tussen zuur en zoet, zonder de smaak te monotoon te maken.<\/p><p>Combinatie van ijs en zuur: Het berijpte effect geeft een verfrissende sensatie aan het geheel en accentueert de zoetheid.<\/p><h2>Smaakassistentie<\/h2><p>Grote smaakvrijheid: je kunt naar believen wisselen tussen zoete en zachte fruitige aroma's en ijstoetsen van druiven, om te voldoen aan de smaakbehoeften van elke situatie en stemming.<\/p><p>Langdurige blootstelling: 30000 trekjes van rook met hoge capaciteit plus een groot oliereservoir van 36 ml, de smaak is altijd stabiel en de ervaring is continu en ononderbroken bij het wisselen van smaak<\/p><h2>Dubbele smaakwisselfunctie<\/h2><p>De Bang King 30000 Strawberry And Watermelon &amp; Grape Ice is uitgerust met een innovatieve dubbele smaakwisselfunctie. Gebruikers kunnen twee verschillende smaken ontdekken in dezelfde elektronische sigaret en gemakkelijk wisselen, altijd en overal, voor een gevarieerde rookervaring. Deze functie is bijzonder geschikt voor gebruikers die graag verschillende smaken uitproberen. Ze kunnen genieten van een rijke smaak zonder verschillende apparaten mee te hoeven nemen, wat het comfort en het plezier van het gebruik aanzienlijk vergroot.<\/p><h2>Verschillende nicotineconcentraties<\/h2><p>Om aan de behoeften van elke gebruiker te voldoen, biedt de Bang King 30000 Strawberry And Watermelon &amp; Grape Ice verschillende nicotineconcentraties, waaronder 0 % (nicotinevrij), 2 %, 3 % en 5 %. Of je nu op zoek bent naar een pure smaak of speciale nicotinebevrediging, deze elektronische sigaret voldoet aan al je behoeften, van beginners tot enthousiastelingen.<\/p><p>De Bang King 30000 heeft een zeer grote capaciteit van 36 ml e-liquid, veel groter dan de capaciteit van de huidige elektronische sigaretten op de markt. Dit ontwerp garandeert langdurig gebruik zonder veelvuldig vervangen of bijvullen van e-liquid, ideaal voor lange reizen of intensieve gebruikers, voor blijvende tevredenheid.<\/p><p>Met zijn 1.0 \u03a9 mesh weerstandverstuiver biedt de Bang King 30000 Strawberry And Watermelon &amp; Grape Ice de perfecte balans tussen smaak en rookvolume. De mesh-technologie verbetert de verstuivingseffici\u00ebntie van de e-vloeistof en garandeert een rijke smaak en delicate rook bij elk trekje, ideaal voor gebruikers die op zoek zijn naar een hoogwaardige vaping-ervaring.<\/p><h2>Batterij met lange levensduur en handig opladen<\/h2><p>Uitgerust met een hoogwaardige 550 mAh batterij, biedt de Bang King 30000 Strawberry And Watermelon &amp; Grape Ice een stabiele batterijlevensduur voor zorgeloos gebruik 24\/7. Bovendien ondersteunt de USB-C poort snel opladen, waardoor de wachttijd korter wordt en de batterij snel kan worden opgeladen om te voldoen aan de behoeften van de snelle levensstijl van vandaag.<\/p><p>Een enkele Bang King 30000 Strawberry And Watermelon &amp; Grape Ice elektronische sigaret geeft je tot 30K trekjes, en de ultra-lange levensduur maakt het een van de meest duurzame opties op de markt. Of het nu voor dagelijks gebruik is of voor een lange reis, dit apparaat zal je betrouwbaar vergezellen en je de noodzaak besparen om het vaak te vervangen.<\/p>\t\t\t\t\t\t\t\t<\/div>\n\t\t\t\t<\/div>\n\t\t\t\t\t<\/div>\n\t\t\t\t<\/div>\n\t\t\t\t<\/div>","protected":false},"excerpt":{"rendered":"<p>Le Bang King 30K propose deux saveurs\u00a0: \u00ab\u00a0Strawberry And Watermelon\u00a0\u00bb et \u00ab\u00a0Grape Ice\u00a0\u00bb. La premi\u00e8re est sucr\u00e9e et juteuse, la seconde est glac\u00e9e et l\u00e9g\u00e8rement acidul\u00e9e. Le changement de saveur est pratique. Dot\u00e9e d&rsquo;un e-liquide de grande capacit\u00e9 et d&rsquo;un \u00e9cran LED, elle offre un go\u00fbt stable et persistant, alliant ar\u00f4me fruit\u00e9 et sensation de [&hellip;]<\/p>\n","protected":false},"featured_media":5978,"comment_status":"open","ping_status":"closed","template":"","meta":{"site-sidebar-layout":"no-sidebar","site-content-layout":"page-builder","ast-site-content-layout":"normal-width-container","site-content-style":"default","site-sidebar-style":"default","ast-global-header-display":"","ast-banner-title-visibility":"","ast-main-header-display":"","ast-hfb-above-header-display":"","ast-hfb-below-header-display":"","ast-hfb-mobile-header-display":"","site-post-title":"disabled","ast-breadcrumbs-content":"","ast-featured-img":"disabled","footer-sml-layout":"","ast-disable-related-posts":"","theme-transparent-header-meta":"default","adv-header-id-meta":"","stick-header-meta":"default","header-above-stick-meta":"","header-main-stick-meta":"","header-below-stick-meta":"","astra-migrate-meta-layouts":"set","ast-page-background-enabled":"default","ast-page-background-meta":{"desktop":{"background-color":"","background-image":"","background-repeat":"repeat","background-position":"center center","background-size":"auto","background-attachment":"scroll","background-type":"","background-media":"","overlay-type":"","overlay-color":"","overlay-opacity":"","overlay-gradient":""},"tablet":{"background-color":"","background-image":"","background-repeat":"repeat","background-position":"center center","background-size":"auto","background-attachment":"scroll","background-type":"","background-media":"","overlay-type":"","overlay-color":"","overlay-opacity":"","overlay-gradient":""},"mobile":{"background-color":"","background-image":"","background-repeat":"repeat","background-position":"center center","background-size":"auto","background-attachment":"scroll","background-type":"","background-media":"","overlay-type":"","overlay-color":"","overlay-opacity":"","overlay-gradient":""}},"ast-content-background-meta":{"desktop":{"background-color":"var(--ast-global-color-5)","background-image":"","background-repeat":"repeat","background-position":"center center","background-size":"auto","background-attachment":"scroll","background-type":"","background-media":"","overlay-type":"","overlay-color":"","overlay-opacity":"","overlay-gradient":""},"tablet":{"background-color":"var(--ast-global-color-5)","background-image":"","background-repeat":"repeat","background-position":"center center","background-size":"auto","background-attachment":"scroll","background-type":"","background-media":"","overlay-type":"","overlay-color":"","overlay-opacity":"","overlay-gradient":""},"mobile":{"background-color":"var(--ast-global-color-5)","background-image":"","background-repeat":"repeat","background-position":"center center","background-size":"auto","background-attachment":"scroll","background-type":"","background-media":"","overlay-type":"","overlay-color":"","overlay-opacity":"","overlay-gradient":""}}},"product_brand":[52],"product_cat":[55,86,15],"product_tag":[],"class_list":{"0":"post-6125","1":"product","2":"type-product","3":"status-publish","4":"has-post-thumbnail","6":"product_brand-bang-king","7":"product_cat-bang-king-30000-double-saveur-offre-jusqua-36ml-de-liquide","8":"product_cat-puff-30k","9":"product_cat-magasin-cigarette-electronique","10":"desktop-align-center","11":"tablet-align-center","12":"mobile-align-center","13":"ast-product-gallery-layout-horizontal","14":"ast-product-gallery-with-no-image","15":"ast-product-single-variable","16":"ast-product-tabs-layout-horizontal","17":"ast-qv-on-image","19":"first","20":"instock","21":"sale","22":"shipping-taxable","23":"purchasable","24":"product-type-variable","25":"has-default-attributes"},"tiered_pricing_type":"fixed","tiered_pricing_fixed_rules":{"50":7.33,"100":6.66},"tiered_pricing_product_settings":{"layout":"default","base_unit_name":{"singular":null,"plural":null},"default_variation":null},"tiered_pricing_minimum_quantity":null,"tiered_pricing_roles_data":[],"tiered_pricing_percentage_rules":[],"_links":{"self":[{"href":"https:\/\/puffvapestore.com\/nl\/wp-json\/wp\/v2\/product\/6125","targetHints":{"allow":["GET"]}}],"collection":[{"href":"https:\/\/puffvapestore.com\/nl\/wp-json\/wp\/v2\/product"}],"about":[{"href":"https:\/\/puffvapestore.com\/nl\/wp-json\/wp\/v2\/types\/product"}],"replies":[{"embeddable":true,"href":"https:\/\/puffvapestore.com\/nl\/wp-json\/wp\/v2\/comments?post=6125"}],"version-history":[{"count":7,"href":"https:\/\/puffvapestore.com\/nl\/wp-json\/wp\/v2\/product\/6125\/revisions"}],"predecessor-version":[{"id":6455,"href":"https:\/\/puffvapestore.com\/nl\/wp-json\/wp\/v2\/product\/6125\/revisions\/6455"}],"wp:featuredmedia":[{"embeddable":true,"href":"https:\/\/puffvapestore.com\/nl\/wp-json\/wp\/v2\/media\/5978"}],"wp:attachment":[{"href":"https:\/\/puffvapestore.com\/nl\/wp-json\/wp\/v2\/media?parent=6125"}],"wp:term":[{"taxonomy":"product_brand","embeddable":true,"href":"https:\/\/puffvapestore.com\/nl\/wp-json\/wp\/v2\/product_brand?post=6125"},{"taxonomy":"product_cat","embeddable":true,"href":"https:\/\/puffvapestore.com\/nl\/wp-json\/wp\/v2\/product_cat?post=6125"},{"taxonomy":"product_tag","embeddable":true,"href":"https:\/\/puffvapestore.com\/nl\/wp-json\/wp\/v2\/product_tag?post=6125"}],"curies":[{"name":"wp","href":"https:\/\/api.w.org\/{rel}","templated":true}]}}