{"id":6099,"date":"2025-07-30T10:40:13","date_gmt":"2025-07-30T10:40:13","guid":{"rendered":"https:\/\/puffvapestore.com\/?post_type=product&#038;p=6099"},"modified":"2026-01-19T10:36:10","modified_gmt":"2026-01-19T10:36:10","slug":"blueberry-ice-strawberry-and-banana-bang-king-30k-allie-fraicheur-fruitee-et-saveur","status":"publish","type":"product","link":"https:\/\/puffvapestore.com\/nl\/product\/bosbessenijs-aardbei-en-banaan-bang-king-30k-combineert-fruitige-frisheid-en-smaak\/","title":{"rendered":"Bang King 30K - Bosbessenijs &amp; Aardbei en banaan"},"content":{"rendered":"<div data-elementor-type=\"wp-post\" data-elementor-id=\"6099\" class=\"elementor elementor-6099\">\n\t\t\t\t<div class=\"elementor-element elementor-element-08c26f9 e-flex e-con-boxed e-con e-parent\" data-id=\"08c26f9\" data-element_type=\"container\" data-e-type=\"container\">\n\t\t\t\t\t<div class=\"e-con-inner\">\n\t\t\t\t<div class=\"elementor-element elementor-element-a005a97 elementor-widget elementor-widget-text-editor\" data-id=\"a005a97\" data-element_type=\"widget\" data-e-type=\"widget\" data-widget_type=\"text-editor.default\">\n\t\t\t\t<div class=\"elementor-widget-container\">\n\t\t\t\t\t\t\t\t\t<p>Deze \u00abbevroren bosbes + aardbei banaan\u00bb combinatie is perfect voor e-sigaret fans die houden van intense fruitige smaken, op zoek naar zowel een verfrissende, ijzige smaak als een warme, zoete smaak. De vloeiende verandering van smaken betekent dat je op elk moment van stemming kunt veranderen en totaal verschillende sensaties kunt ervaren.<\/p><h2>Bosbessen ijs<\/h2><p>Fruitig en zoet: Het hoofdaroma is de frisheid en rondheid van bosbessen, met een licht, natuurlijk fruitig zuurtje en een zoetheid die doet denken aan vers geplukte bosbessen.<\/p><p>Frisse nasmaak: Het verfrissende effect van ijsmunt (menthol) draagt bij aan het uiteindelijke aroma. Elk trekje is als een slokje frisse dauw in de ochtend, een lange en verfrissende ervaring.<\/p><p>Smaak: Het eerste trekje biedt een rijke bosbessensmaak, waarna het midden geleidelijk wordt bedekt met een dun laagje ijs. De fruitigheid en frisheid zijn in balans en de algehele smaak is zacht en romig.<\/p><h2>Aardbei en banaan<\/h2><p>Een mix van fruitige smaken: het combineert de zoetheid van rijpe rode aardbeien met de romige smaak van banaan. Het lichte zuur van de aardbeien verzacht het geheel.<\/p><p>Rijke smaak: Het eerste vleugje biedt de pittige, zoete sensatie van aardbeien, gevolgd door het dichte melkachtige aroma van banaan, en de afdronk is zacht en romig, als een verse smoothie.<\/p><h2>Verandering van ervaring<\/h2><p>Directe omschakeling: Net na het roken van het bosbessenijs kun je overschakelen op een warme aardbei-banaan smoothie, afhankelijk van je stemming en smaak.<\/p><h2>Hoogtepunten van de smaak<\/h2><p>Cold + Milky: De twee extreme smaken van \u00abfruitige frisheid\u00bb en \u00abzacht melkachtig aroma\u00bb zorgen samen voor een unieke ervaring.<\/p><p>Sterk gevoel voor gelaagdheid: Elke smaakverandering is een kleine verrassing, met een natuurlijke progressie van smaken van de voorste, middelste en achterste gedeelten.<\/p><h2>Specificaties van de Bang King 30000 Bosbessenijs &amp; Aardbei en banaan<\/h2><p>Aantal trekjes: Elke elektronische sigaret biedt tot 30.000 trekjes.<\/p><p>Vloeistofinhoud: 36 ml<\/p><p>Batterijcapaciteit: 550 mAh, oplaadbaar via USB-C<\/p><p>Verstuivingsweerstand: maasweerstand van 1,0 \u03a9, rekening houdend met de smaak en het rookvolume.<\/p><p>Keuze uit nicotineconcentraties: 0 %, 2 %, 3 %, 5 %<\/p><h2>Functies van de Bang King 30000 Bosbessenijs &amp; Aardbei en banaan<\/h2><p>Dubbele smaakschakelfunctie: ondersteunt twee verschillende smaakschakelfuncties, gemakkelijk schakelen tussen smaken<\/p><p>Type-C snelladen: biedt sneller opladen voor de oplaadbare batterij van 550 mAh.<\/p><h2>Voordelen van de Bang King 30000<\/h2><p>Lichtgewicht: wegwerp elektronische sigaret ontwerp, geen noodzaak om olie toe te voegen of het gaas weerstand te vervangen, gemakkelijk mee te nemen.<\/p><p>Uitstekende autonomie: geschikt voor langdurig gebruik, u hoeft niet vaak op te laden of olie toe te voegen.<\/p><p>Structureel ontwerp: standaard stripvormig lichaam, aangenaam gevoel, gemakkelijke smaakverandering.<\/p><p>Hoge capaciteit (36 ml olie + 550 mAh batterij), lange levensduur.<\/p><p>De dubbele smaakverandering biedt verschillende smaakervaringen.<\/p><p>De weerstand van de mazen verbetert de rook en smaak.<\/p><p>Snel en handig opladen via USB-C.<\/p>\t\t\t\t\t\t\t\t<\/div>\n\t\t\t\t<\/div>\n\t\t\t\t\t<\/div>\n\t\t\t\t<\/div>\n\t\t\t\t<\/div>","protected":false},"excerpt":{"rendered":"<p>Cette combinaison \u00ab\u00a0myrtille glac\u00e9e + fraise banane\u00a0\u00bb convient aux amateurs de cigarettes \u00e9lectroniques qui appr\u00e9cient les saveurs fruit\u00e9es intenses, recherchent tant\u00f4t un go\u00fbt rafra\u00eechissant et glac\u00e9, tant\u00f4t un go\u00fbt chaud et sucr\u00e9. Le changement de saveurs fluide vous permet de changer d&rsquo;humeur \u00e0 tout moment et de vivre des sensations totalement diff\u00e9rentes. Blueberry Ice (Myrtille [&hellip;]<\/p>\n","protected":false},"featured_media":5973,"comment_status":"open","ping_status":"closed","template":"","meta":{"site-sidebar-layout":"no-sidebar","site-content-layout":"page-builder","ast-site-content-layout":"normal-width-container","site-content-style":"default","site-sidebar-style":"default","ast-global-header-display":"","ast-banner-title-visibility":"","ast-main-header-display":"","ast-hfb-above-header-display":"","ast-hfb-below-header-display":"","ast-hfb-mobile-header-display":"","site-post-title":"disabled","ast-breadcrumbs-content":"","ast-featured-img":"disabled","footer-sml-layout":"","ast-disable-related-posts":"","theme-transparent-header-meta":"default","adv-header-id-meta":"","stick-header-meta":"default","header-above-stick-meta":"","header-main-stick-meta":"","header-below-stick-meta":"","astra-migrate-meta-layouts":"set","ast-page-background-enabled":"default","ast-page-background-meta":{"desktop":{"background-color":"","background-image":"","background-repeat":"repeat","background-position":"center center","background-size":"auto","background-attachment":"scroll","background-type":"","background-media":"","overlay-type":"","overlay-color":"","overlay-opacity":"","overlay-gradient":""},"tablet":{"background-color":"","background-image":"","background-repeat":"repeat","background-position":"center center","background-size":"auto","background-attachment":"scroll","background-type":"","background-media":"","overlay-type":"","overlay-color":"","overlay-opacity":"","overlay-gradient":""},"mobile":{"background-color":"","background-image":"","background-repeat":"repeat","background-position":"center center","background-size":"auto","background-attachment":"scroll","background-type":"","background-media":"","overlay-type":"","overlay-color":"","overlay-opacity":"","overlay-gradient":""}},"ast-content-background-meta":{"desktop":{"background-color":"var(--ast-global-color-5)","background-image":"","background-repeat":"repeat","background-position":"center center","background-size":"auto","background-attachment":"scroll","background-type":"","background-media":"","overlay-type":"","overlay-color":"","overlay-opacity":"","overlay-gradient":""},"tablet":{"background-color":"var(--ast-global-color-5)","background-image":"","background-repeat":"repeat","background-position":"center center","background-size":"auto","background-attachment":"scroll","background-type":"","background-media":"","overlay-type":"","overlay-color":"","overlay-opacity":"","overlay-gradient":""},"mobile":{"background-color":"var(--ast-global-color-5)","background-image":"","background-repeat":"repeat","background-position":"center center","background-size":"auto","background-attachment":"scroll","background-type":"","background-media":"","overlay-type":"","overlay-color":"","overlay-opacity":"","overlay-gradient":""}}},"product_brand":[52],"product_cat":[55,86,15],"product_tag":[],"class_list":{"0":"post-6099","1":"product","2":"type-product","3":"status-publish","4":"has-post-thumbnail","6":"product_brand-bang-king","7":"product_cat-bang-king-30000-double-saveur-offre-jusqua-36ml-de-liquide","8":"product_cat-puff-30k","9":"product_cat-magasin-cigarette-electronique","10":"desktop-align-center","11":"tablet-align-center","12":"mobile-align-center","13":"ast-product-gallery-layout-horizontal","14":"ast-product-gallery-with-no-image","15":"ast-product-single-variable","16":"ast-product-tabs-layout-horizontal","17":"ast-qv-on-image","19":"first","20":"instock","21":"sale","22":"shipping-taxable","23":"purchasable","24":"product-type-variable","25":"has-default-attributes"},"tiered_pricing_type":"fixed","tiered_pricing_fixed_rules":{"50":7.33,"100":6.66},"tiered_pricing_product_settings":{"layout":"default","base_unit_name":{"singular":null,"plural":null},"default_variation":null},"tiered_pricing_minimum_quantity":null,"tiered_pricing_roles_data":[],"tiered_pricing_percentage_rules":[],"_links":{"self":[{"href":"https:\/\/puffvapestore.com\/nl\/wp-json\/wp\/v2\/product\/6099","targetHints":{"allow":["GET"]}}],"collection":[{"href":"https:\/\/puffvapestore.com\/nl\/wp-json\/wp\/v2\/product"}],"about":[{"href":"https:\/\/puffvapestore.com\/nl\/wp-json\/wp\/v2\/types\/product"}],"replies":[{"embeddable":true,"href":"https:\/\/puffvapestore.com\/nl\/wp-json\/wp\/v2\/comments?post=6099"}],"version-history":[{"count":7,"href":"https:\/\/puffvapestore.com\/nl\/wp-json\/wp\/v2\/product\/6099\/revisions"}],"predecessor-version":[{"id":6232,"href":"https:\/\/puffvapestore.com\/nl\/wp-json\/wp\/v2\/product\/6099\/revisions\/6232"}],"wp:featuredmedia":[{"embeddable":true,"href":"https:\/\/puffvapestore.com\/nl\/wp-json\/wp\/v2\/media\/5973"}],"wp:attachment":[{"href":"https:\/\/puffvapestore.com\/nl\/wp-json\/wp\/v2\/media?parent=6099"}],"wp:term":[{"taxonomy":"product_brand","embeddable":true,"href":"https:\/\/puffvapestore.com\/nl\/wp-json\/wp\/v2\/product_brand?post=6099"},{"taxonomy":"product_cat","embeddable":true,"href":"https:\/\/puffvapestore.com\/nl\/wp-json\/wp\/v2\/product_cat?post=6099"},{"taxonomy":"product_tag","embeddable":true,"href":"https:\/\/puffvapestore.com\/nl\/wp-json\/wp\/v2\/product_tag?post=6099"}],"curies":[{"name":"wp","href":"https:\/\/api.w.org\/{rel}","templated":true}]}}